{"id":10479,"date":"2022-08-30T11:30:54","date_gmt":"2022-08-30T11:30:54","guid":{"rendered":"https:\/\/hub.ortopedie.md\/?post_type=product&#038;p=10479"},"modified":"2022-11-05T09:27:46","modified_gmt":"2022-11-05T09:27:46","slug":"brant-din-silicon-cu-material-textil-sg114","status":"publish","type":"product","link":"https:\/\/hub.ortopedie.md\/en\/shop\/brant-din-silicon-cu-material-textil-sg114\/","title":{"rendered":"Bran\u021buri din silicon acoperite cu material textil SG114"},"content":{"rendered":"<p><strong>SG114 Bran\u021buri din silicon acoperite cu material textil<\/strong><\/p>\n<ul>\n<li>Ofer\u0103 echilibrul greut\u0103\u021bii corporale \u00een timp ce sta\u021bi \u00een picioare, reduce sarcina asupra articula\u021biilor.<\/li>\n<li>Folosit pentru talpa plat\u0103, fasciita plantar\u0103, dureri de c\u0103lc\u00e2i si dureri metatarsiene.<\/li>\n<li>Ajut\u0103 la relaxarea plantei.<\/li>\n<li>Bran\u021burile din silicon sunt acoperite cu material textil, nu transpir\u0103 \u0219i nu miroase.<\/li>\n<li>Fabricat din silicon acoperite cu material.<\/li>\n<\/ul>\n<p><strong>M\u0103rimea :<\/strong><\/p>\n<p><b>S<\/b>: 35-37 cm<\/p>\n<p><strong>M<\/strong>: 38-40 <strong>cm<\/strong><\/p>\n<p><strong>L<\/strong>: 41-43 cm<\/p>\n<p><strong>XL<\/strong>\u00a0: 43-45 cm<\/p>\n<p><strong>Culoare :<\/strong><\/p>\n<p>Albastru \u00eenchis<\/p>\n","protected":false},"excerpt":{"rendered":"<p>SG114 Bran\u021buri din silicon acoperite cu material textil Ofer\u0103 echilibrul  [&#8230;]<\/p>\n","protected":false},"featured_media":10481,"template":"","meta":[],"pwb-brand":[824],"product_brand":[],"product_cat":[18],"product_tag":[],"class_list":{"0":"post-10479","1":"product","2":"type-product","3":"status-publish","4":"has-post-thumbnail","6":"pwb-brand-medoksa","7":"product_cat-orteze","9":"first","10":"instock","11":"shipping-taxable","12":"purchasable","13":"product-type-simple"},"yoast_head":"<!-- This site is optimized with the Yoast SEO Premium plugin v18.3 (Yoast SEO v27.4) - https:\/\/yoast.com\/product\/yoast-seo-premium-wordpress\/ -->\n<title>Bran\u021buri din silicon acoperite cu material textil SG114 - HUB Ortopedie<\/title>\n<meta name=\"robots\" content=\"index, follow, max-snippet:-1, max-image-preview:large, max-video-preview:-1\" \/>\n<link rel=\"canonical\" href=\"https:\/\/hub.ortopedie.md\/en\/shop\/brant-din-silicon-cu-material-textil-sg114\/\" \/>\n<meta property=\"og:locale\" content=\"en_US\" \/>\n<meta property=\"og:type\" content=\"article\" \/>\n<meta property=\"og:title\" content=\"Bran\u021buri din silicon acoperite cu material textil SG114\" \/>\n<meta property=\"og:description\" content=\"SG114 Bran\u021buri din silicon acoperite cu material textil Ofer\u0103 echilibrul [...]\" \/>\n<meta property=\"og:url\" content=\"https:\/\/hub.ortopedie.md\/shop\/brant-din-silicon-cu-material-textil-sg114\/\" \/>\n<meta property=\"og:site_name\" content=\"Hub Ortopedie - Magazin ortopedic. \u041e\u0440\u0442\u043e\u043f\u0435\u0434\u0438\u0447\u0435\u0441\u043a\u0438\u0439 \u043c\u0430\u0433\u0430\u0437\u0438\u043d\" \/>\n<meta property=\"article:publisher\" content=\"https:\/\/www.facebook.com\/ORTOPEDIE.MD\/\" \/>\n<meta property=\"article:modified_time\" content=\"2022-11-05T09:27:46+00:00\" \/>\n<meta property=\"og:image\" content=\"https:\/\/hub.ortopedie.md\/wp-content\/uploads\/2022\/08\/SG114-1.jpeg\" \/>\n\t<meta property=\"og:image:width\" content=\"1200\" \/>\n\t<meta property=\"og:image:height\" content=\"800\" \/>\n\t<meta property=\"og:image:type\" content=\"image\/jpeg\" \/>\n<meta name=\"twitter:label1\" content=\"Price\" \/>\n\t<meta name=\"twitter:data1\" content=\"650.00&nbsp;MDL\" \/>\n\t<meta name=\"twitter:label2\" content=\"Availability\" \/>\n\t<meta name=\"twitter:data2\" content=\"In stock\" \/>\n<script type=\"application\/ld+json\" class=\"yoast-schema-graph\">{\"@context\":\"https:\\\/\\\/schema.org\",\"@graph\":[{\"@type\":\"WebPage\",\"@id\":\"https:\\\/\\\/hub.ortopedie.md\\\/shop\\\/brant-din-silicon-cu-material-textil-sg114\\\/\",\"url\":\"https:\\\/\\\/hub.ortopedie.md\\\/shop\\\/brant-din-silicon-cu-material-textil-sg114\\\/\",\"name\":\"Bran\u021buri din silicon acoperite cu material textil SG114 - HUB Ortopedie\",\"isPartOf\":{\"@id\":\"https:\\\/\\\/hub.ortopedie.md\\\/#website\"},\"primaryImageOfPage\":{\"@id\":\"https:\\\/\\\/hub.ortopedie.md\\\/shop\\\/brant-din-silicon-cu-material-textil-sg114\\\/#primaryimage\"},\"image\":{\"@id\":\"https:\\\/\\\/hub.ortopedie.md\\\/shop\\\/brant-din-silicon-cu-material-textil-sg114\\\/#primaryimage\"},\"thumbnailUrl\":\"https:\\\/\\\/hub.ortopedie.md\\\/wp-content\\\/uploads\\\/2022\\\/08\\\/SG114-1.jpeg\",\"datePublished\":\"2022-08-30T11:30:54+00:00\",\"dateModified\":\"2022-11-05T09:27:46+00:00\",\"breadcrumb\":{\"@id\":\"https:\\\/\\\/hub.ortopedie.md\\\/shop\\\/brant-din-silicon-cu-material-textil-sg114\\\/#breadcrumb\"},\"inLanguage\":\"en-US\",\"potentialAction\":[{\"@type\":\"ReadAction\",\"target\":[\"https:\\\/\\\/hub.ortopedie.md\\\/shop\\\/brant-din-silicon-cu-material-textil-sg114\\\/\"]}]},{\"@type\":\"ImageObject\",\"inLanguage\":\"en-US\",\"@id\":\"https:\\\/\\\/hub.ortopedie.md\\\/shop\\\/brant-din-silicon-cu-material-textil-sg114\\\/#primaryimage\",\"url\":\"https:\\\/\\\/hub.ortopedie.md\\\/wp-content\\\/uploads\\\/2022\\\/08\\\/SG114-1.jpeg\",\"contentUrl\":\"https:\\\/\\\/hub.ortopedie.md\\\/wp-content\\\/uploads\\\/2022\\\/08\\\/SG114-1.jpeg\",\"width\":1200,\"height\":800},{\"@type\":\"BreadcrumbList\",\"@id\":\"https:\\\/\\\/hub.ortopedie.md\\\/shop\\\/brant-din-silicon-cu-material-textil-sg114\\\/#breadcrumb\",\"itemListElement\":[{\"@type\":\"ListItem\",\"position\":1,\"name\":\"Prima pagin\u0103\",\"item\":\"https:\\\/\\\/hub.ortopedie.md\\\/en\\\/\"},{\"@type\":\"ListItem\",\"position\":2,\"name\":\"Produse\",\"item\":\"https:\\\/\\\/hub.ortopedie.md\\\/shop\\\/\"},{\"@type\":\"ListItem\",\"position\":3,\"name\":\"Bran\u021buri din silicon acoperite cu material textil SG114\"}]},{\"@type\":\"WebSite\",\"@id\":\"https:\\\/\\\/hub.ortopedie.md\\\/#website\",\"url\":\"https:\\\/\\\/hub.ortopedie.md\\\/\",\"name\":\"Hub Ortopedie - Magazin ortopedic. \u041e\u0440\u0442\u043e\u043f\u0435\u0434\u0438\u0447\u0435\u0441\u043a\u0438\u0439 \u043c\u0430\u0433\u0430\u0437\u0438\u043d\",\"description\":\"S\u0103n\u0103tate, confort, calitate\",\"publisher\":{\"@id\":\"https:\\\/\\\/hub.ortopedie.md\\\/#organization\"},\"potentialAction\":[{\"@type\":\"SearchAction\",\"target\":{\"@type\":\"EntryPoint\",\"urlTemplate\":\"https:\\\/\\\/hub.ortopedie.md\\\/?s={search_term_string}\"},\"query-input\":{\"@type\":\"PropertyValueSpecification\",\"valueRequired\":true,\"valueName\":\"search_term_string\"}}],\"inLanguage\":\"en-US\"},{\"@type\":\"Organization\",\"@id\":\"https:\\\/\\\/hub.ortopedie.md\\\/#organization\",\"name\":\"HUB ORTOPEDIE\",\"url\":\"https:\\\/\\\/hub.ortopedie.md\\\/\",\"logo\":{\"@type\":\"ImageObject\",\"inLanguage\":\"en-US\",\"@id\":\"https:\\\/\\\/hub.ortopedie.md\\\/#\\\/schema\\\/logo\\\/image\\\/\",\"url\":\"https:\\\/\\\/hub.ortopedie.md\\\/wp-content\\\/uploads\\\/2018\\\/01\\\/hub-logo.png\",\"contentUrl\":\"https:\\\/\\\/hub.ortopedie.md\\\/wp-content\\\/uploads\\\/2018\\\/01\\\/hub-logo.png\",\"width\":124,\"height\":90,\"caption\":\"HUB ORTOPEDIE\"},\"image\":{\"@id\":\"https:\\\/\\\/hub.ortopedie.md\\\/#\\\/schema\\\/logo\\\/image\\\/\"},\"sameAs\":[\"https:\\\/\\\/www.facebook.com\\\/ORTOPEDIE.MD\\\/\",\"https:\\\/\\\/www.instagram.com\\\/hub_ortopedie\\\/\"]}]}<\/script>\n<meta property=\"product:price:amount\" content=\"650.00\" \/>\n<meta property=\"product:price:currency\" content=\"MDL\" \/>\n<meta property=\"og:availability\" content=\"instock\" \/>\n<meta property=\"product:availability\" content=\"instock\" \/>\n<meta property=\"product:condition\" content=\"new\" \/>\n<!-- \/ Yoast SEO Premium plugin. -->","yoast_head_json":{"title":"Bran\u021buri din silicon acoperite cu material textil SG114 - HUB Ortopedie","robots":{"index":"index","follow":"follow","max-snippet":"max-snippet:-1","max-image-preview":"max-image-preview:large","max-video-preview":"max-video-preview:-1"},"canonical":"https:\/\/hub.ortopedie.md\/en\/shop\/brant-din-silicon-cu-material-textil-sg114\/","og_locale":"en_US","og_type":"article","og_title":"Bran\u021buri din silicon acoperite cu material textil SG114","og_description":"SG114 Bran\u021buri din silicon acoperite cu material textil Ofer\u0103 echilibrul [...]","og_url":"https:\/\/hub.ortopedie.md\/shop\/brant-din-silicon-cu-material-textil-sg114\/","og_site_name":"Hub Ortopedie - Magazin ortopedic. \u041e\u0440\u0442\u043e\u043f\u0435\u0434\u0438\u0447\u0435\u0441\u043a\u0438\u0439 \u043c\u0430\u0433\u0430\u0437\u0438\u043d","article_publisher":"https:\/\/www.facebook.com\/ORTOPEDIE.MD\/","article_modified_time":"2022-11-05T09:27:46+00:00","og_image":[{"width":1200,"height":800,"url":"https:\/\/hub.ortopedie.md\/wp-content\/uploads\/2022\/08\/SG114-1.jpeg","type":"image\/jpeg"}],"twitter_misc":{"Price":"650.00&nbsp;MDL","Availability":"In stock"},"schema":{"@context":"https:\/\/schema.org","@graph":[{"@type":"WebPage","@id":"https:\/\/hub.ortopedie.md\/shop\/brant-din-silicon-cu-material-textil-sg114\/","url":"https:\/\/hub.ortopedie.md\/shop\/brant-din-silicon-cu-material-textil-sg114\/","name":"Bran\u021buri din silicon acoperite cu material textil SG114 - HUB Ortopedie","isPartOf":{"@id":"https:\/\/hub.ortopedie.md\/#website"},"primaryImageOfPage":{"@id":"https:\/\/hub.ortopedie.md\/shop\/brant-din-silicon-cu-material-textil-sg114\/#primaryimage"},"image":{"@id":"https:\/\/hub.ortopedie.md\/shop\/brant-din-silicon-cu-material-textil-sg114\/#primaryimage"},"thumbnailUrl":"https:\/\/hub.ortopedie.md\/wp-content\/uploads\/2022\/08\/SG114-1.jpeg","datePublished":"2022-08-30T11:30:54+00:00","dateModified":"2022-11-05T09:27:46+00:00","breadcrumb":{"@id":"https:\/\/hub.ortopedie.md\/shop\/brant-din-silicon-cu-material-textil-sg114\/#breadcrumb"},"inLanguage":"en-US","potentialAction":[{"@type":"ReadAction","target":["https:\/\/hub.ortopedie.md\/shop\/brant-din-silicon-cu-material-textil-sg114\/"]}]},{"@type":"ImageObject","inLanguage":"en-US","@id":"https:\/\/hub.ortopedie.md\/shop\/brant-din-silicon-cu-material-textil-sg114\/#primaryimage","url":"https:\/\/hub.ortopedie.md\/wp-content\/uploads\/2022\/08\/SG114-1.jpeg","contentUrl":"https:\/\/hub.ortopedie.md\/wp-content\/uploads\/2022\/08\/SG114-1.jpeg","width":1200,"height":800},{"@type":"BreadcrumbList","@id":"https:\/\/hub.ortopedie.md\/shop\/brant-din-silicon-cu-material-textil-sg114\/#breadcrumb","itemListElement":[{"@type":"ListItem","position":1,"name":"Prima pagin\u0103","item":"https:\/\/hub.ortopedie.md\/en\/"},{"@type":"ListItem","position":2,"name":"Produse","item":"https:\/\/hub.ortopedie.md\/shop\/"},{"@type":"ListItem","position":3,"name":"Bran\u021buri din silicon acoperite cu material textil SG114"}]},{"@type":"WebSite","@id":"https:\/\/hub.ortopedie.md\/#website","url":"https:\/\/hub.ortopedie.md\/","name":"Hub Ortopedie - Magazin ortopedic. \u041e\u0440\u0442\u043e\u043f\u0435\u0434\u0438\u0447\u0435\u0441\u043a\u0438\u0439 \u043c\u0430\u0433\u0430\u0437\u0438\u043d","description":"S\u0103n\u0103tate, confort, calitate","publisher":{"@id":"https:\/\/hub.ortopedie.md\/#organization"},"potentialAction":[{"@type":"SearchAction","target":{"@type":"EntryPoint","urlTemplate":"https:\/\/hub.ortopedie.md\/?s={search_term_string}"},"query-input":{"@type":"PropertyValueSpecification","valueRequired":true,"valueName":"search_term_string"}}],"inLanguage":"en-US"},{"@type":"Organization","@id":"https:\/\/hub.ortopedie.md\/#organization","name":"HUB ORTOPEDIE","url":"https:\/\/hub.ortopedie.md\/","logo":{"@type":"ImageObject","inLanguage":"en-US","@id":"https:\/\/hub.ortopedie.md\/#\/schema\/logo\/image\/","url":"https:\/\/hub.ortopedie.md\/wp-content\/uploads\/2018\/01\/hub-logo.png","contentUrl":"https:\/\/hub.ortopedie.md\/wp-content\/uploads\/2018\/01\/hub-logo.png","width":124,"height":90,"caption":"HUB ORTOPEDIE"},"image":{"@id":"https:\/\/hub.ortopedie.md\/#\/schema\/logo\/image\/"},"sameAs":["https:\/\/www.facebook.com\/ORTOPEDIE.MD\/","https:\/\/www.instagram.com\/hub_ortopedie\/"]}]},"product_price_amount":"650.00","product_price_currency":"MDL","og_availability":"instock","product_availability":"instock","product_condition":"new"},"jetpack_sharing_enabled":true,"brands":[{"id":824,"name":"Medoksa","slug":"medoksa"}],"_links":{"self":[{"href":"https:\/\/hub.ortopedie.md\/en\/wp-json\/wp\/v2\/product\/10479","targetHints":{"allow":["GET"]}}],"collection":[{"href":"https:\/\/hub.ortopedie.md\/en\/wp-json\/wp\/v2\/product"}],"about":[{"href":"https:\/\/hub.ortopedie.md\/en\/wp-json\/wp\/v2\/types\/product"}],"wp:featuredmedia":[{"embeddable":true,"href":"https:\/\/hub.ortopedie.md\/en\/wp-json\/wp\/v2\/media\/10481"}],"wp:attachment":[{"href":"https:\/\/hub.ortopedie.md\/en\/wp-json\/wp\/v2\/media?parent=10479"}],"wp:term":[{"taxonomy":"pwb-brand","embeddable":true,"href":"https:\/\/hub.ortopedie.md\/en\/wp-json\/wp\/v2\/pwb-brand?post=10479"},{"taxonomy":"product_brand","embeddable":true,"href":"https:\/\/hub.ortopedie.md\/en\/wp-json\/wp\/v2\/product_brand?post=10479"},{"taxonomy":"product_cat","embeddable":true,"href":"https:\/\/hub.ortopedie.md\/en\/wp-json\/wp\/v2\/product_cat?post=10479"},{"taxonomy":"product_tag","embeddable":true,"href":"https:\/\/hub.ortopedie.md\/en\/wp-json\/wp\/v2\/product_tag?post=10479"}],"curies":[{"name":"wp","href":"https:\/\/api.w.org\/{rel}","templated":true}]}}