{"id":10664,"date":"2022-09-01T11:30:26","date_gmt":"2022-09-01T08:30:26","guid":{"rendered":"https:\/\/hub.ortopedie.md\/?post_type=product&#038;p=10664"},"modified":"2024-11-12T14:38:16","modified_gmt":"2024-11-12T12:38:16","slug":"perna-ortopedica-visco-pentru-gat-yg001","status":"publish","type":"product","link":"https:\/\/hub.ortopedie.md\/en\/shop\/perna-ortopedica-visco-pentru-gat-yg001\/","title":{"rendered":"Pern\u0103 ortopedic\u0103 Visco YG001"},"content":{"rendered":"<div class=\"woocommerce-product-details__short-description\">\n<p><strong>YG001 Pern\u0103 ortopedic\u0103 Visco<\/strong><\/p>\n<ul>\n<li>Ofer\u0103 sprijin mu\u0219chilor umerilor \u0219i g\u00e2tului, oferind o pozi\u021bie ideal\u0103 de dormit.<\/li>\n<li>Designul ergonomic ajut\u0103 la reducerea contrac\u021biilor musculare, a oboselii excesive \u0219i a stresului.<\/li>\n<li>U\u0219or de cur\u0103\u021bat datorit\u0103 husei cu fermoar.<\/li>\n<li>Fabricat din Visco.<\/li>\n<\/ul>\n<p><strong>M\u0103rimea :<\/strong><\/p>\n<p>Mediu: 57x37x11<\/p>\n<p>Mare: 60x40x10<\/p>\n<p><strong>Culoare :<\/strong><\/p>\n<p>alb<\/p>\n<\/div>\n","protected":false},"excerpt":{"rendered":"<p>YG001 Pern\u0103 ortopedic\u0103 Visco Ofer\u0103 sprijin mu\u0219chilor umerilor \u0219i g\u00e2tului,  [&#8230;]<\/p>\n","protected":false},"featured_media":10670,"template":"","meta":[],"pwb-brand":[824],"product_brand":[],"product_cat":[36],"product_tag":[],"class_list":{"0":"post-10664","1":"product","2":"type-product","3":"status-publish","4":"has-post-thumbnail","6":"pwb-brand-medoksa","7":"product_cat-ingrijire-la-domiciliu","9":"first","10":"instock","11":"shipping-taxable","12":"purchasable","13":"product-type-simple"},"yoast_head":"<!-- This site is optimized with the Yoast SEO Premium plugin v18.3 (Yoast SEO v27.4) - https:\/\/yoast.com\/product\/yoast-seo-premium-wordpress\/ -->\n<title>Pern\u0103 ortopedic\u0103 Visco YG001 - HUB Ortopedie<\/title>\n<meta name=\"robots\" content=\"index, follow, max-snippet:-1, max-image-preview:large, max-video-preview:-1\" \/>\n<link rel=\"canonical\" href=\"https:\/\/hub.ortopedie.md\/en\/shop\/perna-ortopedica-visco-pentru-gat-yg001\/\" \/>\n<meta property=\"og:locale\" content=\"en_US\" \/>\n<meta property=\"og:type\" content=\"article\" \/>\n<meta property=\"og:title\" content=\"Pern\u0103 ortopedic\u0103 Visco YG001\" \/>\n<meta property=\"og:description\" content=\"YG001 Pern\u0103 ortopedic\u0103 Visco Ofer\u0103 sprijin mu\u0219chilor umerilor \u0219i g\u00e2tului, [...]\" \/>\n<meta property=\"og:url\" content=\"https:\/\/hub.ortopedie.md\/shop\/perna-ortopedica-visco-pentru-gat-yg001\/\" \/>\n<meta property=\"og:site_name\" content=\"Hub Ortopedie - Magazin ortopedic. \u041e\u0440\u0442\u043e\u043f\u0435\u0434\u0438\u0447\u0435\u0441\u043a\u0438\u0439 \u043c\u0430\u0433\u0430\u0437\u0438\u043d\" \/>\n<meta property=\"article:publisher\" content=\"https:\/\/www.facebook.com\/ORTOPEDIE.MD\/\" \/>\n<meta property=\"article:modified_time\" content=\"2024-11-12T12:38:16+00:00\" \/>\n<meta property=\"og:image\" content=\"https:\/\/hub.ortopedie.md\/wp-content\/uploads\/2022\/09\/YG001-3.jpeg\" \/>\n\t<meta property=\"og:image:width\" content=\"1200\" \/>\n\t<meta property=\"og:image:height\" content=\"1800\" \/>\n\t<meta property=\"og:image:type\" content=\"image\/jpeg\" \/>\n<meta name=\"twitter:label1\" content=\"Price\" \/>\n\t<meta name=\"twitter:data1\" content=\"950.00&nbsp;MDL\" \/>\n\t<meta name=\"twitter:label2\" content=\"Availability\" \/>\n\t<meta name=\"twitter:data2\" content=\"In stock\" \/>\n<script type=\"application\/ld+json\" class=\"yoast-schema-graph\">{\"@context\":\"https:\\\/\\\/schema.org\",\"@graph\":[{\"@type\":\"WebPage\",\"@id\":\"https:\\\/\\\/hub.ortopedie.md\\\/shop\\\/perna-ortopedica-visco-pentru-gat-yg001\\\/\",\"url\":\"https:\\\/\\\/hub.ortopedie.md\\\/shop\\\/perna-ortopedica-visco-pentru-gat-yg001\\\/\",\"name\":\"Pern\u0103 ortopedic\u0103 Visco YG001 - HUB Ortopedie\",\"isPartOf\":{\"@id\":\"https:\\\/\\\/hub.ortopedie.md\\\/#website\"},\"primaryImageOfPage\":{\"@id\":\"https:\\\/\\\/hub.ortopedie.md\\\/shop\\\/perna-ortopedica-visco-pentru-gat-yg001\\\/#primaryimage\"},\"image\":{\"@id\":\"https:\\\/\\\/hub.ortopedie.md\\\/shop\\\/perna-ortopedica-visco-pentru-gat-yg001\\\/#primaryimage\"},\"thumbnailUrl\":\"https:\\\/\\\/hub.ortopedie.md\\\/wp-content\\\/uploads\\\/2022\\\/09\\\/YG001-3.jpeg\",\"datePublished\":\"2022-09-01T08:30:26+00:00\",\"dateModified\":\"2024-11-12T12:38:16+00:00\",\"breadcrumb\":{\"@id\":\"https:\\\/\\\/hub.ortopedie.md\\\/shop\\\/perna-ortopedica-visco-pentru-gat-yg001\\\/#breadcrumb\"},\"inLanguage\":\"en-US\",\"potentialAction\":[{\"@type\":\"ReadAction\",\"target\":[\"https:\\\/\\\/hub.ortopedie.md\\\/shop\\\/perna-ortopedica-visco-pentru-gat-yg001\\\/\"]}]},{\"@type\":\"ImageObject\",\"inLanguage\":\"en-US\",\"@id\":\"https:\\\/\\\/hub.ortopedie.md\\\/shop\\\/perna-ortopedica-visco-pentru-gat-yg001\\\/#primaryimage\",\"url\":\"https:\\\/\\\/hub.ortopedie.md\\\/wp-content\\\/uploads\\\/2022\\\/09\\\/YG001-3.jpeg\",\"contentUrl\":\"https:\\\/\\\/hub.ortopedie.md\\\/wp-content\\\/uploads\\\/2022\\\/09\\\/YG001-3.jpeg\",\"width\":1200,\"height\":1800},{\"@type\":\"BreadcrumbList\",\"@id\":\"https:\\\/\\\/hub.ortopedie.md\\\/shop\\\/perna-ortopedica-visco-pentru-gat-yg001\\\/#breadcrumb\",\"itemListElement\":[{\"@type\":\"ListItem\",\"position\":1,\"name\":\"Prima pagin\u0103\",\"item\":\"https:\\\/\\\/hub.ortopedie.md\\\/en\\\/\"},{\"@type\":\"ListItem\",\"position\":2,\"name\":\"Produse\",\"item\":\"https:\\\/\\\/hub.ortopedie.md\\\/shop\\\/\"},{\"@type\":\"ListItem\",\"position\":3,\"name\":\"Pern\u0103 ortopedic\u0103 Visco YG001\"}]},{\"@type\":\"WebSite\",\"@id\":\"https:\\\/\\\/hub.ortopedie.md\\\/#website\",\"url\":\"https:\\\/\\\/hub.ortopedie.md\\\/\",\"name\":\"Hub Ortopedie - Magazin ortopedic. \u041e\u0440\u0442\u043e\u043f\u0435\u0434\u0438\u0447\u0435\u0441\u043a\u0438\u0439 \u043c\u0430\u0433\u0430\u0437\u0438\u043d\",\"description\":\"S\u0103n\u0103tate, confort, calitate\",\"publisher\":{\"@id\":\"https:\\\/\\\/hub.ortopedie.md\\\/#organization\"},\"potentialAction\":[{\"@type\":\"SearchAction\",\"target\":{\"@type\":\"EntryPoint\",\"urlTemplate\":\"https:\\\/\\\/hub.ortopedie.md\\\/?s={search_term_string}\"},\"query-input\":{\"@type\":\"PropertyValueSpecification\",\"valueRequired\":true,\"valueName\":\"search_term_string\"}}],\"inLanguage\":\"en-US\"},{\"@type\":\"Organization\",\"@id\":\"https:\\\/\\\/hub.ortopedie.md\\\/#organization\",\"name\":\"HUB ORTOPEDIE\",\"url\":\"https:\\\/\\\/hub.ortopedie.md\\\/\",\"logo\":{\"@type\":\"ImageObject\",\"inLanguage\":\"en-US\",\"@id\":\"https:\\\/\\\/hub.ortopedie.md\\\/#\\\/schema\\\/logo\\\/image\\\/\",\"url\":\"https:\\\/\\\/hub.ortopedie.md\\\/wp-content\\\/uploads\\\/2018\\\/01\\\/hub-logo.png\",\"contentUrl\":\"https:\\\/\\\/hub.ortopedie.md\\\/wp-content\\\/uploads\\\/2018\\\/01\\\/hub-logo.png\",\"width\":124,\"height\":90,\"caption\":\"HUB ORTOPEDIE\"},\"image\":{\"@id\":\"https:\\\/\\\/hub.ortopedie.md\\\/#\\\/schema\\\/logo\\\/image\\\/\"},\"sameAs\":[\"https:\\\/\\\/www.facebook.com\\\/ORTOPEDIE.MD\\\/\",\"https:\\\/\\\/www.instagram.com\\\/hub_ortopedie\\\/\"]}]}<\/script>\n<meta property=\"product:price:amount\" content=\"950.00\" \/>\n<meta property=\"product:price:currency\" content=\"MDL\" \/>\n<meta property=\"og:availability\" content=\"instock\" \/>\n<meta property=\"product:availability\" content=\"instock\" \/>\n<meta property=\"product:condition\" content=\"new\" \/>\n<!-- \/ Yoast SEO Premium plugin. -->","yoast_head_json":{"title":"Pern\u0103 ortopedic\u0103 Visco YG001 - HUB Ortopedie","robots":{"index":"index","follow":"follow","max-snippet":"max-snippet:-1","max-image-preview":"max-image-preview:large","max-video-preview":"max-video-preview:-1"},"canonical":"https:\/\/hub.ortopedie.md\/en\/shop\/perna-ortopedica-visco-pentru-gat-yg001\/","og_locale":"en_US","og_type":"article","og_title":"Pern\u0103 ortopedic\u0103 Visco YG001","og_description":"YG001 Pern\u0103 ortopedic\u0103 Visco Ofer\u0103 sprijin mu\u0219chilor umerilor \u0219i g\u00e2tului, [...]","og_url":"https:\/\/hub.ortopedie.md\/shop\/perna-ortopedica-visco-pentru-gat-yg001\/","og_site_name":"Hub Ortopedie - Magazin ortopedic. \u041e\u0440\u0442\u043e\u043f\u0435\u0434\u0438\u0447\u0435\u0441\u043a\u0438\u0439 \u043c\u0430\u0433\u0430\u0437\u0438\u043d","article_publisher":"https:\/\/www.facebook.com\/ORTOPEDIE.MD\/","article_modified_time":"2024-11-12T12:38:16+00:00","og_image":[{"width":1200,"height":1800,"url":"https:\/\/hub.ortopedie.md\/wp-content\/uploads\/2022\/09\/YG001-3.jpeg","type":"image\/jpeg"}],"twitter_misc":{"Price":"950.00&nbsp;MDL","Availability":"In stock"},"schema":{"@context":"https:\/\/schema.org","@graph":[{"@type":"WebPage","@id":"https:\/\/hub.ortopedie.md\/shop\/perna-ortopedica-visco-pentru-gat-yg001\/","url":"https:\/\/hub.ortopedie.md\/shop\/perna-ortopedica-visco-pentru-gat-yg001\/","name":"Pern\u0103 ortopedic\u0103 Visco YG001 - HUB Ortopedie","isPartOf":{"@id":"https:\/\/hub.ortopedie.md\/#website"},"primaryImageOfPage":{"@id":"https:\/\/hub.ortopedie.md\/shop\/perna-ortopedica-visco-pentru-gat-yg001\/#primaryimage"},"image":{"@id":"https:\/\/hub.ortopedie.md\/shop\/perna-ortopedica-visco-pentru-gat-yg001\/#primaryimage"},"thumbnailUrl":"https:\/\/hub.ortopedie.md\/wp-content\/uploads\/2022\/09\/YG001-3.jpeg","datePublished":"2022-09-01T08:30:26+00:00","dateModified":"2024-11-12T12:38:16+00:00","breadcrumb":{"@id":"https:\/\/hub.ortopedie.md\/shop\/perna-ortopedica-visco-pentru-gat-yg001\/#breadcrumb"},"inLanguage":"en-US","potentialAction":[{"@type":"ReadAction","target":["https:\/\/hub.ortopedie.md\/shop\/perna-ortopedica-visco-pentru-gat-yg001\/"]}]},{"@type":"ImageObject","inLanguage":"en-US","@id":"https:\/\/hub.ortopedie.md\/shop\/perna-ortopedica-visco-pentru-gat-yg001\/#primaryimage","url":"https:\/\/hub.ortopedie.md\/wp-content\/uploads\/2022\/09\/YG001-3.jpeg","contentUrl":"https:\/\/hub.ortopedie.md\/wp-content\/uploads\/2022\/09\/YG001-3.jpeg","width":1200,"height":1800},{"@type":"BreadcrumbList","@id":"https:\/\/hub.ortopedie.md\/shop\/perna-ortopedica-visco-pentru-gat-yg001\/#breadcrumb","itemListElement":[{"@type":"ListItem","position":1,"name":"Prima pagin\u0103","item":"https:\/\/hub.ortopedie.md\/en\/"},{"@type":"ListItem","position":2,"name":"Produse","item":"https:\/\/hub.ortopedie.md\/shop\/"},{"@type":"ListItem","position":3,"name":"Pern\u0103 ortopedic\u0103 Visco YG001"}]},{"@type":"WebSite","@id":"https:\/\/hub.ortopedie.md\/#website","url":"https:\/\/hub.ortopedie.md\/","name":"Hub Ortopedie - Magazin ortopedic. \u041e\u0440\u0442\u043e\u043f\u0435\u0434\u0438\u0447\u0435\u0441\u043a\u0438\u0439 \u043c\u0430\u0433\u0430\u0437\u0438\u043d","description":"S\u0103n\u0103tate, confort, calitate","publisher":{"@id":"https:\/\/hub.ortopedie.md\/#organization"},"potentialAction":[{"@type":"SearchAction","target":{"@type":"EntryPoint","urlTemplate":"https:\/\/hub.ortopedie.md\/?s={search_term_string}"},"query-input":{"@type":"PropertyValueSpecification","valueRequired":true,"valueName":"search_term_string"}}],"inLanguage":"en-US"},{"@type":"Organization","@id":"https:\/\/hub.ortopedie.md\/#organization","name":"HUB ORTOPEDIE","url":"https:\/\/hub.ortopedie.md\/","logo":{"@type":"ImageObject","inLanguage":"en-US","@id":"https:\/\/hub.ortopedie.md\/#\/schema\/logo\/image\/","url":"https:\/\/hub.ortopedie.md\/wp-content\/uploads\/2018\/01\/hub-logo.png","contentUrl":"https:\/\/hub.ortopedie.md\/wp-content\/uploads\/2018\/01\/hub-logo.png","width":124,"height":90,"caption":"HUB ORTOPEDIE"},"image":{"@id":"https:\/\/hub.ortopedie.md\/#\/schema\/logo\/image\/"},"sameAs":["https:\/\/www.facebook.com\/ORTOPEDIE.MD\/","https:\/\/www.instagram.com\/hub_ortopedie\/"]}]},"product_price_amount":"950.00","product_price_currency":"MDL","og_availability":"instock","product_availability":"instock","product_condition":"new"},"jetpack_sharing_enabled":true,"brands":[{"id":824,"name":"Medoksa","slug":"medoksa"}],"_links":{"self":[{"href":"https:\/\/hub.ortopedie.md\/en\/wp-json\/wp\/v2\/product\/10664","targetHints":{"allow":["GET"]}}],"collection":[{"href":"https:\/\/hub.ortopedie.md\/en\/wp-json\/wp\/v2\/product"}],"about":[{"href":"https:\/\/hub.ortopedie.md\/en\/wp-json\/wp\/v2\/types\/product"}],"wp:featuredmedia":[{"embeddable":true,"href":"https:\/\/hub.ortopedie.md\/en\/wp-json\/wp\/v2\/media\/10670"}],"wp:attachment":[{"href":"https:\/\/hub.ortopedie.md\/en\/wp-json\/wp\/v2\/media?parent=10664"}],"wp:term":[{"taxonomy":"pwb-brand","embeddable":true,"href":"https:\/\/hub.ortopedie.md\/en\/wp-json\/wp\/v2\/pwb-brand?post=10664"},{"taxonomy":"product_brand","embeddable":true,"href":"https:\/\/hub.ortopedie.md\/en\/wp-json\/wp\/v2\/product_brand?post=10664"},{"taxonomy":"product_cat","embeddable":true,"href":"https:\/\/hub.ortopedie.md\/en\/wp-json\/wp\/v2\/product_cat?post=10664"},{"taxonomy":"product_tag","embeddable":true,"href":"https:\/\/hub.ortopedie.md\/en\/wp-json\/wp\/v2\/product_tag?post=10664"}],"curies":[{"name":"wp","href":"https:\/\/api.w.org\/{rel}","templated":true}]}}