{"id":11405,"date":"2024-12-12T10:15:19","date_gmt":"2024-12-12T08:15:19","guid":{"rendered":"https:\/\/hub.ortopedie.md\/?post_type=product&#038;p=11405"},"modified":"2025-10-04T10:42:26","modified_gmt":"2025-10-04T07:42:26","slug":"hippo-plus-carucior-pentru-copii-cu-dizabilitati","status":"publish","type":"product","link":"https:\/\/hub.ortopedie.md\/en\/shop\/hippo-plus-carucior-pentru-copii-cu-dizabilitati\/","title":{"rendered":"HIPPO Plus &#8211; C\u0103rucior pentru copii cu dizabilit\u0103\u021bi"},"content":{"rendered":"<p>C\u0103rucior pentru copii cu dizabilit\u0103\u021bi (scaun cu rotile) <strong>HIPPO Plus<\/strong> permite transportul unui copil cu dizabilit\u0103\u021bi \u00een mi\u0219care.\u00a0Vor fi folosite \u00een centrele de reabilitare \u0219i acas\u0103.\u00a0Designul stabil al c\u0103ruciorului stabilizeaz\u0103 bine copilul \u0219i \u00eei ofer\u0103 un sentiment de securitate.\u00a0Ajut\u0103 copilul s\u0103 ia pozi\u021bia corect\u0103 de \u0219edere sau s\u0103 se odihneasc\u0103.\u00a0\u00cen acest c\u0103rucior po\u021bi s\u0103-l iei pe copil la reabilitare, mergi la plimbare, petrece timpul \u00een aer liber.\u00a0La domiciliu, c\u0103ruciorul va facilita p\u0103rin\u021bilor \u00eengrijirea, hran\u0103 \u0219i va facilita copilului participarea la via\u021ba familiei. C\u0103ruciorul are o gam\u0103 larg\u0103 de op\u021biuni de ajustare care afecteaz\u0103 confortul de utilizare, iar designul pliabil va facilita transportul acestuia. Tapi\u021beria scaunului cu rotile este din materiale respirabile \u0219i u\u0219oare.<\/p>\n<p align=\"justify\"><strong>Design stabil<br \/>\n<\/strong>Acest dispozitiv asigur\u0103 o stabilizare sigur\u0103 \u0219i siguran\u021ba pacien\u021bilor.<\/p>\n<p align=\"justify\"><strong>Greutate redus\u0103<\/strong><br \/>\nProdusul este fabricat din materiale u\u0219oare.<\/p>\n<p align=\"justify\"><strong>Garan\u021bie 24 luni<br \/>\n<\/strong>Produsul este prev\u0103zut cu o garan\u021bie de 24 de luni.\u00a0De asemenea, oferim servicii post-v\u00e2nzare.<\/p>\n<p align=\"justify\"><strong><span id=\"result_box\" class=\"short_text\" lang=\"ru\"><span class=\"\">U\u0219or de folosit<\/span><\/span><br \/>\n<\/strong>Reglaj intuitiv \u0219i asamblare.<\/p>\n<p align=\"justify\"><strong>Elemente<\/strong><br \/>\nreflectorizante Reflectoarele cresc siguran\u021ba pe \u0219osea.<\/p>\n<p align=\"justify\">.<\/p>\n<p align=\"justify\">\n","protected":false},"excerpt":{"rendered":"<p>C\u0103rucior pentru copii cu dizabilit\u0103\u021bi (scaun cu rotile) HIPPO Plus  [&#8230;]<\/p>\n","protected":false},"featured_media":10043,"template":"","meta":[],"pwb-brand":[272],"product_brand":[],"product_cat":[97],"product_tag":[864,863],"class_list":{"0":"post-11405","1":"product","2":"type-product","3":"status-publish","4":"has-post-thumbnail","6":"pwb-brand-akces-med","7":"product_cat-scaune-rulante","8":"product_tag-carucior","9":"product_tag-kolyaska","11":"first","12":"instock","13":"shipping-taxable","14":"purchasable","15":"product-type-simple"},"yoast_head":"<!-- This site is optimized with the Yoast SEO Premium plugin v18.3 (Yoast SEO v27.4) - https:\/\/yoast.com\/product\/yoast-seo-premium-wordpress\/ -->\n<title>HIPPO Plus - C\u0103rucior pentru copii cu dizabilit\u0103\u021bi - HUB Ortopedie<\/title>\n<meta name=\"description\" content=\"C\u0103ruciorul pentru copii cu dizabilit\u0103\u021bi Hippo plus permite transportarea \u0219i sta\u021bionarea unui copil, u\u0219ur\u00e2nd condi\u021biile \u0219i pentru \u00eenso\u021bitor\" \/>\n<meta name=\"robots\" content=\"index, follow, max-snippet:-1, max-image-preview:large, max-video-preview:-1\" \/>\n<link rel=\"canonical\" href=\"https:\/\/hub.ortopedie.md\/en\/shop\/hippo-plus-carucior-pentru-copii-cu-dizabilitati\/\" \/>\n<meta property=\"og:locale\" content=\"en_US\" \/>\n<meta property=\"og:type\" content=\"article\" \/>\n<meta property=\"og:title\" content=\"HIPPO Plus - C\u0103rucior pentru copii cu dizabilit\u0103\u021bi\" \/>\n<meta property=\"og:description\" content=\"C\u0103ruciorul pentru copii cu dizabilit\u0103\u021bi Hippo plus permite transportarea \u0219i sta\u021bionarea unui copil, u\u0219ur\u00e2nd condi\u021biile \u0219i pentru \u00eenso\u021bitor\" \/>\n<meta property=\"og:url\" content=\"https:\/\/hub.ortopedie.md\/shop\/hippo-plus-carucior-pentru-copii-cu-dizabilitati\/\" \/>\n<meta property=\"og:site_name\" content=\"Hub Ortopedie - Magazin ortopedic. \u041e\u0440\u0442\u043e\u043f\u0435\u0434\u0438\u0447\u0435\u0441\u043a\u0438\u0439 \u043c\u0430\u0433\u0430\u0437\u0438\u043d\" \/>\n<meta property=\"article:publisher\" content=\"https:\/\/www.facebook.com\/ORTOPEDIE.MD\/\" \/>\n<meta property=\"article:modified_time\" content=\"2025-10-04T07:42:26+00:00\" \/>\n<meta property=\"og:image\" content=\"https:\/\/hub.ortopedie.md\/wp-content\/uploads\/2022\/08\/0811313-5-scaled-1-scaled.jpg\" \/>\n\t<meta property=\"og:image:width\" content=\"2048\" \/>\n\t<meta property=\"og:image:height\" content=\"2012\" \/>\n\t<meta property=\"og:image:type\" content=\"image\/jpeg\" \/>\n<meta name=\"twitter:label1\" content=\"Price\" \/>\n\t<meta name=\"twitter:data1\" content=\"29,000.00&nbsp;MDL\" \/>\n\t<meta name=\"twitter:label2\" content=\"Availability\" \/>\n\t<meta name=\"twitter:data2\" content=\"In stock\" \/>\n<script type=\"application\/ld+json\" class=\"yoast-schema-graph\">{\"@context\":\"https:\\\/\\\/schema.org\",\"@graph\":[{\"@type\":\"WebPage\",\"@id\":\"https:\\\/\\\/hub.ortopedie.md\\\/shop\\\/hippo-plus-carucior-pentru-copii-cu-dizabilitati\\\/\",\"url\":\"https:\\\/\\\/hub.ortopedie.md\\\/shop\\\/hippo-plus-carucior-pentru-copii-cu-dizabilitati\\\/\",\"name\":\"HIPPO Plus - C\u0103rucior pentru copii cu dizabilit\u0103\u021bi - HUB Ortopedie\",\"isPartOf\":{\"@id\":\"https:\\\/\\\/hub.ortopedie.md\\\/#website\"},\"primaryImageOfPage\":{\"@id\":\"https:\\\/\\\/hub.ortopedie.md\\\/shop\\\/hippo-plus-carucior-pentru-copii-cu-dizabilitati\\\/#primaryimage\"},\"image\":{\"@id\":\"https:\\\/\\\/hub.ortopedie.md\\\/shop\\\/hippo-plus-carucior-pentru-copii-cu-dizabilitati\\\/#primaryimage\"},\"thumbnailUrl\":\"https:\\\/\\\/hub.ortopedie.md\\\/wp-content\\\/uploads\\\/2022\\\/08\\\/0811313-5-scaled-1-scaled.jpg\",\"datePublished\":\"2024-12-12T08:15:19+00:00\",\"dateModified\":\"2025-10-04T07:42:26+00:00\",\"description\":\"C\u0103ruciorul pentru copii cu dizabilit\u0103\u021bi Hippo plus permite transportarea \u0219i sta\u021bionarea unui copil, u\u0219ur\u00e2nd condi\u021biile \u0219i pentru \u00eenso\u021bitor\",\"breadcrumb\":{\"@id\":\"https:\\\/\\\/hub.ortopedie.md\\\/shop\\\/hippo-plus-carucior-pentru-copii-cu-dizabilitati\\\/#breadcrumb\"},\"inLanguage\":\"en-US\",\"potentialAction\":[{\"@type\":\"ReadAction\",\"target\":[\"https:\\\/\\\/hub.ortopedie.md\\\/shop\\\/hippo-plus-carucior-pentru-copii-cu-dizabilitati\\\/\"]}]},{\"@type\":\"ImageObject\",\"inLanguage\":\"en-US\",\"@id\":\"https:\\\/\\\/hub.ortopedie.md\\\/shop\\\/hippo-plus-carucior-pentru-copii-cu-dizabilitati\\\/#primaryimage\",\"url\":\"https:\\\/\\\/hub.ortopedie.md\\\/wp-content\\\/uploads\\\/2022\\\/08\\\/0811313-5-scaled-1-scaled.jpg\",\"contentUrl\":\"https:\\\/\\\/hub.ortopedie.md\\\/wp-content\\\/uploads\\\/2022\\\/08\\\/0811313-5-scaled-1-scaled.jpg\",\"width\":2048,\"height\":2012,\"caption\":\"C\u0103rucior dizabilit\u0103\u021bi Hippo Invento\"},{\"@type\":\"BreadcrumbList\",\"@id\":\"https:\\\/\\\/hub.ortopedie.md\\\/shop\\\/hippo-plus-carucior-pentru-copii-cu-dizabilitati\\\/#breadcrumb\",\"itemListElement\":[{\"@type\":\"ListItem\",\"position\":1,\"name\":\"Prima pagin\u0103\",\"item\":\"https:\\\/\\\/hub.ortopedie.md\\\/en\\\/\"},{\"@type\":\"ListItem\",\"position\":2,\"name\":\"Produse\",\"item\":\"https:\\\/\\\/hub.ortopedie.md\\\/shop\\\/\"},{\"@type\":\"ListItem\",\"position\":3,\"name\":\"HIPPO Plus &#8211; C\u0103rucior pentru copii cu dizabilit\u0103\u021bi\"}]},{\"@type\":\"WebSite\",\"@id\":\"https:\\\/\\\/hub.ortopedie.md\\\/#website\",\"url\":\"https:\\\/\\\/hub.ortopedie.md\\\/\",\"name\":\"Hub Ortopedie - Magazin ortopedic. \u041e\u0440\u0442\u043e\u043f\u0435\u0434\u0438\u0447\u0435\u0441\u043a\u0438\u0439 \u043c\u0430\u0433\u0430\u0437\u0438\u043d\",\"description\":\"S\u0103n\u0103tate, confort, calitate\",\"publisher\":{\"@id\":\"https:\\\/\\\/hub.ortopedie.md\\\/#organization\"},\"potentialAction\":[{\"@type\":\"SearchAction\",\"target\":{\"@type\":\"EntryPoint\",\"urlTemplate\":\"https:\\\/\\\/hub.ortopedie.md\\\/?s={search_term_string}\"},\"query-input\":{\"@type\":\"PropertyValueSpecification\",\"valueRequired\":true,\"valueName\":\"search_term_string\"}}],\"inLanguage\":\"en-US\"},{\"@type\":\"Organization\",\"@id\":\"https:\\\/\\\/hub.ortopedie.md\\\/#organization\",\"name\":\"HUB ORTOPEDIE\",\"url\":\"https:\\\/\\\/hub.ortopedie.md\\\/\",\"logo\":{\"@type\":\"ImageObject\",\"inLanguage\":\"en-US\",\"@id\":\"https:\\\/\\\/hub.ortopedie.md\\\/#\\\/schema\\\/logo\\\/image\\\/\",\"url\":\"https:\\\/\\\/hub.ortopedie.md\\\/wp-content\\\/uploads\\\/2018\\\/01\\\/hub-logo.png\",\"contentUrl\":\"https:\\\/\\\/hub.ortopedie.md\\\/wp-content\\\/uploads\\\/2018\\\/01\\\/hub-logo.png\",\"width\":124,\"height\":90,\"caption\":\"HUB ORTOPEDIE\"},\"image\":{\"@id\":\"https:\\\/\\\/hub.ortopedie.md\\\/#\\\/schema\\\/logo\\\/image\\\/\"},\"sameAs\":[\"https:\\\/\\\/www.facebook.com\\\/ORTOPEDIE.MD\\\/\",\"https:\\\/\\\/www.instagram.com\\\/hub_ortopedie\\\/\"]}]}<\/script>\n<meta property=\"product:price:amount\" content=\"29000.00\" \/>\n<meta property=\"product:price:currency\" content=\"MDL\" \/>\n<meta property=\"og:availability\" content=\"instock\" \/>\n<meta property=\"product:availability\" content=\"instock\" \/>\n<meta property=\"product:condition\" content=\"new\" \/>\n<!-- \/ Yoast SEO Premium plugin. -->","yoast_head_json":{"title":"HIPPO Plus - C\u0103rucior pentru copii cu dizabilit\u0103\u021bi - HUB Ortopedie","description":"C\u0103ruciorul pentru copii cu dizabilit\u0103\u021bi Hippo plus permite transportarea \u0219i sta\u021bionarea unui copil, u\u0219ur\u00e2nd condi\u021biile \u0219i pentru \u00eenso\u021bitor","robots":{"index":"index","follow":"follow","max-snippet":"max-snippet:-1","max-image-preview":"max-image-preview:large","max-video-preview":"max-video-preview:-1"},"canonical":"https:\/\/hub.ortopedie.md\/en\/shop\/hippo-plus-carucior-pentru-copii-cu-dizabilitati\/","og_locale":"en_US","og_type":"article","og_title":"HIPPO Plus - C\u0103rucior pentru copii cu dizabilit\u0103\u021bi","og_description":"C\u0103ruciorul pentru copii cu dizabilit\u0103\u021bi Hippo plus permite transportarea \u0219i sta\u021bionarea unui copil, u\u0219ur\u00e2nd condi\u021biile \u0219i pentru \u00eenso\u021bitor","og_url":"https:\/\/hub.ortopedie.md\/shop\/hippo-plus-carucior-pentru-copii-cu-dizabilitati\/","og_site_name":"Hub Ortopedie - Magazin ortopedic. \u041e\u0440\u0442\u043e\u043f\u0435\u0434\u0438\u0447\u0435\u0441\u043a\u0438\u0439 \u043c\u0430\u0433\u0430\u0437\u0438\u043d","article_publisher":"https:\/\/www.facebook.com\/ORTOPEDIE.MD\/","article_modified_time":"2025-10-04T07:42:26+00:00","og_image":[{"width":2048,"height":2012,"url":"https:\/\/hub.ortopedie.md\/wp-content\/uploads\/2022\/08\/0811313-5-scaled-1-scaled.jpg","type":"image\/jpeg"}],"twitter_misc":{"Price":"29,000.00&nbsp;MDL","Availability":"In stock"},"schema":{"@context":"https:\/\/schema.org","@graph":[{"@type":"WebPage","@id":"https:\/\/hub.ortopedie.md\/shop\/hippo-plus-carucior-pentru-copii-cu-dizabilitati\/","url":"https:\/\/hub.ortopedie.md\/shop\/hippo-plus-carucior-pentru-copii-cu-dizabilitati\/","name":"HIPPO Plus - C\u0103rucior pentru copii cu dizabilit\u0103\u021bi - HUB Ortopedie","isPartOf":{"@id":"https:\/\/hub.ortopedie.md\/#website"},"primaryImageOfPage":{"@id":"https:\/\/hub.ortopedie.md\/shop\/hippo-plus-carucior-pentru-copii-cu-dizabilitati\/#primaryimage"},"image":{"@id":"https:\/\/hub.ortopedie.md\/shop\/hippo-plus-carucior-pentru-copii-cu-dizabilitati\/#primaryimage"},"thumbnailUrl":"https:\/\/hub.ortopedie.md\/wp-content\/uploads\/2022\/08\/0811313-5-scaled-1-scaled.jpg","datePublished":"2024-12-12T08:15:19+00:00","dateModified":"2025-10-04T07:42:26+00:00","description":"C\u0103ruciorul pentru copii cu dizabilit\u0103\u021bi Hippo plus permite transportarea \u0219i sta\u021bionarea unui copil, u\u0219ur\u00e2nd condi\u021biile \u0219i pentru \u00eenso\u021bitor","breadcrumb":{"@id":"https:\/\/hub.ortopedie.md\/shop\/hippo-plus-carucior-pentru-copii-cu-dizabilitati\/#breadcrumb"},"inLanguage":"en-US","potentialAction":[{"@type":"ReadAction","target":["https:\/\/hub.ortopedie.md\/shop\/hippo-plus-carucior-pentru-copii-cu-dizabilitati\/"]}]},{"@type":"ImageObject","inLanguage":"en-US","@id":"https:\/\/hub.ortopedie.md\/shop\/hippo-plus-carucior-pentru-copii-cu-dizabilitati\/#primaryimage","url":"https:\/\/hub.ortopedie.md\/wp-content\/uploads\/2022\/08\/0811313-5-scaled-1-scaled.jpg","contentUrl":"https:\/\/hub.ortopedie.md\/wp-content\/uploads\/2022\/08\/0811313-5-scaled-1-scaled.jpg","width":2048,"height":2012,"caption":"C\u0103rucior dizabilit\u0103\u021bi Hippo Invento"},{"@type":"BreadcrumbList","@id":"https:\/\/hub.ortopedie.md\/shop\/hippo-plus-carucior-pentru-copii-cu-dizabilitati\/#breadcrumb","itemListElement":[{"@type":"ListItem","position":1,"name":"Prima pagin\u0103","item":"https:\/\/hub.ortopedie.md\/en\/"},{"@type":"ListItem","position":2,"name":"Produse","item":"https:\/\/hub.ortopedie.md\/shop\/"},{"@type":"ListItem","position":3,"name":"HIPPO Plus &#8211; C\u0103rucior pentru copii cu dizabilit\u0103\u021bi"}]},{"@type":"WebSite","@id":"https:\/\/hub.ortopedie.md\/#website","url":"https:\/\/hub.ortopedie.md\/","name":"Hub Ortopedie - Magazin ortopedic. \u041e\u0440\u0442\u043e\u043f\u0435\u0434\u0438\u0447\u0435\u0441\u043a\u0438\u0439 \u043c\u0430\u0433\u0430\u0437\u0438\u043d","description":"S\u0103n\u0103tate, confort, calitate","publisher":{"@id":"https:\/\/hub.ortopedie.md\/#organization"},"potentialAction":[{"@type":"SearchAction","target":{"@type":"EntryPoint","urlTemplate":"https:\/\/hub.ortopedie.md\/?s={search_term_string}"},"query-input":{"@type":"PropertyValueSpecification","valueRequired":true,"valueName":"search_term_string"}}],"inLanguage":"en-US"},{"@type":"Organization","@id":"https:\/\/hub.ortopedie.md\/#organization","name":"HUB ORTOPEDIE","url":"https:\/\/hub.ortopedie.md\/","logo":{"@type":"ImageObject","inLanguage":"en-US","@id":"https:\/\/hub.ortopedie.md\/#\/schema\/logo\/image\/","url":"https:\/\/hub.ortopedie.md\/wp-content\/uploads\/2018\/01\/hub-logo.png","contentUrl":"https:\/\/hub.ortopedie.md\/wp-content\/uploads\/2018\/01\/hub-logo.png","width":124,"height":90,"caption":"HUB ORTOPEDIE"},"image":{"@id":"https:\/\/hub.ortopedie.md\/#\/schema\/logo\/image\/"},"sameAs":["https:\/\/www.facebook.com\/ORTOPEDIE.MD\/","https:\/\/www.instagram.com\/hub_ortopedie\/"]}]},"product_price_amount":"29000.00","product_price_currency":"MDL","og_availability":"instock","product_availability":"instock","product_condition":"new"},"jetpack_sharing_enabled":true,"brands":[{"id":272,"name":"Akces Med","slug":"akces-med"}],"_links":{"self":[{"href":"https:\/\/hub.ortopedie.md\/en\/wp-json\/wp\/v2\/product\/11405","targetHints":{"allow":["GET"]}}],"collection":[{"href":"https:\/\/hub.ortopedie.md\/en\/wp-json\/wp\/v2\/product"}],"about":[{"href":"https:\/\/hub.ortopedie.md\/en\/wp-json\/wp\/v2\/types\/product"}],"wp:featuredmedia":[{"embeddable":true,"href":"https:\/\/hub.ortopedie.md\/en\/wp-json\/wp\/v2\/media\/10043"}],"wp:attachment":[{"href":"https:\/\/hub.ortopedie.md\/en\/wp-json\/wp\/v2\/media?parent=11405"}],"wp:term":[{"taxonomy":"pwb-brand","embeddable":true,"href":"https:\/\/hub.ortopedie.md\/en\/wp-json\/wp\/v2\/pwb-brand?post=11405"},{"taxonomy":"product_brand","embeddable":true,"href":"https:\/\/hub.ortopedie.md\/en\/wp-json\/wp\/v2\/product_brand?post=11405"},{"taxonomy":"product_cat","embeddable":true,"href":"https:\/\/hub.ortopedie.md\/en\/wp-json\/wp\/v2\/product_cat?post=11405"},{"taxonomy":"product_tag","embeddable":true,"href":"https:\/\/hub.ortopedie.md\/en\/wp-json\/wp\/v2\/product_tag?post=11405"}],"curies":[{"name":"wp","href":"https:\/\/api.w.org\/{rel}","templated":true}]}}