{"id":13815,"date":"2026-03-12T17:22:40","date_gmt":"2026-03-12T15:22:40","guid":{"rendered":"https:\/\/hub.ortopedie.md\/shop\/cervical-orthosis-soft-cc121\/"},"modified":"2026-03-12T17:22:41","modified_gmt":"2026-03-12T15:22:41","slug":"cervical-orthosis-soft-cc121","status":"publish","type":"product","link":"https:\/\/hub.ortopedie.md\/en\/shop\/cervical-orthosis-soft-cc121\/","title":{"rendered":"Cervical Orthosis soft CC121"},"content":{"rendered":"<p>&nbsp;<\/p>\n<p>Cervical Orthosis, produs\u0103 \u00een Spain, este din spum\u0103 acoperit\u0103 cu cotton, care permite un confort \u0219i o aderare mai bun\u0103 cu corpul. Este produs\u0103 din materiale hipoalergice.<\/p>\n<p><strong>Efecte<br \/>\n<\/strong>Fixarea \u0219i support moderat la nivelul g\u00e2tului.<\/p>\n<p><strong>Indica\u021bii:<\/strong><\/p>\n<p>Deregl\u0103ri \u00een statica\u00a0 vertebrelor, sindrom vertebro-bazilar, sc\u0103derea spa\u021biilor intervertebrale cervicale, dureri cap origine vertebrogen\u0103 (cefalee), spasm muscular.<\/p>\n<p>Traumatisme moderate. Artroz\u0103 cervical sever\u0103. Hernie disc moderat\u0103. Entorse moderate. Postoperator.<\/p>\n<table width=\"0\">\n<tbody>\n<tr>\n<td>M\u0103sura<\/td>\n<td><\/td>\n<\/tr>\n<tr>\n<td>M\u0103rimi<\/td>\n<td>Circumferin\u021ba<\/td>\n<td>\u00cen\u0103l\u021bime<\/td>\n<\/tr>\n<tr>\n<td>CC121 S\/scurt<\/td>\n<td>35 &#8211; 38 cm<\/td>\n<td>\u00a08 cm<\/td>\n<\/tr>\n<tr>\n<td>CC121 S\/mediu<\/td>\n<td>35 &#8211; 38 cm<\/td>\n<td>\u00a09 cm<\/td>\n<\/tr>\n<tr>\n<td>CC121 M\/scurt<\/td>\n<td>38 &#8211; 41 cm<\/td>\n<td>\u00a08 cm<\/td>\n<\/tr>\n<tr>\n<td>CC121 M\/mediu<\/td>\n<td>38 &#8211; 41 cm<\/td>\n<td>\u00a09 cm<\/td>\n<\/tr>\n<tr>\n<td>CC121 L\/mediu<\/td>\n<td>41 &#8211; 43 cm<\/td>\n<td>\u00a09 cm<\/td>\n<\/tr>\n<tr>\n<td>CC121 L\/\u00eenalt<\/td>\n<td>41 &#8211; 43 cm<\/td>\n<td>11 cm<\/td>\n<\/tr>\n<tr>\n<td>CC121 XL\/\u00eenalt<\/td>\n<td>43 &#8211; 48 cm<\/td>\n<td>11 cm<\/td>\n<\/tr>\n<\/tbody>\n<\/table>\n<p>&nbsp;<\/p>\n<p><strong><br \/>\n<\/strong><\/p>\n","protected":false},"excerpt":{"rendered":"<p>&nbsp; Cervical Orthosis, produs\u0103 \u00een Spain, este din spum\u0103 acoperit\u0103  [&#8230;]<\/p>\n","protected":false},"featured_media":1707,"template":"","meta":[],"pwb-brand":[217],"product_brand":[],"product_cat":[897],"product_tag":[],"class_list":{"0":"post-13815","1":"product","2":"type-product","3":"status-publish","4":"has-post-thumbnail","6":"pwb-brand-prim","7":"product_cat-orthoses-amp-braces","9":"first","10":"outofstock","11":"product-type-variable"},"yoast_head":"<!-- This site is optimized with the Yoast SEO Premium plugin v18.3 (Yoast SEO v27.4) - https:\/\/yoast.com\/product\/yoast-seo-premium-wordpress\/ -->\n<title>Cervical Orthosis soft CC121 - HUB Ortopedie<\/title>\n<meta name=\"robots\" content=\"index, follow, max-snippet:-1, max-image-preview:large, max-video-preview:-1\" \/>\n<link rel=\"canonical\" href=\"https:\/\/hub.ortopedie.md\/en\/shop\/cervical-orthosis-soft-cc121\/\" \/>\n<meta property=\"og:locale\" content=\"en_US\" \/>\n<meta property=\"og:type\" content=\"article\" \/>\n<meta property=\"og:title\" content=\"Cervical Orthosis soft CC121\" \/>\n<meta property=\"og:description\" content=\"&nbsp; Cervical Orthosis, produs\u0103 \u00een Spain, este din spum\u0103 acoperit\u0103 [...]\" \/>\n<meta property=\"og:url\" content=\"https:\/\/hub.ortopedie.md\/en\/shop\/cervical-orthosis-soft-cc121\/\" \/>\n<meta property=\"og:site_name\" content=\"Hub Ortopedie - Magazin ortopedic. \u041e\u0440\u0442\u043e\u043f\u0435\u0434\u0438\u0447\u0435\u0441\u043a\u0438\u0439 \u043c\u0430\u0433\u0430\u0437\u0438\u043d\" \/>\n<meta property=\"article:publisher\" content=\"https:\/\/www.facebook.com\/ORTOPEDIE.MD\/\" \/>\n<meta property=\"article:modified_time\" content=\"2026-03-12T15:22:41+00:00\" \/>\n<meta property=\"og:image\" content=\"https:\/\/hub.ortopedie.md\/wp-content\/uploads\/2018\/04\/CC121.jpg\" \/>\n\t<meta property=\"og:image:width\" content=\"1000\" \/>\n\t<meta property=\"og:image:height\" content=\"776\" \/>\n\t<meta property=\"og:image:type\" content=\"image\/jpeg\" \/>\n<meta name=\"twitter:label1\" content=\"Availability\" \/>\n\t<meta name=\"twitter:data1\" content=\"Out of stock\" \/>\n<script type=\"application\/ld+json\" class=\"yoast-schema-graph\">{\"@context\":\"https:\\\/\\\/schema.org\",\"@graph\":[{\"@type\":\"WebPage\",\"@id\":\"https:\\\/\\\/hub.ortopedie.md\\\/en\\\/shop\\\/cervical-orthosis-soft-cc121\\\/\",\"url\":\"https:\\\/\\\/hub.ortopedie.md\\\/en\\\/shop\\\/cervical-orthosis-soft-cc121\\\/\",\"name\":\"Cervical Orthosis soft CC121 - HUB Ortopedie\",\"isPartOf\":{\"@id\":\"https:\\\/\\\/hub.ortopedie.md\\\/#website\"},\"primaryImageOfPage\":{\"@id\":\"https:\\\/\\\/hub.ortopedie.md\\\/en\\\/shop\\\/cervical-orthosis-soft-cc121\\\/#primaryimage\"},\"image\":{\"@id\":\"https:\\\/\\\/hub.ortopedie.md\\\/en\\\/shop\\\/cervical-orthosis-soft-cc121\\\/#primaryimage\"},\"thumbnailUrl\":\"https:\\\/\\\/hub.ortopedie.md\\\/wp-content\\\/uploads\\\/2018\\\/04\\\/CC121.jpg\",\"datePublished\":\"2026-03-12T15:22:40+00:00\",\"dateModified\":\"2026-03-12T15:22:41+00:00\",\"breadcrumb\":{\"@id\":\"https:\\\/\\\/hub.ortopedie.md\\\/en\\\/shop\\\/cervical-orthosis-soft-cc121\\\/#breadcrumb\"},\"inLanguage\":\"en-US\",\"potentialAction\":[{\"@type\":\"ReadAction\",\"target\":[\"https:\\\/\\\/hub.ortopedie.md\\\/en\\\/shop\\\/cervical-orthosis-soft-cc121\\\/\"]}]},{\"@type\":\"ImageObject\",\"inLanguage\":\"en-US\",\"@id\":\"https:\\\/\\\/hub.ortopedie.md\\\/en\\\/shop\\\/cervical-orthosis-soft-cc121\\\/#primaryimage\",\"url\":\"https:\\\/\\\/hub.ortopedie.md\\\/wp-content\\\/uploads\\\/2018\\\/04\\\/CC121.jpg\",\"contentUrl\":\"https:\\\/\\\/hub.ortopedie.md\\\/wp-content\\\/uploads\\\/2018\\\/04\\\/CC121.jpg\",\"width\":1000,\"height\":776},{\"@type\":\"BreadcrumbList\",\"@id\":\"https:\\\/\\\/hub.ortopedie.md\\\/en\\\/shop\\\/cervical-orthosis-soft-cc121\\\/#breadcrumb\",\"itemListElement\":[{\"@type\":\"ListItem\",\"position\":1,\"name\":\"Prima pagin\u0103\",\"item\":\"https:\\\/\\\/hub.ortopedie.md\\\/en\\\/\"},{\"@type\":\"ListItem\",\"position\":2,\"name\":\"Produse\",\"item\":\"https:\\\/\\\/hub.ortopedie.md\\\/shop\\\/\"},{\"@type\":\"ListItem\",\"position\":3,\"name\":\"Cervical Orthosis soft CC121\"}]},{\"@type\":\"WebSite\",\"@id\":\"https:\\\/\\\/hub.ortopedie.md\\\/#website\",\"url\":\"https:\\\/\\\/hub.ortopedie.md\\\/\",\"name\":\"Hub Ortopedie - Magazin ortopedic. \u041e\u0440\u0442\u043e\u043f\u0435\u0434\u0438\u0447\u0435\u0441\u043a\u0438\u0439 \u043c\u0430\u0433\u0430\u0437\u0438\u043d\",\"description\":\"S\u0103n\u0103tate, confort, calitate\",\"publisher\":{\"@id\":\"https:\\\/\\\/hub.ortopedie.md\\\/#organization\"},\"potentialAction\":[{\"@type\":\"SearchAction\",\"target\":{\"@type\":\"EntryPoint\",\"urlTemplate\":\"https:\\\/\\\/hub.ortopedie.md\\\/?s={search_term_string}\"},\"query-input\":{\"@type\":\"PropertyValueSpecification\",\"valueRequired\":true,\"valueName\":\"search_term_string\"}}],\"inLanguage\":\"en-US\"},{\"@type\":\"Organization\",\"@id\":\"https:\\\/\\\/hub.ortopedie.md\\\/#organization\",\"name\":\"HUB ORTOPEDIE\",\"url\":\"https:\\\/\\\/hub.ortopedie.md\\\/\",\"logo\":{\"@type\":\"ImageObject\",\"inLanguage\":\"en-US\",\"@id\":\"https:\\\/\\\/hub.ortopedie.md\\\/#\\\/schema\\\/logo\\\/image\\\/\",\"url\":\"https:\\\/\\\/hub.ortopedie.md\\\/wp-content\\\/uploads\\\/2018\\\/01\\\/hub-logo.png\",\"contentUrl\":\"https:\\\/\\\/hub.ortopedie.md\\\/wp-content\\\/uploads\\\/2018\\\/01\\\/hub-logo.png\",\"width\":124,\"height\":90,\"caption\":\"HUB ORTOPEDIE\"},\"image\":{\"@id\":\"https:\\\/\\\/hub.ortopedie.md\\\/#\\\/schema\\\/logo\\\/image\\\/\"},\"sameAs\":[\"https:\\\/\\\/www.facebook.com\\\/ORTOPEDIE.MD\\\/\",\"https:\\\/\\\/www.instagram.com\\\/hub_ortopedie\\\/\"]}]}<\/script>\n<meta property=\"og:availability\" content=\"out of stock\" \/>\n<meta property=\"product:availability\" content=\"out of stock\" \/>\n<meta property=\"product:retailer_item_id\" content=\"14-EN\" \/>\n<meta property=\"product:condition\" content=\"new\" \/>\n<!-- \/ Yoast SEO Premium plugin. -->","yoast_head_json":{"title":"Cervical Orthosis soft CC121 - HUB Ortopedie","robots":{"index":"index","follow":"follow","max-snippet":"max-snippet:-1","max-image-preview":"max-image-preview:large","max-video-preview":"max-video-preview:-1"},"canonical":"https:\/\/hub.ortopedie.md\/en\/shop\/cervical-orthosis-soft-cc121\/","og_locale":"en_US","og_type":"article","og_title":"Cervical Orthosis soft CC121","og_description":"&nbsp; Cervical Orthosis, produs\u0103 \u00een Spain, este din spum\u0103 acoperit\u0103 [...]","og_url":"https:\/\/hub.ortopedie.md\/en\/shop\/cervical-orthosis-soft-cc121\/","og_site_name":"Hub Ortopedie - Magazin ortopedic. \u041e\u0440\u0442\u043e\u043f\u0435\u0434\u0438\u0447\u0435\u0441\u043a\u0438\u0439 \u043c\u0430\u0433\u0430\u0437\u0438\u043d","article_publisher":"https:\/\/www.facebook.com\/ORTOPEDIE.MD\/","article_modified_time":"2026-03-12T15:22:41+00:00","og_image":[{"width":1000,"height":776,"url":"https:\/\/hub.ortopedie.md\/wp-content\/uploads\/2018\/04\/CC121.jpg","type":"image\/jpeg"}],"twitter_misc":{"Availability":"Out of stock"},"schema":{"@context":"https:\/\/schema.org","@graph":[{"@type":"WebPage","@id":"https:\/\/hub.ortopedie.md\/en\/shop\/cervical-orthosis-soft-cc121\/","url":"https:\/\/hub.ortopedie.md\/en\/shop\/cervical-orthosis-soft-cc121\/","name":"Cervical Orthosis soft CC121 - HUB Ortopedie","isPartOf":{"@id":"https:\/\/hub.ortopedie.md\/#website"},"primaryImageOfPage":{"@id":"https:\/\/hub.ortopedie.md\/en\/shop\/cervical-orthosis-soft-cc121\/#primaryimage"},"image":{"@id":"https:\/\/hub.ortopedie.md\/en\/shop\/cervical-orthosis-soft-cc121\/#primaryimage"},"thumbnailUrl":"https:\/\/hub.ortopedie.md\/wp-content\/uploads\/2018\/04\/CC121.jpg","datePublished":"2026-03-12T15:22:40+00:00","dateModified":"2026-03-12T15:22:41+00:00","breadcrumb":{"@id":"https:\/\/hub.ortopedie.md\/en\/shop\/cervical-orthosis-soft-cc121\/#breadcrumb"},"inLanguage":"en-US","potentialAction":[{"@type":"ReadAction","target":["https:\/\/hub.ortopedie.md\/en\/shop\/cervical-orthosis-soft-cc121\/"]}]},{"@type":"ImageObject","inLanguage":"en-US","@id":"https:\/\/hub.ortopedie.md\/en\/shop\/cervical-orthosis-soft-cc121\/#primaryimage","url":"https:\/\/hub.ortopedie.md\/wp-content\/uploads\/2018\/04\/CC121.jpg","contentUrl":"https:\/\/hub.ortopedie.md\/wp-content\/uploads\/2018\/04\/CC121.jpg","width":1000,"height":776},{"@type":"BreadcrumbList","@id":"https:\/\/hub.ortopedie.md\/en\/shop\/cervical-orthosis-soft-cc121\/#breadcrumb","itemListElement":[{"@type":"ListItem","position":1,"name":"Prima pagin\u0103","item":"https:\/\/hub.ortopedie.md\/en\/"},{"@type":"ListItem","position":2,"name":"Produse","item":"https:\/\/hub.ortopedie.md\/shop\/"},{"@type":"ListItem","position":3,"name":"Cervical Orthosis soft CC121"}]},{"@type":"WebSite","@id":"https:\/\/hub.ortopedie.md\/#website","url":"https:\/\/hub.ortopedie.md\/","name":"Hub Ortopedie - Magazin ortopedic. \u041e\u0440\u0442\u043e\u043f\u0435\u0434\u0438\u0447\u0435\u0441\u043a\u0438\u0439 \u043c\u0430\u0433\u0430\u0437\u0438\u043d","description":"S\u0103n\u0103tate, confort, calitate","publisher":{"@id":"https:\/\/hub.ortopedie.md\/#organization"},"potentialAction":[{"@type":"SearchAction","target":{"@type":"EntryPoint","urlTemplate":"https:\/\/hub.ortopedie.md\/?s={search_term_string}"},"query-input":{"@type":"PropertyValueSpecification","valueRequired":true,"valueName":"search_term_string"}}],"inLanguage":"en-US"},{"@type":"Organization","@id":"https:\/\/hub.ortopedie.md\/#organization","name":"HUB ORTOPEDIE","url":"https:\/\/hub.ortopedie.md\/","logo":{"@type":"ImageObject","inLanguage":"en-US","@id":"https:\/\/hub.ortopedie.md\/#\/schema\/logo\/image\/","url":"https:\/\/hub.ortopedie.md\/wp-content\/uploads\/2018\/01\/hub-logo.png","contentUrl":"https:\/\/hub.ortopedie.md\/wp-content\/uploads\/2018\/01\/hub-logo.png","width":124,"height":90,"caption":"HUB ORTOPEDIE"},"image":{"@id":"https:\/\/hub.ortopedie.md\/#\/schema\/logo\/image\/"},"sameAs":["https:\/\/www.facebook.com\/ORTOPEDIE.MD\/","https:\/\/www.instagram.com\/hub_ortopedie\/"]}]},"og_availability":"out of stock","product_availability":"out of stock","product_retailer_item_id":"14-EN","product_condition":"new"},"jetpack_sharing_enabled":true,"brands":[{"id":217,"name":"PRIM","slug":"prim"}],"_links":{"self":[{"href":"https:\/\/hub.ortopedie.md\/en\/wp-json\/wp\/v2\/product\/13815","targetHints":{"allow":["GET"]}}],"collection":[{"href":"https:\/\/hub.ortopedie.md\/en\/wp-json\/wp\/v2\/product"}],"about":[{"href":"https:\/\/hub.ortopedie.md\/en\/wp-json\/wp\/v2\/types\/product"}],"wp:featuredmedia":[{"embeddable":true,"href":"https:\/\/hub.ortopedie.md\/en\/wp-json\/wp\/v2\/media\/1707"}],"wp:attachment":[{"href":"https:\/\/hub.ortopedie.md\/en\/wp-json\/wp\/v2\/media?parent=13815"}],"wp:term":[{"taxonomy":"pwb-brand","embeddable":true,"href":"https:\/\/hub.ortopedie.md\/en\/wp-json\/wp\/v2\/pwb-brand?post=13815"},{"taxonomy":"product_brand","embeddable":true,"href":"https:\/\/hub.ortopedie.md\/en\/wp-json\/wp\/v2\/product_brand?post=13815"},{"taxonomy":"product_cat","embeddable":true,"href":"https:\/\/hub.ortopedie.md\/en\/wp-json\/wp\/v2\/product_cat?post=13815"},{"taxonomy":"product_tag","embeddable":true,"href":"https:\/\/hub.ortopedie.md\/en\/wp-json\/wp\/v2\/product_tag?post=13815"}],"curies":[{"name":"wp","href":"https:\/\/api.w.org\/{rel}","templated":true}]}}