{"id":13819,"date":"2026-03-12T17:22:42","date_gmt":"2026-03-12T15:22:42","guid":{"rendered":"https:\/\/hub.ortopedie.md\/shop\/posture-corrector-posture-corrector-spain-138\/"},"modified":"2026-03-12T17:22:42","modified_gmt":"2026-03-12T15:22:42","slug":"posture-corrector-posture-corrector-spain-138","status":"publish","type":"product","link":"https:\/\/hub.ortopedie.md\/en\/shop\/posture-corrector-posture-corrector-spain-138\/","title":{"rendered":"Posture Corrector (Posture Corrector) Spain 138"},"content":{"rendered":"<p>Corectorul \u021binut\u0103 este perfect for persoanele care au pozi\u021bia spatelui incorect\u0103 din cauza statului pe scaun for acei care au senza\u021bii disconfort \u00eentre omopla\u021bi, copii \u00een cre\u0219tere care au o pozi\u021bie u\u0219or \u00eencovoiat\u0103 a spatelui.<\/p>\n<p>Poate fi purtat toat\u0103 ziua cu excep\u021bia somnului sau pozi\u021biei relaxate -culcat.<\/p>\n<p>\u00cel purt\u0103m 1-2 luni p\u00een\u0103 ne obi\u0219nuim s\u0103 \u021binem corect spatele, dup\u0103 care facem o pauz\u0103 p\u00een\u0103 c\u00e2nd sim\u021bim din nou c\u0103 st\u0103m incorect.<\/p>\n<p>Nu are contraindica\u021bii.<\/p>\n<p>Fabricat din trei straturi material culoare a pielii, invizibil sub haine. \u021aes\u0103tura Elcross (interiorul\u00a0 \u021bes\u0103tur\u0103 din cotton) este special conceput\u0103 for a oferi pacientului un confort maxim cu un grad ridicat respirabilitate.<\/p>\n<p>Curelele elastice armare \u00eencruci\u0219ate la spate m\u0103resc for\u021ba corec\u021bie \u0219i c\u0103ptu\u0219it for o mai bun\u0103 fixare.<\/p>\n<table>\n<tbody>\n<tr>\n<td width=\"69\">M\u0103rimi<\/td>\n<td width=\"195\">M\u0102SURI<\/td>\n<\/tr>\n<tr>\n<td width=\"69\">138 XS<\/td>\n<td width=\"195\">60 &#8211; 70 cm<\/td>\n<\/tr>\n<tr>\n<td width=\"69\">138 S<\/td>\n<td width=\"195\">70 &#8211; 80 cm<\/td>\n<\/tr>\n<tr>\n<td width=\"69\">138 M<\/td>\n<td width=\"195\">80 &#8211; 90 cm<\/td>\n<\/tr>\n<tr>\n<td width=\"69\">138 L<\/td>\n<td width=\"195\">90 &#8211; 100 cm<\/td>\n<\/tr>\n<tr>\n<td width=\"69\">138 XL<\/td>\n<td width=\"195\">100- 110 cm<\/td>\n<\/tr>\n<\/tbody>\n<\/table>\n<p>Culoarea sampaniei.<\/p>\n","protected":false},"excerpt":{"rendered":"<p>Corectorul \u021binut\u0103 este perfect for persoanele care au pozi\u021bia spatelui  [&#8230;]<\/p>\n","protected":false},"featured_media":1809,"template":"","meta":[],"pwb-brand":[217],"product_brand":[],"product_cat":[897],"product_tag":[],"class_list":{"0":"post-13819","1":"product","2":"type-product","3":"status-publish","4":"has-post-thumbnail","6":"pwb-brand-prim","7":"product_cat-orthoses-amp-braces","9":"first","10":"instock","11":"purchasable","12":"product-type-simple"},"yoast_head":"<!-- This site is optimized with the Yoast SEO Premium plugin v18.3 (Yoast SEO v27.4) - https:\/\/yoast.com\/product\/yoast-seo-premium-wordpress\/ -->\n<title>Posture Corrector (Posture Corrector) Spain 138 - HUB Ortopedie<\/title>\n<meta name=\"robots\" content=\"index, follow, max-snippet:-1, max-image-preview:large, max-video-preview:-1\" \/>\n<link rel=\"canonical\" href=\"https:\/\/hub.ortopedie.md\/en\/shop\/posture-corrector-posture-corrector-spain-138\/\" \/>\n<meta property=\"og:locale\" content=\"en_US\" \/>\n<meta property=\"og:type\" content=\"article\" \/>\n<meta property=\"og:title\" content=\"Posture Corrector (Posture Corrector) Spain 138\" \/>\n<meta property=\"og:description\" content=\"Corectorul \u021binut\u0103 este perfect for persoanele care au pozi\u021bia spatelui [...]\" \/>\n<meta property=\"og:url\" content=\"https:\/\/hub.ortopedie.md\/en\/shop\/posture-corrector-posture-corrector-spain-138\/\" \/>\n<meta property=\"og:site_name\" content=\"Hub Ortopedie - Magazin ortopedic. \u041e\u0440\u0442\u043e\u043f\u0435\u0434\u0438\u0447\u0435\u0441\u043a\u0438\u0439 \u043c\u0430\u0433\u0430\u0437\u0438\u043d\" \/>\n<meta property=\"article:publisher\" content=\"https:\/\/www.facebook.com\/ORTOPEDIE.MD\/\" \/>\n<meta property=\"og:image\" content=\"https:\/\/hub.ortopedie.md\/wp-content\/uploads\/2018\/04\/138.jpg\" \/>\n\t<meta property=\"og:image:width\" content=\"1000\" \/>\n\t<meta property=\"og:image:height\" content=\"1231\" \/>\n\t<meta property=\"og:image:type\" content=\"image\/jpeg\" \/>\n<meta name=\"twitter:label1\" content=\"Price\" \/>\n\t<meta name=\"twitter:data1\" content=\"1,400.00&nbsp;MDL\" \/>\n\t<meta name=\"twitter:label2\" content=\"Availability\" \/>\n\t<meta name=\"twitter:data2\" content=\"In stock\" \/>\n<script type=\"application\/ld+json\" class=\"yoast-schema-graph\">{\"@context\":\"https:\\\/\\\/schema.org\",\"@graph\":[{\"@type\":\"WebPage\",\"@id\":\"https:\\\/\\\/hub.ortopedie.md\\\/en\\\/shop\\\/posture-corrector-posture-corrector-spain-138\\\/\",\"url\":\"https:\\\/\\\/hub.ortopedie.md\\\/en\\\/shop\\\/posture-corrector-posture-corrector-spain-138\\\/\",\"name\":\"Posture Corrector (Posture Corrector) Spain 138 - HUB Ortopedie\",\"isPartOf\":{\"@id\":\"https:\\\/\\\/hub.ortopedie.md\\\/#website\"},\"primaryImageOfPage\":{\"@id\":\"https:\\\/\\\/hub.ortopedie.md\\\/en\\\/shop\\\/posture-corrector-posture-corrector-spain-138\\\/#primaryimage\"},\"image\":{\"@id\":\"https:\\\/\\\/hub.ortopedie.md\\\/en\\\/shop\\\/posture-corrector-posture-corrector-spain-138\\\/#primaryimage\"},\"thumbnailUrl\":\"https:\\\/\\\/hub.ortopedie.md\\\/wp-content\\\/uploads\\\/2018\\\/04\\\/138.jpg\",\"datePublished\":\"2026-03-12T15:22:42+00:00\",\"breadcrumb\":{\"@id\":\"https:\\\/\\\/hub.ortopedie.md\\\/en\\\/shop\\\/posture-corrector-posture-corrector-spain-138\\\/#breadcrumb\"},\"inLanguage\":\"en-US\",\"potentialAction\":[{\"@type\":\"ReadAction\",\"target\":[\"https:\\\/\\\/hub.ortopedie.md\\\/en\\\/shop\\\/posture-corrector-posture-corrector-spain-138\\\/\"]}]},{\"@type\":\"ImageObject\",\"inLanguage\":\"en-US\",\"@id\":\"https:\\\/\\\/hub.ortopedie.md\\\/en\\\/shop\\\/posture-corrector-posture-corrector-spain-138\\\/#primaryimage\",\"url\":\"https:\\\/\\\/hub.ortopedie.md\\\/wp-content\\\/uploads\\\/2018\\\/04\\\/138.jpg\",\"contentUrl\":\"https:\\\/\\\/hub.ortopedie.md\\\/wp-content\\\/uploads\\\/2018\\\/04\\\/138.jpg\",\"width\":1000,\"height\":1231},{\"@type\":\"BreadcrumbList\",\"@id\":\"https:\\\/\\\/hub.ortopedie.md\\\/en\\\/shop\\\/posture-corrector-posture-corrector-spain-138\\\/#breadcrumb\",\"itemListElement\":[{\"@type\":\"ListItem\",\"position\":1,\"name\":\"Prima pagin\u0103\",\"item\":\"https:\\\/\\\/hub.ortopedie.md\\\/en\\\/\"},{\"@type\":\"ListItem\",\"position\":2,\"name\":\"Produse\",\"item\":\"https:\\\/\\\/hub.ortopedie.md\\\/shop\\\/\"},{\"@type\":\"ListItem\",\"position\":3,\"name\":\"Posture Corrector (Posture Corrector) Spain 138\"}]},{\"@type\":\"WebSite\",\"@id\":\"https:\\\/\\\/hub.ortopedie.md\\\/#website\",\"url\":\"https:\\\/\\\/hub.ortopedie.md\\\/\",\"name\":\"Hub Ortopedie - Magazin ortopedic. \u041e\u0440\u0442\u043e\u043f\u0435\u0434\u0438\u0447\u0435\u0441\u043a\u0438\u0439 \u043c\u0430\u0433\u0430\u0437\u0438\u043d\",\"description\":\"S\u0103n\u0103tate, confort, calitate\",\"publisher\":{\"@id\":\"https:\\\/\\\/hub.ortopedie.md\\\/#organization\"},\"potentialAction\":[{\"@type\":\"SearchAction\",\"target\":{\"@type\":\"EntryPoint\",\"urlTemplate\":\"https:\\\/\\\/hub.ortopedie.md\\\/?s={search_term_string}\"},\"query-input\":{\"@type\":\"PropertyValueSpecification\",\"valueRequired\":true,\"valueName\":\"search_term_string\"}}],\"inLanguage\":\"en-US\"},{\"@type\":\"Organization\",\"@id\":\"https:\\\/\\\/hub.ortopedie.md\\\/#organization\",\"name\":\"HUB ORTOPEDIE\",\"url\":\"https:\\\/\\\/hub.ortopedie.md\\\/\",\"logo\":{\"@type\":\"ImageObject\",\"inLanguage\":\"en-US\",\"@id\":\"https:\\\/\\\/hub.ortopedie.md\\\/#\\\/schema\\\/logo\\\/image\\\/\",\"url\":\"https:\\\/\\\/hub.ortopedie.md\\\/wp-content\\\/uploads\\\/2018\\\/01\\\/hub-logo.png\",\"contentUrl\":\"https:\\\/\\\/hub.ortopedie.md\\\/wp-content\\\/uploads\\\/2018\\\/01\\\/hub-logo.png\",\"width\":124,\"height\":90,\"caption\":\"HUB ORTOPEDIE\"},\"image\":{\"@id\":\"https:\\\/\\\/hub.ortopedie.md\\\/#\\\/schema\\\/logo\\\/image\\\/\"},\"sameAs\":[\"https:\\\/\\\/www.facebook.com\\\/ORTOPEDIE.MD\\\/\",\"https:\\\/\\\/www.instagram.com\\\/hub_ortopedie\\\/\"]}]}<\/script>\n<meta property=\"product:price:amount\" content=\"1400.00\" \/>\n<meta property=\"product:price:currency\" content=\"MDL\" \/>\n<meta property=\"og:availability\" content=\"instock\" \/>\n<meta property=\"product:availability\" content=\"instock\" \/>\n<meta property=\"product:retailer_item_id\" content=\"138-EN\" \/>\n<meta property=\"product:condition\" content=\"new\" \/>\n<!-- \/ Yoast SEO Premium plugin. -->","yoast_head_json":{"title":"Posture Corrector (Posture Corrector) Spain 138 - HUB Ortopedie","robots":{"index":"index","follow":"follow","max-snippet":"max-snippet:-1","max-image-preview":"max-image-preview:large","max-video-preview":"max-video-preview:-1"},"canonical":"https:\/\/hub.ortopedie.md\/en\/shop\/posture-corrector-posture-corrector-spain-138\/","og_locale":"en_US","og_type":"article","og_title":"Posture Corrector (Posture Corrector) Spain 138","og_description":"Corectorul \u021binut\u0103 este perfect for persoanele care au pozi\u021bia spatelui [...]","og_url":"https:\/\/hub.ortopedie.md\/en\/shop\/posture-corrector-posture-corrector-spain-138\/","og_site_name":"Hub Ortopedie - Magazin ortopedic. \u041e\u0440\u0442\u043e\u043f\u0435\u0434\u0438\u0447\u0435\u0441\u043a\u0438\u0439 \u043c\u0430\u0433\u0430\u0437\u0438\u043d","article_publisher":"https:\/\/www.facebook.com\/ORTOPEDIE.MD\/","og_image":[{"width":1000,"height":1231,"url":"https:\/\/hub.ortopedie.md\/wp-content\/uploads\/2018\/04\/138.jpg","type":"image\/jpeg"}],"twitter_misc":{"Price":"1,400.00&nbsp;MDL","Availability":"In stock"},"schema":{"@context":"https:\/\/schema.org","@graph":[{"@type":"WebPage","@id":"https:\/\/hub.ortopedie.md\/en\/shop\/posture-corrector-posture-corrector-spain-138\/","url":"https:\/\/hub.ortopedie.md\/en\/shop\/posture-corrector-posture-corrector-spain-138\/","name":"Posture Corrector (Posture Corrector) Spain 138 - HUB Ortopedie","isPartOf":{"@id":"https:\/\/hub.ortopedie.md\/#website"},"primaryImageOfPage":{"@id":"https:\/\/hub.ortopedie.md\/en\/shop\/posture-corrector-posture-corrector-spain-138\/#primaryimage"},"image":{"@id":"https:\/\/hub.ortopedie.md\/en\/shop\/posture-corrector-posture-corrector-spain-138\/#primaryimage"},"thumbnailUrl":"https:\/\/hub.ortopedie.md\/wp-content\/uploads\/2018\/04\/138.jpg","datePublished":"2026-03-12T15:22:42+00:00","breadcrumb":{"@id":"https:\/\/hub.ortopedie.md\/en\/shop\/posture-corrector-posture-corrector-spain-138\/#breadcrumb"},"inLanguage":"en-US","potentialAction":[{"@type":"ReadAction","target":["https:\/\/hub.ortopedie.md\/en\/shop\/posture-corrector-posture-corrector-spain-138\/"]}]},{"@type":"ImageObject","inLanguage":"en-US","@id":"https:\/\/hub.ortopedie.md\/en\/shop\/posture-corrector-posture-corrector-spain-138\/#primaryimage","url":"https:\/\/hub.ortopedie.md\/wp-content\/uploads\/2018\/04\/138.jpg","contentUrl":"https:\/\/hub.ortopedie.md\/wp-content\/uploads\/2018\/04\/138.jpg","width":1000,"height":1231},{"@type":"BreadcrumbList","@id":"https:\/\/hub.ortopedie.md\/en\/shop\/posture-corrector-posture-corrector-spain-138\/#breadcrumb","itemListElement":[{"@type":"ListItem","position":1,"name":"Prima pagin\u0103","item":"https:\/\/hub.ortopedie.md\/en\/"},{"@type":"ListItem","position":2,"name":"Produse","item":"https:\/\/hub.ortopedie.md\/shop\/"},{"@type":"ListItem","position":3,"name":"Posture Corrector (Posture Corrector) Spain 138"}]},{"@type":"WebSite","@id":"https:\/\/hub.ortopedie.md\/#website","url":"https:\/\/hub.ortopedie.md\/","name":"Hub Ortopedie - Magazin ortopedic. \u041e\u0440\u0442\u043e\u043f\u0435\u0434\u0438\u0447\u0435\u0441\u043a\u0438\u0439 \u043c\u0430\u0433\u0430\u0437\u0438\u043d","description":"S\u0103n\u0103tate, confort, calitate","publisher":{"@id":"https:\/\/hub.ortopedie.md\/#organization"},"potentialAction":[{"@type":"SearchAction","target":{"@type":"EntryPoint","urlTemplate":"https:\/\/hub.ortopedie.md\/?s={search_term_string}"},"query-input":{"@type":"PropertyValueSpecification","valueRequired":true,"valueName":"search_term_string"}}],"inLanguage":"en-US"},{"@type":"Organization","@id":"https:\/\/hub.ortopedie.md\/#organization","name":"HUB ORTOPEDIE","url":"https:\/\/hub.ortopedie.md\/","logo":{"@type":"ImageObject","inLanguage":"en-US","@id":"https:\/\/hub.ortopedie.md\/#\/schema\/logo\/image\/","url":"https:\/\/hub.ortopedie.md\/wp-content\/uploads\/2018\/01\/hub-logo.png","contentUrl":"https:\/\/hub.ortopedie.md\/wp-content\/uploads\/2018\/01\/hub-logo.png","width":124,"height":90,"caption":"HUB ORTOPEDIE"},"image":{"@id":"https:\/\/hub.ortopedie.md\/#\/schema\/logo\/image\/"},"sameAs":["https:\/\/www.facebook.com\/ORTOPEDIE.MD\/","https:\/\/www.instagram.com\/hub_ortopedie\/"]}]},"product_price_amount":"1400.00","product_price_currency":"MDL","og_availability":"instock","product_availability":"instock","product_retailer_item_id":"138-EN","product_condition":"new"},"jetpack_sharing_enabled":true,"brands":[{"id":217,"name":"PRIM","slug":"prim"}],"_links":{"self":[{"href":"https:\/\/hub.ortopedie.md\/en\/wp-json\/wp\/v2\/product\/13819","targetHints":{"allow":["GET"]}}],"collection":[{"href":"https:\/\/hub.ortopedie.md\/en\/wp-json\/wp\/v2\/product"}],"about":[{"href":"https:\/\/hub.ortopedie.md\/en\/wp-json\/wp\/v2\/types\/product"}],"wp:featuredmedia":[{"embeddable":true,"href":"https:\/\/hub.ortopedie.md\/en\/wp-json\/wp\/v2\/media\/1809"}],"wp:attachment":[{"href":"https:\/\/hub.ortopedie.md\/en\/wp-json\/wp\/v2\/media?parent=13819"}],"wp:term":[{"taxonomy":"pwb-brand","embeddable":true,"href":"https:\/\/hub.ortopedie.md\/en\/wp-json\/wp\/v2\/pwb-brand?post=13819"},{"taxonomy":"product_brand","embeddable":true,"href":"https:\/\/hub.ortopedie.md\/en\/wp-json\/wp\/v2\/product_brand?post=13819"},{"taxonomy":"product_cat","embeddable":true,"href":"https:\/\/hub.ortopedie.md\/en\/wp-json\/wp\/v2\/product_cat?post=13819"},{"taxonomy":"product_tag","embeddable":true,"href":"https:\/\/hub.ortopedie.md\/en\/wp-json\/wp\/v2\/product_tag?post=13819"}],"curies":[{"name":"wp","href":"https:\/\/api.w.org\/{rel}","templated":true}]}}