{"id":13823,"date":"2026-03-12T17:22:43","date_gmt":"2026-03-12T15:22:43","guid":{"rendered":"https:\/\/hub.ortopedie.md\/shop\/corset-thoraco-lumbosacral-prim-spain-6037\/"},"modified":"2026-03-12T17:22:43","modified_gmt":"2026-03-12T15:22:43","slug":"corset-thoraco-lumbosacral-prim-spain-6037","status":"publish","type":"product","link":"https:\/\/hub.ortopedie.md\/en\/shop\/corset-thoraco-lumbosacral-prim-spain-6037\/","title":{"rendered":"Corset thoraco-lumbosacral Prim Spain 6037"},"content":{"rendered":"<table style=\"height: 227px;\" width=\"479\">\n<tbody>\n<tr>\n<td rowspan=\"2\" width=\"38\">REF.<\/td>\n<td colspan=\"6\" width=\"246\">dimensiune (CM)<\/td>\n<\/tr>\n<tr>\n<td width=\"33\">\n<p style=\"text-align: center;\">XS<\/p>\n<\/td>\n<td style=\"text-align: center;\" width=\"33\">S<\/td>\n<td style=\"text-align: center;\" width=\"38\">M<\/td>\n<td style=\"text-align: center;\" width=\"47\">L<\/td>\n<td style=\"text-align: center;\" width=\"47\">XL<\/td>\n<td width=\"48\">\n<p style=\"text-align: center;\">XXL<\/p>\n<\/td>\n<\/tr>\n<tr>\n<td width=\"38\">6037<\/p>\n<p>6037G<\/td>\n<td width=\"33\">70-85<\/td>\n<td width=\"33\">80-95<\/td>\n<td width=\"38\">90-105<\/td>\n<td width=\"47\">100-115<\/td>\n<td width=\"47\">110-125<\/td>\n<td width=\"48\">120-135<\/td>\n<\/tr>\n<\/tbody>\n<\/table>\n<p><strong>Caracteristici :<\/strong><br \/>\n\u021aes\u0103tura suportului din spate este o dubl\u0103 elastic\u0103 din material textil, compus\u0103 din dou\u0103 \u021bes\u0103turi \u00eentinse. Principala sa caracteristic\u0103 este faptul c\u0103 respir\u0103, \u00a0grosimea \u0219i elasticitatea \u021bes\u0103turii \u00een toate direc\u021biile este aceea\u0219i, ceea ce faciliteaz\u0103 adaptarea dup\u0103 corp.<br \/>\nConstruc\u021bie confortabil\u0103, u\u0219oar\u0103 \u0219i \u00eenalt\u0103.<br \/>\n<b>Efecte:<\/b><br \/>\nSuport lumbar, toracal<br \/>\n<strong>Indica\u021bii:<\/strong><br \/>\nLumbago, Lumbosciatic\u0103, Lumbocruralgia, Discartroza, Boala discului, Osteoporoza, Osteomalacia, hernie disc -perioada pre \u0219i postoperatorie.<\/p>\n","protected":false},"excerpt":{"rendered":"<p>REF. dimensiune (CM) XS S M L XL XXL 6037  [&#8230;]<\/p>\n","protected":false},"featured_media":2695,"template":"","meta":[],"pwb-brand":[217],"product_brand":[],"product_cat":[897],"product_tag":[],"class_list":{"0":"post-13823","1":"product","2":"type-product","3":"status-publish","4":"has-post-thumbnail","6":"pwb-brand-prim","7":"product_cat-orthoses-amp-braces","9":"first","10":"outofstock","11":"product-type-variable"},"yoast_head":"<!-- This site is optimized with the Yoast SEO Premium plugin v18.3 (Yoast SEO v27.4) - https:\/\/yoast.com\/product\/yoast-seo-premium-wordpress\/ -->\n<title>Corset thoraco-lumbosacral Prim Spain 6037 - HUB Ortopedie<\/title>\n<meta name=\"robots\" content=\"index, follow, max-snippet:-1, max-image-preview:large, max-video-preview:-1\" \/>\n<link rel=\"canonical\" href=\"https:\/\/hub.ortopedie.md\/en\/shop\/corset-thoraco-lumbosacral-prim-spain-6037\/\" \/>\n<meta property=\"og:locale\" content=\"en_US\" \/>\n<meta property=\"og:type\" content=\"article\" \/>\n<meta property=\"og:title\" content=\"Corset thoraco-lumbosacral Prim Spain 6037\" \/>\n<meta property=\"og:description\" content=\"REF. dimensiune (CM) XS S M L XL XXL 6037 [...]\" \/>\n<meta property=\"og:url\" content=\"https:\/\/hub.ortopedie.md\/en\/shop\/corset-thoraco-lumbosacral-prim-spain-6037\/\" \/>\n<meta property=\"og:site_name\" content=\"Hub Ortopedie - Magazin ortopedic. \u041e\u0440\u0442\u043e\u043f\u0435\u0434\u0438\u0447\u0435\u0441\u043a\u0438\u0439 \u043c\u0430\u0433\u0430\u0437\u0438\u043d\" \/>\n<meta property=\"article:publisher\" content=\"https:\/\/www.facebook.com\/ORTOPEDIE.MD\/\" \/>\n<meta property=\"og:image\" content=\"https:\/\/hub.ortopedie.md\/wp-content\/uploads\/2018\/04\/6037.png\" \/>\n\t<meta property=\"og:image:width\" content=\"302\" \/>\n\t<meta property=\"og:image:height\" content=\"326\" \/>\n\t<meta property=\"og:image:type\" content=\"image\/png\" \/>\n<meta name=\"twitter:label1\" content=\"Availability\" \/>\n\t<meta name=\"twitter:data1\" content=\"Out of stock\" \/>\n<script type=\"application\/ld+json\" class=\"yoast-schema-graph\">{\"@context\":\"https:\\\/\\\/schema.org\",\"@graph\":[{\"@type\":\"WebPage\",\"@id\":\"https:\\\/\\\/hub.ortopedie.md\\\/en\\\/shop\\\/corset-thoraco-lumbosacral-prim-spain-6037\\\/\",\"url\":\"https:\\\/\\\/hub.ortopedie.md\\\/en\\\/shop\\\/corset-thoraco-lumbosacral-prim-spain-6037\\\/\",\"name\":\"Corset thoraco-lumbosacral Prim Spain 6037 - HUB Ortopedie\",\"isPartOf\":{\"@id\":\"https:\\\/\\\/hub.ortopedie.md\\\/#website\"},\"primaryImageOfPage\":{\"@id\":\"https:\\\/\\\/hub.ortopedie.md\\\/en\\\/shop\\\/corset-thoraco-lumbosacral-prim-spain-6037\\\/#primaryimage\"},\"image\":{\"@id\":\"https:\\\/\\\/hub.ortopedie.md\\\/en\\\/shop\\\/corset-thoraco-lumbosacral-prim-spain-6037\\\/#primaryimage\"},\"thumbnailUrl\":\"https:\\\/\\\/hub.ortopedie.md\\\/wp-content\\\/uploads\\\/2018\\\/04\\\/6037.png\",\"datePublished\":\"2026-03-12T15:22:43+00:00\",\"breadcrumb\":{\"@id\":\"https:\\\/\\\/hub.ortopedie.md\\\/en\\\/shop\\\/corset-thoraco-lumbosacral-prim-spain-6037\\\/#breadcrumb\"},\"inLanguage\":\"en-US\",\"potentialAction\":[{\"@type\":\"ReadAction\",\"target\":[\"https:\\\/\\\/hub.ortopedie.md\\\/en\\\/shop\\\/corset-thoraco-lumbosacral-prim-spain-6037\\\/\"]}]},{\"@type\":\"ImageObject\",\"inLanguage\":\"en-US\",\"@id\":\"https:\\\/\\\/hub.ortopedie.md\\\/en\\\/shop\\\/corset-thoraco-lumbosacral-prim-spain-6037\\\/#primaryimage\",\"url\":\"https:\\\/\\\/hub.ortopedie.md\\\/wp-content\\\/uploads\\\/2018\\\/04\\\/6037.png\",\"contentUrl\":\"https:\\\/\\\/hub.ortopedie.md\\\/wp-content\\\/uploads\\\/2018\\\/04\\\/6037.png\",\"width\":302,\"height\":326},{\"@type\":\"BreadcrumbList\",\"@id\":\"https:\\\/\\\/hub.ortopedie.md\\\/en\\\/shop\\\/corset-thoraco-lumbosacral-prim-spain-6037\\\/#breadcrumb\",\"itemListElement\":[{\"@type\":\"ListItem\",\"position\":1,\"name\":\"Prima pagin\u0103\",\"item\":\"https:\\\/\\\/hub.ortopedie.md\\\/en\\\/\"},{\"@type\":\"ListItem\",\"position\":2,\"name\":\"Produse\",\"item\":\"https:\\\/\\\/hub.ortopedie.md\\\/shop\\\/\"},{\"@type\":\"ListItem\",\"position\":3,\"name\":\"Corset thoraco-lumbosacral Prim Spain 6037\"}]},{\"@type\":\"WebSite\",\"@id\":\"https:\\\/\\\/hub.ortopedie.md\\\/#website\",\"url\":\"https:\\\/\\\/hub.ortopedie.md\\\/\",\"name\":\"Hub Ortopedie - Magazin ortopedic. \u041e\u0440\u0442\u043e\u043f\u0435\u0434\u0438\u0447\u0435\u0441\u043a\u0438\u0439 \u043c\u0430\u0433\u0430\u0437\u0438\u043d\",\"description\":\"S\u0103n\u0103tate, confort, calitate\",\"publisher\":{\"@id\":\"https:\\\/\\\/hub.ortopedie.md\\\/#organization\"},\"potentialAction\":[{\"@type\":\"SearchAction\",\"target\":{\"@type\":\"EntryPoint\",\"urlTemplate\":\"https:\\\/\\\/hub.ortopedie.md\\\/?s={search_term_string}\"},\"query-input\":{\"@type\":\"PropertyValueSpecification\",\"valueRequired\":true,\"valueName\":\"search_term_string\"}}],\"inLanguage\":\"en-US\"},{\"@type\":\"Organization\",\"@id\":\"https:\\\/\\\/hub.ortopedie.md\\\/#organization\",\"name\":\"HUB ORTOPEDIE\",\"url\":\"https:\\\/\\\/hub.ortopedie.md\\\/\",\"logo\":{\"@type\":\"ImageObject\",\"inLanguage\":\"en-US\",\"@id\":\"https:\\\/\\\/hub.ortopedie.md\\\/#\\\/schema\\\/logo\\\/image\\\/\",\"url\":\"https:\\\/\\\/hub.ortopedie.md\\\/wp-content\\\/uploads\\\/2018\\\/01\\\/hub-logo.png\",\"contentUrl\":\"https:\\\/\\\/hub.ortopedie.md\\\/wp-content\\\/uploads\\\/2018\\\/01\\\/hub-logo.png\",\"width\":124,\"height\":90,\"caption\":\"HUB ORTOPEDIE\"},\"image\":{\"@id\":\"https:\\\/\\\/hub.ortopedie.md\\\/#\\\/schema\\\/logo\\\/image\\\/\"},\"sameAs\":[\"https:\\\/\\\/www.facebook.com\\\/ORTOPEDIE.MD\\\/\",\"https:\\\/\\\/www.instagram.com\\\/hub_ortopedie\\\/\"]}]}<\/script>\n<meta property=\"og:availability\" content=\"out of stock\" \/>\n<meta property=\"product:availability\" content=\"out of stock\" \/>\n<meta property=\"product:retailer_item_id\" content=\"6037-EN\" \/>\n<meta property=\"product:condition\" content=\"new\" \/>\n<!-- \/ Yoast SEO Premium plugin. -->","yoast_head_json":{"title":"Corset thoraco-lumbosacral Prim Spain 6037 - HUB Ortopedie","robots":{"index":"index","follow":"follow","max-snippet":"max-snippet:-1","max-image-preview":"max-image-preview:large","max-video-preview":"max-video-preview:-1"},"canonical":"https:\/\/hub.ortopedie.md\/en\/shop\/corset-thoraco-lumbosacral-prim-spain-6037\/","og_locale":"en_US","og_type":"article","og_title":"Corset thoraco-lumbosacral Prim Spain 6037","og_description":"REF. dimensiune (CM) XS S M L XL XXL 6037 [...]","og_url":"https:\/\/hub.ortopedie.md\/en\/shop\/corset-thoraco-lumbosacral-prim-spain-6037\/","og_site_name":"Hub Ortopedie - Magazin ortopedic. \u041e\u0440\u0442\u043e\u043f\u0435\u0434\u0438\u0447\u0435\u0441\u043a\u0438\u0439 \u043c\u0430\u0433\u0430\u0437\u0438\u043d","article_publisher":"https:\/\/www.facebook.com\/ORTOPEDIE.MD\/","og_image":[{"width":302,"height":326,"url":"https:\/\/hub.ortopedie.md\/wp-content\/uploads\/2018\/04\/6037.png","type":"image\/png"}],"twitter_misc":{"Availability":"Out of stock"},"schema":{"@context":"https:\/\/schema.org","@graph":[{"@type":"WebPage","@id":"https:\/\/hub.ortopedie.md\/en\/shop\/corset-thoraco-lumbosacral-prim-spain-6037\/","url":"https:\/\/hub.ortopedie.md\/en\/shop\/corset-thoraco-lumbosacral-prim-spain-6037\/","name":"Corset thoraco-lumbosacral Prim Spain 6037 - HUB Ortopedie","isPartOf":{"@id":"https:\/\/hub.ortopedie.md\/#website"},"primaryImageOfPage":{"@id":"https:\/\/hub.ortopedie.md\/en\/shop\/corset-thoraco-lumbosacral-prim-spain-6037\/#primaryimage"},"image":{"@id":"https:\/\/hub.ortopedie.md\/en\/shop\/corset-thoraco-lumbosacral-prim-spain-6037\/#primaryimage"},"thumbnailUrl":"https:\/\/hub.ortopedie.md\/wp-content\/uploads\/2018\/04\/6037.png","datePublished":"2026-03-12T15:22:43+00:00","breadcrumb":{"@id":"https:\/\/hub.ortopedie.md\/en\/shop\/corset-thoraco-lumbosacral-prim-spain-6037\/#breadcrumb"},"inLanguage":"en-US","potentialAction":[{"@type":"ReadAction","target":["https:\/\/hub.ortopedie.md\/en\/shop\/corset-thoraco-lumbosacral-prim-spain-6037\/"]}]},{"@type":"ImageObject","inLanguage":"en-US","@id":"https:\/\/hub.ortopedie.md\/en\/shop\/corset-thoraco-lumbosacral-prim-spain-6037\/#primaryimage","url":"https:\/\/hub.ortopedie.md\/wp-content\/uploads\/2018\/04\/6037.png","contentUrl":"https:\/\/hub.ortopedie.md\/wp-content\/uploads\/2018\/04\/6037.png","width":302,"height":326},{"@type":"BreadcrumbList","@id":"https:\/\/hub.ortopedie.md\/en\/shop\/corset-thoraco-lumbosacral-prim-spain-6037\/#breadcrumb","itemListElement":[{"@type":"ListItem","position":1,"name":"Prima pagin\u0103","item":"https:\/\/hub.ortopedie.md\/en\/"},{"@type":"ListItem","position":2,"name":"Produse","item":"https:\/\/hub.ortopedie.md\/shop\/"},{"@type":"ListItem","position":3,"name":"Corset thoraco-lumbosacral Prim Spain 6037"}]},{"@type":"WebSite","@id":"https:\/\/hub.ortopedie.md\/#website","url":"https:\/\/hub.ortopedie.md\/","name":"Hub Ortopedie - Magazin ortopedic. \u041e\u0440\u0442\u043e\u043f\u0435\u0434\u0438\u0447\u0435\u0441\u043a\u0438\u0439 \u043c\u0430\u0433\u0430\u0437\u0438\u043d","description":"S\u0103n\u0103tate, confort, calitate","publisher":{"@id":"https:\/\/hub.ortopedie.md\/#organization"},"potentialAction":[{"@type":"SearchAction","target":{"@type":"EntryPoint","urlTemplate":"https:\/\/hub.ortopedie.md\/?s={search_term_string}"},"query-input":{"@type":"PropertyValueSpecification","valueRequired":true,"valueName":"search_term_string"}}],"inLanguage":"en-US"},{"@type":"Organization","@id":"https:\/\/hub.ortopedie.md\/#organization","name":"HUB ORTOPEDIE","url":"https:\/\/hub.ortopedie.md\/","logo":{"@type":"ImageObject","inLanguage":"en-US","@id":"https:\/\/hub.ortopedie.md\/#\/schema\/logo\/image\/","url":"https:\/\/hub.ortopedie.md\/wp-content\/uploads\/2018\/01\/hub-logo.png","contentUrl":"https:\/\/hub.ortopedie.md\/wp-content\/uploads\/2018\/01\/hub-logo.png","width":124,"height":90,"caption":"HUB ORTOPEDIE"},"image":{"@id":"https:\/\/hub.ortopedie.md\/#\/schema\/logo\/image\/"},"sameAs":["https:\/\/www.facebook.com\/ORTOPEDIE.MD\/","https:\/\/www.instagram.com\/hub_ortopedie\/"]}]},"og_availability":"out of stock","product_availability":"out of stock","product_retailer_item_id":"6037-EN","product_condition":"new"},"jetpack_sharing_enabled":true,"brands":[{"id":217,"name":"PRIM","slug":"prim"}],"_links":{"self":[{"href":"https:\/\/hub.ortopedie.md\/en\/wp-json\/wp\/v2\/product\/13823","targetHints":{"allow":["GET"]}}],"collection":[{"href":"https:\/\/hub.ortopedie.md\/en\/wp-json\/wp\/v2\/product"}],"about":[{"href":"https:\/\/hub.ortopedie.md\/en\/wp-json\/wp\/v2\/types\/product"}],"wp:featuredmedia":[{"embeddable":true,"href":"https:\/\/hub.ortopedie.md\/en\/wp-json\/wp\/v2\/media\/2695"}],"wp:attachment":[{"href":"https:\/\/hub.ortopedie.md\/en\/wp-json\/wp\/v2\/media?parent=13823"}],"wp:term":[{"taxonomy":"pwb-brand","embeddable":true,"href":"https:\/\/hub.ortopedie.md\/en\/wp-json\/wp\/v2\/pwb-brand?post=13823"},{"taxonomy":"product_brand","embeddable":true,"href":"https:\/\/hub.ortopedie.md\/en\/wp-json\/wp\/v2\/product_brand?post=13823"},{"taxonomy":"product_cat","embeddable":true,"href":"https:\/\/hub.ortopedie.md\/en\/wp-json\/wp\/v2\/product_cat?post=13823"},{"taxonomy":"product_tag","embeddable":true,"href":"https:\/\/hub.ortopedie.md\/en\/wp-json\/wp\/v2\/product_tag?post=13823"}],"curies":[{"name":"wp","href":"https:\/\/api.w.org\/{rel}","templated":true}]}}