{"id":13834,"date":"2026-03-12T17:22:46","date_gmt":"2026-03-12T15:22:46","guid":{"rendered":"https:\/\/hub.ortopedie.md\/shop\/corset-hiperextensie-c35\/"},"modified":"2026-03-12T17:22:46","modified_gmt":"2026-03-12T15:22:46","slug":"corset-hiperextensie-c35","status":"publish","type":"product","link":"https:\/\/hub.ortopedie.md\/en\/shop\/corset-hiperextensie-c35\/","title":{"rendered":"Corset hiperextensie C35"},"content":{"rendered":"<p>Corsetul hiperextensie este produs for a fixa trunchiul corpului \u0219i anume coloana vertebral\u0103 \u00een pozi\u021bie corect\u0103 \u00een caz fracturi la nivelul vertebrelor toracale. Corsetul este purtat \u00een perioada acut\u0103 a traumei p\u00e2n\u0103 la 3 luni continuu. Datorit\u0103 faptului c\u0103 nu are compresie asupra Corsetului muscular abdominal nu are contraindica\u021bii for a fi purtat.<\/p>\n<p>Este fabricat din materiale bune \u0219i durabile, se ajusteaz\u0103 lateral \u0219i la nivelul pieptului (Sternul)pentru a ob\u021bine o fixare mai bun\u0103.<\/p>\n<p>Este c\u0103ptu\u0219it cu material natural soft \u00een regiunile aderente corpului (sub bra\u021b, la piept \u0219i la abdomen) for maxim confort.<\/p>\n<table class=\" aligncenter\" style=\"border-style: 1px;\">\n<thead>\n<tr style=\"border-style: solid;\">\n<td style=\"width: 162px; height: 48px;\">Cod produs<\/td>\n<td style=\"width: 200px; height: 24px;\">M\u0103rimi<\/td>\n<td style=\"width: 202px; height: 24px;\">\u0218olduri<\/td>\n<td style=\"width: 217px; height: 24px;\">\u00eenal\u021bimea trunchiului<\/td>\n<\/tr>\n<\/thead>\n<tbody>\n<tr style=\"height: 24px;\">\n<td style=\"width: 162px; height: 96px;\" rowspan=\"4\">C35<\/td>\n<td style=\"width: 200px; height: 24px;\">S<\/td>\n<td style=\"width: 202px; height: 24px;\">76 &#8211; 83 cm<\/td>\n<td style=\"width: 217px; height: 24px;\">43 &#8211; 47 cm<\/td>\n<\/tr>\n<tr style=\"height: 24px;\">\n<td style=\"width: 200px; height: 24px;\">M<\/td>\n<td style=\"width: 202px; height: 24px;\">83 &#8211; 94 cm<\/td>\n<td style=\"width: 217px; height: 24px;\">45 &#8211; 50 cm<\/td>\n<\/tr>\n<tr style=\"height: 24px;\">\n<td style=\"width: 200px; height: 24px;\">L<\/td>\n<td style=\"width: 202px; height: 24px;\">94 &#8211; 104 cm<\/td>\n<td style=\"width: 217px; height: 24px;\">48 &#8211; 54 cm<\/td>\n<\/tr>\n<tr style=\"height: 24px;\">\n<td style=\"width: 200px; height: 24px;\">XL<\/td>\n<td style=\"width: 202px; height: 24px;\">104 -114 cm<\/td>\n<td style=\"width: 217px; height: 24px;\">53 &#8211; 59 cm<\/td>\n<\/tr>\n<tr style=\"height: 28px;\">\n<td style=\"width: 162px; height: 84px;\" rowspan=\"3\">C35C<\/p>\n<p>(scurt)<\/td>\n<td style=\"width: 200px; height: 28px;\">M\/C<\/td>\n<td style=\"width: 202px; height: 28px;\">83 &#8211; 94 cm<\/td>\n<td style=\"width: 217px; height: 28px;\">43 &#8211; 47 cm<\/td>\n<\/tr>\n<tr style=\"height: 28px;\">\n<td style=\"width: 200px; height: 28px;\">L\/C<\/td>\n<td style=\"width: 202px; height: 28px;\">94 &#8211; 104 cm<\/td>\n<td style=\"width: 217px; height: 28px;\">45 &#8211; 50 cm<\/td>\n<\/tr>\n<tr style=\"height: 28px;\">\n<td style=\"width: 200px; height: 28px;\">XL\/C<\/td>\n<td style=\"width: 202px; height: 28px;\">104 -114 cm<\/td>\n<td style=\"width: 217px; height: 28px;\">48 &#8211; 54 cm<\/td>\n<\/tr>\n<\/tbody>\n<\/table>\n","protected":false},"excerpt":{"rendered":"<p>Corsetul hiperextensie este produs for a fixa trunchiul corpului \u0219i  [&#8230;]<\/p>\n","protected":false},"featured_media":1698,"template":"","meta":[],"pwb-brand":[217],"product_brand":[],"product_cat":[897],"product_tag":[],"class_list":{"0":"post-13834","1":"product","2":"type-product","3":"status-publish","4":"has-post-thumbnail","6":"pwb-brand-prim","7":"product_cat-orthoses-amp-braces","9":"first","10":"outofstock","11":"product-type-variable"},"yoast_head":"<!-- This site is optimized with the Yoast SEO Premium plugin v18.3 (Yoast SEO v27.4) - https:\/\/yoast.com\/product\/yoast-seo-premium-wordpress\/ -->\n<title>Corset hiperextensie C35 - HUB Ortopedie<\/title>\n<meta name=\"description\" content=\"Corsetul hiperextensie este produs for a fixa trunchiul corpului \u0219i anume coloana vertebral\u0103 \u00een pozi\u021bie corect\u0103 \u00een caz fracturi la nivelul vertebrelor toracale.\" \/>\n<meta name=\"robots\" content=\"index, follow, max-snippet:-1, max-image-preview:large, max-video-preview:-1\" \/>\n<link rel=\"canonical\" href=\"https:\/\/hub.ortopedie.md\/en\/shop\/corset-hiperextensie-c35\/\" \/>\n<meta property=\"og:locale\" content=\"en_US\" \/>\n<meta property=\"og:type\" content=\"article\" \/>\n<meta property=\"og:title\" content=\"Corset hiperextensie C35\" \/>\n<meta property=\"og:description\" content=\"Corsetul hiperextensie este produs for a fixa trunchiul corpului \u0219i anume coloana vertebral\u0103 \u00een pozi\u021bie corect\u0103 \u00een caz fracturi la nivelul vertebrelor toracale.\" \/>\n<meta property=\"og:url\" content=\"https:\/\/hub.ortopedie.md\/en\/shop\/corset-hiperextensie-c35\/\" \/>\n<meta property=\"og:site_name\" content=\"Hub Ortopedie - Magazin ortopedic. \u041e\u0440\u0442\u043e\u043f\u0435\u0434\u0438\u0447\u0435\u0441\u043a\u0438\u0439 \u043c\u0430\u0433\u0430\u0437\u0438\u043d\" \/>\n<meta property=\"article:publisher\" content=\"https:\/\/www.facebook.com\/ORTOPEDIE.MD\/\" \/>\n<meta property=\"og:image\" content=\"https:\/\/hub.ortopedie.md\/wp-content\/uploads\/2018\/04\/c35_plus_avant.jpg\" \/>\n\t<meta property=\"og:image:width\" content=\"1500\" \/>\n\t<meta property=\"og:image:height\" content=\"1500\" \/>\n\t<meta property=\"og:image:type\" content=\"image\/jpeg\" \/>\n<meta name=\"twitter:label1\" content=\"Availability\" \/>\n\t<meta name=\"twitter:data1\" content=\"Out of stock\" \/>\n<script type=\"application\/ld+json\" class=\"yoast-schema-graph\">{\"@context\":\"https:\\\/\\\/schema.org\",\"@graph\":[{\"@type\":\"WebPage\",\"@id\":\"https:\\\/\\\/hub.ortopedie.md\\\/en\\\/shop\\\/corset-hiperextensie-c35\\\/\",\"url\":\"https:\\\/\\\/hub.ortopedie.md\\\/en\\\/shop\\\/corset-hiperextensie-c35\\\/\",\"name\":\"Corset hiperextensie C35 - HUB Ortopedie\",\"isPartOf\":{\"@id\":\"https:\\\/\\\/hub.ortopedie.md\\\/#website\"},\"primaryImageOfPage\":{\"@id\":\"https:\\\/\\\/hub.ortopedie.md\\\/en\\\/shop\\\/corset-hiperextensie-c35\\\/#primaryimage\"},\"image\":{\"@id\":\"https:\\\/\\\/hub.ortopedie.md\\\/en\\\/shop\\\/corset-hiperextensie-c35\\\/#primaryimage\"},\"thumbnailUrl\":\"https:\\\/\\\/hub.ortopedie.md\\\/wp-content\\\/uploads\\\/2018\\\/04\\\/c35_plus_avant.jpg\",\"datePublished\":\"2026-03-12T15:22:46+00:00\",\"description\":\"Corsetul hiperextensie este produs for a fixa trunchiul corpului \u0219i anume coloana vertebral\u0103 \u00een pozi\u021bie corect\u0103 \u00een caz fracturi la nivelul vertebrelor toracale.\",\"breadcrumb\":{\"@id\":\"https:\\\/\\\/hub.ortopedie.md\\\/en\\\/shop\\\/corset-hiperextensie-c35\\\/#breadcrumb\"},\"inLanguage\":\"en-US\",\"potentialAction\":[{\"@type\":\"ReadAction\",\"target\":[\"https:\\\/\\\/hub.ortopedie.md\\\/en\\\/shop\\\/corset-hiperextensie-c35\\\/\"]}]},{\"@type\":\"ImageObject\",\"inLanguage\":\"en-US\",\"@id\":\"https:\\\/\\\/hub.ortopedie.md\\\/en\\\/shop\\\/corset-hiperextensie-c35\\\/#primaryimage\",\"url\":\"https:\\\/\\\/hub.ortopedie.md\\\/wp-content\\\/uploads\\\/2018\\\/04\\\/c35_plus_avant.jpg\",\"contentUrl\":\"https:\\\/\\\/hub.ortopedie.md\\\/wp-content\\\/uploads\\\/2018\\\/04\\\/c35_plus_avant.jpg\",\"width\":1500,\"height\":1500},{\"@type\":\"BreadcrumbList\",\"@id\":\"https:\\\/\\\/hub.ortopedie.md\\\/en\\\/shop\\\/corset-hiperextensie-c35\\\/#breadcrumb\",\"itemListElement\":[{\"@type\":\"ListItem\",\"position\":1,\"name\":\"Prima pagin\u0103\",\"item\":\"https:\\\/\\\/hub.ortopedie.md\\\/en\\\/\"},{\"@type\":\"ListItem\",\"position\":2,\"name\":\"Produse\",\"item\":\"https:\\\/\\\/hub.ortopedie.md\\\/shop\\\/\"},{\"@type\":\"ListItem\",\"position\":3,\"name\":\"Corset hiperextensie C35\"}]},{\"@type\":\"WebSite\",\"@id\":\"https:\\\/\\\/hub.ortopedie.md\\\/#website\",\"url\":\"https:\\\/\\\/hub.ortopedie.md\\\/\",\"name\":\"Hub Ortopedie - Magazin ortopedic. \u041e\u0440\u0442\u043e\u043f\u0435\u0434\u0438\u0447\u0435\u0441\u043a\u0438\u0439 \u043c\u0430\u0433\u0430\u0437\u0438\u043d\",\"description\":\"S\u0103n\u0103tate, confort, calitate\",\"publisher\":{\"@id\":\"https:\\\/\\\/hub.ortopedie.md\\\/#organization\"},\"potentialAction\":[{\"@type\":\"SearchAction\",\"target\":{\"@type\":\"EntryPoint\",\"urlTemplate\":\"https:\\\/\\\/hub.ortopedie.md\\\/?s={search_term_string}\"},\"query-input\":{\"@type\":\"PropertyValueSpecification\",\"valueRequired\":true,\"valueName\":\"search_term_string\"}}],\"inLanguage\":\"en-US\"},{\"@type\":\"Organization\",\"@id\":\"https:\\\/\\\/hub.ortopedie.md\\\/#organization\",\"name\":\"HUB ORTOPEDIE\",\"url\":\"https:\\\/\\\/hub.ortopedie.md\\\/\",\"logo\":{\"@type\":\"ImageObject\",\"inLanguage\":\"en-US\",\"@id\":\"https:\\\/\\\/hub.ortopedie.md\\\/#\\\/schema\\\/logo\\\/image\\\/\",\"url\":\"https:\\\/\\\/hub.ortopedie.md\\\/wp-content\\\/uploads\\\/2018\\\/01\\\/hub-logo.png\",\"contentUrl\":\"https:\\\/\\\/hub.ortopedie.md\\\/wp-content\\\/uploads\\\/2018\\\/01\\\/hub-logo.png\",\"width\":124,\"height\":90,\"caption\":\"HUB ORTOPEDIE\"},\"image\":{\"@id\":\"https:\\\/\\\/hub.ortopedie.md\\\/#\\\/schema\\\/logo\\\/image\\\/\"},\"sameAs\":[\"https:\\\/\\\/www.facebook.com\\\/ORTOPEDIE.MD\\\/\",\"https:\\\/\\\/www.instagram.com\\\/hub_ortopedie\\\/\"]}]}<\/script>\n<meta property=\"og:availability\" content=\"out of stock\" \/>\n<meta property=\"product:availability\" content=\"out of stock\" \/>\n<meta property=\"product:retailer_item_id\" content=\"5204-EN\" \/>\n<meta property=\"product:condition\" content=\"new\" \/>\n<!-- \/ Yoast SEO Premium plugin. -->","yoast_head_json":{"title":"Corset hiperextensie C35 - HUB Ortopedie","description":"Corsetul hiperextensie este produs for a fixa trunchiul corpului \u0219i anume coloana vertebral\u0103 \u00een pozi\u021bie corect\u0103 \u00een caz fracturi la nivelul vertebrelor toracale.","robots":{"index":"index","follow":"follow","max-snippet":"max-snippet:-1","max-image-preview":"max-image-preview:large","max-video-preview":"max-video-preview:-1"},"canonical":"https:\/\/hub.ortopedie.md\/en\/shop\/corset-hiperextensie-c35\/","og_locale":"en_US","og_type":"article","og_title":"Corset hiperextensie C35","og_description":"Corsetul hiperextensie este produs for a fixa trunchiul corpului \u0219i anume coloana vertebral\u0103 \u00een pozi\u021bie corect\u0103 \u00een caz fracturi la nivelul vertebrelor toracale.","og_url":"https:\/\/hub.ortopedie.md\/en\/shop\/corset-hiperextensie-c35\/","og_site_name":"Hub Ortopedie - Magazin ortopedic. \u041e\u0440\u0442\u043e\u043f\u0435\u0434\u0438\u0447\u0435\u0441\u043a\u0438\u0439 \u043c\u0430\u0433\u0430\u0437\u0438\u043d","article_publisher":"https:\/\/www.facebook.com\/ORTOPEDIE.MD\/","og_image":[{"width":1500,"height":1500,"url":"https:\/\/hub.ortopedie.md\/wp-content\/uploads\/2018\/04\/c35_plus_avant.jpg","type":"image\/jpeg"}],"twitter_misc":{"Availability":"Out of stock"},"schema":{"@context":"https:\/\/schema.org","@graph":[{"@type":"WebPage","@id":"https:\/\/hub.ortopedie.md\/en\/shop\/corset-hiperextensie-c35\/","url":"https:\/\/hub.ortopedie.md\/en\/shop\/corset-hiperextensie-c35\/","name":"Corset hiperextensie C35 - HUB Ortopedie","isPartOf":{"@id":"https:\/\/hub.ortopedie.md\/#website"},"primaryImageOfPage":{"@id":"https:\/\/hub.ortopedie.md\/en\/shop\/corset-hiperextensie-c35\/#primaryimage"},"image":{"@id":"https:\/\/hub.ortopedie.md\/en\/shop\/corset-hiperextensie-c35\/#primaryimage"},"thumbnailUrl":"https:\/\/hub.ortopedie.md\/wp-content\/uploads\/2018\/04\/c35_plus_avant.jpg","datePublished":"2026-03-12T15:22:46+00:00","description":"Corsetul hiperextensie este produs for a fixa trunchiul corpului \u0219i anume coloana vertebral\u0103 \u00een pozi\u021bie corect\u0103 \u00een caz fracturi la nivelul vertebrelor toracale.","breadcrumb":{"@id":"https:\/\/hub.ortopedie.md\/en\/shop\/corset-hiperextensie-c35\/#breadcrumb"},"inLanguage":"en-US","potentialAction":[{"@type":"ReadAction","target":["https:\/\/hub.ortopedie.md\/en\/shop\/corset-hiperextensie-c35\/"]}]},{"@type":"ImageObject","inLanguage":"en-US","@id":"https:\/\/hub.ortopedie.md\/en\/shop\/corset-hiperextensie-c35\/#primaryimage","url":"https:\/\/hub.ortopedie.md\/wp-content\/uploads\/2018\/04\/c35_plus_avant.jpg","contentUrl":"https:\/\/hub.ortopedie.md\/wp-content\/uploads\/2018\/04\/c35_plus_avant.jpg","width":1500,"height":1500},{"@type":"BreadcrumbList","@id":"https:\/\/hub.ortopedie.md\/en\/shop\/corset-hiperextensie-c35\/#breadcrumb","itemListElement":[{"@type":"ListItem","position":1,"name":"Prima pagin\u0103","item":"https:\/\/hub.ortopedie.md\/en\/"},{"@type":"ListItem","position":2,"name":"Produse","item":"https:\/\/hub.ortopedie.md\/shop\/"},{"@type":"ListItem","position":3,"name":"Corset hiperextensie C35"}]},{"@type":"WebSite","@id":"https:\/\/hub.ortopedie.md\/#website","url":"https:\/\/hub.ortopedie.md\/","name":"Hub Ortopedie - Magazin ortopedic. \u041e\u0440\u0442\u043e\u043f\u0435\u0434\u0438\u0447\u0435\u0441\u043a\u0438\u0439 \u043c\u0430\u0433\u0430\u0437\u0438\u043d","description":"S\u0103n\u0103tate, confort, calitate","publisher":{"@id":"https:\/\/hub.ortopedie.md\/#organization"},"potentialAction":[{"@type":"SearchAction","target":{"@type":"EntryPoint","urlTemplate":"https:\/\/hub.ortopedie.md\/?s={search_term_string}"},"query-input":{"@type":"PropertyValueSpecification","valueRequired":true,"valueName":"search_term_string"}}],"inLanguage":"en-US"},{"@type":"Organization","@id":"https:\/\/hub.ortopedie.md\/#organization","name":"HUB ORTOPEDIE","url":"https:\/\/hub.ortopedie.md\/","logo":{"@type":"ImageObject","inLanguage":"en-US","@id":"https:\/\/hub.ortopedie.md\/#\/schema\/logo\/image\/","url":"https:\/\/hub.ortopedie.md\/wp-content\/uploads\/2018\/01\/hub-logo.png","contentUrl":"https:\/\/hub.ortopedie.md\/wp-content\/uploads\/2018\/01\/hub-logo.png","width":124,"height":90,"caption":"HUB ORTOPEDIE"},"image":{"@id":"https:\/\/hub.ortopedie.md\/#\/schema\/logo\/image\/"},"sameAs":["https:\/\/www.facebook.com\/ORTOPEDIE.MD\/","https:\/\/www.instagram.com\/hub_ortopedie\/"]}]},"og_availability":"out of stock","product_availability":"out of stock","product_retailer_item_id":"5204-EN","product_condition":"new"},"jetpack_sharing_enabled":true,"brands":[{"id":217,"name":"PRIM","slug":"prim"}],"_links":{"self":[{"href":"https:\/\/hub.ortopedie.md\/en\/wp-json\/wp\/v2\/product\/13834","targetHints":{"allow":["GET"]}}],"collection":[{"href":"https:\/\/hub.ortopedie.md\/en\/wp-json\/wp\/v2\/product"}],"about":[{"href":"https:\/\/hub.ortopedie.md\/en\/wp-json\/wp\/v2\/types\/product"}],"wp:featuredmedia":[{"embeddable":true,"href":"https:\/\/hub.ortopedie.md\/en\/wp-json\/wp\/v2\/media\/1698"}],"wp:attachment":[{"href":"https:\/\/hub.ortopedie.md\/en\/wp-json\/wp\/v2\/media?parent=13834"}],"wp:term":[{"taxonomy":"pwb-brand","embeddable":true,"href":"https:\/\/hub.ortopedie.md\/en\/wp-json\/wp\/v2\/pwb-brand?post=13834"},{"taxonomy":"product_brand","embeddable":true,"href":"https:\/\/hub.ortopedie.md\/en\/wp-json\/wp\/v2\/product_brand?post=13834"},{"taxonomy":"product_cat","embeddable":true,"href":"https:\/\/hub.ortopedie.md\/en\/wp-json\/wp\/v2\/product_cat?post=13834"},{"taxonomy":"product_tag","embeddable":true,"href":"https:\/\/hub.ortopedie.md\/en\/wp-json\/wp\/v2\/product_tag?post=13834"}],"curies":[{"name":"wp","href":"https:\/\/api.w.org\/{rel}","templated":true}]}}