{"id":13862,"date":"2026-03-12T17:22:57","date_gmt":"2026-03-12T15:22:57","guid":{"rendered":"https:\/\/hub.ortopedie.md\/shop\/orthosis-sold-swash\/"},"modified":"2026-03-12T17:22:57","modified_gmt":"2026-03-12T15:22:57","slug":"orthosis-sold-swash","status":"publish","type":"product","link":"https:\/\/hub.ortopedie.md\/en\/shop\/orthosis-sold-swash\/","title":{"rendered":"Orthosis \u0219old Swash"},"content":{"rendered":"<h3>Probleme ale pacien\u021bilor care sufer\u0103 paralizie cerebral\u0103:<\/h3>\n<ul>\n<li><i><\/i>dificultate \u00een picioare<\/li>\n<li>\u0219edere instabil\u0103<\/li>\n<li>ildificultate la mers<\/li>\n<li>\u00eenc\u0103lcarea dezvolt\u0103rii articula\u021biilor \u0219oldului<\/li>\n<\/ul>\n<h3>orthosis \u0219oldului SWASH:<\/h3>\n<ul>\n<li><i><\/i>stabilizeaz\u0103 articula\u021bia \u0219oldului<\/li>\n<li>elimin\u0103 amenin\u021barea disloc\u0103rii \u0219oldului<\/li>\n<li>p\u0103streaz\u0103 nivelul obi\u0219nuit activitate al copilului<\/li>\n<li>v\u0103 permite s\u0103 \u00eembun\u0103t\u0103\u021bi\u021bi formarea acetabulului<\/li>\n<li>\u00eempiedic\u0103 scurtarea ligamentelor articula\u021biilor<\/li>\n<li>este o alternativ\u0103 la interven\u021bia chirurgical\u0103<\/li>\n<\/ul>\n","protected":false},"excerpt":{"rendered":"<p>Probleme ale pacien\u021bilor care sufer\u0103 paralizie cerebral\u0103: dificultate \u00een picioare  [&#8230;]<\/p>\n","protected":false},"featured_media":1772,"template":"","meta":[],"pwb-brand":[217],"product_brand":[],"product_cat":[897],"product_tag":[],"class_list":{"0":"post-13862","1":"product","2":"type-product","3":"status-publish","4":"has-post-thumbnail","6":"pwb-brand-prim","7":"product_cat-orthoses-amp-braces","9":"first","10":"onbackorder","11":"shipping-taxable","12":"product-type-simple"},"yoast_head":"<!-- This site is optimized with the Yoast SEO Premium plugin v18.3 (Yoast SEO v27.4) - https:\/\/yoast.com\/product\/yoast-seo-premium-wordpress\/ -->\n<title>Orthosis \u0219old Swash \u00een Chi\u0219inau - HUB Ortopedie<\/title>\n<meta name=\"description\" content=\"Orthosis \u0219old Swash este for probleme: dificultate \u00een picioare, \u0219edere instabil\u0103,ildificultate la mers, \u00eenc\u0103lcarea dezvolt\u0103rii articula\u021biilor \u0219oldului..\" \/>\n<meta name=\"robots\" content=\"index, follow, max-snippet:-1, max-image-preview:large, max-video-preview:-1\" \/>\n<link rel=\"canonical\" href=\"https:\/\/hub.ortopedie.md\/en\/shop\/orthosis-sold-swash\/\" \/>\n<meta property=\"og:locale\" content=\"en_US\" \/>\n<meta property=\"og:type\" content=\"article\" \/>\n<meta property=\"og:title\" content=\"Orthosis \u0219old Swash\" \/>\n<meta property=\"og:description\" content=\"Orthosis \u0219old Swash este for probleme: dificultate \u00een picioare, \u0219edere instabil\u0103,ildificultate la mers, \u00eenc\u0103lcarea dezvolt\u0103rii articula\u021biilor \u0219oldului..\" \/>\n<meta property=\"og:url\" content=\"https:\/\/hub.ortopedie.md\/en\/shop\/orthosis-sold-swash\/\" \/>\n<meta property=\"og:site_name\" content=\"Hub Ortopedie - Magazin ortopedic. \u041e\u0440\u0442\u043e\u043f\u0435\u0434\u0438\u0447\u0435\u0441\u043a\u0438\u0439 \u043c\u0430\u0433\u0430\u0437\u0438\u043d\" \/>\n<meta property=\"article:publisher\" content=\"https:\/\/www.facebook.com\/ORTOPEDIE.MD\/\" \/>\n<meta property=\"og:image\" content=\"https:\/\/hub.ortopedie.md\/wp-content\/uploads\/2018\/04\/swash.jpg\" \/>\n\t<meta property=\"og:image:width\" content=\"1000\" \/>\n\t<meta property=\"og:image:height\" content=\"1492\" \/>\n\t<meta property=\"og:image:type\" content=\"image\/jpeg\" \/>\n<meta name=\"twitter:label1\" content=\"Price\" \/>\n\t<meta name=\"twitter:data1\" content=\"\" \/>\n\t<meta name=\"twitter:label2\" content=\"Availability\" \/>\n\t<meta name=\"twitter:data2\" content=\"On backorder\" \/>\n<script type=\"application\/ld+json\" class=\"yoast-schema-graph\">{\"@context\":\"https:\\\/\\\/schema.org\",\"@graph\":[{\"@type\":\"WebPage\",\"@id\":\"https:\\\/\\\/hub.ortopedie.md\\\/en\\\/shop\\\/orthosis-sold-swash\\\/\",\"url\":\"https:\\\/\\\/hub.ortopedie.md\\\/en\\\/shop\\\/orthosis-sold-swash\\\/\",\"name\":\"Orthosis \u0219old Swash \u00een Chi\u0219inau - HUB Ortopedie\",\"isPartOf\":{\"@id\":\"https:\\\/\\\/hub.ortopedie.md\\\/#website\"},\"primaryImageOfPage\":{\"@id\":\"https:\\\/\\\/hub.ortopedie.md\\\/en\\\/shop\\\/orthosis-sold-swash\\\/#primaryimage\"},\"image\":{\"@id\":\"https:\\\/\\\/hub.ortopedie.md\\\/en\\\/shop\\\/orthosis-sold-swash\\\/#primaryimage\"},\"thumbnailUrl\":\"https:\\\/\\\/hub.ortopedie.md\\\/wp-content\\\/uploads\\\/2018\\\/04\\\/swash.jpg\",\"datePublished\":\"2026-03-12T15:22:57+00:00\",\"description\":\"Orthosis \u0219old Swash este for probleme: dificultate \u00een picioare, \u0219edere instabil\u0103,ildificultate la mers, \u00eenc\u0103lcarea dezvolt\u0103rii articula\u021biilor \u0219oldului..\",\"breadcrumb\":{\"@id\":\"https:\\\/\\\/hub.ortopedie.md\\\/en\\\/shop\\\/orthosis-sold-swash\\\/#breadcrumb\"},\"inLanguage\":\"en-US\",\"potentialAction\":[{\"@type\":\"ReadAction\",\"target\":[\"https:\\\/\\\/hub.ortopedie.md\\\/en\\\/shop\\\/orthosis-sold-swash\\\/\"]}]},{\"@type\":\"ImageObject\",\"inLanguage\":\"en-US\",\"@id\":\"https:\\\/\\\/hub.ortopedie.md\\\/en\\\/shop\\\/orthosis-sold-swash\\\/#primaryimage\",\"url\":\"https:\\\/\\\/hub.ortopedie.md\\\/wp-content\\\/uploads\\\/2018\\\/04\\\/swash.jpg\",\"contentUrl\":\"https:\\\/\\\/hub.ortopedie.md\\\/wp-content\\\/uploads\\\/2018\\\/04\\\/swash.jpg\",\"width\":1000,\"height\":1492},{\"@type\":\"BreadcrumbList\",\"@id\":\"https:\\\/\\\/hub.ortopedie.md\\\/en\\\/shop\\\/orthosis-sold-swash\\\/#breadcrumb\",\"itemListElement\":[{\"@type\":\"ListItem\",\"position\":1,\"name\":\"Prima pagin\u0103\",\"item\":\"https:\\\/\\\/hub.ortopedie.md\\\/en\\\/\"},{\"@type\":\"ListItem\",\"position\":2,\"name\":\"Produse\",\"item\":\"https:\\\/\\\/hub.ortopedie.md\\\/shop\\\/\"},{\"@type\":\"ListItem\",\"position\":3,\"name\":\"Orthosis \u0219old Swash\"}]},{\"@type\":\"WebSite\",\"@id\":\"https:\\\/\\\/hub.ortopedie.md\\\/#website\",\"url\":\"https:\\\/\\\/hub.ortopedie.md\\\/\",\"name\":\"Hub Ortopedie - Magazin ortopedic. \u041e\u0440\u0442\u043e\u043f\u0435\u0434\u0438\u0447\u0435\u0441\u043a\u0438\u0439 \u043c\u0430\u0433\u0430\u0437\u0438\u043d\",\"description\":\"S\u0103n\u0103tate, confort, calitate\",\"publisher\":{\"@id\":\"https:\\\/\\\/hub.ortopedie.md\\\/#organization\"},\"potentialAction\":[{\"@type\":\"SearchAction\",\"target\":{\"@type\":\"EntryPoint\",\"urlTemplate\":\"https:\\\/\\\/hub.ortopedie.md\\\/?s={search_term_string}\"},\"query-input\":{\"@type\":\"PropertyValueSpecification\",\"valueRequired\":true,\"valueName\":\"search_term_string\"}}],\"inLanguage\":\"en-US\"},{\"@type\":\"Organization\",\"@id\":\"https:\\\/\\\/hub.ortopedie.md\\\/#organization\",\"name\":\"HUB ORTOPEDIE\",\"url\":\"https:\\\/\\\/hub.ortopedie.md\\\/\",\"logo\":{\"@type\":\"ImageObject\",\"inLanguage\":\"en-US\",\"@id\":\"https:\\\/\\\/hub.ortopedie.md\\\/#\\\/schema\\\/logo\\\/image\\\/\",\"url\":\"https:\\\/\\\/hub.ortopedie.md\\\/wp-content\\\/uploads\\\/2018\\\/01\\\/hub-logo.png\",\"contentUrl\":\"https:\\\/\\\/hub.ortopedie.md\\\/wp-content\\\/uploads\\\/2018\\\/01\\\/hub-logo.png\",\"width\":124,\"height\":90,\"caption\":\"HUB ORTOPEDIE\"},\"image\":{\"@id\":\"https:\\\/\\\/hub.ortopedie.md\\\/#\\\/schema\\\/logo\\\/image\\\/\"},\"sameAs\":[\"https:\\\/\\\/www.facebook.com\\\/ORTOPEDIE.MD\\\/\",\"https:\\\/\\\/www.instagram.com\\\/hub_ortopedie\\\/\"]}]}<\/script>\n<meta property=\"product:price:currency\" content=\"MDL\" \/>\n<meta property=\"og:availability\" content=\"backorder\" \/>\n<meta property=\"product:availability\" content=\"available for order\" \/>\n<meta property=\"product:condition\" content=\"new\" \/>\n<!-- \/ Yoast SEO Premium plugin. -->","yoast_head_json":{"title":"Orthosis \u0219old Swash \u00een Chi\u0219inau - HUB Ortopedie","description":"Orthosis \u0219old Swash este for probleme: dificultate \u00een picioare, \u0219edere instabil\u0103,ildificultate la mers, \u00eenc\u0103lcarea dezvolt\u0103rii articula\u021biilor \u0219oldului..","robots":{"index":"index","follow":"follow","max-snippet":"max-snippet:-1","max-image-preview":"max-image-preview:large","max-video-preview":"max-video-preview:-1"},"canonical":"https:\/\/hub.ortopedie.md\/en\/shop\/orthosis-sold-swash\/","og_locale":"en_US","og_type":"article","og_title":"Orthosis \u0219old Swash","og_description":"Orthosis \u0219old Swash este for probleme: dificultate \u00een picioare, \u0219edere instabil\u0103,ildificultate la mers, \u00eenc\u0103lcarea dezvolt\u0103rii articula\u021biilor \u0219oldului..","og_url":"https:\/\/hub.ortopedie.md\/en\/shop\/orthosis-sold-swash\/","og_site_name":"Hub Ortopedie - Magazin ortopedic. \u041e\u0440\u0442\u043e\u043f\u0435\u0434\u0438\u0447\u0435\u0441\u043a\u0438\u0439 \u043c\u0430\u0433\u0430\u0437\u0438\u043d","article_publisher":"https:\/\/www.facebook.com\/ORTOPEDIE.MD\/","og_image":[{"width":1000,"height":1492,"url":"https:\/\/hub.ortopedie.md\/wp-content\/uploads\/2018\/04\/swash.jpg","type":"image\/jpeg"}],"twitter_misc":{"Price":"","Availability":"On backorder"},"schema":{"@context":"https:\/\/schema.org","@graph":[{"@type":"WebPage","@id":"https:\/\/hub.ortopedie.md\/en\/shop\/orthosis-sold-swash\/","url":"https:\/\/hub.ortopedie.md\/en\/shop\/orthosis-sold-swash\/","name":"Orthosis \u0219old Swash \u00een Chi\u0219inau - HUB Ortopedie","isPartOf":{"@id":"https:\/\/hub.ortopedie.md\/#website"},"primaryImageOfPage":{"@id":"https:\/\/hub.ortopedie.md\/en\/shop\/orthosis-sold-swash\/#primaryimage"},"image":{"@id":"https:\/\/hub.ortopedie.md\/en\/shop\/orthosis-sold-swash\/#primaryimage"},"thumbnailUrl":"https:\/\/hub.ortopedie.md\/wp-content\/uploads\/2018\/04\/swash.jpg","datePublished":"2026-03-12T15:22:57+00:00","description":"Orthosis \u0219old Swash este for probleme: dificultate \u00een picioare, \u0219edere instabil\u0103,ildificultate la mers, \u00eenc\u0103lcarea dezvolt\u0103rii articula\u021biilor \u0219oldului..","breadcrumb":{"@id":"https:\/\/hub.ortopedie.md\/en\/shop\/orthosis-sold-swash\/#breadcrumb"},"inLanguage":"en-US","potentialAction":[{"@type":"ReadAction","target":["https:\/\/hub.ortopedie.md\/en\/shop\/orthosis-sold-swash\/"]}]},{"@type":"ImageObject","inLanguage":"en-US","@id":"https:\/\/hub.ortopedie.md\/en\/shop\/orthosis-sold-swash\/#primaryimage","url":"https:\/\/hub.ortopedie.md\/wp-content\/uploads\/2018\/04\/swash.jpg","contentUrl":"https:\/\/hub.ortopedie.md\/wp-content\/uploads\/2018\/04\/swash.jpg","width":1000,"height":1492},{"@type":"BreadcrumbList","@id":"https:\/\/hub.ortopedie.md\/en\/shop\/orthosis-sold-swash\/#breadcrumb","itemListElement":[{"@type":"ListItem","position":1,"name":"Prima pagin\u0103","item":"https:\/\/hub.ortopedie.md\/en\/"},{"@type":"ListItem","position":2,"name":"Produse","item":"https:\/\/hub.ortopedie.md\/shop\/"},{"@type":"ListItem","position":3,"name":"Orthosis \u0219old Swash"}]},{"@type":"WebSite","@id":"https:\/\/hub.ortopedie.md\/#website","url":"https:\/\/hub.ortopedie.md\/","name":"Hub Ortopedie - Magazin ortopedic. \u041e\u0440\u0442\u043e\u043f\u0435\u0434\u0438\u0447\u0435\u0441\u043a\u0438\u0439 \u043c\u0430\u0433\u0430\u0437\u0438\u043d","description":"S\u0103n\u0103tate, confort, calitate","publisher":{"@id":"https:\/\/hub.ortopedie.md\/#organization"},"potentialAction":[{"@type":"SearchAction","target":{"@type":"EntryPoint","urlTemplate":"https:\/\/hub.ortopedie.md\/?s={search_term_string}"},"query-input":{"@type":"PropertyValueSpecification","valueRequired":true,"valueName":"search_term_string"}}],"inLanguage":"en-US"},{"@type":"Organization","@id":"https:\/\/hub.ortopedie.md\/#organization","name":"HUB ORTOPEDIE","url":"https:\/\/hub.ortopedie.md\/","logo":{"@type":"ImageObject","inLanguage":"en-US","@id":"https:\/\/hub.ortopedie.md\/#\/schema\/logo\/image\/","url":"https:\/\/hub.ortopedie.md\/wp-content\/uploads\/2018\/01\/hub-logo.png","contentUrl":"https:\/\/hub.ortopedie.md\/wp-content\/uploads\/2018\/01\/hub-logo.png","width":124,"height":90,"caption":"HUB ORTOPEDIE"},"image":{"@id":"https:\/\/hub.ortopedie.md\/#\/schema\/logo\/image\/"},"sameAs":["https:\/\/www.facebook.com\/ORTOPEDIE.MD\/","https:\/\/www.instagram.com\/hub_ortopedie\/"]}]},"product_price_currency":"MDL","og_availability":"backorder","product_availability":"available for order","product_condition":"new"},"jetpack_sharing_enabled":true,"brands":[{"id":217,"name":"PRIM","slug":"prim"}],"_links":{"self":[{"href":"https:\/\/hub.ortopedie.md\/en\/wp-json\/wp\/v2\/product\/13862","targetHints":{"allow":["GET"]}}],"collection":[{"href":"https:\/\/hub.ortopedie.md\/en\/wp-json\/wp\/v2\/product"}],"about":[{"href":"https:\/\/hub.ortopedie.md\/en\/wp-json\/wp\/v2\/types\/product"}],"wp:featuredmedia":[{"embeddable":true,"href":"https:\/\/hub.ortopedie.md\/en\/wp-json\/wp\/v2\/media\/1772"}],"wp:attachment":[{"href":"https:\/\/hub.ortopedie.md\/en\/wp-json\/wp\/v2\/media?parent=13862"}],"wp:term":[{"taxonomy":"pwb-brand","embeddable":true,"href":"https:\/\/hub.ortopedie.md\/en\/wp-json\/wp\/v2\/pwb-brand?post=13862"},{"taxonomy":"product_brand","embeddable":true,"href":"https:\/\/hub.ortopedie.md\/en\/wp-json\/wp\/v2\/product_brand?post=13862"},{"taxonomy":"product_cat","embeddable":true,"href":"https:\/\/hub.ortopedie.md\/en\/wp-json\/wp\/v2\/product_cat?post=13862"},{"taxonomy":"product_tag","embeddable":true,"href":"https:\/\/hub.ortopedie.md\/en\/wp-json\/wp\/v2\/product_tag?post=13862"}],"curies":[{"name":"wp","href":"https:\/\/api.w.org\/{rel}","templated":true}]}}