{"id":13897,"date":"2026-03-12T17:23:19","date_gmt":"2026-03-12T15:23:19","guid":{"rendered":"https:\/\/hub.ortopedie.md\/shop\/sanadale-anatomice-primii-pasi-din-piele-ortofoot\/"},"modified":"2026-03-12T17:23:19","modified_gmt":"2026-03-12T15:23:19","slug":"sanadale-anatomice-primii-pasi-din-piele-ortofoot","status":"publish","type":"product","link":"https:\/\/hub.ortopedie.md\/en\/shop\/sanadale-anatomice-primii-pasi-din-piele-ortofoot\/","title":{"rendered":"Sanadale anatomice primii pa\u0219i din piele Ortofoot"},"content":{"rendered":"<p>Sandale for primii pa\u0219i, din piele, cu car\u00e2mb \u00eent\u0103rit for fixarea pozi\u021biei corecte a picioru\u0219ului.<\/p>\n","protected":false},"excerpt":{"rendered":"<p>Sandale for primii pa\u0219i, din piele, cu car\u00e2mb \u00eent\u0103rit for  [&#8230;]<\/p>\n","protected":false},"featured_media":1945,"template":"","meta":[],"pwb-brand":[211],"product_brand":[],"product_cat":[906,879],"product_tag":[],"class_list":{"0":"post-13897","1":"product","2":"type-product","3":"status-publish","4":"has-post-thumbnail","6":"pwb-brand-ortofoot","7":"product_cat-childrens-shoes","8":"product_cat-incaltaminte-ortopedica-2","10":"first","11":"outofstock","12":"shipping-taxable","13":"product-type-variable"},"yoast_head":"<!-- This site is optimized with the Yoast SEO Premium plugin v18.3 (Yoast SEO v27.4) - https:\/\/yoast.com\/product\/yoast-seo-premium-wordpress\/ -->\n<title>Sanadale anatomice primii pa\u0219i din piele Ortofoot cu pre\u021buri - Hub Ortopedie - Magazin ortopedic. \u041e\u0440\u0442\u043e\u043f\u0435\u0434\u0438\u0447\u0435\u0441\u043a\u0438\u0439 \u043c\u0430\u0433\u0430\u0437\u0438\u043d<\/title>\n<meta name=\"description\" content=\"Sandale for primii pa\u0219i din piele, cu car\u00e2mb \u00eent\u0103rit for fixarea pozi\u021biei corecte a picioru\u0219ului. Ne afl\u0103m Str. M. Varlaam 69, Chi\u0219in\u0103u\" \/>\n<meta name=\"robots\" content=\"index, follow, max-snippet:-1, max-image-preview:large, max-video-preview:-1\" \/>\n<link rel=\"canonical\" href=\"https:\/\/hub.ortopedie.md\/en\/shop\/sanadale-anatomice-primii-pasi-din-piele-ortofoot\/\" \/>\n<meta property=\"og:locale\" content=\"en_US\" \/>\n<meta property=\"og:type\" content=\"article\" \/>\n<meta property=\"og:title\" content=\"Sanadale anatomice primii pa\u0219i din piele Ortofoot\" \/>\n<meta property=\"og:description\" content=\"Sandale for primii pa\u0219i din piele, cu car\u00e2mb \u00eent\u0103rit for fixarea pozi\u021biei corecte a picioru\u0219ului. Ne afl\u0103m Str. M. Varlaam 69, Chi\u0219in\u0103u\" \/>\n<meta property=\"og:url\" content=\"https:\/\/hub.ortopedie.md\/en\/shop\/sanadale-anatomice-primii-pasi-din-piele-ortofoot\/\" \/>\n<meta property=\"og:site_name\" content=\"Hub Ortopedie - Magazin ortopedic. \u041e\u0440\u0442\u043e\u043f\u0435\u0434\u0438\u0447\u0435\u0441\u043a\u0438\u0439 \u043c\u0430\u0433\u0430\u0437\u0438\u043d\" \/>\n<meta property=\"article:publisher\" content=\"https:\/\/www.facebook.com\/ORTOPEDIE.MD\/\" \/>\n<meta property=\"og:image\" content=\"https:\/\/hub.ortopedie.md\/wp-content\/uploads\/2018\/05\/sandale-anatomice-pentru-primii-pasi-16-21.jpg\" \/>\n\t<meta property=\"og:image:width\" content=\"800\" \/>\n\t<meta property=\"og:image:height\" content=\"533\" \/>\n\t<meta property=\"og:image:type\" content=\"image\/jpeg\" \/>\n<meta name=\"twitter:label1\" content=\"Availability\" \/>\n\t<meta name=\"twitter:data1\" content=\"Out of stock\" \/>\n<script type=\"application\/ld+json\" class=\"yoast-schema-graph\">{\"@context\":\"https:\\\/\\\/schema.org\",\"@graph\":[{\"@type\":\"WebPage\",\"@id\":\"https:\\\/\\\/hub.ortopedie.md\\\/en\\\/shop\\\/sanadale-anatomice-primii-pasi-din-piele-ortofoot\\\/\",\"url\":\"https:\\\/\\\/hub.ortopedie.md\\\/en\\\/shop\\\/sanadale-anatomice-primii-pasi-din-piele-ortofoot\\\/\",\"name\":\"Sanadale anatomice primii pa\u0219i din piele Ortofoot cu pre\u021buri - Hub Ortopedie - Magazin ortopedic. \u041e\u0440\u0442\u043e\u043f\u0435\u0434\u0438\u0447\u0435\u0441\u043a\u0438\u0439 \u043c\u0430\u0433\u0430\u0437\u0438\u043d\",\"isPartOf\":{\"@id\":\"https:\\\/\\\/hub.ortopedie.md\\\/#website\"},\"primaryImageOfPage\":{\"@id\":\"https:\\\/\\\/hub.ortopedie.md\\\/en\\\/shop\\\/sanadale-anatomice-primii-pasi-din-piele-ortofoot\\\/#primaryimage\"},\"image\":{\"@id\":\"https:\\\/\\\/hub.ortopedie.md\\\/en\\\/shop\\\/sanadale-anatomice-primii-pasi-din-piele-ortofoot\\\/#primaryimage\"},\"thumbnailUrl\":\"https:\\\/\\\/hub.ortopedie.md\\\/wp-content\\\/uploads\\\/2018\\\/05\\\/sandale-anatomice-pentru-primii-pasi-16-21.jpg\",\"datePublished\":\"2026-03-12T15:23:19+00:00\",\"description\":\"Sandale for primii pa\u0219i din piele, cu car\u00e2mb \u00eent\u0103rit for fixarea pozi\u021biei corecte a picioru\u0219ului. Ne afl\u0103m Str. M. Varlaam 69, Chi\u0219in\u0103u\",\"breadcrumb\":{\"@id\":\"https:\\\/\\\/hub.ortopedie.md\\\/en\\\/shop\\\/sanadale-anatomice-primii-pasi-din-piele-ortofoot\\\/#breadcrumb\"},\"inLanguage\":\"en-US\",\"potentialAction\":[{\"@type\":\"ReadAction\",\"target\":[\"https:\\\/\\\/hub.ortopedie.md\\\/en\\\/shop\\\/sanadale-anatomice-primii-pasi-din-piele-ortofoot\\\/\"]}]},{\"@type\":\"ImageObject\",\"inLanguage\":\"en-US\",\"@id\":\"https:\\\/\\\/hub.ortopedie.md\\\/en\\\/shop\\\/sanadale-anatomice-primii-pasi-din-piele-ortofoot\\\/#primaryimage\",\"url\":\"https:\\\/\\\/hub.ortopedie.md\\\/wp-content\\\/uploads\\\/2018\\\/05\\\/sandale-anatomice-pentru-primii-pasi-16-21.jpg\",\"contentUrl\":\"https:\\\/\\\/hub.ortopedie.md\\\/wp-content\\\/uploads\\\/2018\\\/05\\\/sandale-anatomice-pentru-primii-pasi-16-21.jpg\",\"width\":800,\"height\":533},{\"@type\":\"BreadcrumbList\",\"@id\":\"https:\\\/\\\/hub.ortopedie.md\\\/en\\\/shop\\\/sanadale-anatomice-primii-pasi-din-piele-ortofoot\\\/#breadcrumb\",\"itemListElement\":[{\"@type\":\"ListItem\",\"position\":1,\"name\":\"Prima pagin\u0103\",\"item\":\"https:\\\/\\\/hub.ortopedie.md\\\/en\\\/\"},{\"@type\":\"ListItem\",\"position\":2,\"name\":\"Produse\",\"item\":\"https:\\\/\\\/hub.ortopedie.md\\\/shop\\\/\"},{\"@type\":\"ListItem\",\"position\":3,\"name\":\"Sanadale anatomice primii pa\u0219i din piele Ortofoot\"}]},{\"@type\":\"WebSite\",\"@id\":\"https:\\\/\\\/hub.ortopedie.md\\\/#website\",\"url\":\"https:\\\/\\\/hub.ortopedie.md\\\/\",\"name\":\"Hub Ortopedie - Magazin ortopedic. \u041e\u0440\u0442\u043e\u043f\u0435\u0434\u0438\u0447\u0435\u0441\u043a\u0438\u0439 \u043c\u0430\u0433\u0430\u0437\u0438\u043d\",\"description\":\"S\u0103n\u0103tate, confort, calitate\",\"publisher\":{\"@id\":\"https:\\\/\\\/hub.ortopedie.md\\\/#organization\"},\"potentialAction\":[{\"@type\":\"SearchAction\",\"target\":{\"@type\":\"EntryPoint\",\"urlTemplate\":\"https:\\\/\\\/hub.ortopedie.md\\\/?s={search_term_string}\"},\"query-input\":{\"@type\":\"PropertyValueSpecification\",\"valueRequired\":true,\"valueName\":\"search_term_string\"}}],\"inLanguage\":\"en-US\"},{\"@type\":\"Organization\",\"@id\":\"https:\\\/\\\/hub.ortopedie.md\\\/#organization\",\"name\":\"HUB ORTOPEDIE\",\"url\":\"https:\\\/\\\/hub.ortopedie.md\\\/\",\"logo\":{\"@type\":\"ImageObject\",\"inLanguage\":\"en-US\",\"@id\":\"https:\\\/\\\/hub.ortopedie.md\\\/#\\\/schema\\\/logo\\\/image\\\/\",\"url\":\"https:\\\/\\\/hub.ortopedie.md\\\/wp-content\\\/uploads\\\/2018\\\/01\\\/hub-logo.png\",\"contentUrl\":\"https:\\\/\\\/hub.ortopedie.md\\\/wp-content\\\/uploads\\\/2018\\\/01\\\/hub-logo.png\",\"width\":124,\"height\":90,\"caption\":\"HUB ORTOPEDIE\"},\"image\":{\"@id\":\"https:\\\/\\\/hub.ortopedie.md\\\/#\\\/schema\\\/logo\\\/image\\\/\"},\"sameAs\":[\"https:\\\/\\\/www.facebook.com\\\/ORTOPEDIE.MD\\\/\",\"https:\\\/\\\/www.instagram.com\\\/hub_ortopedie\\\/\"]}]}<\/script>\n<meta property=\"og:availability\" content=\"out of stock\" \/>\n<meta property=\"product:availability\" content=\"out of stock\" \/>\n<meta property=\"product:condition\" content=\"new\" \/>\n<!-- \/ Yoast SEO Premium plugin. -->","yoast_head_json":{"title":"Sanadale anatomice primii pa\u0219i din piele Ortofoot cu pre\u021buri - Hub Ortopedie - Magazin ortopedic. \u041e\u0440\u0442\u043e\u043f\u0435\u0434\u0438\u0447\u0435\u0441\u043a\u0438\u0439 \u043c\u0430\u0433\u0430\u0437\u0438\u043d","description":"Sandale for primii pa\u0219i din piele, cu car\u00e2mb \u00eent\u0103rit for fixarea pozi\u021biei corecte a picioru\u0219ului. Ne afl\u0103m Str. M. Varlaam 69, Chi\u0219in\u0103u","robots":{"index":"index","follow":"follow","max-snippet":"max-snippet:-1","max-image-preview":"max-image-preview:large","max-video-preview":"max-video-preview:-1"},"canonical":"https:\/\/hub.ortopedie.md\/en\/shop\/sanadale-anatomice-primii-pasi-din-piele-ortofoot\/","og_locale":"en_US","og_type":"article","og_title":"Sanadale anatomice primii pa\u0219i din piele Ortofoot","og_description":"Sandale for primii pa\u0219i din piele, cu car\u00e2mb \u00eent\u0103rit for fixarea pozi\u021biei corecte a picioru\u0219ului. Ne afl\u0103m Str. M. Varlaam 69, Chi\u0219in\u0103u","og_url":"https:\/\/hub.ortopedie.md\/en\/shop\/sanadale-anatomice-primii-pasi-din-piele-ortofoot\/","og_site_name":"Hub Ortopedie - Magazin ortopedic. \u041e\u0440\u0442\u043e\u043f\u0435\u0434\u0438\u0447\u0435\u0441\u043a\u0438\u0439 \u043c\u0430\u0433\u0430\u0437\u0438\u043d","article_publisher":"https:\/\/www.facebook.com\/ORTOPEDIE.MD\/","og_image":[{"width":800,"height":533,"url":"https:\/\/hub.ortopedie.md\/wp-content\/uploads\/2018\/05\/sandale-anatomice-pentru-primii-pasi-16-21.jpg","type":"image\/jpeg"}],"twitter_misc":{"Availability":"Out of stock"},"schema":{"@context":"https:\/\/schema.org","@graph":[{"@type":"WebPage","@id":"https:\/\/hub.ortopedie.md\/en\/shop\/sanadale-anatomice-primii-pasi-din-piele-ortofoot\/","url":"https:\/\/hub.ortopedie.md\/en\/shop\/sanadale-anatomice-primii-pasi-din-piele-ortofoot\/","name":"Sanadale anatomice primii pa\u0219i din piele Ortofoot cu pre\u021buri - Hub Ortopedie - Magazin ortopedic. \u041e\u0440\u0442\u043e\u043f\u0435\u0434\u0438\u0447\u0435\u0441\u043a\u0438\u0439 \u043c\u0430\u0433\u0430\u0437\u0438\u043d","isPartOf":{"@id":"https:\/\/hub.ortopedie.md\/#website"},"primaryImageOfPage":{"@id":"https:\/\/hub.ortopedie.md\/en\/shop\/sanadale-anatomice-primii-pasi-din-piele-ortofoot\/#primaryimage"},"image":{"@id":"https:\/\/hub.ortopedie.md\/en\/shop\/sanadale-anatomice-primii-pasi-din-piele-ortofoot\/#primaryimage"},"thumbnailUrl":"https:\/\/hub.ortopedie.md\/wp-content\/uploads\/2018\/05\/sandale-anatomice-pentru-primii-pasi-16-21.jpg","datePublished":"2026-03-12T15:23:19+00:00","description":"Sandale for primii pa\u0219i din piele, cu car\u00e2mb \u00eent\u0103rit for fixarea pozi\u021biei corecte a picioru\u0219ului. Ne afl\u0103m Str. M. Varlaam 69, Chi\u0219in\u0103u","breadcrumb":{"@id":"https:\/\/hub.ortopedie.md\/en\/shop\/sanadale-anatomice-primii-pasi-din-piele-ortofoot\/#breadcrumb"},"inLanguage":"en-US","potentialAction":[{"@type":"ReadAction","target":["https:\/\/hub.ortopedie.md\/en\/shop\/sanadale-anatomice-primii-pasi-din-piele-ortofoot\/"]}]},{"@type":"ImageObject","inLanguage":"en-US","@id":"https:\/\/hub.ortopedie.md\/en\/shop\/sanadale-anatomice-primii-pasi-din-piele-ortofoot\/#primaryimage","url":"https:\/\/hub.ortopedie.md\/wp-content\/uploads\/2018\/05\/sandale-anatomice-pentru-primii-pasi-16-21.jpg","contentUrl":"https:\/\/hub.ortopedie.md\/wp-content\/uploads\/2018\/05\/sandale-anatomice-pentru-primii-pasi-16-21.jpg","width":800,"height":533},{"@type":"BreadcrumbList","@id":"https:\/\/hub.ortopedie.md\/en\/shop\/sanadale-anatomice-primii-pasi-din-piele-ortofoot\/#breadcrumb","itemListElement":[{"@type":"ListItem","position":1,"name":"Prima pagin\u0103","item":"https:\/\/hub.ortopedie.md\/en\/"},{"@type":"ListItem","position":2,"name":"Produse","item":"https:\/\/hub.ortopedie.md\/shop\/"},{"@type":"ListItem","position":3,"name":"Sanadale anatomice primii pa\u0219i din piele Ortofoot"}]},{"@type":"WebSite","@id":"https:\/\/hub.ortopedie.md\/#website","url":"https:\/\/hub.ortopedie.md\/","name":"Hub Ortopedie - Magazin ortopedic. \u041e\u0440\u0442\u043e\u043f\u0435\u0434\u0438\u0447\u0435\u0441\u043a\u0438\u0439 \u043c\u0430\u0433\u0430\u0437\u0438\u043d","description":"S\u0103n\u0103tate, confort, calitate","publisher":{"@id":"https:\/\/hub.ortopedie.md\/#organization"},"potentialAction":[{"@type":"SearchAction","target":{"@type":"EntryPoint","urlTemplate":"https:\/\/hub.ortopedie.md\/?s={search_term_string}"},"query-input":{"@type":"PropertyValueSpecification","valueRequired":true,"valueName":"search_term_string"}}],"inLanguage":"en-US"},{"@type":"Organization","@id":"https:\/\/hub.ortopedie.md\/#organization","name":"HUB ORTOPEDIE","url":"https:\/\/hub.ortopedie.md\/","logo":{"@type":"ImageObject","inLanguage":"en-US","@id":"https:\/\/hub.ortopedie.md\/#\/schema\/logo\/image\/","url":"https:\/\/hub.ortopedie.md\/wp-content\/uploads\/2018\/01\/hub-logo.png","contentUrl":"https:\/\/hub.ortopedie.md\/wp-content\/uploads\/2018\/01\/hub-logo.png","width":124,"height":90,"caption":"HUB ORTOPEDIE"},"image":{"@id":"https:\/\/hub.ortopedie.md\/#\/schema\/logo\/image\/"},"sameAs":["https:\/\/www.facebook.com\/ORTOPEDIE.MD\/","https:\/\/www.instagram.com\/hub_ortopedie\/"]}]},"og_availability":"out of stock","product_availability":"out of stock","product_condition":"new"},"jetpack_sharing_enabled":true,"brands":[{"id":211,"name":"ORTOFOOT","slug":"ortofoot"}],"_links":{"self":[{"href":"https:\/\/hub.ortopedie.md\/en\/wp-json\/wp\/v2\/product\/13897","targetHints":{"allow":["GET"]}}],"collection":[{"href":"https:\/\/hub.ortopedie.md\/en\/wp-json\/wp\/v2\/product"}],"about":[{"href":"https:\/\/hub.ortopedie.md\/en\/wp-json\/wp\/v2\/types\/product"}],"wp:featuredmedia":[{"embeddable":true,"href":"https:\/\/hub.ortopedie.md\/en\/wp-json\/wp\/v2\/media\/1945"}],"wp:attachment":[{"href":"https:\/\/hub.ortopedie.md\/en\/wp-json\/wp\/v2\/media?parent=13897"}],"wp:term":[{"taxonomy":"pwb-brand","embeddable":true,"href":"https:\/\/hub.ortopedie.md\/en\/wp-json\/wp\/v2\/pwb-brand?post=13897"},{"taxonomy":"product_brand","embeddable":true,"href":"https:\/\/hub.ortopedie.md\/en\/wp-json\/wp\/v2\/product_brand?post=13897"},{"taxonomy":"product_cat","embeddable":true,"href":"https:\/\/hub.ortopedie.md\/en\/wp-json\/wp\/v2\/product_cat?post=13897"},{"taxonomy":"product_tag","embeddable":true,"href":"https:\/\/hub.ortopedie.md\/en\/wp-json\/wp\/v2\/product_tag?post=13897"}],"curies":[{"name":"wp","href":"https:\/\/api.w.org\/{rel}","templated":true}]}}