{"id":14299,"date":"2026-03-12T17:26:56","date_gmt":"2026-03-12T15:26:56","guid":{"rendered":"https:\/\/hub.ortopedie.md\/shop\/baston-orthopedic-cu-miner-din-lemn-for-men-92cm\/"},"modified":"2026-03-12T17:26:57","modified_gmt":"2026-03-12T15:26:57","slug":"baston-orthopedic-cu-miner-din-lemn-for-men-92cm","status":"publish","type":"product","link":"https:\/\/hub.ortopedie.md\/en\/shop\/baston-orthopedic-cu-miner-din-lemn-for-men-92cm\/","title":{"rendered":"Baston orthopedic cu m\u00eener din lemn for men &#8211; 92cm"},"content":{"rendered":"<p>Bastonul mers for barba\u021bi\u00a0 va oferi sprijin \u0219i \u00eencredere atunci c\u00e2nd mersul pe jos \u0219i for a \u00eembun\u0103t\u0103\u021bi echilibrul. Trestia mers pe jos este unul dintre mijloacele cele mai u\u0219oare, cele mai versatile \u0219i comune transport, datorit\u0103 c\u0103rora v\u0103 pute\u021bi men\u021bine activitatea \u0219i v\u0103 pute\u021bi descurca \u00een mod indepenDENt.<\/p>\n<p>Greutate maxim\u0103: 90 kg<\/p>\n<p>Cod. RP130<\/p>\n","protected":false},"excerpt":{"rendered":"<p>Bastonul mers for barba\u021bi\u00a0 va oferi sprijin \u0219i \u00eencredere atunci  [&#8230;]<\/p>\n","protected":false},"featured_media":2322,"template":"","meta":[],"pwb-brand":[250],"product_brand":[],"product_cat":[909],"product_tag":[],"class_list":{"0":"post-14299","1":"product","2":"type-product","3":"status-publish","4":"has-post-thumbnail","6":"pwb-brand-moretti","7":"product_cat-canes","9":"first","10":"instock","11":"shipping-taxable","12":"purchasable","13":"product-type-simple"},"yoast_head":"<!-- This site is optimized with the Yoast SEO Premium plugin v18.3 (Yoast SEO v27.5) - https:\/\/yoast.com\/product\/yoast-seo-premium-wordpress\/ -->\n<title>Baston orthopedic cu m\u00eener din lemn for men - 92cm - HUB Ortopedie<\/title>\n<meta name=\"robots\" content=\"index, follow, max-snippet:-1, max-image-preview:large, max-video-preview:-1\" \/>\n<link rel=\"canonical\" href=\"https:\/\/hub.ortopedie.md\/en\/shop\/baston-orthopedic-cu-miner-din-lemn-for-men-92cm\/\" \/>\n<meta property=\"og:locale\" content=\"en_US\" \/>\n<meta property=\"og:type\" content=\"article\" \/>\n<meta property=\"og:title\" content=\"Baston orthopedic cu m\u00eener din lemn for men - 92cm\" \/>\n<meta property=\"og:description\" content=\"Bastonul mers for barba\u021bi\u00a0 va oferi sprijin \u0219i \u00eencredere atunci [...]\" \/>\n<meta property=\"og:url\" content=\"https:\/\/hub.ortopedie.md\/en\/shop\/baston-orthopedic-cu-miner-din-lemn-for-men-92cm\/\" \/>\n<meta property=\"og:site_name\" content=\"Hub Ortopedie - Magazin ortopedic. \u041e\u0440\u0442\u043e\u043f\u0435\u0434\u0438\u0447\u0435\u0441\u043a\u0438\u0439 \u043c\u0430\u0433\u0430\u0437\u0438\u043d\" \/>\n<meta property=\"article:publisher\" content=\"https:\/\/www.facebook.com\/ORTOPEDIE.MD\/\" \/>\n<meta property=\"article:modified_time\" content=\"2026-03-12T15:26:57+00:00\" \/>\n<meta property=\"og:image\" content=\"https:\/\/hub.ortopedie.md\/wp-content\/uploads\/2018\/05\/rp130.jpg\" \/>\n\t<meta property=\"og:image:width\" content=\"500\" \/>\n\t<meta property=\"og:image:height\" content=\"550\" \/>\n\t<meta property=\"og:image:type\" content=\"image\/jpeg\" \/>\n<meta name=\"twitter:label1\" content=\"Price\" \/>\n\t<meta name=\"twitter:data1\" content=\"350.00&nbsp;MDL\" \/>\n\t<meta name=\"twitter:label2\" content=\"Availability\" \/>\n\t<meta name=\"twitter:data2\" content=\"In stock\" \/>\n<script type=\"application\/ld+json\" class=\"yoast-schema-graph\">{\"@context\":\"https:\\\/\\\/schema.org\",\"@graph\":[{\"@type\":\"WebPage\",\"@id\":\"https:\\\/\\\/hub.ortopedie.md\\\/en\\\/shop\\\/baston-orthopedic-cu-miner-din-lemn-for-men-92cm\\\/\",\"url\":\"https:\\\/\\\/hub.ortopedie.md\\\/en\\\/shop\\\/baston-orthopedic-cu-miner-din-lemn-for-men-92cm\\\/\",\"name\":\"Baston orthopedic cu m\u00eener din lemn for men - 92cm - HUB Ortopedie\",\"isPartOf\":{\"@id\":\"https:\\\/\\\/hub.ortopedie.md\\\/#website\"},\"primaryImageOfPage\":{\"@id\":\"https:\\\/\\\/hub.ortopedie.md\\\/en\\\/shop\\\/baston-orthopedic-cu-miner-din-lemn-for-men-92cm\\\/#primaryimage\"},\"image\":{\"@id\":\"https:\\\/\\\/hub.ortopedie.md\\\/en\\\/shop\\\/baston-orthopedic-cu-miner-din-lemn-for-men-92cm\\\/#primaryimage\"},\"thumbnailUrl\":\"https:\\\/\\\/hub.ortopedie.md\\\/wp-content\\\/uploads\\\/2018\\\/05\\\/rp130.jpg\",\"datePublished\":\"2026-03-12T15:26:56+00:00\",\"dateModified\":\"2026-03-12T15:26:57+00:00\",\"breadcrumb\":{\"@id\":\"https:\\\/\\\/hub.ortopedie.md\\\/en\\\/shop\\\/baston-orthopedic-cu-miner-din-lemn-for-men-92cm\\\/#breadcrumb\"},\"inLanguage\":\"en-US\",\"potentialAction\":[{\"@type\":\"ReadAction\",\"target\":[\"https:\\\/\\\/hub.ortopedie.md\\\/en\\\/shop\\\/baston-orthopedic-cu-miner-din-lemn-for-men-92cm\\\/\"]}]},{\"@type\":\"ImageObject\",\"inLanguage\":\"en-US\",\"@id\":\"https:\\\/\\\/hub.ortopedie.md\\\/en\\\/shop\\\/baston-orthopedic-cu-miner-din-lemn-for-men-92cm\\\/#primaryimage\",\"url\":\"https:\\\/\\\/hub.ortopedie.md\\\/wp-content\\\/uploads\\\/2018\\\/05\\\/rp130.jpg\",\"contentUrl\":\"https:\\\/\\\/hub.ortopedie.md\\\/wp-content\\\/uploads\\\/2018\\\/05\\\/rp130.jpg\",\"width\":500,\"height\":550},{\"@type\":\"BreadcrumbList\",\"@id\":\"https:\\\/\\\/hub.ortopedie.md\\\/en\\\/shop\\\/baston-orthopedic-cu-miner-din-lemn-for-men-92cm\\\/#breadcrumb\",\"itemListElement\":[{\"@type\":\"ListItem\",\"position\":1,\"name\":\"Prima pagin\u0103\",\"item\":\"https:\\\/\\\/hub.ortopedie.md\\\/en\\\/\"},{\"@type\":\"ListItem\",\"position\":2,\"name\":\"Produse\",\"item\":\"https:\\\/\\\/hub.ortopedie.md\\\/shop\\\/\"},{\"@type\":\"ListItem\",\"position\":3,\"name\":\"Baston orthopedic cu m\u00eener din lemn for men &#8211; 92cm\"}]},{\"@type\":\"WebSite\",\"@id\":\"https:\\\/\\\/hub.ortopedie.md\\\/#website\",\"url\":\"https:\\\/\\\/hub.ortopedie.md\\\/\",\"name\":\"Hub Ortopedie - Magazin ortopedic. \u041e\u0440\u0442\u043e\u043f\u0435\u0434\u0438\u0447\u0435\u0441\u043a\u0438\u0439 \u043c\u0430\u0433\u0430\u0437\u0438\u043d\",\"description\":\"S\u0103n\u0103tate, confort, calitate\",\"publisher\":{\"@id\":\"https:\\\/\\\/hub.ortopedie.md\\\/#organization\"},\"potentialAction\":[{\"@type\":\"SearchAction\",\"target\":{\"@type\":\"EntryPoint\",\"urlTemplate\":\"https:\\\/\\\/hub.ortopedie.md\\\/?s={search_term_string}\"},\"query-input\":{\"@type\":\"PropertyValueSpecification\",\"valueRequired\":true,\"valueName\":\"search_term_string\"}}],\"inLanguage\":\"en-US\"},{\"@type\":\"Organization\",\"@id\":\"https:\\\/\\\/hub.ortopedie.md\\\/#organization\",\"name\":\"HUB ORTOPEDIE\",\"url\":\"https:\\\/\\\/hub.ortopedie.md\\\/\",\"logo\":{\"@type\":\"ImageObject\",\"inLanguage\":\"en-US\",\"@id\":\"https:\\\/\\\/hub.ortopedie.md\\\/#\\\/schema\\\/logo\\\/image\\\/\",\"url\":\"https:\\\/\\\/hub.ortopedie.md\\\/wp-content\\\/uploads\\\/2018\\\/01\\\/hub-logo.png\",\"contentUrl\":\"https:\\\/\\\/hub.ortopedie.md\\\/wp-content\\\/uploads\\\/2018\\\/01\\\/hub-logo.png\",\"width\":124,\"height\":90,\"caption\":\"HUB ORTOPEDIE\"},\"image\":{\"@id\":\"https:\\\/\\\/hub.ortopedie.md\\\/#\\\/schema\\\/logo\\\/image\\\/\"},\"sameAs\":[\"https:\\\/\\\/www.facebook.com\\\/ORTOPEDIE.MD\\\/\",\"https:\\\/\\\/www.instagram.com\\\/hub_ortopedie\\\/\"]}]}<\/script>\n<meta property=\"product:price:amount\" content=\"350.00\" \/>\n<meta property=\"product:price:currency\" content=\"MDL\" \/>\n<meta property=\"og:availability\" content=\"instock\" \/>\n<meta property=\"product:availability\" content=\"instock\" \/>\n<meta property=\"product:condition\" content=\"new\" \/>\n<!-- \/ Yoast SEO Premium plugin. -->","yoast_head_json":{"title":"Baston orthopedic cu m\u00eener din lemn for men - 92cm - HUB Ortopedie","robots":{"index":"index","follow":"follow","max-snippet":"max-snippet:-1","max-image-preview":"max-image-preview:large","max-video-preview":"max-video-preview:-1"},"canonical":"https:\/\/hub.ortopedie.md\/en\/shop\/baston-orthopedic-cu-miner-din-lemn-for-men-92cm\/","og_locale":"en_US","og_type":"article","og_title":"Baston orthopedic cu m\u00eener din lemn for men - 92cm","og_description":"Bastonul mers for barba\u021bi\u00a0 va oferi sprijin \u0219i \u00eencredere atunci [...]","og_url":"https:\/\/hub.ortopedie.md\/en\/shop\/baston-orthopedic-cu-miner-din-lemn-for-men-92cm\/","og_site_name":"Hub Ortopedie - Magazin ortopedic. \u041e\u0440\u0442\u043e\u043f\u0435\u0434\u0438\u0447\u0435\u0441\u043a\u0438\u0439 \u043c\u0430\u0433\u0430\u0437\u0438\u043d","article_publisher":"https:\/\/www.facebook.com\/ORTOPEDIE.MD\/","article_modified_time":"2026-03-12T15:26:57+00:00","og_image":[{"width":500,"height":550,"url":"https:\/\/hub.ortopedie.md\/wp-content\/uploads\/2018\/05\/rp130.jpg","type":"image\/jpeg"}],"twitter_misc":{"Price":"350.00&nbsp;MDL","Availability":"In stock"},"schema":{"@context":"https:\/\/schema.org","@graph":[{"@type":"WebPage","@id":"https:\/\/hub.ortopedie.md\/en\/shop\/baston-orthopedic-cu-miner-din-lemn-for-men-92cm\/","url":"https:\/\/hub.ortopedie.md\/en\/shop\/baston-orthopedic-cu-miner-din-lemn-for-men-92cm\/","name":"Baston orthopedic cu m\u00eener din lemn for men - 92cm - HUB Ortopedie","isPartOf":{"@id":"https:\/\/hub.ortopedie.md\/#website"},"primaryImageOfPage":{"@id":"https:\/\/hub.ortopedie.md\/en\/shop\/baston-orthopedic-cu-miner-din-lemn-for-men-92cm\/#primaryimage"},"image":{"@id":"https:\/\/hub.ortopedie.md\/en\/shop\/baston-orthopedic-cu-miner-din-lemn-for-men-92cm\/#primaryimage"},"thumbnailUrl":"https:\/\/hub.ortopedie.md\/wp-content\/uploads\/2018\/05\/rp130.jpg","datePublished":"2026-03-12T15:26:56+00:00","dateModified":"2026-03-12T15:26:57+00:00","breadcrumb":{"@id":"https:\/\/hub.ortopedie.md\/en\/shop\/baston-orthopedic-cu-miner-din-lemn-for-men-92cm\/#breadcrumb"},"inLanguage":"en-US","potentialAction":[{"@type":"ReadAction","target":["https:\/\/hub.ortopedie.md\/en\/shop\/baston-orthopedic-cu-miner-din-lemn-for-men-92cm\/"]}]},{"@type":"ImageObject","inLanguage":"en-US","@id":"https:\/\/hub.ortopedie.md\/en\/shop\/baston-orthopedic-cu-miner-din-lemn-for-men-92cm\/#primaryimage","url":"https:\/\/hub.ortopedie.md\/wp-content\/uploads\/2018\/05\/rp130.jpg","contentUrl":"https:\/\/hub.ortopedie.md\/wp-content\/uploads\/2018\/05\/rp130.jpg","width":500,"height":550},{"@type":"BreadcrumbList","@id":"https:\/\/hub.ortopedie.md\/en\/shop\/baston-orthopedic-cu-miner-din-lemn-for-men-92cm\/#breadcrumb","itemListElement":[{"@type":"ListItem","position":1,"name":"Prima pagin\u0103","item":"https:\/\/hub.ortopedie.md\/en\/"},{"@type":"ListItem","position":2,"name":"Produse","item":"https:\/\/hub.ortopedie.md\/shop\/"},{"@type":"ListItem","position":3,"name":"Baston orthopedic cu m\u00eener din lemn for men &#8211; 92cm"}]},{"@type":"WebSite","@id":"https:\/\/hub.ortopedie.md\/#website","url":"https:\/\/hub.ortopedie.md\/","name":"Hub Ortopedie - Magazin ortopedic. \u041e\u0440\u0442\u043e\u043f\u0435\u0434\u0438\u0447\u0435\u0441\u043a\u0438\u0439 \u043c\u0430\u0433\u0430\u0437\u0438\u043d","description":"S\u0103n\u0103tate, confort, calitate","publisher":{"@id":"https:\/\/hub.ortopedie.md\/#organization"},"potentialAction":[{"@type":"SearchAction","target":{"@type":"EntryPoint","urlTemplate":"https:\/\/hub.ortopedie.md\/?s={search_term_string}"},"query-input":{"@type":"PropertyValueSpecification","valueRequired":true,"valueName":"search_term_string"}}],"inLanguage":"en-US"},{"@type":"Organization","@id":"https:\/\/hub.ortopedie.md\/#organization","name":"HUB ORTOPEDIE","url":"https:\/\/hub.ortopedie.md\/","logo":{"@type":"ImageObject","inLanguage":"en-US","@id":"https:\/\/hub.ortopedie.md\/#\/schema\/logo\/image\/","url":"https:\/\/hub.ortopedie.md\/wp-content\/uploads\/2018\/01\/hub-logo.png","contentUrl":"https:\/\/hub.ortopedie.md\/wp-content\/uploads\/2018\/01\/hub-logo.png","width":124,"height":90,"caption":"HUB ORTOPEDIE"},"image":{"@id":"https:\/\/hub.ortopedie.md\/#\/schema\/logo\/image\/"},"sameAs":["https:\/\/www.facebook.com\/ORTOPEDIE.MD\/","https:\/\/www.instagram.com\/hub_ortopedie\/"]}]},"product_price_amount":"350.00","product_price_currency":"MDL","og_availability":"instock","product_availability":"instock","product_condition":"new"},"jetpack_sharing_enabled":true,"brands":[{"id":250,"name":"MORETTI","slug":"moretti"}],"_links":{"self":[{"href":"https:\/\/hub.ortopedie.md\/en\/wp-json\/wp\/v2\/product\/14299","targetHints":{"allow":["GET"]}}],"collection":[{"href":"https:\/\/hub.ortopedie.md\/en\/wp-json\/wp\/v2\/product"}],"about":[{"href":"https:\/\/hub.ortopedie.md\/en\/wp-json\/wp\/v2\/types\/product"}],"wp:featuredmedia":[{"embeddable":true,"href":"https:\/\/hub.ortopedie.md\/en\/wp-json\/wp\/v2\/media\/2322"}],"wp:attachment":[{"href":"https:\/\/hub.ortopedie.md\/en\/wp-json\/wp\/v2\/media?parent=14299"}],"wp:term":[{"taxonomy":"pwb-brand","embeddable":true,"href":"https:\/\/hub.ortopedie.md\/en\/wp-json\/wp\/v2\/pwb-brand?post=14299"},{"taxonomy":"product_brand","embeddable":true,"href":"https:\/\/hub.ortopedie.md\/en\/wp-json\/wp\/v2\/product_brand?post=14299"},{"taxonomy":"product_cat","embeddable":true,"href":"https:\/\/hub.ortopedie.md\/en\/wp-json\/wp\/v2\/product_cat?post=14299"},{"taxonomy":"product_tag","embeddable":true,"href":"https:\/\/hub.ortopedie.md\/en\/wp-json\/wp\/v2\/product_tag?post=14299"}],"curies":[{"name":"wp","href":"https:\/\/api.w.org\/{rel}","templated":true}]}}