{"id":14310,"date":"2026-03-12T17:27:00","date_gmt":"2026-03-12T15:27:00","guid":{"rendered":"https:\/\/hub.ortopedie.md\/shop\/cirja-cu-sprijin-subaxilar\/"},"modified":"2026-03-12T17:27:00","modified_gmt":"2026-03-12T15:27:00","slug":"cirja-cu-sprijin-subaxilar","status":"publish","type":"product","link":"https:\/\/hub.ortopedie.md\/en\/shop\/cirja-cu-sprijin-subaxilar\/","title":{"rendered":"C\u00eerj\u0103 cu sprijin subaxilar"},"content":{"rendered":"<p>C\u00eerj\u0103 cu sprijin subaxilar utilizate for o coordonare succes \u0219i contraband\u0103 cu hieroglife, volume crescute \u0219i mase fragmentate corpuri ale p\u0103r\u021bilor \u0219i m\u00e2inilor corpului.\u00a0C\u00e2rligele sunt fabricate din aliaj u\u0219or aluminiu, care faciliteaz\u0103 \u00een mare m\u0103sur\u0103 greutatea produsului.\u00a0\u00cen\u0103l\u021bimea c\u00e2rjei precum \u0219i \u00een\u0103l\u021bimea m\u00e2nerului for bra\u021b sunt reglabile. Fixarea fiabil\u0103 la reglarea \u00een\u0103l\u021bimii este asigurat\u0103 \u00eencuietori butoane.<\/p>\n<p>Marime S, M L<\/p>\n<ul>\n<li>sarcin\u0103 maxim\u0103 admis\u0103: 100 kg<\/li>\n<li>greutate net\u0103: 700 &#8211; 900 g<\/li>\n<li>disponibile 3 m\u0103rimi: S, M, L<\/li>\n<\/ul>\n","protected":false},"excerpt":{"rendered":"<p>C\u00eerj\u0103 cu sprijin subaxilar utilizate for o coordonare succes \u0219i  [&#8230;]<\/p>\n","protected":false},"featured_media":2353,"template":"","meta":[],"pwb-brand":[],"product_brand":[],"product_cat":[912],"product_tag":[],"class_list":{"0":"post-14310","1":"product","2":"type-product","3":"status-publish","4":"has-post-thumbnail","6":"product_cat-cirje-mobility-aids","8":"first","9":"instock","10":"shipping-taxable","11":"purchasable","12":"product-type-simple"},"yoast_head":"<!-- This site is optimized with the Yoast SEO Premium plugin v18.3 (Yoast SEO v27.4) - https:\/\/yoast.com\/product\/yoast-seo-premium-wordpress\/ -->\n<title>C\u00eerj\u0103 cu sprijin subaxilar \u00een Chi\u0219inau - HUB Ortopedie<\/title>\n<meta name=\"description\" content=\"C\u00eerj\u0103 cu sprijin subaxilar utilizate for o coordonare succes \u0219i contraband\u0103 cu hieroglife, volume crescute \u0219i mase fragmentate corpuri ale p\u0103r\u021bilor \u0219i m\u00e2inilor corpului.\" \/>\n<meta name=\"robots\" content=\"index, follow, max-snippet:-1, max-image-preview:large, max-video-preview:-1\" \/>\n<link rel=\"canonical\" href=\"https:\/\/hub.ortopedie.md\/en\/shop\/cirja-cu-sprijin-subaxilar\/\" \/>\n<meta property=\"og:locale\" content=\"en_US\" \/>\n<meta property=\"og:type\" content=\"article\" \/>\n<meta property=\"og:title\" content=\"C\u00eerj\u0103 cu sprijin subaxilar\" \/>\n<meta property=\"og:description\" content=\"C\u00eerj\u0103 cu sprijin subaxilar utilizate for o coordonare succes \u0219i contraband\u0103 cu hieroglife, volume crescute \u0219i mase fragmentate corpuri ale p\u0103r\u021bilor \u0219i m\u00e2inilor corpului.\" \/>\n<meta property=\"og:url\" content=\"https:\/\/hub.ortopedie.md\/en\/shop\/cirja-cu-sprijin-subaxilar\/\" \/>\n<meta property=\"og:site_name\" content=\"Hub Ortopedie - Magazin ortopedic. \u041e\u0440\u0442\u043e\u043f\u0435\u0434\u0438\u0447\u0435\u0441\u043a\u0438\u0439 \u043c\u0430\u0433\u0430\u0437\u0438\u043d\" \/>\n<meta property=\"article:publisher\" content=\"https:\/\/www.facebook.com\/ORTOPEDIE.MD\/\" \/>\n<meta property=\"og:image\" content=\"https:\/\/hub.ortopedie.md\/wp-content\/uploads\/2018\/05\/res_b0fe4ff3289ada42b2f87f3dd9a775d1_full.jpg\" \/>\n\t<meta property=\"og:image:width\" content=\"2000\" \/>\n\t<meta property=\"og:image:height\" content=\"2000\" \/>\n\t<meta property=\"og:image:type\" content=\"image\/jpeg\" \/>\n<meta name=\"twitter:label1\" content=\"Price\" \/>\n\t<meta name=\"twitter:data1\" content=\"440.00&nbsp;MDL\" \/>\n\t<meta name=\"twitter:label2\" content=\"Availability\" \/>\n\t<meta name=\"twitter:data2\" content=\"In stock\" \/>\n<script type=\"application\/ld+json\" class=\"yoast-schema-graph\">{\"@context\":\"https:\\\/\\\/schema.org\",\"@graph\":[{\"@type\":\"WebPage\",\"@id\":\"https:\\\/\\\/hub.ortopedie.md\\\/en\\\/shop\\\/cirja-cu-sprijin-subaxilar\\\/\",\"url\":\"https:\\\/\\\/hub.ortopedie.md\\\/en\\\/shop\\\/cirja-cu-sprijin-subaxilar\\\/\",\"name\":\"C\u00eerj\u0103 cu sprijin subaxilar \u00een Chi\u0219inau - HUB Ortopedie\",\"isPartOf\":{\"@id\":\"https:\\\/\\\/hub.ortopedie.md\\\/#website\"},\"primaryImageOfPage\":{\"@id\":\"https:\\\/\\\/hub.ortopedie.md\\\/en\\\/shop\\\/cirja-cu-sprijin-subaxilar\\\/#primaryimage\"},\"image\":{\"@id\":\"https:\\\/\\\/hub.ortopedie.md\\\/en\\\/shop\\\/cirja-cu-sprijin-subaxilar\\\/#primaryimage\"},\"thumbnailUrl\":\"https:\\\/\\\/hub.ortopedie.md\\\/wp-content\\\/uploads\\\/2018\\\/05\\\/res_b0fe4ff3289ada42b2f87f3dd9a775d1_full.jpg\",\"datePublished\":\"2026-03-12T15:27:00+00:00\",\"description\":\"C\u00eerj\u0103 cu sprijin subaxilar utilizate for o coordonare succes \u0219i contraband\u0103 cu hieroglife, volume crescute \u0219i mase fragmentate corpuri ale p\u0103r\u021bilor \u0219i m\u00e2inilor corpului.\",\"breadcrumb\":{\"@id\":\"https:\\\/\\\/hub.ortopedie.md\\\/en\\\/shop\\\/cirja-cu-sprijin-subaxilar\\\/#breadcrumb\"},\"inLanguage\":\"en-US\",\"potentialAction\":[{\"@type\":\"ReadAction\",\"target\":[\"https:\\\/\\\/hub.ortopedie.md\\\/en\\\/shop\\\/cirja-cu-sprijin-subaxilar\\\/\"]}]},{\"@type\":\"ImageObject\",\"inLanguage\":\"en-US\",\"@id\":\"https:\\\/\\\/hub.ortopedie.md\\\/en\\\/shop\\\/cirja-cu-sprijin-subaxilar\\\/#primaryimage\",\"url\":\"https:\\\/\\\/hub.ortopedie.md\\\/wp-content\\\/uploads\\\/2018\\\/05\\\/res_b0fe4ff3289ada42b2f87f3dd9a775d1_full.jpg\",\"contentUrl\":\"https:\\\/\\\/hub.ortopedie.md\\\/wp-content\\\/uploads\\\/2018\\\/05\\\/res_b0fe4ff3289ada42b2f87f3dd9a775d1_full.jpg\",\"width\":2000,\"height\":2000},{\"@type\":\"BreadcrumbList\",\"@id\":\"https:\\\/\\\/hub.ortopedie.md\\\/en\\\/shop\\\/cirja-cu-sprijin-subaxilar\\\/#breadcrumb\",\"itemListElement\":[{\"@type\":\"ListItem\",\"position\":1,\"name\":\"Prima pagin\u0103\",\"item\":\"https:\\\/\\\/hub.ortopedie.md\\\/en\\\/\"},{\"@type\":\"ListItem\",\"position\":2,\"name\":\"Produse\",\"item\":\"https:\\\/\\\/hub.ortopedie.md\\\/shop\\\/\"},{\"@type\":\"ListItem\",\"position\":3,\"name\":\"C\u00eerj\u0103 cu sprijin subaxilar\"}]},{\"@type\":\"WebSite\",\"@id\":\"https:\\\/\\\/hub.ortopedie.md\\\/#website\",\"url\":\"https:\\\/\\\/hub.ortopedie.md\\\/\",\"name\":\"Hub Ortopedie - Magazin ortopedic. \u041e\u0440\u0442\u043e\u043f\u0435\u0434\u0438\u0447\u0435\u0441\u043a\u0438\u0439 \u043c\u0430\u0433\u0430\u0437\u0438\u043d\",\"description\":\"S\u0103n\u0103tate, confort, calitate\",\"publisher\":{\"@id\":\"https:\\\/\\\/hub.ortopedie.md\\\/#organization\"},\"potentialAction\":[{\"@type\":\"SearchAction\",\"target\":{\"@type\":\"EntryPoint\",\"urlTemplate\":\"https:\\\/\\\/hub.ortopedie.md\\\/?s={search_term_string}\"},\"query-input\":{\"@type\":\"PropertyValueSpecification\",\"valueRequired\":true,\"valueName\":\"search_term_string\"}}],\"inLanguage\":\"en-US\"},{\"@type\":\"Organization\",\"@id\":\"https:\\\/\\\/hub.ortopedie.md\\\/#organization\",\"name\":\"HUB ORTOPEDIE\",\"url\":\"https:\\\/\\\/hub.ortopedie.md\\\/\",\"logo\":{\"@type\":\"ImageObject\",\"inLanguage\":\"en-US\",\"@id\":\"https:\\\/\\\/hub.ortopedie.md\\\/#\\\/schema\\\/logo\\\/image\\\/\",\"url\":\"https:\\\/\\\/hub.ortopedie.md\\\/wp-content\\\/uploads\\\/2018\\\/01\\\/hub-logo.png\",\"contentUrl\":\"https:\\\/\\\/hub.ortopedie.md\\\/wp-content\\\/uploads\\\/2018\\\/01\\\/hub-logo.png\",\"width\":124,\"height\":90,\"caption\":\"HUB ORTOPEDIE\"},\"image\":{\"@id\":\"https:\\\/\\\/hub.ortopedie.md\\\/#\\\/schema\\\/logo\\\/image\\\/\"},\"sameAs\":[\"https:\\\/\\\/www.facebook.com\\\/ORTOPEDIE.MD\\\/\",\"https:\\\/\\\/www.instagram.com\\\/hub_ortopedie\\\/\"]}]}<\/script>\n<meta property=\"product:price:amount\" content=\"440.00\" \/>\n<meta property=\"product:price:currency\" content=\"MDL\" \/>\n<meta property=\"og:availability\" content=\"instock\" \/>\n<meta property=\"product:availability\" content=\"instock\" \/>\n<meta property=\"product:condition\" content=\"new\" \/>\n<!-- \/ Yoast SEO Premium plugin. -->","yoast_head_json":{"title":"C\u00eerj\u0103 cu sprijin subaxilar \u00een Chi\u0219inau - HUB Ortopedie","description":"C\u00eerj\u0103 cu sprijin subaxilar utilizate for o coordonare succes \u0219i contraband\u0103 cu hieroglife, volume crescute \u0219i mase fragmentate corpuri ale p\u0103r\u021bilor \u0219i m\u00e2inilor corpului.","robots":{"index":"index","follow":"follow","max-snippet":"max-snippet:-1","max-image-preview":"max-image-preview:large","max-video-preview":"max-video-preview:-1"},"canonical":"https:\/\/hub.ortopedie.md\/en\/shop\/cirja-cu-sprijin-subaxilar\/","og_locale":"en_US","og_type":"article","og_title":"C\u00eerj\u0103 cu sprijin subaxilar","og_description":"C\u00eerj\u0103 cu sprijin subaxilar utilizate for o coordonare succes \u0219i contraband\u0103 cu hieroglife, volume crescute \u0219i mase fragmentate corpuri ale p\u0103r\u021bilor \u0219i m\u00e2inilor corpului.","og_url":"https:\/\/hub.ortopedie.md\/en\/shop\/cirja-cu-sprijin-subaxilar\/","og_site_name":"Hub Ortopedie - Magazin ortopedic. \u041e\u0440\u0442\u043e\u043f\u0435\u0434\u0438\u0447\u0435\u0441\u043a\u0438\u0439 \u043c\u0430\u0433\u0430\u0437\u0438\u043d","article_publisher":"https:\/\/www.facebook.com\/ORTOPEDIE.MD\/","og_image":[{"width":2000,"height":2000,"url":"https:\/\/hub.ortopedie.md\/wp-content\/uploads\/2018\/05\/res_b0fe4ff3289ada42b2f87f3dd9a775d1_full.jpg","type":"image\/jpeg"}],"twitter_misc":{"Price":"440.00&nbsp;MDL","Availability":"In stock"},"schema":{"@context":"https:\/\/schema.org","@graph":[{"@type":"WebPage","@id":"https:\/\/hub.ortopedie.md\/en\/shop\/cirja-cu-sprijin-subaxilar\/","url":"https:\/\/hub.ortopedie.md\/en\/shop\/cirja-cu-sprijin-subaxilar\/","name":"C\u00eerj\u0103 cu sprijin subaxilar \u00een Chi\u0219inau - HUB Ortopedie","isPartOf":{"@id":"https:\/\/hub.ortopedie.md\/#website"},"primaryImageOfPage":{"@id":"https:\/\/hub.ortopedie.md\/en\/shop\/cirja-cu-sprijin-subaxilar\/#primaryimage"},"image":{"@id":"https:\/\/hub.ortopedie.md\/en\/shop\/cirja-cu-sprijin-subaxilar\/#primaryimage"},"thumbnailUrl":"https:\/\/hub.ortopedie.md\/wp-content\/uploads\/2018\/05\/res_b0fe4ff3289ada42b2f87f3dd9a775d1_full.jpg","datePublished":"2026-03-12T15:27:00+00:00","description":"C\u00eerj\u0103 cu sprijin subaxilar utilizate for o coordonare succes \u0219i contraband\u0103 cu hieroglife, volume crescute \u0219i mase fragmentate corpuri ale p\u0103r\u021bilor \u0219i m\u00e2inilor corpului.","breadcrumb":{"@id":"https:\/\/hub.ortopedie.md\/en\/shop\/cirja-cu-sprijin-subaxilar\/#breadcrumb"},"inLanguage":"en-US","potentialAction":[{"@type":"ReadAction","target":["https:\/\/hub.ortopedie.md\/en\/shop\/cirja-cu-sprijin-subaxilar\/"]}]},{"@type":"ImageObject","inLanguage":"en-US","@id":"https:\/\/hub.ortopedie.md\/en\/shop\/cirja-cu-sprijin-subaxilar\/#primaryimage","url":"https:\/\/hub.ortopedie.md\/wp-content\/uploads\/2018\/05\/res_b0fe4ff3289ada42b2f87f3dd9a775d1_full.jpg","contentUrl":"https:\/\/hub.ortopedie.md\/wp-content\/uploads\/2018\/05\/res_b0fe4ff3289ada42b2f87f3dd9a775d1_full.jpg","width":2000,"height":2000},{"@type":"BreadcrumbList","@id":"https:\/\/hub.ortopedie.md\/en\/shop\/cirja-cu-sprijin-subaxilar\/#breadcrumb","itemListElement":[{"@type":"ListItem","position":1,"name":"Prima pagin\u0103","item":"https:\/\/hub.ortopedie.md\/en\/"},{"@type":"ListItem","position":2,"name":"Produse","item":"https:\/\/hub.ortopedie.md\/shop\/"},{"@type":"ListItem","position":3,"name":"C\u00eerj\u0103 cu sprijin subaxilar"}]},{"@type":"WebSite","@id":"https:\/\/hub.ortopedie.md\/#website","url":"https:\/\/hub.ortopedie.md\/","name":"Hub Ortopedie - Magazin ortopedic. \u041e\u0440\u0442\u043e\u043f\u0435\u0434\u0438\u0447\u0435\u0441\u043a\u0438\u0439 \u043c\u0430\u0433\u0430\u0437\u0438\u043d","description":"S\u0103n\u0103tate, confort, calitate","publisher":{"@id":"https:\/\/hub.ortopedie.md\/#organization"},"potentialAction":[{"@type":"SearchAction","target":{"@type":"EntryPoint","urlTemplate":"https:\/\/hub.ortopedie.md\/?s={search_term_string}"},"query-input":{"@type":"PropertyValueSpecification","valueRequired":true,"valueName":"search_term_string"}}],"inLanguage":"en-US"},{"@type":"Organization","@id":"https:\/\/hub.ortopedie.md\/#organization","name":"HUB ORTOPEDIE","url":"https:\/\/hub.ortopedie.md\/","logo":{"@type":"ImageObject","inLanguage":"en-US","@id":"https:\/\/hub.ortopedie.md\/#\/schema\/logo\/image\/","url":"https:\/\/hub.ortopedie.md\/wp-content\/uploads\/2018\/01\/hub-logo.png","contentUrl":"https:\/\/hub.ortopedie.md\/wp-content\/uploads\/2018\/01\/hub-logo.png","width":124,"height":90,"caption":"HUB ORTOPEDIE"},"image":{"@id":"https:\/\/hub.ortopedie.md\/#\/schema\/logo\/image\/"},"sameAs":["https:\/\/www.facebook.com\/ORTOPEDIE.MD\/","https:\/\/www.instagram.com\/hub_ortopedie\/"]}]},"product_price_amount":"440.00","product_price_currency":"MDL","og_availability":"instock","product_availability":"instock","product_condition":"new"},"jetpack_sharing_enabled":true,"brands":[],"_links":{"self":[{"href":"https:\/\/hub.ortopedie.md\/en\/wp-json\/wp\/v2\/product\/14310","targetHints":{"allow":["GET"]}}],"collection":[{"href":"https:\/\/hub.ortopedie.md\/en\/wp-json\/wp\/v2\/product"}],"about":[{"href":"https:\/\/hub.ortopedie.md\/en\/wp-json\/wp\/v2\/types\/product"}],"wp:featuredmedia":[{"embeddable":true,"href":"https:\/\/hub.ortopedie.md\/en\/wp-json\/wp\/v2\/media\/2353"}],"wp:attachment":[{"href":"https:\/\/hub.ortopedie.md\/en\/wp-json\/wp\/v2\/media?parent=14310"}],"wp:term":[{"taxonomy":"pwb-brand","embeddable":true,"href":"https:\/\/hub.ortopedie.md\/en\/wp-json\/wp\/v2\/pwb-brand?post=14310"},{"taxonomy":"product_brand","embeddable":true,"href":"https:\/\/hub.ortopedie.md\/en\/wp-json\/wp\/v2\/product_brand?post=14310"},{"taxonomy":"product_cat","embeddable":true,"href":"https:\/\/hub.ortopedie.md\/en\/wp-json\/wp\/v2\/product_cat?post=14310"},{"taxonomy":"product_tag","embeddable":true,"href":"https:\/\/hub.ortopedie.md\/en\/wp-json\/wp\/v2\/product_tag?post=14310"}],"curies":[{"name":"wp","href":"https:\/\/api.w.org\/{rel}","templated":true}]}}