{"id":14316,"date":"2026-03-12T17:27:06","date_gmt":"2026-03-12T15:27:06","guid":{"rendered":"https:\/\/hub.ortopedie.md\/shop\/ascensor-for-persoane-cu-dizabilitati-lg2004-basic\/"},"modified":"2026-03-12T17:27:06","modified_gmt":"2026-03-12T15:27:06","slug":"ascensor-for-persoane-cu-dizabilitati-lg2004-basic","status":"publish","type":"product","link":"https:\/\/hub.ortopedie.md\/en\/shop\/ascensor-for-persoane-cu-dizabilitati-lg2004-basic\/","title":{"rendered":"Ascensor for persoane cu dizabilitati LG2004 Basic"},"content":{"rendered":"<p>Greutate total\u0103 &#8211; Greutate total\u0103: 44 Kg<br \/>\nGreutatea corpului ma\u0219inii &#8211; Greutatea echipamentului baz\u0103: KG 35<br \/>\nGreutatea \u0219asiului &#8211; Greutatea m\u00e2nerului cu comenzi: KG 9<br \/>\nDimensiuni generale &#8211; dimensiune max 144x64x95.5 cm<br \/>\nPuterea motorului &#8211; Puterea motorului 200 W<br \/>\n\u00cenc\u0103rc\u0103tor alimentare &#8211; Alimentare \u00eenc\u0103rc\u0103tor baterie: 220 V<br \/>\nGreutate maxim\u0103 transportabil\u0103 &#8211; Greutate maxim\u0103 transportabil\u0103: 130 kg<br \/>\nCalatorie indepenDENt &#8211; Domeniu operare: 400 pasi (cu pasager 85 kg)<br \/>\nAutonomie cu indicator \u00een rezerv\u0103 &#8211; Interval operare cu indicator baterie rezerv\u0103: 180 pa\u0219i<br \/>\nM\u0103surarea minim\u0103 a l\u0103\u021bimii sc\u0103rii &#8211; Dimensiunea minim\u0103 a sc\u0103rilor: 72 cm<br \/>\nSpa\u021biu minim manevr\u0103 for aterizarea \u00een form\u0103 L &#8211; Dimensiunea minim\u0103 a ateriz\u0103rii \u00een form\u0103 L: 98&#215;98 cm<br \/>\nSpa\u021biu minim manevr\u0103 \u00een aterizare \u00een form\u0103 U &#8211; Dimensiuni minime ale ateriz\u0103rii \u00een form\u0103 &#8220;U&#8221;: 98&#215;200 cm<br \/>\n\u00cenclinare maxim\u0103 &#8211; Unghi maxim 70% 35 \u00b0<br \/>\nTemperatura utilizare \u0219i depozitare &#8211; Temperaturi depozitare \u0219i utilizare: -20 \u00b0 + 50 \u00b0<br \/>\nVitez\u0103 maxim\u0103 &#8211; Vitez\u0103 maxim\u0103: 15 pa\u0219i pe minut<br \/>\nM\u0103rimea ambalajului &#8211; Dimensiunea ambalajului 116x80x43h Cm<\/p>\n","protected":false},"excerpt":{"rendered":"<p>Greutate total\u0103 &#8211; Greutate total\u0103: 44 Kg Greutatea corpului ma\u0219inii  [&#8230;]<\/p>\n","protected":false},"featured_media":2368,"template":"","meta":[],"pwb-brand":[251],"product_brand":[],"product_cat":[908],"product_tag":[],"class_list":{"0":"post-14316","1":"product","2":"type-product","3":"status-publish","4":"has-post-thumbnail","6":"pwb-brand-antano","7":"product_cat-mobility-aids","9":"first","10":"onbackorder","11":"shipping-taxable","12":"purchasable","13":"product-type-simple"},"yoast_head":"<!-- This site is optimized with the Yoast SEO Premium plugin v18.3 (Yoast SEO v27.5) - https:\/\/yoast.com\/product\/yoast-seo-premium-wordpress\/ -->\n<title>Ascensor for persoane cu dizabilitati LG2004 Basic - HUB Ortopedie<\/title>\n<meta name=\"robots\" content=\"index, follow, max-snippet:-1, max-image-preview:large, max-video-preview:-1\" \/>\n<link rel=\"canonical\" href=\"https:\/\/hub.ortopedie.md\/en\/shop\/ascensor-for-persoane-cu-dizabilitati-lg2004-basic\/\" \/>\n<meta property=\"og:locale\" content=\"en_US\" \/>\n<meta property=\"og:type\" content=\"article\" \/>\n<meta property=\"og:title\" content=\"Ascensor for persoane cu dizabilitati LG2004 Basic\" \/>\n<meta property=\"og:description\" content=\"Greutate total\u0103 &#8211; Greutate total\u0103: 44 Kg Greutatea corpului ma\u0219inii [...]\" \/>\n<meta property=\"og:url\" content=\"https:\/\/hub.ortopedie.md\/en\/shop\/ascensor-for-persoane-cu-dizabilitati-lg2004-basic\/\" \/>\n<meta property=\"og:site_name\" content=\"Hub Ortopedie - Magazin ortopedic. \u041e\u0440\u0442\u043e\u043f\u0435\u0434\u0438\u0447\u0435\u0441\u043a\u0438\u0439 \u043c\u0430\u0433\u0430\u0437\u0438\u043d\" \/>\n<meta property=\"article:publisher\" content=\"https:\/\/www.facebook.com\/ORTOPEDIE.MD\/\" \/>\n<meta property=\"og:image\" content=\"https:\/\/hub.ortopedie.md\/wp-content\/uploads\/2018\/05\/2004basic2018-1.jpg\" \/>\n\t<meta property=\"og:image:width\" content=\"1980\" \/>\n\t<meta property=\"og:image:height\" content=\"1964\" \/>\n\t<meta property=\"og:image:type\" content=\"image\/jpeg\" \/>\n<meta name=\"twitter:label1\" content=\"Price\" \/>\n\t<meta name=\"twitter:data1\" content=\"120,000.00&nbsp;MDL\" \/>\n\t<meta name=\"twitter:label2\" content=\"Availability\" \/>\n\t<meta name=\"twitter:data2\" content=\"On backorder\" \/>\n<script type=\"application\/ld+json\" class=\"yoast-schema-graph\">{\"@context\":\"https:\\\/\\\/schema.org\",\"@graph\":[{\"@type\":\"WebPage\",\"@id\":\"https:\\\/\\\/hub.ortopedie.md\\\/en\\\/shop\\\/ascensor-for-persoane-cu-dizabilitati-lg2004-basic\\\/\",\"url\":\"https:\\\/\\\/hub.ortopedie.md\\\/en\\\/shop\\\/ascensor-for-persoane-cu-dizabilitati-lg2004-basic\\\/\",\"name\":\"Ascensor for persoane cu dizabilitati LG2004 Basic - HUB Ortopedie\",\"isPartOf\":{\"@id\":\"https:\\\/\\\/hub.ortopedie.md\\\/#website\"},\"primaryImageOfPage\":{\"@id\":\"https:\\\/\\\/hub.ortopedie.md\\\/en\\\/shop\\\/ascensor-for-persoane-cu-dizabilitati-lg2004-basic\\\/#primaryimage\"},\"image\":{\"@id\":\"https:\\\/\\\/hub.ortopedie.md\\\/en\\\/shop\\\/ascensor-for-persoane-cu-dizabilitati-lg2004-basic\\\/#primaryimage\"},\"thumbnailUrl\":\"https:\\\/\\\/hub.ortopedie.md\\\/wp-content\\\/uploads\\\/2018\\\/05\\\/2004basic2018-1.jpg\",\"datePublished\":\"2026-03-12T15:27:06+00:00\",\"breadcrumb\":{\"@id\":\"https:\\\/\\\/hub.ortopedie.md\\\/en\\\/shop\\\/ascensor-for-persoane-cu-dizabilitati-lg2004-basic\\\/#breadcrumb\"},\"inLanguage\":\"en-US\",\"potentialAction\":[{\"@type\":\"ReadAction\",\"target\":[\"https:\\\/\\\/hub.ortopedie.md\\\/en\\\/shop\\\/ascensor-for-persoane-cu-dizabilitati-lg2004-basic\\\/\"]}]},{\"@type\":\"ImageObject\",\"inLanguage\":\"en-US\",\"@id\":\"https:\\\/\\\/hub.ortopedie.md\\\/en\\\/shop\\\/ascensor-for-persoane-cu-dizabilitati-lg2004-basic\\\/#primaryimage\",\"url\":\"https:\\\/\\\/hub.ortopedie.md\\\/wp-content\\\/uploads\\\/2018\\\/05\\\/2004basic2018-1.jpg\",\"contentUrl\":\"https:\\\/\\\/hub.ortopedie.md\\\/wp-content\\\/uploads\\\/2018\\\/05\\\/2004basic2018-1.jpg\",\"width\":1980,\"height\":1964},{\"@type\":\"BreadcrumbList\",\"@id\":\"https:\\\/\\\/hub.ortopedie.md\\\/en\\\/shop\\\/ascensor-for-persoane-cu-dizabilitati-lg2004-basic\\\/#breadcrumb\",\"itemListElement\":[{\"@type\":\"ListItem\",\"position\":1,\"name\":\"Prima pagin\u0103\",\"item\":\"https:\\\/\\\/hub.ortopedie.md\\\/en\\\/\"},{\"@type\":\"ListItem\",\"position\":2,\"name\":\"Produse\",\"item\":\"https:\\\/\\\/hub.ortopedie.md\\\/shop\\\/\"},{\"@type\":\"ListItem\",\"position\":3,\"name\":\"Ascensor for persoane cu dizabilitati LG2004 Basic\"}]},{\"@type\":\"WebSite\",\"@id\":\"https:\\\/\\\/hub.ortopedie.md\\\/#website\",\"url\":\"https:\\\/\\\/hub.ortopedie.md\\\/\",\"name\":\"Hub Ortopedie - Magazin ortopedic. \u041e\u0440\u0442\u043e\u043f\u0435\u0434\u0438\u0447\u0435\u0441\u043a\u0438\u0439 \u043c\u0430\u0433\u0430\u0437\u0438\u043d\",\"description\":\"S\u0103n\u0103tate, confort, calitate\",\"publisher\":{\"@id\":\"https:\\\/\\\/hub.ortopedie.md\\\/#organization\"},\"potentialAction\":[{\"@type\":\"SearchAction\",\"target\":{\"@type\":\"EntryPoint\",\"urlTemplate\":\"https:\\\/\\\/hub.ortopedie.md\\\/?s={search_term_string}\"},\"query-input\":{\"@type\":\"PropertyValueSpecification\",\"valueRequired\":true,\"valueName\":\"search_term_string\"}}],\"inLanguage\":\"en-US\"},{\"@type\":\"Organization\",\"@id\":\"https:\\\/\\\/hub.ortopedie.md\\\/#organization\",\"name\":\"HUB ORTOPEDIE\",\"url\":\"https:\\\/\\\/hub.ortopedie.md\\\/\",\"logo\":{\"@type\":\"ImageObject\",\"inLanguage\":\"en-US\",\"@id\":\"https:\\\/\\\/hub.ortopedie.md\\\/#\\\/schema\\\/logo\\\/image\\\/\",\"url\":\"https:\\\/\\\/hub.ortopedie.md\\\/wp-content\\\/uploads\\\/2018\\\/01\\\/hub-logo.png\",\"contentUrl\":\"https:\\\/\\\/hub.ortopedie.md\\\/wp-content\\\/uploads\\\/2018\\\/01\\\/hub-logo.png\",\"width\":124,\"height\":90,\"caption\":\"HUB ORTOPEDIE\"},\"image\":{\"@id\":\"https:\\\/\\\/hub.ortopedie.md\\\/#\\\/schema\\\/logo\\\/image\\\/\"},\"sameAs\":[\"https:\\\/\\\/www.facebook.com\\\/ORTOPEDIE.MD\\\/\",\"https:\\\/\\\/www.instagram.com\\\/hub_ortopedie\\\/\"]}]}<\/script>\n<meta property=\"product:price:amount\" content=\"120000.00\" \/>\n<meta property=\"product:price:currency\" content=\"MDL\" \/>\n<meta property=\"og:availability\" content=\"backorder\" \/>\n<meta property=\"product:availability\" content=\"available for order\" \/>\n<meta property=\"product:condition\" content=\"new\" \/>\n<!-- \/ Yoast SEO Premium plugin. -->","yoast_head_json":{"title":"Ascensor for persoane cu dizabilitati LG2004 Basic - HUB Ortopedie","robots":{"index":"index","follow":"follow","max-snippet":"max-snippet:-1","max-image-preview":"max-image-preview:large","max-video-preview":"max-video-preview:-1"},"canonical":"https:\/\/hub.ortopedie.md\/en\/shop\/ascensor-for-persoane-cu-dizabilitati-lg2004-basic\/","og_locale":"en_US","og_type":"article","og_title":"Ascensor for persoane cu dizabilitati LG2004 Basic","og_description":"Greutate total\u0103 &#8211; Greutate total\u0103: 44 Kg Greutatea corpului ma\u0219inii [...]","og_url":"https:\/\/hub.ortopedie.md\/en\/shop\/ascensor-for-persoane-cu-dizabilitati-lg2004-basic\/","og_site_name":"Hub Ortopedie - Magazin ortopedic. \u041e\u0440\u0442\u043e\u043f\u0435\u0434\u0438\u0447\u0435\u0441\u043a\u0438\u0439 \u043c\u0430\u0433\u0430\u0437\u0438\u043d","article_publisher":"https:\/\/www.facebook.com\/ORTOPEDIE.MD\/","og_image":[{"width":1980,"height":1964,"url":"https:\/\/hub.ortopedie.md\/wp-content\/uploads\/2018\/05\/2004basic2018-1.jpg","type":"image\/jpeg"}],"twitter_misc":{"Price":"120,000.00&nbsp;MDL","Availability":"On backorder"},"schema":{"@context":"https:\/\/schema.org","@graph":[{"@type":"WebPage","@id":"https:\/\/hub.ortopedie.md\/en\/shop\/ascensor-for-persoane-cu-dizabilitati-lg2004-basic\/","url":"https:\/\/hub.ortopedie.md\/en\/shop\/ascensor-for-persoane-cu-dizabilitati-lg2004-basic\/","name":"Ascensor for persoane cu dizabilitati LG2004 Basic - HUB Ortopedie","isPartOf":{"@id":"https:\/\/hub.ortopedie.md\/#website"},"primaryImageOfPage":{"@id":"https:\/\/hub.ortopedie.md\/en\/shop\/ascensor-for-persoane-cu-dizabilitati-lg2004-basic\/#primaryimage"},"image":{"@id":"https:\/\/hub.ortopedie.md\/en\/shop\/ascensor-for-persoane-cu-dizabilitati-lg2004-basic\/#primaryimage"},"thumbnailUrl":"https:\/\/hub.ortopedie.md\/wp-content\/uploads\/2018\/05\/2004basic2018-1.jpg","datePublished":"2026-03-12T15:27:06+00:00","breadcrumb":{"@id":"https:\/\/hub.ortopedie.md\/en\/shop\/ascensor-for-persoane-cu-dizabilitati-lg2004-basic\/#breadcrumb"},"inLanguage":"en-US","potentialAction":[{"@type":"ReadAction","target":["https:\/\/hub.ortopedie.md\/en\/shop\/ascensor-for-persoane-cu-dizabilitati-lg2004-basic\/"]}]},{"@type":"ImageObject","inLanguage":"en-US","@id":"https:\/\/hub.ortopedie.md\/en\/shop\/ascensor-for-persoane-cu-dizabilitati-lg2004-basic\/#primaryimage","url":"https:\/\/hub.ortopedie.md\/wp-content\/uploads\/2018\/05\/2004basic2018-1.jpg","contentUrl":"https:\/\/hub.ortopedie.md\/wp-content\/uploads\/2018\/05\/2004basic2018-1.jpg","width":1980,"height":1964},{"@type":"BreadcrumbList","@id":"https:\/\/hub.ortopedie.md\/en\/shop\/ascensor-for-persoane-cu-dizabilitati-lg2004-basic\/#breadcrumb","itemListElement":[{"@type":"ListItem","position":1,"name":"Prima pagin\u0103","item":"https:\/\/hub.ortopedie.md\/en\/"},{"@type":"ListItem","position":2,"name":"Produse","item":"https:\/\/hub.ortopedie.md\/shop\/"},{"@type":"ListItem","position":3,"name":"Ascensor for persoane cu dizabilitati LG2004 Basic"}]},{"@type":"WebSite","@id":"https:\/\/hub.ortopedie.md\/#website","url":"https:\/\/hub.ortopedie.md\/","name":"Hub Ortopedie - Magazin ortopedic. \u041e\u0440\u0442\u043e\u043f\u0435\u0434\u0438\u0447\u0435\u0441\u043a\u0438\u0439 \u043c\u0430\u0433\u0430\u0437\u0438\u043d","description":"S\u0103n\u0103tate, confort, calitate","publisher":{"@id":"https:\/\/hub.ortopedie.md\/#organization"},"potentialAction":[{"@type":"SearchAction","target":{"@type":"EntryPoint","urlTemplate":"https:\/\/hub.ortopedie.md\/?s={search_term_string}"},"query-input":{"@type":"PropertyValueSpecification","valueRequired":true,"valueName":"search_term_string"}}],"inLanguage":"en-US"},{"@type":"Organization","@id":"https:\/\/hub.ortopedie.md\/#organization","name":"HUB ORTOPEDIE","url":"https:\/\/hub.ortopedie.md\/","logo":{"@type":"ImageObject","inLanguage":"en-US","@id":"https:\/\/hub.ortopedie.md\/#\/schema\/logo\/image\/","url":"https:\/\/hub.ortopedie.md\/wp-content\/uploads\/2018\/01\/hub-logo.png","contentUrl":"https:\/\/hub.ortopedie.md\/wp-content\/uploads\/2018\/01\/hub-logo.png","width":124,"height":90,"caption":"HUB ORTOPEDIE"},"image":{"@id":"https:\/\/hub.ortopedie.md\/#\/schema\/logo\/image\/"},"sameAs":["https:\/\/www.facebook.com\/ORTOPEDIE.MD\/","https:\/\/www.instagram.com\/hub_ortopedie\/"]}]},"product_price_amount":"120000.00","product_price_currency":"MDL","og_availability":"backorder","product_availability":"available for order","product_condition":"new"},"jetpack_sharing_enabled":true,"brands":[{"id":251,"name":"Antano","slug":"antano"}],"_links":{"self":[{"href":"https:\/\/hub.ortopedie.md\/en\/wp-json\/wp\/v2\/product\/14316","targetHints":{"allow":["GET"]}}],"collection":[{"href":"https:\/\/hub.ortopedie.md\/en\/wp-json\/wp\/v2\/product"}],"about":[{"href":"https:\/\/hub.ortopedie.md\/en\/wp-json\/wp\/v2\/types\/product"}],"wp:featuredmedia":[{"embeddable":true,"href":"https:\/\/hub.ortopedie.md\/en\/wp-json\/wp\/v2\/media\/2368"}],"wp:attachment":[{"href":"https:\/\/hub.ortopedie.md\/en\/wp-json\/wp\/v2\/media?parent=14316"}],"wp:term":[{"taxonomy":"pwb-brand","embeddable":true,"href":"https:\/\/hub.ortopedie.md\/en\/wp-json\/wp\/v2\/pwb-brand?post=14316"},{"taxonomy":"product_brand","embeddable":true,"href":"https:\/\/hub.ortopedie.md\/en\/wp-json\/wp\/v2\/product_brand?post=14316"},{"taxonomy":"product_cat","embeddable":true,"href":"https:\/\/hub.ortopedie.md\/en\/wp-json\/wp\/v2\/product_cat?post=14316"},{"taxonomy":"product_tag","embeddable":true,"href":"https:\/\/hub.ortopedie.md\/en\/wp-json\/wp\/v2\/product_tag?post=14316"}],"curies":[{"name":"wp","href":"https:\/\/api.w.org\/{rel}","templated":true}]}}