{"id":14434,"date":"2026-03-12T17:27:50","date_gmt":"2026-03-12T15:27:50","guid":{"rendered":"https:\/\/hub.ortopedie.md\/shop\/fotoliu-rulant-multifunctional-racer\/"},"modified":"2026-03-12T17:27:50","modified_gmt":"2026-03-12T15:27:50","slug":"fotoliu-rulant-multifunctional-racer","status":"publish","type":"product","link":"https:\/\/hub.ortopedie.md\/en\/shop\/fotoliu-rulant-multifunctional-racer\/","title":{"rendered":"Fotoliu rulant multifunctional Racer"},"content":{"rendered":"<p>Caruciorul RACER permite transportul\u00a0 copilului cu posibilit\u0103\u021bi limitate mi\u0219care.\u00a0 Este utilizat \u00een centre reabilitare \u0219i acas\u0103. Designul c\u0103ruciorului stabilizeaz\u0103 copilul \u0219i \u00eei ofer\u0103 un sentiment securitate. Ajut\u0103 copilul s\u0103 ia pozi\u021bia corect\u0103 \u0219edere sau s\u0103 se odihneasc\u0103. \u00cen acest c\u0103rucior, \u00eel pute\u021bi duce la reabilitare, merge\u021bi la o plimbare, petrece\u021bi timp la aer. La domiciliu, un scaun multifunc\u021bional va permite\u00a0 p\u0103rin\u021bilor s\u0103 aib\u0103 grij\u0103, mobilizeze, hraneasc\u0103 \u0219i s\u0103 doarm\u0103 \u00een el;\u00een acela\u0219i timp copila\u0219ul va putea mai u\u0219or s\u0103 participe la via\u021ba familie. C\u0103ruciorul are o gam\u0103 larg\u0103 ajust\u0103ri care favorizeaz\u0103 confortul utilizare. Materialele utilizate au capacitatea a respira \u0219i s\u00e2nt u\u0219or sp\u0103lat.<\/p>\n<h3>INDICA\u021aII<br \/>\nRecomandat for children \u0219i adolescen\u021bi cu diagnosticul de:<\/h3>\n<p>Paralizie cerebral\u0103.<br \/>\nMeningomyelocel.<br \/>\nAfec\u021biuni ale creierului \u0219i m\u0103duvei spin\u0103rii &#8211; diverse etiologii.<\/p>\n<p>Scleroza multipl\u0103, Scleroza lateral\u0103 amiotrofic\u0103<br \/>\nAfec\u021biuni\u00a0 musculare care se manifest\u0103 cu pareze \u0219i paralizii, distrofie, miastenie, polimiozit\u0103<br \/>\nSindroame genetice cu parez\u0103 a membrelor.<br \/>\nAlte afec\u021biuni \u00eenso\u021bite parez\u0103, paralizie, deteriorarea sistemului musculo-scheletic.<br \/>\nConsecin\u021be ale\u00a0 traumatismelor craniocerebrale, traume ale coloanei vertebrale cu afectarea m\u0103duvei spin\u0103rii \u0219i ale extremit\u0103\u021bilor inferioare.<\/p>\n<table style=\"height: 575px;\" width=\"750\">\n<tbody>\n<tr>\n<th><span style=\"font-weight: 400;\">Simbol<\/span><\/th>\n<th><span style=\"font-weight: 400;\">Distan\u021b\u0103<\/span><\/th>\n<th><span style=\"font-weight: 400;\">Unitate<\/span><\/th>\n<th><span style=\"font-weight: 400;\">Dimensiune 1<\/span><\/th>\n<th><span style=\"font-weight: 400;\">Dimensiune 2<\/span><\/th>\n<th><span style=\"font-weight: 400;\">Dimensiune 3<\/span><\/th>\n<th><span style=\"font-weight: 400;\">Dimensiune 4<\/span><\/th>\n<\/tr>\n<tr>\n<td>W<\/td>\n<td>\u00cen\u0103l\u021bimea aproximativ\u0103 a pacientului*<\/td>\n<td>[cm]<\/td>\n<td>&lt; 120<\/td>\n<td>&lt; 150<\/td>\n<td>&lt; 180<\/td>\n<td>&lt; 180<\/td>\n<\/tr>\n<tr>\n<td>A<\/td>\n<td>l\u0103\u021bimea scaunului<\/td>\n<td>[cm]<\/td>\n<td>33<\/td>\n<td>36<\/td>\n<td>39<\/td>\n<td>45<\/td>\n<\/tr>\n<tr>\n<td>L<\/td>\n<td>ad\u00e2ncimea scaunului<\/td>\n<td>[cm]<\/td>\n<td>33<\/td>\n<td>43<\/td>\n<td>47<\/td>\n<td>47<\/td>\n<\/tr>\n<tr>\n<td>C<\/td>\n<td>\u00cen\u0103l\u021bimea sp\u0103tarului<\/td>\n<td>[cm]<\/td>\n<td>50 \u2014 62<\/td>\n<td>60 \u2014 72<\/td>\n<td>66 \u2014 84<\/td>\n<td>66 \u2014 84<\/td>\n<\/tr>\n<tr>\n<td>E<\/td>\n<td>l\u0103\u0163imea spatar<\/td>\n<td>[cm]<\/td>\n<td>30<\/td>\n<td>32<\/td>\n<td>36<\/td>\n<td>41<\/td>\n<\/tr>\n<tr>\n<td>F<\/td>\n<td>lungimea foot<\/td>\n<td>[cm]<\/td>\n<td>30 \u2014 33<\/td>\n<td>31 \u2014 36<\/td>\n<td>37 \u2014 45<\/td>\n<td>37 \u2014 45<\/td>\n<\/tr>\n<tr>\n<td>C1<\/td>\n<td>\u0412\u044b\u0441\u043e\u0442\u0430 \u0441\u043f\u0438\u043d\u043a\u0438 (\u0431\u0435\u0437 \u043f\u043e\u0434\u0433\u043e\u043b\u043e\u0432\u043d\u0438\u043a\u0430)<\/td>\n<td>[cm]<\/td>\n<td>62<\/td>\n<td>72<\/td>\n<td>84<\/td>\n<td>84<\/td>\n<\/tr>\n<tr>\n<td>L1<\/td>\n<td>ad\u00eencimea scaunului<\/td>\n<td>[cm]<\/td>\n<td>15 \u2014 18<\/td>\n<td>23 \u2014 26<\/td>\n<td>28 \u2014 32<\/td>\n<td>28 \u2014 32<\/td>\n<\/tr>\n<tr>\n<td><\/td>\n<td>lungimea foot<\/td>\n<td>[cm]<\/td>\n<td>20<\/td>\n<td>20<\/td>\n<td>22<\/td>\n<td>22<\/td>\n<\/tr>\n<tr>\n<td><\/td>\n<td>\u00een\u0103l\u021bimea m\u00eenerului<\/td>\n<td>[cm]<\/td>\n<td>106<\/td>\n<td>106<\/td>\n<td>106<\/td>\n<td>106<\/td>\n<\/tr>\n<tr>\n<td>Y<\/td>\n<td>Unghiul \u00eenclinare scaunului<\/td>\n<td>[\u00b0]<\/td>\n<td>10<\/td>\n<td>10<\/td>\n<td>15<\/td>\n<td>15<\/td>\n<\/tr>\n<tr>\n<td>X<\/td>\n<td>Unghiul din spatarului<\/td>\n<td>[\u00b0]<\/td>\n<td>90 \u2014 140<\/td>\n<td>90 \u2014 135<\/td>\n<td>90 \u2014 140<\/td>\n<td>90 \u2014 140<\/td>\n<\/tr>\n<tr>\n<td>Z<\/td>\n<td>Unghiul \u00eenclinare a picoarelor<\/td>\n<td>[\u00b0]<\/td>\n<td>100 \u2014 120<\/td>\n<td>100 \u2014 125<\/td>\n<td>100 \u2014 120<\/td>\n<td>100 \u2014 120<\/td>\n<\/tr>\n<tr>\n<td><\/td>\n<td>Max. greutatea pacientului<\/td>\n<td>[kg]<\/td>\n<td>35<\/td>\n<td>50<\/td>\n<td>60<\/td>\n<td>90<\/td>\n<\/tr>\n<\/tbody>\n<\/table>\n","protected":false},"excerpt":{"rendered":"<p>Caruciorul RACER permite transportul\u00a0 copilului cu posibilit\u0103\u021bi limitate mi\u0219care.\u00a0 Este  [&#8230;]<\/p>\n","protected":false},"featured_media":3467,"template":"","meta":[],"pwb-brand":[272],"product_brand":[],"product_cat":[913],"product_tag":[],"class_list":{"0":"post-14434","1":"product","2":"type-product","3":"status-publish","4":"has-post-thumbnail","6":"pwb-brand-akces-med","7":"product_cat-wheelchairs-mobility-aids","9":"first","10":"instock","11":"shipping-taxable","12":"purchasable","13":"product-type-simple"},"yoast_head":"<!-- This site is optimized with the Yoast SEO Premium plugin v18.3 (Yoast SEO v27.4) - https:\/\/yoast.com\/product\/yoast-seo-premium-wordpress\/ -->\n<title>Fotoliu rulant multifunctional Racer - HUB Ortopedie<\/title>\n<meta name=\"robots\" content=\"index, follow, max-snippet:-1, max-image-preview:large, max-video-preview:-1\" \/>\n<link rel=\"canonical\" href=\"https:\/\/hub.ortopedie.md\/en\/shop\/fotoliu-rulant-multifunctional-racer\/\" \/>\n<meta property=\"og:locale\" content=\"en_US\" \/>\n<meta property=\"og:type\" content=\"article\" \/>\n<meta property=\"og:title\" content=\"Fotoliu rulant multifunctional Racer\" \/>\n<meta property=\"og:description\" content=\"Caruciorul RACER permite transportul\u00a0 copilului cu posibilit\u0103\u021bi limitate mi\u0219care.\u00a0 Este [...]\" \/>\n<meta property=\"og:url\" content=\"https:\/\/hub.ortopedie.md\/en\/shop\/fotoliu-rulant-multifunctional-racer\/\" \/>\n<meta property=\"og:site_name\" content=\"Hub Ortopedie - Magazin ortopedic. \u041e\u0440\u0442\u043e\u043f\u0435\u0434\u0438\u0447\u0435\u0441\u043a\u0438\u0439 \u043c\u0430\u0433\u0430\u0437\u0438\u043d\" \/>\n<meta property=\"article:publisher\" content=\"https:\/\/www.facebook.com\/ORTOPEDIE.MD\/\" \/>\n<meta property=\"og:image\" content=\"https:\/\/hub.ortopedie.md\/wp-content\/uploads\/2018\/07\/cadet.jpg\" \/>\n\t<meta property=\"og:image:width\" content=\"1000\" \/>\n\t<meta property=\"og:image:height\" content=\"1117\" \/>\n\t<meta property=\"og:image:type\" content=\"image\/jpeg\" \/>\n<meta name=\"twitter:label1\" content=\"Price\" \/>\n\t<meta name=\"twitter:data1\" content=\"40,000.00&nbsp;MDL\" \/>\n\t<meta name=\"twitter:label2\" content=\"Availability\" \/>\n\t<meta name=\"twitter:data2\" content=\"In stock\" \/>\n<script type=\"application\/ld+json\" class=\"yoast-schema-graph\">{\"@context\":\"https:\\\/\\\/schema.org\",\"@graph\":[{\"@type\":\"WebPage\",\"@id\":\"https:\\\/\\\/hub.ortopedie.md\\\/en\\\/shop\\\/fotoliu-rulant-multifunctional-racer\\\/\",\"url\":\"https:\\\/\\\/hub.ortopedie.md\\\/en\\\/shop\\\/fotoliu-rulant-multifunctional-racer\\\/\",\"name\":\"Fotoliu rulant multifunctional Racer - HUB Ortopedie\",\"isPartOf\":{\"@id\":\"https:\\\/\\\/hub.ortopedie.md\\\/#website\"},\"primaryImageOfPage\":{\"@id\":\"https:\\\/\\\/hub.ortopedie.md\\\/en\\\/shop\\\/fotoliu-rulant-multifunctional-racer\\\/#primaryimage\"},\"image\":{\"@id\":\"https:\\\/\\\/hub.ortopedie.md\\\/en\\\/shop\\\/fotoliu-rulant-multifunctional-racer\\\/#primaryimage\"},\"thumbnailUrl\":\"https:\\\/\\\/hub.ortopedie.md\\\/wp-content\\\/uploads\\\/2018\\\/07\\\/cadet.jpg\",\"datePublished\":\"2026-03-12T15:27:50+00:00\",\"breadcrumb\":{\"@id\":\"https:\\\/\\\/hub.ortopedie.md\\\/en\\\/shop\\\/fotoliu-rulant-multifunctional-racer\\\/#breadcrumb\"},\"inLanguage\":\"en-US\",\"potentialAction\":[{\"@type\":\"ReadAction\",\"target\":[\"https:\\\/\\\/hub.ortopedie.md\\\/en\\\/shop\\\/fotoliu-rulant-multifunctional-racer\\\/\"]}]},{\"@type\":\"ImageObject\",\"inLanguage\":\"en-US\",\"@id\":\"https:\\\/\\\/hub.ortopedie.md\\\/en\\\/shop\\\/fotoliu-rulant-multifunctional-racer\\\/#primaryimage\",\"url\":\"https:\\\/\\\/hub.ortopedie.md\\\/wp-content\\\/uploads\\\/2018\\\/07\\\/cadet.jpg\",\"contentUrl\":\"https:\\\/\\\/hub.ortopedie.md\\\/wp-content\\\/uploads\\\/2018\\\/07\\\/cadet.jpg\",\"width\":1000,\"height\":1117},{\"@type\":\"BreadcrumbList\",\"@id\":\"https:\\\/\\\/hub.ortopedie.md\\\/en\\\/shop\\\/fotoliu-rulant-multifunctional-racer\\\/#breadcrumb\",\"itemListElement\":[{\"@type\":\"ListItem\",\"position\":1,\"name\":\"Prima pagin\u0103\",\"item\":\"https:\\\/\\\/hub.ortopedie.md\\\/en\\\/\"},{\"@type\":\"ListItem\",\"position\":2,\"name\":\"Produse\",\"item\":\"https:\\\/\\\/hub.ortopedie.md\\\/shop\\\/\"},{\"@type\":\"ListItem\",\"position\":3,\"name\":\"Fotoliu rulant multifunctional Racer\"}]},{\"@type\":\"WebSite\",\"@id\":\"https:\\\/\\\/hub.ortopedie.md\\\/#website\",\"url\":\"https:\\\/\\\/hub.ortopedie.md\\\/\",\"name\":\"Hub Ortopedie - Magazin ortopedic. \u041e\u0440\u0442\u043e\u043f\u0435\u0434\u0438\u0447\u0435\u0441\u043a\u0438\u0439 \u043c\u0430\u0433\u0430\u0437\u0438\u043d\",\"description\":\"S\u0103n\u0103tate, confort, calitate\",\"publisher\":{\"@id\":\"https:\\\/\\\/hub.ortopedie.md\\\/#organization\"},\"potentialAction\":[{\"@type\":\"SearchAction\",\"target\":{\"@type\":\"EntryPoint\",\"urlTemplate\":\"https:\\\/\\\/hub.ortopedie.md\\\/?s={search_term_string}\"},\"query-input\":{\"@type\":\"PropertyValueSpecification\",\"valueRequired\":true,\"valueName\":\"search_term_string\"}}],\"inLanguage\":\"en-US\"},{\"@type\":\"Organization\",\"@id\":\"https:\\\/\\\/hub.ortopedie.md\\\/#organization\",\"name\":\"HUB ORTOPEDIE\",\"url\":\"https:\\\/\\\/hub.ortopedie.md\\\/\",\"logo\":{\"@type\":\"ImageObject\",\"inLanguage\":\"en-US\",\"@id\":\"https:\\\/\\\/hub.ortopedie.md\\\/#\\\/schema\\\/logo\\\/image\\\/\",\"url\":\"https:\\\/\\\/hub.ortopedie.md\\\/wp-content\\\/uploads\\\/2018\\\/01\\\/hub-logo.png\",\"contentUrl\":\"https:\\\/\\\/hub.ortopedie.md\\\/wp-content\\\/uploads\\\/2018\\\/01\\\/hub-logo.png\",\"width\":124,\"height\":90,\"caption\":\"HUB ORTOPEDIE\"},\"image\":{\"@id\":\"https:\\\/\\\/hub.ortopedie.md\\\/#\\\/schema\\\/logo\\\/image\\\/\"},\"sameAs\":[\"https:\\\/\\\/www.facebook.com\\\/ORTOPEDIE.MD\\\/\",\"https:\\\/\\\/www.instagram.com\\\/hub_ortopedie\\\/\"]}]}<\/script>\n<meta property=\"product:price:amount\" content=\"40000.00\" \/>\n<meta property=\"product:price:currency\" content=\"MDL\" \/>\n<meta property=\"og:availability\" content=\"instock\" \/>\n<meta property=\"product:availability\" content=\"instock\" \/>\n<meta property=\"product:condition\" content=\"new\" \/>\n<!-- \/ Yoast SEO Premium plugin. -->","yoast_head_json":{"title":"Fotoliu rulant multifunctional Racer - HUB Ortopedie","robots":{"index":"index","follow":"follow","max-snippet":"max-snippet:-1","max-image-preview":"max-image-preview:large","max-video-preview":"max-video-preview:-1"},"canonical":"https:\/\/hub.ortopedie.md\/en\/shop\/fotoliu-rulant-multifunctional-racer\/","og_locale":"en_US","og_type":"article","og_title":"Fotoliu rulant multifunctional Racer","og_description":"Caruciorul RACER permite transportul\u00a0 copilului cu posibilit\u0103\u021bi limitate mi\u0219care.\u00a0 Este [...]","og_url":"https:\/\/hub.ortopedie.md\/en\/shop\/fotoliu-rulant-multifunctional-racer\/","og_site_name":"Hub Ortopedie - Magazin ortopedic. \u041e\u0440\u0442\u043e\u043f\u0435\u0434\u0438\u0447\u0435\u0441\u043a\u0438\u0439 \u043c\u0430\u0433\u0430\u0437\u0438\u043d","article_publisher":"https:\/\/www.facebook.com\/ORTOPEDIE.MD\/","og_image":[{"width":1000,"height":1117,"url":"https:\/\/hub.ortopedie.md\/wp-content\/uploads\/2018\/07\/cadet.jpg","type":"image\/jpeg"}],"twitter_misc":{"Price":"40,000.00&nbsp;MDL","Availability":"In stock"},"schema":{"@context":"https:\/\/schema.org","@graph":[{"@type":"WebPage","@id":"https:\/\/hub.ortopedie.md\/en\/shop\/fotoliu-rulant-multifunctional-racer\/","url":"https:\/\/hub.ortopedie.md\/en\/shop\/fotoliu-rulant-multifunctional-racer\/","name":"Fotoliu rulant multifunctional Racer - HUB Ortopedie","isPartOf":{"@id":"https:\/\/hub.ortopedie.md\/#website"},"primaryImageOfPage":{"@id":"https:\/\/hub.ortopedie.md\/en\/shop\/fotoliu-rulant-multifunctional-racer\/#primaryimage"},"image":{"@id":"https:\/\/hub.ortopedie.md\/en\/shop\/fotoliu-rulant-multifunctional-racer\/#primaryimage"},"thumbnailUrl":"https:\/\/hub.ortopedie.md\/wp-content\/uploads\/2018\/07\/cadet.jpg","datePublished":"2026-03-12T15:27:50+00:00","breadcrumb":{"@id":"https:\/\/hub.ortopedie.md\/en\/shop\/fotoliu-rulant-multifunctional-racer\/#breadcrumb"},"inLanguage":"en-US","potentialAction":[{"@type":"ReadAction","target":["https:\/\/hub.ortopedie.md\/en\/shop\/fotoliu-rulant-multifunctional-racer\/"]}]},{"@type":"ImageObject","inLanguage":"en-US","@id":"https:\/\/hub.ortopedie.md\/en\/shop\/fotoliu-rulant-multifunctional-racer\/#primaryimage","url":"https:\/\/hub.ortopedie.md\/wp-content\/uploads\/2018\/07\/cadet.jpg","contentUrl":"https:\/\/hub.ortopedie.md\/wp-content\/uploads\/2018\/07\/cadet.jpg","width":1000,"height":1117},{"@type":"BreadcrumbList","@id":"https:\/\/hub.ortopedie.md\/en\/shop\/fotoliu-rulant-multifunctional-racer\/#breadcrumb","itemListElement":[{"@type":"ListItem","position":1,"name":"Prima pagin\u0103","item":"https:\/\/hub.ortopedie.md\/en\/"},{"@type":"ListItem","position":2,"name":"Produse","item":"https:\/\/hub.ortopedie.md\/shop\/"},{"@type":"ListItem","position":3,"name":"Fotoliu rulant multifunctional Racer"}]},{"@type":"WebSite","@id":"https:\/\/hub.ortopedie.md\/#website","url":"https:\/\/hub.ortopedie.md\/","name":"Hub Ortopedie - Magazin ortopedic. \u041e\u0440\u0442\u043e\u043f\u0435\u0434\u0438\u0447\u0435\u0441\u043a\u0438\u0439 \u043c\u0430\u0433\u0430\u0437\u0438\u043d","description":"S\u0103n\u0103tate, confort, calitate","publisher":{"@id":"https:\/\/hub.ortopedie.md\/#organization"},"potentialAction":[{"@type":"SearchAction","target":{"@type":"EntryPoint","urlTemplate":"https:\/\/hub.ortopedie.md\/?s={search_term_string}"},"query-input":{"@type":"PropertyValueSpecification","valueRequired":true,"valueName":"search_term_string"}}],"inLanguage":"en-US"},{"@type":"Organization","@id":"https:\/\/hub.ortopedie.md\/#organization","name":"HUB ORTOPEDIE","url":"https:\/\/hub.ortopedie.md\/","logo":{"@type":"ImageObject","inLanguage":"en-US","@id":"https:\/\/hub.ortopedie.md\/#\/schema\/logo\/image\/","url":"https:\/\/hub.ortopedie.md\/wp-content\/uploads\/2018\/01\/hub-logo.png","contentUrl":"https:\/\/hub.ortopedie.md\/wp-content\/uploads\/2018\/01\/hub-logo.png","width":124,"height":90,"caption":"HUB ORTOPEDIE"},"image":{"@id":"https:\/\/hub.ortopedie.md\/#\/schema\/logo\/image\/"},"sameAs":["https:\/\/www.facebook.com\/ORTOPEDIE.MD\/","https:\/\/www.instagram.com\/hub_ortopedie\/"]}]},"product_price_amount":"40000.00","product_price_currency":"MDL","og_availability":"instock","product_availability":"instock","product_condition":"new"},"jetpack_sharing_enabled":true,"brands":[{"id":272,"name":"Akces Med","slug":"akces-med"}],"_links":{"self":[{"href":"https:\/\/hub.ortopedie.md\/en\/wp-json\/wp\/v2\/product\/14434","targetHints":{"allow":["GET"]}}],"collection":[{"href":"https:\/\/hub.ortopedie.md\/en\/wp-json\/wp\/v2\/product"}],"about":[{"href":"https:\/\/hub.ortopedie.md\/en\/wp-json\/wp\/v2\/types\/product"}],"wp:featuredmedia":[{"embeddable":true,"href":"https:\/\/hub.ortopedie.md\/en\/wp-json\/wp\/v2\/media\/3467"}],"wp:attachment":[{"href":"https:\/\/hub.ortopedie.md\/en\/wp-json\/wp\/v2\/media?parent=14434"}],"wp:term":[{"taxonomy":"pwb-brand","embeddable":true,"href":"https:\/\/hub.ortopedie.md\/en\/wp-json\/wp\/v2\/pwb-brand?post=14434"},{"taxonomy":"product_brand","embeddable":true,"href":"https:\/\/hub.ortopedie.md\/en\/wp-json\/wp\/v2\/product_brand?post=14434"},{"taxonomy":"product_cat","embeddable":true,"href":"https:\/\/hub.ortopedie.md\/en\/wp-json\/wp\/v2\/product_cat?post=14434"},{"taxonomy":"product_tag","embeddable":true,"href":"https:\/\/hub.ortopedie.md\/en\/wp-json\/wp\/v2\/product_tag?post=14434"}],"curies":[{"name":"wp","href":"https:\/\/api.w.org\/{rel}","templated":true}]}}