{"id":14437,"date":"2026-03-12T17:27:54","date_gmt":"2026-03-12T15:27:54","guid":{"rendered":"https:\/\/hub.ortopedie.md\/shop\/orthosis-for-degetul-mare-am-op-02\/"},"modified":"2026-03-12T17:27:55","modified_gmt":"2026-03-12T15:27:55","slug":"orthosis-for-degetul-mare-am-op-02","status":"publish","type":"product","link":"https:\/\/hub.ortopedie.md\/en\/shop\/orthosis-for-degetul-mare-am-op-02\/","title":{"rendered":"Orthosis for degetul mare AM-OP-02"},"content":{"rendered":"<p>Orthosis for degetul mare AM-OP-02 este conceputa for a fi purtata acasa si in timpul somnului. orthosis corecteaz\u0103 \u0219i previne deformitatea valgus. orthosis const\u0103 dintr-o anvelop\u0103 lateral\u0103 profilat\u0103, cu o desc\u0103rcare a degetului mare, o c\u0103ptu\u0219eal\u0103 soft din velcro, o centur\u0103 metatarsal\u0103 \u0219i o centur\u0103 pe degetul mare. C\u0103ptu\u0219eala reduce presiunea, iar curelele v\u0103 permit s\u0103 ajusta\u021bi produsul \u0219i s\u0103 \u00eel \u021bine\u021bi. O curea larg\u0103 metatars\u0103 aduce oasele \u00eempreun\u0103 \u0219i sus\u021bine corectarea. orthosis are o pelot\u0103 metatarsal\u0103 care ridic\u0103 arcul foot \u00eempiedic\u00e2nd deformarea sa ulterioar\u0103.<\/p>\n<p>AM-OP-02 este proiectat for corec\u021bia activ\u0103 a bursitei degetului mare. Returneaz\u0103 pozi\u021bia natural\u0103 a foot, reduce durerea \u00een degetul mare. Poate fi utilizat profilactic \u0219i dup\u0103 interven\u021bia chirurgical\u0103. Poate fi purtat acas\u0103 \u0219i \u00een timpul somnului.<\/p>\n<h2><img decoding=\"async\" class=\"alignnone wp-image-3536 size-full\" src=\"https:\/\/hub.ortopedie.md\/wp-content\/uploads\/2018\/08\/hallux-op-02-rysunek-ru.jpg\" alt=\"\" width=\"630\" height=\"840\" srcset=\"https:\/\/hub.ortopedie.md\/wp-content\/uploads\/2018\/08\/hallux-op-02-rysunek-ru-200x267.jpg 200w, https:\/\/hub.ortopedie.md\/wp-content\/uploads\/2018\/08\/hallux-op-02-rysunek-ru-225x300.jpg 225w, https:\/\/hub.ortopedie.md\/wp-content\/uploads\/2018\/08\/hallux-op-02-rysunek-ru-400x533.jpg 400w, https:\/\/hub.ortopedie.md\/wp-content\/uploads\/2018\/08\/hallux-op-02-rysunek-ru-500x667.jpg 500w, https:\/\/hub.ortopedie.md\/wp-content\/uploads\/2018\/08\/hallux-op-02-rysunek-ru-600x800.jpg 600w, https:\/\/hub.ortopedie.md\/wp-content\/uploads\/2018\/08\/hallux-op-02-rysunek-ru.jpg 630w\" sizes=\"(max-width: 630px) 100vw, 630px\" \/><\/h2>\n<h2>Precau\u0163ii\u00a0de utilizare<\/h2>\n<ul>\n<li>Deformitatea Valgus a degetului mare (hallux rigidus)<\/li>\n<li>modific\u0103ri degenerative \u00een articula\u021bia degetului mare \u00een falangia metatarsal\u0103<\/li>\n<li>bursit\u0103<\/li>\n<li>reabilitare dupa interventie chirurgicala<\/li>\n<\/ul>\n<h2>Tabel cu dimensiuni<\/h2>\n<table border=\"0\" cellspacing=\"0\">\n<thead>\n<tr>\n<td>Marime<\/td>\n<td>Dimensiunea foot<\/td>\n<td>Metoda m\u0103surare<\/td>\n<\/tr>\n<\/thead>\n<colgroup width=\"205\"><\/colgroup>\n<colgroup width=\"204\"><\/colgroup>\n<tbody>\n<tr>\n<td>M<\/td>\n<td>min 18 cm \u2014 max 22 cm<\/td>\n<td rowspan=\"2\"><img decoding=\"async\" class=\"alignnone size-full wp-image-3537\" src=\"https:\/\/hub.ortopedie.md\/wp-content\/uploads\/2018\/08\/haluks.png\" alt=\"\" width=\"150\" height=\"109\" \/><\/td>\n<\/tr>\n<tr>\n<td>L<\/td>\n<td>min 22,5 cm \u2014 max 28 cm<\/td>\n<\/tr>\n<\/tbody>\n<\/table>\n<div class=\"clear\"><\/div>\n","protected":false},"excerpt":{"rendered":"<p>Orthosis for degetul mare AM-OP-02 este conceputa for a fi  [&#8230;]<\/p>\n","protected":false},"featured_media":3534,"template":"","meta":[],"pwb-brand":[273],"product_brand":[],"product_cat":[897],"product_tag":[],"class_list":{"0":"post-14437","1":"product","2":"type-product","3":"status-publish","4":"has-post-thumbnail","6":"pwb-brand-reh4mat","7":"product_cat-orthoses-amp-braces","9":"first","10":"outofstock","11":"shipping-taxable","12":"purchasable","13":"product-type-simple"},"yoast_head":"<!-- This site is optimized with the Yoast SEO Premium plugin v18.3 (Yoast SEO v27.4) - https:\/\/yoast.com\/product\/yoast-seo-premium-wordpress\/ -->\n<title>Orthosis for degetul mare AM-OP-02 \u00een Moldova - HUB Ortopedie<\/title>\n<meta name=\"description\" content=\"Orthosis for degetul mare AM-OP-02 este conceputa for a fi purtata acasa si in timpul somnului. orthosis corecteaz\u0103 \u0219i previne deformitatea valgus.\" \/>\n<meta name=\"robots\" content=\"index, follow, max-snippet:-1, max-image-preview:large, max-video-preview:-1\" \/>\n<link rel=\"canonical\" href=\"https:\/\/hub.ortopedie.md\/en\/shop\/orthosis-for-degetul-mare-am-op-02\/\" \/>\n<meta property=\"og:locale\" content=\"en_US\" \/>\n<meta property=\"og:type\" content=\"article\" \/>\n<meta property=\"og:title\" content=\"Orthosis for degetul mare AM-OP-02\" \/>\n<meta property=\"og:description\" content=\"Orthosis for degetul mare AM-OP-02 este conceputa for a fi purtata acasa si in timpul somnului. orthosis corecteaz\u0103 \u0219i previne deformitatea valgus.\" \/>\n<meta property=\"og:url\" content=\"https:\/\/hub.ortopedie.md\/en\/shop\/orthosis-for-degetul-mare-am-op-02\/\" \/>\n<meta property=\"og:site_name\" content=\"Hub Ortopedie - Magazin ortopedic. \u041e\u0440\u0442\u043e\u043f\u0435\u0434\u0438\u0447\u0435\u0441\u043a\u0438\u0439 \u043c\u0430\u0433\u0430\u0437\u0438\u043d\" \/>\n<meta property=\"article:publisher\" content=\"https:\/\/www.facebook.com\/ORTOPEDIE.MD\/\" \/>\n<meta property=\"article:modified_time\" content=\"2026-03-12T15:27:55+00:00\" \/>\n<meta property=\"og:image\" content=\"https:\/\/hub.ortopedie.md\/wp-content\/uploads\/2018\/08\/am-op-02-tlo.jpg\" \/>\n\t<meta property=\"og:image:width\" content=\"645\" \/>\n\t<meta property=\"og:image:height\" content=\"430\" \/>\n\t<meta property=\"og:image:type\" content=\"image\/jpeg\" \/>\n<meta name=\"twitter:label1\" content=\"Price\" \/>\n\t<meta name=\"twitter:data1\" content=\"400.00&nbsp;MDL\" \/>\n\t<meta name=\"twitter:label2\" content=\"Availability\" \/>\n\t<meta name=\"twitter:data2\" content=\"Out of stock\" \/>\n<script type=\"application\/ld+json\" class=\"yoast-schema-graph\">{\"@context\":\"https:\\\/\\\/schema.org\",\"@graph\":[{\"@type\":\"WebPage\",\"@id\":\"https:\\\/\\\/hub.ortopedie.md\\\/en\\\/shop\\\/orthosis-for-degetul-mare-am-op-02\\\/\",\"url\":\"https:\\\/\\\/hub.ortopedie.md\\\/en\\\/shop\\\/orthosis-for-degetul-mare-am-op-02\\\/\",\"name\":\"Orthosis for degetul mare AM-OP-02 \u00een Moldova - HUB Ortopedie\",\"isPartOf\":{\"@id\":\"https:\\\/\\\/hub.ortopedie.md\\\/#website\"},\"primaryImageOfPage\":{\"@id\":\"https:\\\/\\\/hub.ortopedie.md\\\/en\\\/shop\\\/orthosis-for-degetul-mare-am-op-02\\\/#primaryimage\"},\"image\":{\"@id\":\"https:\\\/\\\/hub.ortopedie.md\\\/en\\\/shop\\\/orthosis-for-degetul-mare-am-op-02\\\/#primaryimage\"},\"thumbnailUrl\":\"https:\\\/\\\/hub.ortopedie.md\\\/wp-content\\\/uploads\\\/2018\\\/08\\\/am-op-02-tlo.jpg\",\"datePublished\":\"2026-03-12T15:27:54+00:00\",\"dateModified\":\"2026-03-12T15:27:55+00:00\",\"description\":\"Orthosis for degetul mare AM-OP-02 este conceputa for a fi purtata acasa si in timpul somnului. orthosis corecteaz\u0103 \u0219i previne deformitatea valgus.\",\"breadcrumb\":{\"@id\":\"https:\\\/\\\/hub.ortopedie.md\\\/en\\\/shop\\\/orthosis-for-degetul-mare-am-op-02\\\/#breadcrumb\"},\"inLanguage\":\"en-US\",\"potentialAction\":[{\"@type\":\"ReadAction\",\"target\":[\"https:\\\/\\\/hub.ortopedie.md\\\/en\\\/shop\\\/orthosis-for-degetul-mare-am-op-02\\\/\"]}]},{\"@type\":\"ImageObject\",\"inLanguage\":\"en-US\",\"@id\":\"https:\\\/\\\/hub.ortopedie.md\\\/en\\\/shop\\\/orthosis-for-degetul-mare-am-op-02\\\/#primaryimage\",\"url\":\"https:\\\/\\\/hub.ortopedie.md\\\/wp-content\\\/uploads\\\/2018\\\/08\\\/am-op-02-tlo.jpg\",\"contentUrl\":\"https:\\\/\\\/hub.ortopedie.md\\\/wp-content\\\/uploads\\\/2018\\\/08\\\/am-op-02-tlo.jpg\",\"width\":645,\"height\":430},{\"@type\":\"BreadcrumbList\",\"@id\":\"https:\\\/\\\/hub.ortopedie.md\\\/en\\\/shop\\\/orthosis-for-degetul-mare-am-op-02\\\/#breadcrumb\",\"itemListElement\":[{\"@type\":\"ListItem\",\"position\":1,\"name\":\"Prima pagin\u0103\",\"item\":\"https:\\\/\\\/hub.ortopedie.md\\\/en\\\/\"},{\"@type\":\"ListItem\",\"position\":2,\"name\":\"Produse\",\"item\":\"https:\\\/\\\/hub.ortopedie.md\\\/shop\\\/\"},{\"@type\":\"ListItem\",\"position\":3,\"name\":\"Orthosis for degetul mare AM-OP-02\"}]},{\"@type\":\"WebSite\",\"@id\":\"https:\\\/\\\/hub.ortopedie.md\\\/#website\",\"url\":\"https:\\\/\\\/hub.ortopedie.md\\\/\",\"name\":\"Hub Ortopedie - Magazin ortopedic. \u041e\u0440\u0442\u043e\u043f\u0435\u0434\u0438\u0447\u0435\u0441\u043a\u0438\u0439 \u043c\u0430\u0433\u0430\u0437\u0438\u043d\",\"description\":\"S\u0103n\u0103tate, confort, calitate\",\"publisher\":{\"@id\":\"https:\\\/\\\/hub.ortopedie.md\\\/#organization\"},\"potentialAction\":[{\"@type\":\"SearchAction\",\"target\":{\"@type\":\"EntryPoint\",\"urlTemplate\":\"https:\\\/\\\/hub.ortopedie.md\\\/?s={search_term_string}\"},\"query-input\":{\"@type\":\"PropertyValueSpecification\",\"valueRequired\":true,\"valueName\":\"search_term_string\"}}],\"inLanguage\":\"en-US\"},{\"@type\":\"Organization\",\"@id\":\"https:\\\/\\\/hub.ortopedie.md\\\/#organization\",\"name\":\"HUB ORTOPEDIE\",\"url\":\"https:\\\/\\\/hub.ortopedie.md\\\/\",\"logo\":{\"@type\":\"ImageObject\",\"inLanguage\":\"en-US\",\"@id\":\"https:\\\/\\\/hub.ortopedie.md\\\/#\\\/schema\\\/logo\\\/image\\\/\",\"url\":\"https:\\\/\\\/hub.ortopedie.md\\\/wp-content\\\/uploads\\\/2018\\\/01\\\/hub-logo.png\",\"contentUrl\":\"https:\\\/\\\/hub.ortopedie.md\\\/wp-content\\\/uploads\\\/2018\\\/01\\\/hub-logo.png\",\"width\":124,\"height\":90,\"caption\":\"HUB ORTOPEDIE\"},\"image\":{\"@id\":\"https:\\\/\\\/hub.ortopedie.md\\\/#\\\/schema\\\/logo\\\/image\\\/\"},\"sameAs\":[\"https:\\\/\\\/www.facebook.com\\\/ORTOPEDIE.MD\\\/\",\"https:\\\/\\\/www.instagram.com\\\/hub_ortopedie\\\/\"]}]}<\/script>\n<meta property=\"product:price:amount\" content=\"400.00\" \/>\n<meta property=\"product:price:currency\" content=\"MDL\" \/>\n<meta property=\"og:availability\" content=\"out of stock\" \/>\n<meta property=\"product:availability\" content=\"out of stock\" \/>\n<meta property=\"product:condition\" content=\"new\" \/>\n<!-- \/ Yoast SEO Premium plugin. -->","yoast_head_json":{"title":"Orthosis for degetul mare AM-OP-02 \u00een Moldova - HUB Ortopedie","description":"Orthosis for degetul mare AM-OP-02 este conceputa for a fi purtata acasa si in timpul somnului. orthosis corecteaz\u0103 \u0219i previne deformitatea valgus.","robots":{"index":"index","follow":"follow","max-snippet":"max-snippet:-1","max-image-preview":"max-image-preview:large","max-video-preview":"max-video-preview:-1"},"canonical":"https:\/\/hub.ortopedie.md\/en\/shop\/orthosis-for-degetul-mare-am-op-02\/","og_locale":"en_US","og_type":"article","og_title":"Orthosis for degetul mare AM-OP-02","og_description":"Orthosis for degetul mare AM-OP-02 este conceputa for a fi purtata acasa si in timpul somnului. orthosis corecteaz\u0103 \u0219i previne deformitatea valgus.","og_url":"https:\/\/hub.ortopedie.md\/en\/shop\/orthosis-for-degetul-mare-am-op-02\/","og_site_name":"Hub Ortopedie - Magazin ortopedic. \u041e\u0440\u0442\u043e\u043f\u0435\u0434\u0438\u0447\u0435\u0441\u043a\u0438\u0439 \u043c\u0430\u0433\u0430\u0437\u0438\u043d","article_publisher":"https:\/\/www.facebook.com\/ORTOPEDIE.MD\/","article_modified_time":"2026-03-12T15:27:55+00:00","og_image":[{"width":645,"height":430,"url":"https:\/\/hub.ortopedie.md\/wp-content\/uploads\/2018\/08\/am-op-02-tlo.jpg","type":"image\/jpeg"}],"twitter_misc":{"Price":"400.00&nbsp;MDL","Availability":"Out of stock"},"schema":{"@context":"https:\/\/schema.org","@graph":[{"@type":"WebPage","@id":"https:\/\/hub.ortopedie.md\/en\/shop\/orthosis-for-degetul-mare-am-op-02\/","url":"https:\/\/hub.ortopedie.md\/en\/shop\/orthosis-for-degetul-mare-am-op-02\/","name":"Orthosis for degetul mare AM-OP-02 \u00een Moldova - HUB Ortopedie","isPartOf":{"@id":"https:\/\/hub.ortopedie.md\/#website"},"primaryImageOfPage":{"@id":"https:\/\/hub.ortopedie.md\/en\/shop\/orthosis-for-degetul-mare-am-op-02\/#primaryimage"},"image":{"@id":"https:\/\/hub.ortopedie.md\/en\/shop\/orthosis-for-degetul-mare-am-op-02\/#primaryimage"},"thumbnailUrl":"https:\/\/hub.ortopedie.md\/wp-content\/uploads\/2018\/08\/am-op-02-tlo.jpg","datePublished":"2026-03-12T15:27:54+00:00","dateModified":"2026-03-12T15:27:55+00:00","description":"Orthosis for degetul mare AM-OP-02 este conceputa for a fi purtata acasa si in timpul somnului. orthosis corecteaz\u0103 \u0219i previne deformitatea valgus.","breadcrumb":{"@id":"https:\/\/hub.ortopedie.md\/en\/shop\/orthosis-for-degetul-mare-am-op-02\/#breadcrumb"},"inLanguage":"en-US","potentialAction":[{"@type":"ReadAction","target":["https:\/\/hub.ortopedie.md\/en\/shop\/orthosis-for-degetul-mare-am-op-02\/"]}]},{"@type":"ImageObject","inLanguage":"en-US","@id":"https:\/\/hub.ortopedie.md\/en\/shop\/orthosis-for-degetul-mare-am-op-02\/#primaryimage","url":"https:\/\/hub.ortopedie.md\/wp-content\/uploads\/2018\/08\/am-op-02-tlo.jpg","contentUrl":"https:\/\/hub.ortopedie.md\/wp-content\/uploads\/2018\/08\/am-op-02-tlo.jpg","width":645,"height":430},{"@type":"BreadcrumbList","@id":"https:\/\/hub.ortopedie.md\/en\/shop\/orthosis-for-degetul-mare-am-op-02\/#breadcrumb","itemListElement":[{"@type":"ListItem","position":1,"name":"Prima pagin\u0103","item":"https:\/\/hub.ortopedie.md\/en\/"},{"@type":"ListItem","position":2,"name":"Produse","item":"https:\/\/hub.ortopedie.md\/shop\/"},{"@type":"ListItem","position":3,"name":"Orthosis for degetul mare AM-OP-02"}]},{"@type":"WebSite","@id":"https:\/\/hub.ortopedie.md\/#website","url":"https:\/\/hub.ortopedie.md\/","name":"Hub Ortopedie - Magazin ortopedic. \u041e\u0440\u0442\u043e\u043f\u0435\u0434\u0438\u0447\u0435\u0441\u043a\u0438\u0439 \u043c\u0430\u0433\u0430\u0437\u0438\u043d","description":"S\u0103n\u0103tate, confort, calitate","publisher":{"@id":"https:\/\/hub.ortopedie.md\/#organization"},"potentialAction":[{"@type":"SearchAction","target":{"@type":"EntryPoint","urlTemplate":"https:\/\/hub.ortopedie.md\/?s={search_term_string}"},"query-input":{"@type":"PropertyValueSpecification","valueRequired":true,"valueName":"search_term_string"}}],"inLanguage":"en-US"},{"@type":"Organization","@id":"https:\/\/hub.ortopedie.md\/#organization","name":"HUB ORTOPEDIE","url":"https:\/\/hub.ortopedie.md\/","logo":{"@type":"ImageObject","inLanguage":"en-US","@id":"https:\/\/hub.ortopedie.md\/#\/schema\/logo\/image\/","url":"https:\/\/hub.ortopedie.md\/wp-content\/uploads\/2018\/01\/hub-logo.png","contentUrl":"https:\/\/hub.ortopedie.md\/wp-content\/uploads\/2018\/01\/hub-logo.png","width":124,"height":90,"caption":"HUB ORTOPEDIE"},"image":{"@id":"https:\/\/hub.ortopedie.md\/#\/schema\/logo\/image\/"},"sameAs":["https:\/\/www.facebook.com\/ORTOPEDIE.MD\/","https:\/\/www.instagram.com\/hub_ortopedie\/"]}]},"product_price_amount":"400.00","product_price_currency":"MDL","og_availability":"out of stock","product_availability":"out of stock","product_condition":"new"},"jetpack_sharing_enabled":true,"brands":[{"id":273,"name":"REH4MAT","slug":"reh4mat"}],"_links":{"self":[{"href":"https:\/\/hub.ortopedie.md\/en\/wp-json\/wp\/v2\/product\/14437","targetHints":{"allow":["GET"]}}],"collection":[{"href":"https:\/\/hub.ortopedie.md\/en\/wp-json\/wp\/v2\/product"}],"about":[{"href":"https:\/\/hub.ortopedie.md\/en\/wp-json\/wp\/v2\/types\/product"}],"wp:featuredmedia":[{"embeddable":true,"href":"https:\/\/hub.ortopedie.md\/en\/wp-json\/wp\/v2\/media\/3534"}],"wp:attachment":[{"href":"https:\/\/hub.ortopedie.md\/en\/wp-json\/wp\/v2\/media?parent=14437"}],"wp:term":[{"taxonomy":"pwb-brand","embeddable":true,"href":"https:\/\/hub.ortopedie.md\/en\/wp-json\/wp\/v2\/pwb-brand?post=14437"},{"taxonomy":"product_brand","embeddable":true,"href":"https:\/\/hub.ortopedie.md\/en\/wp-json\/wp\/v2\/product_brand?post=14437"},{"taxonomy":"product_cat","embeddable":true,"href":"https:\/\/hub.ortopedie.md\/en\/wp-json\/wp\/v2\/product_cat?post=14437"},{"taxonomy":"product_tag","embeddable":true,"href":"https:\/\/hub.ortopedie.md\/en\/wp-json\/wp\/v2\/product_tag?post=14437"}],"curies":[{"name":"wp","href":"https:\/\/api.w.org\/{rel}","templated":true}]}}