{"id":14444,"date":"2026-03-12T17:27:57","date_gmt":"2026-03-12T15:27:57","guid":{"rendered":"https:\/\/hub.ortopedie.md\/shop\/orthosis-for-clavicula-am-pes-02\/"},"modified":"2026-03-12T17:27:57","modified_gmt":"2026-03-12T15:27:57","slug":"orthosis-for-clavicula-am-pes-02","status":"publish","type":"product","link":"https:\/\/hub.ortopedie.md\/en\/shop\/orthosis-for-clavicula-am-pes-02\/","title":{"rendered":"Orthosis for clavicul\u0103 AM-PES-02"},"content":{"rendered":"<div class=\"clear\">\n<div class=\"clear\">\n<p>Corrector postura poate fi utilizat \u00een urm\u0103toarele cazuri:<br \/>\n&#8211; Leziuni ale claviculei care nu necesit\u0103 interven\u021bii chirurgicale \u0219i orthopedice,<br \/>\n&#8211; afec\u021biuni dureroase ale coloanei vertebrale toracice,<br \/>\n&#8211; cre\u0219terea ciffozei toracice,<br \/>\n&#8211; necesitatea corect\u0103rii interven\u021biei chirurgicale care nu necesit\u0103 interven\u021bie chirurgical\u0103.<\/p>\n<\/div>\n<\/div>\n<div class=\"clear\">\n<div class=\"clear\">\n<h2>Tabel cu dimensiuni<\/h2>\n<table border=\"0\" cellspacing=\"0\">\n<thead>\n<tr>\n<td>Marime<\/td>\n<td>Circumferinta pieptului<\/td>\n<td>Metoda m\u0103surare<\/td>\n<\/tr>\n<\/thead>\n<tbody>\n<tr>\n<td>M<\/td>\n<td>45-70 cm<\/td>\n<td rowspan=\"2\"><img decoding=\"async\" class=\"alignnone wp-image-3588 size-thumbnail\" src=\"https:\/\/hub.ortopedie.md\/wp-content\/uploads\/2018\/08\/piersiowy-2-150x150.png\" alt=\"\" width=\"150\" height=\"150\" srcset=\"https:\/\/hub.ortopedie.md\/wp-content\/uploads\/2018\/08\/piersiowy-2-66x66.png 66w, https:\/\/hub.ortopedie.md\/wp-content\/uploads\/2018\/08\/piersiowy-2-100x100.png 100w, https:\/\/hub.ortopedie.md\/wp-content\/uploads\/2018\/08\/piersiowy-2-150x150.png 150w, https:\/\/hub.ortopedie.md\/wp-content\/uploads\/2018\/08\/piersiowy-2-200x200.png 200w, https:\/\/hub.ortopedie.md\/wp-content\/uploads\/2018\/08\/piersiowy-2.png 250w\" sizes=\"(max-width: 150px) 100vw, 150px\" \/><\/td>\n<\/tr>\n<tr>\n<td>L<\/td>\n<td>70-110 cm<\/td>\n<\/tr>\n<\/tbody>\n<\/table>\n<h2>Caracteristici speciale<\/h2>\n<p>&#8211; Produsul este foarte confortabil for pielea pacientului &#8211; corectorul este fabricat din material special acoperit cu velur, iar pe partea din fa\u021b\u0103 este o \u021bes\u0103tur\u0103 tricotat\u0103 care este neutr\u0103 for pielea pacientului.<br \/>\n&#8211; O mai mare eficien\u021b\u0103 stabilizare &#8211; datorit\u0103 utiliz\u0103rii c\u0103ptu\u0219elii dorsale (armate) \u0219i, prin urmare, a tabletelor plasate, precum \u0219i a centurilor inextensibile, a fost posibil\u0103 ob\u021binerea unei fix\u0103ri excep\u021bionale.<br \/>\n&#8211; Confortul utiliz\u0103rii &#8211; av\u00e2nd \u00een vedere u\u0219urin\u021ba a\u0219ezare \u0219i \u00eendep\u0103rtare a corectorului, pacientul are \u00eentotdeauna posibilitatea a sp\u0103la produsul \u0219i a men\u021bine igiena necesar\u0103 a corpului.<\/p>\n<h2>Metoda suprapunere<\/h2>\n<p><img decoding=\"async\" class=\"alignnone size-full wp-image-3592\" src=\"https:\/\/hub.ortopedie.md\/wp-content\/uploads\/2018\/08\/am-pes-02_zap3.jpg\" alt=\"\" width=\"180\" height=\"250\" \/><img decoding=\"async\" class=\"alignnone size-full wp-image-3591\" src=\"https:\/\/hub.ortopedie.md\/wp-content\/uploads\/2018\/08\/am-pes-02_zap2.jpg\" alt=\"\" width=\"180\" height=\"250\" \/><img decoding=\"async\" class=\"alignnone size-full wp-image-3590\" src=\"https:\/\/hub.ortopedie.md\/wp-content\/uploads\/2018\/08\/am-pes-02_zap1.jpg\" alt=\"\" width=\"180\" height=\"250\" \/><\/p>\n<\/div>\n<\/div>\n","protected":false},"excerpt":{"rendered":"<p>Corrector postura poate fi utilizat \u00een urm\u0103toarele cazuri: &#8211; Leziuni  [&#8230;]<\/p>\n","protected":false},"featured_media":3587,"template":"","meta":[],"pwb-brand":[273],"product_brand":[],"product_cat":[897],"product_tag":[],"class_list":{"0":"post-14444","1":"product","2":"type-product","3":"status-publish","4":"has-post-thumbnail","6":"pwb-brand-reh4mat","7":"product_cat-orthoses-amp-braces","9":"first","10":"outofstock","11":"shipping-taxable","12":"purchasable","13":"product-type-simple"},"yoast_head":"<!-- This site is optimized with the Yoast SEO Premium plugin v18.3 (Yoast SEO v27.4) - https:\/\/yoast.com\/product\/yoast-seo-premium-wordpress\/ -->\n<title>Orthosis for clavicul\u0103 AM-PES-02 \u00een Moldova - HUB Ortopedie<\/title>\n<meta name=\"description\" content=\"Orthosis for clavicul\u0103 AM-PES-02 se folose\u0219te la leziuni ale claviculei care nu necesit\u0103 interven\u021bii chirurgicale, afec\u021biuni dureroase ale coloanei vertebrale.\" \/>\n<meta name=\"robots\" content=\"index, follow, max-snippet:-1, max-image-preview:large, max-video-preview:-1\" \/>\n<link rel=\"canonical\" href=\"https:\/\/hub.ortopedie.md\/en\/shop\/orthosis-for-clavicula-am-pes-02\/\" \/>\n<meta property=\"og:locale\" content=\"en_US\" \/>\n<meta property=\"og:type\" content=\"article\" \/>\n<meta property=\"og:title\" content=\"Orthosis for clavicul\u0103 AM-PES-02\" \/>\n<meta property=\"og:description\" content=\"Orthosis for clavicul\u0103 AM-PES-02 se folose\u0219te la leziuni ale claviculei care nu necesit\u0103 interven\u021bii chirurgicale, afec\u021biuni dureroase ale coloanei vertebrale.\" \/>\n<meta property=\"og:url\" content=\"https:\/\/hub.ortopedie.md\/en\/shop\/orthosis-for-clavicula-am-pes-02\/\" \/>\n<meta property=\"og:site_name\" content=\"Hub Ortopedie - Magazin ortopedic. \u041e\u0440\u0442\u043e\u043f\u0435\u0434\u0438\u0447\u0435\u0441\u043a\u0438\u0439 \u043c\u0430\u0433\u0430\u0437\u0438\u043d\" \/>\n<meta property=\"article:publisher\" content=\"https:\/\/www.facebook.com\/ORTOPEDIE.MD\/\" \/>\n<meta property=\"og:image\" content=\"https:\/\/hub.ortopedie.md\/wp-content\/uploads\/2018\/08\/AM-PES-02-tlo1.jpg\" \/>\n\t<meta property=\"og:image:width\" content=\"645\" \/>\n\t<meta property=\"og:image:height\" content=\"430\" \/>\n\t<meta property=\"og:image:type\" content=\"image\/jpeg\" \/>\n<meta name=\"twitter:label1\" content=\"Price\" \/>\n\t<meta name=\"twitter:data1\" content=\"550.00&nbsp;MDL\" \/>\n\t<meta name=\"twitter:label2\" content=\"Availability\" \/>\n\t<meta name=\"twitter:data2\" content=\"Out of stock\" \/>\n<script type=\"application\/ld+json\" class=\"yoast-schema-graph\">{\"@context\":\"https:\\\/\\\/schema.org\",\"@graph\":[{\"@type\":\"WebPage\",\"@id\":\"https:\\\/\\\/hub.ortopedie.md\\\/en\\\/shop\\\/orthosis-for-clavicula-am-pes-02\\\/\",\"url\":\"https:\\\/\\\/hub.ortopedie.md\\\/en\\\/shop\\\/orthosis-for-clavicula-am-pes-02\\\/\",\"name\":\"Orthosis for clavicul\u0103 AM-PES-02 \u00een Moldova - HUB Ortopedie\",\"isPartOf\":{\"@id\":\"https:\\\/\\\/hub.ortopedie.md\\\/#website\"},\"primaryImageOfPage\":{\"@id\":\"https:\\\/\\\/hub.ortopedie.md\\\/en\\\/shop\\\/orthosis-for-clavicula-am-pes-02\\\/#primaryimage\"},\"image\":{\"@id\":\"https:\\\/\\\/hub.ortopedie.md\\\/en\\\/shop\\\/orthosis-for-clavicula-am-pes-02\\\/#primaryimage\"},\"thumbnailUrl\":\"https:\\\/\\\/hub.ortopedie.md\\\/wp-content\\\/uploads\\\/2018\\\/08\\\/AM-PES-02-tlo1.jpg\",\"datePublished\":\"2026-03-12T15:27:57+00:00\",\"description\":\"Orthosis for clavicul\u0103 AM-PES-02 se folose\u0219te la leziuni ale claviculei care nu necesit\u0103 interven\u021bii chirurgicale, afec\u021biuni dureroase ale coloanei vertebrale.\",\"breadcrumb\":{\"@id\":\"https:\\\/\\\/hub.ortopedie.md\\\/en\\\/shop\\\/orthosis-for-clavicula-am-pes-02\\\/#breadcrumb\"},\"inLanguage\":\"en-US\",\"potentialAction\":[{\"@type\":\"ReadAction\",\"target\":[\"https:\\\/\\\/hub.ortopedie.md\\\/en\\\/shop\\\/orthosis-for-clavicula-am-pes-02\\\/\"]}]},{\"@type\":\"ImageObject\",\"inLanguage\":\"en-US\",\"@id\":\"https:\\\/\\\/hub.ortopedie.md\\\/en\\\/shop\\\/orthosis-for-clavicula-am-pes-02\\\/#primaryimage\",\"url\":\"https:\\\/\\\/hub.ortopedie.md\\\/wp-content\\\/uploads\\\/2018\\\/08\\\/AM-PES-02-tlo1.jpg\",\"contentUrl\":\"https:\\\/\\\/hub.ortopedie.md\\\/wp-content\\\/uploads\\\/2018\\\/08\\\/AM-PES-02-tlo1.jpg\",\"width\":645,\"height\":430},{\"@type\":\"BreadcrumbList\",\"@id\":\"https:\\\/\\\/hub.ortopedie.md\\\/en\\\/shop\\\/orthosis-for-clavicula-am-pes-02\\\/#breadcrumb\",\"itemListElement\":[{\"@type\":\"ListItem\",\"position\":1,\"name\":\"Prima pagin\u0103\",\"item\":\"https:\\\/\\\/hub.ortopedie.md\\\/en\\\/\"},{\"@type\":\"ListItem\",\"position\":2,\"name\":\"Produse\",\"item\":\"https:\\\/\\\/hub.ortopedie.md\\\/shop\\\/\"},{\"@type\":\"ListItem\",\"position\":3,\"name\":\"Orthosis for clavicul\u0103 AM-PES-02\"}]},{\"@type\":\"WebSite\",\"@id\":\"https:\\\/\\\/hub.ortopedie.md\\\/#website\",\"url\":\"https:\\\/\\\/hub.ortopedie.md\\\/\",\"name\":\"Hub Ortopedie - Magazin ortopedic. \u041e\u0440\u0442\u043e\u043f\u0435\u0434\u0438\u0447\u0435\u0441\u043a\u0438\u0439 \u043c\u0430\u0433\u0430\u0437\u0438\u043d\",\"description\":\"S\u0103n\u0103tate, confort, calitate\",\"publisher\":{\"@id\":\"https:\\\/\\\/hub.ortopedie.md\\\/#organization\"},\"potentialAction\":[{\"@type\":\"SearchAction\",\"target\":{\"@type\":\"EntryPoint\",\"urlTemplate\":\"https:\\\/\\\/hub.ortopedie.md\\\/?s={search_term_string}\"},\"query-input\":{\"@type\":\"PropertyValueSpecification\",\"valueRequired\":true,\"valueName\":\"search_term_string\"}}],\"inLanguage\":\"en-US\"},{\"@type\":\"Organization\",\"@id\":\"https:\\\/\\\/hub.ortopedie.md\\\/#organization\",\"name\":\"HUB ORTOPEDIE\",\"url\":\"https:\\\/\\\/hub.ortopedie.md\\\/\",\"logo\":{\"@type\":\"ImageObject\",\"inLanguage\":\"en-US\",\"@id\":\"https:\\\/\\\/hub.ortopedie.md\\\/#\\\/schema\\\/logo\\\/image\\\/\",\"url\":\"https:\\\/\\\/hub.ortopedie.md\\\/wp-content\\\/uploads\\\/2018\\\/01\\\/hub-logo.png\",\"contentUrl\":\"https:\\\/\\\/hub.ortopedie.md\\\/wp-content\\\/uploads\\\/2018\\\/01\\\/hub-logo.png\",\"width\":124,\"height\":90,\"caption\":\"HUB ORTOPEDIE\"},\"image\":{\"@id\":\"https:\\\/\\\/hub.ortopedie.md\\\/#\\\/schema\\\/logo\\\/image\\\/\"},\"sameAs\":[\"https:\\\/\\\/www.facebook.com\\\/ORTOPEDIE.MD\\\/\",\"https:\\\/\\\/www.instagram.com\\\/hub_ortopedie\\\/\"]}]}<\/script>\n<meta property=\"product:price:amount\" content=\"550.00\" \/>\n<meta property=\"product:price:currency\" content=\"MDL\" \/>\n<meta property=\"og:availability\" content=\"out of stock\" \/>\n<meta property=\"product:availability\" content=\"out of stock\" \/>\n<meta property=\"product:condition\" content=\"new\" \/>\n<!-- \/ Yoast SEO Premium plugin. -->","yoast_head_json":{"title":"Orthosis for clavicul\u0103 AM-PES-02 \u00een Moldova - HUB Ortopedie","description":"Orthosis for clavicul\u0103 AM-PES-02 se folose\u0219te la leziuni ale claviculei care nu necesit\u0103 interven\u021bii chirurgicale, afec\u021biuni dureroase ale coloanei vertebrale.","robots":{"index":"index","follow":"follow","max-snippet":"max-snippet:-1","max-image-preview":"max-image-preview:large","max-video-preview":"max-video-preview:-1"},"canonical":"https:\/\/hub.ortopedie.md\/en\/shop\/orthosis-for-clavicula-am-pes-02\/","og_locale":"en_US","og_type":"article","og_title":"Orthosis for clavicul\u0103 AM-PES-02","og_description":"Orthosis for clavicul\u0103 AM-PES-02 se folose\u0219te la leziuni ale claviculei care nu necesit\u0103 interven\u021bii chirurgicale, afec\u021biuni dureroase ale coloanei vertebrale.","og_url":"https:\/\/hub.ortopedie.md\/en\/shop\/orthosis-for-clavicula-am-pes-02\/","og_site_name":"Hub Ortopedie - Magazin ortopedic. \u041e\u0440\u0442\u043e\u043f\u0435\u0434\u0438\u0447\u0435\u0441\u043a\u0438\u0439 \u043c\u0430\u0433\u0430\u0437\u0438\u043d","article_publisher":"https:\/\/www.facebook.com\/ORTOPEDIE.MD\/","og_image":[{"width":645,"height":430,"url":"https:\/\/hub.ortopedie.md\/wp-content\/uploads\/2018\/08\/AM-PES-02-tlo1.jpg","type":"image\/jpeg"}],"twitter_misc":{"Price":"550.00&nbsp;MDL","Availability":"Out of stock"},"schema":{"@context":"https:\/\/schema.org","@graph":[{"@type":"WebPage","@id":"https:\/\/hub.ortopedie.md\/en\/shop\/orthosis-for-clavicula-am-pes-02\/","url":"https:\/\/hub.ortopedie.md\/en\/shop\/orthosis-for-clavicula-am-pes-02\/","name":"Orthosis for clavicul\u0103 AM-PES-02 \u00een Moldova - HUB Ortopedie","isPartOf":{"@id":"https:\/\/hub.ortopedie.md\/#website"},"primaryImageOfPage":{"@id":"https:\/\/hub.ortopedie.md\/en\/shop\/orthosis-for-clavicula-am-pes-02\/#primaryimage"},"image":{"@id":"https:\/\/hub.ortopedie.md\/en\/shop\/orthosis-for-clavicula-am-pes-02\/#primaryimage"},"thumbnailUrl":"https:\/\/hub.ortopedie.md\/wp-content\/uploads\/2018\/08\/AM-PES-02-tlo1.jpg","datePublished":"2026-03-12T15:27:57+00:00","description":"Orthosis for clavicul\u0103 AM-PES-02 se folose\u0219te la leziuni ale claviculei care nu necesit\u0103 interven\u021bii chirurgicale, afec\u021biuni dureroase ale coloanei vertebrale.","breadcrumb":{"@id":"https:\/\/hub.ortopedie.md\/en\/shop\/orthosis-for-clavicula-am-pes-02\/#breadcrumb"},"inLanguage":"en-US","potentialAction":[{"@type":"ReadAction","target":["https:\/\/hub.ortopedie.md\/en\/shop\/orthosis-for-clavicula-am-pes-02\/"]}]},{"@type":"ImageObject","inLanguage":"en-US","@id":"https:\/\/hub.ortopedie.md\/en\/shop\/orthosis-for-clavicula-am-pes-02\/#primaryimage","url":"https:\/\/hub.ortopedie.md\/wp-content\/uploads\/2018\/08\/AM-PES-02-tlo1.jpg","contentUrl":"https:\/\/hub.ortopedie.md\/wp-content\/uploads\/2018\/08\/AM-PES-02-tlo1.jpg","width":645,"height":430},{"@type":"BreadcrumbList","@id":"https:\/\/hub.ortopedie.md\/en\/shop\/orthosis-for-clavicula-am-pes-02\/#breadcrumb","itemListElement":[{"@type":"ListItem","position":1,"name":"Prima pagin\u0103","item":"https:\/\/hub.ortopedie.md\/en\/"},{"@type":"ListItem","position":2,"name":"Produse","item":"https:\/\/hub.ortopedie.md\/shop\/"},{"@type":"ListItem","position":3,"name":"Orthosis for clavicul\u0103 AM-PES-02"}]},{"@type":"WebSite","@id":"https:\/\/hub.ortopedie.md\/#website","url":"https:\/\/hub.ortopedie.md\/","name":"Hub Ortopedie - Magazin ortopedic. \u041e\u0440\u0442\u043e\u043f\u0435\u0434\u0438\u0447\u0435\u0441\u043a\u0438\u0439 \u043c\u0430\u0433\u0430\u0437\u0438\u043d","description":"S\u0103n\u0103tate, confort, calitate","publisher":{"@id":"https:\/\/hub.ortopedie.md\/#organization"},"potentialAction":[{"@type":"SearchAction","target":{"@type":"EntryPoint","urlTemplate":"https:\/\/hub.ortopedie.md\/?s={search_term_string}"},"query-input":{"@type":"PropertyValueSpecification","valueRequired":true,"valueName":"search_term_string"}}],"inLanguage":"en-US"},{"@type":"Organization","@id":"https:\/\/hub.ortopedie.md\/#organization","name":"HUB ORTOPEDIE","url":"https:\/\/hub.ortopedie.md\/","logo":{"@type":"ImageObject","inLanguage":"en-US","@id":"https:\/\/hub.ortopedie.md\/#\/schema\/logo\/image\/","url":"https:\/\/hub.ortopedie.md\/wp-content\/uploads\/2018\/01\/hub-logo.png","contentUrl":"https:\/\/hub.ortopedie.md\/wp-content\/uploads\/2018\/01\/hub-logo.png","width":124,"height":90,"caption":"HUB ORTOPEDIE"},"image":{"@id":"https:\/\/hub.ortopedie.md\/#\/schema\/logo\/image\/"},"sameAs":["https:\/\/www.facebook.com\/ORTOPEDIE.MD\/","https:\/\/www.instagram.com\/hub_ortopedie\/"]}]},"product_price_amount":"550.00","product_price_currency":"MDL","og_availability":"out of stock","product_availability":"out of stock","product_condition":"new"},"jetpack_sharing_enabled":true,"brands":[{"id":273,"name":"REH4MAT","slug":"reh4mat"}],"_links":{"self":[{"href":"https:\/\/hub.ortopedie.md\/en\/wp-json\/wp\/v2\/product\/14444","targetHints":{"allow":["GET"]}}],"collection":[{"href":"https:\/\/hub.ortopedie.md\/en\/wp-json\/wp\/v2\/product"}],"about":[{"href":"https:\/\/hub.ortopedie.md\/en\/wp-json\/wp\/v2\/types\/product"}],"wp:featuredmedia":[{"embeddable":true,"href":"https:\/\/hub.ortopedie.md\/en\/wp-json\/wp\/v2\/media\/3587"}],"wp:attachment":[{"href":"https:\/\/hub.ortopedie.md\/en\/wp-json\/wp\/v2\/media?parent=14444"}],"wp:term":[{"taxonomy":"pwb-brand","embeddable":true,"href":"https:\/\/hub.ortopedie.md\/en\/wp-json\/wp\/v2\/pwb-brand?post=14444"},{"taxonomy":"product_brand","embeddable":true,"href":"https:\/\/hub.ortopedie.md\/en\/wp-json\/wp\/v2\/product_brand?post=14444"},{"taxonomy":"product_cat","embeddable":true,"href":"https:\/\/hub.ortopedie.md\/en\/wp-json\/wp\/v2\/product_cat?post=14444"},{"taxonomy":"product_tag","embeddable":true,"href":"https:\/\/hub.ortopedie.md\/en\/wp-json\/wp\/v2\/product_tag?post=14444"}],"curies":[{"name":"wp","href":"https:\/\/api.w.org\/{rel}","templated":true}]}}