{"id":14447,"date":"2026-03-12T17:27:58","date_gmt":"2026-03-12T15:27:58","guid":{"rendered":"https:\/\/hub.ortopedie.md\/shop\/orthosis-for-articulatia-mainii-la-copii-am-osn-u-01\/"},"modified":"2026-03-12T17:27:58","modified_gmt":"2026-03-12T15:27:58","slug":"orthosis-for-articulatia-mainii-la-copii-am-osn-u-01","status":"publish","type":"product","link":"https:\/\/hub.ortopedie.md\/en\/shop\/orthosis-for-articulatia-mainii-la-copii-am-osn-u-01\/","title":{"rendered":"Orthosis for articula\u0163ia m\u00e2inii la copii AM-OSN-U-01"},"content":{"rendered":"<div class=\"clear\">\n<p><img decoding=\"async\" class=\"alignnone wp-image-3615 size-600\" src=\"https:\/\/hub.ortopedie.md\/wp-content\/uploads\/2018\/08\/AIR-SANMED-RU-600x338.png\" alt=\"\" width=\"600\" height=\"338\" srcset=\"https:\/\/hub.ortopedie.md\/wp-content\/uploads\/2018\/08\/AIR-SANMED-RU-200x113.png 200w, https:\/\/hub.ortopedie.md\/wp-content\/uploads\/2018\/08\/AIR-SANMED-RU-300x169.png 300w, https:\/\/hub.ortopedie.md\/wp-content\/uploads\/2018\/08\/AIR-SANMED-RU-400x225.png 400w, https:\/\/hub.ortopedie.md\/wp-content\/uploads\/2018\/08\/AIR-SANMED-RU-500x281.png 500w, https:\/\/hub.ortopedie.md\/wp-content\/uploads\/2018\/08\/AIR-SANMED-RU-600x338.png 600w, https:\/\/hub.ortopedie.md\/wp-content\/uploads\/2018\/08\/AIR-SANMED-RU.png 640w\" sizes=\"(max-width: 600px) 100vw, 600px\" \/><\/p>\n<p>Datorit\u0103 construc\u021biei deschise al Orthosesi \u0219i a dispozitivului fixare din fa\u021b\u0103, este u\u0219or s\u0103 se potriveasc\u0103 \u0219i s\u0103 se adapteze la wrist.<\/p>\n<p>Fixatorul articula\u021biei este \u00een plus dotat cu o Pillow elastic\u0103 soft \u00een zona distal\u0103, ceea ce \u00eembun\u0103t\u0103\u021be\u0219te confortul.<\/p>\n<p>La capetele centurilor Velcro Velcro exist\u0103 kitsevici care faciliteaz\u0103 fixarea la pacien\u021bii cu disfunc\u021bie par\u021bial\u0103.<\/p>\n<p><img decoding=\"async\" class=\"alignnone wp-image-3617 size-400\" src=\"https:\/\/hub.ortopedie.md\/wp-content\/uploads\/2018\/08\/lock3points-400x163.png\" alt=\"\" width=\"400\" height=\"163\" srcset=\"https:\/\/hub.ortopedie.md\/wp-content\/uploads\/2018\/08\/lock3points-200x82.png 200w, https:\/\/hub.ortopedie.md\/wp-content\/uploads\/2018\/08\/lock3points-300x123.png 300w, https:\/\/hub.ortopedie.md\/wp-content\/uploads\/2018\/08\/lock3points-400x163.png 400w, https:\/\/hub.ortopedie.md\/wp-content\/uploads\/2018\/08\/lock3points.png 492w\" sizes=\"(max-width: 400px) 100vw, 400px\" \/><br \/>\n3 puncte fixare<br \/>\n<strong>L3P (LOCK 3 POINTS)<\/strong><\/p>\n<h2>Tabel cu dimensiuni<\/h2>\n<table border=\"0\" cellspacing=\"0\">\n<thead>\n<tr>\n<td>Marime<\/td>\n<td>Circumferin\u021ba membrului<\/td>\n<td>Metoda m\u0103surare<\/td>\n<\/tr>\n<\/thead>\n<colgroup width=\"135\"><\/colgroup>\n<colgroup width=\"238\"><\/colgroup>\n<tbody>\n<tr>\n<td>1<\/td>\n<td>9-11 \u0441\u043c<\/td>\n<td rowspan=\"2\"><img decoding=\"async\" class=\"alignnone wp-image-3618 size-thumbnail\" src=\"https:\/\/hub.ortopedie.md\/wp-content\/uploads\/2018\/08\/nadgarstek-1-150x150.png\" alt=\"\" width=\"150\" height=\"150\" srcset=\"https:\/\/hub.ortopedie.md\/wp-content\/uploads\/2018\/08\/nadgarstek-1-66x66.png 66w, https:\/\/hub.ortopedie.md\/wp-content\/uploads\/2018\/08\/nadgarstek-1-100x100.png 100w, https:\/\/hub.ortopedie.md\/wp-content\/uploads\/2018\/08\/nadgarstek-1-150x150.png 150w, https:\/\/hub.ortopedie.md\/wp-content\/uploads\/2018\/08\/nadgarstek-1-200x200.png 200w, https:\/\/hub.ortopedie.md\/wp-content\/uploads\/2018\/08\/nadgarstek-1.png 250w\" sizes=\"(max-width: 150px) 100vw, 150px\" \/><\/td>\n<\/tr>\n<tr>\n<td>2<\/td>\n<td>11-13 \u0441\u043c<\/td>\n<\/tr>\n<\/tbody>\n<\/table>\n<h2>Caracteristici speciale<\/h2>\n<p>&#8211; Excelent\u0103 stabilizare &#8211; datorit\u0103 utiliz\u0103rii unei inser\u021bii orthopedice late \u0219i rigide \u0219i a dou\u0103 c\u0103ptu\u0219eli, sa ob\u021binut o stabilizare excelent\u0103 a produsului.<br \/>\n&#8211; Confortul purt\u0103rii &#8211; datorit\u0103 utiliz\u0103rii materialului modern AirSanmed sweat perfect afisat \u00een exterior.<br \/>\n&#8211; U\u0219or utilizat &#8211; destul u\u0219or aplicat \u0219i \u00eendep\u0103rtat c\u0103tre pacient.<br \/>\n-Men\u021binerea igienei corespunz\u0103toare &#8211; datorit\u0103 u\u0219urin\u021bei aplic\u0103rii \u0219i \u00eendep\u0103rt\u0103rii produsului, sp\u0103larea \u0219i depozitarea Orthosesi nu prezint\u0103 dificult\u0103\u021bi speciale.<\/p>\n<h2>Precau\u021bii utilizare<\/h2>\n<p>Orthosis articula\u021bia m\u00eeinii se folose\u0219te in cazuri:<br \/>\n&#8211; disloc\u0103ri ale articula\u021biei \u00eencheieturii m\u00e2inii,<br \/>\n&#8211; leziuni \u0219i inflama\u021bii ale tendoanelor,<br \/>\n&#8211; st\u0103ri dureroase ale \u00eencheieturii m\u00e2inii,<br \/>\n-inflama\u021bia acut\u0103 \u0219i cronic\u0103 a carpului sau a oaselor metacarpale,<br \/>\n&#8211; dup\u0103 alte opera\u021bii (ortopedie, reumatologie)<br \/>\n&#8211; boli neurologice origine central\u0103 sau periferic\u0103,<br \/>\n&#8211; for prevenirea \u00een timpul sportului sau for efectuarea unei lucr\u0103ri fizice grele.<\/p>\n<\/div>\n","protected":false},"excerpt":{"rendered":"<p>Datorit\u0103 construc\u021biei deschise al Orthosesi \u0219i a dispozitivului fixare din  [&#8230;]<\/p>\n","protected":false},"featured_media":3616,"template":"","meta":[],"pwb-brand":[273],"product_brand":[],"product_cat":[897],"product_tag":[],"class_list":{"0":"post-14447","1":"product","2":"type-product","3":"status-publish","4":"has-post-thumbnail","6":"pwb-brand-reh4mat","7":"product_cat-orthoses-amp-braces","9":"first","10":"outofstock","11":"shipping-taxable","12":"purchasable","13":"product-type-simple"},"yoast_head":"<!-- This site is optimized with the Yoast SEO Premium plugin v18.3 (Yoast SEO v27.4) - https:\/\/yoast.com\/product\/yoast-seo-premium-wordpress\/ -->\n<title>Orthosis for articula\u0163ia m\u00e2inii la copii AM-OSN-U-01 - HUB Ortopedie<\/title>\n<meta name=\"robots\" content=\"index, follow, max-snippet:-1, max-image-preview:large, max-video-preview:-1\" \/>\n<link rel=\"canonical\" href=\"https:\/\/hub.ortopedie.md\/en\/shop\/orthosis-for-articulatia-mainii-la-copii-am-osn-u-01\/\" \/>\n<meta property=\"og:locale\" content=\"en_US\" \/>\n<meta property=\"og:type\" content=\"article\" \/>\n<meta property=\"og:title\" content=\"Orthosis for articula\u0163ia m\u00e2inii la copii AM-OSN-U-01\" \/>\n<meta property=\"og:description\" content=\"Datorit\u0103 construc\u021biei deschise al Orthosesi \u0219i a dispozitivului fixare din [...]\" \/>\n<meta property=\"og:url\" content=\"https:\/\/hub.ortopedie.md\/en\/shop\/orthosis-for-articulatia-mainii-la-copii-am-osn-u-01\/\" \/>\n<meta property=\"og:site_name\" content=\"Hub Ortopedie - Magazin ortopedic. \u041e\u0440\u0442\u043e\u043f\u0435\u0434\u0438\u0447\u0435\u0441\u043a\u0438\u0439 \u043c\u0430\u0433\u0430\u0437\u0438\u043d\" \/>\n<meta property=\"article:publisher\" content=\"https:\/\/www.facebook.com\/ORTOPEDIE.MD\/\" \/>\n<meta property=\"og:image\" content=\"https:\/\/hub.ortopedie.md\/wp-content\/uploads\/2018\/08\/AM-OSN-U-01-t-o.jpg\" \/>\n\t<meta property=\"og:image:width\" content=\"645\" \/>\n\t<meta property=\"og:image:height\" content=\"430\" \/>\n\t<meta property=\"og:image:type\" content=\"image\/jpeg\" \/>\n<meta name=\"twitter:label1\" content=\"Price\" \/>\n\t<meta name=\"twitter:data1\" content=\"675.00&nbsp;MDL\" \/>\n\t<meta name=\"twitter:label2\" content=\"Availability\" \/>\n\t<meta name=\"twitter:data2\" content=\"Out of stock\" \/>\n<script type=\"application\/ld+json\" class=\"yoast-schema-graph\">{\"@context\":\"https:\\\/\\\/schema.org\",\"@graph\":[{\"@type\":\"WebPage\",\"@id\":\"https:\\\/\\\/hub.ortopedie.md\\\/en\\\/shop\\\/orthosis-for-articulatia-mainii-la-copii-am-osn-u-01\\\/\",\"url\":\"https:\\\/\\\/hub.ortopedie.md\\\/en\\\/shop\\\/orthosis-for-articulatia-mainii-la-copii-am-osn-u-01\\\/\",\"name\":\"Orthosis for articula\u0163ia m\u00e2inii la copii AM-OSN-U-01 - HUB Ortopedie\",\"isPartOf\":{\"@id\":\"https:\\\/\\\/hub.ortopedie.md\\\/#website\"},\"primaryImageOfPage\":{\"@id\":\"https:\\\/\\\/hub.ortopedie.md\\\/en\\\/shop\\\/orthosis-for-articulatia-mainii-la-copii-am-osn-u-01\\\/#primaryimage\"},\"image\":{\"@id\":\"https:\\\/\\\/hub.ortopedie.md\\\/en\\\/shop\\\/orthosis-for-articulatia-mainii-la-copii-am-osn-u-01\\\/#primaryimage\"},\"thumbnailUrl\":\"https:\\\/\\\/hub.ortopedie.md\\\/wp-content\\\/uploads\\\/2018\\\/08\\\/AM-OSN-U-01-t-o.jpg\",\"datePublished\":\"2026-03-12T15:27:58+00:00\",\"breadcrumb\":{\"@id\":\"https:\\\/\\\/hub.ortopedie.md\\\/en\\\/shop\\\/orthosis-for-articulatia-mainii-la-copii-am-osn-u-01\\\/#breadcrumb\"},\"inLanguage\":\"en-US\",\"potentialAction\":[{\"@type\":\"ReadAction\",\"target\":[\"https:\\\/\\\/hub.ortopedie.md\\\/en\\\/shop\\\/orthosis-for-articulatia-mainii-la-copii-am-osn-u-01\\\/\"]}]},{\"@type\":\"ImageObject\",\"inLanguage\":\"en-US\",\"@id\":\"https:\\\/\\\/hub.ortopedie.md\\\/en\\\/shop\\\/orthosis-for-articulatia-mainii-la-copii-am-osn-u-01\\\/#primaryimage\",\"url\":\"https:\\\/\\\/hub.ortopedie.md\\\/wp-content\\\/uploads\\\/2018\\\/08\\\/AM-OSN-U-01-t-o.jpg\",\"contentUrl\":\"https:\\\/\\\/hub.ortopedie.md\\\/wp-content\\\/uploads\\\/2018\\\/08\\\/AM-OSN-U-01-t-o.jpg\",\"width\":645,\"height\":430},{\"@type\":\"BreadcrumbList\",\"@id\":\"https:\\\/\\\/hub.ortopedie.md\\\/en\\\/shop\\\/orthosis-for-articulatia-mainii-la-copii-am-osn-u-01\\\/#breadcrumb\",\"itemListElement\":[{\"@type\":\"ListItem\",\"position\":1,\"name\":\"Prima pagin\u0103\",\"item\":\"https:\\\/\\\/hub.ortopedie.md\\\/en\\\/\"},{\"@type\":\"ListItem\",\"position\":2,\"name\":\"Produse\",\"item\":\"https:\\\/\\\/hub.ortopedie.md\\\/shop\\\/\"},{\"@type\":\"ListItem\",\"position\":3,\"name\":\"Orthosis for articula\u0163ia m\u00e2inii la copii AM-OSN-U-01\"}]},{\"@type\":\"WebSite\",\"@id\":\"https:\\\/\\\/hub.ortopedie.md\\\/#website\",\"url\":\"https:\\\/\\\/hub.ortopedie.md\\\/\",\"name\":\"Hub Ortopedie - Magazin ortopedic. \u041e\u0440\u0442\u043e\u043f\u0435\u0434\u0438\u0447\u0435\u0441\u043a\u0438\u0439 \u043c\u0430\u0433\u0430\u0437\u0438\u043d\",\"description\":\"S\u0103n\u0103tate, confort, calitate\",\"publisher\":{\"@id\":\"https:\\\/\\\/hub.ortopedie.md\\\/#organization\"},\"potentialAction\":[{\"@type\":\"SearchAction\",\"target\":{\"@type\":\"EntryPoint\",\"urlTemplate\":\"https:\\\/\\\/hub.ortopedie.md\\\/?s={search_term_string}\"},\"query-input\":{\"@type\":\"PropertyValueSpecification\",\"valueRequired\":true,\"valueName\":\"search_term_string\"}}],\"inLanguage\":\"en-US\"},{\"@type\":\"Organization\",\"@id\":\"https:\\\/\\\/hub.ortopedie.md\\\/#organization\",\"name\":\"HUB ORTOPEDIE\",\"url\":\"https:\\\/\\\/hub.ortopedie.md\\\/\",\"logo\":{\"@type\":\"ImageObject\",\"inLanguage\":\"en-US\",\"@id\":\"https:\\\/\\\/hub.ortopedie.md\\\/#\\\/schema\\\/logo\\\/image\\\/\",\"url\":\"https:\\\/\\\/hub.ortopedie.md\\\/wp-content\\\/uploads\\\/2018\\\/01\\\/hub-logo.png\",\"contentUrl\":\"https:\\\/\\\/hub.ortopedie.md\\\/wp-content\\\/uploads\\\/2018\\\/01\\\/hub-logo.png\",\"width\":124,\"height\":90,\"caption\":\"HUB ORTOPEDIE\"},\"image\":{\"@id\":\"https:\\\/\\\/hub.ortopedie.md\\\/#\\\/schema\\\/logo\\\/image\\\/\"},\"sameAs\":[\"https:\\\/\\\/www.facebook.com\\\/ORTOPEDIE.MD\\\/\",\"https:\\\/\\\/www.instagram.com\\\/hub_ortopedie\\\/\"]}]}<\/script>\n<meta property=\"product:price:amount\" content=\"675.00\" \/>\n<meta property=\"product:price:currency\" content=\"MDL\" \/>\n<meta property=\"og:availability\" content=\"out of stock\" \/>\n<meta property=\"product:availability\" content=\"out of stock\" \/>\n<meta property=\"product:condition\" content=\"new\" \/>\n<!-- \/ Yoast SEO Premium plugin. -->","yoast_head_json":{"title":"Orthosis for articula\u0163ia m\u00e2inii la copii AM-OSN-U-01 - HUB Ortopedie","robots":{"index":"index","follow":"follow","max-snippet":"max-snippet:-1","max-image-preview":"max-image-preview:large","max-video-preview":"max-video-preview:-1"},"canonical":"https:\/\/hub.ortopedie.md\/en\/shop\/orthosis-for-articulatia-mainii-la-copii-am-osn-u-01\/","og_locale":"en_US","og_type":"article","og_title":"Orthosis for articula\u0163ia m\u00e2inii la copii AM-OSN-U-01","og_description":"Datorit\u0103 construc\u021biei deschise al Orthosesi \u0219i a dispozitivului fixare din [...]","og_url":"https:\/\/hub.ortopedie.md\/en\/shop\/orthosis-for-articulatia-mainii-la-copii-am-osn-u-01\/","og_site_name":"Hub Ortopedie - Magazin ortopedic. \u041e\u0440\u0442\u043e\u043f\u0435\u0434\u0438\u0447\u0435\u0441\u043a\u0438\u0439 \u043c\u0430\u0433\u0430\u0437\u0438\u043d","article_publisher":"https:\/\/www.facebook.com\/ORTOPEDIE.MD\/","og_image":[{"width":645,"height":430,"url":"https:\/\/hub.ortopedie.md\/wp-content\/uploads\/2018\/08\/AM-OSN-U-01-t-o.jpg","type":"image\/jpeg"}],"twitter_misc":{"Price":"675.00&nbsp;MDL","Availability":"Out of stock"},"schema":{"@context":"https:\/\/schema.org","@graph":[{"@type":"WebPage","@id":"https:\/\/hub.ortopedie.md\/en\/shop\/orthosis-for-articulatia-mainii-la-copii-am-osn-u-01\/","url":"https:\/\/hub.ortopedie.md\/en\/shop\/orthosis-for-articulatia-mainii-la-copii-am-osn-u-01\/","name":"Orthosis for articula\u0163ia m\u00e2inii la copii AM-OSN-U-01 - HUB Ortopedie","isPartOf":{"@id":"https:\/\/hub.ortopedie.md\/#website"},"primaryImageOfPage":{"@id":"https:\/\/hub.ortopedie.md\/en\/shop\/orthosis-for-articulatia-mainii-la-copii-am-osn-u-01\/#primaryimage"},"image":{"@id":"https:\/\/hub.ortopedie.md\/en\/shop\/orthosis-for-articulatia-mainii-la-copii-am-osn-u-01\/#primaryimage"},"thumbnailUrl":"https:\/\/hub.ortopedie.md\/wp-content\/uploads\/2018\/08\/AM-OSN-U-01-t-o.jpg","datePublished":"2026-03-12T15:27:58+00:00","breadcrumb":{"@id":"https:\/\/hub.ortopedie.md\/en\/shop\/orthosis-for-articulatia-mainii-la-copii-am-osn-u-01\/#breadcrumb"},"inLanguage":"en-US","potentialAction":[{"@type":"ReadAction","target":["https:\/\/hub.ortopedie.md\/en\/shop\/orthosis-for-articulatia-mainii-la-copii-am-osn-u-01\/"]}]},{"@type":"ImageObject","inLanguage":"en-US","@id":"https:\/\/hub.ortopedie.md\/en\/shop\/orthosis-for-articulatia-mainii-la-copii-am-osn-u-01\/#primaryimage","url":"https:\/\/hub.ortopedie.md\/wp-content\/uploads\/2018\/08\/AM-OSN-U-01-t-o.jpg","contentUrl":"https:\/\/hub.ortopedie.md\/wp-content\/uploads\/2018\/08\/AM-OSN-U-01-t-o.jpg","width":645,"height":430},{"@type":"BreadcrumbList","@id":"https:\/\/hub.ortopedie.md\/en\/shop\/orthosis-for-articulatia-mainii-la-copii-am-osn-u-01\/#breadcrumb","itemListElement":[{"@type":"ListItem","position":1,"name":"Prima pagin\u0103","item":"https:\/\/hub.ortopedie.md\/en\/"},{"@type":"ListItem","position":2,"name":"Produse","item":"https:\/\/hub.ortopedie.md\/shop\/"},{"@type":"ListItem","position":3,"name":"Orthosis for articula\u0163ia m\u00e2inii la copii AM-OSN-U-01"}]},{"@type":"WebSite","@id":"https:\/\/hub.ortopedie.md\/#website","url":"https:\/\/hub.ortopedie.md\/","name":"Hub Ortopedie - Magazin ortopedic. \u041e\u0440\u0442\u043e\u043f\u0435\u0434\u0438\u0447\u0435\u0441\u043a\u0438\u0439 \u043c\u0430\u0433\u0430\u0437\u0438\u043d","description":"S\u0103n\u0103tate, confort, calitate","publisher":{"@id":"https:\/\/hub.ortopedie.md\/#organization"},"potentialAction":[{"@type":"SearchAction","target":{"@type":"EntryPoint","urlTemplate":"https:\/\/hub.ortopedie.md\/?s={search_term_string}"},"query-input":{"@type":"PropertyValueSpecification","valueRequired":true,"valueName":"search_term_string"}}],"inLanguage":"en-US"},{"@type":"Organization","@id":"https:\/\/hub.ortopedie.md\/#organization","name":"HUB ORTOPEDIE","url":"https:\/\/hub.ortopedie.md\/","logo":{"@type":"ImageObject","inLanguage":"en-US","@id":"https:\/\/hub.ortopedie.md\/#\/schema\/logo\/image\/","url":"https:\/\/hub.ortopedie.md\/wp-content\/uploads\/2018\/01\/hub-logo.png","contentUrl":"https:\/\/hub.ortopedie.md\/wp-content\/uploads\/2018\/01\/hub-logo.png","width":124,"height":90,"caption":"HUB ORTOPEDIE"},"image":{"@id":"https:\/\/hub.ortopedie.md\/#\/schema\/logo\/image\/"},"sameAs":["https:\/\/www.facebook.com\/ORTOPEDIE.MD\/","https:\/\/www.instagram.com\/hub_ortopedie\/"]}]},"product_price_amount":"675.00","product_price_currency":"MDL","og_availability":"out of stock","product_availability":"out of stock","product_condition":"new"},"jetpack_sharing_enabled":true,"brands":[{"id":273,"name":"REH4MAT","slug":"reh4mat"}],"_links":{"self":[{"href":"https:\/\/hub.ortopedie.md\/en\/wp-json\/wp\/v2\/product\/14447","targetHints":{"allow":["GET"]}}],"collection":[{"href":"https:\/\/hub.ortopedie.md\/en\/wp-json\/wp\/v2\/product"}],"about":[{"href":"https:\/\/hub.ortopedie.md\/en\/wp-json\/wp\/v2\/types\/product"}],"wp:featuredmedia":[{"embeddable":true,"href":"https:\/\/hub.ortopedie.md\/en\/wp-json\/wp\/v2\/media\/3616"}],"wp:attachment":[{"href":"https:\/\/hub.ortopedie.md\/en\/wp-json\/wp\/v2\/media?parent=14447"}],"wp:term":[{"taxonomy":"pwb-brand","embeddable":true,"href":"https:\/\/hub.ortopedie.md\/en\/wp-json\/wp\/v2\/pwb-brand?post=14447"},{"taxonomy":"product_brand","embeddable":true,"href":"https:\/\/hub.ortopedie.md\/en\/wp-json\/wp\/v2\/product_brand?post=14447"},{"taxonomy":"product_cat","embeddable":true,"href":"https:\/\/hub.ortopedie.md\/en\/wp-json\/wp\/v2\/product_cat?post=14447"},{"taxonomy":"product_tag","embeddable":true,"href":"https:\/\/hub.ortopedie.md\/en\/wp-json\/wp\/v2\/product_tag?post=14447"}],"curies":[{"name":"wp","href":"https:\/\/api.w.org\/{rel}","templated":true}]}}