{"id":14455,"date":"2026-03-12T17:28:00","date_gmt":"2026-03-12T15:28:00","guid":{"rendered":"https:\/\/hub.ortopedie.md\/shop\/corset-lumbar-am-tx-03\/"},"modified":"2026-03-12T17:28:01","modified_gmt":"2026-03-12T15:28:01","slug":"corset-lumbar-am-tx-03","status":"publish","type":"product","link":"https:\/\/hub.ortopedie.md\/en\/shop\/corset-lumbar-am-tx-03\/","title":{"rendered":"Corset lumbar AM-TX-03"},"content":{"rendered":"<p>Corset lumbar AM-TX-03 are o form\u0103 anatomic\u0103, datorit\u0103 c\u0103reia se potrive\u0219te mai bine corpului \u0219i stabilizeaz\u0103 coloana lombosacral\u0103.<\/p>\n<p>orthosis este format\u0103 din ActivRubber II.<\/p>\n<p><strong><img decoding=\"async\" class=\"alignnone wp-image-3727 size-600\" src=\"https:\/\/hub.ortopedie.md\/wp-content\/uploads\/2018\/08\/activ_rubber_ii_sch_ru-2-600x285.png\" alt=\"\" width=\"600\" height=\"285\" srcset=\"https:\/\/hub.ortopedie.md\/wp-content\/uploads\/2018\/08\/activ_rubber_ii_sch_ru-2-200x95.png 200w, https:\/\/hub.ortopedie.md\/wp-content\/uploads\/2018\/08\/activ_rubber_ii_sch_ru-2-300x143.png 300w, https:\/\/hub.ortopedie.md\/wp-content\/uploads\/2018\/08\/activ_rubber_ii_sch_ru-2-400x190.png 400w, https:\/\/hub.ortopedie.md\/wp-content\/uploads\/2018\/08\/activ_rubber_ii_sch_ru-2-500x238.png 500w, https:\/\/hub.ortopedie.md\/wp-content\/uploads\/2018\/08\/activ_rubber_ii_sch_ru-2-600x285.png 600w, https:\/\/hub.ortopedie.md\/wp-content\/uploads\/2018\/08\/activ_rubber_ii_sch_ru-2.png 631w\" sizes=\"(max-width: 600px) 100vw, 600px\" \/><\/strong><\/p>\n<p>&nbsp;<\/p>\n<h2>Precau\u0163ii\u00a0la\u00a0utilizare<\/h2>\n<ul>\n<li>sindroamele durere ale coloanei vertebrale lombosacrale,<\/li>\n<li>degenerarea coloanei vertebrale \u00een regiunea lombosacral\u0103,<\/li>\n<li>discopatie \u00een regiunea lumbar\u0103,<\/li>\n<li>deformarea spin\u0103rii \u00een regiunea lumbar\u0103,<\/li>\n<li>spondilolistez\u0103 \u00een regiunea lumbar\u0103,<\/li>\n<li>supra\u00eenc\u0103rcarea coloanei vertebrale lombosacrale<\/li>\n<\/ul>\n<h2>Tabel cu dimensiuni<\/h2>\n<table border=\"0\" cellspacing=\"0\">\n<thead>\n<tr>\n<td>Marime<\/td>\n<td>Diametrul taliei<\/td>\n<td>Metoda m\u0103surare<\/td>\n<\/tr>\n<\/thead>\n<colgroup width=\"135\"><\/colgroup>\n<colgroup width=\"238\"><\/colgroup>\n<colgroup width=\"362\"><\/colgroup>\n<tbody>\n<tr>\n<td>S<\/td>\n<td>65,5-75 cm<\/td>\n<td rowspan=\"6\"><img decoding=\"async\" class=\"alignnone size-full wp-image-3724\" src=\"https:\/\/hub.ortopedie.md\/wp-content\/uploads\/2018\/08\/biodrowo-lendzwiowy-2.png\" alt=\"\" width=\"250\" height=\"250\" srcset=\"https:\/\/hub.ortopedie.md\/wp-content\/uploads\/2018\/08\/biodrowo-lendzwiowy-2-66x66.png 66w, https:\/\/hub.ortopedie.md\/wp-content\/uploads\/2018\/08\/biodrowo-lendzwiowy-2-100x100.png 100w, https:\/\/hub.ortopedie.md\/wp-content\/uploads\/2018\/08\/biodrowo-lendzwiowy-2-150x150.png 150w, https:\/\/hub.ortopedie.md\/wp-content\/uploads\/2018\/08\/biodrowo-lendzwiowy-2-200x200.png 200w, https:\/\/hub.ortopedie.md\/wp-content\/uploads\/2018\/08\/biodrowo-lendzwiowy-2.png 250w\" sizes=\"(max-width: 250px) 100vw, 250px\" \/><\/td>\n<\/tr>\n<tr>\n<td>M<\/td>\n<td>75,5-85 cm<\/td>\n<\/tr>\n<tr>\n<td>L<\/td>\n<td>85,5-97 cm<\/td>\n<\/tr>\n<tr>\n<td>XL<\/td>\n<td>97,5-115 cm<\/td>\n<\/tr>\n<tr>\n<td>XXL<\/td>\n<td>115,5-135 cm<\/td>\n<\/tr>\n<tr>\n<td>XXXL<\/td>\n<td>135,5-150 cm<\/td>\n<\/tr>\n<\/tbody>\n<\/table>\n<h2><\/h2>\n","protected":false},"excerpt":{"rendered":"<p>Corset lumbar AM-TX-03 are o form\u0103 anatomic\u0103, datorit\u0103 c\u0103reia se  [&#8230;]<\/p>\n","protected":false},"featured_media":3723,"template":"","meta":[],"pwb-brand":[273],"product_brand":[],"product_cat":[897],"product_tag":[],"class_list":{"0":"post-14455","1":"product","2":"type-product","3":"status-publish","4":"has-post-thumbnail","6":"pwb-brand-reh4mat","7":"product_cat-orthoses-amp-braces","9":"first","10":"instock","11":"shipping-taxable","12":"purchasable","13":"product-type-simple"},"yoast_head":"<!-- This site is optimized with the Yoast SEO Premium plugin v18.3 (Yoast SEO v27.5) - https:\/\/yoast.com\/product\/yoast-seo-premium-wordpress\/ -->\n<title>Corset lumbar AM-TX-03 \u00een Moldova - HUB Ortopedie<\/title>\n<meta name=\"description\" content=\"Corset lumbar AM-TX-03 are o form\u0103 anatomic\u0103, datorit\u0103 c\u0103reia se potrive\u0219te mai bine corpului \u0219i stabilizeaz\u0103 coloana lombosacral\u0103.\" \/>\n<meta name=\"robots\" content=\"index, follow, max-snippet:-1, max-image-preview:large, max-video-preview:-1\" \/>\n<link rel=\"canonical\" href=\"https:\/\/hub.ortopedie.md\/en\/shop\/corset-lumbar-am-tx-03\/\" \/>\n<meta property=\"og:locale\" content=\"en_US\" \/>\n<meta property=\"og:type\" content=\"article\" \/>\n<meta property=\"og:title\" content=\"Corset lumbar AM-TX-03\" \/>\n<meta property=\"og:description\" content=\"Corset lumbar AM-TX-03 are o form\u0103 anatomic\u0103, datorit\u0103 c\u0103reia se potrive\u0219te mai bine corpului \u0219i stabilizeaz\u0103 coloana lombosacral\u0103.\" \/>\n<meta property=\"og:url\" content=\"https:\/\/hub.ortopedie.md\/en\/shop\/corset-lumbar-am-tx-03\/\" \/>\n<meta property=\"og:site_name\" content=\"Hub Ortopedie - Magazin ortopedic. \u041e\u0440\u0442\u043e\u043f\u0435\u0434\u0438\u0447\u0435\u0441\u043a\u0438\u0439 \u043c\u0430\u0433\u0430\u0437\u0438\u043d\" \/>\n<meta property=\"article:publisher\" content=\"https:\/\/www.facebook.com\/ORTOPEDIE.MD\/\" \/>\n<meta property=\"article:modified_time\" content=\"2026-03-12T15:28:01+00:00\" \/>\n<meta property=\"og:image\" content=\"https:\/\/hub.ortopedie.md\/wp-content\/uploads\/2018\/08\/AM-TX-03-t-o.jpg\" \/>\n\t<meta property=\"og:image:width\" content=\"645\" \/>\n\t<meta property=\"og:image:height\" content=\"430\" \/>\n\t<meta property=\"og:image:type\" content=\"image\/jpeg\" \/>\n<meta name=\"twitter:label1\" content=\"Price\" \/>\n\t<meta name=\"twitter:data1\" content=\"650.00&nbsp;MDL\" \/>\n\t<meta name=\"twitter:label2\" content=\"Availability\" \/>\n\t<meta name=\"twitter:data2\" content=\"In stock\" \/>\n<script type=\"application\/ld+json\" class=\"yoast-schema-graph\">{\"@context\":\"https:\\\/\\\/schema.org\",\"@graph\":[{\"@type\":\"WebPage\",\"@id\":\"https:\\\/\\\/hub.ortopedie.md\\\/en\\\/shop\\\/corset-lumbar-am-tx-03\\\/\",\"url\":\"https:\\\/\\\/hub.ortopedie.md\\\/en\\\/shop\\\/corset-lumbar-am-tx-03\\\/\",\"name\":\"Corset lumbar AM-TX-03 \u00een Moldova - HUB Ortopedie\",\"isPartOf\":{\"@id\":\"https:\\\/\\\/hub.ortopedie.md\\\/#website\"},\"primaryImageOfPage\":{\"@id\":\"https:\\\/\\\/hub.ortopedie.md\\\/en\\\/shop\\\/corset-lumbar-am-tx-03\\\/#primaryimage\"},\"image\":{\"@id\":\"https:\\\/\\\/hub.ortopedie.md\\\/en\\\/shop\\\/corset-lumbar-am-tx-03\\\/#primaryimage\"},\"thumbnailUrl\":\"https:\\\/\\\/hub.ortopedie.md\\\/wp-content\\\/uploads\\\/2018\\\/08\\\/AM-TX-03-t-o.jpg\",\"datePublished\":\"2026-03-12T15:28:00+00:00\",\"dateModified\":\"2026-03-12T15:28:01+00:00\",\"description\":\"Corset lumbar AM-TX-03 are o form\u0103 anatomic\u0103, datorit\u0103 c\u0103reia se potrive\u0219te mai bine corpului \u0219i stabilizeaz\u0103 coloana lombosacral\u0103.\",\"breadcrumb\":{\"@id\":\"https:\\\/\\\/hub.ortopedie.md\\\/en\\\/shop\\\/corset-lumbar-am-tx-03\\\/#breadcrumb\"},\"inLanguage\":\"en-US\",\"potentialAction\":[{\"@type\":\"ReadAction\",\"target\":[\"https:\\\/\\\/hub.ortopedie.md\\\/en\\\/shop\\\/corset-lumbar-am-tx-03\\\/\"]}]},{\"@type\":\"ImageObject\",\"inLanguage\":\"en-US\",\"@id\":\"https:\\\/\\\/hub.ortopedie.md\\\/en\\\/shop\\\/corset-lumbar-am-tx-03\\\/#primaryimage\",\"url\":\"https:\\\/\\\/hub.ortopedie.md\\\/wp-content\\\/uploads\\\/2018\\\/08\\\/AM-TX-03-t-o.jpg\",\"contentUrl\":\"https:\\\/\\\/hub.ortopedie.md\\\/wp-content\\\/uploads\\\/2018\\\/08\\\/AM-TX-03-t-o.jpg\",\"width\":645,\"height\":430},{\"@type\":\"BreadcrumbList\",\"@id\":\"https:\\\/\\\/hub.ortopedie.md\\\/en\\\/shop\\\/corset-lumbar-am-tx-03\\\/#breadcrumb\",\"itemListElement\":[{\"@type\":\"ListItem\",\"position\":1,\"name\":\"Prima pagin\u0103\",\"item\":\"https:\\\/\\\/hub.ortopedie.md\\\/en\\\/\"},{\"@type\":\"ListItem\",\"position\":2,\"name\":\"Produse\",\"item\":\"https:\\\/\\\/hub.ortopedie.md\\\/shop\\\/\"},{\"@type\":\"ListItem\",\"position\":3,\"name\":\"Corset lumbar AM-TX-03\"}]},{\"@type\":\"WebSite\",\"@id\":\"https:\\\/\\\/hub.ortopedie.md\\\/#website\",\"url\":\"https:\\\/\\\/hub.ortopedie.md\\\/\",\"name\":\"Hub Ortopedie - Magazin ortopedic. \u041e\u0440\u0442\u043e\u043f\u0435\u0434\u0438\u0447\u0435\u0441\u043a\u0438\u0439 \u043c\u0430\u0433\u0430\u0437\u0438\u043d\",\"description\":\"S\u0103n\u0103tate, confort, calitate\",\"publisher\":{\"@id\":\"https:\\\/\\\/hub.ortopedie.md\\\/#organization\"},\"potentialAction\":[{\"@type\":\"SearchAction\",\"target\":{\"@type\":\"EntryPoint\",\"urlTemplate\":\"https:\\\/\\\/hub.ortopedie.md\\\/?s={search_term_string}\"},\"query-input\":{\"@type\":\"PropertyValueSpecification\",\"valueRequired\":true,\"valueName\":\"search_term_string\"}}],\"inLanguage\":\"en-US\"},{\"@type\":\"Organization\",\"@id\":\"https:\\\/\\\/hub.ortopedie.md\\\/#organization\",\"name\":\"HUB ORTOPEDIE\",\"url\":\"https:\\\/\\\/hub.ortopedie.md\\\/\",\"logo\":{\"@type\":\"ImageObject\",\"inLanguage\":\"en-US\",\"@id\":\"https:\\\/\\\/hub.ortopedie.md\\\/#\\\/schema\\\/logo\\\/image\\\/\",\"url\":\"https:\\\/\\\/hub.ortopedie.md\\\/wp-content\\\/uploads\\\/2018\\\/01\\\/hub-logo.png\",\"contentUrl\":\"https:\\\/\\\/hub.ortopedie.md\\\/wp-content\\\/uploads\\\/2018\\\/01\\\/hub-logo.png\",\"width\":124,\"height\":90,\"caption\":\"HUB ORTOPEDIE\"},\"image\":{\"@id\":\"https:\\\/\\\/hub.ortopedie.md\\\/#\\\/schema\\\/logo\\\/image\\\/\"},\"sameAs\":[\"https:\\\/\\\/www.facebook.com\\\/ORTOPEDIE.MD\\\/\",\"https:\\\/\\\/www.instagram.com\\\/hub_ortopedie\\\/\"]}]}<\/script>\n<meta property=\"product:price:amount\" content=\"650.00\" \/>\n<meta property=\"product:price:currency\" content=\"MDL\" \/>\n<meta property=\"og:availability\" content=\"instock\" \/>\n<meta property=\"product:availability\" content=\"instock\" \/>\n<meta property=\"product:condition\" content=\"new\" \/>\n<!-- \/ Yoast SEO Premium plugin. -->","yoast_head_json":{"title":"Corset lumbar AM-TX-03 \u00een Moldova - HUB Ortopedie","description":"Corset lumbar AM-TX-03 are o form\u0103 anatomic\u0103, datorit\u0103 c\u0103reia se potrive\u0219te mai bine corpului \u0219i stabilizeaz\u0103 coloana lombosacral\u0103.","robots":{"index":"index","follow":"follow","max-snippet":"max-snippet:-1","max-image-preview":"max-image-preview:large","max-video-preview":"max-video-preview:-1"},"canonical":"https:\/\/hub.ortopedie.md\/en\/shop\/corset-lumbar-am-tx-03\/","og_locale":"en_US","og_type":"article","og_title":"Corset lumbar AM-TX-03","og_description":"Corset lumbar AM-TX-03 are o form\u0103 anatomic\u0103, datorit\u0103 c\u0103reia se potrive\u0219te mai bine corpului \u0219i stabilizeaz\u0103 coloana lombosacral\u0103.","og_url":"https:\/\/hub.ortopedie.md\/en\/shop\/corset-lumbar-am-tx-03\/","og_site_name":"Hub Ortopedie - Magazin ortopedic. \u041e\u0440\u0442\u043e\u043f\u0435\u0434\u0438\u0447\u0435\u0441\u043a\u0438\u0439 \u043c\u0430\u0433\u0430\u0437\u0438\u043d","article_publisher":"https:\/\/www.facebook.com\/ORTOPEDIE.MD\/","article_modified_time":"2026-03-12T15:28:01+00:00","og_image":[{"width":645,"height":430,"url":"https:\/\/hub.ortopedie.md\/wp-content\/uploads\/2018\/08\/AM-TX-03-t-o.jpg","type":"image\/jpeg"}],"twitter_misc":{"Price":"650.00&nbsp;MDL","Availability":"In stock"},"schema":{"@context":"https:\/\/schema.org","@graph":[{"@type":"WebPage","@id":"https:\/\/hub.ortopedie.md\/en\/shop\/corset-lumbar-am-tx-03\/","url":"https:\/\/hub.ortopedie.md\/en\/shop\/corset-lumbar-am-tx-03\/","name":"Corset lumbar AM-TX-03 \u00een Moldova - HUB Ortopedie","isPartOf":{"@id":"https:\/\/hub.ortopedie.md\/#website"},"primaryImageOfPage":{"@id":"https:\/\/hub.ortopedie.md\/en\/shop\/corset-lumbar-am-tx-03\/#primaryimage"},"image":{"@id":"https:\/\/hub.ortopedie.md\/en\/shop\/corset-lumbar-am-tx-03\/#primaryimage"},"thumbnailUrl":"https:\/\/hub.ortopedie.md\/wp-content\/uploads\/2018\/08\/AM-TX-03-t-o.jpg","datePublished":"2026-03-12T15:28:00+00:00","dateModified":"2026-03-12T15:28:01+00:00","description":"Corset lumbar AM-TX-03 are o form\u0103 anatomic\u0103, datorit\u0103 c\u0103reia se potrive\u0219te mai bine corpului \u0219i stabilizeaz\u0103 coloana lombosacral\u0103.","breadcrumb":{"@id":"https:\/\/hub.ortopedie.md\/en\/shop\/corset-lumbar-am-tx-03\/#breadcrumb"},"inLanguage":"en-US","potentialAction":[{"@type":"ReadAction","target":["https:\/\/hub.ortopedie.md\/en\/shop\/corset-lumbar-am-tx-03\/"]}]},{"@type":"ImageObject","inLanguage":"en-US","@id":"https:\/\/hub.ortopedie.md\/en\/shop\/corset-lumbar-am-tx-03\/#primaryimage","url":"https:\/\/hub.ortopedie.md\/wp-content\/uploads\/2018\/08\/AM-TX-03-t-o.jpg","contentUrl":"https:\/\/hub.ortopedie.md\/wp-content\/uploads\/2018\/08\/AM-TX-03-t-o.jpg","width":645,"height":430},{"@type":"BreadcrumbList","@id":"https:\/\/hub.ortopedie.md\/en\/shop\/corset-lumbar-am-tx-03\/#breadcrumb","itemListElement":[{"@type":"ListItem","position":1,"name":"Prima pagin\u0103","item":"https:\/\/hub.ortopedie.md\/en\/"},{"@type":"ListItem","position":2,"name":"Produse","item":"https:\/\/hub.ortopedie.md\/shop\/"},{"@type":"ListItem","position":3,"name":"Corset lumbar AM-TX-03"}]},{"@type":"WebSite","@id":"https:\/\/hub.ortopedie.md\/#website","url":"https:\/\/hub.ortopedie.md\/","name":"Hub Ortopedie - Magazin ortopedic. \u041e\u0440\u0442\u043e\u043f\u0435\u0434\u0438\u0447\u0435\u0441\u043a\u0438\u0439 \u043c\u0430\u0433\u0430\u0437\u0438\u043d","description":"S\u0103n\u0103tate, confort, calitate","publisher":{"@id":"https:\/\/hub.ortopedie.md\/#organization"},"potentialAction":[{"@type":"SearchAction","target":{"@type":"EntryPoint","urlTemplate":"https:\/\/hub.ortopedie.md\/?s={search_term_string}"},"query-input":{"@type":"PropertyValueSpecification","valueRequired":true,"valueName":"search_term_string"}}],"inLanguage":"en-US"},{"@type":"Organization","@id":"https:\/\/hub.ortopedie.md\/#organization","name":"HUB ORTOPEDIE","url":"https:\/\/hub.ortopedie.md\/","logo":{"@type":"ImageObject","inLanguage":"en-US","@id":"https:\/\/hub.ortopedie.md\/#\/schema\/logo\/image\/","url":"https:\/\/hub.ortopedie.md\/wp-content\/uploads\/2018\/01\/hub-logo.png","contentUrl":"https:\/\/hub.ortopedie.md\/wp-content\/uploads\/2018\/01\/hub-logo.png","width":124,"height":90,"caption":"HUB ORTOPEDIE"},"image":{"@id":"https:\/\/hub.ortopedie.md\/#\/schema\/logo\/image\/"},"sameAs":["https:\/\/www.facebook.com\/ORTOPEDIE.MD\/","https:\/\/www.instagram.com\/hub_ortopedie\/"]}]},"product_price_amount":"650.00","product_price_currency":"MDL","og_availability":"instock","product_availability":"instock","product_condition":"new"},"jetpack_sharing_enabled":true,"brands":[{"id":273,"name":"REH4MAT","slug":"reh4mat"}],"_links":{"self":[{"href":"https:\/\/hub.ortopedie.md\/en\/wp-json\/wp\/v2\/product\/14455","targetHints":{"allow":["GET"]}}],"collection":[{"href":"https:\/\/hub.ortopedie.md\/en\/wp-json\/wp\/v2\/product"}],"about":[{"href":"https:\/\/hub.ortopedie.md\/en\/wp-json\/wp\/v2\/types\/product"}],"wp:featuredmedia":[{"embeddable":true,"href":"https:\/\/hub.ortopedie.md\/en\/wp-json\/wp\/v2\/media\/3723"}],"wp:attachment":[{"href":"https:\/\/hub.ortopedie.md\/en\/wp-json\/wp\/v2\/media?parent=14455"}],"wp:term":[{"taxonomy":"pwb-brand","embeddable":true,"href":"https:\/\/hub.ortopedie.md\/en\/wp-json\/wp\/v2\/pwb-brand?post=14455"},{"taxonomy":"product_brand","embeddable":true,"href":"https:\/\/hub.ortopedie.md\/en\/wp-json\/wp\/v2\/product_brand?post=14455"},{"taxonomy":"product_cat","embeddable":true,"href":"https:\/\/hub.ortopedie.md\/en\/wp-json\/wp\/v2\/product_cat?post=14455"},{"taxonomy":"product_tag","embeddable":true,"href":"https:\/\/hub.ortopedie.md\/en\/wp-json\/wp\/v2\/product_tag?post=14455"}],"curies":[{"name":"wp","href":"https:\/\/api.w.org\/{rel}","templated":true}]}}