{"id":14456,"date":"2026-03-12T17:28:01","date_gmt":"2026-03-12T15:28:01","guid":{"rendered":"https:\/\/hub.ortopedie.md\/shop\/posture-corrector-regiunea-umarului-am-pes-03\/"},"modified":"2026-03-12T17:28:01","modified_gmt":"2026-03-12T15:28:01","slug":"posture-corrector-regiunea-umarului-am-pes-03","status":"publish","type":"product","link":"https:\/\/hub.ortopedie.md\/en\/shop\/posture-corrector-regiunea-umarului-am-pes-03\/","title":{"rendered":"Posture Corrector regiunea um\u0103rului \u0410\u041c-PES-03"},"content":{"rendered":"<p>orthosis zonei um\u0103rului -Posture Corrector regiunea um\u0103rului \u0410\u041c-PES-03 este realizat din cauciuc orthopedic din cotton u\u0219or \u0219i suplimentat cu band\u0103 VELCRO.\u00a0Construc\u021bia foarte simpl\u0103 al produsului permite pacientului s\u0103 o fixeze singur pe corp.\u00a0Elasticitatea strict definit\u0103 a cauciucului se potrive\u0219te perfect Orthosesi corpului pacientului (potrivit\u0103 for fiecare tip corp).\u00a0Forma definit\u0103 a produsului \u00een zona subra\u021b asigur\u0103 o stabilizare optim\u0103 \u0219i nu irit\u0103 pielea.<\/p>\n<p><a class=\"lightbox\" title=\"AirRubber III\" href=\"https:\/\/www.reh4mat.com\/uploads\/2016\/01\/AirRubber-III-RU.jpg\"><img decoding=\"async\" class=\"aligncenter size-large wp-image-58612\" title=\"AirRubber III\" src=\"https:\/\/www.reh4mat.com\/uploads\/2016\/01\/AirRubber-III-RU-630x295.jpg\" alt=\"\" width=\"630\" height=\"295\" \/><\/a><\/p>\n<p>AirRubber III este caracterizat printr-o elasticitate unilateral\u0103. Materialul este \u00eentins \u00een lungime, dar nu \u00een l\u0103\u021bime, ceea ce cre\u0219te compresia. Materialul este foarte pl\u0103cut for piele.<\/p>\n<h2>Tabel cu dimensiuni<\/h2>\n<table style=\"height: 246px;\" border=\"0\" width=\"735\" cellspacing=\"0\">\n<thead>\n<tr>\n<td>Marime<\/td>\n<td>Circumferinta pieptului<\/td>\n<td>Metoda m\u0103surare<\/td>\n<\/tr>\n<\/thead>\n<colgroup width=\"135\"><\/colgroup>\n<colgroup width=\"238\"><\/colgroup>\n<colgroup width=\"362\"><\/colgroup>\n<tbody>\n<tr>\n<td>XS<\/td>\n<td>55-65 \u0441\u043c<\/td>\n<td rowspan=\"6\"><img decoding=\"async\" class=\"alignnone wp-image-3734\" src=\"https:\/\/hub.ortopedie.md\/wp-content\/uploads\/2018\/08\/podbiustem-208x208.png\" alt=\"\" width=\"218\" height=\"218\" srcset=\"https:\/\/hub.ortopedie.md\/wp-content\/uploads\/2018\/08\/podbiustem-208x208-66x66.png 66w, https:\/\/hub.ortopedie.md\/wp-content\/uploads\/2018\/08\/podbiustem-208x208-100x100.png 100w, https:\/\/hub.ortopedie.md\/wp-content\/uploads\/2018\/08\/podbiustem-208x208-150x150.png 150w, https:\/\/hub.ortopedie.md\/wp-content\/uploads\/2018\/08\/podbiustem-208x208-200x200.png 200w, https:\/\/hub.ortopedie.md\/wp-content\/uploads\/2018\/08\/podbiustem-208x208.png 208w\" sizes=\"(max-width: 218px) 100vw, 218px\" \/><\/td>\n<\/tr>\n<tr>\n<td>S<\/td>\n<td>65-75 \u0441\u043c<\/td>\n<\/tr>\n<tr>\n<td>M<\/td>\n<td>75-90 \u0441\u043c<\/td>\n<\/tr>\n<tr>\n<td>L<\/td>\n<td>90-100 \u0441\u043c<\/td>\n<\/tr>\n<tr>\n<td>XL<\/td>\n<td>100-110 \u0441\u043c<\/td>\n<\/tr>\n<tr>\n<td>XXL<\/td>\n<td>110-120 \u0441\u043c<\/td>\n<\/tr>\n<\/tbody>\n<\/table>\n<h2>Specificul<\/h2>\n<p>\u2013 Produsul este pl\u0103cut for corpul pacientului \u2013 corectorul pozi\u021bie este alc\u0103tuit din cauciuc orthopedic special care con\u021bine \u00een principal cotton, care este neutru for pielea pacientului.<br \/>\n\u2013 O mai mare eficien\u021b\u0103 stabilizare \u2013 datorit\u0103 utiliz\u0103rii a patru inser\u021bii orthopedice elastice, a fost posibil\u0103 ob\u021binerea unei fix\u0103ri excep\u021bionale.<br \/>\n\u2013 Confortul utiliz\u0103rii \u2013 av\u00e2nd \u00een vedere culoarea pielii a produsului, purtarea corectorului este extrem confortabil\u0103 \u0219i este invizibil\u0103 pe corpul pacientului.<\/p>\n<h2>Precau\u0163ii\u00a0la\u00a0utilizare<\/h2>\n<p>Corector postura pot fi folosite \u00een cazuri:<br \/>\n&#8211; Traumatismul clavicular care nu necesit\u0103 interven\u021bii chirurgicale \u0219i orthopedice,<br \/>\n&#8211; afec\u021biuni dureroase ale coloanei vertebrale toracice,<br \/>\n&#8211; cifoza toracic\u0103 m\u0103rit\u0103,<br \/>\n&#8211; nevoia corec\u021bie care nu necesit\u0103 interven\u021bie chirurgical\u0103.<\/p>\n<h2>Metoda utilizare<\/h2>\n<div class=\"clear\"><img decoding=\"async\" class=\"alignnone size-full wp-image-3732\" src=\"https:\/\/hub.ortopedie.md\/wp-content\/uploads\/2018\/08\/AM-PES-03_zap3.jpg\" alt=\"\" width=\"180\" height=\"250\" \/><img decoding=\"async\" class=\"alignnone size-medium wp-image-3737\" src=\"https:\/\/hub.ortopedie.md\/wp-content\/uploads\/2018\/08\/AM-PES-03_zap1.jpg\" alt=\"\" width=\"180\" height=\"250\" \/><img decoding=\"async\" class=\"alignnone size-medium wp-image-3738\" src=\"https:\/\/hub.ortopedie.md\/wp-content\/uploads\/2018\/08\/AM-PES-03_zap2.jpg\" alt=\"\" width=\"180\" height=\"250\" \/><\/div>\n","protected":false},"excerpt":{"rendered":"<p>orthosis zonei um\u0103rului -Posture Corrector regiunea um\u0103rului \u0410\u041c-PES-03 este realizat  [&#8230;]<\/p>\n","protected":false},"featured_media":3733,"template":"","meta":[],"pwb-brand":[273],"product_brand":[],"product_cat":[897],"product_tag":[],"class_list":{"0":"post-14456","1":"product","2":"type-product","3":"status-publish","4":"has-post-thumbnail","6":"pwb-brand-reh4mat","7":"product_cat-orthoses-amp-braces","9":"first","10":"instock","11":"shipping-taxable","12":"purchasable","13":"product-type-simple"},"yoast_head":"<!-- This site is optimized with the Yoast SEO Premium plugin v18.3 (Yoast SEO v27.4) - https:\/\/yoast.com\/product\/yoast-seo-premium-wordpress\/ -->\n<title>Posture Corrector regiunea um\u0103rului \u0410\u041c-PES-03 - HUB Ortopedie<\/title>\n<meta name=\"description\" content=\"Posture Corrector regiunea um\u0103rului \u0410\u041c-PES-03 este realizat din cauciuc orthopedic din cotton u\u0219or \u0219i suplimentat cu band\u0103 VELCRO.\" \/>\n<meta name=\"robots\" content=\"index, follow, max-snippet:-1, max-image-preview:large, max-video-preview:-1\" \/>\n<link rel=\"canonical\" href=\"https:\/\/hub.ortopedie.md\/en\/shop\/posture-corrector-regiunea-umarului-am-pes-03\/\" \/>\n<meta property=\"og:locale\" content=\"en_US\" \/>\n<meta property=\"og:type\" content=\"article\" \/>\n<meta property=\"og:title\" content=\"Posture Corrector regiunea um\u0103rului \u0410\u041c-PES-03\" \/>\n<meta property=\"og:description\" content=\"Posture Corrector regiunea um\u0103rului \u0410\u041c-PES-03 este realizat din cauciuc orthopedic din cotton u\u0219or \u0219i suplimentat cu band\u0103 VELCRO.\" \/>\n<meta property=\"og:url\" content=\"https:\/\/hub.ortopedie.md\/en\/shop\/posture-corrector-regiunea-umarului-am-pes-03\/\" \/>\n<meta property=\"og:site_name\" content=\"Hub Ortopedie - Magazin ortopedic. \u041e\u0440\u0442\u043e\u043f\u0435\u0434\u0438\u0447\u0435\u0441\u043a\u0438\u0439 \u043c\u0430\u0433\u0430\u0437\u0438\u043d\" \/>\n<meta property=\"article:publisher\" content=\"https:\/\/www.facebook.com\/ORTOPEDIE.MD\/\" \/>\n<meta property=\"og:image\" content=\"https:\/\/hub.ortopedie.md\/wp-content\/uploads\/2018\/08\/AM-PES-0311.jpg\" \/>\n\t<meta property=\"og:image:width\" content=\"645\" \/>\n\t<meta property=\"og:image:height\" content=\"505\" \/>\n\t<meta property=\"og:image:type\" content=\"image\/jpeg\" \/>\n<meta name=\"twitter:label1\" content=\"Price\" \/>\n\t<meta name=\"twitter:data1\" content=\"400.00&nbsp;MDL\" \/>\n\t<meta name=\"twitter:label2\" content=\"Availability\" \/>\n\t<meta name=\"twitter:data2\" content=\"In stock\" \/>\n<script type=\"application\/ld+json\" class=\"yoast-schema-graph\">{\"@context\":\"https:\\\/\\\/schema.org\",\"@graph\":[{\"@type\":\"WebPage\",\"@id\":\"https:\\\/\\\/hub.ortopedie.md\\\/en\\\/shop\\\/posture-corrector-regiunea-umarului-am-pes-03\\\/\",\"url\":\"https:\\\/\\\/hub.ortopedie.md\\\/en\\\/shop\\\/posture-corrector-regiunea-umarului-am-pes-03\\\/\",\"name\":\"Posture Corrector regiunea um\u0103rului \u0410\u041c-PES-03 - HUB Ortopedie\",\"isPartOf\":{\"@id\":\"https:\\\/\\\/hub.ortopedie.md\\\/#website\"},\"primaryImageOfPage\":{\"@id\":\"https:\\\/\\\/hub.ortopedie.md\\\/en\\\/shop\\\/posture-corrector-regiunea-umarului-am-pes-03\\\/#primaryimage\"},\"image\":{\"@id\":\"https:\\\/\\\/hub.ortopedie.md\\\/en\\\/shop\\\/posture-corrector-regiunea-umarului-am-pes-03\\\/#primaryimage\"},\"thumbnailUrl\":\"https:\\\/\\\/hub.ortopedie.md\\\/wp-content\\\/uploads\\\/2018\\\/08\\\/AM-PES-0311.jpg\",\"datePublished\":\"2026-03-12T15:28:01+00:00\",\"description\":\"Posture Corrector regiunea um\u0103rului \u0410\u041c-PES-03 este realizat din cauciuc orthopedic din cotton u\u0219or \u0219i suplimentat cu band\u0103 VELCRO.\",\"breadcrumb\":{\"@id\":\"https:\\\/\\\/hub.ortopedie.md\\\/en\\\/shop\\\/posture-corrector-regiunea-umarului-am-pes-03\\\/#breadcrumb\"},\"inLanguage\":\"en-US\",\"potentialAction\":[{\"@type\":\"ReadAction\",\"target\":[\"https:\\\/\\\/hub.ortopedie.md\\\/en\\\/shop\\\/posture-corrector-regiunea-umarului-am-pes-03\\\/\"]}]},{\"@type\":\"ImageObject\",\"inLanguage\":\"en-US\",\"@id\":\"https:\\\/\\\/hub.ortopedie.md\\\/en\\\/shop\\\/posture-corrector-regiunea-umarului-am-pes-03\\\/#primaryimage\",\"url\":\"https:\\\/\\\/hub.ortopedie.md\\\/wp-content\\\/uploads\\\/2018\\\/08\\\/AM-PES-0311.jpg\",\"contentUrl\":\"https:\\\/\\\/hub.ortopedie.md\\\/wp-content\\\/uploads\\\/2018\\\/08\\\/AM-PES-0311.jpg\",\"width\":645,\"height\":505},{\"@type\":\"BreadcrumbList\",\"@id\":\"https:\\\/\\\/hub.ortopedie.md\\\/en\\\/shop\\\/posture-corrector-regiunea-umarului-am-pes-03\\\/#breadcrumb\",\"itemListElement\":[{\"@type\":\"ListItem\",\"position\":1,\"name\":\"Prima pagin\u0103\",\"item\":\"https:\\\/\\\/hub.ortopedie.md\\\/en\\\/\"},{\"@type\":\"ListItem\",\"position\":2,\"name\":\"Produse\",\"item\":\"https:\\\/\\\/hub.ortopedie.md\\\/shop\\\/\"},{\"@type\":\"ListItem\",\"position\":3,\"name\":\"Posture Corrector regiunea um\u0103rului \u0410\u041c-PES-03\"}]},{\"@type\":\"WebSite\",\"@id\":\"https:\\\/\\\/hub.ortopedie.md\\\/#website\",\"url\":\"https:\\\/\\\/hub.ortopedie.md\\\/\",\"name\":\"Hub Ortopedie - Magazin ortopedic. \u041e\u0440\u0442\u043e\u043f\u0435\u0434\u0438\u0447\u0435\u0441\u043a\u0438\u0439 \u043c\u0430\u0433\u0430\u0437\u0438\u043d\",\"description\":\"S\u0103n\u0103tate, confort, calitate\",\"publisher\":{\"@id\":\"https:\\\/\\\/hub.ortopedie.md\\\/#organization\"},\"potentialAction\":[{\"@type\":\"SearchAction\",\"target\":{\"@type\":\"EntryPoint\",\"urlTemplate\":\"https:\\\/\\\/hub.ortopedie.md\\\/?s={search_term_string}\"},\"query-input\":{\"@type\":\"PropertyValueSpecification\",\"valueRequired\":true,\"valueName\":\"search_term_string\"}}],\"inLanguage\":\"en-US\"},{\"@type\":\"Organization\",\"@id\":\"https:\\\/\\\/hub.ortopedie.md\\\/#organization\",\"name\":\"HUB ORTOPEDIE\",\"url\":\"https:\\\/\\\/hub.ortopedie.md\\\/\",\"logo\":{\"@type\":\"ImageObject\",\"inLanguage\":\"en-US\",\"@id\":\"https:\\\/\\\/hub.ortopedie.md\\\/#\\\/schema\\\/logo\\\/image\\\/\",\"url\":\"https:\\\/\\\/hub.ortopedie.md\\\/wp-content\\\/uploads\\\/2018\\\/01\\\/hub-logo.png\",\"contentUrl\":\"https:\\\/\\\/hub.ortopedie.md\\\/wp-content\\\/uploads\\\/2018\\\/01\\\/hub-logo.png\",\"width\":124,\"height\":90,\"caption\":\"HUB ORTOPEDIE\"},\"image\":{\"@id\":\"https:\\\/\\\/hub.ortopedie.md\\\/#\\\/schema\\\/logo\\\/image\\\/\"},\"sameAs\":[\"https:\\\/\\\/www.facebook.com\\\/ORTOPEDIE.MD\\\/\",\"https:\\\/\\\/www.instagram.com\\\/hub_ortopedie\\\/\"]}]}<\/script>\n<meta property=\"product:price:amount\" content=\"400.00\" \/>\n<meta property=\"product:price:currency\" content=\"MDL\" \/>\n<meta property=\"og:availability\" content=\"instock\" \/>\n<meta property=\"product:availability\" content=\"instock\" \/>\n<meta property=\"product:condition\" content=\"new\" \/>\n<!-- \/ Yoast SEO Premium plugin. -->","yoast_head_json":{"title":"Posture Corrector regiunea um\u0103rului \u0410\u041c-PES-03 - HUB Ortopedie","description":"Posture Corrector regiunea um\u0103rului \u0410\u041c-PES-03 este realizat din cauciuc orthopedic din cotton u\u0219or \u0219i suplimentat cu band\u0103 VELCRO.","robots":{"index":"index","follow":"follow","max-snippet":"max-snippet:-1","max-image-preview":"max-image-preview:large","max-video-preview":"max-video-preview:-1"},"canonical":"https:\/\/hub.ortopedie.md\/en\/shop\/posture-corrector-regiunea-umarului-am-pes-03\/","og_locale":"en_US","og_type":"article","og_title":"Posture Corrector regiunea um\u0103rului \u0410\u041c-PES-03","og_description":"Posture Corrector regiunea um\u0103rului \u0410\u041c-PES-03 este realizat din cauciuc orthopedic din cotton u\u0219or \u0219i suplimentat cu band\u0103 VELCRO.","og_url":"https:\/\/hub.ortopedie.md\/en\/shop\/posture-corrector-regiunea-umarului-am-pes-03\/","og_site_name":"Hub Ortopedie - Magazin ortopedic. \u041e\u0440\u0442\u043e\u043f\u0435\u0434\u0438\u0447\u0435\u0441\u043a\u0438\u0439 \u043c\u0430\u0433\u0430\u0437\u0438\u043d","article_publisher":"https:\/\/www.facebook.com\/ORTOPEDIE.MD\/","og_image":[{"width":645,"height":505,"url":"https:\/\/hub.ortopedie.md\/wp-content\/uploads\/2018\/08\/AM-PES-0311.jpg","type":"image\/jpeg"}],"twitter_misc":{"Price":"400.00&nbsp;MDL","Availability":"In stock"},"schema":{"@context":"https:\/\/schema.org","@graph":[{"@type":"WebPage","@id":"https:\/\/hub.ortopedie.md\/en\/shop\/posture-corrector-regiunea-umarului-am-pes-03\/","url":"https:\/\/hub.ortopedie.md\/en\/shop\/posture-corrector-regiunea-umarului-am-pes-03\/","name":"Posture Corrector regiunea um\u0103rului \u0410\u041c-PES-03 - HUB Ortopedie","isPartOf":{"@id":"https:\/\/hub.ortopedie.md\/#website"},"primaryImageOfPage":{"@id":"https:\/\/hub.ortopedie.md\/en\/shop\/posture-corrector-regiunea-umarului-am-pes-03\/#primaryimage"},"image":{"@id":"https:\/\/hub.ortopedie.md\/en\/shop\/posture-corrector-regiunea-umarului-am-pes-03\/#primaryimage"},"thumbnailUrl":"https:\/\/hub.ortopedie.md\/wp-content\/uploads\/2018\/08\/AM-PES-0311.jpg","datePublished":"2026-03-12T15:28:01+00:00","description":"Posture Corrector regiunea um\u0103rului \u0410\u041c-PES-03 este realizat din cauciuc orthopedic din cotton u\u0219or \u0219i suplimentat cu band\u0103 VELCRO.","breadcrumb":{"@id":"https:\/\/hub.ortopedie.md\/en\/shop\/posture-corrector-regiunea-umarului-am-pes-03\/#breadcrumb"},"inLanguage":"en-US","potentialAction":[{"@type":"ReadAction","target":["https:\/\/hub.ortopedie.md\/en\/shop\/posture-corrector-regiunea-umarului-am-pes-03\/"]}]},{"@type":"ImageObject","inLanguage":"en-US","@id":"https:\/\/hub.ortopedie.md\/en\/shop\/posture-corrector-regiunea-umarului-am-pes-03\/#primaryimage","url":"https:\/\/hub.ortopedie.md\/wp-content\/uploads\/2018\/08\/AM-PES-0311.jpg","contentUrl":"https:\/\/hub.ortopedie.md\/wp-content\/uploads\/2018\/08\/AM-PES-0311.jpg","width":645,"height":505},{"@type":"BreadcrumbList","@id":"https:\/\/hub.ortopedie.md\/en\/shop\/posture-corrector-regiunea-umarului-am-pes-03\/#breadcrumb","itemListElement":[{"@type":"ListItem","position":1,"name":"Prima pagin\u0103","item":"https:\/\/hub.ortopedie.md\/en\/"},{"@type":"ListItem","position":2,"name":"Produse","item":"https:\/\/hub.ortopedie.md\/shop\/"},{"@type":"ListItem","position":3,"name":"Posture Corrector regiunea um\u0103rului \u0410\u041c-PES-03"}]},{"@type":"WebSite","@id":"https:\/\/hub.ortopedie.md\/#website","url":"https:\/\/hub.ortopedie.md\/","name":"Hub Ortopedie - Magazin ortopedic. \u041e\u0440\u0442\u043e\u043f\u0435\u0434\u0438\u0447\u0435\u0441\u043a\u0438\u0439 \u043c\u0430\u0433\u0430\u0437\u0438\u043d","description":"S\u0103n\u0103tate, confort, calitate","publisher":{"@id":"https:\/\/hub.ortopedie.md\/#organization"},"potentialAction":[{"@type":"SearchAction","target":{"@type":"EntryPoint","urlTemplate":"https:\/\/hub.ortopedie.md\/?s={search_term_string}"},"query-input":{"@type":"PropertyValueSpecification","valueRequired":true,"valueName":"search_term_string"}}],"inLanguage":"en-US"},{"@type":"Organization","@id":"https:\/\/hub.ortopedie.md\/#organization","name":"HUB ORTOPEDIE","url":"https:\/\/hub.ortopedie.md\/","logo":{"@type":"ImageObject","inLanguage":"en-US","@id":"https:\/\/hub.ortopedie.md\/#\/schema\/logo\/image\/","url":"https:\/\/hub.ortopedie.md\/wp-content\/uploads\/2018\/01\/hub-logo.png","contentUrl":"https:\/\/hub.ortopedie.md\/wp-content\/uploads\/2018\/01\/hub-logo.png","width":124,"height":90,"caption":"HUB ORTOPEDIE"},"image":{"@id":"https:\/\/hub.ortopedie.md\/#\/schema\/logo\/image\/"},"sameAs":["https:\/\/www.facebook.com\/ORTOPEDIE.MD\/","https:\/\/www.instagram.com\/hub_ortopedie\/"]}]},"product_price_amount":"400.00","product_price_currency":"MDL","og_availability":"instock","product_availability":"instock","product_condition":"new"},"jetpack_sharing_enabled":true,"brands":[{"id":273,"name":"REH4MAT","slug":"reh4mat"}],"_links":{"self":[{"href":"https:\/\/hub.ortopedie.md\/en\/wp-json\/wp\/v2\/product\/14456","targetHints":{"allow":["GET"]}}],"collection":[{"href":"https:\/\/hub.ortopedie.md\/en\/wp-json\/wp\/v2\/product"}],"about":[{"href":"https:\/\/hub.ortopedie.md\/en\/wp-json\/wp\/v2\/types\/product"}],"wp:featuredmedia":[{"embeddable":true,"href":"https:\/\/hub.ortopedie.md\/en\/wp-json\/wp\/v2\/media\/3733"}],"wp:attachment":[{"href":"https:\/\/hub.ortopedie.md\/en\/wp-json\/wp\/v2\/media?parent=14456"}],"wp:term":[{"taxonomy":"pwb-brand","embeddable":true,"href":"https:\/\/hub.ortopedie.md\/en\/wp-json\/wp\/v2\/pwb-brand?post=14456"},{"taxonomy":"product_brand","embeddable":true,"href":"https:\/\/hub.ortopedie.md\/en\/wp-json\/wp\/v2\/product_brand?post=14456"},{"taxonomy":"product_cat","embeddable":true,"href":"https:\/\/hub.ortopedie.md\/en\/wp-json\/wp\/v2\/product_cat?post=14456"},{"taxonomy":"product_tag","embeddable":true,"href":"https:\/\/hub.ortopedie.md\/en\/wp-json\/wp\/v2\/product_tag?post=14456"}],"curies":[{"name":"wp","href":"https:\/\/api.w.org\/{rel}","templated":true}]}}