{"id":14462,"date":"2026-03-12T17:28:03","date_gmt":"2026-03-12T15:28:03","guid":{"rendered":"https:\/\/hub.ortopedie.md\/shop\/orthosis-for-genunchi-okd-19\/"},"modified":"2026-03-12T17:28:03","modified_gmt":"2026-03-12T15:28:03","slug":"orthosis-for-genunchi-okd-19","status":"publish","type":"product","link":"https:\/\/hub.ortopedie.md\/en\/shop\/orthosis-for-genunchi-okd-19\/","title":{"rendered":"Orthosis for genunchi OKD-19"},"content":{"rendered":"<div class=\"clear\">\n<div class=\"clear\">\n<p>Orthosis for genunchi OKD-19 are o form\u0103 anatomic\u0103 universal\u0103 for genunchi, realizat\u0103 din \u021bes\u0103tura cu band\u0103 adeziv\u0103\u00a0 \u0219i o func\u021bie stabilizare inferioar\u0103 a patelei. Pernu\u021ba stabilizeaz\u0103 \u0219i\u00a0amelioreaz\u0103 starea ligamentului tendonului pSplintr, iar\u00a0construc\u021bia elastic\u0103 este\u00a0responsabil\u0103 for nivelul dorit compresie.\u00a0Reduce durerea \u0219i amelioreaz\u0103 starea patelei.<\/p>\n<p>orthosis este f\u0103cut\u0103 din material <strong>UniPren<\/strong>.<\/p>\n<p><strong><img decoding=\"async\" class=\"alignnone wp-image-3791 size-600\" src=\"https:\/\/hub.ortopedie.md\/wp-content\/uploads\/2018\/08\/UNI-PREN_RU-2-600x282.jpg\" alt=\"\" width=\"600\" height=\"282\" srcset=\"https:\/\/hub.ortopedie.md\/wp-content\/uploads\/2018\/08\/UNI-PREN_RU-2-200x94.jpg 200w, https:\/\/hub.ortopedie.md\/wp-content\/uploads\/2018\/08\/UNI-PREN_RU-2-300x141.jpg 300w, https:\/\/hub.ortopedie.md\/wp-content\/uploads\/2018\/08\/UNI-PREN_RU-2-400x188.jpg 400w, https:\/\/hub.ortopedie.md\/wp-content\/uploads\/2018\/08\/UNI-PREN_RU-2-500x235.jpg 500w, https:\/\/hub.ortopedie.md\/wp-content\/uploads\/2018\/08\/UNI-PREN_RU-2-600x282.jpg 600w, https:\/\/hub.ortopedie.md\/wp-content\/uploads\/2018\/08\/UNI-PREN_RU-2.jpg 645w\" sizes=\"(max-width: 600px) 100vw, 600px\" \/><\/strong><\/p>\n<p>orthosis este universal\u0103. Poate fi purtat\u0103 at\u00eet pe piciorul st\u00e2ng c\u00eet \u0219i drept.<\/p>\n<h2>Tabelul marimi<\/h2>\n<table border=\"0\" cellspacing=\"0\">\n<thead>\n<tr>\n<td>Dimensiune<\/td>\n<td>Circumferin\u021ba genunchiului sub patel\u0103<\/td>\n<td>Metoda m\u0103surare<\/td>\n<\/tr>\n<\/thead>\n<colgroup width=\"135\"><\/colgroup>\n<colgroup width=\"238\"><\/colgroup>\n<tbody>\n<tr>\n<td>Dimensiunea este universal\u0103, pe ambele membre<\/td>\n<td>min 26 cm \u2014 max 40 cm<\/td>\n<td><img decoding=\"async\" class=\"alignnone wp-image-3790 size-thumbnail\" src=\"https:\/\/hub.ortopedie.md\/wp-content\/uploads\/2018\/08\/POMIAR-kolano1-208x208-150x150.png\" alt=\"\" width=\"150\" height=\"150\" srcset=\"https:\/\/hub.ortopedie.md\/wp-content\/uploads\/2018\/08\/POMIAR-kolano1-208x208-66x66.png 66w, https:\/\/hub.ortopedie.md\/wp-content\/uploads\/2018\/08\/POMIAR-kolano1-208x208-100x100.png 100w, https:\/\/hub.ortopedie.md\/wp-content\/uploads\/2018\/08\/POMIAR-kolano1-208x208-150x150.png 150w, https:\/\/hub.ortopedie.md\/wp-content\/uploads\/2018\/08\/POMIAR-kolano1-208x208-200x200.png 200w, https:\/\/hub.ortopedie.md\/wp-content\/uploads\/2018\/08\/POMIAR-kolano1-208x208.png 208w\" sizes=\"(max-width: 150px) 100vw, 150px\" \/><\/td>\n<\/tr>\n<\/tbody>\n<\/table>\n<h2><\/h2>\n<\/div>\n<\/div>\n","protected":false},"excerpt":{"rendered":"<p>Orthosis for genunchi OKD-19 are o form\u0103 anatomic\u0103 universal\u0103 for  [&#8230;]<\/p>\n","protected":false},"featured_media":3789,"template":"","meta":[],"pwb-brand":[273],"product_brand":[],"product_cat":[897],"product_tag":[],"class_list":{"0":"post-14462","1":"product","2":"type-product","3":"status-publish","4":"has-post-thumbnail","6":"pwb-brand-reh4mat","7":"product_cat-orthoses-amp-braces","9":"first","10":"instock","11":"shipping-taxable","12":"purchasable","13":"product-type-simple"},"yoast_head":"<!-- This site is optimized with the Yoast SEO Premium plugin v18.3 (Yoast SEO v27.4) - https:\/\/yoast.com\/product\/yoast-seo-premium-wordpress\/ -->\n<title>Orthosis for genunchi OKD-19 \u00een Chi\u0219inau - HUB Ortopedie<\/title>\n<meta name=\"description\" content=\"Orthosis for genunchi OKD-19 are o form\u0103 anatomic\u0103 universal\u0103 for genunchi, realizat\u0103 din tesatura band\u0103 adeziv\u0103, cu un tampon evacuare \u0219i o func\u021bie stabilizare inferioar\u0103 a patellei.\" \/>\n<meta name=\"robots\" content=\"index, follow, max-snippet:-1, max-image-preview:large, max-video-preview:-1\" \/>\n<link rel=\"canonical\" href=\"https:\/\/hub.ortopedie.md\/en\/shop\/orthosis-for-genunchi-okd-19\/\" \/>\n<meta property=\"og:locale\" content=\"en_US\" \/>\n<meta property=\"og:type\" content=\"article\" \/>\n<meta property=\"og:title\" content=\"Orthosis for genunchi OKD-19\" \/>\n<meta property=\"og:description\" content=\"Orthosis for genunchi OKD-19 are o form\u0103 anatomic\u0103 universal\u0103 for genunchi, realizat\u0103 din tesatura band\u0103 adeziv\u0103, cu un tampon evacuare \u0219i o func\u021bie stabilizare inferioar\u0103 a patellei.\" \/>\n<meta property=\"og:url\" content=\"https:\/\/hub.ortopedie.md\/en\/shop\/orthosis-for-genunchi-okd-19\/\" \/>\n<meta property=\"og:site_name\" content=\"Hub Ortopedie - Magazin ortopedic. \u041e\u0440\u0442\u043e\u043f\u0435\u0434\u0438\u0447\u0435\u0441\u043a\u0438\u0439 \u043c\u0430\u0433\u0430\u0437\u0438\u043d\" \/>\n<meta property=\"article:publisher\" content=\"https:\/\/www.facebook.com\/ORTOPEDIE.MD\/\" \/>\n<meta property=\"og:image\" content=\"https:\/\/hub.ortopedie.md\/wp-content\/uploads\/2018\/08\/OKD-19-tlo.jpg\" \/>\n\t<meta property=\"og:image:width\" content=\"645\" \/>\n\t<meta property=\"og:image:height\" content=\"430\" \/>\n\t<meta property=\"og:image:type\" content=\"image\/jpeg\" \/>\n<meta name=\"twitter:label1\" content=\"Price\" \/>\n\t<meta name=\"twitter:data1\" content=\"400.00&nbsp;MDL\" \/>\n\t<meta name=\"twitter:label2\" content=\"Availability\" \/>\n\t<meta name=\"twitter:data2\" content=\"In stock\" \/>\n<script type=\"application\/ld+json\" class=\"yoast-schema-graph\">{\"@context\":\"https:\\\/\\\/schema.org\",\"@graph\":[{\"@type\":\"WebPage\",\"@id\":\"https:\\\/\\\/hub.ortopedie.md\\\/en\\\/shop\\\/orthosis-for-genunchi-okd-19\\\/\",\"url\":\"https:\\\/\\\/hub.ortopedie.md\\\/en\\\/shop\\\/orthosis-for-genunchi-okd-19\\\/\",\"name\":\"Orthosis for genunchi OKD-19 \u00een Chi\u0219inau - HUB Ortopedie\",\"isPartOf\":{\"@id\":\"https:\\\/\\\/hub.ortopedie.md\\\/#website\"},\"primaryImageOfPage\":{\"@id\":\"https:\\\/\\\/hub.ortopedie.md\\\/en\\\/shop\\\/orthosis-for-genunchi-okd-19\\\/#primaryimage\"},\"image\":{\"@id\":\"https:\\\/\\\/hub.ortopedie.md\\\/en\\\/shop\\\/orthosis-for-genunchi-okd-19\\\/#primaryimage\"},\"thumbnailUrl\":\"https:\\\/\\\/hub.ortopedie.md\\\/wp-content\\\/uploads\\\/2018\\\/08\\\/OKD-19-tlo.jpg\",\"datePublished\":\"2026-03-12T15:28:03+00:00\",\"description\":\"Orthosis for genunchi OKD-19 are o form\u0103 anatomic\u0103 universal\u0103 for genunchi, realizat\u0103 din tesatura band\u0103 adeziv\u0103, cu un tampon evacuare \u0219i o func\u021bie stabilizare inferioar\u0103 a patellei.\",\"breadcrumb\":{\"@id\":\"https:\\\/\\\/hub.ortopedie.md\\\/en\\\/shop\\\/orthosis-for-genunchi-okd-19\\\/#breadcrumb\"},\"inLanguage\":\"en-US\",\"potentialAction\":[{\"@type\":\"ReadAction\",\"target\":[\"https:\\\/\\\/hub.ortopedie.md\\\/en\\\/shop\\\/orthosis-for-genunchi-okd-19\\\/\"]}]},{\"@type\":\"ImageObject\",\"inLanguage\":\"en-US\",\"@id\":\"https:\\\/\\\/hub.ortopedie.md\\\/en\\\/shop\\\/orthosis-for-genunchi-okd-19\\\/#primaryimage\",\"url\":\"https:\\\/\\\/hub.ortopedie.md\\\/wp-content\\\/uploads\\\/2018\\\/08\\\/OKD-19-tlo.jpg\",\"contentUrl\":\"https:\\\/\\\/hub.ortopedie.md\\\/wp-content\\\/uploads\\\/2018\\\/08\\\/OKD-19-tlo.jpg\",\"width\":645,\"height\":430},{\"@type\":\"BreadcrumbList\",\"@id\":\"https:\\\/\\\/hub.ortopedie.md\\\/en\\\/shop\\\/orthosis-for-genunchi-okd-19\\\/#breadcrumb\",\"itemListElement\":[{\"@type\":\"ListItem\",\"position\":1,\"name\":\"Prima pagin\u0103\",\"item\":\"https:\\\/\\\/hub.ortopedie.md\\\/en\\\/\"},{\"@type\":\"ListItem\",\"position\":2,\"name\":\"Produse\",\"item\":\"https:\\\/\\\/hub.ortopedie.md\\\/shop\\\/\"},{\"@type\":\"ListItem\",\"position\":3,\"name\":\"Orthosis for genunchi OKD-19\"}]},{\"@type\":\"WebSite\",\"@id\":\"https:\\\/\\\/hub.ortopedie.md\\\/#website\",\"url\":\"https:\\\/\\\/hub.ortopedie.md\\\/\",\"name\":\"Hub Ortopedie - Magazin ortopedic. \u041e\u0440\u0442\u043e\u043f\u0435\u0434\u0438\u0447\u0435\u0441\u043a\u0438\u0439 \u043c\u0430\u0433\u0430\u0437\u0438\u043d\",\"description\":\"S\u0103n\u0103tate, confort, calitate\",\"publisher\":{\"@id\":\"https:\\\/\\\/hub.ortopedie.md\\\/#organization\"},\"potentialAction\":[{\"@type\":\"SearchAction\",\"target\":{\"@type\":\"EntryPoint\",\"urlTemplate\":\"https:\\\/\\\/hub.ortopedie.md\\\/?s={search_term_string}\"},\"query-input\":{\"@type\":\"PropertyValueSpecification\",\"valueRequired\":true,\"valueName\":\"search_term_string\"}}],\"inLanguage\":\"en-US\"},{\"@type\":\"Organization\",\"@id\":\"https:\\\/\\\/hub.ortopedie.md\\\/#organization\",\"name\":\"HUB ORTOPEDIE\",\"url\":\"https:\\\/\\\/hub.ortopedie.md\\\/\",\"logo\":{\"@type\":\"ImageObject\",\"inLanguage\":\"en-US\",\"@id\":\"https:\\\/\\\/hub.ortopedie.md\\\/#\\\/schema\\\/logo\\\/image\\\/\",\"url\":\"https:\\\/\\\/hub.ortopedie.md\\\/wp-content\\\/uploads\\\/2018\\\/01\\\/hub-logo.png\",\"contentUrl\":\"https:\\\/\\\/hub.ortopedie.md\\\/wp-content\\\/uploads\\\/2018\\\/01\\\/hub-logo.png\",\"width\":124,\"height\":90,\"caption\":\"HUB ORTOPEDIE\"},\"image\":{\"@id\":\"https:\\\/\\\/hub.ortopedie.md\\\/#\\\/schema\\\/logo\\\/image\\\/\"},\"sameAs\":[\"https:\\\/\\\/www.facebook.com\\\/ORTOPEDIE.MD\\\/\",\"https:\\\/\\\/www.instagram.com\\\/hub_ortopedie\\\/\"]}]}<\/script>\n<meta property=\"product:price:amount\" content=\"400.00\" \/>\n<meta property=\"product:price:currency\" content=\"MDL\" \/>\n<meta property=\"og:availability\" content=\"instock\" \/>\n<meta property=\"product:availability\" content=\"instock\" \/>\n<meta property=\"product:condition\" content=\"new\" \/>\n<!-- \/ Yoast SEO Premium plugin. -->","yoast_head_json":{"title":"Orthosis for genunchi OKD-19 \u00een Chi\u0219inau - HUB Ortopedie","description":"Orthosis for genunchi OKD-19 are o form\u0103 anatomic\u0103 universal\u0103 for genunchi, realizat\u0103 din tesatura band\u0103 adeziv\u0103, cu un tampon evacuare \u0219i o func\u021bie stabilizare inferioar\u0103 a patellei.","robots":{"index":"index","follow":"follow","max-snippet":"max-snippet:-1","max-image-preview":"max-image-preview:large","max-video-preview":"max-video-preview:-1"},"canonical":"https:\/\/hub.ortopedie.md\/en\/shop\/orthosis-for-genunchi-okd-19\/","og_locale":"en_US","og_type":"article","og_title":"Orthosis for genunchi OKD-19","og_description":"Orthosis for genunchi OKD-19 are o form\u0103 anatomic\u0103 universal\u0103 for genunchi, realizat\u0103 din tesatura band\u0103 adeziv\u0103, cu un tampon evacuare \u0219i o func\u021bie stabilizare inferioar\u0103 a patellei.","og_url":"https:\/\/hub.ortopedie.md\/en\/shop\/orthosis-for-genunchi-okd-19\/","og_site_name":"Hub Ortopedie - Magazin ortopedic. \u041e\u0440\u0442\u043e\u043f\u0435\u0434\u0438\u0447\u0435\u0441\u043a\u0438\u0439 \u043c\u0430\u0433\u0430\u0437\u0438\u043d","article_publisher":"https:\/\/www.facebook.com\/ORTOPEDIE.MD\/","og_image":[{"width":645,"height":430,"url":"https:\/\/hub.ortopedie.md\/wp-content\/uploads\/2018\/08\/OKD-19-tlo.jpg","type":"image\/jpeg"}],"twitter_misc":{"Price":"400.00&nbsp;MDL","Availability":"In stock"},"schema":{"@context":"https:\/\/schema.org","@graph":[{"@type":"WebPage","@id":"https:\/\/hub.ortopedie.md\/en\/shop\/orthosis-for-genunchi-okd-19\/","url":"https:\/\/hub.ortopedie.md\/en\/shop\/orthosis-for-genunchi-okd-19\/","name":"Orthosis for genunchi OKD-19 \u00een Chi\u0219inau - HUB Ortopedie","isPartOf":{"@id":"https:\/\/hub.ortopedie.md\/#website"},"primaryImageOfPage":{"@id":"https:\/\/hub.ortopedie.md\/en\/shop\/orthosis-for-genunchi-okd-19\/#primaryimage"},"image":{"@id":"https:\/\/hub.ortopedie.md\/en\/shop\/orthosis-for-genunchi-okd-19\/#primaryimage"},"thumbnailUrl":"https:\/\/hub.ortopedie.md\/wp-content\/uploads\/2018\/08\/OKD-19-tlo.jpg","datePublished":"2026-03-12T15:28:03+00:00","description":"Orthosis for genunchi OKD-19 are o form\u0103 anatomic\u0103 universal\u0103 for genunchi, realizat\u0103 din tesatura band\u0103 adeziv\u0103, cu un tampon evacuare \u0219i o func\u021bie stabilizare inferioar\u0103 a patellei.","breadcrumb":{"@id":"https:\/\/hub.ortopedie.md\/en\/shop\/orthosis-for-genunchi-okd-19\/#breadcrumb"},"inLanguage":"en-US","potentialAction":[{"@type":"ReadAction","target":["https:\/\/hub.ortopedie.md\/en\/shop\/orthosis-for-genunchi-okd-19\/"]}]},{"@type":"ImageObject","inLanguage":"en-US","@id":"https:\/\/hub.ortopedie.md\/en\/shop\/orthosis-for-genunchi-okd-19\/#primaryimage","url":"https:\/\/hub.ortopedie.md\/wp-content\/uploads\/2018\/08\/OKD-19-tlo.jpg","contentUrl":"https:\/\/hub.ortopedie.md\/wp-content\/uploads\/2018\/08\/OKD-19-tlo.jpg","width":645,"height":430},{"@type":"BreadcrumbList","@id":"https:\/\/hub.ortopedie.md\/en\/shop\/orthosis-for-genunchi-okd-19\/#breadcrumb","itemListElement":[{"@type":"ListItem","position":1,"name":"Prima pagin\u0103","item":"https:\/\/hub.ortopedie.md\/en\/"},{"@type":"ListItem","position":2,"name":"Produse","item":"https:\/\/hub.ortopedie.md\/shop\/"},{"@type":"ListItem","position":3,"name":"Orthosis for genunchi OKD-19"}]},{"@type":"WebSite","@id":"https:\/\/hub.ortopedie.md\/#website","url":"https:\/\/hub.ortopedie.md\/","name":"Hub Ortopedie - Magazin ortopedic. \u041e\u0440\u0442\u043e\u043f\u0435\u0434\u0438\u0447\u0435\u0441\u043a\u0438\u0439 \u043c\u0430\u0433\u0430\u0437\u0438\u043d","description":"S\u0103n\u0103tate, confort, calitate","publisher":{"@id":"https:\/\/hub.ortopedie.md\/#organization"},"potentialAction":[{"@type":"SearchAction","target":{"@type":"EntryPoint","urlTemplate":"https:\/\/hub.ortopedie.md\/?s={search_term_string}"},"query-input":{"@type":"PropertyValueSpecification","valueRequired":true,"valueName":"search_term_string"}}],"inLanguage":"en-US"},{"@type":"Organization","@id":"https:\/\/hub.ortopedie.md\/#organization","name":"HUB ORTOPEDIE","url":"https:\/\/hub.ortopedie.md\/","logo":{"@type":"ImageObject","inLanguage":"en-US","@id":"https:\/\/hub.ortopedie.md\/#\/schema\/logo\/image\/","url":"https:\/\/hub.ortopedie.md\/wp-content\/uploads\/2018\/01\/hub-logo.png","contentUrl":"https:\/\/hub.ortopedie.md\/wp-content\/uploads\/2018\/01\/hub-logo.png","width":124,"height":90,"caption":"HUB ORTOPEDIE"},"image":{"@id":"https:\/\/hub.ortopedie.md\/#\/schema\/logo\/image\/"},"sameAs":["https:\/\/www.facebook.com\/ORTOPEDIE.MD\/","https:\/\/www.instagram.com\/hub_ortopedie\/"]}]},"product_price_amount":"400.00","product_price_currency":"MDL","og_availability":"instock","product_availability":"instock","product_condition":"new"},"jetpack_sharing_enabled":true,"brands":[{"id":273,"name":"REH4MAT","slug":"reh4mat"}],"_links":{"self":[{"href":"https:\/\/hub.ortopedie.md\/en\/wp-json\/wp\/v2\/product\/14462","targetHints":{"allow":["GET"]}}],"collection":[{"href":"https:\/\/hub.ortopedie.md\/en\/wp-json\/wp\/v2\/product"}],"about":[{"href":"https:\/\/hub.ortopedie.md\/en\/wp-json\/wp\/v2\/types\/product"}],"wp:featuredmedia":[{"embeddable":true,"href":"https:\/\/hub.ortopedie.md\/en\/wp-json\/wp\/v2\/media\/3789"}],"wp:attachment":[{"href":"https:\/\/hub.ortopedie.md\/en\/wp-json\/wp\/v2\/media?parent=14462"}],"wp:term":[{"taxonomy":"pwb-brand","embeddable":true,"href":"https:\/\/hub.ortopedie.md\/en\/wp-json\/wp\/v2\/pwb-brand?post=14462"},{"taxonomy":"product_brand","embeddable":true,"href":"https:\/\/hub.ortopedie.md\/en\/wp-json\/wp\/v2\/product_brand?post=14462"},{"taxonomy":"product_cat","embeddable":true,"href":"https:\/\/hub.ortopedie.md\/en\/wp-json\/wp\/v2\/product_cat?post=14462"},{"taxonomy":"product_tag","embeddable":true,"href":"https:\/\/hub.ortopedie.md\/en\/wp-json\/wp\/v2\/product_tag?post=14462"}],"curies":[{"name":"wp","href":"https:\/\/api.w.org\/{rel}","templated":true}]}}