{"id":14463,"date":"2026-03-12T17:28:03","date_gmt":"2026-03-12T15:28:03","guid":{"rendered":"https:\/\/hub.ortopedie.md\/shop\/orthosis-subpsplintra-eb-p-rz\/"},"modified":"2026-03-12T17:28:04","modified_gmt":"2026-03-12T15:28:04","slug":"orthosis-subpsplintra-eb-p-rz","status":"publish","type":"product","link":"https:\/\/hub.ortopedie.md\/en\/shop\/orthosis-subpsplintra-eb-p-rz\/","title":{"rendered":"Orthosis subpSplintr\u0103 EB-P\/RZ"},"content":{"rendered":"<div class=\"clear\">\n<div class=\"clear\">\n<p>orthosis sportiv\u0103 for patel\u0103- fixeaz\u0103 \u0219i o descarc\u0103 ,\u00a0reduce sarcina pe ligamentul pSplintr &#8211;\u00a0\u00a0reduce efectul cvadricepsului asupra condililor tibiali.<\/p>\n<p>Datorit\u0103 acestei Orthoses, v\u0103 pute\u021bi \u00eentoarce rapid la locul munc\u0103 sau antrenament,\u00a0 orthosis se folose\u0219te la recomandarea medicului.\u00a0orthosis are o pelot\u0103 siliconic\u0103 (pad), conceput\u0103 for a desc\u0103rca pSplint, precum \u0219i o curea cu un suport din plastic, fix\u00e2nd \u00een siguran\u021b\u0103 produsul pe membre.<\/p>\n<p>Orthosis for genunchi EB-P\/RZ\u00a0echipate cu silicon desc\u0103rcare \u00een form\u0103 anatomic\u0103 \u0219i centur\u0103 stabilizare.<\/p>\n<h2><img decoding=\"async\" class=\"alignnone wp-image-3799 size-600\" src=\"https:\/\/hub.ortopedie.md\/wp-content\/uploads\/2018\/08\/eb-p-rz_img1-e1353588196320-600x261.jpg\" alt=\"\" width=\"600\" height=\"261\" srcset=\"https:\/\/hub.ortopedie.md\/wp-content\/uploads\/2018\/08\/eb-p-rz_img1-e1353588196320-200x87.jpg 200w, https:\/\/hub.ortopedie.md\/wp-content\/uploads\/2018\/08\/eb-p-rz_img1-e1353588196320-300x130.jpg 300w, https:\/\/hub.ortopedie.md\/wp-content\/uploads\/2018\/08\/eb-p-rz_img1-e1353588196320-400x174.jpg 400w, https:\/\/hub.ortopedie.md\/wp-content\/uploads\/2018\/08\/eb-p-rz_img1-e1353588196320-500x217.jpg 500w, https:\/\/hub.ortopedie.md\/wp-content\/uploads\/2018\/08\/eb-p-rz_img1-e1353588196320-600x261.jpg 600w, https:\/\/hub.ortopedie.md\/wp-content\/uploads\/2018\/08\/eb-p-rz_img1-e1353588196320.jpg 637w\" sizes=\"(max-width: 600px) 100vw, 600px\" \/><\/h2>\n<h2>Dimensiuni<\/h2>\n<table border=\"0\" cellspacing=\"0\">\n<thead>\n<tr>\n<td>Marime<\/td>\n<td>Circumferinta sub genunchi<\/td>\n<td>Metoda m\u0103surare<\/td>\n<\/tr>\n<\/thead>\n<colgroup width=\"135\"><\/colgroup>\n<colgroup width=\"238\"><\/colgroup>\n<tbody>\n<tr>\n<td>Dimensiunea este universal\u0103, for piciorul st\u00e2ng \u0219i drept<\/td>\n<td>min 26 cm \u2014 max 42cm<\/td>\n<td><img decoding=\"async\" class=\"alignnone wp-image-3801 size-thumbnail\" src=\"https:\/\/hub.ortopedie.md\/wp-content\/uploads\/2018\/08\/kolano-118x150.png\" alt=\"\" width=\"118\" height=\"150\" \/><\/td>\n<\/tr>\n<\/tbody>\n<\/table>\n<h2>Metoda suprapunere<\/h2>\n<h2><img decoding=\"async\" class=\"alignnone wp-image-3796 size-600\" src=\"https:\/\/hub.ortopedie.md\/wp-content\/uploads\/2018\/08\/2210-630x248-600x236.jpg\" alt=\"\" width=\"600\" height=\"236\" srcset=\"https:\/\/hub.ortopedie.md\/wp-content\/uploads\/2018\/08\/2210-630x248-200x79.jpg 200w, https:\/\/hub.ortopedie.md\/wp-content\/uploads\/2018\/08\/2210-630x248-300x118.jpg 300w, https:\/\/hub.ortopedie.md\/wp-content\/uploads\/2018\/08\/2210-630x248-400x157.jpg 400w, https:\/\/hub.ortopedie.md\/wp-content\/uploads\/2018\/08\/2210-630x248-500x197.jpg 500w, https:\/\/hub.ortopedie.md\/wp-content\/uploads\/2018\/08\/2210-630x248-600x236.jpg 600w, https:\/\/hub.ortopedie.md\/wp-content\/uploads\/2018\/08\/2210-630x248.jpg 630w\" sizes=\"(max-width: 600px) 100vw, 600px\" \/><\/h2>\n<h2>Caracteristici speciale<\/h2>\n<p>orthosis stabilizeaz\u0103 \u0219i elibereaz\u0103 patella; amelioreaz\u0103 ligamentul &#8211; reduce for\u021ba impact a cvadricepsului femural asupra ata\u0219\u0103rii mu\u0219chiului tibial.\u00a0\u0421are v\u0103 permite s\u0103 v\u0103 \u00eentoarce\u021bi repede la locul munc\u0103 \u0219i la activit\u0103\u021bile zilnice.<\/p>\n<\/div>\n<\/div>\n","protected":false},"excerpt":{"rendered":"<p>orthosis sportiv\u0103 for patel\u0103- fixeaz\u0103 \u0219i o descarc\u0103 ,\u00a0reduce sarcina  [&#8230;]<\/p>\n","protected":false},"featured_media":3800,"template":"","meta":[],"pwb-brand":[273],"product_brand":[],"product_cat":[897],"product_tag":[],"class_list":{"0":"post-14463","1":"product","2":"type-product","3":"status-publish","4":"has-post-thumbnail","6":"pwb-brand-reh4mat","7":"product_cat-orthoses-amp-braces","9":"first","10":"outofstock","11":"shipping-taxable","12":"purchasable","13":"product-type-simple"},"yoast_head":"<!-- This site is optimized with the Yoast SEO Premium plugin v18.3 (Yoast SEO v27.4) - https:\/\/yoast.com\/product\/yoast-seo-premium-wordpress\/ -->\n<title>Orthosis subpSplintr\u0103 EB-P\/RZ \u00een Chi\u0219inau - HUB Ortopedie<\/title>\n<meta name=\"description\" content=\"Orthosis for genunchi EB-P\/RZ\u00a0echipate cu silicon desc\u0103rcare \u00een form\u0103 anatomic\u0103 \u0219i centur\u0103 stabilizare cu pre\u021b \u00een Chi\u0219inau Moldova\" \/>\n<meta name=\"robots\" content=\"index, follow, max-snippet:-1, max-image-preview:large, max-video-preview:-1\" \/>\n<link rel=\"canonical\" href=\"https:\/\/hub.ortopedie.md\/en\/shop\/orthosis-subpsplintra-eb-p-rz\/\" \/>\n<meta property=\"og:locale\" content=\"en_US\" \/>\n<meta property=\"og:type\" content=\"article\" \/>\n<meta property=\"og:title\" content=\"Orthosis subpSplintr\u0103 EB-P\/RZ\" \/>\n<meta property=\"og:description\" content=\"Orthosis for genunchi EB-P\/RZ\u00a0echipate cu silicon desc\u0103rcare \u00een form\u0103 anatomic\u0103 \u0219i centur\u0103 stabilizare cu pre\u021b \u00een Chi\u0219inau Moldova\" \/>\n<meta property=\"og:url\" content=\"https:\/\/hub.ortopedie.md\/en\/shop\/orthosis-subpsplintra-eb-p-rz\/\" \/>\n<meta property=\"og:site_name\" content=\"Hub Ortopedie - Magazin ortopedic. \u041e\u0440\u0442\u043e\u043f\u0435\u0434\u0438\u0447\u0435\u0441\u043a\u0438\u0439 \u043c\u0430\u0433\u0430\u0437\u0438\u043d\" \/>\n<meta property=\"article:publisher\" content=\"https:\/\/www.facebook.com\/ORTOPEDIE.MD\/\" \/>\n<meta property=\"article:modified_time\" content=\"2026-03-12T15:28:04+00:00\" \/>\n<meta property=\"og:image\" content=\"https:\/\/hub.ortopedie.md\/wp-content\/uploads\/2018\/08\/eb-p-rz-tlo.jpg\" \/>\n\t<meta property=\"og:image:width\" content=\"645\" \/>\n\t<meta property=\"og:image:height\" content=\"430\" \/>\n\t<meta property=\"og:image:type\" content=\"image\/jpeg\" \/>\n<meta name=\"twitter:label1\" content=\"Price\" \/>\n\t<meta name=\"twitter:data1\" content=\"500.00&nbsp;MDL\" \/>\n\t<meta name=\"twitter:label2\" content=\"Availability\" \/>\n\t<meta name=\"twitter:data2\" content=\"Out of stock\" \/>\n<script type=\"application\/ld+json\" class=\"yoast-schema-graph\">{\"@context\":\"https:\\\/\\\/schema.org\",\"@graph\":[{\"@type\":\"WebPage\",\"@id\":\"https:\\\/\\\/hub.ortopedie.md\\\/en\\\/shop\\\/orthosis-subpsplintra-eb-p-rz\\\/\",\"url\":\"https:\\\/\\\/hub.ortopedie.md\\\/en\\\/shop\\\/orthosis-subpsplintra-eb-p-rz\\\/\",\"name\":\"Orthosis subpSplintr\u0103 EB-P\\\/RZ \u00een Chi\u0219inau - HUB Ortopedie\",\"isPartOf\":{\"@id\":\"https:\\\/\\\/hub.ortopedie.md\\\/#website\"},\"primaryImageOfPage\":{\"@id\":\"https:\\\/\\\/hub.ortopedie.md\\\/en\\\/shop\\\/orthosis-subpsplintra-eb-p-rz\\\/#primaryimage\"},\"image\":{\"@id\":\"https:\\\/\\\/hub.ortopedie.md\\\/en\\\/shop\\\/orthosis-subpsplintra-eb-p-rz\\\/#primaryimage\"},\"thumbnailUrl\":\"https:\\\/\\\/hub.ortopedie.md\\\/wp-content\\\/uploads\\\/2018\\\/08\\\/eb-p-rz-tlo.jpg\",\"datePublished\":\"2026-03-12T15:28:03+00:00\",\"dateModified\":\"2026-03-12T15:28:04+00:00\",\"description\":\"Orthosis for genunchi EB-P\\\/RZ\u00a0echipate cu silicon desc\u0103rcare \u00een form\u0103 anatomic\u0103 \u0219i centur\u0103 stabilizare cu pre\u021b \u00een Chi\u0219inau Moldova\",\"breadcrumb\":{\"@id\":\"https:\\\/\\\/hub.ortopedie.md\\\/en\\\/shop\\\/orthosis-subpsplintra-eb-p-rz\\\/#breadcrumb\"},\"inLanguage\":\"en-US\",\"potentialAction\":[{\"@type\":\"ReadAction\",\"target\":[\"https:\\\/\\\/hub.ortopedie.md\\\/en\\\/shop\\\/orthosis-subpsplintra-eb-p-rz\\\/\"]}]},{\"@type\":\"ImageObject\",\"inLanguage\":\"en-US\",\"@id\":\"https:\\\/\\\/hub.ortopedie.md\\\/en\\\/shop\\\/orthosis-subpsplintra-eb-p-rz\\\/#primaryimage\",\"url\":\"https:\\\/\\\/hub.ortopedie.md\\\/wp-content\\\/uploads\\\/2018\\\/08\\\/eb-p-rz-tlo.jpg\",\"contentUrl\":\"https:\\\/\\\/hub.ortopedie.md\\\/wp-content\\\/uploads\\\/2018\\\/08\\\/eb-p-rz-tlo.jpg\",\"width\":645,\"height\":430},{\"@type\":\"BreadcrumbList\",\"@id\":\"https:\\\/\\\/hub.ortopedie.md\\\/en\\\/shop\\\/orthosis-subpsplintra-eb-p-rz\\\/#breadcrumb\",\"itemListElement\":[{\"@type\":\"ListItem\",\"position\":1,\"name\":\"Prima pagin\u0103\",\"item\":\"https:\\\/\\\/hub.ortopedie.md\\\/en\\\/\"},{\"@type\":\"ListItem\",\"position\":2,\"name\":\"Produse\",\"item\":\"https:\\\/\\\/hub.ortopedie.md\\\/shop\\\/\"},{\"@type\":\"ListItem\",\"position\":3,\"name\":\"Orthosis subpSplintr\u0103 EB-P\\\/RZ\"}]},{\"@type\":\"WebSite\",\"@id\":\"https:\\\/\\\/hub.ortopedie.md\\\/#website\",\"url\":\"https:\\\/\\\/hub.ortopedie.md\\\/\",\"name\":\"Hub Ortopedie - Magazin ortopedic. \u041e\u0440\u0442\u043e\u043f\u0435\u0434\u0438\u0447\u0435\u0441\u043a\u0438\u0439 \u043c\u0430\u0433\u0430\u0437\u0438\u043d\",\"description\":\"S\u0103n\u0103tate, confort, calitate\",\"publisher\":{\"@id\":\"https:\\\/\\\/hub.ortopedie.md\\\/#organization\"},\"potentialAction\":[{\"@type\":\"SearchAction\",\"target\":{\"@type\":\"EntryPoint\",\"urlTemplate\":\"https:\\\/\\\/hub.ortopedie.md\\\/?s={search_term_string}\"},\"query-input\":{\"@type\":\"PropertyValueSpecification\",\"valueRequired\":true,\"valueName\":\"search_term_string\"}}],\"inLanguage\":\"en-US\"},{\"@type\":\"Organization\",\"@id\":\"https:\\\/\\\/hub.ortopedie.md\\\/#organization\",\"name\":\"HUB ORTOPEDIE\",\"url\":\"https:\\\/\\\/hub.ortopedie.md\\\/\",\"logo\":{\"@type\":\"ImageObject\",\"inLanguage\":\"en-US\",\"@id\":\"https:\\\/\\\/hub.ortopedie.md\\\/#\\\/schema\\\/logo\\\/image\\\/\",\"url\":\"https:\\\/\\\/hub.ortopedie.md\\\/wp-content\\\/uploads\\\/2018\\\/01\\\/hub-logo.png\",\"contentUrl\":\"https:\\\/\\\/hub.ortopedie.md\\\/wp-content\\\/uploads\\\/2018\\\/01\\\/hub-logo.png\",\"width\":124,\"height\":90,\"caption\":\"HUB ORTOPEDIE\"},\"image\":{\"@id\":\"https:\\\/\\\/hub.ortopedie.md\\\/#\\\/schema\\\/logo\\\/image\\\/\"},\"sameAs\":[\"https:\\\/\\\/www.facebook.com\\\/ORTOPEDIE.MD\\\/\",\"https:\\\/\\\/www.instagram.com\\\/hub_ortopedie\\\/\"]}]}<\/script>\n<meta property=\"product:price:amount\" content=\"500.00\" \/>\n<meta property=\"product:price:currency\" content=\"MDL\" \/>\n<meta property=\"og:availability\" content=\"out of stock\" \/>\n<meta property=\"product:availability\" content=\"out of stock\" \/>\n<meta property=\"product:condition\" content=\"new\" \/>\n<!-- \/ Yoast SEO Premium plugin. -->","yoast_head_json":{"title":"Orthosis subpSplintr\u0103 EB-P\/RZ \u00een Chi\u0219inau - HUB Ortopedie","description":"Orthosis for genunchi EB-P\/RZ\u00a0echipate cu silicon desc\u0103rcare \u00een form\u0103 anatomic\u0103 \u0219i centur\u0103 stabilizare cu pre\u021b \u00een Chi\u0219inau Moldova","robots":{"index":"index","follow":"follow","max-snippet":"max-snippet:-1","max-image-preview":"max-image-preview:large","max-video-preview":"max-video-preview:-1"},"canonical":"https:\/\/hub.ortopedie.md\/en\/shop\/orthosis-subpsplintra-eb-p-rz\/","og_locale":"en_US","og_type":"article","og_title":"Orthosis subpSplintr\u0103 EB-P\/RZ","og_description":"Orthosis for genunchi EB-P\/RZ\u00a0echipate cu silicon desc\u0103rcare \u00een form\u0103 anatomic\u0103 \u0219i centur\u0103 stabilizare cu pre\u021b \u00een Chi\u0219inau Moldova","og_url":"https:\/\/hub.ortopedie.md\/en\/shop\/orthosis-subpsplintra-eb-p-rz\/","og_site_name":"Hub Ortopedie - Magazin ortopedic. \u041e\u0440\u0442\u043e\u043f\u0435\u0434\u0438\u0447\u0435\u0441\u043a\u0438\u0439 \u043c\u0430\u0433\u0430\u0437\u0438\u043d","article_publisher":"https:\/\/www.facebook.com\/ORTOPEDIE.MD\/","article_modified_time":"2026-03-12T15:28:04+00:00","og_image":[{"width":645,"height":430,"url":"https:\/\/hub.ortopedie.md\/wp-content\/uploads\/2018\/08\/eb-p-rz-tlo.jpg","type":"image\/jpeg"}],"twitter_misc":{"Price":"500.00&nbsp;MDL","Availability":"Out of stock"},"schema":{"@context":"https:\/\/schema.org","@graph":[{"@type":"WebPage","@id":"https:\/\/hub.ortopedie.md\/en\/shop\/orthosis-subpsplintra-eb-p-rz\/","url":"https:\/\/hub.ortopedie.md\/en\/shop\/orthosis-subpsplintra-eb-p-rz\/","name":"Orthosis subpSplintr\u0103 EB-P\/RZ \u00een Chi\u0219inau - HUB Ortopedie","isPartOf":{"@id":"https:\/\/hub.ortopedie.md\/#website"},"primaryImageOfPage":{"@id":"https:\/\/hub.ortopedie.md\/en\/shop\/orthosis-subpsplintra-eb-p-rz\/#primaryimage"},"image":{"@id":"https:\/\/hub.ortopedie.md\/en\/shop\/orthosis-subpsplintra-eb-p-rz\/#primaryimage"},"thumbnailUrl":"https:\/\/hub.ortopedie.md\/wp-content\/uploads\/2018\/08\/eb-p-rz-tlo.jpg","datePublished":"2026-03-12T15:28:03+00:00","dateModified":"2026-03-12T15:28:04+00:00","description":"Orthosis for genunchi EB-P\/RZ\u00a0echipate cu silicon desc\u0103rcare \u00een form\u0103 anatomic\u0103 \u0219i centur\u0103 stabilizare cu pre\u021b \u00een Chi\u0219inau Moldova","breadcrumb":{"@id":"https:\/\/hub.ortopedie.md\/en\/shop\/orthosis-subpsplintra-eb-p-rz\/#breadcrumb"},"inLanguage":"en-US","potentialAction":[{"@type":"ReadAction","target":["https:\/\/hub.ortopedie.md\/en\/shop\/orthosis-subpsplintra-eb-p-rz\/"]}]},{"@type":"ImageObject","inLanguage":"en-US","@id":"https:\/\/hub.ortopedie.md\/en\/shop\/orthosis-subpsplintra-eb-p-rz\/#primaryimage","url":"https:\/\/hub.ortopedie.md\/wp-content\/uploads\/2018\/08\/eb-p-rz-tlo.jpg","contentUrl":"https:\/\/hub.ortopedie.md\/wp-content\/uploads\/2018\/08\/eb-p-rz-tlo.jpg","width":645,"height":430},{"@type":"BreadcrumbList","@id":"https:\/\/hub.ortopedie.md\/en\/shop\/orthosis-subpsplintra-eb-p-rz\/#breadcrumb","itemListElement":[{"@type":"ListItem","position":1,"name":"Prima pagin\u0103","item":"https:\/\/hub.ortopedie.md\/en\/"},{"@type":"ListItem","position":2,"name":"Produse","item":"https:\/\/hub.ortopedie.md\/shop\/"},{"@type":"ListItem","position":3,"name":"Orthosis subpSplintr\u0103 EB-P\/RZ"}]},{"@type":"WebSite","@id":"https:\/\/hub.ortopedie.md\/#website","url":"https:\/\/hub.ortopedie.md\/","name":"Hub Ortopedie - Magazin ortopedic. \u041e\u0440\u0442\u043e\u043f\u0435\u0434\u0438\u0447\u0435\u0441\u043a\u0438\u0439 \u043c\u0430\u0433\u0430\u0437\u0438\u043d","description":"S\u0103n\u0103tate, confort, calitate","publisher":{"@id":"https:\/\/hub.ortopedie.md\/#organization"},"potentialAction":[{"@type":"SearchAction","target":{"@type":"EntryPoint","urlTemplate":"https:\/\/hub.ortopedie.md\/?s={search_term_string}"},"query-input":{"@type":"PropertyValueSpecification","valueRequired":true,"valueName":"search_term_string"}}],"inLanguage":"en-US"},{"@type":"Organization","@id":"https:\/\/hub.ortopedie.md\/#organization","name":"HUB ORTOPEDIE","url":"https:\/\/hub.ortopedie.md\/","logo":{"@type":"ImageObject","inLanguage":"en-US","@id":"https:\/\/hub.ortopedie.md\/#\/schema\/logo\/image\/","url":"https:\/\/hub.ortopedie.md\/wp-content\/uploads\/2018\/01\/hub-logo.png","contentUrl":"https:\/\/hub.ortopedie.md\/wp-content\/uploads\/2018\/01\/hub-logo.png","width":124,"height":90,"caption":"HUB ORTOPEDIE"},"image":{"@id":"https:\/\/hub.ortopedie.md\/#\/schema\/logo\/image\/"},"sameAs":["https:\/\/www.facebook.com\/ORTOPEDIE.MD\/","https:\/\/www.instagram.com\/hub_ortopedie\/"]}]},"product_price_amount":"500.00","product_price_currency":"MDL","og_availability":"out of stock","product_availability":"out of stock","product_condition":"new"},"jetpack_sharing_enabled":true,"brands":[{"id":273,"name":"REH4MAT","slug":"reh4mat"}],"_links":{"self":[{"href":"https:\/\/hub.ortopedie.md\/en\/wp-json\/wp\/v2\/product\/14463","targetHints":{"allow":["GET"]}}],"collection":[{"href":"https:\/\/hub.ortopedie.md\/en\/wp-json\/wp\/v2\/product"}],"about":[{"href":"https:\/\/hub.ortopedie.md\/en\/wp-json\/wp\/v2\/types\/product"}],"wp:featuredmedia":[{"embeddable":true,"href":"https:\/\/hub.ortopedie.md\/en\/wp-json\/wp\/v2\/media\/3800"}],"wp:attachment":[{"href":"https:\/\/hub.ortopedie.md\/en\/wp-json\/wp\/v2\/media?parent=14463"}],"wp:term":[{"taxonomy":"pwb-brand","embeddable":true,"href":"https:\/\/hub.ortopedie.md\/en\/wp-json\/wp\/v2\/pwb-brand?post=14463"},{"taxonomy":"product_brand","embeddable":true,"href":"https:\/\/hub.ortopedie.md\/en\/wp-json\/wp\/v2\/product_brand?post=14463"},{"taxonomy":"product_cat","embeddable":true,"href":"https:\/\/hub.ortopedie.md\/en\/wp-json\/wp\/v2\/product_cat?post=14463"},{"taxonomy":"product_tag","embeddable":true,"href":"https:\/\/hub.ortopedie.md\/en\/wp-json\/wp\/v2\/product_tag?post=14463"}],"curies":[{"name":"wp","href":"https:\/\/api.w.org\/{rel}","templated":true}]}}