{"id":14465,"date":"2026-03-12T17:28:04","date_gmt":"2026-03-12T15:28:04","guid":{"rendered":"https:\/\/hub.ortopedie.md\/shop\/orthosis-carinatum-am-tx-04\/"},"modified":"2026-03-12T17:28:04","modified_gmt":"2026-03-12T15:28:04","slug":"orthosis-carinatum-am-tx-04","status":"publish","type":"product","link":"https:\/\/hub.ortopedie.md\/en\/shop\/orthosis-carinatum-am-tx-04\/","title":{"rendered":"Orthosis CARINATUM AM-TX-04"},"content":{"rendered":"<div class=\"clear\">\n<h2 class=\"clear\">Pectus Carinatum<\/h2>\n<div class=\"clear\">\n<p>Piept pui sau piept \u00eencarinat (Carinatus, pectus carinatum;) &#8211; piept comprimat lateral, av\u00e2nd o form\u0103 triunghiular\u0103 \u00een sec\u021biune orizontal\u0103; anomalie dezvoltare cauzat\u0103 cre\u0219terea excesiv\u0103 a cartilajului costal V-VII.\u00a0Aceast\u0103 condi\u021bie obicei, nu provoac\u0103 durere.\u00a0Boala \u00eencepe s\u0103 se dezvolte dup\u0103 11 ani.\u00a0\u00cen ciuda faptului c\u0103 inima \u0219i pl\u0103m\u00e2nii sunt deja bine dezvolta\u021bi,\u00a0cre\u0219terea deform\u0103rii duce la afectarea circula\u021biei s\u00e2ngelui \u0219i a respira\u021biei, ceea ce sl\u0103be\u0219te organismul.<\/p>\n<h2>Caracteristica produsului<\/h2>\n<p>orthosis CARINATUM este cel mai bun instrument for tratarea toracelui deformat.<\/p>\n<p>Cadrul Orthosis este fabricat din aluminiu \u00eenalt\u0103 calitate \u0219i u\u0219or 6061 T6. Rama este c\u0103ptu\u0219it\u0103 cu spum\u0103 care protejeaz\u0103 \u00eempotriva presiunii asupra oaselor.<\/p>\n<p>\u00cenchiz\u0103toarea cataramei Caliper este un sistem fixare special, foarte eficient. Const\u0103 dintr-o centur\u0103 din\u021bat\u0103 \u0219i o cataram\u0103 tensiune din metal cu un clichet, care va permite fixarea fin\u0103 a centurei. Intervalul ajustare a circumferin\u021bei depinde lungimea centurii. Sistemul este utilizat la produsele orthopedice care necesit\u0103 compresie precis\u0103 \u0219i puternic\u0103.<\/p>\n<p>\u00cen timpul adolescen\u021bei, c\u00e2nd oasele cresc \u0219i sunt suficient flexibile for a rezista form\u0103rii, ar trebui s\u0103 se utilizeze Orthosis for a corecta pieptul. Datorit\u0103 dispozitivului fixare Caliper Buckle orthosis creeaz\u0103 compresie \u00een fa\u021b\u0103 \u0219i \u00een spate, care \u00een timp \u00eendep\u0103rteaz\u0103 oasele \u0219i cartilajul \u0219i le readuce \u00een pozi\u021bia corect\u0103.<\/p>\n<p>C\u00e2nd se folose\u0219te sistematic, se reduce proeminen\u021ba sternului \u0219i a coastelor superioare \u0219i se \u00eembun\u0103t\u0103\u021be\u0219te func\u021bionarea sistemului vascular \u0219i respirator.<\/p>\n<p align=\"center\"><img decoding=\"async\" class=\"alignnone wp-image-3821 size-600\" src=\"https:\/\/hub.ortopedie.md\/wp-content\/uploads\/2018\/08\/kurza-klatka-schemat-RU-630x315-600x300.jpg\" alt=\"\" width=\"600\" height=\"300\" srcset=\"https:\/\/hub.ortopedie.md\/wp-content\/uploads\/2018\/08\/kurza-klatka-schemat-RU-630x315-200x100.jpg 200w, https:\/\/hub.ortopedie.md\/wp-content\/uploads\/2018\/08\/kurza-klatka-schemat-RU-630x315-300x150.jpg 300w, https:\/\/hub.ortopedie.md\/wp-content\/uploads\/2018\/08\/kurza-klatka-schemat-RU-630x315-400x200.jpg 400w, https:\/\/hub.ortopedie.md\/wp-content\/uploads\/2018\/08\/kurza-klatka-schemat-RU-630x315-500x250.jpg 500w, https:\/\/hub.ortopedie.md\/wp-content\/uploads\/2018\/08\/kurza-klatka-schemat-RU-630x315-600x300.jpg 600w, https:\/\/hub.ortopedie.md\/wp-content\/uploads\/2018\/08\/kurza-klatka-schemat-RU-630x315.jpg 630w\" sizes=\"(max-width: 600px) 100vw, 600px\" \/><\/p>\n<p align=\"center\">orthosis poate fi aplicat\u0103 24 ore pe zi, 7 zile\u00a0pe\u00a0s\u0103pt\u0103m\u00e2n\u0103 \u00een timpul tratamentului.<\/p>\n<p align=\"center\"><strong>ATEN\u021aIE! orthosis CARINATUM are o acoperire cu pulbere, toate elementele sunt impermeabile, astfel \u00eenc\u00e2t orthosis poate fi folosit\u0103 \u00een baie!<\/strong><\/p>\n<p align=\"center\">orthosis\u00a0<strong>CARINATUM<\/strong>\u00a0 n este vizibil\u0103 prin haine.<\/p>\n<h2>Tabel marimi<\/h2>\n<table style=\"height: 280px;\" border=\"0\" width=\"594\" cellspacing=\"0\">\n<thead>\n<tr>\n<td>Dimensiune<\/td>\n<td>(A) L\u0103\u021bimea spatelui<\/td>\n<td>(B) Circumferinta pieptului<\/td>\n<td>Metoda m\u0103surare<\/td>\n<\/tr>\n<\/thead>\n<colgroup width=\"136\"><\/colgroup>\n<colgroup width=\"240\"><\/colgroup>\n<colgroup width=\"365\"><\/colgroup>\n<tbody>\n<tr>\n<td>1<\/td>\n<td>20 \u0441\u043c<\/td>\n<td>40-70 \u0441\u043c<\/td>\n<td rowspan=\"5\"><img decoding=\"async\" class=\"alignnone size-full wp-image-3823\" src=\"https:\/\/hub.ortopedie.md\/wp-content\/uploads\/2018\/08\/piersiowy-carinatum-przod-208x208.png\" alt=\"\" width=\"208\" height=\"208\" srcset=\"https:\/\/hub.ortopedie.md\/wp-content\/uploads\/2018\/08\/piersiowy-carinatum-przod-208x208-66x66.png 66w, https:\/\/hub.ortopedie.md\/wp-content\/uploads\/2018\/08\/piersiowy-carinatum-przod-208x208-100x100.png 100w, https:\/\/hub.ortopedie.md\/wp-content\/uploads\/2018\/08\/piersiowy-carinatum-przod-208x208-150x150.png 150w, https:\/\/hub.ortopedie.md\/wp-content\/uploads\/2018\/08\/piersiowy-carinatum-przod-208x208-200x200.png 200w, https:\/\/hub.ortopedie.md\/wp-content\/uploads\/2018\/08\/piersiowy-carinatum-przod-208x208.png 208w\" sizes=\"(max-width: 208px) 100vw, 208px\" \/><img decoding=\"async\" class=\"alignnone size-full wp-image-3822\" src=\"https:\/\/hub.ortopedie.md\/wp-content\/uploads\/2018\/08\/piersiowy-carinatum-208x208.png\" alt=\"\" width=\"208\" height=\"208\" srcset=\"https:\/\/hub.ortopedie.md\/wp-content\/uploads\/2018\/08\/piersiowy-carinatum-208x208-66x66.png 66w, https:\/\/hub.ortopedie.md\/wp-content\/uploads\/2018\/08\/piersiowy-carinatum-208x208-100x100.png 100w, https:\/\/hub.ortopedie.md\/wp-content\/uploads\/2018\/08\/piersiowy-carinatum-208x208-150x150.png 150w, https:\/\/hub.ortopedie.md\/wp-content\/uploads\/2018\/08\/piersiowy-carinatum-208x208-200x200.png 200w, https:\/\/hub.ortopedie.md\/wp-content\/uploads\/2018\/08\/piersiowy-carinatum-208x208.png 208w\" sizes=\"(max-width: 208px) 100vw, 208px\" \/><\/td>\n<\/tr>\n<tr>\n<td>2<\/td>\n<td>24 \u0441\u043c<\/td>\n<td>55-80 \u0441\u043c<\/td>\n<\/tr>\n<tr>\n<td>3<\/td>\n<td>27 \u0441\u043c<\/td>\n<td>60-90 \u0441\u043c<\/td>\n<\/tr>\n<tr>\n<td>4<\/td>\n<td>30 \u0441\u043c<\/td>\n<td>65-100 \u0441\u043c<\/td>\n<\/tr>\n<tr>\n<td>5<\/td>\n<td>33 \u0441\u043c<\/td>\n<td>70-105 \u0441\u043c<\/td>\n<\/tr>\n<\/tbody>\n<\/table>\n<div class=\"clear\"><\/div>\n<div class=\"clear\"><\/div>\n<\/div>\n<\/div>\n","protected":false},"excerpt":{"rendered":"<p>Pectus Carinatum Piept pui sau piept \u00eencarinat (Carinatus, pectus carinatum;)  [&#8230;]<\/p>\n","protected":false},"featured_media":3818,"template":"","meta":[],"pwb-brand":[273],"product_brand":[],"product_cat":[897],"product_tag":[],"class_list":{"0":"post-14465","1":"product","2":"type-product","3":"status-publish","4":"has-post-thumbnail","6":"pwb-brand-reh4mat","7":"product_cat-orthoses-amp-braces","9":"first","10":"instock","11":"shipping-taxable","12":"purchasable","13":"product-type-simple"},"yoast_head":"<!-- This site is optimized with the Yoast SEO Premium plugin v18.3 (Yoast SEO v27.4) - https:\/\/yoast.com\/product\/yoast-seo-premium-wordpress\/ -->\n<title>Orthosis CARINATUM AM-TX-04 \u00een Chi\u0219inau - HUB Ortopedie<\/title>\n<meta name=\"description\" content=\"Orthosis for piept ascu\u021bit (Carinatus, pectus carinatum;) av\u00e2nd o form\u0103 triunghiular\u0103, anomalie dezvoltare cauzat\u0103 cre\u0219terea excesiv\u0103 a cartilajului costal\" \/>\n<meta name=\"robots\" content=\"index, follow, max-snippet:-1, max-image-preview:large, max-video-preview:-1\" \/>\n<link rel=\"canonical\" href=\"https:\/\/hub.ortopedie.md\/en\/shop\/orthosis-carinatum-am-tx-04\/\" \/>\n<meta property=\"og:locale\" content=\"en_US\" \/>\n<meta property=\"og:type\" content=\"article\" \/>\n<meta property=\"og:title\" content=\"Orthosis CARINATUM AM-TX-04\" \/>\n<meta property=\"og:description\" content=\"Orthosis for piept ascu\u021bit (Carinatus, pectus carinatum;) av\u00e2nd o form\u0103 triunghiular\u0103, anomalie dezvoltare cauzat\u0103 cre\u0219terea excesiv\u0103 a cartilajului costal\" \/>\n<meta property=\"og:url\" content=\"https:\/\/hub.ortopedie.md\/en\/shop\/orthosis-carinatum-am-tx-04\/\" \/>\n<meta property=\"og:site_name\" content=\"Hub Ortopedie - Magazin ortopedic. \u041e\u0440\u0442\u043e\u043f\u0435\u0434\u0438\u0447\u0435\u0441\u043a\u0438\u0439 \u043c\u0430\u0433\u0430\u0437\u0438\u043d\" \/>\n<meta property=\"article:publisher\" content=\"https:\/\/www.facebook.com\/ORTOPEDIE.MD\/\" \/>\n<meta property=\"og:image\" content=\"https:\/\/hub.ortopedie.md\/wp-content\/uploads\/2018\/08\/carinatum-tlo.jpg\" \/>\n\t<meta property=\"og:image:width\" content=\"645\" \/>\n\t<meta property=\"og:image:height\" content=\"430\" \/>\n\t<meta property=\"og:image:type\" content=\"image\/jpeg\" \/>\n<meta name=\"twitter:label1\" content=\"Price\" \/>\n\t<meta name=\"twitter:data1\" content=\"5,500.00&nbsp;MDL\" \/>\n\t<meta name=\"twitter:label2\" content=\"Availability\" \/>\n\t<meta name=\"twitter:data2\" content=\"In stock\" \/>\n<script type=\"application\/ld+json\" class=\"yoast-schema-graph\">{\"@context\":\"https:\\\/\\\/schema.org\",\"@graph\":[{\"@type\":\"WebPage\",\"@id\":\"https:\\\/\\\/hub.ortopedie.md\\\/en\\\/shop\\\/orthosis-carinatum-am-tx-04\\\/\",\"url\":\"https:\\\/\\\/hub.ortopedie.md\\\/en\\\/shop\\\/orthosis-carinatum-am-tx-04\\\/\",\"name\":\"Orthosis CARINATUM AM-TX-04 \u00een Chi\u0219inau - HUB Ortopedie\",\"isPartOf\":{\"@id\":\"https:\\\/\\\/hub.ortopedie.md\\\/#website\"},\"primaryImageOfPage\":{\"@id\":\"https:\\\/\\\/hub.ortopedie.md\\\/en\\\/shop\\\/orthosis-carinatum-am-tx-04\\\/#primaryimage\"},\"image\":{\"@id\":\"https:\\\/\\\/hub.ortopedie.md\\\/en\\\/shop\\\/orthosis-carinatum-am-tx-04\\\/#primaryimage\"},\"thumbnailUrl\":\"https:\\\/\\\/hub.ortopedie.md\\\/wp-content\\\/uploads\\\/2018\\\/08\\\/carinatum-tlo.jpg\",\"datePublished\":\"2026-03-12T15:28:04+00:00\",\"description\":\"Orthosis for piept ascu\u021bit (Carinatus, pectus carinatum;) av\u00e2nd o form\u0103 triunghiular\u0103, anomalie dezvoltare cauzat\u0103 cre\u0219terea excesiv\u0103 a cartilajului costal\",\"breadcrumb\":{\"@id\":\"https:\\\/\\\/hub.ortopedie.md\\\/en\\\/shop\\\/orthosis-carinatum-am-tx-04\\\/#breadcrumb\"},\"inLanguage\":\"en-US\",\"potentialAction\":[{\"@type\":\"ReadAction\",\"target\":[\"https:\\\/\\\/hub.ortopedie.md\\\/en\\\/shop\\\/orthosis-carinatum-am-tx-04\\\/\"]}]},{\"@type\":\"ImageObject\",\"inLanguage\":\"en-US\",\"@id\":\"https:\\\/\\\/hub.ortopedie.md\\\/en\\\/shop\\\/orthosis-carinatum-am-tx-04\\\/#primaryimage\",\"url\":\"https:\\\/\\\/hub.ortopedie.md\\\/wp-content\\\/uploads\\\/2018\\\/08\\\/carinatum-tlo.jpg\",\"contentUrl\":\"https:\\\/\\\/hub.ortopedie.md\\\/wp-content\\\/uploads\\\/2018\\\/08\\\/carinatum-tlo.jpg\",\"width\":645,\"height\":430,\"caption\":\"Carinatum pectus\"},{\"@type\":\"BreadcrumbList\",\"@id\":\"https:\\\/\\\/hub.ortopedie.md\\\/en\\\/shop\\\/orthosis-carinatum-am-tx-04\\\/#breadcrumb\",\"itemListElement\":[{\"@type\":\"ListItem\",\"position\":1,\"name\":\"Prima pagin\u0103\",\"item\":\"https:\\\/\\\/hub.ortopedie.md\\\/en\\\/\"},{\"@type\":\"ListItem\",\"position\":2,\"name\":\"Produse\",\"item\":\"https:\\\/\\\/hub.ortopedie.md\\\/shop\\\/\"},{\"@type\":\"ListItem\",\"position\":3,\"name\":\"Orthosis CARINATUM AM-TX-04\"}]},{\"@type\":\"WebSite\",\"@id\":\"https:\\\/\\\/hub.ortopedie.md\\\/#website\",\"url\":\"https:\\\/\\\/hub.ortopedie.md\\\/\",\"name\":\"Hub Ortopedie - Magazin ortopedic. \u041e\u0440\u0442\u043e\u043f\u0435\u0434\u0438\u0447\u0435\u0441\u043a\u0438\u0439 \u043c\u0430\u0433\u0430\u0437\u0438\u043d\",\"description\":\"S\u0103n\u0103tate, confort, calitate\",\"publisher\":{\"@id\":\"https:\\\/\\\/hub.ortopedie.md\\\/#organization\"},\"potentialAction\":[{\"@type\":\"SearchAction\",\"target\":{\"@type\":\"EntryPoint\",\"urlTemplate\":\"https:\\\/\\\/hub.ortopedie.md\\\/?s={search_term_string}\"},\"query-input\":{\"@type\":\"PropertyValueSpecification\",\"valueRequired\":true,\"valueName\":\"search_term_string\"}}],\"inLanguage\":\"en-US\"},{\"@type\":\"Organization\",\"@id\":\"https:\\\/\\\/hub.ortopedie.md\\\/#organization\",\"name\":\"HUB ORTOPEDIE\",\"url\":\"https:\\\/\\\/hub.ortopedie.md\\\/\",\"logo\":{\"@type\":\"ImageObject\",\"inLanguage\":\"en-US\",\"@id\":\"https:\\\/\\\/hub.ortopedie.md\\\/#\\\/schema\\\/logo\\\/image\\\/\",\"url\":\"https:\\\/\\\/hub.ortopedie.md\\\/wp-content\\\/uploads\\\/2018\\\/01\\\/hub-logo.png\",\"contentUrl\":\"https:\\\/\\\/hub.ortopedie.md\\\/wp-content\\\/uploads\\\/2018\\\/01\\\/hub-logo.png\",\"width\":124,\"height\":90,\"caption\":\"HUB ORTOPEDIE\"},\"image\":{\"@id\":\"https:\\\/\\\/hub.ortopedie.md\\\/#\\\/schema\\\/logo\\\/image\\\/\"},\"sameAs\":[\"https:\\\/\\\/www.facebook.com\\\/ORTOPEDIE.MD\\\/\",\"https:\\\/\\\/www.instagram.com\\\/hub_ortopedie\\\/\"]}]}<\/script>\n<meta property=\"product:price:amount\" content=\"5500.00\" \/>\n<meta property=\"product:price:currency\" content=\"MDL\" \/>\n<meta property=\"og:availability\" content=\"instock\" \/>\n<meta property=\"product:availability\" content=\"instock\" \/>\n<meta property=\"product:condition\" content=\"new\" \/>\n<!-- \/ Yoast SEO Premium plugin. -->","yoast_head_json":{"title":"Orthosis CARINATUM AM-TX-04 \u00een Chi\u0219inau - HUB Ortopedie","description":"Orthosis for piept ascu\u021bit (Carinatus, pectus carinatum;) av\u00e2nd o form\u0103 triunghiular\u0103, anomalie dezvoltare cauzat\u0103 cre\u0219terea excesiv\u0103 a cartilajului costal","robots":{"index":"index","follow":"follow","max-snippet":"max-snippet:-1","max-image-preview":"max-image-preview:large","max-video-preview":"max-video-preview:-1"},"canonical":"https:\/\/hub.ortopedie.md\/en\/shop\/orthosis-carinatum-am-tx-04\/","og_locale":"en_US","og_type":"article","og_title":"Orthosis CARINATUM AM-TX-04","og_description":"Orthosis for piept ascu\u021bit (Carinatus, pectus carinatum;) av\u00e2nd o form\u0103 triunghiular\u0103, anomalie dezvoltare cauzat\u0103 cre\u0219terea excesiv\u0103 a cartilajului costal","og_url":"https:\/\/hub.ortopedie.md\/en\/shop\/orthosis-carinatum-am-tx-04\/","og_site_name":"Hub Ortopedie - Magazin ortopedic. \u041e\u0440\u0442\u043e\u043f\u0435\u0434\u0438\u0447\u0435\u0441\u043a\u0438\u0439 \u043c\u0430\u0433\u0430\u0437\u0438\u043d","article_publisher":"https:\/\/www.facebook.com\/ORTOPEDIE.MD\/","og_image":[{"width":645,"height":430,"url":"https:\/\/hub.ortopedie.md\/wp-content\/uploads\/2018\/08\/carinatum-tlo.jpg","type":"image\/jpeg"}],"twitter_misc":{"Price":"5,500.00&nbsp;MDL","Availability":"In stock"},"schema":{"@context":"https:\/\/schema.org","@graph":[{"@type":"WebPage","@id":"https:\/\/hub.ortopedie.md\/en\/shop\/orthosis-carinatum-am-tx-04\/","url":"https:\/\/hub.ortopedie.md\/en\/shop\/orthosis-carinatum-am-tx-04\/","name":"Orthosis CARINATUM AM-TX-04 \u00een Chi\u0219inau - HUB Ortopedie","isPartOf":{"@id":"https:\/\/hub.ortopedie.md\/#website"},"primaryImageOfPage":{"@id":"https:\/\/hub.ortopedie.md\/en\/shop\/orthosis-carinatum-am-tx-04\/#primaryimage"},"image":{"@id":"https:\/\/hub.ortopedie.md\/en\/shop\/orthosis-carinatum-am-tx-04\/#primaryimage"},"thumbnailUrl":"https:\/\/hub.ortopedie.md\/wp-content\/uploads\/2018\/08\/carinatum-tlo.jpg","datePublished":"2026-03-12T15:28:04+00:00","description":"Orthosis for piept ascu\u021bit (Carinatus, pectus carinatum;) av\u00e2nd o form\u0103 triunghiular\u0103, anomalie dezvoltare cauzat\u0103 cre\u0219terea excesiv\u0103 a cartilajului costal","breadcrumb":{"@id":"https:\/\/hub.ortopedie.md\/en\/shop\/orthosis-carinatum-am-tx-04\/#breadcrumb"},"inLanguage":"en-US","potentialAction":[{"@type":"ReadAction","target":["https:\/\/hub.ortopedie.md\/en\/shop\/orthosis-carinatum-am-tx-04\/"]}]},{"@type":"ImageObject","inLanguage":"en-US","@id":"https:\/\/hub.ortopedie.md\/en\/shop\/orthosis-carinatum-am-tx-04\/#primaryimage","url":"https:\/\/hub.ortopedie.md\/wp-content\/uploads\/2018\/08\/carinatum-tlo.jpg","contentUrl":"https:\/\/hub.ortopedie.md\/wp-content\/uploads\/2018\/08\/carinatum-tlo.jpg","width":645,"height":430,"caption":"Carinatum pectus"},{"@type":"BreadcrumbList","@id":"https:\/\/hub.ortopedie.md\/en\/shop\/orthosis-carinatum-am-tx-04\/#breadcrumb","itemListElement":[{"@type":"ListItem","position":1,"name":"Prima pagin\u0103","item":"https:\/\/hub.ortopedie.md\/en\/"},{"@type":"ListItem","position":2,"name":"Produse","item":"https:\/\/hub.ortopedie.md\/shop\/"},{"@type":"ListItem","position":3,"name":"Orthosis CARINATUM AM-TX-04"}]},{"@type":"WebSite","@id":"https:\/\/hub.ortopedie.md\/#website","url":"https:\/\/hub.ortopedie.md\/","name":"Hub Ortopedie - Magazin ortopedic. \u041e\u0440\u0442\u043e\u043f\u0435\u0434\u0438\u0447\u0435\u0441\u043a\u0438\u0439 \u043c\u0430\u0433\u0430\u0437\u0438\u043d","description":"S\u0103n\u0103tate, confort, calitate","publisher":{"@id":"https:\/\/hub.ortopedie.md\/#organization"},"potentialAction":[{"@type":"SearchAction","target":{"@type":"EntryPoint","urlTemplate":"https:\/\/hub.ortopedie.md\/?s={search_term_string}"},"query-input":{"@type":"PropertyValueSpecification","valueRequired":true,"valueName":"search_term_string"}}],"inLanguage":"en-US"},{"@type":"Organization","@id":"https:\/\/hub.ortopedie.md\/#organization","name":"HUB ORTOPEDIE","url":"https:\/\/hub.ortopedie.md\/","logo":{"@type":"ImageObject","inLanguage":"en-US","@id":"https:\/\/hub.ortopedie.md\/#\/schema\/logo\/image\/","url":"https:\/\/hub.ortopedie.md\/wp-content\/uploads\/2018\/01\/hub-logo.png","contentUrl":"https:\/\/hub.ortopedie.md\/wp-content\/uploads\/2018\/01\/hub-logo.png","width":124,"height":90,"caption":"HUB ORTOPEDIE"},"image":{"@id":"https:\/\/hub.ortopedie.md\/#\/schema\/logo\/image\/"},"sameAs":["https:\/\/www.facebook.com\/ORTOPEDIE.MD\/","https:\/\/www.instagram.com\/hub_ortopedie\/"]}]},"product_price_amount":"5500.00","product_price_currency":"MDL","og_availability":"instock","product_availability":"instock","product_condition":"new"},"jetpack_sharing_enabled":true,"brands":[{"id":273,"name":"REH4MAT","slug":"reh4mat"}],"_links":{"self":[{"href":"https:\/\/hub.ortopedie.md\/en\/wp-json\/wp\/v2\/product\/14465","targetHints":{"allow":["GET"]}}],"collection":[{"href":"https:\/\/hub.ortopedie.md\/en\/wp-json\/wp\/v2\/product"}],"about":[{"href":"https:\/\/hub.ortopedie.md\/en\/wp-json\/wp\/v2\/types\/product"}],"wp:featuredmedia":[{"embeddable":true,"href":"https:\/\/hub.ortopedie.md\/en\/wp-json\/wp\/v2\/media\/3818"}],"wp:attachment":[{"href":"https:\/\/hub.ortopedie.md\/en\/wp-json\/wp\/v2\/media?parent=14465"}],"wp:term":[{"taxonomy":"pwb-brand","embeddable":true,"href":"https:\/\/hub.ortopedie.md\/en\/wp-json\/wp\/v2\/pwb-brand?post=14465"},{"taxonomy":"product_brand","embeddable":true,"href":"https:\/\/hub.ortopedie.md\/en\/wp-json\/wp\/v2\/product_brand?post=14465"},{"taxonomy":"product_cat","embeddable":true,"href":"https:\/\/hub.ortopedie.md\/en\/wp-json\/wp\/v2\/product_cat?post=14465"},{"taxonomy":"product_tag","embeddable":true,"href":"https:\/\/hub.ortopedie.md\/en\/wp-json\/wp\/v2\/product_tag?post=14465"}],"curies":[{"name":"wp","href":"https:\/\/api.w.org\/{rel}","templated":true}]}}