{"id":14537,"date":"2026-03-12T17:28:45","date_gmt":"2026-03-12T15:28:45","guid":{"rendered":"https:\/\/hub.ortopedie.md\/shop\/scaun-reabilitare-elefant\/"},"modified":"2026-03-12T17:28:45","modified_gmt":"2026-03-12T15:28:45","slug":"scaun-reabilitare-elefant","status":"publish","type":"product","link":"https:\/\/hub.ortopedie.md\/en\/shop\/scaun-reabilitare-elefant\/","title":{"rendered":"Scaun reabilitare Elefant"},"content":{"rendered":"<p>Scaunul reabilitare ELEPHANE \u2122 este destinat reabilit\u0103rii ini\u021biale a copiilor \u00een pozi\u021bie a\u0219ezat\u0103. U\u0219or \u00eentre\u021binut \u0219i, \u00een acela\u0219i timp, foarte func\u021bional, realizat \u00een culori str\u0103lucitoare din lemn ecologic, acesta va atrage cu siguran\u021b\u0103 un copil. Pe l\u00e2ng\u0103 simplitatea sa \u00een design, \u00ee\u0219i \u00eendepline\u0219te perfect func\u021bia. At\u00e2t copiii spastici, c\u00e2t \u0219i copiii cu tonus muscular redus \u00eel pot folosi \u00een siguran\u021b\u0103. pillowsle laterale reglabile ajut\u0103 la corectarea defectelor postur\u0103. Scaunul va fi util for boli orthopedice. Vesta siguran\u021b\u0103 \u0219i cureaua \u0219old au inele inovatoare cu bretele Take and Pull \u00a9, care v\u0103 permit s\u0103 proteja\u021bi rapid \u0219i \u00een mod sigur copilul din dispozitiv.<\/p>\n<h2>INDICATII<\/h2>\n<p>Recomandat copiilor cu un diagnostic de:<\/p>\n<ul>\n<li>Parazita cerebrala diferite tipuri<\/li>\n<li>Deteriorarea creierului \u0219i m\u0103duvei spin\u0103rii diferite origini cu paralizia membrelor, pierderea sever\u0103 a echilibrului \u0219i coordonarea mi\u0219c\u0103rilor<\/li>\n<li>Boli demielinizante (scleroz\u0103 multipl\u0103, scleroz\u0103 lateral\u0103 amiotrofic\u0103 \u0219i altele)<\/li>\n<li>Hernie craniocerebral\u0103<\/li>\n<li>Boli musculare cu paralizie concomitent\u0103 \u0219i parez\u0103 (distrofie, miastenie gravis, miozit\u0103).<\/li>\n<li>Boli genetice cu paralizie a membrelor<\/li>\n<li>Boli degenerative \u0219i neurologice<\/li>\n<li>Alte boli cu paralizie concomitent\u0103, parez\u0103, deteriorarea aparatului motor<\/li>\n<li>Dup\u0103 leziuni traumatice ale creierului sau leziuni ale coloanei vertebrale cu leziuni ale m\u0103duvei spin\u0103rii \u0219i paralizie concomitent\u0103 sau parez\u0103<img decoding=\"async\" class=\"alignnone wp-image-6879 size-fusion-600\" src=\"https:\/\/hub.ortopedie.md\/wp-content\/uploads\/2020\/04\/piktogramy_slonik-1-600x279.jpg\" alt=\"\" width=\"600\" height=\"279\" srcset=\"https:\/\/hub.ortopedie.md\/wp-content\/uploads\/2020\/04\/piktogramy_slonik-1-200x93.jpg 200w, https:\/\/hub.ortopedie.md\/wp-content\/uploads\/2020\/04\/piktogramy_slonik-1-300x139.jpg 300w, https:\/\/hub.ortopedie.md\/wp-content\/uploads\/2020\/04\/piktogramy_slonik-1-400x186.jpg 400w, https:\/\/hub.ortopedie.md\/wp-content\/uploads\/2020\/04\/piktogramy_slonik-1-500x232.jpg 500w, https:\/\/hub.ortopedie.md\/wp-content\/uploads\/2020\/04\/piktogramy_slonik-1-600x279.jpg 600w, https:\/\/hub.ortopedie.md\/wp-content\/uploads\/2020\/04\/piktogramy_slonik-1-700x325.jpg 700w, https:\/\/hub.ortopedie.md\/wp-content\/uploads\/2020\/04\/piktogramy_slonik-1-768x357.jpg 768w, https:\/\/hub.ortopedie.md\/wp-content\/uploads\/2020\/04\/piktogramy_slonik-1-800x372.jpg 800w, https:\/\/hub.ortopedie.md\/wp-content\/uploads\/2020\/04\/piktogramy_slonik-1.jpg 930w\" sizes=\"(max-width: 600px) 100vw, 600px\" \/><\/li>\n<\/ul>\n<div class=\"spacer\">\n<table>\n<tbody>\n<tr>\n<th>Simbol<\/th>\n<th colspan=\"2\">Masura<\/th>\n<th colspan=\"2\">Un.<\/th>\n<th colspan=\"2\">Dimensiune 1<\/th>\n<th colspan=\"2\">Dimensiune 2<\/th>\n<th>Dimensiune 3<\/th>\n<\/tr>\n<tr>\n<td><strong>W<\/strong><\/td>\n<td colspan=\"2\"><strong>Inaltimea pacientului*<\/strong><\/td>\n<td colspan=\"2\"><strong>[cm]<\/strong><\/td>\n<td colspan=\"2\"><strong>70 \u2014 130<\/strong><\/td>\n<td colspan=\"2\"><strong>100 \u2014 150<\/strong><\/td>\n<td><strong>110 \u2014 180<\/strong><\/td>\n<\/tr>\n<tr>\n<td><strong>A<\/strong><\/td>\n<td colspan=\"2\"><strong>Latimea scaunului<\/strong><\/td>\n<td colspan=\"2\"><strong>[cm]<\/strong><\/td>\n<td colspan=\"2\"><strong>35<\/strong><\/td>\n<td colspan=\"2\"><strong>39<\/strong><\/td>\n<td><strong>46<\/strong><\/td>\n<\/tr>\n<tr>\n<td><strong>L<\/strong><\/td>\n<td colspan=\"2\"><strong>Adincimea scaunului<\/strong><\/td>\n<td colspan=\"2\"><strong>[cm]<\/strong><\/td>\n<td colspan=\"2\"><strong>13 \u2014 31<\/strong><\/td>\n<td colspan=\"2\"><strong>19 \u2014 38<\/strong><\/td>\n<td><strong>29 \u2014 54<\/strong><\/td>\n<\/tr>\n<tr>\n<td><strong>C<\/strong><\/td>\n<td colspan=\"2\"><strong>\u00cen\u0103l\u021bimea tetierei(Optiune)<\/strong><\/td>\n<td colspan=\"2\"><strong>[cm]<\/strong><\/td>\n<td colspan=\"2\"><strong>54<\/strong><\/td>\n<td colspan=\"2\"><strong>58<\/strong><\/td>\n<td><strong>75<\/strong><\/td>\n<\/tr>\n<tr>\n<td><strong>C<sub>1<\/sub><\/strong><\/td>\n<td colspan=\"2\"><strong>\u00cen\u0103l\u021bimea spatelui<\/strong><\/td>\n<td colspan=\"2\"><strong>[cm]<\/strong><\/td>\n<td colspan=\"2\"><strong>34<\/strong><\/td>\n<td colspan=\"2\"><strong>38<\/strong><\/td>\n<td><strong>55<\/strong><\/td>\n<\/tr>\n<tr>\n<td><strong>E<\/strong><\/td>\n<td colspan=\"2\"><strong>L\u0103\u021bimea spatelui<\/strong><\/td>\n<td colspan=\"2\"><strong>[cm]<\/strong><\/td>\n<td colspan=\"2\"><strong>17 \u2014 27<\/strong><\/td>\n<td colspan=\"2\"><strong>22 \u2014 32<\/strong><\/td>\n<td><strong>22 \u2014 35<\/strong><\/td>\n<\/tr>\n<tr>\n<td><strong>F<\/strong><\/td>\n<td colspan=\"2\"><strong>Reglarea lungimii picioarelor<\/strong><\/td>\n<td colspan=\"2\"><strong>[cm]<\/strong><\/td>\n<td colspan=\"2\"><strong>12 \u2014 36<\/strong><\/td>\n<td colspan=\"2\"><strong>16 \u2014 45<\/strong><\/td>\n<td><strong>24\u00a0\u2014 45<\/strong><\/td>\n<\/tr>\n<tr>\n<td>L<sub>1<\/sub><\/td>\n<td colspan=\"2\">Ad\u00e2ncimea scaunului sub genunchi<\/td>\n<td colspan=\"2\">[cm]<\/td>\n<td colspan=\"2\">0 \u2014 24<\/td>\n<td colspan=\"2\">3 \u2014 29<\/td>\n<td>8 \u2014 45<\/td>\n<\/tr>\n<tr>\n<td><\/td>\n<td colspan=\"2\">Lungimea foot<\/td>\n<td colspan=\"2\">[cm]<\/td>\n<td colspan=\"2\">19<\/td>\n<td colspan=\"2\">25<\/td>\n<td>26<\/td>\n<\/tr>\n<tr>\n<td>X<\/td>\n<td colspan=\"2\">Unghiul \u00eenclinare scaunului<\/td>\n<td colspan=\"2\">[\u00b0]<\/td>\n<td colspan=\"2\">10<\/td>\n<td colspan=\"2\">10<\/td>\n<td>10<\/td>\n<\/tr>\n<tr>\n<td>Z<\/td>\n<td colspan=\"2\">Unghiul sp\u0103tarului<\/td>\n<td colspan=\"2\">[\u00b0]<\/td>\n<td colspan=\"2\">90 \u2014 110<\/td>\n<td colspan=\"2\">90 \u2014 110<\/td>\n<td>90 \u2014 110<\/td>\n<\/tr>\n<tr>\n<td><\/td>\n<td colspan=\"2\">Greutatea maxima<\/td>\n<td colspan=\"2\">[kg]<\/td>\n<td colspan=\"2\">30<\/td>\n<td colspan=\"2\">45<\/td>\n<td>75<\/td>\n<\/tr>\n<\/tbody>\n<\/table>\n<\/div>\n<p>ATEN\u021aIE: toleran\u021ba dimensiunilor indicate \u00een tabel este +\/- 1 cm.<\/p>\n","protected":false},"excerpt":{"rendered":"<p>Scaunul reabilitare ELEPHANE \u2122 este destinat reabilit\u0103rii ini\u021biale a copiilor  [&#8230;]<\/p>\n","protected":false},"featured_media":6877,"template":"","meta":[],"pwb-brand":[272],"product_brand":[],"product_cat":[891,892],"product_tag":[],"class_list":{"0":"post-14537","1":"product","2":"type-product","3":"status-publish","4":"has-post-thumbnail","6":"pwb-brand-akces-med","7":"product_cat-dispozitive-de-mers-si-verticalizare-2","8":"product_cat-verticalizatoare-dispozitive-de-mers-si-verticalizare-2","10":"first","11":"instock","12":"shipping-taxable","13":"purchasable","14":"product-type-simple"},"yoast_head":"<!-- This site is optimized with the Yoast SEO Premium plugin v18.3 (Yoast SEO v27.4) - https:\/\/yoast.com\/product\/yoast-seo-premium-wordpress\/ -->\n<title>Scaun reabilitare Elefant - HUB Ortopedie<\/title>\n<meta name=\"robots\" content=\"index, follow, max-snippet:-1, max-image-preview:large, max-video-preview:-1\" \/>\n<link rel=\"canonical\" href=\"https:\/\/hub.ortopedie.md\/en\/shop\/scaun-reabilitare-elefant\/\" \/>\n<meta property=\"og:locale\" content=\"en_US\" \/>\n<meta property=\"og:type\" content=\"article\" \/>\n<meta property=\"og:title\" content=\"Scaun reabilitare Elefant\" \/>\n<meta property=\"og:description\" content=\"Scaunul reabilitare ELEPHANE \u2122 este destinat reabilit\u0103rii ini\u021biale a copiilor [...]\" \/>\n<meta property=\"og:url\" content=\"https:\/\/hub.ortopedie.md\/en\/shop\/scaun-reabilitare-elefant\/\" \/>\n<meta property=\"og:site_name\" content=\"Hub Ortopedie - Magazin ortopedic. \u041e\u0440\u0442\u043e\u043f\u0435\u0434\u0438\u0447\u0435\u0441\u043a\u0438\u0439 \u043c\u0430\u0433\u0430\u0437\u0438\u043d\" \/>\n<meta property=\"article:publisher\" content=\"https:\/\/www.facebook.com\/ORTOPEDIE.MD\/\" \/>\n<meta property=\"og:image\" content=\"https:\/\/hub.ortopedie.md\/wp-content\/uploads\/2020\/04\/Jumbo_size_3-380x473-1.jpg\" \/>\n\t<meta property=\"og:image:width\" content=\"600\" \/>\n\t<meta property=\"og:image:height\" content=\"600\" \/>\n\t<meta property=\"og:image:type\" content=\"image\/jpeg\" \/>\n<meta name=\"twitter:label1\" content=\"Price\" \/>\n\t<meta name=\"twitter:data1\" content=\"22,000.00&nbsp;MDL\" \/>\n\t<meta name=\"twitter:label2\" content=\"Availability\" \/>\n\t<meta name=\"twitter:data2\" content=\"In stock\" \/>\n<script type=\"application\/ld+json\" class=\"yoast-schema-graph\">{\"@context\":\"https:\\\/\\\/schema.org\",\"@graph\":[{\"@type\":\"WebPage\",\"@id\":\"https:\\\/\\\/hub.ortopedie.md\\\/en\\\/shop\\\/scaun-reabilitare-elefant\\\/\",\"url\":\"https:\\\/\\\/hub.ortopedie.md\\\/en\\\/shop\\\/scaun-reabilitare-elefant\\\/\",\"name\":\"Scaun reabilitare Elefant - HUB Ortopedie\",\"isPartOf\":{\"@id\":\"https:\\\/\\\/hub.ortopedie.md\\\/#website\"},\"primaryImageOfPage\":{\"@id\":\"https:\\\/\\\/hub.ortopedie.md\\\/en\\\/shop\\\/scaun-reabilitare-elefant\\\/#primaryimage\"},\"image\":{\"@id\":\"https:\\\/\\\/hub.ortopedie.md\\\/en\\\/shop\\\/scaun-reabilitare-elefant\\\/#primaryimage\"},\"thumbnailUrl\":\"https:\\\/\\\/hub.ortopedie.md\\\/wp-content\\\/uploads\\\/2020\\\/04\\\/Jumbo_size_3-380x473-1.jpg\",\"datePublished\":\"2026-03-12T15:28:45+00:00\",\"breadcrumb\":{\"@id\":\"https:\\\/\\\/hub.ortopedie.md\\\/en\\\/shop\\\/scaun-reabilitare-elefant\\\/#breadcrumb\"},\"inLanguage\":\"en-US\",\"potentialAction\":[{\"@type\":\"ReadAction\",\"target\":[\"https:\\\/\\\/hub.ortopedie.md\\\/en\\\/shop\\\/scaun-reabilitare-elefant\\\/\"]}]},{\"@type\":\"ImageObject\",\"inLanguage\":\"en-US\",\"@id\":\"https:\\\/\\\/hub.ortopedie.md\\\/en\\\/shop\\\/scaun-reabilitare-elefant\\\/#primaryimage\",\"url\":\"https:\\\/\\\/hub.ortopedie.md\\\/wp-content\\\/uploads\\\/2020\\\/04\\\/Jumbo_size_3-380x473-1.jpg\",\"contentUrl\":\"https:\\\/\\\/hub.ortopedie.md\\\/wp-content\\\/uploads\\\/2020\\\/04\\\/Jumbo_size_3-380x473-1.jpg\",\"width\":600,\"height\":600},{\"@type\":\"BreadcrumbList\",\"@id\":\"https:\\\/\\\/hub.ortopedie.md\\\/en\\\/shop\\\/scaun-reabilitare-elefant\\\/#breadcrumb\",\"itemListElement\":[{\"@type\":\"ListItem\",\"position\":1,\"name\":\"Prima pagin\u0103\",\"item\":\"https:\\\/\\\/hub.ortopedie.md\\\/en\\\/\"},{\"@type\":\"ListItem\",\"position\":2,\"name\":\"Produse\",\"item\":\"https:\\\/\\\/hub.ortopedie.md\\\/shop\\\/\"},{\"@type\":\"ListItem\",\"position\":3,\"name\":\"Scaun reabilitare Elefant\"}]},{\"@type\":\"WebSite\",\"@id\":\"https:\\\/\\\/hub.ortopedie.md\\\/#website\",\"url\":\"https:\\\/\\\/hub.ortopedie.md\\\/\",\"name\":\"Hub Ortopedie - Magazin ortopedic. \u041e\u0440\u0442\u043e\u043f\u0435\u0434\u0438\u0447\u0435\u0441\u043a\u0438\u0439 \u043c\u0430\u0433\u0430\u0437\u0438\u043d\",\"description\":\"S\u0103n\u0103tate, confort, calitate\",\"publisher\":{\"@id\":\"https:\\\/\\\/hub.ortopedie.md\\\/#organization\"},\"potentialAction\":[{\"@type\":\"SearchAction\",\"target\":{\"@type\":\"EntryPoint\",\"urlTemplate\":\"https:\\\/\\\/hub.ortopedie.md\\\/?s={search_term_string}\"},\"query-input\":{\"@type\":\"PropertyValueSpecification\",\"valueRequired\":true,\"valueName\":\"search_term_string\"}}],\"inLanguage\":\"en-US\"},{\"@type\":\"Organization\",\"@id\":\"https:\\\/\\\/hub.ortopedie.md\\\/#organization\",\"name\":\"HUB ORTOPEDIE\",\"url\":\"https:\\\/\\\/hub.ortopedie.md\\\/\",\"logo\":{\"@type\":\"ImageObject\",\"inLanguage\":\"en-US\",\"@id\":\"https:\\\/\\\/hub.ortopedie.md\\\/#\\\/schema\\\/logo\\\/image\\\/\",\"url\":\"https:\\\/\\\/hub.ortopedie.md\\\/wp-content\\\/uploads\\\/2018\\\/01\\\/hub-logo.png\",\"contentUrl\":\"https:\\\/\\\/hub.ortopedie.md\\\/wp-content\\\/uploads\\\/2018\\\/01\\\/hub-logo.png\",\"width\":124,\"height\":90,\"caption\":\"HUB ORTOPEDIE\"},\"image\":{\"@id\":\"https:\\\/\\\/hub.ortopedie.md\\\/#\\\/schema\\\/logo\\\/image\\\/\"},\"sameAs\":[\"https:\\\/\\\/www.facebook.com\\\/ORTOPEDIE.MD\\\/\",\"https:\\\/\\\/www.instagram.com\\\/hub_ortopedie\\\/\"]}]}<\/script>\n<meta property=\"product:price:amount\" content=\"22000.00\" \/>\n<meta property=\"product:price:currency\" content=\"MDL\" \/>\n<meta property=\"og:availability\" content=\"instock\" \/>\n<meta property=\"product:availability\" content=\"instock\" \/>\n<meta property=\"product:condition\" content=\"new\" \/>\n<!-- \/ Yoast SEO Premium plugin. -->","yoast_head_json":{"title":"Scaun reabilitare Elefant - HUB Ortopedie","robots":{"index":"index","follow":"follow","max-snippet":"max-snippet:-1","max-image-preview":"max-image-preview:large","max-video-preview":"max-video-preview:-1"},"canonical":"https:\/\/hub.ortopedie.md\/en\/shop\/scaun-reabilitare-elefant\/","og_locale":"en_US","og_type":"article","og_title":"Scaun reabilitare Elefant","og_description":"Scaunul reabilitare ELEPHANE \u2122 este destinat reabilit\u0103rii ini\u021biale a copiilor [...]","og_url":"https:\/\/hub.ortopedie.md\/en\/shop\/scaun-reabilitare-elefant\/","og_site_name":"Hub Ortopedie - Magazin ortopedic. \u041e\u0440\u0442\u043e\u043f\u0435\u0434\u0438\u0447\u0435\u0441\u043a\u0438\u0439 \u043c\u0430\u0433\u0430\u0437\u0438\u043d","article_publisher":"https:\/\/www.facebook.com\/ORTOPEDIE.MD\/","og_image":[{"width":600,"height":600,"url":"https:\/\/hub.ortopedie.md\/wp-content\/uploads\/2020\/04\/Jumbo_size_3-380x473-1.jpg","type":"image\/jpeg"}],"twitter_misc":{"Price":"22,000.00&nbsp;MDL","Availability":"In stock"},"schema":{"@context":"https:\/\/schema.org","@graph":[{"@type":"WebPage","@id":"https:\/\/hub.ortopedie.md\/en\/shop\/scaun-reabilitare-elefant\/","url":"https:\/\/hub.ortopedie.md\/en\/shop\/scaun-reabilitare-elefant\/","name":"Scaun reabilitare Elefant - HUB Ortopedie","isPartOf":{"@id":"https:\/\/hub.ortopedie.md\/#website"},"primaryImageOfPage":{"@id":"https:\/\/hub.ortopedie.md\/en\/shop\/scaun-reabilitare-elefant\/#primaryimage"},"image":{"@id":"https:\/\/hub.ortopedie.md\/en\/shop\/scaun-reabilitare-elefant\/#primaryimage"},"thumbnailUrl":"https:\/\/hub.ortopedie.md\/wp-content\/uploads\/2020\/04\/Jumbo_size_3-380x473-1.jpg","datePublished":"2026-03-12T15:28:45+00:00","breadcrumb":{"@id":"https:\/\/hub.ortopedie.md\/en\/shop\/scaun-reabilitare-elefant\/#breadcrumb"},"inLanguage":"en-US","potentialAction":[{"@type":"ReadAction","target":["https:\/\/hub.ortopedie.md\/en\/shop\/scaun-reabilitare-elefant\/"]}]},{"@type":"ImageObject","inLanguage":"en-US","@id":"https:\/\/hub.ortopedie.md\/en\/shop\/scaun-reabilitare-elefant\/#primaryimage","url":"https:\/\/hub.ortopedie.md\/wp-content\/uploads\/2020\/04\/Jumbo_size_3-380x473-1.jpg","contentUrl":"https:\/\/hub.ortopedie.md\/wp-content\/uploads\/2020\/04\/Jumbo_size_3-380x473-1.jpg","width":600,"height":600},{"@type":"BreadcrumbList","@id":"https:\/\/hub.ortopedie.md\/en\/shop\/scaun-reabilitare-elefant\/#breadcrumb","itemListElement":[{"@type":"ListItem","position":1,"name":"Prima pagin\u0103","item":"https:\/\/hub.ortopedie.md\/en\/"},{"@type":"ListItem","position":2,"name":"Produse","item":"https:\/\/hub.ortopedie.md\/shop\/"},{"@type":"ListItem","position":3,"name":"Scaun reabilitare Elefant"}]},{"@type":"WebSite","@id":"https:\/\/hub.ortopedie.md\/#website","url":"https:\/\/hub.ortopedie.md\/","name":"Hub Ortopedie - Magazin ortopedic. \u041e\u0440\u0442\u043e\u043f\u0435\u0434\u0438\u0447\u0435\u0441\u043a\u0438\u0439 \u043c\u0430\u0433\u0430\u0437\u0438\u043d","description":"S\u0103n\u0103tate, confort, calitate","publisher":{"@id":"https:\/\/hub.ortopedie.md\/#organization"},"potentialAction":[{"@type":"SearchAction","target":{"@type":"EntryPoint","urlTemplate":"https:\/\/hub.ortopedie.md\/?s={search_term_string}"},"query-input":{"@type":"PropertyValueSpecification","valueRequired":true,"valueName":"search_term_string"}}],"inLanguage":"en-US"},{"@type":"Organization","@id":"https:\/\/hub.ortopedie.md\/#organization","name":"HUB ORTOPEDIE","url":"https:\/\/hub.ortopedie.md\/","logo":{"@type":"ImageObject","inLanguage":"en-US","@id":"https:\/\/hub.ortopedie.md\/#\/schema\/logo\/image\/","url":"https:\/\/hub.ortopedie.md\/wp-content\/uploads\/2018\/01\/hub-logo.png","contentUrl":"https:\/\/hub.ortopedie.md\/wp-content\/uploads\/2018\/01\/hub-logo.png","width":124,"height":90,"caption":"HUB ORTOPEDIE"},"image":{"@id":"https:\/\/hub.ortopedie.md\/#\/schema\/logo\/image\/"},"sameAs":["https:\/\/www.facebook.com\/ORTOPEDIE.MD\/","https:\/\/www.instagram.com\/hub_ortopedie\/"]}]},"product_price_amount":"22000.00","product_price_currency":"MDL","og_availability":"instock","product_availability":"instock","product_condition":"new"},"jetpack_sharing_enabled":true,"brands":[{"id":272,"name":"Akces Med","slug":"akces-med"}],"_links":{"self":[{"href":"https:\/\/hub.ortopedie.md\/en\/wp-json\/wp\/v2\/product\/14537","targetHints":{"allow":["GET"]}}],"collection":[{"href":"https:\/\/hub.ortopedie.md\/en\/wp-json\/wp\/v2\/product"}],"about":[{"href":"https:\/\/hub.ortopedie.md\/en\/wp-json\/wp\/v2\/types\/product"}],"wp:featuredmedia":[{"embeddable":true,"href":"https:\/\/hub.ortopedie.md\/en\/wp-json\/wp\/v2\/media\/6877"}],"wp:attachment":[{"href":"https:\/\/hub.ortopedie.md\/en\/wp-json\/wp\/v2\/media?parent=14537"}],"wp:term":[{"taxonomy":"pwb-brand","embeddable":true,"href":"https:\/\/hub.ortopedie.md\/en\/wp-json\/wp\/v2\/pwb-brand?post=14537"},{"taxonomy":"product_brand","embeddable":true,"href":"https:\/\/hub.ortopedie.md\/en\/wp-json\/wp\/v2\/product_brand?post=14537"},{"taxonomy":"product_cat","embeddable":true,"href":"https:\/\/hub.ortopedie.md\/en\/wp-json\/wp\/v2\/product_cat?post=14537"},{"taxonomy":"product_tag","embeddable":true,"href":"https:\/\/hub.ortopedie.md\/en\/wp-json\/wp\/v2\/product_tag?post=14537"}],"curies":[{"name":"wp","href":"https:\/\/api.w.org\/{rel}","templated":true}]}}