{"id":14541,"date":"2026-03-12T17:28:46","date_gmt":"2026-03-12T15:28:46","guid":{"rendered":"https:\/\/hub.ortopedie.md\/shop\/verticalizator-cat-ii-invento\/"},"modified":"2026-03-12T17:28:46","modified_gmt":"2026-03-12T15:28:46","slug":"verticalizator-cat-ii-invento","status":"publish","type":"product","link":"https:\/\/hub.ortopedie.md\/en\/shop\/verticalizator-cat-ii-invento\/","title":{"rendered":"Verticalizator CAT II INVENTO"},"content":{"rendered":"<p>Verticalizatorul PISICA II INVENTO \u2122 ajut\u0103 copila\u0219ul s\u0103 stea vertical cu sprijin din spate sau din fa\u021b\u0103. Datorit\u0103 suportului copilului are impactul necesar dezvolt\u0103rii armonioase fiind posibil\u0103 trecerea dintr-o pozi\u021bie orizontal\u0103 \u00een pozi\u021bie vertical\u0103. Sistemul pneumatic manevrare realizeaz\u0103 aceste treceri cu copilul in dispozitiv,\u00a0 permi\u021b\u00e2nd s\u0103 m\u00e2nca\u021bi, s\u0103 v\u0103 juca\u021bi sau s\u0103 studia\u021bi \u00een timp ce st\u0103 \u00een picioare. Totul este realizat din materiale ecologice care sunt sigure for copila\u0219, iar colorarea este complet realizat\u0103 manual.<\/p>\n<h2>INDICATII<\/h2>\n<p>Recomandat copiilor cu un diagnostic de:<\/p>\n<ul>\n<li>Paralizie cerebral\u0103.<\/li>\n<li>Spina bifida.<\/li>\n<li>Deteriorarea creierului \u0219i m\u0103duvei spin\u0103rii &#8211; diverse etiologii.<\/li>\n<li>Bolile musculare.<\/li>\n<li>Sindroame genetice \u00eenso\u021bite pareza membrelor.<\/li>\n<li>Dup\u0103 o leziune cranio-cerebral\u0103, leziune la nivelul coloanei vertebrale, m\u0103duvei spin\u0103rii \u0219i picioare.<\/li>\n<\/ul>\n<p><img decoding=\"async\" class=\"alignnone wp-image-6851 size-fusion-600\" src=\"https:\/\/hub.ortopedie.md\/wp-content\/uploads\/2020\/04\/piktogramy_w930_KOTEK2-600x279.jpg\" alt=\"\" width=\"600\" height=\"279\" srcset=\"https:\/\/hub.ortopedie.md\/wp-content\/uploads\/2020\/04\/piktogramy_w930_KOTEK2-200x93.jpg 200w, https:\/\/hub.ortopedie.md\/wp-content\/uploads\/2020\/04\/piktogramy_w930_KOTEK2-300x139.jpg 300w, https:\/\/hub.ortopedie.md\/wp-content\/uploads\/2020\/04\/piktogramy_w930_KOTEK2-400x186.jpg 400w, https:\/\/hub.ortopedie.md\/wp-content\/uploads\/2020\/04\/piktogramy_w930_KOTEK2-500x232.jpg 500w, https:\/\/hub.ortopedie.md\/wp-content\/uploads\/2020\/04\/piktogramy_w930_KOTEK2-600x279.jpg 600w, https:\/\/hub.ortopedie.md\/wp-content\/uploads\/2020\/04\/piktogramy_w930_KOTEK2-700x325.jpg 700w, https:\/\/hub.ortopedie.md\/wp-content\/uploads\/2020\/04\/piktogramy_w930_KOTEK2-768x357.jpg 768w, https:\/\/hub.ortopedie.md\/wp-content\/uploads\/2020\/04\/piktogramy_w930_KOTEK2-800x372.jpg 800w, https:\/\/hub.ortopedie.md\/wp-content\/uploads\/2020\/04\/piktogramy_w930_KOTEK2.jpg 930w\" sizes=\"(max-width: 600px) 100vw, 600px\" \/><\/p>\n<div class=\"spacer\">\n<table width=\"940\">\n<tbody>\n<tr>\n<td rowspan=\"2\">Simbol<\/td>\n<td rowspan=\"2\">Masura<\/td>\n<td rowspan=\"2\">Un.<\/td>\n<td colspan=\"2\"><strong>Dim. 1<\/strong><\/td>\n<td colspan=\"2\"><strong>Dim. 2<\/strong><\/td>\n<\/tr>\n<tr>\n<td><strong>In fata<\/strong><\/td>\n<td><strong>In spate<\/strong><\/td>\n<td><strong>In fata<\/strong><\/td>\n<td><strong>In spate<\/strong><\/td>\n<\/tr>\n<tr>\n<td><strong>W<\/strong><\/td>\n<td>\u00cen\u0103l\u021bimea aproximativ\u0103 a pacientului *<\/td>\n<td><strong>[cm]<\/strong><\/td>\n<td colspan=\"2\"><strong>70 \u2014 100<\/strong><\/td>\n<td colspan=\"2\"><strong>80 \u2014 130<\/strong><\/td>\n<\/tr>\n<tr>\n<td><strong>A\/A<sub>1<\/sub><\/strong><\/td>\n<td>L\u0103\u021bimea dintre coaps\u0103 \/ torace pelota<\/td>\n<td><strong>[cm]<\/strong><\/td>\n<td colspan=\"2\"><strong>13 \u2014 27<\/strong><\/td>\n<td colspan=\"2\"><strong>18 \u2014 31<\/strong><\/td>\n<\/tr>\n<tr>\n<td><strong>C<\/strong><\/td>\n<td>Reglarea \u00een\u0103l\u021bimii pelotei femurale<\/td>\n<td><strong>[cm]<\/strong><\/td>\n<td><strong>30 \u2014 59<\/strong><\/td>\n<td><strong>34 \u2014 59<\/strong><\/td>\n<td><strong>27 \u2014 78<\/strong><\/td>\n<td><strong>40 \u2014 78<\/strong><\/td>\n<\/tr>\n<tr>\n<td><strong>C<sub>1<\/sub><\/strong><\/td>\n<td>Reglarea \u00een\u0103l\u021bimii toracului<\/td>\n<td><strong>[cm]<\/strong><\/td>\n<td><strong>46 \u2014 75<\/strong><\/td>\n<td><strong>50 \u2014 75<\/strong><\/td>\n<td><strong>50 \u2014 97<\/strong><\/td>\n<td><strong>65 \u2014 97<\/strong><\/td>\n<\/tr>\n<tr>\n<td>B\/B<sub>1<\/sub><\/td>\n<td>Ad\u00e2ncimea coapsei \/ pieptului<\/td>\n<td>[cm]<\/td>\n<td colspan=\"2\">14<\/td>\n<td colspan=\"2\">14<\/td>\n<\/tr>\n<tr>\n<td>D<\/td>\n<td>\u00cen\u0103l\u021bimea tetierei<\/td>\n<td>[cm]<\/td>\n<td>72 \u2014 106<\/td>\n<td>\u2013<\/td>\n<td>80 \u2014 135<\/td>\n<td>\u2013<\/td>\n<\/tr>\n<tr>\n<td>G<\/td>\n<td>Distan\u021ba dintre genunchi<\/td>\n<td>[cm]<\/td>\n<td>14 \u2014 23<\/td>\n<td>14 \u2014 23<\/td>\n<td>14 \u2014 23<\/td>\n<td>14 \u2014 23<\/td>\n<\/tr>\n<tr>\n<td>H<\/td>\n<td>\u00cen\u0103l\u021bimea genunchiului<\/td>\n<td>[cm]<\/td>\n<td>15 \u2014 31<\/td>\n<td>15 \u2014 54<\/td>\n<td>15 \u2014 54<\/td>\n<td>15 \u2014 54<\/td>\n<\/tr>\n<tr>\n<td><\/td>\n<td>Unghi \u00eenclinare verticalizator<\/td>\n<td>[\u00b0]<\/td>\n<td colspan=\"2\">0 \u2014 90<\/td>\n<td colspan=\"2\">0 \u2014 90<\/td>\n<\/tr>\n<tr>\n<td><\/td>\n<td>Greutatea maxim\u0103 a pacientului<\/td>\n<td>[kg]<\/td>\n<td colspan=\"2\">35<\/td>\n<td colspan=\"2\">45<\/td>\n<\/tr>\n<\/tbody>\n<\/table>\n<\/div>\n<p>ATEN\u021aIE: toleran\u021ba m\u0103rimii indicate \u00een tabel este +\/- 1 cm.<\/p>\n<p>&nbsp;<\/p>\n","protected":false},"excerpt":{"rendered":"<p>Verticalizatorul PISICA II INVENTO \u2122 ajut\u0103 copila\u0219ul s\u0103 stea vertical  [&#8230;]<\/p>\n","protected":false},"featured_media":6845,"template":"","meta":[],"pwb-brand":[272],"product_brand":[],"product_cat":[891,892],"product_tag":[],"class_list":{"0":"post-14541","1":"product","2":"type-product","3":"status-publish","4":"has-post-thumbnail","6":"pwb-brand-akces-med","7":"product_cat-dispozitive-de-mers-si-verticalizare-2","8":"product_cat-verticalizatoare-dispozitive-de-mers-si-verticalizare-2","10":"first","11":"instock","12":"shipping-taxable","13":"purchasable","14":"product-type-simple"},"yoast_head":"<!-- This site is optimized with the Yoast SEO Premium plugin v18.3 (Yoast SEO v27.5) - https:\/\/yoast.com\/product\/yoast-seo-premium-wordpress\/ -->\n<title>Verticalizator CAT II INVENTO - HUB Ortopedie<\/title>\n<meta name=\"robots\" content=\"index, follow, max-snippet:-1, max-image-preview:large, max-video-preview:-1\" \/>\n<link rel=\"canonical\" href=\"https:\/\/hub.ortopedie.md\/en\/shop\/verticalizator-cat-ii-invento\/\" \/>\n<meta property=\"og:locale\" content=\"en_US\" \/>\n<meta property=\"og:type\" content=\"article\" \/>\n<meta property=\"og:title\" content=\"Verticalizator CAT II INVENTO\" \/>\n<meta property=\"og:description\" content=\"Verticalizatorul PISICA II INVENTO \u2122 ajut\u0103 copila\u0219ul s\u0103 stea vertical [...]\" \/>\n<meta property=\"og:url\" content=\"https:\/\/hub.ortopedie.md\/en\/shop\/verticalizator-cat-ii-invento\/\" \/>\n<meta property=\"og:site_name\" content=\"Hub Ortopedie - Magazin ortopedic. \u041e\u0440\u0442\u043e\u043f\u0435\u0434\u0438\u0447\u0435\u0441\u043a\u0438\u0439 \u043c\u0430\u0433\u0430\u0437\u0438\u043d\" \/>\n<meta property=\"article:publisher\" content=\"https:\/\/www.facebook.com\/ORTOPEDIE.MD\/\" \/>\n<meta property=\"og:image\" content=\"https:\/\/hub.ortopedie.md\/wp-content\/uploads\/2020\/04\/Bez-imeni-1-1.jpg\" \/>\n\t<meta property=\"og:image:width\" content=\"600\" \/>\n\t<meta property=\"og:image:height\" content=\"600\" \/>\n\t<meta property=\"og:image:type\" content=\"image\/jpeg\" \/>\n<meta name=\"twitter:label1\" content=\"Price\" \/>\n\t<meta name=\"twitter:data1\" content=\"50,000.00&nbsp;MDL\" \/>\n\t<meta name=\"twitter:label2\" content=\"Availability\" \/>\n\t<meta name=\"twitter:data2\" content=\"In stock\" \/>\n<script type=\"application\/ld+json\" class=\"yoast-schema-graph\">{\"@context\":\"https:\\\/\\\/schema.org\",\"@graph\":[{\"@type\":\"WebPage\",\"@id\":\"https:\\\/\\\/hub.ortopedie.md\\\/en\\\/shop\\\/verticalizator-cat-ii-invento\\\/\",\"url\":\"https:\\\/\\\/hub.ortopedie.md\\\/en\\\/shop\\\/verticalizator-cat-ii-invento\\\/\",\"name\":\"Verticalizator CAT II INVENTO - HUB Ortopedie\",\"isPartOf\":{\"@id\":\"https:\\\/\\\/hub.ortopedie.md\\\/#website\"},\"primaryImageOfPage\":{\"@id\":\"https:\\\/\\\/hub.ortopedie.md\\\/en\\\/shop\\\/verticalizator-cat-ii-invento\\\/#primaryimage\"},\"image\":{\"@id\":\"https:\\\/\\\/hub.ortopedie.md\\\/en\\\/shop\\\/verticalizator-cat-ii-invento\\\/#primaryimage\"},\"thumbnailUrl\":\"https:\\\/\\\/hub.ortopedie.md\\\/wp-content\\\/uploads\\\/2020\\\/04\\\/Bez-imeni-1-1.jpg\",\"datePublished\":\"2026-03-12T15:28:46+00:00\",\"breadcrumb\":{\"@id\":\"https:\\\/\\\/hub.ortopedie.md\\\/en\\\/shop\\\/verticalizator-cat-ii-invento\\\/#breadcrumb\"},\"inLanguage\":\"en-US\",\"potentialAction\":[{\"@type\":\"ReadAction\",\"target\":[\"https:\\\/\\\/hub.ortopedie.md\\\/en\\\/shop\\\/verticalizator-cat-ii-invento\\\/\"]}]},{\"@type\":\"ImageObject\",\"inLanguage\":\"en-US\",\"@id\":\"https:\\\/\\\/hub.ortopedie.md\\\/en\\\/shop\\\/verticalizator-cat-ii-invento\\\/#primaryimage\",\"url\":\"https:\\\/\\\/hub.ortopedie.md\\\/wp-content\\\/uploads\\\/2020\\\/04\\\/Bez-imeni-1-1.jpg\",\"contentUrl\":\"https:\\\/\\\/hub.ortopedie.md\\\/wp-content\\\/uploads\\\/2020\\\/04\\\/Bez-imeni-1-1.jpg\",\"width\":600,\"height\":600},{\"@type\":\"BreadcrumbList\",\"@id\":\"https:\\\/\\\/hub.ortopedie.md\\\/en\\\/shop\\\/verticalizator-cat-ii-invento\\\/#breadcrumb\",\"itemListElement\":[{\"@type\":\"ListItem\",\"position\":1,\"name\":\"Prima pagin\u0103\",\"item\":\"https:\\\/\\\/hub.ortopedie.md\\\/en\\\/\"},{\"@type\":\"ListItem\",\"position\":2,\"name\":\"Produse\",\"item\":\"https:\\\/\\\/hub.ortopedie.md\\\/shop\\\/\"},{\"@type\":\"ListItem\",\"position\":3,\"name\":\"Verticalizator CAT II INVENTO\"}]},{\"@type\":\"WebSite\",\"@id\":\"https:\\\/\\\/hub.ortopedie.md\\\/#website\",\"url\":\"https:\\\/\\\/hub.ortopedie.md\\\/\",\"name\":\"Hub Ortopedie - Magazin ortopedic. \u041e\u0440\u0442\u043e\u043f\u0435\u0434\u0438\u0447\u0435\u0441\u043a\u0438\u0439 \u043c\u0430\u0433\u0430\u0437\u0438\u043d\",\"description\":\"S\u0103n\u0103tate, confort, calitate\",\"publisher\":{\"@id\":\"https:\\\/\\\/hub.ortopedie.md\\\/#organization\"},\"potentialAction\":[{\"@type\":\"SearchAction\",\"target\":{\"@type\":\"EntryPoint\",\"urlTemplate\":\"https:\\\/\\\/hub.ortopedie.md\\\/?s={search_term_string}\"},\"query-input\":{\"@type\":\"PropertyValueSpecification\",\"valueRequired\":true,\"valueName\":\"search_term_string\"}}],\"inLanguage\":\"en-US\"},{\"@type\":\"Organization\",\"@id\":\"https:\\\/\\\/hub.ortopedie.md\\\/#organization\",\"name\":\"HUB ORTOPEDIE\",\"url\":\"https:\\\/\\\/hub.ortopedie.md\\\/\",\"logo\":{\"@type\":\"ImageObject\",\"inLanguage\":\"en-US\",\"@id\":\"https:\\\/\\\/hub.ortopedie.md\\\/#\\\/schema\\\/logo\\\/image\\\/\",\"url\":\"https:\\\/\\\/hub.ortopedie.md\\\/wp-content\\\/uploads\\\/2018\\\/01\\\/hub-logo.png\",\"contentUrl\":\"https:\\\/\\\/hub.ortopedie.md\\\/wp-content\\\/uploads\\\/2018\\\/01\\\/hub-logo.png\",\"width\":124,\"height\":90,\"caption\":\"HUB ORTOPEDIE\"},\"image\":{\"@id\":\"https:\\\/\\\/hub.ortopedie.md\\\/#\\\/schema\\\/logo\\\/image\\\/\"},\"sameAs\":[\"https:\\\/\\\/www.facebook.com\\\/ORTOPEDIE.MD\\\/\",\"https:\\\/\\\/www.instagram.com\\\/hub_ortopedie\\\/\"]}]}<\/script>\n<meta property=\"product:price:amount\" content=\"50000.00\" \/>\n<meta property=\"product:price:currency\" content=\"MDL\" \/>\n<meta property=\"og:availability\" content=\"instock\" \/>\n<meta property=\"product:availability\" content=\"instock\" \/>\n<meta property=\"product:condition\" content=\"new\" \/>\n<!-- \/ Yoast SEO Premium plugin. -->","yoast_head_json":{"title":"Verticalizator CAT II INVENTO - HUB Ortopedie","robots":{"index":"index","follow":"follow","max-snippet":"max-snippet:-1","max-image-preview":"max-image-preview:large","max-video-preview":"max-video-preview:-1"},"canonical":"https:\/\/hub.ortopedie.md\/en\/shop\/verticalizator-cat-ii-invento\/","og_locale":"en_US","og_type":"article","og_title":"Verticalizator CAT II INVENTO","og_description":"Verticalizatorul PISICA II INVENTO \u2122 ajut\u0103 copila\u0219ul s\u0103 stea vertical [...]","og_url":"https:\/\/hub.ortopedie.md\/en\/shop\/verticalizator-cat-ii-invento\/","og_site_name":"Hub Ortopedie - Magazin ortopedic. \u041e\u0440\u0442\u043e\u043f\u0435\u0434\u0438\u0447\u0435\u0441\u043a\u0438\u0439 \u043c\u0430\u0433\u0430\u0437\u0438\u043d","article_publisher":"https:\/\/www.facebook.com\/ORTOPEDIE.MD\/","og_image":[{"width":600,"height":600,"url":"https:\/\/hub.ortopedie.md\/wp-content\/uploads\/2020\/04\/Bez-imeni-1-1.jpg","type":"image\/jpeg"}],"twitter_misc":{"Price":"50,000.00&nbsp;MDL","Availability":"In stock"},"schema":{"@context":"https:\/\/schema.org","@graph":[{"@type":"WebPage","@id":"https:\/\/hub.ortopedie.md\/en\/shop\/verticalizator-cat-ii-invento\/","url":"https:\/\/hub.ortopedie.md\/en\/shop\/verticalizator-cat-ii-invento\/","name":"Verticalizator CAT II INVENTO - HUB Ortopedie","isPartOf":{"@id":"https:\/\/hub.ortopedie.md\/#website"},"primaryImageOfPage":{"@id":"https:\/\/hub.ortopedie.md\/en\/shop\/verticalizator-cat-ii-invento\/#primaryimage"},"image":{"@id":"https:\/\/hub.ortopedie.md\/en\/shop\/verticalizator-cat-ii-invento\/#primaryimage"},"thumbnailUrl":"https:\/\/hub.ortopedie.md\/wp-content\/uploads\/2020\/04\/Bez-imeni-1-1.jpg","datePublished":"2026-03-12T15:28:46+00:00","breadcrumb":{"@id":"https:\/\/hub.ortopedie.md\/en\/shop\/verticalizator-cat-ii-invento\/#breadcrumb"},"inLanguage":"en-US","potentialAction":[{"@type":"ReadAction","target":["https:\/\/hub.ortopedie.md\/en\/shop\/verticalizator-cat-ii-invento\/"]}]},{"@type":"ImageObject","inLanguage":"en-US","@id":"https:\/\/hub.ortopedie.md\/en\/shop\/verticalizator-cat-ii-invento\/#primaryimage","url":"https:\/\/hub.ortopedie.md\/wp-content\/uploads\/2020\/04\/Bez-imeni-1-1.jpg","contentUrl":"https:\/\/hub.ortopedie.md\/wp-content\/uploads\/2020\/04\/Bez-imeni-1-1.jpg","width":600,"height":600},{"@type":"BreadcrumbList","@id":"https:\/\/hub.ortopedie.md\/en\/shop\/verticalizator-cat-ii-invento\/#breadcrumb","itemListElement":[{"@type":"ListItem","position":1,"name":"Prima pagin\u0103","item":"https:\/\/hub.ortopedie.md\/en\/"},{"@type":"ListItem","position":2,"name":"Produse","item":"https:\/\/hub.ortopedie.md\/shop\/"},{"@type":"ListItem","position":3,"name":"Verticalizator CAT II INVENTO"}]},{"@type":"WebSite","@id":"https:\/\/hub.ortopedie.md\/#website","url":"https:\/\/hub.ortopedie.md\/","name":"Hub Ortopedie - Magazin ortopedic. \u041e\u0440\u0442\u043e\u043f\u0435\u0434\u0438\u0447\u0435\u0441\u043a\u0438\u0439 \u043c\u0430\u0433\u0430\u0437\u0438\u043d","description":"S\u0103n\u0103tate, confort, calitate","publisher":{"@id":"https:\/\/hub.ortopedie.md\/#organization"},"potentialAction":[{"@type":"SearchAction","target":{"@type":"EntryPoint","urlTemplate":"https:\/\/hub.ortopedie.md\/?s={search_term_string}"},"query-input":{"@type":"PropertyValueSpecification","valueRequired":true,"valueName":"search_term_string"}}],"inLanguage":"en-US"},{"@type":"Organization","@id":"https:\/\/hub.ortopedie.md\/#organization","name":"HUB ORTOPEDIE","url":"https:\/\/hub.ortopedie.md\/","logo":{"@type":"ImageObject","inLanguage":"en-US","@id":"https:\/\/hub.ortopedie.md\/#\/schema\/logo\/image\/","url":"https:\/\/hub.ortopedie.md\/wp-content\/uploads\/2018\/01\/hub-logo.png","contentUrl":"https:\/\/hub.ortopedie.md\/wp-content\/uploads\/2018\/01\/hub-logo.png","width":124,"height":90,"caption":"HUB ORTOPEDIE"},"image":{"@id":"https:\/\/hub.ortopedie.md\/#\/schema\/logo\/image\/"},"sameAs":["https:\/\/www.facebook.com\/ORTOPEDIE.MD\/","https:\/\/www.instagram.com\/hub_ortopedie\/"]}]},"product_price_amount":"50000.00","product_price_currency":"MDL","og_availability":"instock","product_availability":"instock","product_condition":"new"},"jetpack_sharing_enabled":true,"brands":[{"id":272,"name":"Akces Med","slug":"akces-med"}],"_links":{"self":[{"href":"https:\/\/hub.ortopedie.md\/en\/wp-json\/wp\/v2\/product\/14541","targetHints":{"allow":["GET"]}}],"collection":[{"href":"https:\/\/hub.ortopedie.md\/en\/wp-json\/wp\/v2\/product"}],"about":[{"href":"https:\/\/hub.ortopedie.md\/en\/wp-json\/wp\/v2\/types\/product"}],"wp:featuredmedia":[{"embeddable":true,"href":"https:\/\/hub.ortopedie.md\/en\/wp-json\/wp\/v2\/media\/6845"}],"wp:attachment":[{"href":"https:\/\/hub.ortopedie.md\/en\/wp-json\/wp\/v2\/media?parent=14541"}],"wp:term":[{"taxonomy":"pwb-brand","embeddable":true,"href":"https:\/\/hub.ortopedie.md\/en\/wp-json\/wp\/v2\/pwb-brand?post=14541"},{"taxonomy":"product_brand","embeddable":true,"href":"https:\/\/hub.ortopedie.md\/en\/wp-json\/wp\/v2\/product_brand?post=14541"},{"taxonomy":"product_cat","embeddable":true,"href":"https:\/\/hub.ortopedie.md\/en\/wp-json\/wp\/v2\/product_cat?post=14541"},{"taxonomy":"product_tag","embeddable":true,"href":"https:\/\/hub.ortopedie.md\/en\/wp-json\/wp\/v2\/product_tag?post=14541"}],"curies":[{"name":"wp","href":"https:\/\/api.w.org\/{rel}","templated":true}]}}