{"id":14543,"date":"2026-03-12T17:28:47","date_gmt":"2026-03-12T15:28:47","guid":{"rendered":"https:\/\/hub.ortopedie.md\/shop\/scaun-for-scaldat-nono\/"},"modified":"2026-03-12T17:28:47","modified_gmt":"2026-03-12T15:28:47","slug":"scaun-for-scaldat-nono","status":"publish","type":"product","link":"https:\/\/hub.ortopedie.md\/en\/shop\/scaun-for-scaldat-nono\/","title":{"rendered":"Scaun for sc\u0103ldat NONO"},"content":{"rendered":"<p>Scaunul baie for children NONO \u2122 este conceput for igiena copiilor cu paralizie cerebral\u0103. \u00cen \u00eengrijirea copiilor cu paralizie cerebral\u0103, scaunul NONO \u2122 este foarte util. \u00cen el, copilul este sprijinit \u00een mod fiabil \u0219i corespunz\u0103tor \u00een timp ce face baie, reduc\u00e2nd astfel riscul r\u0103nire \u0219i facilit\u00e2nd \u00eengrijirea copilului.<\/p>\n<p>Scaunul este realizat din tuburi aluminiu cu acoperite cu pulbere. \u00cen interior sunt umplute \u0219i cu spum\u0103 poliuretanic\u0103 special\u0103, astfel \u00eenc\u00e2t s\u0103 nu intre ap\u0103 \u00een tuburi, ceea ce le asigur\u0103 rezisten\u021ba la ap\u0103. Dup\u0103 ce am scos scaunul baie din cad\u0103 sau du\u0219, apa nu se va rev\u0103rsa pe podea.<\/p>\n<p>Scaunul are sp\u0103tarul reglabil for a se adapta nevoilor copilului \u00een pozi\u021bie \u0219ezut sau culcat. Tapi\u021beria din plas\u0103 din poliamid\u0103 nu se teme ap\u0103, trece u\u0219or apa \u0219i se usuc\u0103 repede. Pozi\u021bia \u00eenclinat\u0103 este reglat\u0103 cu ajutorul centurilor din spate.<\/p>\n<p>Scaunul are centuri \u0219old for siguran\u021b\u0103.<\/p>\n<p>Datorit\u0103 designului s\u0103u simplu, produsul este foarte confortabil atunci c\u00e2nd face\u021bi baie, se potrive\u0219te cu u\u0219urin\u021b\u0103 \u00eentr-o baie obi\u0219nuit\u0103. \u00cen locuri contact cu suprafa\u021ba b\u0103ii, este instalat\u0103 o teac\u0103 spum\u0103 for a preveni alunecarea \u0219i deteriorarea b\u0103ii.<\/p>\n<p><strong>INDICATII<\/strong><\/p>\n<p>Scaunul baie for children NONO \u2122 este utilizat pentru:<\/p>\n<ul>\n<li>paralizie cerebral\u0103 (paralizie cerebral\u0103)<\/li>\n<li>paralizie<\/li>\n<li>v\u0103t\u0103marea sau amputa\u021bia membrelor<\/li>\n<li>deform\u0103ri ale membrelor<\/li>\n<li>degenerare sau deteriorarea articula\u021biilor membrelor<\/li>\n<\/ul>\n<p><img decoding=\"async\" class=\"alignnone wp-image-6946 size-fusion-600\" src=\"https:\/\/hub.ortopedie.md\/wp-content\/uploads\/2020\/05\/pomair2-600x349.png\" alt=\"\" width=\"600\" height=\"349\" srcset=\"https:\/\/hub.ortopedie.md\/wp-content\/uploads\/2020\/05\/pomair2-200x116.png 200w, https:\/\/hub.ortopedie.md\/wp-content\/uploads\/2020\/05\/pomair2-300x175.png 300w, https:\/\/hub.ortopedie.md\/wp-content\/uploads\/2020\/05\/pomair2-400x233.png 400w, https:\/\/hub.ortopedie.md\/wp-content\/uploads\/2020\/05\/pomair2-500x291.png 500w, https:\/\/hub.ortopedie.md\/wp-content\/uploads\/2020\/05\/pomair2-600x349.png 600w, https:\/\/hub.ortopedie.md\/wp-content\/uploads\/2020\/05\/pomair2-700x408.png 700w, https:\/\/hub.ortopedie.md\/wp-content\/uploads\/2020\/05\/pomair2-768x447.png 768w, https:\/\/hub.ortopedie.md\/wp-content\/uploads\/2020\/05\/pomair2-800x466.png 800w, https:\/\/hub.ortopedie.md\/wp-content\/uploads\/2020\/05\/pomair2.png 900w\" sizes=\"(max-width: 600px) 100vw, 600px\" \/><\/p>\n<div class=\"spacer\">\n<table>\n<tbody>\n<tr>\n<th>Simbol<\/th>\n<th>Masura<\/th>\n<th>Un.<\/th>\n<th>Mini<\/th>\n<th>Maxi<\/th>\n<\/tr>\n<tr>\n<td>A<\/td>\n<td>L\u0103\u021bimea scaunului<\/td>\n<td>[cm]<\/td>\n<td>37,5<\/td>\n<td>37,5<\/td>\n<\/tr>\n<tr>\n<td>B<\/td>\n<td>Ad\u00e2ncimea scaunului<\/td>\n<td>[cm]<\/td>\n<td>30<\/td>\n<td>30<\/td>\n<\/tr>\n<tr>\n<td>C<sub>1<\/sub><\/td>\n<td>\u00cen\u0103l\u021bimea spatelui<\/td>\n<td>[cm]<\/td>\n<td>45<\/td>\n<td>58<\/td>\n<\/tr>\n<tr>\n<td><\/td>\n<td>Max. greutatea utilizatorului<\/td>\n<td>[kg]<\/td>\n<td>60<\/td>\n<td>75<\/td>\n<\/tr>\n<tr>\n<td>\u00a0W<\/td>\n<td>cre\u0219tere indicativ\u0103 a pacientului *<\/td>\n<td>[cm]<\/td>\n<td>90<\/td>\n<td>110<\/td>\n<\/tr>\n<\/tbody>\n<\/table>\n<\/div>\n<div class=\"spacer\">ATEN\u021aIE: toleran\u021ba dimensiunilor indicate \u00een tabel este +\/- 1 cm.<\/div>\n","protected":false},"excerpt":{"rendered":"<p>Scaunul baie for children NONO \u2122 este conceput for igiena  [&#8230;]<\/p>\n","protected":false},"featured_media":6950,"template":"","meta":[],"pwb-brand":[272],"product_brand":[],"product_cat":[911],"product_tag":[],"class_list":{"0":"post-14543","1":"product","2":"type-product","3":"status-publish","4":"has-post-thumbnail","6":"pwb-brand-akces-med","7":"product_cat-home-care","9":"first","10":"instock","11":"shipping-taxable","12":"purchasable","13":"product-type-simple"},"yoast_head":"<!-- This site is optimized with the Yoast SEO Premium plugin v18.3 (Yoast SEO v27.5) - https:\/\/yoast.com\/product\/yoast-seo-premium-wordpress\/ -->\n<title>Scaun for sc\u0103ldat NONO - HUB Ortopedie<\/title>\n<meta name=\"description\" content=\"Scaun for sc\u0103ldat NONO - dispozitiv mare ajutor \u00een baie for children cu dizabilit\u0103\u021bi locomotorii\" \/>\n<meta name=\"robots\" content=\"index, follow, max-snippet:-1, max-image-preview:large, max-video-preview:-1\" \/>\n<link rel=\"canonical\" href=\"https:\/\/hub.ortopedie.md\/en\/shop\/scaun-for-scaldat-nono\/\" \/>\n<meta property=\"og:locale\" content=\"en_US\" \/>\n<meta property=\"og:type\" content=\"article\" \/>\n<meta property=\"og:title\" content=\"Scaun for sc\u0103ldat NONO\" \/>\n<meta property=\"og:description\" content=\"Scaun for sc\u0103ldat NONO - dispozitiv mare ajutor \u00een baie for children cu dizabilit\u0103\u021bi locomotorii\" \/>\n<meta property=\"og:url\" content=\"https:\/\/hub.ortopedie.md\/en\/shop\/scaun-for-scaldat-nono\/\" \/>\n<meta property=\"og:site_name\" content=\"Hub Ortopedie - Magazin ortopedic. \u041e\u0440\u0442\u043e\u043f\u0435\u0434\u0438\u0447\u0435\u0441\u043a\u0438\u0439 \u043c\u0430\u0433\u0430\u0437\u0438\u043d\" \/>\n<meta property=\"article:publisher\" content=\"https:\/\/www.facebook.com\/ORTOPEDIE.MD\/\" \/>\n<meta property=\"og:image\" content=\"https:\/\/hub.ortopedie.md\/wp-content\/uploads\/2020\/05\/nono-380x380-1.png\" \/>\n\t<meta property=\"og:image:width\" content=\"601\" \/>\n\t<meta property=\"og:image:height\" content=\"603\" \/>\n\t<meta property=\"og:image:type\" content=\"image\/png\" \/>\n<meta name=\"twitter:label1\" content=\"Price\" \/>\n\t<meta name=\"twitter:data1\" content=\"6,000.00&nbsp;MDL\" \/>\n\t<meta name=\"twitter:label2\" content=\"Availability\" \/>\n\t<meta name=\"twitter:data2\" content=\"In stock\" \/>\n<script type=\"application\/ld+json\" class=\"yoast-schema-graph\">{\"@context\":\"https:\\\/\\\/schema.org\",\"@graph\":[{\"@type\":\"WebPage\",\"@id\":\"https:\\\/\\\/hub.ortopedie.md\\\/en\\\/shop\\\/scaun-for-scaldat-nono\\\/\",\"url\":\"https:\\\/\\\/hub.ortopedie.md\\\/en\\\/shop\\\/scaun-for-scaldat-nono\\\/\",\"name\":\"Scaun for sc\u0103ldat NONO - HUB Ortopedie\",\"isPartOf\":{\"@id\":\"https:\\\/\\\/hub.ortopedie.md\\\/#website\"},\"primaryImageOfPage\":{\"@id\":\"https:\\\/\\\/hub.ortopedie.md\\\/en\\\/shop\\\/scaun-for-scaldat-nono\\\/#primaryimage\"},\"image\":{\"@id\":\"https:\\\/\\\/hub.ortopedie.md\\\/en\\\/shop\\\/scaun-for-scaldat-nono\\\/#primaryimage\"},\"thumbnailUrl\":\"https:\\\/\\\/hub.ortopedie.md\\\/wp-content\\\/uploads\\\/2020\\\/05\\\/nono-380x380-1.png\",\"datePublished\":\"2026-03-12T15:28:47+00:00\",\"description\":\"Scaun for sc\u0103ldat NONO - dispozitiv mare ajutor \u00een baie for children cu dizabilit\u0103\u021bi locomotorii\",\"breadcrumb\":{\"@id\":\"https:\\\/\\\/hub.ortopedie.md\\\/en\\\/shop\\\/scaun-for-scaldat-nono\\\/#breadcrumb\"},\"inLanguage\":\"en-US\",\"potentialAction\":[{\"@type\":\"ReadAction\",\"target\":[\"https:\\\/\\\/hub.ortopedie.md\\\/en\\\/shop\\\/scaun-for-scaldat-nono\\\/\"]}]},{\"@type\":\"ImageObject\",\"inLanguage\":\"en-US\",\"@id\":\"https:\\\/\\\/hub.ortopedie.md\\\/en\\\/shop\\\/scaun-for-scaldat-nono\\\/#primaryimage\",\"url\":\"https:\\\/\\\/hub.ortopedie.md\\\/wp-content\\\/uploads\\\/2020\\\/05\\\/nono-380x380-1.png\",\"contentUrl\":\"https:\\\/\\\/hub.ortopedie.md\\\/wp-content\\\/uploads\\\/2020\\\/05\\\/nono-380x380-1.png\",\"width\":601,\"height\":603},{\"@type\":\"BreadcrumbList\",\"@id\":\"https:\\\/\\\/hub.ortopedie.md\\\/en\\\/shop\\\/scaun-for-scaldat-nono\\\/#breadcrumb\",\"itemListElement\":[{\"@type\":\"ListItem\",\"position\":1,\"name\":\"Prima pagin\u0103\",\"item\":\"https:\\\/\\\/hub.ortopedie.md\\\/en\\\/\"},{\"@type\":\"ListItem\",\"position\":2,\"name\":\"Produse\",\"item\":\"https:\\\/\\\/hub.ortopedie.md\\\/shop\\\/\"},{\"@type\":\"ListItem\",\"position\":3,\"name\":\"Scaun for sc\u0103ldat NONO\"}]},{\"@type\":\"WebSite\",\"@id\":\"https:\\\/\\\/hub.ortopedie.md\\\/#website\",\"url\":\"https:\\\/\\\/hub.ortopedie.md\\\/\",\"name\":\"Hub Ortopedie - Magazin ortopedic. \u041e\u0440\u0442\u043e\u043f\u0435\u0434\u0438\u0447\u0435\u0441\u043a\u0438\u0439 \u043c\u0430\u0433\u0430\u0437\u0438\u043d\",\"description\":\"S\u0103n\u0103tate, confort, calitate\",\"publisher\":{\"@id\":\"https:\\\/\\\/hub.ortopedie.md\\\/#organization\"},\"potentialAction\":[{\"@type\":\"SearchAction\",\"target\":{\"@type\":\"EntryPoint\",\"urlTemplate\":\"https:\\\/\\\/hub.ortopedie.md\\\/?s={search_term_string}\"},\"query-input\":{\"@type\":\"PropertyValueSpecification\",\"valueRequired\":true,\"valueName\":\"search_term_string\"}}],\"inLanguage\":\"en-US\"},{\"@type\":\"Organization\",\"@id\":\"https:\\\/\\\/hub.ortopedie.md\\\/#organization\",\"name\":\"HUB ORTOPEDIE\",\"url\":\"https:\\\/\\\/hub.ortopedie.md\\\/\",\"logo\":{\"@type\":\"ImageObject\",\"inLanguage\":\"en-US\",\"@id\":\"https:\\\/\\\/hub.ortopedie.md\\\/#\\\/schema\\\/logo\\\/image\\\/\",\"url\":\"https:\\\/\\\/hub.ortopedie.md\\\/wp-content\\\/uploads\\\/2018\\\/01\\\/hub-logo.png\",\"contentUrl\":\"https:\\\/\\\/hub.ortopedie.md\\\/wp-content\\\/uploads\\\/2018\\\/01\\\/hub-logo.png\",\"width\":124,\"height\":90,\"caption\":\"HUB ORTOPEDIE\"},\"image\":{\"@id\":\"https:\\\/\\\/hub.ortopedie.md\\\/#\\\/schema\\\/logo\\\/image\\\/\"},\"sameAs\":[\"https:\\\/\\\/www.facebook.com\\\/ORTOPEDIE.MD\\\/\",\"https:\\\/\\\/www.instagram.com\\\/hub_ortopedie\\\/\"]}]}<\/script>\n<meta property=\"product:price:amount\" content=\"6000.00\" \/>\n<meta property=\"product:price:currency\" content=\"MDL\" \/>\n<meta property=\"og:availability\" content=\"instock\" \/>\n<meta property=\"product:availability\" content=\"instock\" \/>\n<meta property=\"product:condition\" content=\"new\" \/>\n<!-- \/ Yoast SEO Premium plugin. -->","yoast_head_json":{"title":"Scaun for sc\u0103ldat NONO - HUB Ortopedie","description":"Scaun for sc\u0103ldat NONO - dispozitiv mare ajutor \u00een baie for children cu dizabilit\u0103\u021bi locomotorii","robots":{"index":"index","follow":"follow","max-snippet":"max-snippet:-1","max-image-preview":"max-image-preview:large","max-video-preview":"max-video-preview:-1"},"canonical":"https:\/\/hub.ortopedie.md\/en\/shop\/scaun-for-scaldat-nono\/","og_locale":"en_US","og_type":"article","og_title":"Scaun for sc\u0103ldat NONO","og_description":"Scaun for sc\u0103ldat NONO - dispozitiv mare ajutor \u00een baie for children cu dizabilit\u0103\u021bi locomotorii","og_url":"https:\/\/hub.ortopedie.md\/en\/shop\/scaun-for-scaldat-nono\/","og_site_name":"Hub Ortopedie - Magazin ortopedic. \u041e\u0440\u0442\u043e\u043f\u0435\u0434\u0438\u0447\u0435\u0441\u043a\u0438\u0439 \u043c\u0430\u0433\u0430\u0437\u0438\u043d","article_publisher":"https:\/\/www.facebook.com\/ORTOPEDIE.MD\/","og_image":[{"width":601,"height":603,"url":"https:\/\/hub.ortopedie.md\/wp-content\/uploads\/2020\/05\/nono-380x380-1.png","type":"image\/png"}],"twitter_misc":{"Price":"6,000.00&nbsp;MDL","Availability":"In stock"},"schema":{"@context":"https:\/\/schema.org","@graph":[{"@type":"WebPage","@id":"https:\/\/hub.ortopedie.md\/en\/shop\/scaun-for-scaldat-nono\/","url":"https:\/\/hub.ortopedie.md\/en\/shop\/scaun-for-scaldat-nono\/","name":"Scaun for sc\u0103ldat NONO - HUB Ortopedie","isPartOf":{"@id":"https:\/\/hub.ortopedie.md\/#website"},"primaryImageOfPage":{"@id":"https:\/\/hub.ortopedie.md\/en\/shop\/scaun-for-scaldat-nono\/#primaryimage"},"image":{"@id":"https:\/\/hub.ortopedie.md\/en\/shop\/scaun-for-scaldat-nono\/#primaryimage"},"thumbnailUrl":"https:\/\/hub.ortopedie.md\/wp-content\/uploads\/2020\/05\/nono-380x380-1.png","datePublished":"2026-03-12T15:28:47+00:00","description":"Scaun for sc\u0103ldat NONO - dispozitiv mare ajutor \u00een baie for children cu dizabilit\u0103\u021bi locomotorii","breadcrumb":{"@id":"https:\/\/hub.ortopedie.md\/en\/shop\/scaun-for-scaldat-nono\/#breadcrumb"},"inLanguage":"en-US","potentialAction":[{"@type":"ReadAction","target":["https:\/\/hub.ortopedie.md\/en\/shop\/scaun-for-scaldat-nono\/"]}]},{"@type":"ImageObject","inLanguage":"en-US","@id":"https:\/\/hub.ortopedie.md\/en\/shop\/scaun-for-scaldat-nono\/#primaryimage","url":"https:\/\/hub.ortopedie.md\/wp-content\/uploads\/2020\/05\/nono-380x380-1.png","contentUrl":"https:\/\/hub.ortopedie.md\/wp-content\/uploads\/2020\/05\/nono-380x380-1.png","width":601,"height":603},{"@type":"BreadcrumbList","@id":"https:\/\/hub.ortopedie.md\/en\/shop\/scaun-for-scaldat-nono\/#breadcrumb","itemListElement":[{"@type":"ListItem","position":1,"name":"Prima pagin\u0103","item":"https:\/\/hub.ortopedie.md\/en\/"},{"@type":"ListItem","position":2,"name":"Produse","item":"https:\/\/hub.ortopedie.md\/shop\/"},{"@type":"ListItem","position":3,"name":"Scaun for sc\u0103ldat NONO"}]},{"@type":"WebSite","@id":"https:\/\/hub.ortopedie.md\/#website","url":"https:\/\/hub.ortopedie.md\/","name":"Hub Ortopedie - Magazin ortopedic. \u041e\u0440\u0442\u043e\u043f\u0435\u0434\u0438\u0447\u0435\u0441\u043a\u0438\u0439 \u043c\u0430\u0433\u0430\u0437\u0438\u043d","description":"S\u0103n\u0103tate, confort, calitate","publisher":{"@id":"https:\/\/hub.ortopedie.md\/#organization"},"potentialAction":[{"@type":"SearchAction","target":{"@type":"EntryPoint","urlTemplate":"https:\/\/hub.ortopedie.md\/?s={search_term_string}"},"query-input":{"@type":"PropertyValueSpecification","valueRequired":true,"valueName":"search_term_string"}}],"inLanguage":"en-US"},{"@type":"Organization","@id":"https:\/\/hub.ortopedie.md\/#organization","name":"HUB ORTOPEDIE","url":"https:\/\/hub.ortopedie.md\/","logo":{"@type":"ImageObject","inLanguage":"en-US","@id":"https:\/\/hub.ortopedie.md\/#\/schema\/logo\/image\/","url":"https:\/\/hub.ortopedie.md\/wp-content\/uploads\/2018\/01\/hub-logo.png","contentUrl":"https:\/\/hub.ortopedie.md\/wp-content\/uploads\/2018\/01\/hub-logo.png","width":124,"height":90,"caption":"HUB ORTOPEDIE"},"image":{"@id":"https:\/\/hub.ortopedie.md\/#\/schema\/logo\/image\/"},"sameAs":["https:\/\/www.facebook.com\/ORTOPEDIE.MD\/","https:\/\/www.instagram.com\/hub_ortopedie\/"]}]},"product_price_amount":"6000.00","product_price_currency":"MDL","og_availability":"instock","product_availability":"instock","product_condition":"new"},"jetpack_sharing_enabled":true,"brands":[{"id":272,"name":"Akces Med","slug":"akces-med"}],"_links":{"self":[{"href":"https:\/\/hub.ortopedie.md\/en\/wp-json\/wp\/v2\/product\/14543","targetHints":{"allow":["GET"]}}],"collection":[{"href":"https:\/\/hub.ortopedie.md\/en\/wp-json\/wp\/v2\/product"}],"about":[{"href":"https:\/\/hub.ortopedie.md\/en\/wp-json\/wp\/v2\/types\/product"}],"wp:featuredmedia":[{"embeddable":true,"href":"https:\/\/hub.ortopedie.md\/en\/wp-json\/wp\/v2\/media\/6950"}],"wp:attachment":[{"href":"https:\/\/hub.ortopedie.md\/en\/wp-json\/wp\/v2\/media?parent=14543"}],"wp:term":[{"taxonomy":"pwb-brand","embeddable":true,"href":"https:\/\/hub.ortopedie.md\/en\/wp-json\/wp\/v2\/pwb-brand?post=14543"},{"taxonomy":"product_brand","embeddable":true,"href":"https:\/\/hub.ortopedie.md\/en\/wp-json\/wp\/v2\/product_brand?post=14543"},{"taxonomy":"product_cat","embeddable":true,"href":"https:\/\/hub.ortopedie.md\/en\/wp-json\/wp\/v2\/product_cat?post=14543"},{"taxonomy":"product_tag","embeddable":true,"href":"https:\/\/hub.ortopedie.md\/en\/wp-json\/wp\/v2\/product_tag?post=14543"}],"curies":[{"name":"wp","href":"https:\/\/api.w.org\/{rel}","templated":true}]}}