{"id":14547,"date":"2026-03-12T17:28:48","date_gmt":"2026-03-12T15:28:48","guid":{"rendered":"https:\/\/hub.ortopedie.md\/shop\/scaun-reabilitare-kido\/"},"modified":"2026-03-12T17:28:48","modified_gmt":"2026-03-12T15:28:48","slug":"scaun-reabilitare-kido","status":"publish","type":"product","link":"https:\/\/hub.ortopedie.md\/en\/shop\/scaun-reabilitare-kido\/","title":{"rendered":"Scaun reabilitare Kido"},"content":{"rendered":"<p>Kido \u2122 este un scaun terapeutic care serve\u0219te perfect \u00een timpul procesului tratament \u0219i joc. Este folosit at\u00e2t \u00een activit\u0103\u021bile zi cu zi c\u00e2t \u0219i \u00een timp ce studia\u021bi sau m\u00e2nca\u021bi. Acas\u0103, \u00eentr-o gr\u0103dini\u021b\u0103, \u0219coal\u0103 sau \u00eentr-un grup colegi, Kido \u2122 va oferi asisten\u021b\u0103 indispensabil\u0103 \u00een timpul reabilit\u0103rii, at\u00e2t \u00een \u200b\u200bceea ce prive\u0219te mi\u0219carea, c\u00e2t \u0219i for integrarea \u00een societate.<\/p>\n<p>Scaunul for children orthopedic Kido \u2122 cu ajustare intuitiv\u0103 u\u0219oar\u0103 serve\u0219te ca suport adecvat \u0219i sigur for copil. Cureaua \u0219old \u0219i tetiera cresc \u0219i mai mult confortul \u0219i garanteaz\u0103 siguran\u021ba copilului. \u00cen\u0103l\u021bimea scaunului \u0219i cotierelor este reglabil\u0103, la fel \u0219i unghiul sp\u0103tarului.<\/p>\n<p>Produsul este realizat din materiale prietenoase. Fotoliul este disponibil \u00een 5 m\u0103rimi.<\/p>\n<h2>INDICATII<\/h2>\n<p>Recomandat copiilor cu un diagnostic de:<\/p>\n<ul>\n<li>Paralizie cerebrala &#8211; diverse forme.<br \/>\nSpina bifida.<\/li>\n<li>Deteriorarea creierului \u0219i m\u0103duvei spin\u0103rii &#8211; a diverselor etiologii.<\/li>\n<li>Boli ale mu\u0219chilor cu parez\u0103 \u0219i paralizie.<\/li>\n<li>Sindroame genetice cu pareza membrelor.<\/li>\n<li>Alte boli \u00eenso\u021bite parez\u0103, paralizie, afectarea sistemului musculo-scheletic.<\/li>\n<li>Dup\u0103 o leziune cranio-cerebral\u0103, leziunea coloanei vertebrale cu leziuni ale m\u0103duvei spin\u0103rii \u0219i extremit\u0103\u021bilor inferioare.<\/li>\n<\/ul>\n<p><img decoding=\"async\" class=\"alignnone wp-image-6889 size-fusion-600\" src=\"https:\/\/hub.ortopedie.md\/wp-content\/uploads\/2020\/04\/piktogramy_kidoo-1-600x279.jpg\" alt=\"\" width=\"600\" height=\"279\" srcset=\"https:\/\/hub.ortopedie.md\/wp-content\/uploads\/2020\/04\/piktogramy_kidoo-1-200x93.jpg 200w, https:\/\/hub.ortopedie.md\/wp-content\/uploads\/2020\/04\/piktogramy_kidoo-1-300x139.jpg 300w, https:\/\/hub.ortopedie.md\/wp-content\/uploads\/2020\/04\/piktogramy_kidoo-1-400x186.jpg 400w, https:\/\/hub.ortopedie.md\/wp-content\/uploads\/2020\/04\/piktogramy_kidoo-1-500x232.jpg 500w, https:\/\/hub.ortopedie.md\/wp-content\/uploads\/2020\/04\/piktogramy_kidoo-1-600x279.jpg 600w, https:\/\/hub.ortopedie.md\/wp-content\/uploads\/2020\/04\/piktogramy_kidoo-1-700x325.jpg 700w, https:\/\/hub.ortopedie.md\/wp-content\/uploads\/2020\/04\/piktogramy_kidoo-1-768x357.jpg 768w, https:\/\/hub.ortopedie.md\/wp-content\/uploads\/2020\/04\/piktogramy_kidoo-1-800x372.jpg 800w, https:\/\/hub.ortopedie.md\/wp-content\/uploads\/2020\/04\/piktogramy_kidoo-1.jpg 930w\" sizes=\"(max-width: 600px) 100vw, 600px\" \/><\/p>\n<table width=\"931\">\n<tbody>\n<tr>\n<td width=\"73\"><strong>Simbol<\/strong><\/td>\n<td width=\"161\"><strong>Masura<\/strong><\/td>\n<td width=\"85\"><strong>Un.<\/strong><\/td>\n<td width=\"85\"><strong>Marimea<\/strong><\/p>\n<p><strong>1<\/strong><\/td>\n<td width=\"94\"><strong>Marimea<\/strong><\/p>\n<p><strong>2<\/strong><\/td>\n<td width=\"85\"><strong>Marimea<\/strong><\/p>\n<p><strong>3<\/strong><\/td>\n<td width=\"95\"><strong>Marimea<\/strong><\/p>\n<p><strong>4<\/strong><\/td>\n<td width=\"95\"><strong>Marimea<\/strong><\/p>\n<p><strong>5**<\/strong><\/td>\n<\/tr>\n<tr>\n<td width=\"73\"><strong>W<\/strong><\/td>\n<td width=\"161\">\u00cen\u0103l\u021bimea aproximativ\u0103 a pacientului *<\/td>\n<td width=\"85\"><strong>[cm]<\/strong><\/td>\n<td width=\"85\"><strong>90 \u2014 100<\/strong><\/td>\n<td width=\"94\"><strong>90 \u2014 115<\/strong><\/td>\n<td width=\"85\"><strong>100 \u2014 130<\/strong><\/td>\n<td width=\"95\"><strong>110 \u2014 150<\/strong><\/td>\n<td width=\"95\"><strong>120 \u2014 160<\/strong><\/td>\n<\/tr>\n<tr>\n<td width=\"73\"><strong>A\/E<\/strong><\/td>\n<td width=\"161\">Latimea scaunului \/ spate<\/td>\n<td width=\"85\"><strong>[cm]<\/strong><\/td>\n<td width=\"85\"><strong>23<\/strong><\/td>\n<td width=\"94\"><strong>26,5<\/strong><\/td>\n<td width=\"85\"><strong>31<\/strong><\/td>\n<td width=\"95\"><strong>35<\/strong><\/td>\n<td width=\"95\"><strong>42<\/strong><\/td>\n<\/tr>\n<tr>\n<td width=\"73\"><strong>L<\/strong><\/td>\n<td width=\"161\">Ad\u00e2ncimea scaunului<\/td>\n<td width=\"85\"><strong>[cm]<\/strong><\/td>\n<td width=\"85\"><strong>18 \u2014 23,5<\/strong><\/td>\n<td width=\"94\"><strong>22,5 \u2014 30<\/strong><\/td>\n<td width=\"85\"><strong>24,5 \u2013 34,5<\/strong><\/td>\n<td width=\"95\"><strong>31 \u2014 41<\/strong><\/td>\n<td width=\"95\"><strong>36 \u2014 47<\/strong><\/td>\n<\/tr>\n<tr>\n<td width=\"73\"><strong>C<sub>1<\/sub><\/strong><\/td>\n<td width=\"161\">\u00cen\u0103l\u021bimea spatelui<\/td>\n<td width=\"85\"><strong>[cm]<\/strong><\/td>\n<td width=\"85\"><strong>26<\/strong><\/td>\n<td width=\"94\"><strong>31<\/strong><\/td>\n<td width=\"85\"><strong>35<\/strong><\/td>\n<td width=\"95\"><strong>40<\/strong><\/td>\n<td width=\"95\"><strong>44<\/strong><\/td>\n<\/tr>\n<tr>\n<td width=\"73\"><strong>F<\/strong><\/td>\n<td width=\"161\">\u00cen\u0103l\u021bimea scaunului la nivelul podelei<\/td>\n<td width=\"85\"><strong>[cm]<\/strong><\/td>\n<td width=\"85\"><strong>19,5 \u2013 26<\/strong><\/td>\n<td width=\"94\"><strong>24\u00a0\u2013 31,5<\/strong><\/td>\n<td width=\"85\"><strong>27,5 \u2013 36,5<\/strong><\/td>\n<td width=\"95\"><strong>33 \u2014 44<\/strong><\/td>\n<td width=\"95\"><strong>36 \u2014 49<\/strong><\/td>\n<\/tr>\n<tr>\n<td width=\"73\">Z<\/td>\n<td width=\"161\">Unghiul sp\u0103tarului<\/td>\n<td width=\"85\">[\u00b0]<\/td>\n<td width=\"85\">96 \u2013 116<\/td>\n<td width=\"94\">95 \u2013 116<\/td>\n<td width=\"85\">95 \u2013 116<\/td>\n<td width=\"95\">95 \u2013 116<\/td>\n<td width=\"95\">95 \u2013 116<\/td>\n<\/tr>\n<tr>\n<td width=\"234\"><\/td>\n<td width=\"234\">Greutatea maxim\u0103 a pacientului<\/td>\n<td width=\"85\">[kg]<\/td>\n<td width=\"85\">20<\/td>\n<td width=\"94\">30<\/td>\n<td width=\"85\">40<\/td>\n<td width=\"95\">55<\/td>\n<td width=\"95\">70<\/td>\n<\/tr>\n<\/tbody>\n<\/table>\n<p>ATEN\u021aIE: toleran\u021ba dimensiunilor indicate \u00een tabel este +\/- 1 cm.<\/p>\n","protected":false},"excerpt":{"rendered":"<p>Kido \u2122 este un scaun terapeutic care serve\u0219te perfect \u00een  [&#8230;]<\/p>\n","protected":false},"featured_media":6897,"template":"","meta":[],"pwb-brand":[272],"product_brand":[],"product_cat":[891,892],"product_tag":[],"class_list":{"0":"post-14547","1":"product","2":"type-product","3":"status-publish","4":"has-post-thumbnail","6":"pwb-brand-akces-med","7":"product_cat-dispozitive-de-mers-si-verticalizare-2","8":"product_cat-verticalizatoare-dispozitive-de-mers-si-verticalizare-2","10":"first","11":"instock","12":"shipping-taxable","13":"purchasable","14":"product-type-simple"},"yoast_head":"<!-- This site is optimized with the Yoast SEO Premium plugin v18.3 (Yoast SEO v27.4) - https:\/\/yoast.com\/product\/yoast-seo-premium-wordpress\/ -->\n<title>Scaun reabilitare Kido - HUB Ortopedie<\/title>\n<meta name=\"robots\" content=\"index, follow, max-snippet:-1, max-image-preview:large, max-video-preview:-1\" \/>\n<link rel=\"canonical\" href=\"https:\/\/hub.ortopedie.md\/en\/shop\/scaun-reabilitare-kido\/\" \/>\n<meta property=\"og:locale\" content=\"en_US\" \/>\n<meta property=\"og:type\" content=\"article\" \/>\n<meta property=\"og:title\" content=\"Scaun reabilitare Kido\" \/>\n<meta property=\"og:description\" content=\"Kido \u2122 este un scaun terapeutic care serve\u0219te perfect \u00een [...]\" \/>\n<meta property=\"og:url\" content=\"https:\/\/hub.ortopedie.md\/en\/shop\/scaun-reabilitare-kido\/\" \/>\n<meta property=\"og:site_name\" content=\"Hub Ortopedie - Magazin ortopedic. \u041e\u0440\u0442\u043e\u043f\u0435\u0434\u0438\u0447\u0435\u0441\u043a\u0438\u0439 \u043c\u0430\u0433\u0430\u0437\u0438\u043d\" \/>\n<meta property=\"article:publisher\" content=\"https:\/\/www.facebook.com\/ORTOPEDIE.MD\/\" \/>\n<meta property=\"og:image\" content=\"https:\/\/hub.ortopedie.md\/wp-content\/uploads\/2020\/04\/kidu-zal20203.jpg\" \/>\n\t<meta property=\"og:image:width\" content=\"600\" \/>\n\t<meta property=\"og:image:height\" content=\"589\" \/>\n\t<meta property=\"og:image:type\" content=\"image\/jpeg\" \/>\n<meta name=\"twitter:label1\" content=\"Price\" \/>\n\t<meta name=\"twitter:data1\" content=\"22,000.00&nbsp;MDL\" \/>\n\t<meta name=\"twitter:label2\" content=\"Availability\" \/>\n\t<meta name=\"twitter:data2\" content=\"In stock\" \/>\n<script type=\"application\/ld+json\" class=\"yoast-schema-graph\">{\"@context\":\"https:\\\/\\\/schema.org\",\"@graph\":[{\"@type\":\"WebPage\",\"@id\":\"https:\\\/\\\/hub.ortopedie.md\\\/en\\\/shop\\\/scaun-reabilitare-kido\\\/\",\"url\":\"https:\\\/\\\/hub.ortopedie.md\\\/en\\\/shop\\\/scaun-reabilitare-kido\\\/\",\"name\":\"Scaun reabilitare Kido - HUB Ortopedie\",\"isPartOf\":{\"@id\":\"https:\\\/\\\/hub.ortopedie.md\\\/#website\"},\"primaryImageOfPage\":{\"@id\":\"https:\\\/\\\/hub.ortopedie.md\\\/en\\\/shop\\\/scaun-reabilitare-kido\\\/#primaryimage\"},\"image\":{\"@id\":\"https:\\\/\\\/hub.ortopedie.md\\\/en\\\/shop\\\/scaun-reabilitare-kido\\\/#primaryimage\"},\"thumbnailUrl\":\"https:\\\/\\\/hub.ortopedie.md\\\/wp-content\\\/uploads\\\/2020\\\/04\\\/kidu-zal20203.jpg\",\"datePublished\":\"2026-03-12T15:28:48+00:00\",\"breadcrumb\":{\"@id\":\"https:\\\/\\\/hub.ortopedie.md\\\/en\\\/shop\\\/scaun-reabilitare-kido\\\/#breadcrumb\"},\"inLanguage\":\"en-US\",\"potentialAction\":[{\"@type\":\"ReadAction\",\"target\":[\"https:\\\/\\\/hub.ortopedie.md\\\/en\\\/shop\\\/scaun-reabilitare-kido\\\/\"]}]},{\"@type\":\"ImageObject\",\"inLanguage\":\"en-US\",\"@id\":\"https:\\\/\\\/hub.ortopedie.md\\\/en\\\/shop\\\/scaun-reabilitare-kido\\\/#primaryimage\",\"url\":\"https:\\\/\\\/hub.ortopedie.md\\\/wp-content\\\/uploads\\\/2020\\\/04\\\/kidu-zal20203.jpg\",\"contentUrl\":\"https:\\\/\\\/hub.ortopedie.md\\\/wp-content\\\/uploads\\\/2020\\\/04\\\/kidu-zal20203.jpg\",\"width\":600,\"height\":589},{\"@type\":\"BreadcrumbList\",\"@id\":\"https:\\\/\\\/hub.ortopedie.md\\\/en\\\/shop\\\/scaun-reabilitare-kido\\\/#breadcrumb\",\"itemListElement\":[{\"@type\":\"ListItem\",\"position\":1,\"name\":\"Prima pagin\u0103\",\"item\":\"https:\\\/\\\/hub.ortopedie.md\\\/en\\\/\"},{\"@type\":\"ListItem\",\"position\":2,\"name\":\"Produse\",\"item\":\"https:\\\/\\\/hub.ortopedie.md\\\/shop\\\/\"},{\"@type\":\"ListItem\",\"position\":3,\"name\":\"Scaun reabilitare Kido\"}]},{\"@type\":\"WebSite\",\"@id\":\"https:\\\/\\\/hub.ortopedie.md\\\/#website\",\"url\":\"https:\\\/\\\/hub.ortopedie.md\\\/\",\"name\":\"Hub Ortopedie - Magazin ortopedic. \u041e\u0440\u0442\u043e\u043f\u0435\u0434\u0438\u0447\u0435\u0441\u043a\u0438\u0439 \u043c\u0430\u0433\u0430\u0437\u0438\u043d\",\"description\":\"S\u0103n\u0103tate, confort, calitate\",\"publisher\":{\"@id\":\"https:\\\/\\\/hub.ortopedie.md\\\/#organization\"},\"potentialAction\":[{\"@type\":\"SearchAction\",\"target\":{\"@type\":\"EntryPoint\",\"urlTemplate\":\"https:\\\/\\\/hub.ortopedie.md\\\/?s={search_term_string}\"},\"query-input\":{\"@type\":\"PropertyValueSpecification\",\"valueRequired\":true,\"valueName\":\"search_term_string\"}}],\"inLanguage\":\"en-US\"},{\"@type\":\"Organization\",\"@id\":\"https:\\\/\\\/hub.ortopedie.md\\\/#organization\",\"name\":\"HUB ORTOPEDIE\",\"url\":\"https:\\\/\\\/hub.ortopedie.md\\\/\",\"logo\":{\"@type\":\"ImageObject\",\"inLanguage\":\"en-US\",\"@id\":\"https:\\\/\\\/hub.ortopedie.md\\\/#\\\/schema\\\/logo\\\/image\\\/\",\"url\":\"https:\\\/\\\/hub.ortopedie.md\\\/wp-content\\\/uploads\\\/2018\\\/01\\\/hub-logo.png\",\"contentUrl\":\"https:\\\/\\\/hub.ortopedie.md\\\/wp-content\\\/uploads\\\/2018\\\/01\\\/hub-logo.png\",\"width\":124,\"height\":90,\"caption\":\"HUB ORTOPEDIE\"},\"image\":{\"@id\":\"https:\\\/\\\/hub.ortopedie.md\\\/#\\\/schema\\\/logo\\\/image\\\/\"},\"sameAs\":[\"https:\\\/\\\/www.facebook.com\\\/ORTOPEDIE.MD\\\/\",\"https:\\\/\\\/www.instagram.com\\\/hub_ortopedie\\\/\"]}]}<\/script>\n<meta property=\"product:price:amount\" content=\"22000.00\" \/>\n<meta property=\"product:price:currency\" content=\"MDL\" \/>\n<meta property=\"og:availability\" content=\"instock\" \/>\n<meta property=\"product:availability\" content=\"instock\" \/>\n<meta property=\"product:condition\" content=\"new\" \/>\n<!-- \/ Yoast SEO Premium plugin. -->","yoast_head_json":{"title":"Scaun reabilitare Kido - HUB Ortopedie","robots":{"index":"index","follow":"follow","max-snippet":"max-snippet:-1","max-image-preview":"max-image-preview:large","max-video-preview":"max-video-preview:-1"},"canonical":"https:\/\/hub.ortopedie.md\/en\/shop\/scaun-reabilitare-kido\/","og_locale":"en_US","og_type":"article","og_title":"Scaun reabilitare Kido","og_description":"Kido \u2122 este un scaun terapeutic care serve\u0219te perfect \u00een [...]","og_url":"https:\/\/hub.ortopedie.md\/en\/shop\/scaun-reabilitare-kido\/","og_site_name":"Hub Ortopedie - Magazin ortopedic. \u041e\u0440\u0442\u043e\u043f\u0435\u0434\u0438\u0447\u0435\u0441\u043a\u0438\u0439 \u043c\u0430\u0433\u0430\u0437\u0438\u043d","article_publisher":"https:\/\/www.facebook.com\/ORTOPEDIE.MD\/","og_image":[{"width":600,"height":589,"url":"https:\/\/hub.ortopedie.md\/wp-content\/uploads\/2020\/04\/kidu-zal20203.jpg","type":"image\/jpeg"}],"twitter_misc":{"Price":"22,000.00&nbsp;MDL","Availability":"In stock"},"schema":{"@context":"https:\/\/schema.org","@graph":[{"@type":"WebPage","@id":"https:\/\/hub.ortopedie.md\/en\/shop\/scaun-reabilitare-kido\/","url":"https:\/\/hub.ortopedie.md\/en\/shop\/scaun-reabilitare-kido\/","name":"Scaun reabilitare Kido - HUB Ortopedie","isPartOf":{"@id":"https:\/\/hub.ortopedie.md\/#website"},"primaryImageOfPage":{"@id":"https:\/\/hub.ortopedie.md\/en\/shop\/scaun-reabilitare-kido\/#primaryimage"},"image":{"@id":"https:\/\/hub.ortopedie.md\/en\/shop\/scaun-reabilitare-kido\/#primaryimage"},"thumbnailUrl":"https:\/\/hub.ortopedie.md\/wp-content\/uploads\/2020\/04\/kidu-zal20203.jpg","datePublished":"2026-03-12T15:28:48+00:00","breadcrumb":{"@id":"https:\/\/hub.ortopedie.md\/en\/shop\/scaun-reabilitare-kido\/#breadcrumb"},"inLanguage":"en-US","potentialAction":[{"@type":"ReadAction","target":["https:\/\/hub.ortopedie.md\/en\/shop\/scaun-reabilitare-kido\/"]}]},{"@type":"ImageObject","inLanguage":"en-US","@id":"https:\/\/hub.ortopedie.md\/en\/shop\/scaun-reabilitare-kido\/#primaryimage","url":"https:\/\/hub.ortopedie.md\/wp-content\/uploads\/2020\/04\/kidu-zal20203.jpg","contentUrl":"https:\/\/hub.ortopedie.md\/wp-content\/uploads\/2020\/04\/kidu-zal20203.jpg","width":600,"height":589},{"@type":"BreadcrumbList","@id":"https:\/\/hub.ortopedie.md\/en\/shop\/scaun-reabilitare-kido\/#breadcrumb","itemListElement":[{"@type":"ListItem","position":1,"name":"Prima pagin\u0103","item":"https:\/\/hub.ortopedie.md\/en\/"},{"@type":"ListItem","position":2,"name":"Produse","item":"https:\/\/hub.ortopedie.md\/shop\/"},{"@type":"ListItem","position":3,"name":"Scaun reabilitare Kido"}]},{"@type":"WebSite","@id":"https:\/\/hub.ortopedie.md\/#website","url":"https:\/\/hub.ortopedie.md\/","name":"Hub Ortopedie - Magazin ortopedic. \u041e\u0440\u0442\u043e\u043f\u0435\u0434\u0438\u0447\u0435\u0441\u043a\u0438\u0439 \u043c\u0430\u0433\u0430\u0437\u0438\u043d","description":"S\u0103n\u0103tate, confort, calitate","publisher":{"@id":"https:\/\/hub.ortopedie.md\/#organization"},"potentialAction":[{"@type":"SearchAction","target":{"@type":"EntryPoint","urlTemplate":"https:\/\/hub.ortopedie.md\/?s={search_term_string}"},"query-input":{"@type":"PropertyValueSpecification","valueRequired":true,"valueName":"search_term_string"}}],"inLanguage":"en-US"},{"@type":"Organization","@id":"https:\/\/hub.ortopedie.md\/#organization","name":"HUB ORTOPEDIE","url":"https:\/\/hub.ortopedie.md\/","logo":{"@type":"ImageObject","inLanguage":"en-US","@id":"https:\/\/hub.ortopedie.md\/#\/schema\/logo\/image\/","url":"https:\/\/hub.ortopedie.md\/wp-content\/uploads\/2018\/01\/hub-logo.png","contentUrl":"https:\/\/hub.ortopedie.md\/wp-content\/uploads\/2018\/01\/hub-logo.png","width":124,"height":90,"caption":"HUB ORTOPEDIE"},"image":{"@id":"https:\/\/hub.ortopedie.md\/#\/schema\/logo\/image\/"},"sameAs":["https:\/\/www.facebook.com\/ORTOPEDIE.MD\/","https:\/\/www.instagram.com\/hub_ortopedie\/"]}]},"product_price_amount":"22000.00","product_price_currency":"MDL","og_availability":"instock","product_availability":"instock","product_condition":"new"},"jetpack_sharing_enabled":true,"brands":[{"id":272,"name":"Akces Med","slug":"akces-med"}],"_links":{"self":[{"href":"https:\/\/hub.ortopedie.md\/en\/wp-json\/wp\/v2\/product\/14547","targetHints":{"allow":["GET"]}}],"collection":[{"href":"https:\/\/hub.ortopedie.md\/en\/wp-json\/wp\/v2\/product"}],"about":[{"href":"https:\/\/hub.ortopedie.md\/en\/wp-json\/wp\/v2\/types\/product"}],"wp:featuredmedia":[{"embeddable":true,"href":"https:\/\/hub.ortopedie.md\/en\/wp-json\/wp\/v2\/media\/6897"}],"wp:attachment":[{"href":"https:\/\/hub.ortopedie.md\/en\/wp-json\/wp\/v2\/media?parent=14547"}],"wp:term":[{"taxonomy":"pwb-brand","embeddable":true,"href":"https:\/\/hub.ortopedie.md\/en\/wp-json\/wp\/v2\/pwb-brand?post=14547"},{"taxonomy":"product_brand","embeddable":true,"href":"https:\/\/hub.ortopedie.md\/en\/wp-json\/wp\/v2\/product_brand?post=14547"},{"taxonomy":"product_cat","embeddable":true,"href":"https:\/\/hub.ortopedie.md\/en\/wp-json\/wp\/v2\/product_cat?post=14547"},{"taxonomy":"product_tag","embeddable":true,"href":"https:\/\/hub.ortopedie.md\/en\/wp-json\/wp\/v2\/product_tag?post=14547"}],"curies":[{"name":"wp","href":"https:\/\/api.w.org\/{rel}","templated":true}]}}