{"id":14549,"date":"2026-03-12T17:28:48","date_gmt":"2026-03-12T15:28:48","guid":{"rendered":"https:\/\/hub.ortopedie.md\/shop\/mamalu-carucior-special\/"},"modified":"2026-03-12T17:28:49","modified_gmt":"2026-03-12T15:28:49","slug":"mamalu-carucior-special","status":"publish","type":"product","link":"https:\/\/hub.ortopedie.md\/en\/shop\/mamalu-carucior-special\/","title":{"rendered":"MAMALU &#8211; C\u0103rucior special"},"content":{"rendered":"<p>Modern, practic, cu un design unic &#8211; <strong>MAMALU<\/strong> \u2122 &#8211; un c\u0103rucior conceput for cei mai tineri utilizatori, care va fi ideal \u00een orice mediu. Construc\u021bie u\u0219oar\u0103 \u0219i simpl\u0103 tip umbrel\u0103, datorit\u0103 c\u0103reia o putem plia rapid \u0219i, \u00een acela\u0219i timp, c\u0103ruciorul ocup\u0103 pu\u021bin spa\u021biu \u00een timpul transport\u0103rii.<\/p>\n<p>MAMALU \u2122 cre\u0219te odat\u0103 cu copilul t\u0103u! O gam\u0103 larg\u0103 personalizare ofer\u0103 posibilitatea a instala centurile \u00een 5 puncte \u0219i tetierele la diferite niveluri, precum \u0219i reglarea suportului for picioare \u00een 3 pozi\u021bii diferite \u0219i reglarea ad\u00e2ncimii scaunului. Utilizarea lui este o pl\u0103cere pur\u0103. Un sistem amortizare indepenDENt \u0219i ro\u021bile din fa\u021b\u0103 pivotante fac ca MAMALU \u2122 s\u0103 fie extrem manevrabil. Confortul \u0219i comoditatea sunt oferite tapi\u021beria pe dou\u0103 fe\u021be, care este acoperit\u0103 pe o parte cu un material MINKY soft, potrivit for children, iar pe alt\u0103 parte &#8211; cu tapi\u021berie FLEX impermeabil\u0103.<\/p>\n<p>Lua\u021bi MAMALU \u2122 for o plimbare \u0219i asigura\u021bi-v\u0103 c\u0103 este f\u0103cut for dumneavoastr\u0103 \u0219i for copilul dvs.<\/p>\n<h2>INDICA\u021aII<\/h2>\n<p>Recomandat persoanelor cu un diagnostic de:<\/p>\n<p>\u2022 paralizie cerebrala (MPD) &#8211; diverse forme,<br \/>\n\u2022 Meningomielocel<br \/>\n\u2022 Boli degenerative \u0219i reumatice ,<br \/>\n\u2022 Deteriorarea creierului \u0219i m\u0103duvei spin\u0103rii<br \/>\n\u2022 Scleroz\u0103 multipl\u0103 &#8211; SM, scleroz\u0103 lateral\u0103 amiotrofic\u0103 &#8211; SLA etc.,<br \/>\n\u2022 Boli musculare, inclusiv parez\u0103 \u0219i paralizie, distrofie, miastenie gravis, polimiozit\u0103,<br \/>\n\u2022 Sindroame genetice cu parez\u0103 a extremit\u0103\u021bilor inferioare,<br \/>\n\u2022 Tulbur\u0103ri degenerative \u0219i metabolice ale sistemului nervos,<br \/>\n\u2022 Dup\u0103 leziuni traumatice ale creierului sau leziuni ale coloanei vertebrale cu afectarea\u00a0 m\u0103duvei spin\u0103rii cu parez\u0103 \u0219i paralizie, \u00een special cu tetraparez\u0103 (ca parte a procesului reabilitare sau \u00eengrijire continu\u0103).<\/p>\n<p><img decoding=\"async\" class=\"alignnone wp-image-6913 size-fusion-600\" src=\"https:\/\/hub.ortopedie.md\/wp-content\/uploads\/2020\/05\/piktogramy_w930_racer-600x279.jpg\" alt=\"\" width=\"600\" height=\"279\" srcset=\"https:\/\/hub.ortopedie.md\/wp-content\/uploads\/2020\/05\/piktogramy_w930_racer-200x93.jpg 200w, https:\/\/hub.ortopedie.md\/wp-content\/uploads\/2020\/05\/piktogramy_w930_racer-300x139.jpg 300w, https:\/\/hub.ortopedie.md\/wp-content\/uploads\/2020\/05\/piktogramy_w930_racer-400x186.jpg 400w, https:\/\/hub.ortopedie.md\/wp-content\/uploads\/2020\/05\/piktogramy_w930_racer-500x232.jpg 500w, https:\/\/hub.ortopedie.md\/wp-content\/uploads\/2020\/05\/piktogramy_w930_racer-600x279.jpg 600w, https:\/\/hub.ortopedie.md\/wp-content\/uploads\/2020\/05\/piktogramy_w930_racer-700x325.jpg 700w, https:\/\/hub.ortopedie.md\/wp-content\/uploads\/2020\/05\/piktogramy_w930_racer-768x357.jpg 768w, https:\/\/hub.ortopedie.md\/wp-content\/uploads\/2020\/05\/piktogramy_w930_racer-800x372.jpg 800w, https:\/\/hub.ortopedie.md\/wp-content\/uploads\/2020\/05\/piktogramy_w930_racer.jpg 930w\" sizes=\"(max-width: 600px) 100vw, 600px\" \/><\/p>\n<div class=\"spacer\">\n<table width=\"929\">\n<tbody>\n<tr>\n<th>Simbol<\/th>\n<th>\u0417\u0430\u043c\u0435\u0440<\/th>\n<th>\u0415\u0434.<\/th>\n<th>\u0420\u0430\u0437\u043c\u0435\u0440 1<\/th>\n<\/tr>\n<tr>\n<td><strong>W<\/strong><\/td>\n<td>\u00cen\u0103l\u021bimea aproximativ\u0103 a pacientului *<\/td>\n<td><strong>[cm]<\/strong><\/td>\n<td><strong>90 \u2014 130<\/strong><\/td>\n<\/tr>\n<tr>\n<td><strong>A<\/strong><\/td>\n<td>Latime scaun **<\/td>\n<td><strong>[cm]<\/strong><\/td>\n<td><b>32 \u2014 38<\/b><\/td>\n<\/tr>\n<tr>\n<td><strong>L<\/strong><\/td>\n<td>Ad\u00e2ncimea scaunului<\/td>\n<td><strong>[cm]<\/strong><\/td>\n<td><b>22, 28<\/b><\/td>\n<\/tr>\n<tr>\n<td><strong>C<sub>1<\/sub><\/strong><\/td>\n<td>\u00cen\u0103l\u021bimea spatelui<\/td>\n<td><strong>[cm]<\/strong><\/td>\n<td><b>60<\/b><\/td>\n<\/tr>\n<tr>\n<td><strong>C<\/strong><\/td>\n<td>\u00cen\u0103l\u021bimea tetierei<\/td>\n<td><strong>[cm]<\/strong><\/td>\n<td><strong>40 \u2014 55<\/strong><\/td>\n<\/tr>\n<tr>\n<td><strong>E<\/strong><\/td>\n<td>L\u0103\u021bime spate **<\/td>\n<td><strong>[cm]<\/strong><\/td>\n<td><b>32 \u2014 38<\/b><\/td>\n<\/tr>\n<tr>\n<td><strong>F<\/strong><\/td>\n<td>\u00cen\u0103l\u021bimea picioarelor<\/td>\n<td><strong>[cm]<\/strong><\/td>\n<td><strong>18, 24, 35<\/strong><\/td>\n<\/tr>\n<tr>\n<td><\/td>\n<td>M\u00e2nere for \u00een\u0103l\u021bimea control<\/td>\n<td>[cm]<\/td>\n<td>114<\/td>\n<\/tr>\n<tr>\n<td>X<\/td>\n<td>Unghiul sp\u0103tarului<\/td>\n<td>[\u00b0]<\/td>\n<td>95<\/td>\n<\/tr>\n<tr>\n<td>Y<\/td>\n<td>Unghiul scaunului<\/td>\n<td>[\u00b0]<\/td>\n<td>25<\/td>\n<\/tr>\n<tr>\n<td><\/td>\n<td>Max. greutatea pacientului<\/td>\n<td>[kg]<\/td>\n<td>35<\/td>\n<\/tr>\n<\/tbody>\n<\/table>\n<\/div>\n<p>ATEN\u021aIE: eroarea m\u0103surare admis\u0103 indicat\u0103 \u00een tabel este +\/- 1 cm.<\/p>\n","protected":false},"excerpt":{"rendered":"<p>Modern, practic, cu un design unic &#8211; MAMALU \u2122 &#8211;  [&#8230;]<\/p>\n","protected":false},"featured_media":6911,"template":"","meta":[],"pwb-brand":[272],"product_brand":[],"product_cat":[891,893],"product_tag":[],"class_list":{"0":"post-14549","1":"product","2":"type-product","3":"status-publish","4":"has-post-thumbnail","6":"pwb-brand-akces-med","7":"product_cat-dispozitive-de-mers-si-verticalizare-2","8":"product_cat-wheelchairs-dispozitive-de-mers-si-verticalizare-2","10":"first","11":"instock","12":"shipping-taxable","13":"purchasable","14":"product-type-simple"},"yoast_head":"<!-- This site is optimized with the Yoast SEO Premium plugin v18.3 (Yoast SEO v27.4) - https:\/\/yoast.com\/product\/yoast-seo-premium-wordpress\/ -->\n<title>MAMALU - C\u0103rucior special - HUB Ortopedie<\/title>\n<meta name=\"robots\" content=\"index, follow, max-snippet:-1, max-image-preview:large, max-video-preview:-1\" \/>\n<link rel=\"canonical\" href=\"https:\/\/hub.ortopedie.md\/en\/shop\/mamalu-carucior-special\/\" \/>\n<meta property=\"og:locale\" content=\"en_US\" \/>\n<meta property=\"og:type\" content=\"article\" \/>\n<meta property=\"og:title\" content=\"MAMALU - C\u0103rucior special\" \/>\n<meta property=\"og:description\" content=\"Modern, practic, cu un design unic &#8211; MAMALU \u2122 &#8211; [...]\" \/>\n<meta property=\"og:url\" content=\"https:\/\/hub.ortopedie.md\/en\/shop\/mamalu-carucior-special\/\" \/>\n<meta property=\"og:site_name\" content=\"Hub Ortopedie - Magazin ortopedic. \u041e\u0440\u0442\u043e\u043f\u0435\u0434\u0438\u0447\u0435\u0441\u043a\u0438\u0439 \u043c\u0430\u0433\u0430\u0437\u0438\u043d\" \/>\n<meta property=\"article:publisher\" content=\"https:\/\/www.facebook.com\/ORTOPEDIE.MD\/\" \/>\n<meta property=\"article:modified_time\" content=\"2026-03-12T15:28:49+00:00\" \/>\n<meta property=\"og:image\" content=\"https:\/\/hub.ortopedie.md\/wp-content\/uploads\/2020\/05\/Mamalu-glowne-bez-sita-na-podnozku-380x380-1.png\" \/>\n\t<meta property=\"og:image:width\" content=\"601\" \/>\n\t<meta property=\"og:image:height\" content=\"600\" \/>\n\t<meta property=\"og:image:type\" content=\"image\/png\" \/>\n<meta name=\"twitter:label1\" content=\"Price\" \/>\n\t<meta name=\"twitter:data1\" content=\"14,500.00&nbsp;MDL\" \/>\n\t<meta name=\"twitter:label2\" content=\"Availability\" \/>\n\t<meta name=\"twitter:data2\" content=\"In stock\" \/>\n<script type=\"application\/ld+json\" class=\"yoast-schema-graph\">{\"@context\":\"https:\\\/\\\/schema.org\",\"@graph\":[{\"@type\":\"WebPage\",\"@id\":\"https:\\\/\\\/hub.ortopedie.md\\\/en\\\/shop\\\/mamalu-carucior-special\\\/\",\"url\":\"https:\\\/\\\/hub.ortopedie.md\\\/en\\\/shop\\\/mamalu-carucior-special\\\/\",\"name\":\"MAMALU - C\u0103rucior special - HUB Ortopedie\",\"isPartOf\":{\"@id\":\"https:\\\/\\\/hub.ortopedie.md\\\/#website\"},\"primaryImageOfPage\":{\"@id\":\"https:\\\/\\\/hub.ortopedie.md\\\/en\\\/shop\\\/mamalu-carucior-special\\\/#primaryimage\"},\"image\":{\"@id\":\"https:\\\/\\\/hub.ortopedie.md\\\/en\\\/shop\\\/mamalu-carucior-special\\\/#primaryimage\"},\"thumbnailUrl\":\"https:\\\/\\\/hub.ortopedie.md\\\/wp-content\\\/uploads\\\/2020\\\/05\\\/Mamalu-glowne-bez-sita-na-podnozku-380x380-1.png\",\"datePublished\":\"2026-03-12T15:28:48+00:00\",\"dateModified\":\"2026-03-12T15:28:49+00:00\",\"breadcrumb\":{\"@id\":\"https:\\\/\\\/hub.ortopedie.md\\\/en\\\/shop\\\/mamalu-carucior-special\\\/#breadcrumb\"},\"inLanguage\":\"en-US\",\"potentialAction\":[{\"@type\":\"ReadAction\",\"target\":[\"https:\\\/\\\/hub.ortopedie.md\\\/en\\\/shop\\\/mamalu-carucior-special\\\/\"]}]},{\"@type\":\"ImageObject\",\"inLanguage\":\"en-US\",\"@id\":\"https:\\\/\\\/hub.ortopedie.md\\\/en\\\/shop\\\/mamalu-carucior-special\\\/#primaryimage\",\"url\":\"https:\\\/\\\/hub.ortopedie.md\\\/wp-content\\\/uploads\\\/2020\\\/05\\\/Mamalu-glowne-bez-sita-na-podnozku-380x380-1.png\",\"contentUrl\":\"https:\\\/\\\/hub.ortopedie.md\\\/wp-content\\\/uploads\\\/2020\\\/05\\\/Mamalu-glowne-bez-sita-na-podnozku-380x380-1.png\",\"width\":601,\"height\":600},{\"@type\":\"BreadcrumbList\",\"@id\":\"https:\\\/\\\/hub.ortopedie.md\\\/en\\\/shop\\\/mamalu-carucior-special\\\/#breadcrumb\",\"itemListElement\":[{\"@type\":\"ListItem\",\"position\":1,\"name\":\"Prima pagin\u0103\",\"item\":\"https:\\\/\\\/hub.ortopedie.md\\\/en\\\/\"},{\"@type\":\"ListItem\",\"position\":2,\"name\":\"Produse\",\"item\":\"https:\\\/\\\/hub.ortopedie.md\\\/shop\\\/\"},{\"@type\":\"ListItem\",\"position\":3,\"name\":\"MAMALU &#8211; C\u0103rucior special\"}]},{\"@type\":\"WebSite\",\"@id\":\"https:\\\/\\\/hub.ortopedie.md\\\/#website\",\"url\":\"https:\\\/\\\/hub.ortopedie.md\\\/\",\"name\":\"Hub Ortopedie - Magazin ortopedic. \u041e\u0440\u0442\u043e\u043f\u0435\u0434\u0438\u0447\u0435\u0441\u043a\u0438\u0439 \u043c\u0430\u0433\u0430\u0437\u0438\u043d\",\"description\":\"S\u0103n\u0103tate, confort, calitate\",\"publisher\":{\"@id\":\"https:\\\/\\\/hub.ortopedie.md\\\/#organization\"},\"potentialAction\":[{\"@type\":\"SearchAction\",\"target\":{\"@type\":\"EntryPoint\",\"urlTemplate\":\"https:\\\/\\\/hub.ortopedie.md\\\/?s={search_term_string}\"},\"query-input\":{\"@type\":\"PropertyValueSpecification\",\"valueRequired\":true,\"valueName\":\"search_term_string\"}}],\"inLanguage\":\"en-US\"},{\"@type\":\"Organization\",\"@id\":\"https:\\\/\\\/hub.ortopedie.md\\\/#organization\",\"name\":\"HUB ORTOPEDIE\",\"url\":\"https:\\\/\\\/hub.ortopedie.md\\\/\",\"logo\":{\"@type\":\"ImageObject\",\"inLanguage\":\"en-US\",\"@id\":\"https:\\\/\\\/hub.ortopedie.md\\\/#\\\/schema\\\/logo\\\/image\\\/\",\"url\":\"https:\\\/\\\/hub.ortopedie.md\\\/wp-content\\\/uploads\\\/2018\\\/01\\\/hub-logo.png\",\"contentUrl\":\"https:\\\/\\\/hub.ortopedie.md\\\/wp-content\\\/uploads\\\/2018\\\/01\\\/hub-logo.png\",\"width\":124,\"height\":90,\"caption\":\"HUB ORTOPEDIE\"},\"image\":{\"@id\":\"https:\\\/\\\/hub.ortopedie.md\\\/#\\\/schema\\\/logo\\\/image\\\/\"},\"sameAs\":[\"https:\\\/\\\/www.facebook.com\\\/ORTOPEDIE.MD\\\/\",\"https:\\\/\\\/www.instagram.com\\\/hub_ortopedie\\\/\"]}]}<\/script>\n<meta property=\"product:price:amount\" content=\"14500.00\" \/>\n<meta property=\"product:price:currency\" content=\"MDL\" \/>\n<meta property=\"og:availability\" content=\"instock\" \/>\n<meta property=\"product:availability\" content=\"instock\" \/>\n<meta property=\"product:condition\" content=\"new\" \/>\n<!-- \/ Yoast SEO Premium plugin. -->","yoast_head_json":{"title":"MAMALU - C\u0103rucior special - HUB Ortopedie","robots":{"index":"index","follow":"follow","max-snippet":"max-snippet:-1","max-image-preview":"max-image-preview:large","max-video-preview":"max-video-preview:-1"},"canonical":"https:\/\/hub.ortopedie.md\/en\/shop\/mamalu-carucior-special\/","og_locale":"en_US","og_type":"article","og_title":"MAMALU - C\u0103rucior special","og_description":"Modern, practic, cu un design unic &#8211; MAMALU \u2122 &#8211; [...]","og_url":"https:\/\/hub.ortopedie.md\/en\/shop\/mamalu-carucior-special\/","og_site_name":"Hub Ortopedie - Magazin ortopedic. \u041e\u0440\u0442\u043e\u043f\u0435\u0434\u0438\u0447\u0435\u0441\u043a\u0438\u0439 \u043c\u0430\u0433\u0430\u0437\u0438\u043d","article_publisher":"https:\/\/www.facebook.com\/ORTOPEDIE.MD\/","article_modified_time":"2026-03-12T15:28:49+00:00","og_image":[{"width":601,"height":600,"url":"https:\/\/hub.ortopedie.md\/wp-content\/uploads\/2020\/05\/Mamalu-glowne-bez-sita-na-podnozku-380x380-1.png","type":"image\/png"}],"twitter_misc":{"Price":"14,500.00&nbsp;MDL","Availability":"In stock"},"schema":{"@context":"https:\/\/schema.org","@graph":[{"@type":"WebPage","@id":"https:\/\/hub.ortopedie.md\/en\/shop\/mamalu-carucior-special\/","url":"https:\/\/hub.ortopedie.md\/en\/shop\/mamalu-carucior-special\/","name":"MAMALU - C\u0103rucior special - HUB Ortopedie","isPartOf":{"@id":"https:\/\/hub.ortopedie.md\/#website"},"primaryImageOfPage":{"@id":"https:\/\/hub.ortopedie.md\/en\/shop\/mamalu-carucior-special\/#primaryimage"},"image":{"@id":"https:\/\/hub.ortopedie.md\/en\/shop\/mamalu-carucior-special\/#primaryimage"},"thumbnailUrl":"https:\/\/hub.ortopedie.md\/wp-content\/uploads\/2020\/05\/Mamalu-glowne-bez-sita-na-podnozku-380x380-1.png","datePublished":"2026-03-12T15:28:48+00:00","dateModified":"2026-03-12T15:28:49+00:00","breadcrumb":{"@id":"https:\/\/hub.ortopedie.md\/en\/shop\/mamalu-carucior-special\/#breadcrumb"},"inLanguage":"en-US","potentialAction":[{"@type":"ReadAction","target":["https:\/\/hub.ortopedie.md\/en\/shop\/mamalu-carucior-special\/"]}]},{"@type":"ImageObject","inLanguage":"en-US","@id":"https:\/\/hub.ortopedie.md\/en\/shop\/mamalu-carucior-special\/#primaryimage","url":"https:\/\/hub.ortopedie.md\/wp-content\/uploads\/2020\/05\/Mamalu-glowne-bez-sita-na-podnozku-380x380-1.png","contentUrl":"https:\/\/hub.ortopedie.md\/wp-content\/uploads\/2020\/05\/Mamalu-glowne-bez-sita-na-podnozku-380x380-1.png","width":601,"height":600},{"@type":"BreadcrumbList","@id":"https:\/\/hub.ortopedie.md\/en\/shop\/mamalu-carucior-special\/#breadcrumb","itemListElement":[{"@type":"ListItem","position":1,"name":"Prima pagin\u0103","item":"https:\/\/hub.ortopedie.md\/en\/"},{"@type":"ListItem","position":2,"name":"Produse","item":"https:\/\/hub.ortopedie.md\/shop\/"},{"@type":"ListItem","position":3,"name":"MAMALU &#8211; C\u0103rucior special"}]},{"@type":"WebSite","@id":"https:\/\/hub.ortopedie.md\/#website","url":"https:\/\/hub.ortopedie.md\/","name":"Hub Ortopedie - Magazin ortopedic. \u041e\u0440\u0442\u043e\u043f\u0435\u0434\u0438\u0447\u0435\u0441\u043a\u0438\u0439 \u043c\u0430\u0433\u0430\u0437\u0438\u043d","description":"S\u0103n\u0103tate, confort, calitate","publisher":{"@id":"https:\/\/hub.ortopedie.md\/#organization"},"potentialAction":[{"@type":"SearchAction","target":{"@type":"EntryPoint","urlTemplate":"https:\/\/hub.ortopedie.md\/?s={search_term_string}"},"query-input":{"@type":"PropertyValueSpecification","valueRequired":true,"valueName":"search_term_string"}}],"inLanguage":"en-US"},{"@type":"Organization","@id":"https:\/\/hub.ortopedie.md\/#organization","name":"HUB ORTOPEDIE","url":"https:\/\/hub.ortopedie.md\/","logo":{"@type":"ImageObject","inLanguage":"en-US","@id":"https:\/\/hub.ortopedie.md\/#\/schema\/logo\/image\/","url":"https:\/\/hub.ortopedie.md\/wp-content\/uploads\/2018\/01\/hub-logo.png","contentUrl":"https:\/\/hub.ortopedie.md\/wp-content\/uploads\/2018\/01\/hub-logo.png","width":124,"height":90,"caption":"HUB ORTOPEDIE"},"image":{"@id":"https:\/\/hub.ortopedie.md\/#\/schema\/logo\/image\/"},"sameAs":["https:\/\/www.facebook.com\/ORTOPEDIE.MD\/","https:\/\/www.instagram.com\/hub_ortopedie\/"]}]},"product_price_amount":"14500.00","product_price_currency":"MDL","og_availability":"instock","product_availability":"instock","product_condition":"new"},"jetpack_sharing_enabled":true,"brands":[{"id":272,"name":"Akces Med","slug":"akces-med"}],"_links":{"self":[{"href":"https:\/\/hub.ortopedie.md\/en\/wp-json\/wp\/v2\/product\/14549","targetHints":{"allow":["GET"]}}],"collection":[{"href":"https:\/\/hub.ortopedie.md\/en\/wp-json\/wp\/v2\/product"}],"about":[{"href":"https:\/\/hub.ortopedie.md\/en\/wp-json\/wp\/v2\/types\/product"}],"wp:featuredmedia":[{"embeddable":true,"href":"https:\/\/hub.ortopedie.md\/en\/wp-json\/wp\/v2\/media\/6911"}],"wp:attachment":[{"href":"https:\/\/hub.ortopedie.md\/en\/wp-json\/wp\/v2\/media?parent=14549"}],"wp:term":[{"taxonomy":"pwb-brand","embeddable":true,"href":"https:\/\/hub.ortopedie.md\/en\/wp-json\/wp\/v2\/pwb-brand?post=14549"},{"taxonomy":"product_brand","embeddable":true,"href":"https:\/\/hub.ortopedie.md\/en\/wp-json\/wp\/v2\/product_brand?post=14549"},{"taxonomy":"product_cat","embeddable":true,"href":"https:\/\/hub.ortopedie.md\/en\/wp-json\/wp\/v2\/product_cat?post=14549"},{"taxonomy":"product_tag","embeddable":true,"href":"https:\/\/hub.ortopedie.md\/en\/wp-json\/wp\/v2\/product_tag?post=14549"}],"curies":[{"name":"wp","href":"https:\/\/api.w.org\/{rel}","templated":true}]}}