{"id":14550,"date":"2026-03-12T17:28:49","date_gmt":"2026-03-12T15:28:49","guid":{"rendered":"https:\/\/hub.ortopedie.md\/shop\/nova-carucior-special\/"},"modified":"2026-03-12T17:28:49","modified_gmt":"2026-03-12T15:28:49","slug":"nova-carucior-special","status":"publish","type":"product","link":"https:\/\/hub.ortopedie.md\/en\/shop\/nova-carucior-special\/","title":{"rendered":"NOVA &#8211; Carucior special"},"content":{"rendered":"<p>NOVA \u2122 este un c\u0103rucior comod for persoane cu dizabilit\u0103\u021bi \u0219i deficien\u021be ale func\u021biilor sistemului musculo-scheletal.<\/p>\n<p>Este potrivit \u00een special for utilizatorii cu manifest\u0103ri spastice \u0219i cei care au nevoie stabilizare suplimentar\u0103. Un scaun ad\u00e2nc asigur\u0103 o pozi\u021bie confortabil\u0103 \u00een c\u0103rucior. Acest lucru ajut\u0103 la corectarea deficien\u021belor postur\u0103 \u0219i \u00een mare m\u0103sur\u0103 \u00eempiedic\u0103 dezvoltarea acestora.<\/p>\n<p>Multiple ajust\u0103ri pozi\u021bie \u0219i echipamentele op\u021bionale permit adaptarea produsului la necesit\u0103\u021bile personale. Reglarea unghiului \u00eenclinare a suportului for picioare \u0219i func\u021bia \u00eenclinare \u00een 3 trepte creeaz\u0103 oportunit\u0103\u021bi a c\u0103l\u0103tori \u00eentr-o pozi\u021bie confortabil\u0103.<\/p>\n<p>NOVA\u00a0 se deplaseaz\u0103 cu u\u0219urin\u021b\u0103 at\u00e2t pe teren plan, c\u00e2t \u0219i pe terenuri neuniforme. Datorit\u0103 construc\u021biei sale simple \u0219i u\u0219oare, c\u0103ruciorul NOVA \u2122 poate fi pliat cu u\u0219urin\u021b\u0103 for transport. Datorit\u0103 dimensiunii sale compacte, ocup\u0103 pu\u021bin spa\u021biu \u00een portbagaj.<\/p>\n<p>Designul c\u0103ruciorului v\u0103 permite s\u0103 seta\u021bi distan\u021ba dintre osiile ro\u021bilor. Putem s\u0103 le instal\u0103m mai larg for a cre\u0219te stabilitatea c\u0103ruciorului sau \u00eengust for a cre\u0219te manevrabilitatea.<\/p>\n<p>C\u0103ruciorul este disponibil \u00een 3 dimensiuni.<\/p>\n<p><img decoding=\"async\" class=\"alignnone wp-image-6916 size-fusion-600\" src=\"https:\/\/hub.ortopedie.md\/wp-content\/uploads\/2020\/05\/grafy-nova-v2-ru-940x700-1-600x447.jpg\" alt=\"\" width=\"600\" height=\"447\" srcset=\"https:\/\/hub.ortopedie.md\/wp-content\/uploads\/2020\/05\/grafy-nova-v2-ru-940x700-1-200x149.jpg 200w, https:\/\/hub.ortopedie.md\/wp-content\/uploads\/2020\/05\/grafy-nova-v2-ru-940x700-1-300x223.jpg 300w, https:\/\/hub.ortopedie.md\/wp-content\/uploads\/2020\/05\/grafy-nova-v2-ru-940x700-1-400x298.jpg 400w, https:\/\/hub.ortopedie.md\/wp-content\/uploads\/2020\/05\/grafy-nova-v2-ru-940x700-1-500x372.jpg 500w, https:\/\/hub.ortopedie.md\/wp-content\/uploads\/2020\/05\/grafy-nova-v2-ru-940x700-1-600x447.jpg 600w, https:\/\/hub.ortopedie.md\/wp-content\/uploads\/2020\/05\/grafy-nova-v2-ru-940x700-1-700x521.jpg 700w, https:\/\/hub.ortopedie.md\/wp-content\/uploads\/2020\/05\/grafy-nova-v2-ru-940x700-1-768x572.jpg 768w, https:\/\/hub.ortopedie.md\/wp-content\/uploads\/2020\/05\/grafy-nova-v2-ru-940x700-1-800x596.jpg 800w, https:\/\/hub.ortopedie.md\/wp-content\/uploads\/2020\/05\/grafy-nova-v2-ru-940x700-1.jpg 940w\" sizes=\"(max-width: 600px) 100vw, 600px\" \/><\/p>\n<p><img decoding=\"async\" class=\"alignnone wp-image-6918 size-fusion-600\" src=\"https:\/\/hub.ortopedie.md\/wp-content\/uploads\/2020\/05\/ru-rozstaw-osi-k-smarttraction-1-940x376-1-600x240.jpg\" alt=\"\" width=\"600\" height=\"240\" srcset=\"https:\/\/hub.ortopedie.md\/wp-content\/uploads\/2020\/05\/ru-rozstaw-osi-k-smarttraction-1-940x376-1-200x80.jpg 200w, https:\/\/hub.ortopedie.md\/wp-content\/uploads\/2020\/05\/ru-rozstaw-osi-k-smarttraction-1-940x376-1-300x120.jpg 300w, https:\/\/hub.ortopedie.md\/wp-content\/uploads\/2020\/05\/ru-rozstaw-osi-k-smarttraction-1-940x376-1-400x160.jpg 400w, https:\/\/hub.ortopedie.md\/wp-content\/uploads\/2020\/05\/ru-rozstaw-osi-k-smarttraction-1-940x376-1-500x200.jpg 500w, https:\/\/hub.ortopedie.md\/wp-content\/uploads\/2020\/05\/ru-rozstaw-osi-k-smarttraction-1-940x376-1-600x240.jpg 600w, https:\/\/hub.ortopedie.md\/wp-content\/uploads\/2020\/05\/ru-rozstaw-osi-k-smarttraction-1-940x376-1-700x280.jpg 700w, https:\/\/hub.ortopedie.md\/wp-content\/uploads\/2020\/05\/ru-rozstaw-osi-k-smarttraction-1-940x376-1-768x307.jpg 768w, https:\/\/hub.ortopedie.md\/wp-content\/uploads\/2020\/05\/ru-rozstaw-osi-k-smarttraction-1-940x376-1-800x320.jpg 800w, https:\/\/hub.ortopedie.md\/wp-content\/uploads\/2020\/05\/ru-rozstaw-osi-k-smarttraction-1-940x376-1.jpg 940w\" sizes=\"(max-width: 600px) 100vw, 600px\" \/><\/p>\n<h2>INDICATII<\/h2>\n<p>Recomandat persoanelor cu un diagnostic de:<\/p>\n<p>\u2022 paralizie cerebrala (MPD) &#8211; diverse forme,<br \/>\n\u2022 Meningomielocel<br \/>\n\u2022 Boli degenerative \u0219i reumatice ale articula\u021biilor,<br \/>\n\u2022 Deteriorarea creierului \u0219i m\u0103duvei spin\u0103rii<br \/>\n\u2022 Scleroz\u0103 multipl\u0103 &#8211; SM, scleroz\u0103 lateral\u0103 amiotrofic\u0103 &#8211; SLA etc.),<br \/>\n\u2022 Boli musculare, inclusiv parez\u0103 \u0219i paralizie, distrofie, miastenie gravis, polimiozit\u0103,<br \/>\n\u2022 Sindroame genetice cu parez\u0103 a extremit\u0103\u021bilor inferioare,<br \/>\n\u2022 tulbur\u0103ri degenerative \u0219i metabolice ale sistemului nervos,<br \/>\n\u2022 Dup\u0103 leziuni traumatice ale creierului sau leziuni ale coloanei vertebrale cu leziuni ale m\u0103duvei spin\u0103rii cu parez\u0103 \u0219i paralizie, \u00een special cu tetraparez\u0103 (ca parte a procesului reabilitare sau \u00eengrijire continu\u0103).<\/p>\n<p><img decoding=\"async\" class=\"alignnone wp-image-6913 size-fusion-600\" src=\"https:\/\/hub.ortopedie.md\/wp-content\/uploads\/2020\/05\/piktogramy_w930_racer-600x279.jpg\" alt=\"\" width=\"600\" height=\"279\" srcset=\"https:\/\/hub.ortopedie.md\/wp-content\/uploads\/2020\/05\/piktogramy_w930_racer-200x93.jpg 200w, https:\/\/hub.ortopedie.md\/wp-content\/uploads\/2020\/05\/piktogramy_w930_racer-300x139.jpg 300w, https:\/\/hub.ortopedie.md\/wp-content\/uploads\/2020\/05\/piktogramy_w930_racer-400x186.jpg 400w, https:\/\/hub.ortopedie.md\/wp-content\/uploads\/2020\/05\/piktogramy_w930_racer-500x232.jpg 500w, https:\/\/hub.ortopedie.md\/wp-content\/uploads\/2020\/05\/piktogramy_w930_racer-600x279.jpg 600w, https:\/\/hub.ortopedie.md\/wp-content\/uploads\/2020\/05\/piktogramy_w930_racer-700x325.jpg 700w, https:\/\/hub.ortopedie.md\/wp-content\/uploads\/2020\/05\/piktogramy_w930_racer-768x357.jpg 768w, https:\/\/hub.ortopedie.md\/wp-content\/uploads\/2020\/05\/piktogramy_w930_racer-800x372.jpg 800w, https:\/\/hub.ortopedie.md\/wp-content\/uploads\/2020\/05\/piktogramy_w930_racer.jpg 930w\" sizes=\"(max-width: 600px) 100vw, 600px\" \/><\/p>\n<div class=\"spacer\">\n<table width=\"929\">\n<tbody>\n<tr>\n<th>Simbol<\/th>\n<th>Masura<\/th>\n<th>Un.<\/th>\n<th>Marime<\/p>\n<p>1<\/th>\n<th>Marime<\/p>\n<p>2<\/th>\n<th>Marime<\/p>\n<p>3<\/th>\n<\/tr>\n<tr>\n<td><strong>W<\/strong><\/td>\n<td><strong>\u00cen\u0103l\u021bimea aproximativ\u0103 a pacientului *<\/strong><\/td>\n<td><strong>[cm]<\/strong><\/td>\n<td><strong>100 \u2014 130<\/strong><\/td>\n<td><strong>120 \u2014 160<\/strong><\/td>\n<td><strong>140 \u2014 180<\/strong><\/td>\n<\/tr>\n<tr>\n<td><strong>A<\/strong><\/td>\n<td><strong>L\u0103\u021bimea scaunului <\/strong><\/td>\n<td><strong>[cm]<\/strong><\/td>\n<td><strong>31<\/strong><\/td>\n<td><strong>36<\/strong><\/td>\n<td><strong>41<\/strong><\/td>\n<\/tr>\n<tr>\n<td><strong>L<\/strong><\/td>\n<td><strong>Ad\u00e2ncimea scaunului<\/strong><\/td>\n<td><strong>[cm]<\/strong><\/td>\n<td><strong>32<\/strong><\/td>\n<td><strong>38<\/strong><\/td>\n<td><strong>44<\/strong><\/td>\n<\/tr>\n<tr>\n<td><strong>C<sub>1<\/sub><\/strong><\/td>\n<td><strong>\u00cen\u0103l\u021bimea spatelui <\/strong><\/td>\n<td><strong>[cm]<\/strong><\/td>\n<td><strong>62<\/strong><\/td>\n<td><strong>70<\/strong><\/td>\n<td><strong>84<\/strong><\/td>\n<\/tr>\n<tr>\n<td><strong>C<\/strong><\/td>\n<td>\u00cen\u0103l\u021bimea tetierei<\/td>\n<td><strong>[cm]<\/strong><\/td>\n<td><strong>43 \u2014 55<\/strong><\/td>\n<td><strong>54 \u2014 66<\/strong><\/td>\n<td><strong>64 \u2014 79<\/strong><\/td>\n<\/tr>\n<tr>\n<td><strong>E<\/strong><\/td>\n<td>L\u0103\u021bimea spatelui<\/td>\n<td><strong>[cm]<\/strong><\/td>\n<td><strong>31<\/strong><\/td>\n<td><strong>36<\/strong><\/td>\n<td><strong>41<\/strong><\/td>\n<\/tr>\n<tr>\n<td><strong>F<\/strong><\/td>\n<td>Lungimea footboard-ului<\/td>\n<td><strong>[cm]<\/strong><\/td>\n<td><strong>25 \u2014 43<\/strong><\/td>\n<td><strong>30 \u2014 50<\/strong><\/td>\n<td><strong>32 \u2014 56<\/strong><\/td>\n<\/tr>\n<tr>\n<td><\/td>\n<td>Lungimea foot<\/td>\n<td>[cm]<\/td>\n<td>21<\/td>\n<td>24<\/td>\n<td>27<\/td>\n<\/tr>\n<tr>\n<td><\/td>\n<td>\u00cen\u0103l\u021bimea m\u00e2nerului for control<\/td>\n<td>[cm]<\/td>\n<td>96<\/td>\n<td>96<\/td>\n<td>96<\/td>\n<\/tr>\n<tr>\n<td>X<\/td>\n<td>Unghiul sp\u0103tarului<\/td>\n<td>[\u00b0]<\/td>\n<td>97<\/td>\n<td>97<\/td>\n<td>97<\/td>\n<\/tr>\n<tr>\n<td>Y<\/td>\n<td>Unghiul scaunului &#8211; func\u021bie inclinabil\u0103<\/td>\n<td>[\u00b0]<\/td>\n<td>15, 20, 25<\/td>\n<td>15, 20, 25<\/td>\n<td>15, 20, 25<\/td>\n<\/tr>\n<tr>\n<td>Z<\/td>\n<td>Unghiul \u00eenclinare a foot<\/td>\n<td>[\u00b0]<\/td>\n<td>95 \u2014 150<\/td>\n<td>95 \u2014 150<\/td>\n<td>95 \u2014 135<\/td>\n<\/tr>\n<tr>\n<td><\/td>\n<td>Max. greutatea pacientului<\/td>\n<td>[kg]<\/td>\n<td>40<\/td>\n<td>60<\/td>\n<td>90<\/td>\n<\/tr>\n<\/tbody>\n<\/table>\n<\/div>\n<p>ATEN\u021aIE: eroarea m\u0103surare admis\u0103 indicat\u0103 \u00een tabel este +\/- 1 cm.<\/p>\n","protected":false},"excerpt":{"rendered":"<p>NOVA \u2122 este un c\u0103rucior comod for persoane cu dizabilit\u0103\u021bi  [&#8230;]<\/p>\n","protected":false},"featured_media":6920,"template":"","meta":[],"pwb-brand":[272],"product_brand":[],"product_cat":[891,893],"product_tag":[],"class_list":{"0":"post-14550","1":"product","2":"type-product","3":"status-publish","4":"has-post-thumbnail","6":"pwb-brand-akces-med","7":"product_cat-dispozitive-de-mers-si-verticalizare-2","8":"product_cat-wheelchairs-dispozitive-de-mers-si-verticalizare-2","10":"first","11":"instock","12":"shipping-taxable","13":"purchasable","14":"product-type-simple"},"yoast_head":"<!-- This site is optimized with the Yoast SEO Premium plugin v18.3 (Yoast SEO v27.4) - https:\/\/yoast.com\/product\/yoast-seo-premium-wordpress\/ -->\n<title>NOVA - Carucior special - HUB Ortopedie<\/title>\n<meta name=\"robots\" content=\"index, follow, max-snippet:-1, max-image-preview:large, max-video-preview:-1\" \/>\n<link rel=\"canonical\" href=\"https:\/\/hub.ortopedie.md\/en\/shop\/nova-carucior-special\/\" \/>\n<meta property=\"og:locale\" content=\"en_US\" \/>\n<meta property=\"og:type\" content=\"article\" \/>\n<meta property=\"og:title\" content=\"NOVA - Carucior special\" \/>\n<meta property=\"og:description\" content=\"NOVA \u2122 este un c\u0103rucior comod for persoane cu dizabilit\u0103\u021bi [...]\" \/>\n<meta property=\"og:url\" content=\"https:\/\/hub.ortopedie.md\/en\/shop\/nova-carucior-special\/\" \/>\n<meta property=\"og:site_name\" content=\"Hub Ortopedie - Magazin ortopedic. \u041e\u0440\u0442\u043e\u043f\u0435\u0434\u0438\u0447\u0435\u0441\u043a\u0438\u0439 \u043c\u0430\u0433\u0430\u0437\u0438\u043d\" \/>\n<meta property=\"article:publisher\" content=\"https:\/\/www.facebook.com\/ORTOPEDIE.MD\/\" \/>\n<meta property=\"og:image\" content=\"https:\/\/hub.ortopedie.md\/wp-content\/uploads\/2020\/05\/nova-380x380-1.png\" \/>\n\t<meta property=\"og:image:width\" content=\"600\" \/>\n\t<meta property=\"og:image:height\" content=\"603\" \/>\n\t<meta property=\"og:image:type\" content=\"image\/png\" \/>\n<meta name=\"twitter:label1\" content=\"Price\" \/>\n\t<meta name=\"twitter:data1\" content=\"30,000.00&nbsp;MDL\" \/>\n\t<meta name=\"twitter:label2\" content=\"Availability\" \/>\n\t<meta name=\"twitter:data2\" content=\"In stock\" \/>\n<script type=\"application\/ld+json\" class=\"yoast-schema-graph\">{\"@context\":\"https:\\\/\\\/schema.org\",\"@graph\":[{\"@type\":\"WebPage\",\"@id\":\"https:\\\/\\\/hub.ortopedie.md\\\/en\\\/shop\\\/nova-carucior-special\\\/\",\"url\":\"https:\\\/\\\/hub.ortopedie.md\\\/en\\\/shop\\\/nova-carucior-special\\\/\",\"name\":\"NOVA - Carucior special - HUB Ortopedie\",\"isPartOf\":{\"@id\":\"https:\\\/\\\/hub.ortopedie.md\\\/#website\"},\"primaryImageOfPage\":{\"@id\":\"https:\\\/\\\/hub.ortopedie.md\\\/en\\\/shop\\\/nova-carucior-special\\\/#primaryimage\"},\"image\":{\"@id\":\"https:\\\/\\\/hub.ortopedie.md\\\/en\\\/shop\\\/nova-carucior-special\\\/#primaryimage\"},\"thumbnailUrl\":\"https:\\\/\\\/hub.ortopedie.md\\\/wp-content\\\/uploads\\\/2020\\\/05\\\/nova-380x380-1.png\",\"datePublished\":\"2026-03-12T15:28:49+00:00\",\"breadcrumb\":{\"@id\":\"https:\\\/\\\/hub.ortopedie.md\\\/en\\\/shop\\\/nova-carucior-special\\\/#breadcrumb\"},\"inLanguage\":\"en-US\",\"potentialAction\":[{\"@type\":\"ReadAction\",\"target\":[\"https:\\\/\\\/hub.ortopedie.md\\\/en\\\/shop\\\/nova-carucior-special\\\/\"]}]},{\"@type\":\"ImageObject\",\"inLanguage\":\"en-US\",\"@id\":\"https:\\\/\\\/hub.ortopedie.md\\\/en\\\/shop\\\/nova-carucior-special\\\/#primaryimage\",\"url\":\"https:\\\/\\\/hub.ortopedie.md\\\/wp-content\\\/uploads\\\/2020\\\/05\\\/nova-380x380-1.png\",\"contentUrl\":\"https:\\\/\\\/hub.ortopedie.md\\\/wp-content\\\/uploads\\\/2020\\\/05\\\/nova-380x380-1.png\",\"width\":600,\"height\":603},{\"@type\":\"BreadcrumbList\",\"@id\":\"https:\\\/\\\/hub.ortopedie.md\\\/en\\\/shop\\\/nova-carucior-special\\\/#breadcrumb\",\"itemListElement\":[{\"@type\":\"ListItem\",\"position\":1,\"name\":\"Prima pagin\u0103\",\"item\":\"https:\\\/\\\/hub.ortopedie.md\\\/en\\\/\"},{\"@type\":\"ListItem\",\"position\":2,\"name\":\"Produse\",\"item\":\"https:\\\/\\\/hub.ortopedie.md\\\/shop\\\/\"},{\"@type\":\"ListItem\",\"position\":3,\"name\":\"NOVA &#8211; Carucior special\"}]},{\"@type\":\"WebSite\",\"@id\":\"https:\\\/\\\/hub.ortopedie.md\\\/#website\",\"url\":\"https:\\\/\\\/hub.ortopedie.md\\\/\",\"name\":\"Hub Ortopedie - Magazin ortopedic. \u041e\u0440\u0442\u043e\u043f\u0435\u0434\u0438\u0447\u0435\u0441\u043a\u0438\u0439 \u043c\u0430\u0433\u0430\u0437\u0438\u043d\",\"description\":\"S\u0103n\u0103tate, confort, calitate\",\"publisher\":{\"@id\":\"https:\\\/\\\/hub.ortopedie.md\\\/#organization\"},\"potentialAction\":[{\"@type\":\"SearchAction\",\"target\":{\"@type\":\"EntryPoint\",\"urlTemplate\":\"https:\\\/\\\/hub.ortopedie.md\\\/?s={search_term_string}\"},\"query-input\":{\"@type\":\"PropertyValueSpecification\",\"valueRequired\":true,\"valueName\":\"search_term_string\"}}],\"inLanguage\":\"en-US\"},{\"@type\":\"Organization\",\"@id\":\"https:\\\/\\\/hub.ortopedie.md\\\/#organization\",\"name\":\"HUB ORTOPEDIE\",\"url\":\"https:\\\/\\\/hub.ortopedie.md\\\/\",\"logo\":{\"@type\":\"ImageObject\",\"inLanguage\":\"en-US\",\"@id\":\"https:\\\/\\\/hub.ortopedie.md\\\/#\\\/schema\\\/logo\\\/image\\\/\",\"url\":\"https:\\\/\\\/hub.ortopedie.md\\\/wp-content\\\/uploads\\\/2018\\\/01\\\/hub-logo.png\",\"contentUrl\":\"https:\\\/\\\/hub.ortopedie.md\\\/wp-content\\\/uploads\\\/2018\\\/01\\\/hub-logo.png\",\"width\":124,\"height\":90,\"caption\":\"HUB ORTOPEDIE\"},\"image\":{\"@id\":\"https:\\\/\\\/hub.ortopedie.md\\\/#\\\/schema\\\/logo\\\/image\\\/\"},\"sameAs\":[\"https:\\\/\\\/www.facebook.com\\\/ORTOPEDIE.MD\\\/\",\"https:\\\/\\\/www.instagram.com\\\/hub_ortopedie\\\/\"]}]}<\/script>\n<meta property=\"product:price:amount\" content=\"30000.00\" \/>\n<meta property=\"product:price:currency\" content=\"MDL\" \/>\n<meta property=\"og:availability\" content=\"instock\" \/>\n<meta property=\"product:availability\" content=\"instock\" \/>\n<meta property=\"product:condition\" content=\"new\" \/>\n<!-- \/ Yoast SEO Premium plugin. -->","yoast_head_json":{"title":"NOVA - Carucior special - HUB Ortopedie","robots":{"index":"index","follow":"follow","max-snippet":"max-snippet:-1","max-image-preview":"max-image-preview:large","max-video-preview":"max-video-preview:-1"},"canonical":"https:\/\/hub.ortopedie.md\/en\/shop\/nova-carucior-special\/","og_locale":"en_US","og_type":"article","og_title":"NOVA - Carucior special","og_description":"NOVA \u2122 este un c\u0103rucior comod for persoane cu dizabilit\u0103\u021bi [...]","og_url":"https:\/\/hub.ortopedie.md\/en\/shop\/nova-carucior-special\/","og_site_name":"Hub Ortopedie - Magazin ortopedic. \u041e\u0440\u0442\u043e\u043f\u0435\u0434\u0438\u0447\u0435\u0441\u043a\u0438\u0439 \u043c\u0430\u0433\u0430\u0437\u0438\u043d","article_publisher":"https:\/\/www.facebook.com\/ORTOPEDIE.MD\/","og_image":[{"width":600,"height":603,"url":"https:\/\/hub.ortopedie.md\/wp-content\/uploads\/2020\/05\/nova-380x380-1.png","type":"image\/png"}],"twitter_misc":{"Price":"30,000.00&nbsp;MDL","Availability":"In stock"},"schema":{"@context":"https:\/\/schema.org","@graph":[{"@type":"WebPage","@id":"https:\/\/hub.ortopedie.md\/en\/shop\/nova-carucior-special\/","url":"https:\/\/hub.ortopedie.md\/en\/shop\/nova-carucior-special\/","name":"NOVA - Carucior special - HUB Ortopedie","isPartOf":{"@id":"https:\/\/hub.ortopedie.md\/#website"},"primaryImageOfPage":{"@id":"https:\/\/hub.ortopedie.md\/en\/shop\/nova-carucior-special\/#primaryimage"},"image":{"@id":"https:\/\/hub.ortopedie.md\/en\/shop\/nova-carucior-special\/#primaryimage"},"thumbnailUrl":"https:\/\/hub.ortopedie.md\/wp-content\/uploads\/2020\/05\/nova-380x380-1.png","datePublished":"2026-03-12T15:28:49+00:00","breadcrumb":{"@id":"https:\/\/hub.ortopedie.md\/en\/shop\/nova-carucior-special\/#breadcrumb"},"inLanguage":"en-US","potentialAction":[{"@type":"ReadAction","target":["https:\/\/hub.ortopedie.md\/en\/shop\/nova-carucior-special\/"]}]},{"@type":"ImageObject","inLanguage":"en-US","@id":"https:\/\/hub.ortopedie.md\/en\/shop\/nova-carucior-special\/#primaryimage","url":"https:\/\/hub.ortopedie.md\/wp-content\/uploads\/2020\/05\/nova-380x380-1.png","contentUrl":"https:\/\/hub.ortopedie.md\/wp-content\/uploads\/2020\/05\/nova-380x380-1.png","width":600,"height":603},{"@type":"BreadcrumbList","@id":"https:\/\/hub.ortopedie.md\/en\/shop\/nova-carucior-special\/#breadcrumb","itemListElement":[{"@type":"ListItem","position":1,"name":"Prima pagin\u0103","item":"https:\/\/hub.ortopedie.md\/en\/"},{"@type":"ListItem","position":2,"name":"Produse","item":"https:\/\/hub.ortopedie.md\/shop\/"},{"@type":"ListItem","position":3,"name":"NOVA &#8211; Carucior special"}]},{"@type":"WebSite","@id":"https:\/\/hub.ortopedie.md\/#website","url":"https:\/\/hub.ortopedie.md\/","name":"Hub Ortopedie - Magazin ortopedic. \u041e\u0440\u0442\u043e\u043f\u0435\u0434\u0438\u0447\u0435\u0441\u043a\u0438\u0439 \u043c\u0430\u0433\u0430\u0437\u0438\u043d","description":"S\u0103n\u0103tate, confort, calitate","publisher":{"@id":"https:\/\/hub.ortopedie.md\/#organization"},"potentialAction":[{"@type":"SearchAction","target":{"@type":"EntryPoint","urlTemplate":"https:\/\/hub.ortopedie.md\/?s={search_term_string}"},"query-input":{"@type":"PropertyValueSpecification","valueRequired":true,"valueName":"search_term_string"}}],"inLanguage":"en-US"},{"@type":"Organization","@id":"https:\/\/hub.ortopedie.md\/#organization","name":"HUB ORTOPEDIE","url":"https:\/\/hub.ortopedie.md\/","logo":{"@type":"ImageObject","inLanguage":"en-US","@id":"https:\/\/hub.ortopedie.md\/#\/schema\/logo\/image\/","url":"https:\/\/hub.ortopedie.md\/wp-content\/uploads\/2018\/01\/hub-logo.png","contentUrl":"https:\/\/hub.ortopedie.md\/wp-content\/uploads\/2018\/01\/hub-logo.png","width":124,"height":90,"caption":"HUB ORTOPEDIE"},"image":{"@id":"https:\/\/hub.ortopedie.md\/#\/schema\/logo\/image\/"},"sameAs":["https:\/\/www.facebook.com\/ORTOPEDIE.MD\/","https:\/\/www.instagram.com\/hub_ortopedie\/"]}]},"product_price_amount":"30000.00","product_price_currency":"MDL","og_availability":"instock","product_availability":"instock","product_condition":"new"},"jetpack_sharing_enabled":true,"brands":[{"id":272,"name":"Akces Med","slug":"akces-med"}],"_links":{"self":[{"href":"https:\/\/hub.ortopedie.md\/en\/wp-json\/wp\/v2\/product\/14550","targetHints":{"allow":["GET"]}}],"collection":[{"href":"https:\/\/hub.ortopedie.md\/en\/wp-json\/wp\/v2\/product"}],"about":[{"href":"https:\/\/hub.ortopedie.md\/en\/wp-json\/wp\/v2\/types\/product"}],"wp:featuredmedia":[{"embeddable":true,"href":"https:\/\/hub.ortopedie.md\/en\/wp-json\/wp\/v2\/media\/6920"}],"wp:attachment":[{"href":"https:\/\/hub.ortopedie.md\/en\/wp-json\/wp\/v2\/media?parent=14550"}],"wp:term":[{"taxonomy":"pwb-brand","embeddable":true,"href":"https:\/\/hub.ortopedie.md\/en\/wp-json\/wp\/v2\/pwb-brand?post=14550"},{"taxonomy":"product_brand","embeddable":true,"href":"https:\/\/hub.ortopedie.md\/en\/wp-json\/wp\/v2\/product_brand?post=14550"},{"taxonomy":"product_cat","embeddable":true,"href":"https:\/\/hub.ortopedie.md\/en\/wp-json\/wp\/v2\/product_cat?post=14550"},{"taxonomy":"product_tag","embeddable":true,"href":"https:\/\/hub.ortopedie.md\/en\/wp-json\/wp\/v2\/product_tag?post=14550"}],"curies":[{"name":"wp","href":"https:\/\/api.w.org\/{rel}","templated":true}]}}