{"id":14735,"date":"2026-03-12T17:30:18","date_gmt":"2026-03-12T15:30:18","guid":{"rendered":"https:\/\/hub.ortopedie.md\/shop\/suport-for-genunchi-si-patela-cu-fixare-laterala-metal-si-benzi-sp003\/"},"modified":"2026-03-12T17:30:18","modified_gmt":"2026-03-12T15:30:18","slug":"suport-for-genunchi-si-patela-cu-fixare-laterala-metal-si-benzi-sp003","status":"publish","type":"product","link":"https:\/\/hub.ortopedie.md\/en\/shop\/suport-for-genunchi-si-patela-cu-fixare-laterala-metal-si-benzi-sp003\/","title":{"rendered":"Suport for genunchi \u0219i patel\u0103 cu fixare lateral\u0103 (metal) \u0219i benzi SP003"},"content":{"rendered":"<p><strong>SP003 Suport for genunchi cu fixare lateral\u0103 \u0219i benzi<\/strong><\/p>\n<ul>\n<li>Ofer\u0103 c\u0103ldur\u0103 \u0219i compresie.<\/li>\n<li>Folosit for osteoartrita si in special leziuni menisc.<\/li>\n<li>Circumferin\u021ba genunchiului este sus\u021binut\u0103 silicon special.<\/li>\n<li>Datorit\u0103 arcului flexibil din o\u021bel pe ambele p\u0103r\u021bi, sus\u021bine ligamentele mediale \u0219i laterale.<\/li>\n<li>Fabricat din material Spacer elastic respirabil.<\/li>\n<\/ul>\n<p><strong>M\u0103rimea :<\/strong><\/p>\n<p><strong>S<\/strong>: 31-34 <strong>cm<\/strong><\/p>\n<p><strong>M<\/strong>: 34-37 <strong>cm<\/strong><\/p>\n<p><strong>L<\/strong>: 37-40 cm<\/p>\n<p><strong>XL<\/strong> : 40-43<\/p>\n<p><strong>\u00a0XXL<\/strong>\u00a0: 43-46 cm<\/p>\n<p><strong>Culoare :<\/strong><\/p>\n<p>Jocuri<\/p>\n","protected":false},"excerpt":{"rendered":"<p>SP003 Suport for genunchi cu fixare lateral\u0103 \u0219i benzi Ofer\u0103  [&#8230;]<\/p>\n","protected":false},"featured_media":10371,"template":"","meta":[],"pwb-brand":[824],"product_brand":[],"product_cat":[897],"product_tag":[],"class_list":{"0":"post-14735","1":"product","2":"type-product","3":"status-publish","4":"has-post-thumbnail","6":"pwb-brand-medoksa","7":"product_cat-orthoses-amp-braces","9":"first","10":"instock","11":"shipping-taxable","12":"purchasable","13":"product-type-simple"},"yoast_head":"<!-- This site is optimized with the Yoast SEO Premium plugin v18.3 (Yoast SEO v27.4) - https:\/\/yoast.com\/product\/yoast-seo-premium-wordpress\/ -->\n<title>Suport for genunchi \u0219i patel\u0103 cu fixare lateral\u0103 (metal) \u0219i benzi SP003 - HUB Ortopedie<\/title>\n<meta name=\"robots\" content=\"index, follow, max-snippet:-1, max-image-preview:large, max-video-preview:-1\" \/>\n<link rel=\"canonical\" href=\"https:\/\/hub.ortopedie.md\/en\/shop\/suport-for-genunchi-si-patela-cu-fixare-laterala-metal-si-benzi-sp003\/\" \/>\n<meta property=\"og:locale\" content=\"en_US\" \/>\n<meta property=\"og:type\" content=\"article\" \/>\n<meta property=\"og:title\" content=\"Suport for genunchi \u0219i patel\u0103 cu fixare lateral\u0103 (metal) \u0219i benzi SP003\" \/>\n<meta property=\"og:description\" content=\"SP003 Suport for genunchi cu fixare lateral\u0103 \u0219i benzi Ofer\u0103 [...]\" \/>\n<meta property=\"og:url\" content=\"https:\/\/hub.ortopedie.md\/en\/shop\/suport-for-genunchi-si-patela-cu-fixare-laterala-metal-si-benzi-sp003\/\" \/>\n<meta property=\"og:site_name\" content=\"Hub Ortopedie - Magazin ortopedic. \u041e\u0440\u0442\u043e\u043f\u0435\u0434\u0438\u0447\u0435\u0441\u043a\u0438\u0439 \u043c\u0430\u0433\u0430\u0437\u0438\u043d\" \/>\n<meta property=\"article:publisher\" content=\"https:\/\/www.facebook.com\/ORTOPEDIE.MD\/\" \/>\n<meta property=\"og:image\" content=\"https:\/\/hub.ortopedie.md\/wp-content\/uploads\/2022\/08\/SP003-1.jpg\" \/>\n\t<meta property=\"og:image:width\" content=\"1200\" \/>\n\t<meta property=\"og:image:height\" content=\"1800\" \/>\n\t<meta property=\"og:image:type\" content=\"image\/jpeg\" \/>\n<meta name=\"twitter:label1\" content=\"Price\" \/>\n\t<meta name=\"twitter:data1\" content=\"650.00&nbsp;MDL\" \/>\n\t<meta name=\"twitter:label2\" content=\"Availability\" \/>\n\t<meta name=\"twitter:data2\" content=\"In stock\" \/>\n<script type=\"application\/ld+json\" class=\"yoast-schema-graph\">{\"@context\":\"https:\\\/\\\/schema.org\",\"@graph\":[{\"@type\":\"WebPage\",\"@id\":\"https:\\\/\\\/hub.ortopedie.md\\\/en\\\/shop\\\/suport-for-genunchi-si-patela-cu-fixare-laterala-metal-si-benzi-sp003\\\/\",\"url\":\"https:\\\/\\\/hub.ortopedie.md\\\/en\\\/shop\\\/suport-for-genunchi-si-patela-cu-fixare-laterala-metal-si-benzi-sp003\\\/\",\"name\":\"Suport for genunchi \u0219i patel\u0103 cu fixare lateral\u0103 (metal) \u0219i benzi SP003 - HUB Ortopedie\",\"isPartOf\":{\"@id\":\"https:\\\/\\\/hub.ortopedie.md\\\/#website\"},\"primaryImageOfPage\":{\"@id\":\"https:\\\/\\\/hub.ortopedie.md\\\/en\\\/shop\\\/suport-for-genunchi-si-patela-cu-fixare-laterala-metal-si-benzi-sp003\\\/#primaryimage\"},\"image\":{\"@id\":\"https:\\\/\\\/hub.ortopedie.md\\\/en\\\/shop\\\/suport-for-genunchi-si-patela-cu-fixare-laterala-metal-si-benzi-sp003\\\/#primaryimage\"},\"thumbnailUrl\":\"https:\\\/\\\/hub.ortopedie.md\\\/wp-content\\\/uploads\\\/2022\\\/08\\\/SP003-1.jpg\",\"datePublished\":\"2026-03-12T15:30:18+00:00\",\"breadcrumb\":{\"@id\":\"https:\\\/\\\/hub.ortopedie.md\\\/en\\\/shop\\\/suport-for-genunchi-si-patela-cu-fixare-laterala-metal-si-benzi-sp003\\\/#breadcrumb\"},\"inLanguage\":\"en-US\",\"potentialAction\":[{\"@type\":\"ReadAction\",\"target\":[\"https:\\\/\\\/hub.ortopedie.md\\\/en\\\/shop\\\/suport-for-genunchi-si-patela-cu-fixare-laterala-metal-si-benzi-sp003\\\/\"]}]},{\"@type\":\"ImageObject\",\"inLanguage\":\"en-US\",\"@id\":\"https:\\\/\\\/hub.ortopedie.md\\\/en\\\/shop\\\/suport-for-genunchi-si-patela-cu-fixare-laterala-metal-si-benzi-sp003\\\/#primaryimage\",\"url\":\"https:\\\/\\\/hub.ortopedie.md\\\/wp-content\\\/uploads\\\/2022\\\/08\\\/SP003-1.jpg\",\"contentUrl\":\"https:\\\/\\\/hub.ortopedie.md\\\/wp-content\\\/uploads\\\/2022\\\/08\\\/SP003-1.jpg\",\"width\":1200,\"height\":1800},{\"@type\":\"BreadcrumbList\",\"@id\":\"https:\\\/\\\/hub.ortopedie.md\\\/en\\\/shop\\\/suport-for-genunchi-si-patela-cu-fixare-laterala-metal-si-benzi-sp003\\\/#breadcrumb\",\"itemListElement\":[{\"@type\":\"ListItem\",\"position\":1,\"name\":\"Prima pagin\u0103\",\"item\":\"https:\\\/\\\/hub.ortopedie.md\\\/en\\\/\"},{\"@type\":\"ListItem\",\"position\":2,\"name\":\"Produse\",\"item\":\"https:\\\/\\\/hub.ortopedie.md\\\/shop\\\/\"},{\"@type\":\"ListItem\",\"position\":3,\"name\":\"Suport for genunchi \u0219i patel\u0103 cu fixare lateral\u0103 (metal) \u0219i benzi SP003\"}]},{\"@type\":\"WebSite\",\"@id\":\"https:\\\/\\\/hub.ortopedie.md\\\/#website\",\"url\":\"https:\\\/\\\/hub.ortopedie.md\\\/\",\"name\":\"Hub Ortopedie - Magazin ortopedic. \u041e\u0440\u0442\u043e\u043f\u0435\u0434\u0438\u0447\u0435\u0441\u043a\u0438\u0439 \u043c\u0430\u0433\u0430\u0437\u0438\u043d\",\"description\":\"S\u0103n\u0103tate, confort, calitate\",\"publisher\":{\"@id\":\"https:\\\/\\\/hub.ortopedie.md\\\/#organization\"},\"potentialAction\":[{\"@type\":\"SearchAction\",\"target\":{\"@type\":\"EntryPoint\",\"urlTemplate\":\"https:\\\/\\\/hub.ortopedie.md\\\/?s={search_term_string}\"},\"query-input\":{\"@type\":\"PropertyValueSpecification\",\"valueRequired\":true,\"valueName\":\"search_term_string\"}}],\"inLanguage\":\"en-US\"},{\"@type\":\"Organization\",\"@id\":\"https:\\\/\\\/hub.ortopedie.md\\\/#organization\",\"name\":\"HUB ORTOPEDIE\",\"url\":\"https:\\\/\\\/hub.ortopedie.md\\\/\",\"logo\":{\"@type\":\"ImageObject\",\"inLanguage\":\"en-US\",\"@id\":\"https:\\\/\\\/hub.ortopedie.md\\\/#\\\/schema\\\/logo\\\/image\\\/\",\"url\":\"https:\\\/\\\/hub.ortopedie.md\\\/wp-content\\\/uploads\\\/2018\\\/01\\\/hub-logo.png\",\"contentUrl\":\"https:\\\/\\\/hub.ortopedie.md\\\/wp-content\\\/uploads\\\/2018\\\/01\\\/hub-logo.png\",\"width\":124,\"height\":90,\"caption\":\"HUB ORTOPEDIE\"},\"image\":{\"@id\":\"https:\\\/\\\/hub.ortopedie.md\\\/#\\\/schema\\\/logo\\\/image\\\/\"},\"sameAs\":[\"https:\\\/\\\/www.facebook.com\\\/ORTOPEDIE.MD\\\/\",\"https:\\\/\\\/www.instagram.com\\\/hub_ortopedie\\\/\"]}]}<\/script>\n<meta property=\"product:price:amount\" content=\"650.00\" \/>\n<meta property=\"product:price:currency\" content=\"MDL\" \/>\n<meta property=\"og:availability\" content=\"instock\" \/>\n<meta property=\"product:availability\" content=\"instock\" \/>\n<meta property=\"product:condition\" content=\"new\" \/>\n<!-- \/ Yoast SEO Premium plugin. -->","yoast_head_json":{"title":"Suport for genunchi \u0219i patel\u0103 cu fixare lateral\u0103 (metal) \u0219i benzi SP003 - HUB Ortopedie","robots":{"index":"index","follow":"follow","max-snippet":"max-snippet:-1","max-image-preview":"max-image-preview:large","max-video-preview":"max-video-preview:-1"},"canonical":"https:\/\/hub.ortopedie.md\/en\/shop\/suport-for-genunchi-si-patela-cu-fixare-laterala-metal-si-benzi-sp003\/","og_locale":"en_US","og_type":"article","og_title":"Suport for genunchi \u0219i patel\u0103 cu fixare lateral\u0103 (metal) \u0219i benzi SP003","og_description":"SP003 Suport for genunchi cu fixare lateral\u0103 \u0219i benzi Ofer\u0103 [...]","og_url":"https:\/\/hub.ortopedie.md\/en\/shop\/suport-for-genunchi-si-patela-cu-fixare-laterala-metal-si-benzi-sp003\/","og_site_name":"Hub Ortopedie - Magazin ortopedic. \u041e\u0440\u0442\u043e\u043f\u0435\u0434\u0438\u0447\u0435\u0441\u043a\u0438\u0439 \u043c\u0430\u0433\u0430\u0437\u0438\u043d","article_publisher":"https:\/\/www.facebook.com\/ORTOPEDIE.MD\/","og_image":[{"width":1200,"height":1800,"url":"https:\/\/hub.ortopedie.md\/wp-content\/uploads\/2022\/08\/SP003-1.jpg","type":"image\/jpeg"}],"twitter_misc":{"Price":"650.00&nbsp;MDL","Availability":"In stock"},"schema":{"@context":"https:\/\/schema.org","@graph":[{"@type":"WebPage","@id":"https:\/\/hub.ortopedie.md\/en\/shop\/suport-for-genunchi-si-patela-cu-fixare-laterala-metal-si-benzi-sp003\/","url":"https:\/\/hub.ortopedie.md\/en\/shop\/suport-for-genunchi-si-patela-cu-fixare-laterala-metal-si-benzi-sp003\/","name":"Suport for genunchi \u0219i patel\u0103 cu fixare lateral\u0103 (metal) \u0219i benzi SP003 - HUB Ortopedie","isPartOf":{"@id":"https:\/\/hub.ortopedie.md\/#website"},"primaryImageOfPage":{"@id":"https:\/\/hub.ortopedie.md\/en\/shop\/suport-for-genunchi-si-patela-cu-fixare-laterala-metal-si-benzi-sp003\/#primaryimage"},"image":{"@id":"https:\/\/hub.ortopedie.md\/en\/shop\/suport-for-genunchi-si-patela-cu-fixare-laterala-metal-si-benzi-sp003\/#primaryimage"},"thumbnailUrl":"https:\/\/hub.ortopedie.md\/wp-content\/uploads\/2022\/08\/SP003-1.jpg","datePublished":"2026-03-12T15:30:18+00:00","breadcrumb":{"@id":"https:\/\/hub.ortopedie.md\/en\/shop\/suport-for-genunchi-si-patela-cu-fixare-laterala-metal-si-benzi-sp003\/#breadcrumb"},"inLanguage":"en-US","potentialAction":[{"@type":"ReadAction","target":["https:\/\/hub.ortopedie.md\/en\/shop\/suport-for-genunchi-si-patela-cu-fixare-laterala-metal-si-benzi-sp003\/"]}]},{"@type":"ImageObject","inLanguage":"en-US","@id":"https:\/\/hub.ortopedie.md\/en\/shop\/suport-for-genunchi-si-patela-cu-fixare-laterala-metal-si-benzi-sp003\/#primaryimage","url":"https:\/\/hub.ortopedie.md\/wp-content\/uploads\/2022\/08\/SP003-1.jpg","contentUrl":"https:\/\/hub.ortopedie.md\/wp-content\/uploads\/2022\/08\/SP003-1.jpg","width":1200,"height":1800},{"@type":"BreadcrumbList","@id":"https:\/\/hub.ortopedie.md\/en\/shop\/suport-for-genunchi-si-patela-cu-fixare-laterala-metal-si-benzi-sp003\/#breadcrumb","itemListElement":[{"@type":"ListItem","position":1,"name":"Prima pagin\u0103","item":"https:\/\/hub.ortopedie.md\/en\/"},{"@type":"ListItem","position":2,"name":"Produse","item":"https:\/\/hub.ortopedie.md\/shop\/"},{"@type":"ListItem","position":3,"name":"Suport for genunchi \u0219i patel\u0103 cu fixare lateral\u0103 (metal) \u0219i benzi SP003"}]},{"@type":"WebSite","@id":"https:\/\/hub.ortopedie.md\/#website","url":"https:\/\/hub.ortopedie.md\/","name":"Hub Ortopedie - Magazin ortopedic. \u041e\u0440\u0442\u043e\u043f\u0435\u0434\u0438\u0447\u0435\u0441\u043a\u0438\u0439 \u043c\u0430\u0433\u0430\u0437\u0438\u043d","description":"S\u0103n\u0103tate, confort, calitate","publisher":{"@id":"https:\/\/hub.ortopedie.md\/#organization"},"potentialAction":[{"@type":"SearchAction","target":{"@type":"EntryPoint","urlTemplate":"https:\/\/hub.ortopedie.md\/?s={search_term_string}"},"query-input":{"@type":"PropertyValueSpecification","valueRequired":true,"valueName":"search_term_string"}}],"inLanguage":"en-US"},{"@type":"Organization","@id":"https:\/\/hub.ortopedie.md\/#organization","name":"HUB ORTOPEDIE","url":"https:\/\/hub.ortopedie.md\/","logo":{"@type":"ImageObject","inLanguage":"en-US","@id":"https:\/\/hub.ortopedie.md\/#\/schema\/logo\/image\/","url":"https:\/\/hub.ortopedie.md\/wp-content\/uploads\/2018\/01\/hub-logo.png","contentUrl":"https:\/\/hub.ortopedie.md\/wp-content\/uploads\/2018\/01\/hub-logo.png","width":124,"height":90,"caption":"HUB ORTOPEDIE"},"image":{"@id":"https:\/\/hub.ortopedie.md\/#\/schema\/logo\/image\/"},"sameAs":["https:\/\/www.facebook.com\/ORTOPEDIE.MD\/","https:\/\/www.instagram.com\/hub_ortopedie\/"]}]},"product_price_amount":"650.00","product_price_currency":"MDL","og_availability":"instock","product_availability":"instock","product_condition":"new"},"jetpack_sharing_enabled":true,"brands":[{"id":824,"name":"Medoksa","slug":"medoksa"}],"_links":{"self":[{"href":"https:\/\/hub.ortopedie.md\/en\/wp-json\/wp\/v2\/product\/14735","targetHints":{"allow":["GET"]}}],"collection":[{"href":"https:\/\/hub.ortopedie.md\/en\/wp-json\/wp\/v2\/product"}],"about":[{"href":"https:\/\/hub.ortopedie.md\/en\/wp-json\/wp\/v2\/types\/product"}],"wp:featuredmedia":[{"embeddable":true,"href":"https:\/\/hub.ortopedie.md\/en\/wp-json\/wp\/v2\/media\/10371"}],"wp:attachment":[{"href":"https:\/\/hub.ortopedie.md\/en\/wp-json\/wp\/v2\/media?parent=14735"}],"wp:term":[{"taxonomy":"pwb-brand","embeddable":true,"href":"https:\/\/hub.ortopedie.md\/en\/wp-json\/wp\/v2\/pwb-brand?post=14735"},{"taxonomy":"product_brand","embeddable":true,"href":"https:\/\/hub.ortopedie.md\/en\/wp-json\/wp\/v2\/product_brand?post=14735"},{"taxonomy":"product_cat","embeddable":true,"href":"https:\/\/hub.ortopedie.md\/en\/wp-json\/wp\/v2\/product_cat?post=14735"},{"taxonomy":"product_tag","embeddable":true,"href":"https:\/\/hub.ortopedie.md\/en\/wp-json\/wp\/v2\/product_tag?post=14735"}],"curies":[{"name":"wp","href":"https:\/\/api.w.org\/{rel}","templated":true}]}}