{"id":14855,"date":"2026-05-01T07:43:11","date_gmt":"2026-05-01T04:43:11","guid":{"rendered":"https:\/\/hub.ortopedie.md\/?post_type=product&#038;p=14855"},"modified":"2026-05-01T07:43:11","modified_gmt":"2026-05-01T04:43:11","slug":"walker-exoschelet","status":"publish","type":"product","link":"https:\/\/hub.ortopedie.md\/en\/shop\/walker-exoschelet\/","title":{"rendered":"WALKER &#8211; Exoschelet"},"content":{"rendered":"<p>WALKER\u00ae este o ortez\u0103 pediatric\u0103 de tip \u0219old-genunchi-glezn\u0103-picior (HKAFO), utilizat\u0103 \u00een cazul afec\u021biunilor neurologice la copii \u0219i al dificult\u0103\u021bilor de deplasare independent\u0103. WALKER\u00ae ofer\u0103 un suport ridicat \u00een reeducarea mersului \u0219i furnizeaz\u0103 informa\u021bii senzoriale privind modelul corect de p\u0103\u0219ire. Orteza noastr\u0103 ajut\u0103 copiii s\u0103 \u00ee\u0219i men\u021bin\u0103 pozi\u021bia ortostatic\u0103.<img decoding=\"async\" class=\"alignnone size-medium wp-image-14859\" src=\"https:\/\/hub.ortopedie.md\/wp-content\/uploads\/2026\/05\/Walker-Exoschelet-pentru-copii-213x300.jpg\" alt=\"Walker exoscelet pozitionare corp si reeducare mers copii\" width=\"213\" height=\"300\" srcset=\"https:\/\/hub.ortopedie.md\/wp-content\/uploads\/2026\/05\/Walker-Exoschelet-pentru-copii-200x281.jpg 200w, https:\/\/hub.ortopedie.md\/wp-content\/uploads\/2026\/05\/Walker-Exoschelet-pentru-copii-213x300.jpg 213w, https:\/\/hub.ortopedie.md\/wp-content\/uploads\/2026\/05\/Walker-Exoschelet-pentru-copii-400x562.jpg 400w, https:\/\/hub.ortopedie.md\/wp-content\/uploads\/2026\/05\/Walker-Exoschelet-pentru-copii-500x703.jpg 500w, https:\/\/hub.ortopedie.md\/wp-content\/uploads\/2026\/05\/Walker-Exoschelet-pentru-copii-600x843.jpg 600w, https:\/\/hub.ortopedie.md\/wp-content\/uploads\/2026\/05\/Walker-Exoschelet-pentru-copii-700x984.jpg 700w, https:\/\/hub.ortopedie.md\/wp-content\/uploads\/2026\/05\/Walker-Exoschelet-pentru-copii-729x1024.jpg 729w, https:\/\/hub.ortopedie.md\/wp-content\/uploads\/2026\/05\/Walker-Exoschelet-pentru-copii-768x1080.jpg 768w, https:\/\/hub.ortopedie.md\/wp-content\/uploads\/2026\/05\/Walker-Exoschelet-pentru-copii-800x1124.jpg 800w, https:\/\/hub.ortopedie.md\/wp-content\/uploads\/2026\/05\/Walker-Exoschelet-pentru-copii.jpg 1033w\" sizes=\"(max-width: 213px) 100vw, 213px\" \/><img decoding=\"async\" class=\"alignnone size-medium wp-image-14862\" src=\"https:\/\/hub.ortopedie.md\/wp-content\/uploads\/2026\/05\/walker-de_ce_pozitie_verticala-250x300.jpg\" alt=\"Orteza reeducare mers\" width=\"250\" height=\"300\" srcset=\"https:\/\/hub.ortopedie.md\/wp-content\/uploads\/2026\/05\/walker-de_ce_pozitie_verticala-200x240.jpg 200w, https:\/\/hub.ortopedie.md\/wp-content\/uploads\/2026\/05\/walker-de_ce_pozitie_verticala-250x300.jpg 250w, https:\/\/hub.ortopedie.md\/wp-content\/uploads\/2026\/05\/walker-de_ce_pozitie_verticala-400x481.jpg 400w, https:\/\/hub.ortopedie.md\/wp-content\/uploads\/2026\/05\/walker-de_ce_pozitie_verticala-500x601.jpg 500w, https:\/\/hub.ortopedie.md\/wp-content\/uploads\/2026\/05\/walker-de_ce_pozitie_verticala-600x721.jpg 600w, https:\/\/hub.ortopedie.md\/wp-content\/uploads\/2026\/05\/walker-de_ce_pozitie_verticala-700x842.jpg 700w, https:\/\/hub.ortopedie.md\/wp-content\/uploads\/2026\/05\/walker-de_ce_pozitie_verticala-768x923.jpg 768w, https:\/\/hub.ortopedie.md\/wp-content\/uploads\/2026\/05\/walker-de_ce_pozitie_verticala-800x962.jpg 800w, https:\/\/hub.ortopedie.md\/wp-content\/uploads\/2026\/05\/walker-de_ce_pozitie_verticala-852x1024.jpg 852w, https:\/\/hub.ortopedie.md\/wp-content\/uploads\/2026\/05\/walker-de_ce_pozitie_verticala-1200x1443.jpg 1200w, https:\/\/hub.ortopedie.md\/wp-content\/uploads\/2026\/05\/walker-de_ce_pozitie_verticala-1278x1536.jpg 1278w, https:\/\/hub.ortopedie.md\/wp-content\/uploads\/2026\/05\/walker-de_ce_pozitie_verticala-scaled.jpg 1703w\" sizes=\"(max-width: 250px) 100vw, 250px\" \/><\/p>\n","protected":false},"excerpt":{"rendered":"<p>WALKER\u00ae este o ortez\u0103 pediatric\u0103 de tip \u0219old-genunchi-glezn\u0103-picior (HKAFO), utilizat\u0103  [&#8230;]<\/p>\n","protected":false},"featured_media":14865,"template":"","meta":[],"pwb-brand":[273],"product_brand":[],"product_cat":[98],"product_tag":[],"class_list":{"0":"post-14855","1":"product","2":"type-product","3":"status-publish","4":"has-post-thumbnail","6":"pwb-brand-reh4mat","7":"product_cat-verticalizatoare","8":"pa_inaltime-122-140cm","9":"pa_inaltime-140-158cm","11":"first","12":"onbackorder","13":"sale","14":"shipping-taxable","15":"purchasable","16":"product-type-simple"},"yoast_head":"<!-- This site is optimized with the Yoast SEO Premium plugin v18.3 (Yoast SEO v27.5) - https:\/\/yoast.com\/product\/yoast-seo-premium-wordpress\/ -->\n<title>WALKER - Exoschelet - HUB Ortopedie<\/title>\n<meta name=\"description\" content=\"WALKER\u00ae - exoschelet pentru dificult\u0103\u021bi de deplasare independent\u0103. Suport ridicat \u00een reeducarea mersului la copii \u0219i men\u021binere pozi\u021bia ortostatic\u0103.\" \/>\n<meta name=\"robots\" content=\"index, follow, max-snippet:-1, max-image-preview:large, max-video-preview:-1\" \/>\n<link rel=\"canonical\" href=\"https:\/\/hub.ortopedie.md\/en\/shop\/walker-exoschelet\/\" \/>\n<meta property=\"og:locale\" content=\"en_US\" \/>\n<meta property=\"og:type\" content=\"article\" \/>\n<meta property=\"og:title\" content=\"WALKER - Exoschelet\" \/>\n<meta property=\"og:description\" content=\"WALKER\u00ae - exoschelet pentru dificult\u0103\u021bi de deplasare independent\u0103. Suport ridicat \u00een reeducarea mersului la copii \u0219i men\u021binere pozi\u021bia ortostatic\u0103.\" \/>\n<meta property=\"og:url\" content=\"https:\/\/hub.ortopedie.md\/shop\/walker-exoschelet\/\" \/>\n<meta property=\"og:site_name\" content=\"Hub Ortopedie - Magazin ortopedic. \u041e\u0440\u0442\u043e\u043f\u0435\u0434\u0438\u0447\u0435\u0441\u043a\u0438\u0439 \u043c\u0430\u0433\u0430\u0437\u0438\u043d\" \/>\n<meta property=\"article:publisher\" content=\"https:\/\/www.facebook.com\/ORTOPEDIE.MD\/\" \/>\n<meta property=\"og:image\" content=\"https:\/\/hub.ortopedie.md\/wp-content\/uploads\/2026\/05\/DSC_0306.jpg\" \/>\n\t<meta property=\"og:image:width\" content=\"1200\" \/>\n\t<meta property=\"og:image:height\" content=\"795\" \/>\n\t<meta property=\"og:image:type\" content=\"image\/jpeg\" \/>\n<meta name=\"twitter:label1\" content=\"Price\" \/>\n\t<meta name=\"twitter:data1\" content=\"25,000.00&nbsp;MDL Original price was: 25,000.00&nbsp;MDL.23,500.00&nbsp;MDLCurrent price is: 23,500.00&nbsp;MDL.\" \/>\n\t<meta name=\"twitter:label2\" content=\"Availability\" \/>\n\t<meta name=\"twitter:data2\" content=\"On backorder\" \/>\n<script type=\"application\/ld+json\" class=\"yoast-schema-graph\">{\"@context\":\"https:\\\/\\\/schema.org\",\"@graph\":[{\"@type\":\"WebPage\",\"@id\":\"https:\\\/\\\/hub.ortopedie.md\\\/shop\\\/walker-exoschelet\\\/\",\"url\":\"https:\\\/\\\/hub.ortopedie.md\\\/shop\\\/walker-exoschelet\\\/\",\"name\":\"WALKER - Exoschelet - HUB Ortopedie\",\"isPartOf\":{\"@id\":\"https:\\\/\\\/hub.ortopedie.md\\\/#website\"},\"primaryImageOfPage\":{\"@id\":\"https:\\\/\\\/hub.ortopedie.md\\\/shop\\\/walker-exoschelet\\\/#primaryimage\"},\"image\":{\"@id\":\"https:\\\/\\\/hub.ortopedie.md\\\/shop\\\/walker-exoschelet\\\/#primaryimage\"},\"thumbnailUrl\":\"https:\\\/\\\/hub.ortopedie.md\\\/wp-content\\\/uploads\\\/2026\\\/05\\\/DSC_0306.jpg\",\"datePublished\":\"2026-05-01T04:43:11+00:00\",\"description\":\"WALKER\u00ae - exoschelet pentru dificult\u0103\u021bi de deplasare independent\u0103. Suport ridicat \u00een reeducarea mersului la copii \u0219i men\u021binere pozi\u021bia ortostatic\u0103.\",\"breadcrumb\":{\"@id\":\"https:\\\/\\\/hub.ortopedie.md\\\/shop\\\/walker-exoschelet\\\/#breadcrumb\"},\"inLanguage\":\"en-US\",\"potentialAction\":[{\"@type\":\"ReadAction\",\"target\":[\"https:\\\/\\\/hub.ortopedie.md\\\/shop\\\/walker-exoschelet\\\/\"]}]},{\"@type\":\"ImageObject\",\"inLanguage\":\"en-US\",\"@id\":\"https:\\\/\\\/hub.ortopedie.md\\\/shop\\\/walker-exoschelet\\\/#primaryimage\",\"url\":\"https:\\\/\\\/hub.ortopedie.md\\\/wp-content\\\/uploads\\\/2026\\\/05\\\/DSC_0306.jpg\",\"contentUrl\":\"https:\\\/\\\/hub.ortopedie.md\\\/wp-content\\\/uploads\\\/2026\\\/05\\\/DSC_0306.jpg\",\"width\":1200,\"height\":795,\"caption\":\"Walker orteza pentru reeducarea si stabilizarea mersului\"},{\"@type\":\"BreadcrumbList\",\"@id\":\"https:\\\/\\\/hub.ortopedie.md\\\/shop\\\/walker-exoschelet\\\/#breadcrumb\",\"itemListElement\":[{\"@type\":\"ListItem\",\"position\":1,\"name\":\"Prima pagin\u0103\",\"item\":\"https:\\\/\\\/hub.ortopedie.md\\\/en\\\/\"},{\"@type\":\"ListItem\",\"position\":2,\"name\":\"Produse\",\"item\":\"https:\\\/\\\/hub.ortopedie.md\\\/shop\\\/\"},{\"@type\":\"ListItem\",\"position\":3,\"name\":\"WALKER &#8211; Exoschelet\"}]},{\"@type\":\"WebSite\",\"@id\":\"https:\\\/\\\/hub.ortopedie.md\\\/#website\",\"url\":\"https:\\\/\\\/hub.ortopedie.md\\\/\",\"name\":\"Hub Ortopedie - Magazin ortopedic. \u041e\u0440\u0442\u043e\u043f\u0435\u0434\u0438\u0447\u0435\u0441\u043a\u0438\u0439 \u043c\u0430\u0433\u0430\u0437\u0438\u043d\",\"description\":\"S\u0103n\u0103tate, confort, calitate\",\"publisher\":{\"@id\":\"https:\\\/\\\/hub.ortopedie.md\\\/#organization\"},\"potentialAction\":[{\"@type\":\"SearchAction\",\"target\":{\"@type\":\"EntryPoint\",\"urlTemplate\":\"https:\\\/\\\/hub.ortopedie.md\\\/?s={search_term_string}\"},\"query-input\":{\"@type\":\"PropertyValueSpecification\",\"valueRequired\":true,\"valueName\":\"search_term_string\"}}],\"inLanguage\":\"en-US\"},{\"@type\":\"Organization\",\"@id\":\"https:\\\/\\\/hub.ortopedie.md\\\/#organization\",\"name\":\"HUB ORTOPEDIE\",\"url\":\"https:\\\/\\\/hub.ortopedie.md\\\/\",\"logo\":{\"@type\":\"ImageObject\",\"inLanguage\":\"en-US\",\"@id\":\"https:\\\/\\\/hub.ortopedie.md\\\/#\\\/schema\\\/logo\\\/image\\\/\",\"url\":\"https:\\\/\\\/hub.ortopedie.md\\\/wp-content\\\/uploads\\\/2018\\\/01\\\/hub-logo.png\",\"contentUrl\":\"https:\\\/\\\/hub.ortopedie.md\\\/wp-content\\\/uploads\\\/2018\\\/01\\\/hub-logo.png\",\"width\":124,\"height\":90,\"caption\":\"HUB ORTOPEDIE\"},\"image\":{\"@id\":\"https:\\\/\\\/hub.ortopedie.md\\\/#\\\/schema\\\/logo\\\/image\\\/\"},\"sameAs\":[\"https:\\\/\\\/www.facebook.com\\\/ORTOPEDIE.MD\\\/\",\"https:\\\/\\\/www.instagram.com\\\/hub_ortopedie\\\/\"]}]}<\/script>\n<meta property=\"product:price:amount\" content=\"23500.00\" \/>\n<meta property=\"product:price:currency\" content=\"MDL\" \/>\n<meta property=\"og:availability\" content=\"backorder\" \/>\n<meta property=\"product:availability\" content=\"available for order\" \/>\n<meta property=\"product:condition\" content=\"new\" \/>\n<!-- \/ Yoast SEO Premium plugin. -->","yoast_head_json":{"title":"WALKER - Exoschelet - HUB Ortopedie","description":"WALKER\u00ae - exoschelet pentru dificult\u0103\u021bi de deplasare independent\u0103. Suport ridicat \u00een reeducarea mersului la copii \u0219i men\u021binere pozi\u021bia ortostatic\u0103.","robots":{"index":"index","follow":"follow","max-snippet":"max-snippet:-1","max-image-preview":"max-image-preview:large","max-video-preview":"max-video-preview:-1"},"canonical":"https:\/\/hub.ortopedie.md\/en\/shop\/walker-exoschelet\/","og_locale":"en_US","og_type":"article","og_title":"WALKER - Exoschelet","og_description":"WALKER\u00ae - exoschelet pentru dificult\u0103\u021bi de deplasare independent\u0103. Suport ridicat \u00een reeducarea mersului la copii \u0219i men\u021binere pozi\u021bia ortostatic\u0103.","og_url":"https:\/\/hub.ortopedie.md\/shop\/walker-exoschelet\/","og_site_name":"Hub Ortopedie - Magazin ortopedic. \u041e\u0440\u0442\u043e\u043f\u0435\u0434\u0438\u0447\u0435\u0441\u043a\u0438\u0439 \u043c\u0430\u0433\u0430\u0437\u0438\u043d","article_publisher":"https:\/\/www.facebook.com\/ORTOPEDIE.MD\/","og_image":[{"width":1200,"height":795,"url":"https:\/\/hub.ortopedie.md\/wp-content\/uploads\/2026\/05\/DSC_0306.jpg","type":"image\/jpeg"}],"twitter_misc":{"Price":"25,000.00&nbsp;MDL Original price was: 25,000.00&nbsp;MDL.23,500.00&nbsp;MDLCurrent price is: 23,500.00&nbsp;MDL.","Availability":"On backorder"},"schema":{"@context":"https:\/\/schema.org","@graph":[{"@type":"WebPage","@id":"https:\/\/hub.ortopedie.md\/shop\/walker-exoschelet\/","url":"https:\/\/hub.ortopedie.md\/shop\/walker-exoschelet\/","name":"WALKER - Exoschelet - HUB Ortopedie","isPartOf":{"@id":"https:\/\/hub.ortopedie.md\/#website"},"primaryImageOfPage":{"@id":"https:\/\/hub.ortopedie.md\/shop\/walker-exoschelet\/#primaryimage"},"image":{"@id":"https:\/\/hub.ortopedie.md\/shop\/walker-exoschelet\/#primaryimage"},"thumbnailUrl":"https:\/\/hub.ortopedie.md\/wp-content\/uploads\/2026\/05\/DSC_0306.jpg","datePublished":"2026-05-01T04:43:11+00:00","description":"WALKER\u00ae - exoschelet pentru dificult\u0103\u021bi de deplasare independent\u0103. Suport ridicat \u00een reeducarea mersului la copii \u0219i men\u021binere pozi\u021bia ortostatic\u0103.","breadcrumb":{"@id":"https:\/\/hub.ortopedie.md\/shop\/walker-exoschelet\/#breadcrumb"},"inLanguage":"en-US","potentialAction":[{"@type":"ReadAction","target":["https:\/\/hub.ortopedie.md\/shop\/walker-exoschelet\/"]}]},{"@type":"ImageObject","inLanguage":"en-US","@id":"https:\/\/hub.ortopedie.md\/shop\/walker-exoschelet\/#primaryimage","url":"https:\/\/hub.ortopedie.md\/wp-content\/uploads\/2026\/05\/DSC_0306.jpg","contentUrl":"https:\/\/hub.ortopedie.md\/wp-content\/uploads\/2026\/05\/DSC_0306.jpg","width":1200,"height":795,"caption":"Walker orteza pentru reeducarea si stabilizarea mersului"},{"@type":"BreadcrumbList","@id":"https:\/\/hub.ortopedie.md\/shop\/walker-exoschelet\/#breadcrumb","itemListElement":[{"@type":"ListItem","position":1,"name":"Prima pagin\u0103","item":"https:\/\/hub.ortopedie.md\/en\/"},{"@type":"ListItem","position":2,"name":"Produse","item":"https:\/\/hub.ortopedie.md\/shop\/"},{"@type":"ListItem","position":3,"name":"WALKER &#8211; Exoschelet"}]},{"@type":"WebSite","@id":"https:\/\/hub.ortopedie.md\/#website","url":"https:\/\/hub.ortopedie.md\/","name":"Hub Ortopedie - Magazin ortopedic. \u041e\u0440\u0442\u043e\u043f\u0435\u0434\u0438\u0447\u0435\u0441\u043a\u0438\u0439 \u043c\u0430\u0433\u0430\u0437\u0438\u043d","description":"S\u0103n\u0103tate, confort, calitate","publisher":{"@id":"https:\/\/hub.ortopedie.md\/#organization"},"potentialAction":[{"@type":"SearchAction","target":{"@type":"EntryPoint","urlTemplate":"https:\/\/hub.ortopedie.md\/?s={search_term_string}"},"query-input":{"@type":"PropertyValueSpecification","valueRequired":true,"valueName":"search_term_string"}}],"inLanguage":"en-US"},{"@type":"Organization","@id":"https:\/\/hub.ortopedie.md\/#organization","name":"HUB ORTOPEDIE","url":"https:\/\/hub.ortopedie.md\/","logo":{"@type":"ImageObject","inLanguage":"en-US","@id":"https:\/\/hub.ortopedie.md\/#\/schema\/logo\/image\/","url":"https:\/\/hub.ortopedie.md\/wp-content\/uploads\/2018\/01\/hub-logo.png","contentUrl":"https:\/\/hub.ortopedie.md\/wp-content\/uploads\/2018\/01\/hub-logo.png","width":124,"height":90,"caption":"HUB ORTOPEDIE"},"image":{"@id":"https:\/\/hub.ortopedie.md\/#\/schema\/logo\/image\/"},"sameAs":["https:\/\/www.facebook.com\/ORTOPEDIE.MD\/","https:\/\/www.instagram.com\/hub_ortopedie\/"]}]},"product_price_amount":"23500.00","product_price_currency":"MDL","og_availability":"backorder","product_availability":"available for order","product_condition":"new"},"jetpack_sharing_enabled":true,"brands":[{"id":273,"name":"REH4MAT","slug":"reh4mat"}],"_links":{"self":[{"href":"https:\/\/hub.ortopedie.md\/en\/wp-json\/wp\/v2\/product\/14855","targetHints":{"allow":["GET"]}}],"collection":[{"href":"https:\/\/hub.ortopedie.md\/en\/wp-json\/wp\/v2\/product"}],"about":[{"href":"https:\/\/hub.ortopedie.md\/en\/wp-json\/wp\/v2\/types\/product"}],"wp:featuredmedia":[{"embeddable":true,"href":"https:\/\/hub.ortopedie.md\/en\/wp-json\/wp\/v2\/media\/14865"}],"wp:attachment":[{"href":"https:\/\/hub.ortopedie.md\/en\/wp-json\/wp\/v2\/media?parent=14855"}],"wp:term":[{"taxonomy":"pwb-brand","embeddable":true,"href":"https:\/\/hub.ortopedie.md\/en\/wp-json\/wp\/v2\/pwb-brand?post=14855"},{"taxonomy":"product_brand","embeddable":true,"href":"https:\/\/hub.ortopedie.md\/en\/wp-json\/wp\/v2\/product_brand?post=14855"},{"taxonomy":"product_cat","embeddable":true,"href":"https:\/\/hub.ortopedie.md\/en\/wp-json\/wp\/v2\/product_cat?post=14855"},{"taxonomy":"product_tag","embeddable":true,"href":"https:\/\/hub.ortopedie.md\/en\/wp-json\/wp\/v2\/product_tag?post=14855"}],"curies":[{"name":"wp","href":"https:\/\/api.w.org\/{rel}","templated":true}]}}