{"id":1781,"date":"2018-04-27T18:26:02","date_gmt":"2018-04-27T18:26:02","guid":{"rendered":"https:\/\/hub.ortopedie.md\/?post_type=product&#038;p=1781"},"modified":"2018-11-28T16:22:38","modified_gmt":"2018-11-28T16:22:38","slug":"oreza-de-sold-kindy-c30","status":"publish","type":"product","link":"https:\/\/hub.ortopedie.md\/en\/shop\/oreza-de-sold-kindy-c30\/","title":{"rendered":"Orez\u0103 de abduc\u021bie Kindy C30"},"content":{"rendered":"<p>Orteza este foarte u\u0219or de utilizat, fiind confortabil\u0103 at\u00e2t pentru p\u0103rin\u021bi deoarece odat\u0103 instalat\u0103 de c\u0103tre medic pot fi efectuate toaleta copila\u0219ului ( sp\u0103lat, schimbat scutecul etc.), at\u00e2t pentru copila\u0219- este \u00eenmuiat cu \u021bes\u0103tur\u0103 pe interior \u00een locurile de contact cu pielea, \u0219i structura sa care permite mi\u0219carea copilului \u00een anumite limite.<\/p>\n<p>Este ajustabil unghiul de abduc\u021bie separat pentru fiecare articula\u021bie \u00een parte.<\/p>\n<p>Structura la bazin \u0219i la nivelul femurului la fixare este din aluminiu \u0219i barele sunt din o\u021bel inoxidabil.<\/p>\n<p>Banda \u00een talie se rote\u0219te la 360\u00b0 \u00een raport cu bara sa. Rotirea man\u0219onului coapsei de 360\u00b0 fiecare parte fiind independent\u0103. Controlul ajust\u0103rii unghiului de abduc\u021bie la 15\u00b0, separat pentru fiecare coaps\u0103.<\/p>\n<p>Culoare albastr\u0103<\/p>\n<table>\n<tbody>\n<tr>\n<td rowspan=\"2\" width=\"31\">REF.<\/td>\n<td colspan=\"4\" width=\"246\">Marime<\/td>\n<\/tr>\n<tr>\n<td width=\"43\">M\u0103rimi<\/td>\n<td width=\"63\">Talie<\/td>\n<td width=\"68\">Circumf.<\/p>\n<p>coapsei<\/td>\n<td width=\"72\">Bare<\/td>\n<\/tr>\n<tr>\n<td width=\"31\"><\/td>\n<td width=\"43\">1<\/td>\n<td width=\"63\">35 &#8211; 40 cm<\/td>\n<td width=\"68\">16 &#8211; 21 cm<\/td>\n<td width=\"72\">5 cm<\/td>\n<\/tr>\n<tr>\n<td rowspan=\"2\" width=\"31\">C30<\/td>\n<td width=\"43\">2<\/td>\n<td width=\"63\">41 &#8211; 45 cm<\/td>\n<td width=\"68\">20 &#8211; 25 cm<\/td>\n<td width=\"72\">5 cm<\/td>\n<\/tr>\n<tr>\n<td width=\"43\">3<\/td>\n<td width=\"63\">46 &#8211; 50 cm<\/td>\n<td width=\"68\">24 &#8211; 29 cm<\/td>\n<td width=\"72\">6 cm<\/td>\n<\/tr>\n<tr>\n<td width=\"31\"><\/td>\n<td width=\"43\">4<\/td>\n<td width=\"63\">51 &#8211; 55 cm<\/td>\n<td width=\"68\">28 &#8211; 23 cm<\/td>\n<td width=\"72\">6 cm<\/td>\n<\/tr>\n<\/tbody>\n<\/table>\n","protected":false},"excerpt":{"rendered":"<p>Orteza este foarte u\u0219or de utilizat, fiind confortabil\u0103 at\u00e2t pentru  [&#8230;]<\/p>\n","protected":false},"featured_media":1776,"template":"","meta":[],"pwb-brand":[217],"product_brand":[],"product_cat":[18],"product_tag":[],"class_list":{"0":"post-1781","1":"product","2":"type-product","3":"status-publish","4":"has-post-thumbnail","6":"pwb-brand-prim","7":"product_cat-orteze","8":"pa_partea-corpului-sold","10":"first","11":"instock","12":"shipping-taxable","13":"purchasable","14":"product-type-simple"},"yoast_head":"<!-- This site is optimized with the Yoast SEO Premium plugin v18.3 (Yoast SEO v27.4) - https:\/\/yoast.com\/product\/yoast-seo-premium-wordpress\/ -->\n<title>Orez\u0103 de abduc\u021bie Kindy C30 \u00een Chi\u0219inau la pre\u021b redus - HUB Ortopedie<\/title>\n<meta name=\"robots\" content=\"index, follow, max-snippet:-1, max-image-preview:large, max-video-preview:-1\" \/>\n<link rel=\"canonical\" href=\"https:\/\/hub.ortopedie.md\/en\/shop\/oreza-de-sold-kindy-c30\/\" \/>\n<meta property=\"og:locale\" content=\"en_US\" \/>\n<meta property=\"og:type\" content=\"article\" \/>\n<meta property=\"og:title\" content=\"Orez\u0103 de abduc\u021bie Kindy C30\" \/>\n<meta property=\"og:description\" content=\"Orteza este foarte u\u0219or de utilizat, fiind confortabil\u0103 at\u00e2t pentru [...]\" \/>\n<meta property=\"og:url\" content=\"https:\/\/hub.ortopedie.md\/shop\/oreza-de-sold-kindy-c30\/\" \/>\n<meta property=\"og:site_name\" content=\"Hub Ortopedie - Magazin ortopedic. \u041e\u0440\u0442\u043e\u043f\u0435\u0434\u0438\u0447\u0435\u0441\u043a\u0438\u0439 \u043c\u0430\u0433\u0430\u0437\u0438\u043d\" \/>\n<meta property=\"article:publisher\" content=\"https:\/\/www.facebook.com\/ORTOPEDIE.MD\/\" \/>\n<meta property=\"article:modified_time\" content=\"2018-11-28T16:22:38+00:00\" \/>\n<meta property=\"og:image\" content=\"https:\/\/hub.ortopedie.md\/wp-content\/uploads\/2018\/04\/Oreza-de-sold-Kindy-C30.jpg\" \/>\n\t<meta property=\"og:image:width\" content=\"1000\" \/>\n\t<meta property=\"og:image:height\" content=\"720\" \/>\n\t<meta property=\"og:image:type\" content=\"image\/jpeg\" \/>\n<meta name=\"twitter:label1\" content=\"Price\" \/>\n\t<meta name=\"twitter:data1\" content=\"3,500.00&nbsp;MDL\" \/>\n\t<meta name=\"twitter:label2\" content=\"Availability\" \/>\n\t<meta name=\"twitter:data2\" content=\"In stock\" \/>\n<script type=\"application\/ld+json\" class=\"yoast-schema-graph\">{\"@context\":\"https:\\\/\\\/schema.org\",\"@graph\":[{\"@type\":\"WebPage\",\"@id\":\"https:\\\/\\\/hub.ortopedie.md\\\/shop\\\/oreza-de-sold-kindy-c30\\\/\",\"url\":\"https:\\\/\\\/hub.ortopedie.md\\\/shop\\\/oreza-de-sold-kindy-c30\\\/\",\"name\":\"Orez\u0103 de abduc\u021bie Kindy C30 \u00een Chi\u0219inau la pre\u021b redus - HUB Ortopedie\",\"isPartOf\":{\"@id\":\"https:\\\/\\\/hub.ortopedie.md\\\/#website\"},\"primaryImageOfPage\":{\"@id\":\"https:\\\/\\\/hub.ortopedie.md\\\/shop\\\/oreza-de-sold-kindy-c30\\\/#primaryimage\"},\"image\":{\"@id\":\"https:\\\/\\\/hub.ortopedie.md\\\/shop\\\/oreza-de-sold-kindy-c30\\\/#primaryimage\"},\"thumbnailUrl\":\"https:\\\/\\\/hub.ortopedie.md\\\/wp-content\\\/uploads\\\/2018\\\/04\\\/Oreza-de-sold-Kindy-C30.jpg\",\"datePublished\":\"2018-04-27T18:26:02+00:00\",\"dateModified\":\"2018-11-28T16:22:38+00:00\",\"breadcrumb\":{\"@id\":\"https:\\\/\\\/hub.ortopedie.md\\\/shop\\\/oreza-de-sold-kindy-c30\\\/#breadcrumb\"},\"inLanguage\":\"en-US\",\"potentialAction\":[{\"@type\":\"ReadAction\",\"target\":[\"https:\\\/\\\/hub.ortopedie.md\\\/shop\\\/oreza-de-sold-kindy-c30\\\/\"]}]},{\"@type\":\"ImageObject\",\"inLanguage\":\"en-US\",\"@id\":\"https:\\\/\\\/hub.ortopedie.md\\\/shop\\\/oreza-de-sold-kindy-c30\\\/#primaryimage\",\"url\":\"https:\\\/\\\/hub.ortopedie.md\\\/wp-content\\\/uploads\\\/2018\\\/04\\\/Oreza-de-sold-Kindy-C30.jpg\",\"contentUrl\":\"https:\\\/\\\/hub.ortopedie.md\\\/wp-content\\\/uploads\\\/2018\\\/04\\\/Oreza-de-sold-Kindy-C30.jpg\",\"width\":1000,\"height\":720},{\"@type\":\"BreadcrumbList\",\"@id\":\"https:\\\/\\\/hub.ortopedie.md\\\/shop\\\/oreza-de-sold-kindy-c30\\\/#breadcrumb\",\"itemListElement\":[{\"@type\":\"ListItem\",\"position\":1,\"name\":\"Prima pagin\u0103\",\"item\":\"https:\\\/\\\/hub.ortopedie.md\\\/en\\\/\"},{\"@type\":\"ListItem\",\"position\":2,\"name\":\"Produse\",\"item\":\"https:\\\/\\\/hub.ortopedie.md\\\/shop\\\/\"},{\"@type\":\"ListItem\",\"position\":3,\"name\":\"Orez\u0103 de abduc\u021bie Kindy C30\"}]},{\"@type\":\"WebSite\",\"@id\":\"https:\\\/\\\/hub.ortopedie.md\\\/#website\",\"url\":\"https:\\\/\\\/hub.ortopedie.md\\\/\",\"name\":\"Hub Ortopedie - Magazin ortopedic. \u041e\u0440\u0442\u043e\u043f\u0435\u0434\u0438\u0447\u0435\u0441\u043a\u0438\u0439 \u043c\u0430\u0433\u0430\u0437\u0438\u043d\",\"description\":\"S\u0103n\u0103tate, confort, calitate\",\"publisher\":{\"@id\":\"https:\\\/\\\/hub.ortopedie.md\\\/#organization\"},\"potentialAction\":[{\"@type\":\"SearchAction\",\"target\":{\"@type\":\"EntryPoint\",\"urlTemplate\":\"https:\\\/\\\/hub.ortopedie.md\\\/?s={search_term_string}\"},\"query-input\":{\"@type\":\"PropertyValueSpecification\",\"valueRequired\":true,\"valueName\":\"search_term_string\"}}],\"inLanguage\":\"en-US\"},{\"@type\":\"Organization\",\"@id\":\"https:\\\/\\\/hub.ortopedie.md\\\/#organization\",\"name\":\"HUB ORTOPEDIE\",\"url\":\"https:\\\/\\\/hub.ortopedie.md\\\/\",\"logo\":{\"@type\":\"ImageObject\",\"inLanguage\":\"en-US\",\"@id\":\"https:\\\/\\\/hub.ortopedie.md\\\/#\\\/schema\\\/logo\\\/image\\\/\",\"url\":\"https:\\\/\\\/hub.ortopedie.md\\\/wp-content\\\/uploads\\\/2018\\\/01\\\/hub-logo.png\",\"contentUrl\":\"https:\\\/\\\/hub.ortopedie.md\\\/wp-content\\\/uploads\\\/2018\\\/01\\\/hub-logo.png\",\"width\":124,\"height\":90,\"caption\":\"HUB ORTOPEDIE\"},\"image\":{\"@id\":\"https:\\\/\\\/hub.ortopedie.md\\\/#\\\/schema\\\/logo\\\/image\\\/\"},\"sameAs\":[\"https:\\\/\\\/www.facebook.com\\\/ORTOPEDIE.MD\\\/\",\"https:\\\/\\\/www.instagram.com\\\/hub_ortopedie\\\/\"]}]}<\/script>\n<meta property=\"product:price:amount\" content=\"3500.00\" \/>\n<meta property=\"product:price:currency\" content=\"MDL\" \/>\n<meta property=\"og:availability\" content=\"instock\" \/>\n<meta property=\"product:availability\" content=\"instock\" \/>\n<meta property=\"product:condition\" content=\"new\" \/>\n<!-- \/ Yoast SEO Premium plugin. -->","yoast_head_json":{"title":"Orez\u0103 de abduc\u021bie Kindy C30 \u00een Chi\u0219inau la pre\u021b redus - HUB Ortopedie","robots":{"index":"index","follow":"follow","max-snippet":"max-snippet:-1","max-image-preview":"max-image-preview:large","max-video-preview":"max-video-preview:-1"},"canonical":"https:\/\/hub.ortopedie.md\/en\/shop\/oreza-de-sold-kindy-c30\/","og_locale":"en_US","og_type":"article","og_title":"Orez\u0103 de abduc\u021bie Kindy C30","og_description":"Orteza este foarte u\u0219or de utilizat, fiind confortabil\u0103 at\u00e2t pentru [...]","og_url":"https:\/\/hub.ortopedie.md\/shop\/oreza-de-sold-kindy-c30\/","og_site_name":"Hub Ortopedie - Magazin ortopedic. \u041e\u0440\u0442\u043e\u043f\u0435\u0434\u0438\u0447\u0435\u0441\u043a\u0438\u0439 \u043c\u0430\u0433\u0430\u0437\u0438\u043d","article_publisher":"https:\/\/www.facebook.com\/ORTOPEDIE.MD\/","article_modified_time":"2018-11-28T16:22:38+00:00","og_image":[{"width":1000,"height":720,"url":"https:\/\/hub.ortopedie.md\/wp-content\/uploads\/2018\/04\/Oreza-de-sold-Kindy-C30.jpg","type":"image\/jpeg"}],"twitter_misc":{"Price":"3,500.00&nbsp;MDL","Availability":"In stock"},"schema":{"@context":"https:\/\/schema.org","@graph":[{"@type":"WebPage","@id":"https:\/\/hub.ortopedie.md\/shop\/oreza-de-sold-kindy-c30\/","url":"https:\/\/hub.ortopedie.md\/shop\/oreza-de-sold-kindy-c30\/","name":"Orez\u0103 de abduc\u021bie Kindy C30 \u00een Chi\u0219inau la pre\u021b redus - HUB Ortopedie","isPartOf":{"@id":"https:\/\/hub.ortopedie.md\/#website"},"primaryImageOfPage":{"@id":"https:\/\/hub.ortopedie.md\/shop\/oreza-de-sold-kindy-c30\/#primaryimage"},"image":{"@id":"https:\/\/hub.ortopedie.md\/shop\/oreza-de-sold-kindy-c30\/#primaryimage"},"thumbnailUrl":"https:\/\/hub.ortopedie.md\/wp-content\/uploads\/2018\/04\/Oreza-de-sold-Kindy-C30.jpg","datePublished":"2018-04-27T18:26:02+00:00","dateModified":"2018-11-28T16:22:38+00:00","breadcrumb":{"@id":"https:\/\/hub.ortopedie.md\/shop\/oreza-de-sold-kindy-c30\/#breadcrumb"},"inLanguage":"en-US","potentialAction":[{"@type":"ReadAction","target":["https:\/\/hub.ortopedie.md\/shop\/oreza-de-sold-kindy-c30\/"]}]},{"@type":"ImageObject","inLanguage":"en-US","@id":"https:\/\/hub.ortopedie.md\/shop\/oreza-de-sold-kindy-c30\/#primaryimage","url":"https:\/\/hub.ortopedie.md\/wp-content\/uploads\/2018\/04\/Oreza-de-sold-Kindy-C30.jpg","contentUrl":"https:\/\/hub.ortopedie.md\/wp-content\/uploads\/2018\/04\/Oreza-de-sold-Kindy-C30.jpg","width":1000,"height":720},{"@type":"BreadcrumbList","@id":"https:\/\/hub.ortopedie.md\/shop\/oreza-de-sold-kindy-c30\/#breadcrumb","itemListElement":[{"@type":"ListItem","position":1,"name":"Prima pagin\u0103","item":"https:\/\/hub.ortopedie.md\/en\/"},{"@type":"ListItem","position":2,"name":"Produse","item":"https:\/\/hub.ortopedie.md\/shop\/"},{"@type":"ListItem","position":3,"name":"Orez\u0103 de abduc\u021bie Kindy C30"}]},{"@type":"WebSite","@id":"https:\/\/hub.ortopedie.md\/#website","url":"https:\/\/hub.ortopedie.md\/","name":"Hub Ortopedie - Magazin ortopedic. \u041e\u0440\u0442\u043e\u043f\u0435\u0434\u0438\u0447\u0435\u0441\u043a\u0438\u0439 \u043c\u0430\u0433\u0430\u0437\u0438\u043d","description":"S\u0103n\u0103tate, confort, calitate","publisher":{"@id":"https:\/\/hub.ortopedie.md\/#organization"},"potentialAction":[{"@type":"SearchAction","target":{"@type":"EntryPoint","urlTemplate":"https:\/\/hub.ortopedie.md\/?s={search_term_string}"},"query-input":{"@type":"PropertyValueSpecification","valueRequired":true,"valueName":"search_term_string"}}],"inLanguage":"en-US"},{"@type":"Organization","@id":"https:\/\/hub.ortopedie.md\/#organization","name":"HUB ORTOPEDIE","url":"https:\/\/hub.ortopedie.md\/","logo":{"@type":"ImageObject","inLanguage":"en-US","@id":"https:\/\/hub.ortopedie.md\/#\/schema\/logo\/image\/","url":"https:\/\/hub.ortopedie.md\/wp-content\/uploads\/2018\/01\/hub-logo.png","contentUrl":"https:\/\/hub.ortopedie.md\/wp-content\/uploads\/2018\/01\/hub-logo.png","width":124,"height":90,"caption":"HUB ORTOPEDIE"},"image":{"@id":"https:\/\/hub.ortopedie.md\/#\/schema\/logo\/image\/"},"sameAs":["https:\/\/www.facebook.com\/ORTOPEDIE.MD\/","https:\/\/www.instagram.com\/hub_ortopedie\/"]}]},"product_price_amount":"3500.00","product_price_currency":"MDL","og_availability":"instock","product_availability":"instock","product_condition":"new"},"jetpack_sharing_enabled":true,"brands":[{"id":217,"name":"PRIM","slug":"prim"}],"_links":{"self":[{"href":"https:\/\/hub.ortopedie.md\/en\/wp-json\/wp\/v2\/product\/1781","targetHints":{"allow":["GET"]}}],"collection":[{"href":"https:\/\/hub.ortopedie.md\/en\/wp-json\/wp\/v2\/product"}],"about":[{"href":"https:\/\/hub.ortopedie.md\/en\/wp-json\/wp\/v2\/types\/product"}],"wp:featuredmedia":[{"embeddable":true,"href":"https:\/\/hub.ortopedie.md\/en\/wp-json\/wp\/v2\/media\/1776"}],"wp:attachment":[{"href":"https:\/\/hub.ortopedie.md\/en\/wp-json\/wp\/v2\/media?parent=1781"}],"wp:term":[{"taxonomy":"pwb-brand","embeddable":true,"href":"https:\/\/hub.ortopedie.md\/en\/wp-json\/wp\/v2\/pwb-brand?post=1781"},{"taxonomy":"product_brand","embeddable":true,"href":"https:\/\/hub.ortopedie.md\/en\/wp-json\/wp\/v2\/product_brand?post=1781"},{"taxonomy":"product_cat","embeddable":true,"href":"https:\/\/hub.ortopedie.md\/en\/wp-json\/wp\/v2\/product_cat?post=1781"},{"taxonomy":"product_tag","embeddable":true,"href":"https:\/\/hub.ortopedie.md\/en\/wp-json\/wp\/v2\/product_tag?post=1781"}],"curies":[{"name":"wp","href":"https:\/\/api.w.org\/{rel}","templated":true}]}}