{"id":1978,"date":"2018-05-03T20:39:39","date_gmt":"2018-05-03T20:39:39","guid":{"rendered":"https:\/\/hub.ortopedie.md\/?post_type=product&#038;p=1978"},"modified":"2026-03-12T17:24:21","modified_gmt":"2026-03-12T15:24:21","slug":"sandale-antivalgus-protetika","status":"publish","type":"product","link":"https:\/\/hub.ortopedie.md\/en\/shop\/sandale-antivalgus-protetika\/","title":{"rendered":"Sandale Antivalgus"},"content":{"rendered":"<p>Sandale Antivarus Protetika se folosesc special pentru copii, cu un diagnostic de picioare platfus (picior plat).\u00a0Particularitatea \u00eenc\u0103l\u021b\u0103mintei antivarus \u2013 r\u0103sucirea piciorului in afar\u0103 ca piciorul sa nu se intorc\u0103 \u00een partea de \u00eenauntru.<\/p>\n","protected":false},"excerpt":{"rendered":"<p>Sandale Antivarus Protetika se folosesc special pentru copii, cu un  [&#8230;]<\/p>\n","protected":false},"featured_media":1918,"template":"","meta":[],"pwb-brand":[210],"product_brand":[],"product_cat":[17,263],"product_tag":[],"class_list":{"0":"post-1978","1":"product","2":"type-product","3":"status-publish","4":"has-post-thumbnail","6":"pwb-brand-protetika","7":"product_cat-incaltaminte-ortopedica","8":"product_cat-incaltaminte-pentru-copii","9":"pa_brand-protetika","10":"pa_culoare-albastru-inchis","11":"pa_culoare-bej","13":"first","14":"instock","15":"shipping-taxable","16":"purchasable","17":"product-type-variable"},"yoast_head":"<!-- This site is optimized with the Yoast SEO Premium plugin v18.3 (Yoast SEO v27.4) - https:\/\/yoast.com\/product\/yoast-seo-premium-wordpress\/ -->\n<title>Sandale Antivalgus - HUB Ortopedie<\/title>\n<meta name=\"description\" content=\"Sandale Antivarus Protetika se folosesc special pentru copii, cu un diagnostic de picioare platfus (picior plat).\u00a0Particularitatea \u00eenc\u0103l\u021b\u0103mintei antivarus \u2013 r\u0103sucirea piciorului in afar\u0103 ca piciorul sa nu se intorc\u0103 \u00een partea de \u00eenauntru.\" \/>\n<meta name=\"robots\" content=\"index, follow, max-snippet:-1, max-image-preview:large, max-video-preview:-1\" \/>\n<link rel=\"canonical\" href=\"https:\/\/hub.ortopedie.md\/en\/shop\/sandale-antivalgus-protetika\/\" \/>\n<meta property=\"og:locale\" content=\"en_US\" \/>\n<meta property=\"og:type\" content=\"article\" \/>\n<meta property=\"og:title\" content=\"Sandale Antivalgus\" \/>\n<meta property=\"og:description\" content=\"Sandale Antivarus Protetika se folosesc special pentru copii, cu un diagnostic de picioare platfus (picior plat).\u00a0Particularitatea \u00eenc\u0103l\u021b\u0103mintei antivarus \u2013 r\u0103sucirea piciorului in afar\u0103 ca piciorul sa nu se intorc\u0103 \u00een partea de \u00eenauntru.\" \/>\n<meta property=\"og:url\" content=\"https:\/\/hub.ortopedie.md\/shop\/sandale-antivalgus-protetika\/\" \/>\n<meta property=\"og:site_name\" content=\"Hub Ortopedie - Magazin ortopedic. \u041e\u0440\u0442\u043e\u043f\u0435\u0434\u0438\u0447\u0435\u0441\u043a\u0438\u0439 \u043c\u0430\u0433\u0430\u0437\u0438\u043d\" \/>\n<meta property=\"article:publisher\" content=\"https:\/\/www.facebook.com\/ORTOPEDIE.MD\/\" \/>\n<meta property=\"article:modified_time\" content=\"2026-03-12T15:24:21+00:00\" \/>\n<meta property=\"og:image\" content=\"https:\/\/hub.ortopedie.md\/wp-content\/uploads\/2018\/05\/Antivalgus-sandale-bej-20-35-Protetika.jpg\" \/>\n\t<meta property=\"og:image:width\" content=\"1024\" \/>\n\t<meta property=\"og:image:height\" content=\"681\" \/>\n\t<meta property=\"og:image:type\" content=\"image\/jpeg\" \/>\n<meta name=\"twitter:label1\" content=\"Availability\" \/>\n\t<meta name=\"twitter:data1\" content=\"In stock\" \/>\n<script type=\"application\/ld+json\" class=\"yoast-schema-graph\">{\"@context\":\"https:\\\/\\\/schema.org\",\"@graph\":[{\"@type\":\"WebPage\",\"@id\":\"https:\\\/\\\/hub.ortopedie.md\\\/shop\\\/sandale-antivalgus-protetika\\\/\",\"url\":\"https:\\\/\\\/hub.ortopedie.md\\\/shop\\\/sandale-antivalgus-protetika\\\/\",\"name\":\"Sandale Antivalgus - HUB Ortopedie\",\"isPartOf\":{\"@id\":\"https:\\\/\\\/hub.ortopedie.md\\\/#website\"},\"primaryImageOfPage\":{\"@id\":\"https:\\\/\\\/hub.ortopedie.md\\\/shop\\\/sandale-antivalgus-protetika\\\/#primaryimage\"},\"image\":{\"@id\":\"https:\\\/\\\/hub.ortopedie.md\\\/shop\\\/sandale-antivalgus-protetika\\\/#primaryimage\"},\"thumbnailUrl\":\"https:\\\/\\\/hub.ortopedie.md\\\/wp-content\\\/uploads\\\/2018\\\/05\\\/Antivalgus-sandale-bej-20-35-Protetika.jpg\",\"datePublished\":\"2018-05-03T20:39:39+00:00\",\"dateModified\":\"2026-03-12T15:24:21+00:00\",\"description\":\"Sandale Antivarus Protetika se folosesc special pentru copii, cu un diagnostic de picioare platfus (picior plat).\u00a0Particularitatea \u00eenc\u0103l\u021b\u0103mintei antivarus \u2013 r\u0103sucirea piciorului in afar\u0103 ca piciorul sa nu se intorc\u0103 \u00een partea de \u00eenauntru.\",\"breadcrumb\":{\"@id\":\"https:\\\/\\\/hub.ortopedie.md\\\/shop\\\/sandale-antivalgus-protetika\\\/#breadcrumb\"},\"inLanguage\":\"en-US\",\"potentialAction\":[{\"@type\":\"ReadAction\",\"target\":[\"https:\\\/\\\/hub.ortopedie.md\\\/shop\\\/sandale-antivalgus-protetika\\\/\"]}]},{\"@type\":\"ImageObject\",\"inLanguage\":\"en-US\",\"@id\":\"https:\\\/\\\/hub.ortopedie.md\\\/shop\\\/sandale-antivalgus-protetika\\\/#primaryimage\",\"url\":\"https:\\\/\\\/hub.ortopedie.md\\\/wp-content\\\/uploads\\\/2018\\\/05\\\/Antivalgus-sandale-bej-20-35-Protetika.jpg\",\"contentUrl\":\"https:\\\/\\\/hub.ortopedie.md\\\/wp-content\\\/uploads\\\/2018\\\/05\\\/Antivalgus-sandale-bej-20-35-Protetika.jpg\",\"width\":1024,\"height\":681},{\"@type\":\"BreadcrumbList\",\"@id\":\"https:\\\/\\\/hub.ortopedie.md\\\/shop\\\/sandale-antivalgus-protetika\\\/#breadcrumb\",\"itemListElement\":[{\"@type\":\"ListItem\",\"position\":1,\"name\":\"Prima pagin\u0103\",\"item\":\"https:\\\/\\\/hub.ortopedie.md\\\/en\\\/\"},{\"@type\":\"ListItem\",\"position\":2,\"name\":\"Produse\",\"item\":\"https:\\\/\\\/hub.ortopedie.md\\\/shop\\\/\"},{\"@type\":\"ListItem\",\"position\":3,\"name\":\"Sandale Antivalgus\"}]},{\"@type\":\"WebSite\",\"@id\":\"https:\\\/\\\/hub.ortopedie.md\\\/#website\",\"url\":\"https:\\\/\\\/hub.ortopedie.md\\\/\",\"name\":\"Hub Ortopedie - Magazin ortopedic. \u041e\u0440\u0442\u043e\u043f\u0435\u0434\u0438\u0447\u0435\u0441\u043a\u0438\u0439 \u043c\u0430\u0433\u0430\u0437\u0438\u043d\",\"description\":\"S\u0103n\u0103tate, confort, calitate\",\"publisher\":{\"@id\":\"https:\\\/\\\/hub.ortopedie.md\\\/#organization\"},\"potentialAction\":[{\"@type\":\"SearchAction\",\"target\":{\"@type\":\"EntryPoint\",\"urlTemplate\":\"https:\\\/\\\/hub.ortopedie.md\\\/?s={search_term_string}\"},\"query-input\":{\"@type\":\"PropertyValueSpecification\",\"valueRequired\":true,\"valueName\":\"search_term_string\"}}],\"inLanguage\":\"en-US\"},{\"@type\":\"Organization\",\"@id\":\"https:\\\/\\\/hub.ortopedie.md\\\/#organization\",\"name\":\"HUB ORTOPEDIE\",\"url\":\"https:\\\/\\\/hub.ortopedie.md\\\/\",\"logo\":{\"@type\":\"ImageObject\",\"inLanguage\":\"en-US\",\"@id\":\"https:\\\/\\\/hub.ortopedie.md\\\/#\\\/schema\\\/logo\\\/image\\\/\",\"url\":\"https:\\\/\\\/hub.ortopedie.md\\\/wp-content\\\/uploads\\\/2018\\\/01\\\/hub-logo.png\",\"contentUrl\":\"https:\\\/\\\/hub.ortopedie.md\\\/wp-content\\\/uploads\\\/2018\\\/01\\\/hub-logo.png\",\"width\":124,\"height\":90,\"caption\":\"HUB ORTOPEDIE\"},\"image\":{\"@id\":\"https:\\\/\\\/hub.ortopedie.md\\\/#\\\/schema\\\/logo\\\/image\\\/\"},\"sameAs\":[\"https:\\\/\\\/www.facebook.com\\\/ORTOPEDIE.MD\\\/\",\"https:\\\/\\\/www.instagram.com\\\/hub_ortopedie\\\/\"]}]}<\/script>\n<meta property=\"og:availability\" content=\"instock\" \/>\n<meta property=\"product:availability\" content=\"instock\" \/>\n<meta property=\"product:condition\" content=\"new\" \/>\n<!-- \/ Yoast SEO Premium plugin. -->","yoast_head_json":{"title":"Sandale Antivalgus - HUB Ortopedie","description":"Sandale Antivarus Protetika se folosesc special pentru copii, cu un diagnostic de picioare platfus (picior plat).\u00a0Particularitatea \u00eenc\u0103l\u021b\u0103mintei antivarus \u2013 r\u0103sucirea piciorului in afar\u0103 ca piciorul sa nu se intorc\u0103 \u00een partea de \u00eenauntru.","robots":{"index":"index","follow":"follow","max-snippet":"max-snippet:-1","max-image-preview":"max-image-preview:large","max-video-preview":"max-video-preview:-1"},"canonical":"https:\/\/hub.ortopedie.md\/en\/shop\/sandale-antivalgus-protetika\/","og_locale":"en_US","og_type":"article","og_title":"Sandale Antivalgus","og_description":"Sandale Antivarus Protetika se folosesc special pentru copii, cu un diagnostic de picioare platfus (picior plat).\u00a0Particularitatea \u00eenc\u0103l\u021b\u0103mintei antivarus \u2013 r\u0103sucirea piciorului in afar\u0103 ca piciorul sa nu se intorc\u0103 \u00een partea de \u00eenauntru.","og_url":"https:\/\/hub.ortopedie.md\/shop\/sandale-antivalgus-protetika\/","og_site_name":"Hub Ortopedie - Magazin ortopedic. \u041e\u0440\u0442\u043e\u043f\u0435\u0434\u0438\u0447\u0435\u0441\u043a\u0438\u0439 \u043c\u0430\u0433\u0430\u0437\u0438\u043d","article_publisher":"https:\/\/www.facebook.com\/ORTOPEDIE.MD\/","article_modified_time":"2026-03-12T15:24:21+00:00","og_image":[{"width":1024,"height":681,"url":"https:\/\/hub.ortopedie.md\/wp-content\/uploads\/2018\/05\/Antivalgus-sandale-bej-20-35-Protetika.jpg","type":"image\/jpeg"}],"twitter_misc":{"Availability":"In stock"},"schema":{"@context":"https:\/\/schema.org","@graph":[{"@type":"WebPage","@id":"https:\/\/hub.ortopedie.md\/shop\/sandale-antivalgus-protetika\/","url":"https:\/\/hub.ortopedie.md\/shop\/sandale-antivalgus-protetika\/","name":"Sandale Antivalgus - HUB Ortopedie","isPartOf":{"@id":"https:\/\/hub.ortopedie.md\/#website"},"primaryImageOfPage":{"@id":"https:\/\/hub.ortopedie.md\/shop\/sandale-antivalgus-protetika\/#primaryimage"},"image":{"@id":"https:\/\/hub.ortopedie.md\/shop\/sandale-antivalgus-protetika\/#primaryimage"},"thumbnailUrl":"https:\/\/hub.ortopedie.md\/wp-content\/uploads\/2018\/05\/Antivalgus-sandale-bej-20-35-Protetika.jpg","datePublished":"2018-05-03T20:39:39+00:00","dateModified":"2026-03-12T15:24:21+00:00","description":"Sandale Antivarus Protetika se folosesc special pentru copii, cu un diagnostic de picioare platfus (picior plat).\u00a0Particularitatea \u00eenc\u0103l\u021b\u0103mintei antivarus \u2013 r\u0103sucirea piciorului in afar\u0103 ca piciorul sa nu se intorc\u0103 \u00een partea de \u00eenauntru.","breadcrumb":{"@id":"https:\/\/hub.ortopedie.md\/shop\/sandale-antivalgus-protetika\/#breadcrumb"},"inLanguage":"en-US","potentialAction":[{"@type":"ReadAction","target":["https:\/\/hub.ortopedie.md\/shop\/sandale-antivalgus-protetika\/"]}]},{"@type":"ImageObject","inLanguage":"en-US","@id":"https:\/\/hub.ortopedie.md\/shop\/sandale-antivalgus-protetika\/#primaryimage","url":"https:\/\/hub.ortopedie.md\/wp-content\/uploads\/2018\/05\/Antivalgus-sandale-bej-20-35-Protetika.jpg","contentUrl":"https:\/\/hub.ortopedie.md\/wp-content\/uploads\/2018\/05\/Antivalgus-sandale-bej-20-35-Protetika.jpg","width":1024,"height":681},{"@type":"BreadcrumbList","@id":"https:\/\/hub.ortopedie.md\/shop\/sandale-antivalgus-protetika\/#breadcrumb","itemListElement":[{"@type":"ListItem","position":1,"name":"Prima pagin\u0103","item":"https:\/\/hub.ortopedie.md\/en\/"},{"@type":"ListItem","position":2,"name":"Produse","item":"https:\/\/hub.ortopedie.md\/shop\/"},{"@type":"ListItem","position":3,"name":"Sandale Antivalgus"}]},{"@type":"WebSite","@id":"https:\/\/hub.ortopedie.md\/#website","url":"https:\/\/hub.ortopedie.md\/","name":"Hub Ortopedie - Magazin ortopedic. \u041e\u0440\u0442\u043e\u043f\u0435\u0434\u0438\u0447\u0435\u0441\u043a\u0438\u0439 \u043c\u0430\u0433\u0430\u0437\u0438\u043d","description":"S\u0103n\u0103tate, confort, calitate","publisher":{"@id":"https:\/\/hub.ortopedie.md\/#organization"},"potentialAction":[{"@type":"SearchAction","target":{"@type":"EntryPoint","urlTemplate":"https:\/\/hub.ortopedie.md\/?s={search_term_string}"},"query-input":{"@type":"PropertyValueSpecification","valueRequired":true,"valueName":"search_term_string"}}],"inLanguage":"en-US"},{"@type":"Organization","@id":"https:\/\/hub.ortopedie.md\/#organization","name":"HUB ORTOPEDIE","url":"https:\/\/hub.ortopedie.md\/","logo":{"@type":"ImageObject","inLanguage":"en-US","@id":"https:\/\/hub.ortopedie.md\/#\/schema\/logo\/image\/","url":"https:\/\/hub.ortopedie.md\/wp-content\/uploads\/2018\/01\/hub-logo.png","contentUrl":"https:\/\/hub.ortopedie.md\/wp-content\/uploads\/2018\/01\/hub-logo.png","width":124,"height":90,"caption":"HUB ORTOPEDIE"},"image":{"@id":"https:\/\/hub.ortopedie.md\/#\/schema\/logo\/image\/"},"sameAs":["https:\/\/www.facebook.com\/ORTOPEDIE.MD\/","https:\/\/www.instagram.com\/hub_ortopedie\/"]}]},"og_availability":"instock","product_availability":"instock","product_condition":"new"},"jetpack_sharing_enabled":true,"brands":[{"id":210,"name":"Protetika","slug":"protetika"}],"_links":{"self":[{"href":"https:\/\/hub.ortopedie.md\/en\/wp-json\/wp\/v2\/product\/1978","targetHints":{"allow":["GET"]}}],"collection":[{"href":"https:\/\/hub.ortopedie.md\/en\/wp-json\/wp\/v2\/product"}],"about":[{"href":"https:\/\/hub.ortopedie.md\/en\/wp-json\/wp\/v2\/types\/product"}],"wp:featuredmedia":[{"embeddable":true,"href":"https:\/\/hub.ortopedie.md\/en\/wp-json\/wp\/v2\/media\/1918"}],"wp:attachment":[{"href":"https:\/\/hub.ortopedie.md\/en\/wp-json\/wp\/v2\/media?parent=1978"}],"wp:term":[{"taxonomy":"pwb-brand","embeddable":true,"href":"https:\/\/hub.ortopedie.md\/en\/wp-json\/wp\/v2\/pwb-brand?post=1978"},{"taxonomy":"product_brand","embeddable":true,"href":"https:\/\/hub.ortopedie.md\/en\/wp-json\/wp\/v2\/product_brand?post=1978"},{"taxonomy":"product_cat","embeddable":true,"href":"https:\/\/hub.ortopedie.md\/en\/wp-json\/wp\/v2\/product_cat?post=1978"},{"taxonomy":"product_tag","embeddable":true,"href":"https:\/\/hub.ortopedie.md\/en\/wp-json\/wp\/v2\/product_tag?post=1978"}],"curies":[{"name":"wp","href":"https:\/\/api.w.org\/{rel}","templated":true}]}}