{"id":2330,"date":"2018-05-28T20:36:00","date_gmt":"2018-05-28T20:36:00","guid":{"rendered":"https:\/\/hub.ortopedie.md\/?post_type=product&#038;p=2330"},"modified":"2018-05-28T20:45:44","modified_gmt":"2018-05-28T20:45:44","slug":"scaune-pentru-baie-with-backrest-armrest","status":"publish","type":"product","link":"https:\/\/hub.ortopedie.md\/en\/shop\/scaune-pentru-baie-with-backrest-armrest\/","title":{"rendered":"Scaune pentru baie WITH BACKREST &#038; ARMREST"},"content":{"rendered":"<p><strong class=\"titolo-prodotto-codice\">Caracteristici tehnice<\/strong><\/p>\n<p>Dimensiuni\u00a0\u00a0<strong>51 x\u00a0\u00a0<\/strong><strong>54 x\u00a0\u00a0<\/strong><strong>h80,5 \u00f7 98,5\u00a0\u00a0<\/strong><strong>cm\u00a0<\/strong><br \/>\nDimensiuni scaune\u00a0\u00a0<strong>40 x 33 x\u00a0\u00a0<\/strong><strong>h47 \u00f7 65\u00a0\u00a0<\/strong><strong>cm\u00a0<\/strong><br \/>\nGreutate maxim\u0103 de \u00eenc\u0103rcare\u00a0\u00a0<strong>110 kg\u00a0<\/strong><br \/>\nGreutate\u00a0\u00a0<strong>3,2 kg<\/strong><\/p>\n<p>Cod.\u00a0RS839<\/p>\n","protected":false},"excerpt":{"rendered":"<p>Caracteristici tehnice Dimensiuni\u00a0\u00a051 x\u00a0\u00a054 x\u00a0\u00a0h80,5 \u00f7 98,5\u00a0\u00a0cm\u00a0 Dimensiuni scaune\u00a0\u00a040 x  [&#8230;]<\/p>\n","protected":false},"featured_media":2331,"template":"","meta":[],"pwb-brand":[250],"product_brand":[],"product_cat":[36],"product_tag":[],"class_list":{"0":"post-2330","1":"product","2":"type-product","3":"status-publish","4":"has-post-thumbnail","6":"pwb-brand-moretti","7":"product_cat-ingrijire-la-domiciliu","9":"first","10":"instock","11":"shipping-taxable","12":"product-type-simple"},"yoast_head":"<!-- This site is optimized with the Yoast SEO Premium plugin v18.3 (Yoast SEO v27.4) - https:\/\/yoast.com\/product\/yoast-seo-premium-wordpress\/ -->\n<title>Scaune pentru baie WITH BACKREST &amp; ARMREST - HUB Ortopedie<\/title>\n<meta name=\"robots\" content=\"index, follow, max-snippet:-1, max-image-preview:large, max-video-preview:-1\" \/>\n<link rel=\"canonical\" href=\"https:\/\/hub.ortopedie.md\/en\/shop\/scaune-pentru-baie-with-backrest-armrest\/\" \/>\n<meta property=\"og:locale\" content=\"en_US\" \/>\n<meta property=\"og:type\" content=\"article\" \/>\n<meta property=\"og:title\" content=\"Scaune pentru baie WITH BACKREST &amp; ARMREST\" \/>\n<meta property=\"og:description\" content=\"Caracteristici tehnice Dimensiuni\u00a0\u00a051 x\u00a0\u00a054 x\u00a0\u00a0h80,5 \u00f7 98,5\u00a0\u00a0cm\u00a0 Dimensiuni scaune\u00a0\u00a040 x [...]\" \/>\n<meta property=\"og:url\" content=\"https:\/\/hub.ortopedie.md\/shop\/scaune-pentru-baie-with-backrest-armrest\/\" \/>\n<meta property=\"og:site_name\" content=\"Hub Ortopedie - Magazin ortopedic. \u041e\u0440\u0442\u043e\u043f\u0435\u0434\u0438\u0447\u0435\u0441\u043a\u0438\u0439 \u043c\u0430\u0433\u0430\u0437\u0438\u043d\" \/>\n<meta property=\"article:publisher\" content=\"https:\/\/www.facebook.com\/ORTOPEDIE.MD\/\" \/>\n<meta property=\"article:modified_time\" content=\"2018-05-28T20:45:44+00:00\" \/>\n<meta property=\"og:image\" content=\"https:\/\/hub.ortopedie.md\/wp-content\/uploads\/2018\/05\/rs839.jpg\" \/>\n\t<meta property=\"og:image:width\" content=\"750\" \/>\n\t<meta property=\"og:image:height\" content=\"700\" \/>\n\t<meta property=\"og:image:type\" content=\"image\/jpeg\" \/>\n<meta name=\"twitter:label1\" content=\"Price\" \/>\n\t<meta name=\"twitter:data1\" content=\"\" \/>\n\t<meta name=\"twitter:label2\" content=\"Availability\" \/>\n\t<meta name=\"twitter:data2\" content=\"In stock\" \/>\n<script type=\"application\/ld+json\" class=\"yoast-schema-graph\">{\"@context\":\"https:\\\/\\\/schema.org\",\"@graph\":[{\"@type\":\"WebPage\",\"@id\":\"https:\\\/\\\/hub.ortopedie.md\\\/shop\\\/scaune-pentru-baie-with-backrest-armrest\\\/\",\"url\":\"https:\\\/\\\/hub.ortopedie.md\\\/shop\\\/scaune-pentru-baie-with-backrest-armrest\\\/\",\"name\":\"Scaune pentru baie WITH BACKREST & ARMREST - HUB Ortopedie\",\"isPartOf\":{\"@id\":\"https:\\\/\\\/hub.ortopedie.md\\\/#website\"},\"primaryImageOfPage\":{\"@id\":\"https:\\\/\\\/hub.ortopedie.md\\\/shop\\\/scaune-pentru-baie-with-backrest-armrest\\\/#primaryimage\"},\"image\":{\"@id\":\"https:\\\/\\\/hub.ortopedie.md\\\/shop\\\/scaune-pentru-baie-with-backrest-armrest\\\/#primaryimage\"},\"thumbnailUrl\":\"https:\\\/\\\/hub.ortopedie.md\\\/wp-content\\\/uploads\\\/2018\\\/05\\\/rs839.jpg\",\"datePublished\":\"2018-05-28T20:36:00+00:00\",\"dateModified\":\"2018-05-28T20:45:44+00:00\",\"breadcrumb\":{\"@id\":\"https:\\\/\\\/hub.ortopedie.md\\\/shop\\\/scaune-pentru-baie-with-backrest-armrest\\\/#breadcrumb\"},\"inLanguage\":\"en-US\",\"potentialAction\":[{\"@type\":\"ReadAction\",\"target\":[\"https:\\\/\\\/hub.ortopedie.md\\\/shop\\\/scaune-pentru-baie-with-backrest-armrest\\\/\"]}]},{\"@type\":\"ImageObject\",\"inLanguage\":\"en-US\",\"@id\":\"https:\\\/\\\/hub.ortopedie.md\\\/shop\\\/scaune-pentru-baie-with-backrest-armrest\\\/#primaryimage\",\"url\":\"https:\\\/\\\/hub.ortopedie.md\\\/wp-content\\\/uploads\\\/2018\\\/05\\\/rs839.jpg\",\"contentUrl\":\"https:\\\/\\\/hub.ortopedie.md\\\/wp-content\\\/uploads\\\/2018\\\/05\\\/rs839.jpg\",\"width\":750,\"height\":700},{\"@type\":\"BreadcrumbList\",\"@id\":\"https:\\\/\\\/hub.ortopedie.md\\\/shop\\\/scaune-pentru-baie-with-backrest-armrest\\\/#breadcrumb\",\"itemListElement\":[{\"@type\":\"ListItem\",\"position\":1,\"name\":\"Prima pagin\u0103\",\"item\":\"https:\\\/\\\/hub.ortopedie.md\\\/en\\\/\"},{\"@type\":\"ListItem\",\"position\":2,\"name\":\"Produse\",\"item\":\"https:\\\/\\\/hub.ortopedie.md\\\/shop\\\/\"},{\"@type\":\"ListItem\",\"position\":3,\"name\":\"Scaune pentru baie WITH BACKREST &#038; ARMREST\"}]},{\"@type\":\"WebSite\",\"@id\":\"https:\\\/\\\/hub.ortopedie.md\\\/#website\",\"url\":\"https:\\\/\\\/hub.ortopedie.md\\\/\",\"name\":\"Hub Ortopedie - Magazin ortopedic. \u041e\u0440\u0442\u043e\u043f\u0435\u0434\u0438\u0447\u0435\u0441\u043a\u0438\u0439 \u043c\u0430\u0433\u0430\u0437\u0438\u043d\",\"description\":\"S\u0103n\u0103tate, confort, calitate\",\"publisher\":{\"@id\":\"https:\\\/\\\/hub.ortopedie.md\\\/#organization\"},\"potentialAction\":[{\"@type\":\"SearchAction\",\"target\":{\"@type\":\"EntryPoint\",\"urlTemplate\":\"https:\\\/\\\/hub.ortopedie.md\\\/?s={search_term_string}\"},\"query-input\":{\"@type\":\"PropertyValueSpecification\",\"valueRequired\":true,\"valueName\":\"search_term_string\"}}],\"inLanguage\":\"en-US\"},{\"@type\":\"Organization\",\"@id\":\"https:\\\/\\\/hub.ortopedie.md\\\/#organization\",\"name\":\"HUB ORTOPEDIE\",\"url\":\"https:\\\/\\\/hub.ortopedie.md\\\/\",\"logo\":{\"@type\":\"ImageObject\",\"inLanguage\":\"en-US\",\"@id\":\"https:\\\/\\\/hub.ortopedie.md\\\/#\\\/schema\\\/logo\\\/image\\\/\",\"url\":\"https:\\\/\\\/hub.ortopedie.md\\\/wp-content\\\/uploads\\\/2018\\\/01\\\/hub-logo.png\",\"contentUrl\":\"https:\\\/\\\/hub.ortopedie.md\\\/wp-content\\\/uploads\\\/2018\\\/01\\\/hub-logo.png\",\"width\":124,\"height\":90,\"caption\":\"HUB ORTOPEDIE\"},\"image\":{\"@id\":\"https:\\\/\\\/hub.ortopedie.md\\\/#\\\/schema\\\/logo\\\/image\\\/\"},\"sameAs\":[\"https:\\\/\\\/www.facebook.com\\\/ORTOPEDIE.MD\\\/\",\"https:\\\/\\\/www.instagram.com\\\/hub_ortopedie\\\/\"]}]}<\/script>\n<meta property=\"product:price:currency\" content=\"MDL\" \/>\n<meta property=\"og:availability\" content=\"instock\" \/>\n<meta property=\"product:availability\" content=\"instock\" \/>\n<meta property=\"product:condition\" content=\"new\" \/>\n<!-- \/ Yoast SEO Premium plugin. -->","yoast_head_json":{"title":"Scaune pentru baie WITH BACKREST & ARMREST - HUB Ortopedie","robots":{"index":"index","follow":"follow","max-snippet":"max-snippet:-1","max-image-preview":"max-image-preview:large","max-video-preview":"max-video-preview:-1"},"canonical":"https:\/\/hub.ortopedie.md\/en\/shop\/scaune-pentru-baie-with-backrest-armrest\/","og_locale":"en_US","og_type":"article","og_title":"Scaune pentru baie WITH BACKREST & ARMREST","og_description":"Caracteristici tehnice Dimensiuni\u00a0\u00a051 x\u00a0\u00a054 x\u00a0\u00a0h80,5 \u00f7 98,5\u00a0\u00a0cm\u00a0 Dimensiuni scaune\u00a0\u00a040 x [...]","og_url":"https:\/\/hub.ortopedie.md\/shop\/scaune-pentru-baie-with-backrest-armrest\/","og_site_name":"Hub Ortopedie - Magazin ortopedic. \u041e\u0440\u0442\u043e\u043f\u0435\u0434\u0438\u0447\u0435\u0441\u043a\u0438\u0439 \u043c\u0430\u0433\u0430\u0437\u0438\u043d","article_publisher":"https:\/\/www.facebook.com\/ORTOPEDIE.MD\/","article_modified_time":"2018-05-28T20:45:44+00:00","og_image":[{"width":750,"height":700,"url":"https:\/\/hub.ortopedie.md\/wp-content\/uploads\/2018\/05\/rs839.jpg","type":"image\/jpeg"}],"twitter_misc":{"Price":"","Availability":"In stock"},"schema":{"@context":"https:\/\/schema.org","@graph":[{"@type":"WebPage","@id":"https:\/\/hub.ortopedie.md\/shop\/scaune-pentru-baie-with-backrest-armrest\/","url":"https:\/\/hub.ortopedie.md\/shop\/scaune-pentru-baie-with-backrest-armrest\/","name":"Scaune pentru baie WITH BACKREST & ARMREST - HUB Ortopedie","isPartOf":{"@id":"https:\/\/hub.ortopedie.md\/#website"},"primaryImageOfPage":{"@id":"https:\/\/hub.ortopedie.md\/shop\/scaune-pentru-baie-with-backrest-armrest\/#primaryimage"},"image":{"@id":"https:\/\/hub.ortopedie.md\/shop\/scaune-pentru-baie-with-backrest-armrest\/#primaryimage"},"thumbnailUrl":"https:\/\/hub.ortopedie.md\/wp-content\/uploads\/2018\/05\/rs839.jpg","datePublished":"2018-05-28T20:36:00+00:00","dateModified":"2018-05-28T20:45:44+00:00","breadcrumb":{"@id":"https:\/\/hub.ortopedie.md\/shop\/scaune-pentru-baie-with-backrest-armrest\/#breadcrumb"},"inLanguage":"en-US","potentialAction":[{"@type":"ReadAction","target":["https:\/\/hub.ortopedie.md\/shop\/scaune-pentru-baie-with-backrest-armrest\/"]}]},{"@type":"ImageObject","inLanguage":"en-US","@id":"https:\/\/hub.ortopedie.md\/shop\/scaune-pentru-baie-with-backrest-armrest\/#primaryimage","url":"https:\/\/hub.ortopedie.md\/wp-content\/uploads\/2018\/05\/rs839.jpg","contentUrl":"https:\/\/hub.ortopedie.md\/wp-content\/uploads\/2018\/05\/rs839.jpg","width":750,"height":700},{"@type":"BreadcrumbList","@id":"https:\/\/hub.ortopedie.md\/shop\/scaune-pentru-baie-with-backrest-armrest\/#breadcrumb","itemListElement":[{"@type":"ListItem","position":1,"name":"Prima pagin\u0103","item":"https:\/\/hub.ortopedie.md\/en\/"},{"@type":"ListItem","position":2,"name":"Produse","item":"https:\/\/hub.ortopedie.md\/shop\/"},{"@type":"ListItem","position":3,"name":"Scaune pentru baie WITH BACKREST &#038; ARMREST"}]},{"@type":"WebSite","@id":"https:\/\/hub.ortopedie.md\/#website","url":"https:\/\/hub.ortopedie.md\/","name":"Hub Ortopedie - Magazin ortopedic. \u041e\u0440\u0442\u043e\u043f\u0435\u0434\u0438\u0447\u0435\u0441\u043a\u0438\u0439 \u043c\u0430\u0433\u0430\u0437\u0438\u043d","description":"S\u0103n\u0103tate, confort, calitate","publisher":{"@id":"https:\/\/hub.ortopedie.md\/#organization"},"potentialAction":[{"@type":"SearchAction","target":{"@type":"EntryPoint","urlTemplate":"https:\/\/hub.ortopedie.md\/?s={search_term_string}"},"query-input":{"@type":"PropertyValueSpecification","valueRequired":true,"valueName":"search_term_string"}}],"inLanguage":"en-US"},{"@type":"Organization","@id":"https:\/\/hub.ortopedie.md\/#organization","name":"HUB ORTOPEDIE","url":"https:\/\/hub.ortopedie.md\/","logo":{"@type":"ImageObject","inLanguage":"en-US","@id":"https:\/\/hub.ortopedie.md\/#\/schema\/logo\/image\/","url":"https:\/\/hub.ortopedie.md\/wp-content\/uploads\/2018\/01\/hub-logo.png","contentUrl":"https:\/\/hub.ortopedie.md\/wp-content\/uploads\/2018\/01\/hub-logo.png","width":124,"height":90,"caption":"HUB ORTOPEDIE"},"image":{"@id":"https:\/\/hub.ortopedie.md\/#\/schema\/logo\/image\/"},"sameAs":["https:\/\/www.facebook.com\/ORTOPEDIE.MD\/","https:\/\/www.instagram.com\/hub_ortopedie\/"]}]},"product_price_currency":"MDL","og_availability":"instock","product_availability":"instock","product_condition":"new"},"jetpack_sharing_enabled":true,"brands":[{"id":250,"name":"MORETTI","slug":"moretti"}],"_links":{"self":[{"href":"https:\/\/hub.ortopedie.md\/en\/wp-json\/wp\/v2\/product\/2330","targetHints":{"allow":["GET"]}}],"collection":[{"href":"https:\/\/hub.ortopedie.md\/en\/wp-json\/wp\/v2\/product"}],"about":[{"href":"https:\/\/hub.ortopedie.md\/en\/wp-json\/wp\/v2\/types\/product"}],"wp:featuredmedia":[{"embeddable":true,"href":"https:\/\/hub.ortopedie.md\/en\/wp-json\/wp\/v2\/media\/2331"}],"wp:attachment":[{"href":"https:\/\/hub.ortopedie.md\/en\/wp-json\/wp\/v2\/media?parent=2330"}],"wp:term":[{"taxonomy":"pwb-brand","embeddable":true,"href":"https:\/\/hub.ortopedie.md\/en\/wp-json\/wp\/v2\/pwb-brand?post=2330"},{"taxonomy":"product_brand","embeddable":true,"href":"https:\/\/hub.ortopedie.md\/en\/wp-json\/wp\/v2\/product_brand?post=2330"},{"taxonomy":"product_cat","embeddable":true,"href":"https:\/\/hub.ortopedie.md\/en\/wp-json\/wp\/v2\/product_cat?post=2330"},{"taxonomy":"product_tag","embeddable":true,"href":"https:\/\/hub.ortopedie.md\/en\/wp-json\/wp\/v2\/product_tag?post=2330"}],"curies":[{"name":"wp","href":"https:\/\/api.w.org\/{rel}","templated":true}]}}