{"id":2332,"date":"2018-05-28T20:46:18","date_gmt":"2018-05-28T20:46:18","guid":{"rendered":"https:\/\/hub.ortopedie.md\/?post_type=product&#038;p=2332"},"modified":"2020-05-02T08:57:43","modified_gmt":"2020-05-02T08:57:43","slug":"carje-ortopedice-de-antebrat","status":"publish","type":"product","link":"https:\/\/hub.ortopedie.md\/en\/shop\/carje-ortopedice-de-antebrat\/","title":{"rendered":"Carje ortopedice de antebrat"},"content":{"rendered":"<p>Carje ortopedice de antebrat cu tuburi din aluminiu anodizat cu greutate redus\u0103.\u00a0M\u00e2ner anti-alunecare \u0219i anatomic pentru o utilizare confortabil\u0103 \u0219i sigur\u0103.\u00a0Inel de tampon pe bara reglabil\u0103.\u00a0U\u0219or de blocat de o clem\u0103 elastic\u0103.\u00a0Refractarea butonului din fa\u021b\u0103.<\/p>\n<p class=\"p1\"><strong class=\"titolo-prodotto-codice\">Caracteristici tehnice<\/strong><\/p>\n<p>\u00cen\u0103l\u021bimea reglabil\u0103 de\u00a0\u00a0<strong>la 74 la 97 cm (de la sol la m\u00e2ner)<\/strong><\/p>\n<p>\u00cen\u0103l\u021bime reglabil\u0103 de\u00a0\u00a0<strong>la 93,5 p\u00e2n\u0103 la 116,5 cm<\/strong><\/p>\n<p>Greutate maxim\u0103 de \u00eenc\u0103rcare\u00a0\u00a0<strong>100 kg<\/strong><\/p>\n<p>&nbsp;<\/p>\n","protected":false},"excerpt":{"rendered":"<p>Carje ortopedice de antebrat cu tuburi din aluminiu anodizat cu  [&#8230;]<\/p>\n","protected":false},"featured_media":2335,"template":"","meta":[],"pwb-brand":[250],"product_brand":[],"product_cat":[95],"product_tag":[],"class_list":{"0":"post-2332","1":"product","2":"type-product","3":"status-publish","4":"has-post-thumbnail","6":"pwb-brand-moretti","7":"product_cat-cirje","9":"first","10":"onbackorder","11":"shipping-taxable","12":"purchasable","13":"product-type-simple"},"yoast_head":"<!-- This site is optimized with the Yoast SEO Premium plugin v18.3 (Yoast SEO v27.4) - https:\/\/yoast.com\/product\/yoast-seo-premium-wordpress\/ -->\n<title>Carje ortopedice de antebrat - HUB Ortopedie<\/title>\n<meta name=\"description\" content=\"Carje ortopedice de antebrat cu tuburi din aluminiu anodizat cu greutate redus\u0103.\u00a0M\u00e2ner anti-alunecare \u0219i anatomic pentru o utilizare confortabil\u0103 \u0219i sigur\u0103.\u00a0Inel de tampon pe bara reglabil\u0103.\u00a0U\u0219or de blocat de o clem\u0103 elastic\u0103.\u00a0Refractarea butonului din fa\u021b\u0103.\" \/>\n<meta name=\"robots\" content=\"index, follow, max-snippet:-1, max-image-preview:large, max-video-preview:-1\" \/>\n<link rel=\"canonical\" href=\"https:\/\/hub.ortopedie.md\/en\/shop\/carje-ortopedice-de-antebrat\/\" \/>\n<meta property=\"og:locale\" content=\"en_US\" \/>\n<meta property=\"og:type\" content=\"article\" \/>\n<meta property=\"og:title\" content=\"Carje ortopedice de antebrat\" \/>\n<meta property=\"og:description\" content=\"Carje ortopedice de antebrat cu tuburi din aluminiu anodizat cu greutate redus\u0103.\u00a0M\u00e2ner anti-alunecare \u0219i anatomic pentru o utilizare confortabil\u0103 \u0219i sigur\u0103.\u00a0Inel de tampon pe bara reglabil\u0103.\u00a0U\u0219or de blocat de o clem\u0103 elastic\u0103.\u00a0Refractarea butonului din fa\u021b\u0103.\" \/>\n<meta property=\"og:url\" content=\"https:\/\/hub.ortopedie.md\/shop\/carje-ortopedice-de-antebrat\/\" \/>\n<meta property=\"og:site_name\" content=\"Hub Ortopedie - Magazin ortopedic. \u041e\u0440\u0442\u043e\u043f\u0435\u0434\u0438\u0447\u0435\u0441\u043a\u0438\u0439 \u043c\u0430\u0433\u0430\u0437\u0438\u043d\" \/>\n<meta property=\"article:publisher\" content=\"https:\/\/www.facebook.com\/ORTOPEDIE.MD\/\" \/>\n<meta property=\"article:modified_time\" content=\"2020-05-02T08:57:43+00:00\" \/>\n<meta property=\"og:image\" content=\"https:\/\/hub.ortopedie.md\/wp-content\/uploads\/2018\/05\/rp701.jpg\" \/>\n\t<meta property=\"og:image:width\" content=\"628\" \/>\n\t<meta property=\"og:image:height\" content=\"628\" \/>\n\t<meta property=\"og:image:type\" content=\"image\/jpeg\" \/>\n<meta name=\"twitter:label1\" content=\"Price\" \/>\n\t<meta name=\"twitter:data1\" content=\"400.00&nbsp;MDL\" \/>\n\t<meta name=\"twitter:label2\" content=\"Availability\" \/>\n\t<meta name=\"twitter:data2\" content=\"On backorder\" \/>\n<script type=\"application\/ld+json\" class=\"yoast-schema-graph\">{\"@context\":\"https:\\\/\\\/schema.org\",\"@graph\":[{\"@type\":\"WebPage\",\"@id\":\"https:\\\/\\\/hub.ortopedie.md\\\/shop\\\/carje-ortopedice-de-antebrat\\\/\",\"url\":\"https:\\\/\\\/hub.ortopedie.md\\\/shop\\\/carje-ortopedice-de-antebrat\\\/\",\"name\":\"Carje ortopedice de antebrat - HUB Ortopedie\",\"isPartOf\":{\"@id\":\"https:\\\/\\\/hub.ortopedie.md\\\/#website\"},\"primaryImageOfPage\":{\"@id\":\"https:\\\/\\\/hub.ortopedie.md\\\/shop\\\/carje-ortopedice-de-antebrat\\\/#primaryimage\"},\"image\":{\"@id\":\"https:\\\/\\\/hub.ortopedie.md\\\/shop\\\/carje-ortopedice-de-antebrat\\\/#primaryimage\"},\"thumbnailUrl\":\"https:\\\/\\\/hub.ortopedie.md\\\/wp-content\\\/uploads\\\/2018\\\/05\\\/rp701.jpg\",\"datePublished\":\"2018-05-28T20:46:18+00:00\",\"dateModified\":\"2020-05-02T08:57:43+00:00\",\"description\":\"Carje ortopedice de antebrat cu tuburi din aluminiu anodizat cu greutate redus\u0103.\u00a0M\u00e2ner anti-alunecare \u0219i anatomic pentru o utilizare confortabil\u0103 \u0219i sigur\u0103.\u00a0Inel de tampon pe bara reglabil\u0103.\u00a0U\u0219or de blocat de o clem\u0103 elastic\u0103.\u00a0Refractarea butonului din fa\u021b\u0103.\",\"breadcrumb\":{\"@id\":\"https:\\\/\\\/hub.ortopedie.md\\\/shop\\\/carje-ortopedice-de-antebrat\\\/#breadcrumb\"},\"inLanguage\":\"en-US\",\"potentialAction\":[{\"@type\":\"ReadAction\",\"target\":[\"https:\\\/\\\/hub.ortopedie.md\\\/shop\\\/carje-ortopedice-de-antebrat\\\/\"]}]},{\"@type\":\"ImageObject\",\"inLanguage\":\"en-US\",\"@id\":\"https:\\\/\\\/hub.ortopedie.md\\\/shop\\\/carje-ortopedice-de-antebrat\\\/#primaryimage\",\"url\":\"https:\\\/\\\/hub.ortopedie.md\\\/wp-content\\\/uploads\\\/2018\\\/05\\\/rp701.jpg\",\"contentUrl\":\"https:\\\/\\\/hub.ortopedie.md\\\/wp-content\\\/uploads\\\/2018\\\/05\\\/rp701.jpg\",\"width\":628,\"height\":628},{\"@type\":\"BreadcrumbList\",\"@id\":\"https:\\\/\\\/hub.ortopedie.md\\\/shop\\\/carje-ortopedice-de-antebrat\\\/#breadcrumb\",\"itemListElement\":[{\"@type\":\"ListItem\",\"position\":1,\"name\":\"Prima pagin\u0103\",\"item\":\"https:\\\/\\\/hub.ortopedie.md\\\/en\\\/\"},{\"@type\":\"ListItem\",\"position\":2,\"name\":\"Produse\",\"item\":\"https:\\\/\\\/hub.ortopedie.md\\\/shop\\\/\"},{\"@type\":\"ListItem\",\"position\":3,\"name\":\"Carje ortopedice de antebrat\"}]},{\"@type\":\"WebSite\",\"@id\":\"https:\\\/\\\/hub.ortopedie.md\\\/#website\",\"url\":\"https:\\\/\\\/hub.ortopedie.md\\\/\",\"name\":\"Hub Ortopedie - Magazin ortopedic. \u041e\u0440\u0442\u043e\u043f\u0435\u0434\u0438\u0447\u0435\u0441\u043a\u0438\u0439 \u043c\u0430\u0433\u0430\u0437\u0438\u043d\",\"description\":\"S\u0103n\u0103tate, confort, calitate\",\"publisher\":{\"@id\":\"https:\\\/\\\/hub.ortopedie.md\\\/#organization\"},\"potentialAction\":[{\"@type\":\"SearchAction\",\"target\":{\"@type\":\"EntryPoint\",\"urlTemplate\":\"https:\\\/\\\/hub.ortopedie.md\\\/?s={search_term_string}\"},\"query-input\":{\"@type\":\"PropertyValueSpecification\",\"valueRequired\":true,\"valueName\":\"search_term_string\"}}],\"inLanguage\":\"en-US\"},{\"@type\":\"Organization\",\"@id\":\"https:\\\/\\\/hub.ortopedie.md\\\/#organization\",\"name\":\"HUB ORTOPEDIE\",\"url\":\"https:\\\/\\\/hub.ortopedie.md\\\/\",\"logo\":{\"@type\":\"ImageObject\",\"inLanguage\":\"en-US\",\"@id\":\"https:\\\/\\\/hub.ortopedie.md\\\/#\\\/schema\\\/logo\\\/image\\\/\",\"url\":\"https:\\\/\\\/hub.ortopedie.md\\\/wp-content\\\/uploads\\\/2018\\\/01\\\/hub-logo.png\",\"contentUrl\":\"https:\\\/\\\/hub.ortopedie.md\\\/wp-content\\\/uploads\\\/2018\\\/01\\\/hub-logo.png\",\"width\":124,\"height\":90,\"caption\":\"HUB ORTOPEDIE\"},\"image\":{\"@id\":\"https:\\\/\\\/hub.ortopedie.md\\\/#\\\/schema\\\/logo\\\/image\\\/\"},\"sameAs\":[\"https:\\\/\\\/www.facebook.com\\\/ORTOPEDIE.MD\\\/\",\"https:\\\/\\\/www.instagram.com\\\/hub_ortopedie\\\/\"]}]}<\/script>\n<meta property=\"product:price:amount\" content=\"400.00\" \/>\n<meta property=\"product:price:currency\" content=\"MDL\" \/>\n<meta property=\"og:availability\" content=\"backorder\" \/>\n<meta property=\"product:availability\" content=\"available for order\" \/>\n<meta property=\"product:condition\" content=\"new\" \/>\n<!-- \/ Yoast SEO Premium plugin. -->","yoast_head_json":{"title":"Carje ortopedice de antebrat - HUB Ortopedie","description":"Carje ortopedice de antebrat cu tuburi din aluminiu anodizat cu greutate redus\u0103.\u00a0M\u00e2ner anti-alunecare \u0219i anatomic pentru o utilizare confortabil\u0103 \u0219i sigur\u0103.\u00a0Inel de tampon pe bara reglabil\u0103.\u00a0U\u0219or de blocat de o clem\u0103 elastic\u0103.\u00a0Refractarea butonului din fa\u021b\u0103.","robots":{"index":"index","follow":"follow","max-snippet":"max-snippet:-1","max-image-preview":"max-image-preview:large","max-video-preview":"max-video-preview:-1"},"canonical":"https:\/\/hub.ortopedie.md\/en\/shop\/carje-ortopedice-de-antebrat\/","og_locale":"en_US","og_type":"article","og_title":"Carje ortopedice de antebrat","og_description":"Carje ortopedice de antebrat cu tuburi din aluminiu anodizat cu greutate redus\u0103.\u00a0M\u00e2ner anti-alunecare \u0219i anatomic pentru o utilizare confortabil\u0103 \u0219i sigur\u0103.\u00a0Inel de tampon pe bara reglabil\u0103.\u00a0U\u0219or de blocat de o clem\u0103 elastic\u0103.\u00a0Refractarea butonului din fa\u021b\u0103.","og_url":"https:\/\/hub.ortopedie.md\/shop\/carje-ortopedice-de-antebrat\/","og_site_name":"Hub Ortopedie - Magazin ortopedic. \u041e\u0440\u0442\u043e\u043f\u0435\u0434\u0438\u0447\u0435\u0441\u043a\u0438\u0439 \u043c\u0430\u0433\u0430\u0437\u0438\u043d","article_publisher":"https:\/\/www.facebook.com\/ORTOPEDIE.MD\/","article_modified_time":"2020-05-02T08:57:43+00:00","og_image":[{"width":628,"height":628,"url":"https:\/\/hub.ortopedie.md\/wp-content\/uploads\/2018\/05\/rp701.jpg","type":"image\/jpeg"}],"twitter_misc":{"Price":"400.00&nbsp;MDL","Availability":"On backorder"},"schema":{"@context":"https:\/\/schema.org","@graph":[{"@type":"WebPage","@id":"https:\/\/hub.ortopedie.md\/shop\/carje-ortopedice-de-antebrat\/","url":"https:\/\/hub.ortopedie.md\/shop\/carje-ortopedice-de-antebrat\/","name":"Carje ortopedice de antebrat - HUB Ortopedie","isPartOf":{"@id":"https:\/\/hub.ortopedie.md\/#website"},"primaryImageOfPage":{"@id":"https:\/\/hub.ortopedie.md\/shop\/carje-ortopedice-de-antebrat\/#primaryimage"},"image":{"@id":"https:\/\/hub.ortopedie.md\/shop\/carje-ortopedice-de-antebrat\/#primaryimage"},"thumbnailUrl":"https:\/\/hub.ortopedie.md\/wp-content\/uploads\/2018\/05\/rp701.jpg","datePublished":"2018-05-28T20:46:18+00:00","dateModified":"2020-05-02T08:57:43+00:00","description":"Carje ortopedice de antebrat cu tuburi din aluminiu anodizat cu greutate redus\u0103.\u00a0M\u00e2ner anti-alunecare \u0219i anatomic pentru o utilizare confortabil\u0103 \u0219i sigur\u0103.\u00a0Inel de tampon pe bara reglabil\u0103.\u00a0U\u0219or de blocat de o clem\u0103 elastic\u0103.\u00a0Refractarea butonului din fa\u021b\u0103.","breadcrumb":{"@id":"https:\/\/hub.ortopedie.md\/shop\/carje-ortopedice-de-antebrat\/#breadcrumb"},"inLanguage":"en-US","potentialAction":[{"@type":"ReadAction","target":["https:\/\/hub.ortopedie.md\/shop\/carje-ortopedice-de-antebrat\/"]}]},{"@type":"ImageObject","inLanguage":"en-US","@id":"https:\/\/hub.ortopedie.md\/shop\/carje-ortopedice-de-antebrat\/#primaryimage","url":"https:\/\/hub.ortopedie.md\/wp-content\/uploads\/2018\/05\/rp701.jpg","contentUrl":"https:\/\/hub.ortopedie.md\/wp-content\/uploads\/2018\/05\/rp701.jpg","width":628,"height":628},{"@type":"BreadcrumbList","@id":"https:\/\/hub.ortopedie.md\/shop\/carje-ortopedice-de-antebrat\/#breadcrumb","itemListElement":[{"@type":"ListItem","position":1,"name":"Prima pagin\u0103","item":"https:\/\/hub.ortopedie.md\/en\/"},{"@type":"ListItem","position":2,"name":"Produse","item":"https:\/\/hub.ortopedie.md\/shop\/"},{"@type":"ListItem","position":3,"name":"Carje ortopedice de antebrat"}]},{"@type":"WebSite","@id":"https:\/\/hub.ortopedie.md\/#website","url":"https:\/\/hub.ortopedie.md\/","name":"Hub Ortopedie - Magazin ortopedic. \u041e\u0440\u0442\u043e\u043f\u0435\u0434\u0438\u0447\u0435\u0441\u043a\u0438\u0439 \u043c\u0430\u0433\u0430\u0437\u0438\u043d","description":"S\u0103n\u0103tate, confort, calitate","publisher":{"@id":"https:\/\/hub.ortopedie.md\/#organization"},"potentialAction":[{"@type":"SearchAction","target":{"@type":"EntryPoint","urlTemplate":"https:\/\/hub.ortopedie.md\/?s={search_term_string}"},"query-input":{"@type":"PropertyValueSpecification","valueRequired":true,"valueName":"search_term_string"}}],"inLanguage":"en-US"},{"@type":"Organization","@id":"https:\/\/hub.ortopedie.md\/#organization","name":"HUB ORTOPEDIE","url":"https:\/\/hub.ortopedie.md\/","logo":{"@type":"ImageObject","inLanguage":"en-US","@id":"https:\/\/hub.ortopedie.md\/#\/schema\/logo\/image\/","url":"https:\/\/hub.ortopedie.md\/wp-content\/uploads\/2018\/01\/hub-logo.png","contentUrl":"https:\/\/hub.ortopedie.md\/wp-content\/uploads\/2018\/01\/hub-logo.png","width":124,"height":90,"caption":"HUB ORTOPEDIE"},"image":{"@id":"https:\/\/hub.ortopedie.md\/#\/schema\/logo\/image\/"},"sameAs":["https:\/\/www.facebook.com\/ORTOPEDIE.MD\/","https:\/\/www.instagram.com\/hub_ortopedie\/"]}]},"product_price_amount":"400.00","product_price_currency":"MDL","og_availability":"backorder","product_availability":"available for order","product_condition":"new"},"jetpack_sharing_enabled":true,"brands":[{"id":250,"name":"MORETTI","slug":"moretti"}],"_links":{"self":[{"href":"https:\/\/hub.ortopedie.md\/en\/wp-json\/wp\/v2\/product\/2332","targetHints":{"allow":["GET"]}}],"collection":[{"href":"https:\/\/hub.ortopedie.md\/en\/wp-json\/wp\/v2\/product"}],"about":[{"href":"https:\/\/hub.ortopedie.md\/en\/wp-json\/wp\/v2\/types\/product"}],"wp:featuredmedia":[{"embeddable":true,"href":"https:\/\/hub.ortopedie.md\/en\/wp-json\/wp\/v2\/media\/2335"}],"wp:attachment":[{"href":"https:\/\/hub.ortopedie.md\/en\/wp-json\/wp\/v2\/media?parent=2332"}],"wp:term":[{"taxonomy":"pwb-brand","embeddable":true,"href":"https:\/\/hub.ortopedie.md\/en\/wp-json\/wp\/v2\/pwb-brand?post=2332"},{"taxonomy":"product_brand","embeddable":true,"href":"https:\/\/hub.ortopedie.md\/en\/wp-json\/wp\/v2\/product_brand?post=2332"},{"taxonomy":"product_cat","embeddable":true,"href":"https:\/\/hub.ortopedie.md\/en\/wp-json\/wp\/v2\/product_cat?post=2332"},{"taxonomy":"product_tag","embeddable":true,"href":"https:\/\/hub.ortopedie.md\/en\/wp-json\/wp\/v2\/product_tag?post=2332"}],"curies":[{"name":"wp","href":"https:\/\/api.w.org\/{rel}","templated":true}]}}