{"id":2355,"date":"2018-05-29T20:55:56","date_gmt":"2018-05-29T20:55:56","guid":{"rendered":"https:\/\/hub.ortopedie.md\/?post_type=product&#038;p=2355"},"modified":"2026-03-12T17:27:26","modified_gmt":"2026-03-12T15:27:26","slug":"carucior-pentru-dezabilitati-la-copii-ulises-evo","status":"publish","type":"product","link":"https:\/\/hub.ortopedie.md\/en\/shop\/carucior-pentru-dezabilitati-la-copii-ulises-evo\/","title":{"rendered":"C\u0103rucior pentru dizabilita\u021bi la copii ULISES EVO"},"content":{"rendered":"<p align=\"justify\"><strong>ULISES EVO \u2122<\/strong>\u00a0este cea mai bun\u0103 alegere a c\u0103ruciorului pentru mersul cu copii sau adolescen\u021bi cu abilit\u0103\u021bi limitate ale sistemului musculo-scheletic.\u00a0Este recomandat \u00een special pentru pacien\u021bii care necesit\u0103 stabilizare suplimentar\u0103.<\/p>\n<p align=\"justify\">Ad\u00e2ncimea scaunului \u0219i unghiul de \u00eenclinare a sp\u0103tarului c\u0103ruciorului sunt reglate, ceea ce afecteaz\u0103 semnificativ func\u021bionalitatea acestuia.<\/p>\n<p align=\"justify\">Datorit\u0103 designului simplu \u0219i u\u0219or, c\u0103ruciorul\u00a0\u00a0<strong>ULISSES EVO \u2122<\/strong>poate fi plasat liber \u00een transport.\u00a0Din cauza dimensiunii compacte, c\u0103ruciorul ocup\u0103 pu\u021bin spa\u021biu \u00een portbagaj.<\/p>\n<p align=\"justify\">Sistemul de pilo\u021bi \u0219i centurile de siguran\u021b\u0103, precum \u0219i un design stabil contribuie la un sentiment de securitate, iar elementele reflectorizante ale tapi\u021beriei \u00eembun\u0103t\u0103\u021besc vizibilitatea c\u0103ruciorului pe \u0219osea.\u00a0Spatele poate fi u\u0219or \u00eenclinat \u00eenapoi, iar m\u00e2nerul reglabil \u00eembun\u0103t\u0103\u021be\u0219te manevrabilitatea.<\/p>\n<p align=\"justify\">Un set mare de echipamente suplimentare v\u0103 permite s\u0103 adapta\u021bi produsul mai bine la nevoile individuale ale utilizatorului.<\/p>\n<p align=\"justify\"><strong>Design stabil<br \/>\n<\/strong>Acest dispozitiv asigur\u0103 o stabilizare sigur\u0103 \u0219i siguran\u021ba pacien\u021bilor.<\/p>\n<p align=\"justify\"><strong>Greutate redus\u0103<\/strong><br \/>\nProdusul este fabricat din materiale u\u0219oare.<\/p>\n<p align=\"justify\"><strong>Garan\u021bie 24 luni<br \/>\n<\/strong>Produsul este prev\u0103zut cu o garan\u021bie de 24 de luni.\u00a0De asemenea, oferim servicii post-v\u00e2nzare.<\/p>\n<p align=\"justify\"><strong><span id=\"result_box\" class=\"short_text\" lang=\"ru\"><span class=\"\">U\u0219or de folosit<\/span><\/span><br \/>\n<\/strong>Reglaj intuitiv \u0219i asamblare.<\/p>\n<p align=\"justify\"><strong>Elemente<\/strong><br \/>\nreflectorizante Reflectoarele cresc siguran\u021ba pe \u0219osea.<\/p>\n","protected":false},"excerpt":{"rendered":"<p>ULISES EVO \u2122\u00a0este cea mai bun\u0103 alegere a c\u0103ruciorului pentru  [&#8230;]<\/p>\n","protected":false},"featured_media":2356,"template":"","meta":[],"pwb-brand":[],"product_brand":[],"product_cat":[97],"product_tag":[],"class_list":{"0":"post-2355","1":"product","2":"type-product","3":"status-publish","4":"has-post-thumbnail","6":"product_cat-scaune-rulante","8":"first","9":"instock","10":"shipping-taxable","11":"purchasable","12":"product-type-variable"},"yoast_head":"<!-- This site is optimized with the Yoast SEO Premium plugin v18.3 (Yoast SEO v27.4) - https:\/\/yoast.com\/product\/yoast-seo-premium-wordpress\/ -->\n<title>C\u0103rucior pentru dizabilita\u021bi la copii ULISES EVO \u00een Chi\u0219inau- Hub Ortopedie - Magazin ortopedic. \u041e\u0440\u0442\u043e\u043f\u0435\u0434\u0438\u0447\u0435\u0441\u043a\u0438\u0439 \u043c\u0430\u0433\u0430\u0437\u0438\u043d<\/title>\n<meta name=\"description\" content=\"C\u0103rucior pentru dizabilita\u021bi la copii ULISES EVO este recomandat \u00een special pentru pacien\u021bii care necesit\u0103 stabilizare suplimentar\u0103 este u\u0219or de plasat \u00een transport.\" \/>\n<meta name=\"robots\" content=\"index, follow, max-snippet:-1, max-image-preview:large, max-video-preview:-1\" \/>\n<link rel=\"canonical\" href=\"https:\/\/hub.ortopedie.md\/en\/shop\/carucior-pentru-dezabilitati-la-copii-ulises-evo\/\" \/>\n<meta property=\"og:locale\" content=\"en_US\" \/>\n<meta property=\"og:type\" content=\"article\" \/>\n<meta property=\"og:title\" content=\"C\u0103rucior pentru dizabilita\u021bi la copii ULISES EVO\" \/>\n<meta property=\"og:description\" content=\"C\u0103rucior pentru dizabilita\u021bi la copii ULISES EVO este recomandat \u00een special pentru pacien\u021bii care necesit\u0103 stabilizare suplimentar\u0103 este u\u0219or de plasat \u00een transport.\" \/>\n<meta property=\"og:url\" content=\"https:\/\/hub.ortopedie.md\/shop\/carucior-pentru-dezabilitati-la-copii-ulises-evo\/\" \/>\n<meta property=\"og:site_name\" content=\"Hub Ortopedie - Magazin ortopedic. \u041e\u0440\u0442\u043e\u043f\u0435\u0434\u0438\u0447\u0435\u0441\u043a\u0438\u0439 \u043c\u0430\u0433\u0430\u0437\u0438\u043d\" \/>\n<meta property=\"article:publisher\" content=\"https:\/\/www.facebook.com\/ORTOPEDIE.MD\/\" \/>\n<meta property=\"article:modified_time\" content=\"2026-03-12T15:27:26+00:00\" \/>\n<meta property=\"og:image\" content=\"https:\/\/hub.ortopedie.md\/wp-content\/uploads\/2018\/05\/profil-3-380x380.png\" \/>\n\t<meta property=\"og:image:width\" content=\"500\" \/>\n\t<meta property=\"og:image:height\" content=\"500\" \/>\n\t<meta property=\"og:image:type\" content=\"image\/png\" \/>\n<meta name=\"twitter:label1\" content=\"Availability\" \/>\n\t<meta name=\"twitter:data1\" content=\"In stock\" \/>\n<script type=\"application\/ld+json\" class=\"yoast-schema-graph\">{\"@context\":\"https:\\\/\\\/schema.org\",\"@graph\":[{\"@type\":\"WebPage\",\"@id\":\"https:\\\/\\\/hub.ortopedie.md\\\/shop\\\/carucior-pentru-dezabilitati-la-copii-ulises-evo\\\/\",\"url\":\"https:\\\/\\\/hub.ortopedie.md\\\/shop\\\/carucior-pentru-dezabilitati-la-copii-ulises-evo\\\/\",\"name\":\"C\u0103rucior pentru dizabilita\u021bi la copii ULISES EVO \u00een Chi\u0219inau- Hub Ortopedie - Magazin ortopedic. \u041e\u0440\u0442\u043e\u043f\u0435\u0434\u0438\u0447\u0435\u0441\u043a\u0438\u0439 \u043c\u0430\u0433\u0430\u0437\u0438\u043d\",\"isPartOf\":{\"@id\":\"https:\\\/\\\/hub.ortopedie.md\\\/#website\"},\"primaryImageOfPage\":{\"@id\":\"https:\\\/\\\/hub.ortopedie.md\\\/shop\\\/carucior-pentru-dezabilitati-la-copii-ulises-evo\\\/#primaryimage\"},\"image\":{\"@id\":\"https:\\\/\\\/hub.ortopedie.md\\\/shop\\\/carucior-pentru-dezabilitati-la-copii-ulises-evo\\\/#primaryimage\"},\"thumbnailUrl\":\"https:\\\/\\\/hub.ortopedie.md\\\/wp-content\\\/uploads\\\/2018\\\/05\\\/profil-3-380x380.png\",\"datePublished\":\"2018-05-29T20:55:56+00:00\",\"dateModified\":\"2026-03-12T15:27:26+00:00\",\"description\":\"C\u0103rucior pentru dizabilita\u021bi la copii ULISES EVO este recomandat \u00een special pentru pacien\u021bii care necesit\u0103 stabilizare suplimentar\u0103 este u\u0219or de plasat \u00een transport.\",\"breadcrumb\":{\"@id\":\"https:\\\/\\\/hub.ortopedie.md\\\/shop\\\/carucior-pentru-dezabilitati-la-copii-ulises-evo\\\/#breadcrumb\"},\"inLanguage\":\"en-US\",\"potentialAction\":[{\"@type\":\"ReadAction\",\"target\":[\"https:\\\/\\\/hub.ortopedie.md\\\/shop\\\/carucior-pentru-dezabilitati-la-copii-ulises-evo\\\/\"]}]},{\"@type\":\"ImageObject\",\"inLanguage\":\"en-US\",\"@id\":\"https:\\\/\\\/hub.ortopedie.md\\\/shop\\\/carucior-pentru-dezabilitati-la-copii-ulises-evo\\\/#primaryimage\",\"url\":\"https:\\\/\\\/hub.ortopedie.md\\\/wp-content\\\/uploads\\\/2018\\\/05\\\/profil-3-380x380.png\",\"contentUrl\":\"https:\\\/\\\/hub.ortopedie.md\\\/wp-content\\\/uploads\\\/2018\\\/05\\\/profil-3-380x380.png\",\"width\":500,\"height\":500},{\"@type\":\"BreadcrumbList\",\"@id\":\"https:\\\/\\\/hub.ortopedie.md\\\/shop\\\/carucior-pentru-dezabilitati-la-copii-ulises-evo\\\/#breadcrumb\",\"itemListElement\":[{\"@type\":\"ListItem\",\"position\":1,\"name\":\"Prima pagin\u0103\",\"item\":\"https:\\\/\\\/hub.ortopedie.md\\\/en\\\/\"},{\"@type\":\"ListItem\",\"position\":2,\"name\":\"Produse\",\"item\":\"https:\\\/\\\/hub.ortopedie.md\\\/shop\\\/\"},{\"@type\":\"ListItem\",\"position\":3,\"name\":\"C\u0103rucior pentru dizabilita\u021bi la copii ULISES EVO\"}]},{\"@type\":\"WebSite\",\"@id\":\"https:\\\/\\\/hub.ortopedie.md\\\/#website\",\"url\":\"https:\\\/\\\/hub.ortopedie.md\\\/\",\"name\":\"Hub Ortopedie - Magazin ortopedic. \u041e\u0440\u0442\u043e\u043f\u0435\u0434\u0438\u0447\u0435\u0441\u043a\u0438\u0439 \u043c\u0430\u0433\u0430\u0437\u0438\u043d\",\"description\":\"S\u0103n\u0103tate, confort, calitate\",\"publisher\":{\"@id\":\"https:\\\/\\\/hub.ortopedie.md\\\/#organization\"},\"potentialAction\":[{\"@type\":\"SearchAction\",\"target\":{\"@type\":\"EntryPoint\",\"urlTemplate\":\"https:\\\/\\\/hub.ortopedie.md\\\/?s={search_term_string}\"},\"query-input\":{\"@type\":\"PropertyValueSpecification\",\"valueRequired\":true,\"valueName\":\"search_term_string\"}}],\"inLanguage\":\"en-US\"},{\"@type\":\"Organization\",\"@id\":\"https:\\\/\\\/hub.ortopedie.md\\\/#organization\",\"name\":\"HUB ORTOPEDIE\",\"url\":\"https:\\\/\\\/hub.ortopedie.md\\\/\",\"logo\":{\"@type\":\"ImageObject\",\"inLanguage\":\"en-US\",\"@id\":\"https:\\\/\\\/hub.ortopedie.md\\\/#\\\/schema\\\/logo\\\/image\\\/\",\"url\":\"https:\\\/\\\/hub.ortopedie.md\\\/wp-content\\\/uploads\\\/2018\\\/01\\\/hub-logo.png\",\"contentUrl\":\"https:\\\/\\\/hub.ortopedie.md\\\/wp-content\\\/uploads\\\/2018\\\/01\\\/hub-logo.png\",\"width\":124,\"height\":90,\"caption\":\"HUB ORTOPEDIE\"},\"image\":{\"@id\":\"https:\\\/\\\/hub.ortopedie.md\\\/#\\\/schema\\\/logo\\\/image\\\/\"},\"sameAs\":[\"https:\\\/\\\/www.facebook.com\\\/ORTOPEDIE.MD\\\/\",\"https:\\\/\\\/www.instagram.com\\\/hub_ortopedie\\\/\"]}]}<\/script>\n<meta property=\"og:availability\" content=\"instock\" \/>\n<meta property=\"product:availability\" content=\"instock\" \/>\n<meta property=\"product:condition\" content=\"new\" \/>\n<!-- \/ Yoast SEO Premium plugin. -->","yoast_head_json":{"title":"C\u0103rucior pentru dizabilita\u021bi la copii ULISES EVO \u00een Chi\u0219inau- Hub Ortopedie - Magazin ortopedic. \u041e\u0440\u0442\u043e\u043f\u0435\u0434\u0438\u0447\u0435\u0441\u043a\u0438\u0439 \u043c\u0430\u0433\u0430\u0437\u0438\u043d","description":"C\u0103rucior pentru dizabilita\u021bi la copii ULISES EVO este recomandat \u00een special pentru pacien\u021bii care necesit\u0103 stabilizare suplimentar\u0103 este u\u0219or de plasat \u00een transport.","robots":{"index":"index","follow":"follow","max-snippet":"max-snippet:-1","max-image-preview":"max-image-preview:large","max-video-preview":"max-video-preview:-1"},"canonical":"https:\/\/hub.ortopedie.md\/en\/shop\/carucior-pentru-dezabilitati-la-copii-ulises-evo\/","og_locale":"en_US","og_type":"article","og_title":"C\u0103rucior pentru dizabilita\u021bi la copii ULISES EVO","og_description":"C\u0103rucior pentru dizabilita\u021bi la copii ULISES EVO este recomandat \u00een special pentru pacien\u021bii care necesit\u0103 stabilizare suplimentar\u0103 este u\u0219or de plasat \u00een transport.","og_url":"https:\/\/hub.ortopedie.md\/shop\/carucior-pentru-dezabilitati-la-copii-ulises-evo\/","og_site_name":"Hub Ortopedie - Magazin ortopedic. \u041e\u0440\u0442\u043e\u043f\u0435\u0434\u0438\u0447\u0435\u0441\u043a\u0438\u0439 \u043c\u0430\u0433\u0430\u0437\u0438\u043d","article_publisher":"https:\/\/www.facebook.com\/ORTOPEDIE.MD\/","article_modified_time":"2026-03-12T15:27:26+00:00","og_image":[{"width":500,"height":500,"url":"https:\/\/hub.ortopedie.md\/wp-content\/uploads\/2018\/05\/profil-3-380x380.png","type":"image\/png"}],"twitter_misc":{"Availability":"In stock"},"schema":{"@context":"https:\/\/schema.org","@graph":[{"@type":"WebPage","@id":"https:\/\/hub.ortopedie.md\/shop\/carucior-pentru-dezabilitati-la-copii-ulises-evo\/","url":"https:\/\/hub.ortopedie.md\/shop\/carucior-pentru-dezabilitati-la-copii-ulises-evo\/","name":"C\u0103rucior pentru dizabilita\u021bi la copii ULISES EVO \u00een Chi\u0219inau- Hub Ortopedie - Magazin ortopedic. \u041e\u0440\u0442\u043e\u043f\u0435\u0434\u0438\u0447\u0435\u0441\u043a\u0438\u0439 \u043c\u0430\u0433\u0430\u0437\u0438\u043d","isPartOf":{"@id":"https:\/\/hub.ortopedie.md\/#website"},"primaryImageOfPage":{"@id":"https:\/\/hub.ortopedie.md\/shop\/carucior-pentru-dezabilitati-la-copii-ulises-evo\/#primaryimage"},"image":{"@id":"https:\/\/hub.ortopedie.md\/shop\/carucior-pentru-dezabilitati-la-copii-ulises-evo\/#primaryimage"},"thumbnailUrl":"https:\/\/hub.ortopedie.md\/wp-content\/uploads\/2018\/05\/profil-3-380x380.png","datePublished":"2018-05-29T20:55:56+00:00","dateModified":"2026-03-12T15:27:26+00:00","description":"C\u0103rucior pentru dizabilita\u021bi la copii ULISES EVO este recomandat \u00een special pentru pacien\u021bii care necesit\u0103 stabilizare suplimentar\u0103 este u\u0219or de plasat \u00een transport.","breadcrumb":{"@id":"https:\/\/hub.ortopedie.md\/shop\/carucior-pentru-dezabilitati-la-copii-ulises-evo\/#breadcrumb"},"inLanguage":"en-US","potentialAction":[{"@type":"ReadAction","target":["https:\/\/hub.ortopedie.md\/shop\/carucior-pentru-dezabilitati-la-copii-ulises-evo\/"]}]},{"@type":"ImageObject","inLanguage":"en-US","@id":"https:\/\/hub.ortopedie.md\/shop\/carucior-pentru-dezabilitati-la-copii-ulises-evo\/#primaryimage","url":"https:\/\/hub.ortopedie.md\/wp-content\/uploads\/2018\/05\/profil-3-380x380.png","contentUrl":"https:\/\/hub.ortopedie.md\/wp-content\/uploads\/2018\/05\/profil-3-380x380.png","width":500,"height":500},{"@type":"BreadcrumbList","@id":"https:\/\/hub.ortopedie.md\/shop\/carucior-pentru-dezabilitati-la-copii-ulises-evo\/#breadcrumb","itemListElement":[{"@type":"ListItem","position":1,"name":"Prima pagin\u0103","item":"https:\/\/hub.ortopedie.md\/en\/"},{"@type":"ListItem","position":2,"name":"Produse","item":"https:\/\/hub.ortopedie.md\/shop\/"},{"@type":"ListItem","position":3,"name":"C\u0103rucior pentru dizabilita\u021bi la copii ULISES EVO"}]},{"@type":"WebSite","@id":"https:\/\/hub.ortopedie.md\/#website","url":"https:\/\/hub.ortopedie.md\/","name":"Hub Ortopedie - Magazin ortopedic. \u041e\u0440\u0442\u043e\u043f\u0435\u0434\u0438\u0447\u0435\u0441\u043a\u0438\u0439 \u043c\u0430\u0433\u0430\u0437\u0438\u043d","description":"S\u0103n\u0103tate, confort, calitate","publisher":{"@id":"https:\/\/hub.ortopedie.md\/#organization"},"potentialAction":[{"@type":"SearchAction","target":{"@type":"EntryPoint","urlTemplate":"https:\/\/hub.ortopedie.md\/?s={search_term_string}"},"query-input":{"@type":"PropertyValueSpecification","valueRequired":true,"valueName":"search_term_string"}}],"inLanguage":"en-US"},{"@type":"Organization","@id":"https:\/\/hub.ortopedie.md\/#organization","name":"HUB ORTOPEDIE","url":"https:\/\/hub.ortopedie.md\/","logo":{"@type":"ImageObject","inLanguage":"en-US","@id":"https:\/\/hub.ortopedie.md\/#\/schema\/logo\/image\/","url":"https:\/\/hub.ortopedie.md\/wp-content\/uploads\/2018\/01\/hub-logo.png","contentUrl":"https:\/\/hub.ortopedie.md\/wp-content\/uploads\/2018\/01\/hub-logo.png","width":124,"height":90,"caption":"HUB ORTOPEDIE"},"image":{"@id":"https:\/\/hub.ortopedie.md\/#\/schema\/logo\/image\/"},"sameAs":["https:\/\/www.facebook.com\/ORTOPEDIE.MD\/","https:\/\/www.instagram.com\/hub_ortopedie\/"]}]},"og_availability":"instock","product_availability":"instock","product_condition":"new"},"jetpack_sharing_enabled":true,"brands":[],"_links":{"self":[{"href":"https:\/\/hub.ortopedie.md\/en\/wp-json\/wp\/v2\/product\/2355","targetHints":{"allow":["GET"]}}],"collection":[{"href":"https:\/\/hub.ortopedie.md\/en\/wp-json\/wp\/v2\/product"}],"about":[{"href":"https:\/\/hub.ortopedie.md\/en\/wp-json\/wp\/v2\/types\/product"}],"wp:featuredmedia":[{"embeddable":true,"href":"https:\/\/hub.ortopedie.md\/en\/wp-json\/wp\/v2\/media\/2356"}],"wp:attachment":[{"href":"https:\/\/hub.ortopedie.md\/en\/wp-json\/wp\/v2\/media?parent=2355"}],"wp:term":[{"taxonomy":"pwb-brand","embeddable":true,"href":"https:\/\/hub.ortopedie.md\/en\/wp-json\/wp\/v2\/pwb-brand?post=2355"},{"taxonomy":"product_brand","embeddable":true,"href":"https:\/\/hub.ortopedie.md\/en\/wp-json\/wp\/v2\/product_brand?post=2355"},{"taxonomy":"product_cat","embeddable":true,"href":"https:\/\/hub.ortopedie.md\/en\/wp-json\/wp\/v2\/product_cat?post=2355"},{"taxonomy":"product_tag","embeddable":true,"href":"https:\/\/hub.ortopedie.md\/en\/wp-json\/wp\/v2\/product_tag?post=2355"}],"curies":[{"name":"wp","href":"https:\/\/api.w.org\/{rel}","templated":true}]}}