{"id":2357,"date":"2018-05-29T20:56:09","date_gmt":"2018-05-29T20:56:09","guid":{"rendered":"https:\/\/hub.ortopedie.md\/?post_type=product&#038;p=2357"},"modified":"2026-03-12T17:27:26","modified_gmt":"2026-03-12T15:27:26","slug":"carucior-pentru-dezabilitati-la-copii-ursus","status":"publish","type":"product","link":"https:\/\/hub.ortopedie.md\/en\/shop\/carucior-pentru-dezabilitati-la-copii-ursus\/","title":{"rendered":"C\u0103rucior pentru dizabilita\u021bi la copii URSUS"},"content":{"rendered":"<ul>\n<li><strong>Ajustare:<\/strong>\u00a0l\u0103\u021bimea \u0219i ad\u00e2ncimea scaunului, \u00een\u0103l\u021bimea \u0219i unghiul sp\u0103tarului, o gam\u0103 larg\u0103 de trepte de\u00a0reglare, \u00een\u0103l\u021bimea \u0219i l\u0103\u021bimea tetierei, unghi reglabil \u0219i \u00een\u0103l\u021bimea m\u00e2nerului, func\u021bia pozi\u021biei reclining<\/li>\n<li><strong>Ram\u0103 amortizat\u0103:<\/strong>\u00a0\u0219ocurile \u00een timpul deplas\u0103rii pe o suprafa\u021b\u0103 neuniform\u0103 trebuie s\u0103 fie minime, deci se folose\u0219te un \u0219asiu amortizat.<\/li>\n<li><strong>Ro\u021bi cu adaos de fibr\u0103 de sticl\u0103:<\/strong>\u00a0Ro\u021bile pe care le-am proiectat sunt realizate prin ad\u0103ugarea de fibr\u0103 de sticl\u0103 pentru a-\u0219i cre\u0219te rezisten\u021ba<\/li>\n<li><strong>Este u\u0219or de a plia \u0219i de a transporta:<\/strong>\u00a0c\u0103ruciorul se va potrivi chiar \u0219i \u00een cel mai mic portbagaj<\/li>\n<li><strong>Scaunul din spate ClickClack\u00a0<sup>\u00a9<\/sup><\/strong>\u00a0Scaunul poate fi instalat astfel \u00eenc\u00e2t copilul s\u0103 poat\u0103 sta cu spatele \u00eenainte \u0219i s\u0103 priveasc\u0103 gardianul sau fa\u021ba \u00een fa\u021b\u0103 \u0219i poate vedea lumea din jurul lui<\/li>\n<li><strong>Func\u021bia pozi\u021biei semi-recente TILT-IQ\u00a0<sup>\u00a9<\/sup><\/strong>\u00a0Orice terapeut cunoa\u0219te importan\u021ba func\u021biei unei pozi\u021bii semi-\u00eenclinate \u00een scaunele cu rotile \u0219i fotolii.\u00a0Ursus are o astfel de caracteristic\u0103 ca standard.<\/li>\n<\/ul>\n<p align=\"justify\"><strong>Design stabil<br \/>\n<\/strong>Acest dispozitiv asigur\u0103 o stabilizare sigur\u0103 \u0219i siguran\u021ba pacien\u021bilor.<\/p>\n<p align=\"justify\"><strong>Greutate redus\u0103<\/strong><br \/>\nProdusul este fabricat din materiale u\u0219oare.<\/p>\n<p align=\"justify\"><strong>Garan\u021bie 24 luni<br \/>\n<\/strong>Produsul este prev\u0103zut cu o garan\u021bie de 24 de luni.\u00a0De asemenea, oferim servicii post-v\u00e2nzare.<\/p>\n<p align=\"justify\"><strong><span id=\"result_box\" class=\"short_text\" lang=\"ru\"><span class=\"\">U\u0219or de folosit<\/span><\/span><br \/>\n<\/strong>Reglaj intuitiv \u0219i asamblare.<\/p>\n<p align=\"justify\"><strong>Elemente<\/strong><br \/>\nreflectorizante Reflectoarele cresc siguran\u021ba pe \u0219osea.<\/p>\n<p align=\"justify\"><strong>Scaun reglabil Scaunul<\/strong><br \/>\npoate fi u\u0219or rearanjat astfel \u00eenc\u00e2t copilul s\u0103 se deplaseze \u00eenainte \u00een direc\u021bia de deplasare sau \u00eenapoi la gardian.<\/p>\n<p align=\"justify\"><strong>Pozi\u021bia<\/strong><br \/>\n\u00eenclin\u0103rii Dispozitivul modific\u0103 unghiul scaunului.<\/p>\n","protected":false},"excerpt":{"rendered":"<p>Ajustare:\u00a0l\u0103\u021bimea \u0219i ad\u00e2ncimea scaunului, \u00een\u0103l\u021bimea \u0219i unghiul sp\u0103tarului, o gam\u0103  [&#8230;]<\/p>\n","protected":false},"featured_media":2358,"template":"","meta":[],"pwb-brand":[],"product_brand":[],"product_cat":[97],"product_tag":[],"class_list":{"0":"post-2357","1":"product","2":"type-product","3":"status-publish","4":"has-post-thumbnail","6":"product_cat-scaune-rulante","8":"first","9":"onbackorder","10":"shipping-taxable","11":"purchasable","12":"product-type-variable"},"yoast_head":"<!-- This site is optimized with the Yoast SEO Premium plugin v18.3 (Yoast SEO v27.4) - https:\/\/yoast.com\/product\/yoast-seo-premium-wordpress\/ -->\n<title>C\u0103rucior pentru dizabilita\u021bi la copii URSUS - HUB Ortopedie<\/title>\n<meta name=\"description\" content=\"C\u0103rucior pentru dezabilita\u021bi la copii URSUS cu amortizoare, scaunul reglabil cu pozi\u021bia semi-\u00eenclinat\u0103 mai multe modele le pute\u021bi vedea pe site.\" \/>\n<meta name=\"robots\" content=\"index, follow, max-snippet:-1, max-image-preview:large, max-video-preview:-1\" \/>\n<link rel=\"canonical\" href=\"https:\/\/hub.ortopedie.md\/en\/shop\/carucior-pentru-dezabilitati-la-copii-ursus\/\" \/>\n<meta property=\"og:locale\" content=\"en_US\" \/>\n<meta property=\"og:type\" content=\"article\" \/>\n<meta property=\"og:title\" content=\"C\u0103rucior pentru dizabilita\u021bi la copii URSUS\" \/>\n<meta property=\"og:description\" content=\"C\u0103rucior pentru dezabilita\u021bi la copii URSUS cu amortizoare, scaunul reglabil cu pozi\u021bia semi-\u00eenclinat\u0103 mai multe modele le pute\u021bi vedea pe site.\" \/>\n<meta property=\"og:url\" content=\"https:\/\/hub.ortopedie.md\/shop\/carucior-pentru-dezabilitati-la-copii-ursus\/\" \/>\n<meta property=\"og:site_name\" content=\"Hub Ortopedie - Magazin ortopedic. \u041e\u0440\u0442\u043e\u043f\u0435\u0434\u0438\u0447\u0435\u0441\u043a\u0438\u0439 \u043c\u0430\u0433\u0430\u0437\u0438\u043d\" \/>\n<meta property=\"article:publisher\" content=\"https:\/\/www.facebook.com\/ORTOPEDIE.MD\/\" \/>\n<meta property=\"article:modified_time\" content=\"2026-03-12T15:27:26+00:00\" \/>\n<meta property=\"og:image\" content=\"https:\/\/hub.ortopedie.md\/wp-content\/uploads\/2018\/05\/profilowe-v2-380x380.png\" \/>\n\t<meta property=\"og:image:width\" content=\"500\" \/>\n\t<meta property=\"og:image:height\" content=\"500\" \/>\n\t<meta property=\"og:image:type\" content=\"image\/png\" \/>\n<meta name=\"twitter:label1\" content=\"Availability\" \/>\n\t<meta name=\"twitter:data1\" content=\"On backorder\" \/>\n<script type=\"application\/ld+json\" class=\"yoast-schema-graph\">{\"@context\":\"https:\\\/\\\/schema.org\",\"@graph\":[{\"@type\":\"WebPage\",\"@id\":\"https:\\\/\\\/hub.ortopedie.md\\\/shop\\\/carucior-pentru-dezabilitati-la-copii-ursus\\\/\",\"url\":\"https:\\\/\\\/hub.ortopedie.md\\\/shop\\\/carucior-pentru-dezabilitati-la-copii-ursus\\\/\",\"name\":\"C\u0103rucior pentru dizabilita\u021bi la copii URSUS - HUB Ortopedie\",\"isPartOf\":{\"@id\":\"https:\\\/\\\/hub.ortopedie.md\\\/#website\"},\"primaryImageOfPage\":{\"@id\":\"https:\\\/\\\/hub.ortopedie.md\\\/shop\\\/carucior-pentru-dezabilitati-la-copii-ursus\\\/#primaryimage\"},\"image\":{\"@id\":\"https:\\\/\\\/hub.ortopedie.md\\\/shop\\\/carucior-pentru-dezabilitati-la-copii-ursus\\\/#primaryimage\"},\"thumbnailUrl\":\"https:\\\/\\\/hub.ortopedie.md\\\/wp-content\\\/uploads\\\/2018\\\/05\\\/profilowe-v2-380x380.png\",\"datePublished\":\"2018-05-29T20:56:09+00:00\",\"dateModified\":\"2026-03-12T15:27:26+00:00\",\"description\":\"C\u0103rucior pentru dezabilita\u021bi la copii URSUS cu amortizoare, scaunul reglabil cu pozi\u021bia semi-\u00eenclinat\u0103 mai multe modele le pute\u021bi vedea pe site.\",\"breadcrumb\":{\"@id\":\"https:\\\/\\\/hub.ortopedie.md\\\/shop\\\/carucior-pentru-dezabilitati-la-copii-ursus\\\/#breadcrumb\"},\"inLanguage\":\"en-US\",\"potentialAction\":[{\"@type\":\"ReadAction\",\"target\":[\"https:\\\/\\\/hub.ortopedie.md\\\/shop\\\/carucior-pentru-dezabilitati-la-copii-ursus\\\/\"]}]},{\"@type\":\"ImageObject\",\"inLanguage\":\"en-US\",\"@id\":\"https:\\\/\\\/hub.ortopedie.md\\\/shop\\\/carucior-pentru-dezabilitati-la-copii-ursus\\\/#primaryimage\",\"url\":\"https:\\\/\\\/hub.ortopedie.md\\\/wp-content\\\/uploads\\\/2018\\\/05\\\/profilowe-v2-380x380.png\",\"contentUrl\":\"https:\\\/\\\/hub.ortopedie.md\\\/wp-content\\\/uploads\\\/2018\\\/05\\\/profilowe-v2-380x380.png\",\"width\":500,\"height\":500,\"caption\":\"Carucior dizabilitati Racer\"},{\"@type\":\"BreadcrumbList\",\"@id\":\"https:\\\/\\\/hub.ortopedie.md\\\/shop\\\/carucior-pentru-dezabilitati-la-copii-ursus\\\/#breadcrumb\",\"itemListElement\":[{\"@type\":\"ListItem\",\"position\":1,\"name\":\"Prima pagin\u0103\",\"item\":\"https:\\\/\\\/hub.ortopedie.md\\\/en\\\/\"},{\"@type\":\"ListItem\",\"position\":2,\"name\":\"Produse\",\"item\":\"https:\\\/\\\/hub.ortopedie.md\\\/shop\\\/\"},{\"@type\":\"ListItem\",\"position\":3,\"name\":\"C\u0103rucior pentru dizabilita\u021bi la copii URSUS\"}]},{\"@type\":\"WebSite\",\"@id\":\"https:\\\/\\\/hub.ortopedie.md\\\/#website\",\"url\":\"https:\\\/\\\/hub.ortopedie.md\\\/\",\"name\":\"Hub Ortopedie - Magazin ortopedic. \u041e\u0440\u0442\u043e\u043f\u0435\u0434\u0438\u0447\u0435\u0441\u043a\u0438\u0439 \u043c\u0430\u0433\u0430\u0437\u0438\u043d\",\"description\":\"S\u0103n\u0103tate, confort, calitate\",\"publisher\":{\"@id\":\"https:\\\/\\\/hub.ortopedie.md\\\/#organization\"},\"potentialAction\":[{\"@type\":\"SearchAction\",\"target\":{\"@type\":\"EntryPoint\",\"urlTemplate\":\"https:\\\/\\\/hub.ortopedie.md\\\/?s={search_term_string}\"},\"query-input\":{\"@type\":\"PropertyValueSpecification\",\"valueRequired\":true,\"valueName\":\"search_term_string\"}}],\"inLanguage\":\"en-US\"},{\"@type\":\"Organization\",\"@id\":\"https:\\\/\\\/hub.ortopedie.md\\\/#organization\",\"name\":\"HUB ORTOPEDIE\",\"url\":\"https:\\\/\\\/hub.ortopedie.md\\\/\",\"logo\":{\"@type\":\"ImageObject\",\"inLanguage\":\"en-US\",\"@id\":\"https:\\\/\\\/hub.ortopedie.md\\\/#\\\/schema\\\/logo\\\/image\\\/\",\"url\":\"https:\\\/\\\/hub.ortopedie.md\\\/wp-content\\\/uploads\\\/2018\\\/01\\\/hub-logo.png\",\"contentUrl\":\"https:\\\/\\\/hub.ortopedie.md\\\/wp-content\\\/uploads\\\/2018\\\/01\\\/hub-logo.png\",\"width\":124,\"height\":90,\"caption\":\"HUB ORTOPEDIE\"},\"image\":{\"@id\":\"https:\\\/\\\/hub.ortopedie.md\\\/#\\\/schema\\\/logo\\\/image\\\/\"},\"sameAs\":[\"https:\\\/\\\/www.facebook.com\\\/ORTOPEDIE.MD\\\/\",\"https:\\\/\\\/www.instagram.com\\\/hub_ortopedie\\\/\"]}]}<\/script>\n<meta property=\"og:availability\" content=\"backorder\" \/>\n<meta property=\"product:availability\" content=\"available for order\" \/>\n<meta property=\"product:condition\" content=\"new\" \/>\n<!-- \/ Yoast SEO Premium plugin. -->","yoast_head_json":{"title":"C\u0103rucior pentru dizabilita\u021bi la copii URSUS - HUB Ortopedie","description":"C\u0103rucior pentru dezabilita\u021bi la copii URSUS cu amortizoare, scaunul reglabil cu pozi\u021bia semi-\u00eenclinat\u0103 mai multe modele le pute\u021bi vedea pe site.","robots":{"index":"index","follow":"follow","max-snippet":"max-snippet:-1","max-image-preview":"max-image-preview:large","max-video-preview":"max-video-preview:-1"},"canonical":"https:\/\/hub.ortopedie.md\/en\/shop\/carucior-pentru-dezabilitati-la-copii-ursus\/","og_locale":"en_US","og_type":"article","og_title":"C\u0103rucior pentru dizabilita\u021bi la copii URSUS","og_description":"C\u0103rucior pentru dezabilita\u021bi la copii URSUS cu amortizoare, scaunul reglabil cu pozi\u021bia semi-\u00eenclinat\u0103 mai multe modele le pute\u021bi vedea pe site.","og_url":"https:\/\/hub.ortopedie.md\/shop\/carucior-pentru-dezabilitati-la-copii-ursus\/","og_site_name":"Hub Ortopedie - Magazin ortopedic. \u041e\u0440\u0442\u043e\u043f\u0435\u0434\u0438\u0447\u0435\u0441\u043a\u0438\u0439 \u043c\u0430\u0433\u0430\u0437\u0438\u043d","article_publisher":"https:\/\/www.facebook.com\/ORTOPEDIE.MD\/","article_modified_time":"2026-03-12T15:27:26+00:00","og_image":[{"width":500,"height":500,"url":"https:\/\/hub.ortopedie.md\/wp-content\/uploads\/2018\/05\/profilowe-v2-380x380.png","type":"image\/png"}],"twitter_misc":{"Availability":"On backorder"},"schema":{"@context":"https:\/\/schema.org","@graph":[{"@type":"WebPage","@id":"https:\/\/hub.ortopedie.md\/shop\/carucior-pentru-dezabilitati-la-copii-ursus\/","url":"https:\/\/hub.ortopedie.md\/shop\/carucior-pentru-dezabilitati-la-copii-ursus\/","name":"C\u0103rucior pentru dizabilita\u021bi la copii URSUS - HUB Ortopedie","isPartOf":{"@id":"https:\/\/hub.ortopedie.md\/#website"},"primaryImageOfPage":{"@id":"https:\/\/hub.ortopedie.md\/shop\/carucior-pentru-dezabilitati-la-copii-ursus\/#primaryimage"},"image":{"@id":"https:\/\/hub.ortopedie.md\/shop\/carucior-pentru-dezabilitati-la-copii-ursus\/#primaryimage"},"thumbnailUrl":"https:\/\/hub.ortopedie.md\/wp-content\/uploads\/2018\/05\/profilowe-v2-380x380.png","datePublished":"2018-05-29T20:56:09+00:00","dateModified":"2026-03-12T15:27:26+00:00","description":"C\u0103rucior pentru dezabilita\u021bi la copii URSUS cu amortizoare, scaunul reglabil cu pozi\u021bia semi-\u00eenclinat\u0103 mai multe modele le pute\u021bi vedea pe site.","breadcrumb":{"@id":"https:\/\/hub.ortopedie.md\/shop\/carucior-pentru-dezabilitati-la-copii-ursus\/#breadcrumb"},"inLanguage":"en-US","potentialAction":[{"@type":"ReadAction","target":["https:\/\/hub.ortopedie.md\/shop\/carucior-pentru-dezabilitati-la-copii-ursus\/"]}]},{"@type":"ImageObject","inLanguage":"en-US","@id":"https:\/\/hub.ortopedie.md\/shop\/carucior-pentru-dezabilitati-la-copii-ursus\/#primaryimage","url":"https:\/\/hub.ortopedie.md\/wp-content\/uploads\/2018\/05\/profilowe-v2-380x380.png","contentUrl":"https:\/\/hub.ortopedie.md\/wp-content\/uploads\/2018\/05\/profilowe-v2-380x380.png","width":500,"height":500,"caption":"Carucior dizabilitati Racer"},{"@type":"BreadcrumbList","@id":"https:\/\/hub.ortopedie.md\/shop\/carucior-pentru-dezabilitati-la-copii-ursus\/#breadcrumb","itemListElement":[{"@type":"ListItem","position":1,"name":"Prima pagin\u0103","item":"https:\/\/hub.ortopedie.md\/en\/"},{"@type":"ListItem","position":2,"name":"Produse","item":"https:\/\/hub.ortopedie.md\/shop\/"},{"@type":"ListItem","position":3,"name":"C\u0103rucior pentru dizabilita\u021bi la copii URSUS"}]},{"@type":"WebSite","@id":"https:\/\/hub.ortopedie.md\/#website","url":"https:\/\/hub.ortopedie.md\/","name":"Hub Ortopedie - Magazin ortopedic. \u041e\u0440\u0442\u043e\u043f\u0435\u0434\u0438\u0447\u0435\u0441\u043a\u0438\u0439 \u043c\u0430\u0433\u0430\u0437\u0438\u043d","description":"S\u0103n\u0103tate, confort, calitate","publisher":{"@id":"https:\/\/hub.ortopedie.md\/#organization"},"potentialAction":[{"@type":"SearchAction","target":{"@type":"EntryPoint","urlTemplate":"https:\/\/hub.ortopedie.md\/?s={search_term_string}"},"query-input":{"@type":"PropertyValueSpecification","valueRequired":true,"valueName":"search_term_string"}}],"inLanguage":"en-US"},{"@type":"Organization","@id":"https:\/\/hub.ortopedie.md\/#organization","name":"HUB ORTOPEDIE","url":"https:\/\/hub.ortopedie.md\/","logo":{"@type":"ImageObject","inLanguage":"en-US","@id":"https:\/\/hub.ortopedie.md\/#\/schema\/logo\/image\/","url":"https:\/\/hub.ortopedie.md\/wp-content\/uploads\/2018\/01\/hub-logo.png","contentUrl":"https:\/\/hub.ortopedie.md\/wp-content\/uploads\/2018\/01\/hub-logo.png","width":124,"height":90,"caption":"HUB ORTOPEDIE"},"image":{"@id":"https:\/\/hub.ortopedie.md\/#\/schema\/logo\/image\/"},"sameAs":["https:\/\/www.facebook.com\/ORTOPEDIE.MD\/","https:\/\/www.instagram.com\/hub_ortopedie\/"]}]},"og_availability":"backorder","product_availability":"available for order","product_condition":"new"},"jetpack_sharing_enabled":true,"brands":[],"_links":{"self":[{"href":"https:\/\/hub.ortopedie.md\/en\/wp-json\/wp\/v2\/product\/2357","targetHints":{"allow":["GET"]}}],"collection":[{"href":"https:\/\/hub.ortopedie.md\/en\/wp-json\/wp\/v2\/product"}],"about":[{"href":"https:\/\/hub.ortopedie.md\/en\/wp-json\/wp\/v2\/types\/product"}],"wp:featuredmedia":[{"embeddable":true,"href":"https:\/\/hub.ortopedie.md\/en\/wp-json\/wp\/v2\/media\/2358"}],"wp:attachment":[{"href":"https:\/\/hub.ortopedie.md\/en\/wp-json\/wp\/v2\/media?parent=2357"}],"wp:term":[{"taxonomy":"pwb-brand","embeddable":true,"href":"https:\/\/hub.ortopedie.md\/en\/wp-json\/wp\/v2\/pwb-brand?post=2357"},{"taxonomy":"product_brand","embeddable":true,"href":"https:\/\/hub.ortopedie.md\/en\/wp-json\/wp\/v2\/product_brand?post=2357"},{"taxonomy":"product_cat","embeddable":true,"href":"https:\/\/hub.ortopedie.md\/en\/wp-json\/wp\/v2\/product_cat?post=2357"},{"taxonomy":"product_tag","embeddable":true,"href":"https:\/\/hub.ortopedie.md\/en\/wp-json\/wp\/v2\/product_tag?post=2357"}],"curies":[{"name":"wp","href":"https:\/\/api.w.org\/{rel}","templated":true}]}}