{"id":2364,"date":"2018-05-29T21:18:53","date_gmt":"2018-05-29T21:18:53","guid":{"rendered":"https:\/\/hub.ortopedie.md\/?post_type=product&#038;p=2364"},"modified":"2026-01-25T14:35:07","modified_gmt":"2026-01-25T12:35:07","slug":"carucior-pentru-dezabilitati-la-copii-dalmatian-invento","status":"publish","type":"product","link":"https:\/\/hub.ortopedie.md\/en\/shop\/carucior-pentru-dezabilitati-la-copii-dalmatian-invento\/","title":{"rendered":"Scaun multifunc\u021bional cu verticalizator copii DALMATIAN Invento"},"content":{"rendered":"<p>Dispozitiv multifunc\u021bional\u00a0<strong>DALMATIAN este<\/strong>\u00a0utilizat pe scar\u0103 larg\u0103 \u00een reabilitarea pe termen lung.\u00a0Recomandat pentru copii \u0219i adolescen\u021bi.\u00a0Dalmatian \u00eendepline\u0219te func\u021bia scaunului de reabilitare pentru adaptarea preliminar\u0103 a pacientului \u00een pozi\u021bia de \u0219edere, func\u021bia verticalului static pentru reabilitare ulterioar\u0103 \u0219i func\u021bia canapelei.\u00a0Datorit\u0103 ascensorului pneumatic, terapeutul sau gardianul poate ridica copilul \u00een pozi\u021bie vertical\u0103 f\u0103r\u0103 al scoate din dispozitiv.\u00a0Datorit\u0103 multifunc\u021bionalit\u0103\u021bii sale, capacit\u0103\u021bilor sale mari de ajustare \u0219i configurare, aceasta ajut\u0103 la reabilitarea copiilor \u0219i a adolescen\u021bilor.\u00a0Verticalizarea are loc \u00een intervalul de la 0 la 90 de grade.\u00a0Vesta de siguran\u021b\u0103 \u0219i centura femurului au inele inovatoare de\u00a0<strong>&#8220;luare \u0219i tragere&#8221;<\/strong>, permi\u021b\u00e2ndu-v\u0103 s\u0103 fixa\u021bi instantaneu \u0219i precis copilul \u00een dispozitiv.\u00a0Produsul este fabricat din materiale ecologice, iar pictura este realizat\u0103 manual.<\/p>\n<p align=\"justify\"><strong>Design stabil<br \/>\n<\/strong>Acest dispozitiv asigur\u0103 o stabilizare sigur\u0103 \u0219i siguran\u021ba pacien\u021bilor.<\/p>\n<p align=\"justify\"><strong><span id=\"result_box\" class=\"short_text\" lang=\"ru\"><span class=\"\">U\u0219or de folosit<\/span><\/span><br \/>\n<\/strong>Reglaj intuitiv \u0219i asamblare u\u0219oar\u0103.<\/p>\n<p align=\"justify\">\n","protected":false},"excerpt":{"rendered":"<p>Dispozitiv multifunc\u021bional\u00a0DALMATIAN este\u00a0utilizat pe scar\u0103 larg\u0103 \u00een reabilitarea pe termen  [&#8230;]<\/p>\n","protected":false},"featured_media":2365,"template":"","meta":[],"pwb-brand":[],"product_brand":[],"product_cat":[98],"product_tag":[],"class_list":{"0":"post-2364","1":"product","2":"type-product","3":"status-publish","4":"has-post-thumbnail","6":"product_cat-verticalizatoare","8":"first","9":"instock","10":"sale","11":"shipping-taxable","12":"purchasable","13":"product-type-simple"},"yoast_head":"<!-- This site is optimized with the Yoast SEO Premium plugin v18.3 (Yoast SEO v27.4) - https:\/\/yoast.com\/product\/yoast-seo-premium-wordpress\/ -->\n<title>Scaun multifunc\u021bional cu verticalizator copii DALMATIAN Invento - HUB Ortopedie<\/title>\n<meta name=\"description\" content=\"Scaun multifunctional cu verticalizator pentru copii cu disabilit\u0103\u021bi, dispozitiv de pozi\u021bionare sub \u00eenclina\u021bie 0 - 90 grade. DALMATIAN INVENTO\" \/>\n<meta name=\"robots\" content=\"index, follow, max-snippet:-1, max-image-preview:large, max-video-preview:-1\" \/>\n<link rel=\"canonical\" href=\"https:\/\/hub.ortopedie.md\/en\/shop\/carucior-pentru-dezabilitati-la-copii-dalmatian-invento\/\" \/>\n<meta property=\"og:locale\" content=\"en_US\" \/>\n<meta property=\"og:type\" content=\"article\" \/>\n<meta property=\"og:title\" content=\"Scaun multifunc\u021bional cu verticalizator copii DALMATIAN Invento\" \/>\n<meta property=\"og:description\" content=\"Scaun multifunctional cu verticalizator pentru copii cu disabilit\u0103\u021bi, dispozitiv de pozi\u021bionare sub \u00eenclina\u021bie 0 - 90 grade. DALMATIAN INVENTO\" \/>\n<meta property=\"og:url\" content=\"https:\/\/hub.ortopedie.md\/shop\/carucior-pentru-dezabilitati-la-copii-dalmatian-invento\/\" \/>\n<meta property=\"og:site_name\" content=\"Hub Ortopedie - Magazin ortopedic. \u041e\u0440\u0442\u043e\u043f\u0435\u0434\u0438\u0447\u0435\u0441\u043a\u0438\u0439 \u043c\u0430\u0433\u0430\u0437\u0438\u043d\" \/>\n<meta property=\"article:publisher\" content=\"https:\/\/www.facebook.com\/ORTOPEDIE.MD\/\" \/>\n<meta property=\"article:modified_time\" content=\"2026-01-25T12:35:07+00:00\" \/>\n<meta property=\"og:image\" content=\"https:\/\/hub.ortopedie.md\/wp-content\/uploads\/2018\/05\/profilowe-1-380x380.png\" \/>\n\t<meta property=\"og:image:width\" content=\"500\" \/>\n\t<meta property=\"og:image:height\" content=\"500\" \/>\n\t<meta property=\"og:image:type\" content=\"image\/png\" \/>\n<meta name=\"twitter:label1\" content=\"Price\" \/>\n\t<meta name=\"twitter:data1\" content=\"64,000.00&nbsp;MDL Original price was: 64,000.00&nbsp;MDL.59,000.00&nbsp;MDLCurrent price is: 59,000.00&nbsp;MDL.\" \/>\n\t<meta name=\"twitter:label2\" content=\"Availability\" \/>\n\t<meta name=\"twitter:data2\" content=\"In stock\" \/>\n<script type=\"application\/ld+json\" class=\"yoast-schema-graph\">{\"@context\":\"https:\\\/\\\/schema.org\",\"@graph\":[{\"@type\":\"WebPage\",\"@id\":\"https:\\\/\\\/hub.ortopedie.md\\\/shop\\\/carucior-pentru-dezabilitati-la-copii-dalmatian-invento\\\/\",\"url\":\"https:\\\/\\\/hub.ortopedie.md\\\/shop\\\/carucior-pentru-dezabilitati-la-copii-dalmatian-invento\\\/\",\"name\":\"Scaun multifunc\u021bional cu verticalizator copii DALMATIAN Invento - HUB Ortopedie\",\"isPartOf\":{\"@id\":\"https:\\\/\\\/hub.ortopedie.md\\\/#website\"},\"primaryImageOfPage\":{\"@id\":\"https:\\\/\\\/hub.ortopedie.md\\\/shop\\\/carucior-pentru-dezabilitati-la-copii-dalmatian-invento\\\/#primaryimage\"},\"image\":{\"@id\":\"https:\\\/\\\/hub.ortopedie.md\\\/shop\\\/carucior-pentru-dezabilitati-la-copii-dalmatian-invento\\\/#primaryimage\"},\"thumbnailUrl\":\"https:\\\/\\\/hub.ortopedie.md\\\/wp-content\\\/uploads\\\/2018\\\/05\\\/profilowe-1-380x380.png\",\"datePublished\":\"2018-05-29T21:18:53+00:00\",\"dateModified\":\"2026-01-25T12:35:07+00:00\",\"description\":\"Scaun multifunctional cu verticalizator pentru copii cu disabilit\u0103\u021bi, dispozitiv de pozi\u021bionare sub \u00eenclina\u021bie 0 - 90 grade. DALMATIAN INVENTO\",\"breadcrumb\":{\"@id\":\"https:\\\/\\\/hub.ortopedie.md\\\/shop\\\/carucior-pentru-dezabilitati-la-copii-dalmatian-invento\\\/#breadcrumb\"},\"inLanguage\":\"en-US\",\"potentialAction\":[{\"@type\":\"ReadAction\",\"target\":[\"https:\\\/\\\/hub.ortopedie.md\\\/shop\\\/carucior-pentru-dezabilitati-la-copii-dalmatian-invento\\\/\"]}]},{\"@type\":\"ImageObject\",\"inLanguage\":\"en-US\",\"@id\":\"https:\\\/\\\/hub.ortopedie.md\\\/shop\\\/carucior-pentru-dezabilitati-la-copii-dalmatian-invento\\\/#primaryimage\",\"url\":\"https:\\\/\\\/hub.ortopedie.md\\\/wp-content\\\/uploads\\\/2018\\\/05\\\/profilowe-1-380x380.png\",\"contentUrl\":\"https:\\\/\\\/hub.ortopedie.md\\\/wp-content\\\/uploads\\\/2018\\\/05\\\/profilowe-1-380x380.png\",\"width\":500,\"height\":500,\"caption\":\"verticalizator Dalmatian Invento\"},{\"@type\":\"BreadcrumbList\",\"@id\":\"https:\\\/\\\/hub.ortopedie.md\\\/shop\\\/carucior-pentru-dezabilitati-la-copii-dalmatian-invento\\\/#breadcrumb\",\"itemListElement\":[{\"@type\":\"ListItem\",\"position\":1,\"name\":\"Prima pagin\u0103\",\"item\":\"https:\\\/\\\/hub.ortopedie.md\\\/en\\\/\"},{\"@type\":\"ListItem\",\"position\":2,\"name\":\"Produse\",\"item\":\"https:\\\/\\\/hub.ortopedie.md\\\/shop\\\/\"},{\"@type\":\"ListItem\",\"position\":3,\"name\":\"Scaun multifunc\u021bional cu verticalizator copii DALMATIAN Invento\"}]},{\"@type\":\"WebSite\",\"@id\":\"https:\\\/\\\/hub.ortopedie.md\\\/#website\",\"url\":\"https:\\\/\\\/hub.ortopedie.md\\\/\",\"name\":\"Hub Ortopedie - Magazin ortopedic. \u041e\u0440\u0442\u043e\u043f\u0435\u0434\u0438\u0447\u0435\u0441\u043a\u0438\u0439 \u043c\u0430\u0433\u0430\u0437\u0438\u043d\",\"description\":\"S\u0103n\u0103tate, confort, calitate\",\"publisher\":{\"@id\":\"https:\\\/\\\/hub.ortopedie.md\\\/#organization\"},\"potentialAction\":[{\"@type\":\"SearchAction\",\"target\":{\"@type\":\"EntryPoint\",\"urlTemplate\":\"https:\\\/\\\/hub.ortopedie.md\\\/?s={search_term_string}\"},\"query-input\":{\"@type\":\"PropertyValueSpecification\",\"valueRequired\":true,\"valueName\":\"search_term_string\"}}],\"inLanguage\":\"en-US\"},{\"@type\":\"Organization\",\"@id\":\"https:\\\/\\\/hub.ortopedie.md\\\/#organization\",\"name\":\"HUB ORTOPEDIE\",\"url\":\"https:\\\/\\\/hub.ortopedie.md\\\/\",\"logo\":{\"@type\":\"ImageObject\",\"inLanguage\":\"en-US\",\"@id\":\"https:\\\/\\\/hub.ortopedie.md\\\/#\\\/schema\\\/logo\\\/image\\\/\",\"url\":\"https:\\\/\\\/hub.ortopedie.md\\\/wp-content\\\/uploads\\\/2018\\\/01\\\/hub-logo.png\",\"contentUrl\":\"https:\\\/\\\/hub.ortopedie.md\\\/wp-content\\\/uploads\\\/2018\\\/01\\\/hub-logo.png\",\"width\":124,\"height\":90,\"caption\":\"HUB ORTOPEDIE\"},\"image\":{\"@id\":\"https:\\\/\\\/hub.ortopedie.md\\\/#\\\/schema\\\/logo\\\/image\\\/\"},\"sameAs\":[\"https:\\\/\\\/www.facebook.com\\\/ORTOPEDIE.MD\\\/\",\"https:\\\/\\\/www.instagram.com\\\/hub_ortopedie\\\/\"]}]}<\/script>\n<meta property=\"product:price:amount\" content=\"59000.00\" \/>\n<meta property=\"product:price:currency\" content=\"MDL\" \/>\n<meta property=\"og:availability\" content=\"instock\" \/>\n<meta property=\"product:availability\" content=\"instock\" \/>\n<meta property=\"product:condition\" content=\"new\" \/>\n<!-- \/ Yoast SEO Premium plugin. -->","yoast_head_json":{"title":"Scaun multifunc\u021bional cu verticalizator copii DALMATIAN Invento - HUB Ortopedie","description":"Scaun multifunctional cu verticalizator pentru copii cu disabilit\u0103\u021bi, dispozitiv de pozi\u021bionare sub \u00eenclina\u021bie 0 - 90 grade. DALMATIAN INVENTO","robots":{"index":"index","follow":"follow","max-snippet":"max-snippet:-1","max-image-preview":"max-image-preview:large","max-video-preview":"max-video-preview:-1"},"canonical":"https:\/\/hub.ortopedie.md\/en\/shop\/carucior-pentru-dezabilitati-la-copii-dalmatian-invento\/","og_locale":"en_US","og_type":"article","og_title":"Scaun multifunc\u021bional cu verticalizator copii DALMATIAN Invento","og_description":"Scaun multifunctional cu verticalizator pentru copii cu disabilit\u0103\u021bi, dispozitiv de pozi\u021bionare sub \u00eenclina\u021bie 0 - 90 grade. DALMATIAN INVENTO","og_url":"https:\/\/hub.ortopedie.md\/shop\/carucior-pentru-dezabilitati-la-copii-dalmatian-invento\/","og_site_name":"Hub Ortopedie - Magazin ortopedic. \u041e\u0440\u0442\u043e\u043f\u0435\u0434\u0438\u0447\u0435\u0441\u043a\u0438\u0439 \u043c\u0430\u0433\u0430\u0437\u0438\u043d","article_publisher":"https:\/\/www.facebook.com\/ORTOPEDIE.MD\/","article_modified_time":"2026-01-25T12:35:07+00:00","og_image":[{"width":500,"height":500,"url":"https:\/\/hub.ortopedie.md\/wp-content\/uploads\/2018\/05\/profilowe-1-380x380.png","type":"image\/png"}],"twitter_misc":{"Price":"64,000.00&nbsp;MDL Original price was: 64,000.00&nbsp;MDL.59,000.00&nbsp;MDLCurrent price is: 59,000.00&nbsp;MDL.","Availability":"In stock"},"schema":{"@context":"https:\/\/schema.org","@graph":[{"@type":"WebPage","@id":"https:\/\/hub.ortopedie.md\/shop\/carucior-pentru-dezabilitati-la-copii-dalmatian-invento\/","url":"https:\/\/hub.ortopedie.md\/shop\/carucior-pentru-dezabilitati-la-copii-dalmatian-invento\/","name":"Scaun multifunc\u021bional cu verticalizator copii DALMATIAN Invento - HUB Ortopedie","isPartOf":{"@id":"https:\/\/hub.ortopedie.md\/#website"},"primaryImageOfPage":{"@id":"https:\/\/hub.ortopedie.md\/shop\/carucior-pentru-dezabilitati-la-copii-dalmatian-invento\/#primaryimage"},"image":{"@id":"https:\/\/hub.ortopedie.md\/shop\/carucior-pentru-dezabilitati-la-copii-dalmatian-invento\/#primaryimage"},"thumbnailUrl":"https:\/\/hub.ortopedie.md\/wp-content\/uploads\/2018\/05\/profilowe-1-380x380.png","datePublished":"2018-05-29T21:18:53+00:00","dateModified":"2026-01-25T12:35:07+00:00","description":"Scaun multifunctional cu verticalizator pentru copii cu disabilit\u0103\u021bi, dispozitiv de pozi\u021bionare sub \u00eenclina\u021bie 0 - 90 grade. DALMATIAN INVENTO","breadcrumb":{"@id":"https:\/\/hub.ortopedie.md\/shop\/carucior-pentru-dezabilitati-la-copii-dalmatian-invento\/#breadcrumb"},"inLanguage":"en-US","potentialAction":[{"@type":"ReadAction","target":["https:\/\/hub.ortopedie.md\/shop\/carucior-pentru-dezabilitati-la-copii-dalmatian-invento\/"]}]},{"@type":"ImageObject","inLanguage":"en-US","@id":"https:\/\/hub.ortopedie.md\/shop\/carucior-pentru-dezabilitati-la-copii-dalmatian-invento\/#primaryimage","url":"https:\/\/hub.ortopedie.md\/wp-content\/uploads\/2018\/05\/profilowe-1-380x380.png","contentUrl":"https:\/\/hub.ortopedie.md\/wp-content\/uploads\/2018\/05\/profilowe-1-380x380.png","width":500,"height":500,"caption":"verticalizator Dalmatian Invento"},{"@type":"BreadcrumbList","@id":"https:\/\/hub.ortopedie.md\/shop\/carucior-pentru-dezabilitati-la-copii-dalmatian-invento\/#breadcrumb","itemListElement":[{"@type":"ListItem","position":1,"name":"Prima pagin\u0103","item":"https:\/\/hub.ortopedie.md\/en\/"},{"@type":"ListItem","position":2,"name":"Produse","item":"https:\/\/hub.ortopedie.md\/shop\/"},{"@type":"ListItem","position":3,"name":"Scaun multifunc\u021bional cu verticalizator copii DALMATIAN Invento"}]},{"@type":"WebSite","@id":"https:\/\/hub.ortopedie.md\/#website","url":"https:\/\/hub.ortopedie.md\/","name":"Hub Ortopedie - Magazin ortopedic. \u041e\u0440\u0442\u043e\u043f\u0435\u0434\u0438\u0447\u0435\u0441\u043a\u0438\u0439 \u043c\u0430\u0433\u0430\u0437\u0438\u043d","description":"S\u0103n\u0103tate, confort, calitate","publisher":{"@id":"https:\/\/hub.ortopedie.md\/#organization"},"potentialAction":[{"@type":"SearchAction","target":{"@type":"EntryPoint","urlTemplate":"https:\/\/hub.ortopedie.md\/?s={search_term_string}"},"query-input":{"@type":"PropertyValueSpecification","valueRequired":true,"valueName":"search_term_string"}}],"inLanguage":"en-US"},{"@type":"Organization","@id":"https:\/\/hub.ortopedie.md\/#organization","name":"HUB ORTOPEDIE","url":"https:\/\/hub.ortopedie.md\/","logo":{"@type":"ImageObject","inLanguage":"en-US","@id":"https:\/\/hub.ortopedie.md\/#\/schema\/logo\/image\/","url":"https:\/\/hub.ortopedie.md\/wp-content\/uploads\/2018\/01\/hub-logo.png","contentUrl":"https:\/\/hub.ortopedie.md\/wp-content\/uploads\/2018\/01\/hub-logo.png","width":124,"height":90,"caption":"HUB ORTOPEDIE"},"image":{"@id":"https:\/\/hub.ortopedie.md\/#\/schema\/logo\/image\/"},"sameAs":["https:\/\/www.facebook.com\/ORTOPEDIE.MD\/","https:\/\/www.instagram.com\/hub_ortopedie\/"]}]},"product_price_amount":"59000.00","product_price_currency":"MDL","og_availability":"instock","product_availability":"instock","product_condition":"new"},"jetpack_sharing_enabled":true,"brands":[],"_links":{"self":[{"href":"https:\/\/hub.ortopedie.md\/en\/wp-json\/wp\/v2\/product\/2364","targetHints":{"allow":["GET"]}}],"collection":[{"href":"https:\/\/hub.ortopedie.md\/en\/wp-json\/wp\/v2\/product"}],"about":[{"href":"https:\/\/hub.ortopedie.md\/en\/wp-json\/wp\/v2\/types\/product"}],"wp:featuredmedia":[{"embeddable":true,"href":"https:\/\/hub.ortopedie.md\/en\/wp-json\/wp\/v2\/media\/2365"}],"wp:attachment":[{"href":"https:\/\/hub.ortopedie.md\/en\/wp-json\/wp\/v2\/media?parent=2364"}],"wp:term":[{"taxonomy":"pwb-brand","embeddable":true,"href":"https:\/\/hub.ortopedie.md\/en\/wp-json\/wp\/v2\/pwb-brand?post=2364"},{"taxonomy":"product_brand","embeddable":true,"href":"https:\/\/hub.ortopedie.md\/en\/wp-json\/wp\/v2\/product_brand?post=2364"},{"taxonomy":"product_cat","embeddable":true,"href":"https:\/\/hub.ortopedie.md\/en\/wp-json\/wp\/v2\/product_cat?post=2364"},{"taxonomy":"product_tag","embeddable":true,"href":"https:\/\/hub.ortopedie.md\/en\/wp-json\/wp\/v2\/product_tag?post=2364"}],"curies":[{"name":"wp","href":"https:\/\/api.w.org\/{rel}","templated":true}]}}