{"id":2389,"date":"2018-05-31T16:11:33","date_gmt":"2018-05-31T16:11:33","guid":{"rendered":"https:\/\/hub.ortopedie.md\/?post_type=product&#038;p=2389"},"modified":"2018-10-29T15:34:51","modified_gmt":"2018-10-29T15:34:51","slug":"separator-semiluna-de-silicon-pentru-degete-la-picior","status":"publish","type":"product","link":"https:\/\/hub.ortopedie.md\/en\/shop\/separator-semiluna-de-silicon-pentru-degete-la-picior\/","title":{"rendered":"Separator semilun\u0103 de silicon pentru degete la picior cc206"},"content":{"rendered":"<p class=\"vcex-blog-entry-title\">Separator semilun\u0103 de silicon pentru degete la picior cc206. Evit\u0103 frecarea \u00eentre degete \u0219i abraziune care provoac\u0103 irita\u021bii, calusuri \u0219i r\u0103ni.\u00a0Este recomandat \u00een special pentru degetele montate sau nealiniate.\u00a0Dupa utilizare, spalati si sculptati.<\/p>\n<p><strong>PATOLOGIE:<\/strong>\u00a0Hallux Valgus, degetele montate.<\/p>\n","protected":false},"excerpt":{"rendered":"<p>Separator semilun\u0103 de silicon pentru degete la picior cc206. Evit\u0103  [&#8230;]<\/p>\n","protected":false},"featured_media":2390,"template":"","meta":[],"pwb-brand":[226,217],"product_brand":[],"product_cat":[18],"product_tag":[],"class_list":{"0":"post-2389","1":"product","2":"type-product","3":"status-publish","4":"has-post-thumbnail","6":"pwb-brand-comfortsil","7":"pwb-brand-prim","8":"product_cat-orteze","10":"first","11":"instock","12":"shipping-taxable","13":"purchasable","14":"product-type-simple"},"yoast_head":"<!-- This site is optimized with the Yoast SEO Premium plugin v18.3 (Yoast SEO v27.4) - https:\/\/yoast.com\/product\/yoast-seo-premium-wordpress\/ -->\n<title>Separator semilun\u0103 de silicon pentru degete la picior cc206 - HUB Ortopedie<\/title>\n<meta name=\"description\" content=\"Separator semilun\u0103 de silicon pentru degete la picior cc206. Evit\u0103 frecarea \u00eentre degete \u0219i abraziune care provoac\u0103 irita\u021bii, calusuri \u0219i r\u0103ni.\" \/>\n<meta name=\"robots\" content=\"index, follow, max-snippet:-1, max-image-preview:large, max-video-preview:-1\" \/>\n<link rel=\"canonical\" href=\"https:\/\/hub.ortopedie.md\/en\/shop\/separator-semiluna-de-silicon-pentru-degete-la-picior\/\" \/>\n<meta property=\"og:locale\" content=\"en_US\" \/>\n<meta property=\"og:type\" content=\"article\" \/>\n<meta property=\"og:title\" content=\"Separator semilun\u0103 de silicon pentru degete la picior cc206\" \/>\n<meta property=\"og:description\" content=\"Separator semilun\u0103 de silicon pentru degete la picior cc206. Evit\u0103 frecarea \u00eentre degete \u0219i abraziune care provoac\u0103 irita\u021bii, calusuri \u0219i r\u0103ni.\" \/>\n<meta property=\"og:url\" content=\"https:\/\/hub.ortopedie.md\/shop\/separator-semiluna-de-silicon-pentru-degete-la-picior\/\" \/>\n<meta property=\"og:site_name\" content=\"Hub Ortopedie - Magazin ortopedic. \u041e\u0440\u0442\u043e\u043f\u0435\u0434\u0438\u0447\u0435\u0441\u043a\u0438\u0439 \u043c\u0430\u0433\u0430\u0437\u0438\u043d\" \/>\n<meta property=\"article:publisher\" content=\"https:\/\/www.facebook.com\/ORTOPEDIE.MD\/\" \/>\n<meta property=\"article:modified_time\" content=\"2018-10-29T15:34:51+00:00\" \/>\n<meta property=\"og:image\" content=\"https:\/\/hub.ortopedie.md\/wp-content\/uploads\/2018\/05\/cc206_b.jpg\" \/>\n\t<meta property=\"og:image:width\" content=\"800\" \/>\n\t<meta property=\"og:image:height\" content=\"450\" \/>\n\t<meta property=\"og:image:type\" content=\"image\/jpeg\" \/>\n<meta name=\"twitter:label1\" content=\"Price\" \/>\n\t<meta name=\"twitter:data1\" content=\"100.00&nbsp;MDL\" \/>\n\t<meta name=\"twitter:label2\" content=\"Availability\" \/>\n\t<meta name=\"twitter:data2\" content=\"In stock\" \/>\n<script type=\"application\/ld+json\" class=\"yoast-schema-graph\">{\"@context\":\"https:\\\/\\\/schema.org\",\"@graph\":[{\"@type\":\"WebPage\",\"@id\":\"https:\\\/\\\/hub.ortopedie.md\\\/shop\\\/separator-semiluna-de-silicon-pentru-degete-la-picior\\\/\",\"url\":\"https:\\\/\\\/hub.ortopedie.md\\\/shop\\\/separator-semiluna-de-silicon-pentru-degete-la-picior\\\/\",\"name\":\"Separator semilun\u0103 de silicon pentru degete la picior cc206 - HUB Ortopedie\",\"isPartOf\":{\"@id\":\"https:\\\/\\\/hub.ortopedie.md\\\/#website\"},\"primaryImageOfPage\":{\"@id\":\"https:\\\/\\\/hub.ortopedie.md\\\/shop\\\/separator-semiluna-de-silicon-pentru-degete-la-picior\\\/#primaryimage\"},\"image\":{\"@id\":\"https:\\\/\\\/hub.ortopedie.md\\\/shop\\\/separator-semiluna-de-silicon-pentru-degete-la-picior\\\/#primaryimage\"},\"thumbnailUrl\":\"https:\\\/\\\/hub.ortopedie.md\\\/wp-content\\\/uploads\\\/2018\\\/05\\\/cc206_b.jpg\",\"datePublished\":\"2018-05-31T16:11:33+00:00\",\"dateModified\":\"2018-10-29T15:34:51+00:00\",\"description\":\"Separator semilun\u0103 de silicon pentru degete la picior cc206. Evit\u0103 frecarea \u00eentre degete \u0219i abraziune care provoac\u0103 irita\u021bii, calusuri \u0219i r\u0103ni.\",\"breadcrumb\":{\"@id\":\"https:\\\/\\\/hub.ortopedie.md\\\/shop\\\/separator-semiluna-de-silicon-pentru-degete-la-picior\\\/#breadcrumb\"},\"inLanguage\":\"en-US\",\"potentialAction\":[{\"@type\":\"ReadAction\",\"target\":[\"https:\\\/\\\/hub.ortopedie.md\\\/shop\\\/separator-semiluna-de-silicon-pentru-degete-la-picior\\\/\"]}]},{\"@type\":\"ImageObject\",\"inLanguage\":\"en-US\",\"@id\":\"https:\\\/\\\/hub.ortopedie.md\\\/shop\\\/separator-semiluna-de-silicon-pentru-degete-la-picior\\\/#primaryimage\",\"url\":\"https:\\\/\\\/hub.ortopedie.md\\\/wp-content\\\/uploads\\\/2018\\\/05\\\/cc206_b.jpg\",\"contentUrl\":\"https:\\\/\\\/hub.ortopedie.md\\\/wp-content\\\/uploads\\\/2018\\\/05\\\/cc206_b.jpg\",\"width\":800,\"height\":450},{\"@type\":\"BreadcrumbList\",\"@id\":\"https:\\\/\\\/hub.ortopedie.md\\\/shop\\\/separator-semiluna-de-silicon-pentru-degete-la-picior\\\/#breadcrumb\",\"itemListElement\":[{\"@type\":\"ListItem\",\"position\":1,\"name\":\"Prima pagin\u0103\",\"item\":\"https:\\\/\\\/hub.ortopedie.md\\\/en\\\/\"},{\"@type\":\"ListItem\",\"position\":2,\"name\":\"Produse\",\"item\":\"https:\\\/\\\/hub.ortopedie.md\\\/shop\\\/\"},{\"@type\":\"ListItem\",\"position\":3,\"name\":\"Separator semilun\u0103 de silicon pentru degete la picior cc206\"}]},{\"@type\":\"WebSite\",\"@id\":\"https:\\\/\\\/hub.ortopedie.md\\\/#website\",\"url\":\"https:\\\/\\\/hub.ortopedie.md\\\/\",\"name\":\"Hub Ortopedie - Magazin ortopedic. \u041e\u0440\u0442\u043e\u043f\u0435\u0434\u0438\u0447\u0435\u0441\u043a\u0438\u0439 \u043c\u0430\u0433\u0430\u0437\u0438\u043d\",\"description\":\"S\u0103n\u0103tate, confort, calitate\",\"publisher\":{\"@id\":\"https:\\\/\\\/hub.ortopedie.md\\\/#organization\"},\"potentialAction\":[{\"@type\":\"SearchAction\",\"target\":{\"@type\":\"EntryPoint\",\"urlTemplate\":\"https:\\\/\\\/hub.ortopedie.md\\\/?s={search_term_string}\"},\"query-input\":{\"@type\":\"PropertyValueSpecification\",\"valueRequired\":true,\"valueName\":\"search_term_string\"}}],\"inLanguage\":\"en-US\"},{\"@type\":\"Organization\",\"@id\":\"https:\\\/\\\/hub.ortopedie.md\\\/#organization\",\"name\":\"HUB ORTOPEDIE\",\"url\":\"https:\\\/\\\/hub.ortopedie.md\\\/\",\"logo\":{\"@type\":\"ImageObject\",\"inLanguage\":\"en-US\",\"@id\":\"https:\\\/\\\/hub.ortopedie.md\\\/#\\\/schema\\\/logo\\\/image\\\/\",\"url\":\"https:\\\/\\\/hub.ortopedie.md\\\/wp-content\\\/uploads\\\/2018\\\/01\\\/hub-logo.png\",\"contentUrl\":\"https:\\\/\\\/hub.ortopedie.md\\\/wp-content\\\/uploads\\\/2018\\\/01\\\/hub-logo.png\",\"width\":124,\"height\":90,\"caption\":\"HUB ORTOPEDIE\"},\"image\":{\"@id\":\"https:\\\/\\\/hub.ortopedie.md\\\/#\\\/schema\\\/logo\\\/image\\\/\"},\"sameAs\":[\"https:\\\/\\\/www.facebook.com\\\/ORTOPEDIE.MD\\\/\",\"https:\\\/\\\/www.instagram.com\\\/hub_ortopedie\\\/\"]}]}<\/script>\n<meta property=\"product:price:amount\" content=\"100.00\" \/>\n<meta property=\"product:price:currency\" content=\"MDL\" \/>\n<meta property=\"og:availability\" content=\"instock\" \/>\n<meta property=\"product:availability\" content=\"instock\" \/>\n<meta property=\"product:condition\" content=\"new\" \/>\n<!-- \/ Yoast SEO Premium plugin. -->","yoast_head_json":{"title":"Separator semilun\u0103 de silicon pentru degete la picior cc206 - HUB Ortopedie","description":"Separator semilun\u0103 de silicon pentru degete la picior cc206. Evit\u0103 frecarea \u00eentre degete \u0219i abraziune care provoac\u0103 irita\u021bii, calusuri \u0219i r\u0103ni.","robots":{"index":"index","follow":"follow","max-snippet":"max-snippet:-1","max-image-preview":"max-image-preview:large","max-video-preview":"max-video-preview:-1"},"canonical":"https:\/\/hub.ortopedie.md\/en\/shop\/separator-semiluna-de-silicon-pentru-degete-la-picior\/","og_locale":"en_US","og_type":"article","og_title":"Separator semilun\u0103 de silicon pentru degete la picior cc206","og_description":"Separator semilun\u0103 de silicon pentru degete la picior cc206. Evit\u0103 frecarea \u00eentre degete \u0219i abraziune care provoac\u0103 irita\u021bii, calusuri \u0219i r\u0103ni.","og_url":"https:\/\/hub.ortopedie.md\/shop\/separator-semiluna-de-silicon-pentru-degete-la-picior\/","og_site_name":"Hub Ortopedie - Magazin ortopedic. \u041e\u0440\u0442\u043e\u043f\u0435\u0434\u0438\u0447\u0435\u0441\u043a\u0438\u0439 \u043c\u0430\u0433\u0430\u0437\u0438\u043d","article_publisher":"https:\/\/www.facebook.com\/ORTOPEDIE.MD\/","article_modified_time":"2018-10-29T15:34:51+00:00","og_image":[{"width":800,"height":450,"url":"https:\/\/hub.ortopedie.md\/wp-content\/uploads\/2018\/05\/cc206_b.jpg","type":"image\/jpeg"}],"twitter_misc":{"Price":"100.00&nbsp;MDL","Availability":"In stock"},"schema":{"@context":"https:\/\/schema.org","@graph":[{"@type":"WebPage","@id":"https:\/\/hub.ortopedie.md\/shop\/separator-semiluna-de-silicon-pentru-degete-la-picior\/","url":"https:\/\/hub.ortopedie.md\/shop\/separator-semiluna-de-silicon-pentru-degete-la-picior\/","name":"Separator semilun\u0103 de silicon pentru degete la picior cc206 - HUB Ortopedie","isPartOf":{"@id":"https:\/\/hub.ortopedie.md\/#website"},"primaryImageOfPage":{"@id":"https:\/\/hub.ortopedie.md\/shop\/separator-semiluna-de-silicon-pentru-degete-la-picior\/#primaryimage"},"image":{"@id":"https:\/\/hub.ortopedie.md\/shop\/separator-semiluna-de-silicon-pentru-degete-la-picior\/#primaryimage"},"thumbnailUrl":"https:\/\/hub.ortopedie.md\/wp-content\/uploads\/2018\/05\/cc206_b.jpg","datePublished":"2018-05-31T16:11:33+00:00","dateModified":"2018-10-29T15:34:51+00:00","description":"Separator semilun\u0103 de silicon pentru degete la picior cc206. Evit\u0103 frecarea \u00eentre degete \u0219i abraziune care provoac\u0103 irita\u021bii, calusuri \u0219i r\u0103ni.","breadcrumb":{"@id":"https:\/\/hub.ortopedie.md\/shop\/separator-semiluna-de-silicon-pentru-degete-la-picior\/#breadcrumb"},"inLanguage":"en-US","potentialAction":[{"@type":"ReadAction","target":["https:\/\/hub.ortopedie.md\/shop\/separator-semiluna-de-silicon-pentru-degete-la-picior\/"]}]},{"@type":"ImageObject","inLanguage":"en-US","@id":"https:\/\/hub.ortopedie.md\/shop\/separator-semiluna-de-silicon-pentru-degete-la-picior\/#primaryimage","url":"https:\/\/hub.ortopedie.md\/wp-content\/uploads\/2018\/05\/cc206_b.jpg","contentUrl":"https:\/\/hub.ortopedie.md\/wp-content\/uploads\/2018\/05\/cc206_b.jpg","width":800,"height":450},{"@type":"BreadcrumbList","@id":"https:\/\/hub.ortopedie.md\/shop\/separator-semiluna-de-silicon-pentru-degete-la-picior\/#breadcrumb","itemListElement":[{"@type":"ListItem","position":1,"name":"Prima pagin\u0103","item":"https:\/\/hub.ortopedie.md\/en\/"},{"@type":"ListItem","position":2,"name":"Produse","item":"https:\/\/hub.ortopedie.md\/shop\/"},{"@type":"ListItem","position":3,"name":"Separator semilun\u0103 de silicon pentru degete la picior cc206"}]},{"@type":"WebSite","@id":"https:\/\/hub.ortopedie.md\/#website","url":"https:\/\/hub.ortopedie.md\/","name":"Hub Ortopedie - Magazin ortopedic. \u041e\u0440\u0442\u043e\u043f\u0435\u0434\u0438\u0447\u0435\u0441\u043a\u0438\u0439 \u043c\u0430\u0433\u0430\u0437\u0438\u043d","description":"S\u0103n\u0103tate, confort, calitate","publisher":{"@id":"https:\/\/hub.ortopedie.md\/#organization"},"potentialAction":[{"@type":"SearchAction","target":{"@type":"EntryPoint","urlTemplate":"https:\/\/hub.ortopedie.md\/?s={search_term_string}"},"query-input":{"@type":"PropertyValueSpecification","valueRequired":true,"valueName":"search_term_string"}}],"inLanguage":"en-US"},{"@type":"Organization","@id":"https:\/\/hub.ortopedie.md\/#organization","name":"HUB ORTOPEDIE","url":"https:\/\/hub.ortopedie.md\/","logo":{"@type":"ImageObject","inLanguage":"en-US","@id":"https:\/\/hub.ortopedie.md\/#\/schema\/logo\/image\/","url":"https:\/\/hub.ortopedie.md\/wp-content\/uploads\/2018\/01\/hub-logo.png","contentUrl":"https:\/\/hub.ortopedie.md\/wp-content\/uploads\/2018\/01\/hub-logo.png","width":124,"height":90,"caption":"HUB ORTOPEDIE"},"image":{"@id":"https:\/\/hub.ortopedie.md\/#\/schema\/logo\/image\/"},"sameAs":["https:\/\/www.facebook.com\/ORTOPEDIE.MD\/","https:\/\/www.instagram.com\/hub_ortopedie\/"]}]},"product_price_amount":"100.00","product_price_currency":"MDL","og_availability":"instock","product_availability":"instock","product_condition":"new"},"jetpack_sharing_enabled":true,"brands":[{"id":226,"name":"COMFORSIL","slug":"comfortsil"},{"id":217,"name":"PRIM","slug":"prim"}],"_links":{"self":[{"href":"https:\/\/hub.ortopedie.md\/en\/wp-json\/wp\/v2\/product\/2389","targetHints":{"allow":["GET"]}}],"collection":[{"href":"https:\/\/hub.ortopedie.md\/en\/wp-json\/wp\/v2\/product"}],"about":[{"href":"https:\/\/hub.ortopedie.md\/en\/wp-json\/wp\/v2\/types\/product"}],"wp:featuredmedia":[{"embeddable":true,"href":"https:\/\/hub.ortopedie.md\/en\/wp-json\/wp\/v2\/media\/2390"}],"wp:attachment":[{"href":"https:\/\/hub.ortopedie.md\/en\/wp-json\/wp\/v2\/media?parent=2389"}],"wp:term":[{"taxonomy":"pwb-brand","embeddable":true,"href":"https:\/\/hub.ortopedie.md\/en\/wp-json\/wp\/v2\/pwb-brand?post=2389"},{"taxonomy":"product_brand","embeddable":true,"href":"https:\/\/hub.ortopedie.md\/en\/wp-json\/wp\/v2\/product_brand?post=2389"},{"taxonomy":"product_cat","embeddable":true,"href":"https:\/\/hub.ortopedie.md\/en\/wp-json\/wp\/v2\/product_cat?post=2389"},{"taxonomy":"product_tag","embeddable":true,"href":"https:\/\/hub.ortopedie.md\/en\/wp-json\/wp\/v2\/product_tag?post=2389"}],"curies":[{"name":"wp","href":"https:\/\/api.w.org\/{rel}","templated":true}]}}