{"id":2483,"date":"2018-06-05T21:10:03","date_gmt":"2018-06-05T21:10:03","guid":{"rendered":"https:\/\/hub.ortopedie.md\/?post_type=product&#038;p=2483"},"modified":"2018-10-15T09:40:00","modified_gmt":"2018-10-15T09:40:00","slug":"talpi-interioare-cc203","status":"publish","type":"product","link":"https:\/\/hub.ortopedie.md\/en\/shop\/talpi-interioare-cc203\/","title":{"rendered":"T\u0103lpi interioare de silicon cc203"},"content":{"rendered":"<p>T\u0103lpi\u021bele de silicon Comforsil CC203 sunt concepute pentru tratarea \u0219i profilaxie talpei plate.\u00a0Datorit\u0103 materialului din gelul medical\u00a0\u00eenmoaie loviturile \u00een timpul mersului,\u00a0reduc\u00e2nd \u00een acela\u0219i timp durerea din arcul longitudinal al picioarelor.\u00a0Recomand\u0103m utilizarea de t\u0103lpi interioare pentru persoanele cu plangeri frecvente de oboseala in picioare.<\/p>\n<p>Indicatii pentru utilizarea t\u0103lpi\u021belor Comforsil CC203:<\/p>\n<ul>\n<li>Pentru prevenirea \u0219i tratarea piciorului plat;<\/li>\n<li>Cu sindrom de durere \u00een c\u0103lc\u00e2i \u0219i arcului piciorului;<\/li>\n<li>Cu excesul de greutate.<\/li>\n<\/ul>\n","protected":false},"excerpt":{"rendered":"<p>T\u0103lpi\u021bele de silicon Comforsil CC203 sunt concepute pentru tratarea \u0219i  [&#8230;]<\/p>\n","protected":false},"featured_media":2473,"template":"","meta":[],"pwb-brand":[217],"product_brand":[],"product_cat":[18],"product_tag":[],"class_list":{"0":"post-2483","1":"product","2":"type-product","3":"status-publish","4":"has-post-thumbnail","6":"pwb-brand-prim","7":"product_cat-orteze","8":"pa_partea-corpului-talpa","10":"first","11":"instock","12":"shipping-taxable","13":"purchasable","14":"product-type-simple"},"yoast_head":"<!-- This site is optimized with the Yoast SEO Premium plugin v18.3 (Yoast SEO v27.4) - https:\/\/yoast.com\/product\/yoast-seo-premium-wordpress\/ -->\n<title>T\u0103lpi interioare de silicon cc203 - HUB Ortopedie<\/title>\n<meta name=\"description\" content=\"T\u0103lpi\u021bele de silicon Comforsil CC203 sunt concepute pentru tratarea \u0219i profilaxie talpei plate.\u00a0Recomand\u0103m utilizarea de t\u0103lpi interioare pentru persoanele cu plangeri frecvente de oboseala in picioare.\" \/>\n<meta name=\"robots\" content=\"index, follow, max-snippet:-1, max-image-preview:large, max-video-preview:-1\" \/>\n<link rel=\"canonical\" href=\"https:\/\/hub.ortopedie.md\/en\/shop\/talpi-interioare-cc203\/\" \/>\n<meta property=\"og:locale\" content=\"en_US\" \/>\n<meta property=\"og:type\" content=\"article\" \/>\n<meta property=\"og:title\" content=\"T\u0103lpi interioare de silicon cc203\" \/>\n<meta property=\"og:description\" content=\"T\u0103lpi\u021bele de silicon Comforsil CC203 sunt concepute pentru tratarea \u0219i profilaxie talpei plate.\u00a0Recomand\u0103m utilizarea de t\u0103lpi interioare pentru persoanele cu plangeri frecvente de oboseala in picioare.\" \/>\n<meta property=\"og:url\" content=\"https:\/\/hub.ortopedie.md\/shop\/talpi-interioare-cc203\/\" \/>\n<meta property=\"og:site_name\" content=\"Hub Ortopedie - Magazin ortopedic. \u041e\u0440\u0442\u043e\u043f\u0435\u0434\u0438\u0447\u0435\u0441\u043a\u0438\u0439 \u043c\u0430\u0433\u0430\u0437\u0438\u043d\" \/>\n<meta property=\"article:publisher\" content=\"https:\/\/www.facebook.com\/ORTOPEDIE.MD\/\" \/>\n<meta property=\"article:modified_time\" content=\"2018-10-15T09:40:00+00:00\" \/>\n<meta property=\"og:image\" content=\"https:\/\/hub.ortopedie.md\/wp-content\/uploads\/2018\/06\/cc203_b.jpg\" \/>\n\t<meta property=\"og:image:width\" content=\"800\" \/>\n\t<meta property=\"og:image:height\" content=\"450\" \/>\n\t<meta property=\"og:image:type\" content=\"image\/jpeg\" \/>\n<meta name=\"twitter:label1\" content=\"Price\" \/>\n\t<meta name=\"twitter:data1\" content=\"550.00&nbsp;MDL\" \/>\n\t<meta name=\"twitter:label2\" content=\"Availability\" \/>\n\t<meta name=\"twitter:data2\" content=\"In stock\" \/>\n<script type=\"application\/ld+json\" class=\"yoast-schema-graph\">{\"@context\":\"https:\\\/\\\/schema.org\",\"@graph\":[{\"@type\":\"WebPage\",\"@id\":\"https:\\\/\\\/hub.ortopedie.md\\\/shop\\\/talpi-interioare-cc203\\\/\",\"url\":\"https:\\\/\\\/hub.ortopedie.md\\\/shop\\\/talpi-interioare-cc203\\\/\",\"name\":\"T\u0103lpi interioare de silicon cc203 - HUB Ortopedie\",\"isPartOf\":{\"@id\":\"https:\\\/\\\/hub.ortopedie.md\\\/#website\"},\"primaryImageOfPage\":{\"@id\":\"https:\\\/\\\/hub.ortopedie.md\\\/shop\\\/talpi-interioare-cc203\\\/#primaryimage\"},\"image\":{\"@id\":\"https:\\\/\\\/hub.ortopedie.md\\\/shop\\\/talpi-interioare-cc203\\\/#primaryimage\"},\"thumbnailUrl\":\"https:\\\/\\\/hub.ortopedie.md\\\/wp-content\\\/uploads\\\/2018\\\/06\\\/cc203_b.jpg\",\"datePublished\":\"2018-06-05T21:10:03+00:00\",\"dateModified\":\"2018-10-15T09:40:00+00:00\",\"description\":\"T\u0103lpi\u021bele de silicon Comforsil CC203 sunt concepute pentru tratarea \u0219i profilaxie talpei plate.\u00a0Recomand\u0103m utilizarea de t\u0103lpi interioare pentru persoanele cu plangeri frecvente de oboseala in picioare.\",\"breadcrumb\":{\"@id\":\"https:\\\/\\\/hub.ortopedie.md\\\/shop\\\/talpi-interioare-cc203\\\/#breadcrumb\"},\"inLanguage\":\"en-US\",\"potentialAction\":[{\"@type\":\"ReadAction\",\"target\":[\"https:\\\/\\\/hub.ortopedie.md\\\/shop\\\/talpi-interioare-cc203\\\/\"]}]},{\"@type\":\"ImageObject\",\"inLanguage\":\"en-US\",\"@id\":\"https:\\\/\\\/hub.ortopedie.md\\\/shop\\\/talpi-interioare-cc203\\\/#primaryimage\",\"url\":\"https:\\\/\\\/hub.ortopedie.md\\\/wp-content\\\/uploads\\\/2018\\\/06\\\/cc203_b.jpg\",\"contentUrl\":\"https:\\\/\\\/hub.ortopedie.md\\\/wp-content\\\/uploads\\\/2018\\\/06\\\/cc203_b.jpg\",\"width\":800,\"height\":450},{\"@type\":\"BreadcrumbList\",\"@id\":\"https:\\\/\\\/hub.ortopedie.md\\\/shop\\\/talpi-interioare-cc203\\\/#breadcrumb\",\"itemListElement\":[{\"@type\":\"ListItem\",\"position\":1,\"name\":\"Prima pagin\u0103\",\"item\":\"https:\\\/\\\/hub.ortopedie.md\\\/en\\\/\"},{\"@type\":\"ListItem\",\"position\":2,\"name\":\"Produse\",\"item\":\"https:\\\/\\\/hub.ortopedie.md\\\/shop\\\/\"},{\"@type\":\"ListItem\",\"position\":3,\"name\":\"T\u0103lpi interioare de silicon cc203\"}]},{\"@type\":\"WebSite\",\"@id\":\"https:\\\/\\\/hub.ortopedie.md\\\/#website\",\"url\":\"https:\\\/\\\/hub.ortopedie.md\\\/\",\"name\":\"Hub Ortopedie - Magazin ortopedic. \u041e\u0440\u0442\u043e\u043f\u0435\u0434\u0438\u0447\u0435\u0441\u043a\u0438\u0439 \u043c\u0430\u0433\u0430\u0437\u0438\u043d\",\"description\":\"S\u0103n\u0103tate, confort, calitate\",\"publisher\":{\"@id\":\"https:\\\/\\\/hub.ortopedie.md\\\/#organization\"},\"potentialAction\":[{\"@type\":\"SearchAction\",\"target\":{\"@type\":\"EntryPoint\",\"urlTemplate\":\"https:\\\/\\\/hub.ortopedie.md\\\/?s={search_term_string}\"},\"query-input\":{\"@type\":\"PropertyValueSpecification\",\"valueRequired\":true,\"valueName\":\"search_term_string\"}}],\"inLanguage\":\"en-US\"},{\"@type\":\"Organization\",\"@id\":\"https:\\\/\\\/hub.ortopedie.md\\\/#organization\",\"name\":\"HUB ORTOPEDIE\",\"url\":\"https:\\\/\\\/hub.ortopedie.md\\\/\",\"logo\":{\"@type\":\"ImageObject\",\"inLanguage\":\"en-US\",\"@id\":\"https:\\\/\\\/hub.ortopedie.md\\\/#\\\/schema\\\/logo\\\/image\\\/\",\"url\":\"https:\\\/\\\/hub.ortopedie.md\\\/wp-content\\\/uploads\\\/2018\\\/01\\\/hub-logo.png\",\"contentUrl\":\"https:\\\/\\\/hub.ortopedie.md\\\/wp-content\\\/uploads\\\/2018\\\/01\\\/hub-logo.png\",\"width\":124,\"height\":90,\"caption\":\"HUB ORTOPEDIE\"},\"image\":{\"@id\":\"https:\\\/\\\/hub.ortopedie.md\\\/#\\\/schema\\\/logo\\\/image\\\/\"},\"sameAs\":[\"https:\\\/\\\/www.facebook.com\\\/ORTOPEDIE.MD\\\/\",\"https:\\\/\\\/www.instagram.com\\\/hub_ortopedie\\\/\"]}]}<\/script>\n<meta property=\"product:price:amount\" content=\"550.00\" \/>\n<meta property=\"product:price:currency\" content=\"MDL\" \/>\n<meta property=\"og:availability\" content=\"instock\" \/>\n<meta property=\"product:availability\" content=\"instock\" \/>\n<meta property=\"product:condition\" content=\"new\" \/>\n<!-- \/ Yoast SEO Premium plugin. -->","yoast_head_json":{"title":"T\u0103lpi interioare de silicon cc203 - HUB Ortopedie","description":"T\u0103lpi\u021bele de silicon Comforsil CC203 sunt concepute pentru tratarea \u0219i profilaxie talpei plate.\u00a0Recomand\u0103m utilizarea de t\u0103lpi interioare pentru persoanele cu plangeri frecvente de oboseala in picioare.","robots":{"index":"index","follow":"follow","max-snippet":"max-snippet:-1","max-image-preview":"max-image-preview:large","max-video-preview":"max-video-preview:-1"},"canonical":"https:\/\/hub.ortopedie.md\/en\/shop\/talpi-interioare-cc203\/","og_locale":"en_US","og_type":"article","og_title":"T\u0103lpi interioare de silicon cc203","og_description":"T\u0103lpi\u021bele de silicon Comforsil CC203 sunt concepute pentru tratarea \u0219i profilaxie talpei plate.\u00a0Recomand\u0103m utilizarea de t\u0103lpi interioare pentru persoanele cu plangeri frecvente de oboseala in picioare.","og_url":"https:\/\/hub.ortopedie.md\/shop\/talpi-interioare-cc203\/","og_site_name":"Hub Ortopedie - Magazin ortopedic. \u041e\u0440\u0442\u043e\u043f\u0435\u0434\u0438\u0447\u0435\u0441\u043a\u0438\u0439 \u043c\u0430\u0433\u0430\u0437\u0438\u043d","article_publisher":"https:\/\/www.facebook.com\/ORTOPEDIE.MD\/","article_modified_time":"2018-10-15T09:40:00+00:00","og_image":[{"width":800,"height":450,"url":"https:\/\/hub.ortopedie.md\/wp-content\/uploads\/2018\/06\/cc203_b.jpg","type":"image\/jpeg"}],"twitter_misc":{"Price":"550.00&nbsp;MDL","Availability":"In stock"},"schema":{"@context":"https:\/\/schema.org","@graph":[{"@type":"WebPage","@id":"https:\/\/hub.ortopedie.md\/shop\/talpi-interioare-cc203\/","url":"https:\/\/hub.ortopedie.md\/shop\/talpi-interioare-cc203\/","name":"T\u0103lpi interioare de silicon cc203 - HUB Ortopedie","isPartOf":{"@id":"https:\/\/hub.ortopedie.md\/#website"},"primaryImageOfPage":{"@id":"https:\/\/hub.ortopedie.md\/shop\/talpi-interioare-cc203\/#primaryimage"},"image":{"@id":"https:\/\/hub.ortopedie.md\/shop\/talpi-interioare-cc203\/#primaryimage"},"thumbnailUrl":"https:\/\/hub.ortopedie.md\/wp-content\/uploads\/2018\/06\/cc203_b.jpg","datePublished":"2018-06-05T21:10:03+00:00","dateModified":"2018-10-15T09:40:00+00:00","description":"T\u0103lpi\u021bele de silicon Comforsil CC203 sunt concepute pentru tratarea \u0219i profilaxie talpei plate.\u00a0Recomand\u0103m utilizarea de t\u0103lpi interioare pentru persoanele cu plangeri frecvente de oboseala in picioare.","breadcrumb":{"@id":"https:\/\/hub.ortopedie.md\/shop\/talpi-interioare-cc203\/#breadcrumb"},"inLanguage":"en-US","potentialAction":[{"@type":"ReadAction","target":["https:\/\/hub.ortopedie.md\/shop\/talpi-interioare-cc203\/"]}]},{"@type":"ImageObject","inLanguage":"en-US","@id":"https:\/\/hub.ortopedie.md\/shop\/talpi-interioare-cc203\/#primaryimage","url":"https:\/\/hub.ortopedie.md\/wp-content\/uploads\/2018\/06\/cc203_b.jpg","contentUrl":"https:\/\/hub.ortopedie.md\/wp-content\/uploads\/2018\/06\/cc203_b.jpg","width":800,"height":450},{"@type":"BreadcrumbList","@id":"https:\/\/hub.ortopedie.md\/shop\/talpi-interioare-cc203\/#breadcrumb","itemListElement":[{"@type":"ListItem","position":1,"name":"Prima pagin\u0103","item":"https:\/\/hub.ortopedie.md\/en\/"},{"@type":"ListItem","position":2,"name":"Produse","item":"https:\/\/hub.ortopedie.md\/shop\/"},{"@type":"ListItem","position":3,"name":"T\u0103lpi interioare de silicon cc203"}]},{"@type":"WebSite","@id":"https:\/\/hub.ortopedie.md\/#website","url":"https:\/\/hub.ortopedie.md\/","name":"Hub Ortopedie - Magazin ortopedic. \u041e\u0440\u0442\u043e\u043f\u0435\u0434\u0438\u0447\u0435\u0441\u043a\u0438\u0439 \u043c\u0430\u0433\u0430\u0437\u0438\u043d","description":"S\u0103n\u0103tate, confort, calitate","publisher":{"@id":"https:\/\/hub.ortopedie.md\/#organization"},"potentialAction":[{"@type":"SearchAction","target":{"@type":"EntryPoint","urlTemplate":"https:\/\/hub.ortopedie.md\/?s={search_term_string}"},"query-input":{"@type":"PropertyValueSpecification","valueRequired":true,"valueName":"search_term_string"}}],"inLanguage":"en-US"},{"@type":"Organization","@id":"https:\/\/hub.ortopedie.md\/#organization","name":"HUB ORTOPEDIE","url":"https:\/\/hub.ortopedie.md\/","logo":{"@type":"ImageObject","inLanguage":"en-US","@id":"https:\/\/hub.ortopedie.md\/#\/schema\/logo\/image\/","url":"https:\/\/hub.ortopedie.md\/wp-content\/uploads\/2018\/01\/hub-logo.png","contentUrl":"https:\/\/hub.ortopedie.md\/wp-content\/uploads\/2018\/01\/hub-logo.png","width":124,"height":90,"caption":"HUB ORTOPEDIE"},"image":{"@id":"https:\/\/hub.ortopedie.md\/#\/schema\/logo\/image\/"},"sameAs":["https:\/\/www.facebook.com\/ORTOPEDIE.MD\/","https:\/\/www.instagram.com\/hub_ortopedie\/"]}]},"product_price_amount":"550.00","product_price_currency":"MDL","og_availability":"instock","product_availability":"instock","product_condition":"new"},"jetpack_sharing_enabled":true,"brands":[{"id":217,"name":"PRIM","slug":"prim"}],"_links":{"self":[{"href":"https:\/\/hub.ortopedie.md\/en\/wp-json\/wp\/v2\/product\/2483","targetHints":{"allow":["GET"]}}],"collection":[{"href":"https:\/\/hub.ortopedie.md\/en\/wp-json\/wp\/v2\/product"}],"about":[{"href":"https:\/\/hub.ortopedie.md\/en\/wp-json\/wp\/v2\/types\/product"}],"wp:featuredmedia":[{"embeddable":true,"href":"https:\/\/hub.ortopedie.md\/en\/wp-json\/wp\/v2\/media\/2473"}],"wp:attachment":[{"href":"https:\/\/hub.ortopedie.md\/en\/wp-json\/wp\/v2\/media?parent=2483"}],"wp:term":[{"taxonomy":"pwb-brand","embeddable":true,"href":"https:\/\/hub.ortopedie.md\/en\/wp-json\/wp\/v2\/pwb-brand?post=2483"},{"taxonomy":"product_brand","embeddable":true,"href":"https:\/\/hub.ortopedie.md\/en\/wp-json\/wp\/v2\/product_brand?post=2483"},{"taxonomy":"product_cat","embeddable":true,"href":"https:\/\/hub.ortopedie.md\/en\/wp-json\/wp\/v2\/product_cat?post=2483"},{"taxonomy":"product_tag","embeddable":true,"href":"https:\/\/hub.ortopedie.md\/en\/wp-json\/wp\/v2\/product_tag?post=2483"}],"curies":[{"name":"wp","href":"https:\/\/api.w.org\/{rel}","templated":true}]}}