{"id":3540,"date":"2018-08-07T11:13:41","date_gmt":"2018-08-07T11:13:41","guid":{"rendered":"https:\/\/hub.ortopedie.md\/?post_type=product&#038;p=3540"},"modified":"2023-08-03T11:28:57","modified_gmt":"2023-08-03T11:28:57","slug":"orteza-la-degetul-mare-am-op-01","status":"publish","type":"product","link":"https:\/\/hub.ortopedie.md\/en\/shop\/orteza-la-degetul-mare-am-op-01\/","title":{"rendered":"Ortez\u0103 pentru degetul mare AM-OP-01"},"content":{"rendered":"<p>Ortez\u0103 pentru degetul mare AM-OP-01, bursita getului mare este o batatura\u00a0\u00een zona de articulare a degetului mare \u0219i a picioarelor. Cu timpul batatura se\u00a0osific\u0103 \u0219i periodic sufer\u0103 de durere \u0219i se inflameaz\u0103.\u00a0Cauza principal\u0103 a acestei boli este deformarea valgus a picioarelor.\u00a0Baza acestei patologii nu este pantofii \u00eenguste, ci o \u00eenc\u0103lcare congenital\u0103 a configura\u021biei arcului transversal al picioarelor, picioarelor plate, e\u0219ecului musculaturii piciorului \u0219i ligamentelor.\u00a0Pantofi incomozi \u0219i greutate excesiv\u0103 joac\u0103, de asemenea, un rol negativ \u00een formarea valgus.<\/p>\n<p><strong><img decoding=\"async\" class=\"alignnone wp-image-3543 size-600\" src=\"https:\/\/hub.ortopedie.md\/wp-content\/uploads\/2018\/08\/AM-OP-01-schemat-630x420-600x400.jpg\" alt=\"\" width=\"600\" height=\"400\" srcset=\"https:\/\/hub.ortopedie.md\/wp-content\/uploads\/2018\/08\/AM-OP-01-schemat-630x420-200x133.jpg 200w, https:\/\/hub.ortopedie.md\/wp-content\/uploads\/2018\/08\/AM-OP-01-schemat-630x420-300x200.jpg 300w, https:\/\/hub.ortopedie.md\/wp-content\/uploads\/2018\/08\/AM-OP-01-schemat-630x420-400x267.jpg 400w, https:\/\/hub.ortopedie.md\/wp-content\/uploads\/2018\/08\/AM-OP-01-schemat-630x420-500x333.jpg 500w, https:\/\/hub.ortopedie.md\/wp-content\/uploads\/2018\/08\/AM-OP-01-schemat-630x420-600x400.jpg 600w, https:\/\/hub.ortopedie.md\/wp-content\/uploads\/2018\/08\/AM-OP-01-schemat-630x420.jpg 630w\" sizes=\"(max-width: 600px) 100vw, 600px\" \/><\/strong><\/p>\n<p>&nbsp;<\/p>\n<div class=\"clear\">\n<h2><img decoding=\"async\" class=\"alignnone wp-image-3542 size-600\" src=\"https:\/\/hub.ortopedie.md\/wp-content\/uploads\/2018\/08\/UNI-PREN_RU-600x282.jpg\" alt=\"\" width=\"600\" height=\"282\" srcset=\"https:\/\/hub.ortopedie.md\/wp-content\/uploads\/2018\/08\/UNI-PREN_RU-200x94.jpg 200w, https:\/\/hub.ortopedie.md\/wp-content\/uploads\/2018\/08\/UNI-PREN_RU-300x141.jpg 300w, https:\/\/hub.ortopedie.md\/wp-content\/uploads\/2018\/08\/UNI-PREN_RU-400x188.jpg 400w, https:\/\/hub.ortopedie.md\/wp-content\/uploads\/2018\/08\/UNI-PREN_RU-500x235.jpg 500w, https:\/\/hub.ortopedie.md\/wp-content\/uploads\/2018\/08\/UNI-PREN_RU-600x282.jpg 600w, https:\/\/hub.ortopedie.md\/wp-content\/uploads\/2018\/08\/UNI-PREN_RU.jpg 645w\" sizes=\"(max-width: 600px) 100vw, 600px\" \/><\/h2>\n<h2>Dimensiuni disponibile<\/h2>\n<table border=\"0\" cellspacing=\"0\">\n<thead>\n<tr>\n<td>Marime<\/td>\n<td>Distan\u021ba de la calcai la capul primului os metatarsian<\/td>\n<td>Metoda de m\u0103surare<\/td>\n<\/tr>\n<\/thead>\n<colgroup width=\"205\"><\/colgroup>\n<colgroup width=\"204\"><\/colgroup>\n<tbody>\n<tr>\n<td>Universal. Sunt pe partea st\u00e2ng\u0103 \u0219i pe partea dreapt\u0103.<\/td>\n<td>min 15 cm \u2014 max 30 cm<\/td>\n<td><img decoding=\"async\" class=\"alignnone size-full wp-image-3546\" src=\"https:\/\/hub.ortopedie.md\/wp-content\/uploads\/2018\/08\/POMIAR-NOGA-SP-011.png\" alt=\"\" width=\"156\" height=\"143\" \/><\/td>\n<\/tr>\n<\/tbody>\n<\/table>\n<div class=\"clear\"><\/div>\n<h2><\/h2>\n<\/div>\n","protected":false},"excerpt":{"rendered":"<p>Ortez\u0103 pentru degetul mare AM-OP-01, bursita getului mare este o  [&#8230;]<\/p>\n","protected":false},"featured_media":3544,"template":"","meta":[],"pwb-brand":[273],"product_brand":[],"product_cat":[18],"product_tag":[],"class_list":{"0":"post-3540","1":"product","2":"type-product","3":"status-publish","4":"has-post-thumbnail","6":"pwb-brand-reh4mat","7":"product_cat-orteze","9":"first","10":"outofstock","11":"shipping-taxable","12":"purchasable","13":"product-type-simple"},"yoast_head":"<!-- This site is optimized with the Yoast SEO Premium plugin v18.3 (Yoast SEO v27.4) - https:\/\/yoast.com\/product\/yoast-seo-premium-wordpress\/ -->\n<title>Ortez\u0103 pentru degetul mare AM-OP-01 - HUB Ortopedie<\/title>\n<meta name=\"description\" content=\"Ortez\u0103 pentru degetul mare AM-OP-01, bursita getului mare este o batatura\u00a0\u00een zona de articulare a degetului mare \u0219i a picioarelor.\" \/>\n<meta name=\"robots\" content=\"index, follow, max-snippet:-1, max-image-preview:large, max-video-preview:-1\" \/>\n<link rel=\"canonical\" href=\"https:\/\/hub.ortopedie.md\/en\/shop\/orteza-la-degetul-mare-am-op-01\/\" \/>\n<meta property=\"og:locale\" content=\"en_US\" \/>\n<meta property=\"og:type\" content=\"article\" \/>\n<meta property=\"og:title\" content=\"Ortez\u0103 pentru degetul mare AM-OP-01\" \/>\n<meta property=\"og:description\" content=\"Ortez\u0103 pentru degetul mare AM-OP-01, bursita getului mare este o batatura\u00a0\u00een zona de articulare a degetului mare \u0219i a picioarelor.\" \/>\n<meta property=\"og:url\" content=\"https:\/\/hub.ortopedie.md\/shop\/orteza-la-degetul-mare-am-op-01\/\" \/>\n<meta property=\"og:site_name\" content=\"Hub Ortopedie - Magazin ortopedic. \u041e\u0440\u0442\u043e\u043f\u0435\u0434\u0438\u0447\u0435\u0441\u043a\u0438\u0439 \u043c\u0430\u0433\u0430\u0437\u0438\u043d\" \/>\n<meta property=\"article:publisher\" content=\"https:\/\/www.facebook.com\/ORTOPEDIE.MD\/\" \/>\n<meta property=\"article:modified_time\" content=\"2023-08-03T11:28:57+00:00\" \/>\n<meta property=\"og:image\" content=\"https:\/\/hub.ortopedie.md\/wp-content\/uploads\/2018\/08\/AM-OP-01-t-o-podmiana.jpg\" \/>\n\t<meta property=\"og:image:width\" content=\"645\" \/>\n\t<meta property=\"og:image:height\" content=\"430\" \/>\n\t<meta property=\"og:image:type\" content=\"image\/jpeg\" \/>\n<meta name=\"twitter:label1\" content=\"Price\" \/>\n\t<meta name=\"twitter:data1\" content=\"350.00&nbsp;MDL\" \/>\n\t<meta name=\"twitter:label2\" content=\"Availability\" \/>\n\t<meta name=\"twitter:data2\" content=\"Out of stock\" \/>\n<script type=\"application\/ld+json\" class=\"yoast-schema-graph\">{\"@context\":\"https:\\\/\\\/schema.org\",\"@graph\":[{\"@type\":\"WebPage\",\"@id\":\"https:\\\/\\\/hub.ortopedie.md\\\/shop\\\/orteza-la-degetul-mare-am-op-01\\\/\",\"url\":\"https:\\\/\\\/hub.ortopedie.md\\\/shop\\\/orteza-la-degetul-mare-am-op-01\\\/\",\"name\":\"Ortez\u0103 pentru degetul mare AM-OP-01 - HUB Ortopedie\",\"isPartOf\":{\"@id\":\"https:\\\/\\\/hub.ortopedie.md\\\/#website\"},\"primaryImageOfPage\":{\"@id\":\"https:\\\/\\\/hub.ortopedie.md\\\/shop\\\/orteza-la-degetul-mare-am-op-01\\\/#primaryimage\"},\"image\":{\"@id\":\"https:\\\/\\\/hub.ortopedie.md\\\/shop\\\/orteza-la-degetul-mare-am-op-01\\\/#primaryimage\"},\"thumbnailUrl\":\"https:\\\/\\\/hub.ortopedie.md\\\/wp-content\\\/uploads\\\/2018\\\/08\\\/AM-OP-01-t-o-podmiana.jpg\",\"datePublished\":\"2018-08-07T11:13:41+00:00\",\"dateModified\":\"2023-08-03T11:28:57+00:00\",\"description\":\"Ortez\u0103 pentru degetul mare AM-OP-01, bursita getului mare este o batatura\u00a0\u00een zona de articulare a degetului mare \u0219i a picioarelor.\",\"breadcrumb\":{\"@id\":\"https:\\\/\\\/hub.ortopedie.md\\\/shop\\\/orteza-la-degetul-mare-am-op-01\\\/#breadcrumb\"},\"inLanguage\":\"en-US\",\"potentialAction\":[{\"@type\":\"ReadAction\",\"target\":[\"https:\\\/\\\/hub.ortopedie.md\\\/shop\\\/orteza-la-degetul-mare-am-op-01\\\/\"]}]},{\"@type\":\"ImageObject\",\"inLanguage\":\"en-US\",\"@id\":\"https:\\\/\\\/hub.ortopedie.md\\\/shop\\\/orteza-la-degetul-mare-am-op-01\\\/#primaryimage\",\"url\":\"https:\\\/\\\/hub.ortopedie.md\\\/wp-content\\\/uploads\\\/2018\\\/08\\\/AM-OP-01-t-o-podmiana.jpg\",\"contentUrl\":\"https:\\\/\\\/hub.ortopedie.md\\\/wp-content\\\/uploads\\\/2018\\\/08\\\/AM-OP-01-t-o-podmiana.jpg\",\"width\":645,\"height\":430},{\"@type\":\"BreadcrumbList\",\"@id\":\"https:\\\/\\\/hub.ortopedie.md\\\/shop\\\/orteza-la-degetul-mare-am-op-01\\\/#breadcrumb\",\"itemListElement\":[{\"@type\":\"ListItem\",\"position\":1,\"name\":\"Prima pagin\u0103\",\"item\":\"https:\\\/\\\/hub.ortopedie.md\\\/en\\\/\"},{\"@type\":\"ListItem\",\"position\":2,\"name\":\"Produse\",\"item\":\"https:\\\/\\\/hub.ortopedie.md\\\/shop\\\/\"},{\"@type\":\"ListItem\",\"position\":3,\"name\":\"Ortez\u0103 pentru degetul mare AM-OP-01\"}]},{\"@type\":\"WebSite\",\"@id\":\"https:\\\/\\\/hub.ortopedie.md\\\/#website\",\"url\":\"https:\\\/\\\/hub.ortopedie.md\\\/\",\"name\":\"Hub Ortopedie - Magazin ortopedic. \u041e\u0440\u0442\u043e\u043f\u0435\u0434\u0438\u0447\u0435\u0441\u043a\u0438\u0439 \u043c\u0430\u0433\u0430\u0437\u0438\u043d\",\"description\":\"S\u0103n\u0103tate, confort, calitate\",\"publisher\":{\"@id\":\"https:\\\/\\\/hub.ortopedie.md\\\/#organization\"},\"potentialAction\":[{\"@type\":\"SearchAction\",\"target\":{\"@type\":\"EntryPoint\",\"urlTemplate\":\"https:\\\/\\\/hub.ortopedie.md\\\/?s={search_term_string}\"},\"query-input\":{\"@type\":\"PropertyValueSpecification\",\"valueRequired\":true,\"valueName\":\"search_term_string\"}}],\"inLanguage\":\"en-US\"},{\"@type\":\"Organization\",\"@id\":\"https:\\\/\\\/hub.ortopedie.md\\\/#organization\",\"name\":\"HUB ORTOPEDIE\",\"url\":\"https:\\\/\\\/hub.ortopedie.md\\\/\",\"logo\":{\"@type\":\"ImageObject\",\"inLanguage\":\"en-US\",\"@id\":\"https:\\\/\\\/hub.ortopedie.md\\\/#\\\/schema\\\/logo\\\/image\\\/\",\"url\":\"https:\\\/\\\/hub.ortopedie.md\\\/wp-content\\\/uploads\\\/2018\\\/01\\\/hub-logo.png\",\"contentUrl\":\"https:\\\/\\\/hub.ortopedie.md\\\/wp-content\\\/uploads\\\/2018\\\/01\\\/hub-logo.png\",\"width\":124,\"height\":90,\"caption\":\"HUB ORTOPEDIE\"},\"image\":{\"@id\":\"https:\\\/\\\/hub.ortopedie.md\\\/#\\\/schema\\\/logo\\\/image\\\/\"},\"sameAs\":[\"https:\\\/\\\/www.facebook.com\\\/ORTOPEDIE.MD\\\/\",\"https:\\\/\\\/www.instagram.com\\\/hub_ortopedie\\\/\"]}]}<\/script>\n<meta property=\"product:price:amount\" content=\"350.00\" \/>\n<meta property=\"product:price:currency\" content=\"MDL\" \/>\n<meta property=\"og:availability\" content=\"out of stock\" \/>\n<meta property=\"product:availability\" content=\"out of stock\" \/>\n<meta property=\"product:condition\" content=\"new\" \/>\n<!-- \/ Yoast SEO Premium plugin. -->","yoast_head_json":{"title":"Ortez\u0103 pentru degetul mare AM-OP-01 - HUB Ortopedie","description":"Ortez\u0103 pentru degetul mare AM-OP-01, bursita getului mare este o batatura\u00a0\u00een zona de articulare a degetului mare \u0219i a picioarelor.","robots":{"index":"index","follow":"follow","max-snippet":"max-snippet:-1","max-image-preview":"max-image-preview:large","max-video-preview":"max-video-preview:-1"},"canonical":"https:\/\/hub.ortopedie.md\/en\/shop\/orteza-la-degetul-mare-am-op-01\/","og_locale":"en_US","og_type":"article","og_title":"Ortez\u0103 pentru degetul mare AM-OP-01","og_description":"Ortez\u0103 pentru degetul mare AM-OP-01, bursita getului mare este o batatura\u00a0\u00een zona de articulare a degetului mare \u0219i a picioarelor.","og_url":"https:\/\/hub.ortopedie.md\/shop\/orteza-la-degetul-mare-am-op-01\/","og_site_name":"Hub Ortopedie - Magazin ortopedic. \u041e\u0440\u0442\u043e\u043f\u0435\u0434\u0438\u0447\u0435\u0441\u043a\u0438\u0439 \u043c\u0430\u0433\u0430\u0437\u0438\u043d","article_publisher":"https:\/\/www.facebook.com\/ORTOPEDIE.MD\/","article_modified_time":"2023-08-03T11:28:57+00:00","og_image":[{"width":645,"height":430,"url":"https:\/\/hub.ortopedie.md\/wp-content\/uploads\/2018\/08\/AM-OP-01-t-o-podmiana.jpg","type":"image\/jpeg"}],"twitter_misc":{"Price":"350.00&nbsp;MDL","Availability":"Out of stock"},"schema":{"@context":"https:\/\/schema.org","@graph":[{"@type":"WebPage","@id":"https:\/\/hub.ortopedie.md\/shop\/orteza-la-degetul-mare-am-op-01\/","url":"https:\/\/hub.ortopedie.md\/shop\/orteza-la-degetul-mare-am-op-01\/","name":"Ortez\u0103 pentru degetul mare AM-OP-01 - HUB Ortopedie","isPartOf":{"@id":"https:\/\/hub.ortopedie.md\/#website"},"primaryImageOfPage":{"@id":"https:\/\/hub.ortopedie.md\/shop\/orteza-la-degetul-mare-am-op-01\/#primaryimage"},"image":{"@id":"https:\/\/hub.ortopedie.md\/shop\/orteza-la-degetul-mare-am-op-01\/#primaryimage"},"thumbnailUrl":"https:\/\/hub.ortopedie.md\/wp-content\/uploads\/2018\/08\/AM-OP-01-t-o-podmiana.jpg","datePublished":"2018-08-07T11:13:41+00:00","dateModified":"2023-08-03T11:28:57+00:00","description":"Ortez\u0103 pentru degetul mare AM-OP-01, bursita getului mare este o batatura\u00a0\u00een zona de articulare a degetului mare \u0219i a picioarelor.","breadcrumb":{"@id":"https:\/\/hub.ortopedie.md\/shop\/orteza-la-degetul-mare-am-op-01\/#breadcrumb"},"inLanguage":"en-US","potentialAction":[{"@type":"ReadAction","target":["https:\/\/hub.ortopedie.md\/shop\/orteza-la-degetul-mare-am-op-01\/"]}]},{"@type":"ImageObject","inLanguage":"en-US","@id":"https:\/\/hub.ortopedie.md\/shop\/orteza-la-degetul-mare-am-op-01\/#primaryimage","url":"https:\/\/hub.ortopedie.md\/wp-content\/uploads\/2018\/08\/AM-OP-01-t-o-podmiana.jpg","contentUrl":"https:\/\/hub.ortopedie.md\/wp-content\/uploads\/2018\/08\/AM-OP-01-t-o-podmiana.jpg","width":645,"height":430},{"@type":"BreadcrumbList","@id":"https:\/\/hub.ortopedie.md\/shop\/orteza-la-degetul-mare-am-op-01\/#breadcrumb","itemListElement":[{"@type":"ListItem","position":1,"name":"Prima pagin\u0103","item":"https:\/\/hub.ortopedie.md\/en\/"},{"@type":"ListItem","position":2,"name":"Produse","item":"https:\/\/hub.ortopedie.md\/shop\/"},{"@type":"ListItem","position":3,"name":"Ortez\u0103 pentru degetul mare AM-OP-01"}]},{"@type":"WebSite","@id":"https:\/\/hub.ortopedie.md\/#website","url":"https:\/\/hub.ortopedie.md\/","name":"Hub Ortopedie - Magazin ortopedic. \u041e\u0440\u0442\u043e\u043f\u0435\u0434\u0438\u0447\u0435\u0441\u043a\u0438\u0439 \u043c\u0430\u0433\u0430\u0437\u0438\u043d","description":"S\u0103n\u0103tate, confort, calitate","publisher":{"@id":"https:\/\/hub.ortopedie.md\/#organization"},"potentialAction":[{"@type":"SearchAction","target":{"@type":"EntryPoint","urlTemplate":"https:\/\/hub.ortopedie.md\/?s={search_term_string}"},"query-input":{"@type":"PropertyValueSpecification","valueRequired":true,"valueName":"search_term_string"}}],"inLanguage":"en-US"},{"@type":"Organization","@id":"https:\/\/hub.ortopedie.md\/#organization","name":"HUB ORTOPEDIE","url":"https:\/\/hub.ortopedie.md\/","logo":{"@type":"ImageObject","inLanguage":"en-US","@id":"https:\/\/hub.ortopedie.md\/#\/schema\/logo\/image\/","url":"https:\/\/hub.ortopedie.md\/wp-content\/uploads\/2018\/01\/hub-logo.png","contentUrl":"https:\/\/hub.ortopedie.md\/wp-content\/uploads\/2018\/01\/hub-logo.png","width":124,"height":90,"caption":"HUB ORTOPEDIE"},"image":{"@id":"https:\/\/hub.ortopedie.md\/#\/schema\/logo\/image\/"},"sameAs":["https:\/\/www.facebook.com\/ORTOPEDIE.MD\/","https:\/\/www.instagram.com\/hub_ortopedie\/"]}]},"product_price_amount":"350.00","product_price_currency":"MDL","og_availability":"out of stock","product_availability":"out of stock","product_condition":"new"},"jetpack_sharing_enabled":true,"brands":[{"id":273,"name":"REH4MAT","slug":"reh4mat"}],"_links":{"self":[{"href":"https:\/\/hub.ortopedie.md\/en\/wp-json\/wp\/v2\/product\/3540","targetHints":{"allow":["GET"]}}],"collection":[{"href":"https:\/\/hub.ortopedie.md\/en\/wp-json\/wp\/v2\/product"}],"about":[{"href":"https:\/\/hub.ortopedie.md\/en\/wp-json\/wp\/v2\/types\/product"}],"wp:featuredmedia":[{"embeddable":true,"href":"https:\/\/hub.ortopedie.md\/en\/wp-json\/wp\/v2\/media\/3544"}],"wp:attachment":[{"href":"https:\/\/hub.ortopedie.md\/en\/wp-json\/wp\/v2\/media?parent=3540"}],"wp:term":[{"taxonomy":"pwb-brand","embeddable":true,"href":"https:\/\/hub.ortopedie.md\/en\/wp-json\/wp\/v2\/pwb-brand?post=3540"},{"taxonomy":"product_brand","embeddable":true,"href":"https:\/\/hub.ortopedie.md\/en\/wp-json\/wp\/v2\/product_brand?post=3540"},{"taxonomy":"product_cat","embeddable":true,"href":"https:\/\/hub.ortopedie.md\/en\/wp-json\/wp\/v2\/product_cat?post=3540"},{"taxonomy":"product_tag","embeddable":true,"href":"https:\/\/hub.ortopedie.md\/en\/wp-json\/wp\/v2\/product_tag?post=3540"}],"curies":[{"name":"wp","href":"https:\/\/api.w.org\/{rel}","templated":true}]}}