{"id":3547,"date":"2018-08-07T11:49:37","date_gmt":"2018-08-07T11:49:37","guid":{"rendered":"https:\/\/hub.ortopedie.md\/?post_type=product&#038;p=3547"},"modified":"2018-11-12T10:50:48","modified_gmt":"2018-11-12T10:50:48","slug":"orteza-pe-glezna-am-oss-03","status":"publish","type":"product","link":"https:\/\/hub.ortopedie.md\/en\/shop\/orteza-pe-glezna-am-oss-03\/","title":{"rendered":"Ortez\u0103 pentru glezna AM-OSS-03"},"content":{"rendered":"<p>Orteza pentru glezna AM-OSS-03 se folose\u0219te dupa trauma, luxa\u021bie sau opera\u021bie.<\/p>\n<p><strong>Tipuri de entorse ale gleznei:<\/strong><\/p>\n<div class=\"clear\">\n<div class=\"clear\"><strong><img decoding=\"async\" class=\"alignnone wp-image-3552 size-full\" src=\"https:\/\/hub.ortopedie.md\/wp-content\/uploads\/2018\/08\/1-en-630x324.jpg\" alt=\"\" width=\"630\" height=\"324\" srcset=\"https:\/\/hub.ortopedie.md\/wp-content\/uploads\/2018\/08\/1-en-630x324-200x103.jpg 200w, https:\/\/hub.ortopedie.md\/wp-content\/uploads\/2018\/08\/1-en-630x324-300x154.jpg 300w, https:\/\/hub.ortopedie.md\/wp-content\/uploads\/2018\/08\/1-en-630x324-400x206.jpg 400w, https:\/\/hub.ortopedie.md\/wp-content\/uploads\/2018\/08\/1-en-630x324-500x257.jpg 500w, https:\/\/hub.ortopedie.md\/wp-content\/uploads\/2018\/08\/1-en-630x324-600x309.jpg 600w, https:\/\/hub.ortopedie.md\/wp-content\/uploads\/2018\/08\/1-en-630x324.jpg 630w\" sizes=\"(max-width: 630px) 100vw, 630px\" \/><\/strong><\/div>\n<div>Inversiunea &#8211; cea mai comun\u0103 leziune a articula\u021biei &#8211; \u00eendoirea piciorului \u00een interior. Atunci c\u00e2nd acest lucru se produce la trac\u021biune sau rupe ligamentele pe partea exterioar\u0103 a gleznei.<\/div>\n<div><\/div>\n<\/div>\n<div><strong><img decoding=\"async\" class=\"alignnone wp-image-3553 size-full\" src=\"https:\/\/hub.ortopedie.md\/wp-content\/uploads\/2018\/08\/2-en-630x324.jpg\" alt=\"\" width=\"630\" height=\"324\" srcset=\"https:\/\/hub.ortopedie.md\/wp-content\/uploads\/2018\/08\/2-en-630x324-200x103.jpg 200w, https:\/\/hub.ortopedie.md\/wp-content\/uploads\/2018\/08\/2-en-630x324-300x154.jpg 300w, https:\/\/hub.ortopedie.md\/wp-content\/uploads\/2018\/08\/2-en-630x324-400x206.jpg 400w, https:\/\/hub.ortopedie.md\/wp-content\/uploads\/2018\/08\/2-en-630x324-500x257.jpg 500w, https:\/\/hub.ortopedie.md\/wp-content\/uploads\/2018\/08\/2-en-630x324-600x309.jpg 600w, https:\/\/hub.ortopedie.md\/wp-content\/uploads\/2018\/08\/2-en-630x324.jpg 630w\" sizes=\"(max-width: 630px) 100vw, 630px\" \/><\/strong><\/div>\n<div>Inversarea piciorului (piciorul este legat cu talpa) &#8211; acest tip de leziune se \u00eent\u00eempl\u0103 rar. \u00cen acest caz, ligamentele sunt deteriorate din partea interia a gleznei.<\/div>\n<div><\/div>\n<div><strong><img decoding=\"async\" class=\"alignnone wp-image-3548 size-full\" src=\"https:\/\/hub.ortopedie.md\/wp-content\/uploads\/2018\/08\/3-en-630x350.jpg\" alt=\"\" width=\"630\" height=\"350\" srcset=\"https:\/\/hub.ortopedie.md\/wp-content\/uploads\/2018\/08\/3-en-630x350-200x111.jpg 200w, https:\/\/hub.ortopedie.md\/wp-content\/uploads\/2018\/08\/3-en-630x350-300x167.jpg 300w, https:\/\/hub.ortopedie.md\/wp-content\/uploads\/2018\/08\/3-en-630x350-400x222.jpg 400w, https:\/\/hub.ortopedie.md\/wp-content\/uploads\/2018\/08\/3-en-630x350-500x278.jpg 500w, https:\/\/hub.ortopedie.md\/wp-content\/uploads\/2018\/08\/3-en-630x350-600x333.jpg 600w, https:\/\/hub.ortopedie.md\/wp-content\/uploads\/2018\/08\/3-en-630x350.jpg 630w\" sizes=\"(max-width: 630px) 100vw, 630px\" \/><\/strong><\/div>\n<div>Luxa\u021bie de sus a gleznei &#8211; aceast\u0103 traum\u0103 poate ap\u0103rea numai atunci c\u00e2nd sari de la o \u00een\u0103l\u021bime suficient\u0103 (este extrem de rar\u0103).<\/div>\n<div>\n<h2>Precau\u0163ii\u00a0de utilizare<\/h2>\n<p>&#8211; dup\u0103 traum\u0103 articula\u021biei gleznei (blocare \u0219i dislocare, fracturi) care nu necesit\u0103 imobilizare rigid\u0103<br \/>\n&#8211; \u00een etapa final\u0103 a tratamentului dup\u0103 fractur\u0103<br \/>\n&#8211; dup\u0103 opera\u021bie<br \/>\n&#8211; instabilitatea articula\u021biei gleznei<br \/>\n&#8211; modific\u0103ri degenerative ale articula\u021biei gleznei<br \/>\n&#8211; profilactic \u00een timpul activit\u0103\u021bii fizice<\/p>\n<\/div>\n<div>\n<h2>Tabel cu dimensiuni<\/h2>\n<table border=\"0\" cellspacing=\"0\">\n<thead>\n<tr>\n<td>Marime<\/td>\n<td>Circumferinta prin c\u0103lc\u00e2iul<\/td>\n<td>Metoda de m\u0103surare<\/td>\n<\/tr>\n<\/thead>\n<colgroup width=\"205\"><\/colgroup>\n<colgroup width=\"204\"><\/colgroup>\n<tbody>\n<tr>\n<td>S<\/td>\n<td>27-30 cm<\/td>\n<td rowspan=\"5\"><img decoding=\"async\" class=\"alignnone size-full wp-image-3554\" src=\"https:\/\/hub.ortopedie.md\/wp-content\/uploads\/2018\/08\/obwod-przez-piete-1.png\" alt=\"\" width=\"250\" height=\"250\" srcset=\"https:\/\/hub.ortopedie.md\/wp-content\/uploads\/2018\/08\/obwod-przez-piete-1-66x66.png 66w, https:\/\/hub.ortopedie.md\/wp-content\/uploads\/2018\/08\/obwod-przez-piete-1-100x100.png 100w, https:\/\/hub.ortopedie.md\/wp-content\/uploads\/2018\/08\/obwod-przez-piete-1-150x150.png 150w, https:\/\/hub.ortopedie.md\/wp-content\/uploads\/2018\/08\/obwod-przez-piete-1-200x200.png 200w, https:\/\/hub.ortopedie.md\/wp-content\/uploads\/2018\/08\/obwod-przez-piete-1.png 250w\" sizes=\"(max-width: 250px) 100vw, 250px\" \/><\/td>\n<\/tr>\n<tr>\n<td>M<\/td>\n<td>30-33 cm<\/td>\n<\/tr>\n<tr>\n<td>L<\/td>\n<td>33-36 cm<\/td>\n<\/tr>\n<tr>\n<td>XL<\/td>\n<td>36-39 cm<\/td>\n<\/tr>\n<tr>\n<td>XXL<\/td>\n<td>39-41 cm<\/td>\n<\/tr>\n<\/tbody>\n<\/table>\n<\/div>\n","protected":false},"excerpt":{"rendered":"<p>Orteza pentru glezna AM-OSS-03 se folose\u0219te dupa trauma, luxa\u021bie sau  [&#8230;]<\/p>\n","protected":false},"featured_media":3550,"template":"","meta":[],"pwb-brand":[273],"product_brand":[],"product_cat":[18],"product_tag":[],"class_list":{"0":"post-3547","1":"product","2":"type-product","3":"status-publish","4":"has-post-thumbnail","6":"pwb-brand-reh4mat","7":"product_cat-orteze","9":"first","10":"instock","11":"shipping-taxable","12":"purchasable","13":"product-type-simple"},"yoast_head":"<!-- This site is optimized with the Yoast SEO Premium plugin v18.3 (Yoast SEO v27.4) - https:\/\/yoast.com\/product\/yoast-seo-premium-wordpress\/ -->\n<title>Ortez\u0103 pentru glezna AM-OSS-03 Or - HUB Ortopedie<\/title>\n<meta name=\"description\" content=\"Ortez\u0103 pentru glezna AM-OSS-03 se folose\u0219te dac\u0103 piciorul a suferit luxa\u021bie, dupa opera\u021bie sau fractur\u0103. Vezi mai multe modele pe site sau viziteaz\u0103 Str. M. Varlaam 69, Chi\u0219in\u0103u\" \/>\n<meta name=\"robots\" content=\"index, follow, max-snippet:-1, max-image-preview:large, max-video-preview:-1\" \/>\n<link rel=\"canonical\" href=\"https:\/\/hub.ortopedie.md\/en\/shop\/orteza-pe-glezna-am-oss-03\/\" \/>\n<meta property=\"og:locale\" content=\"en_US\" \/>\n<meta property=\"og:type\" content=\"article\" \/>\n<meta property=\"og:title\" content=\"Ortez\u0103 pentru glezna AM-OSS-03\" \/>\n<meta property=\"og:description\" content=\"Ortez\u0103 pentru glezna AM-OSS-03 se folose\u0219te dac\u0103 piciorul a suferit luxa\u021bie, dupa opera\u021bie sau fractur\u0103. Vezi mai multe modele pe site sau viziteaz\u0103 Str. M. Varlaam 69, Chi\u0219in\u0103u\" \/>\n<meta property=\"og:url\" content=\"https:\/\/hub.ortopedie.md\/shop\/orteza-pe-glezna-am-oss-03\/\" \/>\n<meta property=\"og:site_name\" content=\"Hub Ortopedie - Magazin ortopedic. \u041e\u0440\u0442\u043e\u043f\u0435\u0434\u0438\u0447\u0435\u0441\u043a\u0438\u0439 \u043c\u0430\u0433\u0430\u0437\u0438\u043d\" \/>\n<meta property=\"article:publisher\" content=\"https:\/\/www.facebook.com\/ORTOPEDIE.MD\/\" \/>\n<meta property=\"article:modified_time\" content=\"2018-11-12T10:50:48+00:00\" \/>\n<meta property=\"og:image\" content=\"https:\/\/hub.ortopedie.md\/wp-content\/uploads\/2018\/08\/AM-OSS-03-tlo1.jpg\" \/>\n\t<meta property=\"og:image:width\" content=\"645\" \/>\n\t<meta property=\"og:image:height\" content=\"430\" \/>\n\t<meta property=\"og:image:type\" content=\"image\/jpeg\" \/>\n<meta name=\"twitter:label1\" content=\"Price\" \/>\n\t<meta name=\"twitter:data1\" content=\"680.00&nbsp;MDL\" \/>\n\t<meta name=\"twitter:label2\" content=\"Availability\" \/>\n\t<meta name=\"twitter:data2\" content=\"In stock\" \/>\n<script type=\"application\/ld+json\" class=\"yoast-schema-graph\">{\"@context\":\"https:\\\/\\\/schema.org\",\"@graph\":[{\"@type\":\"WebPage\",\"@id\":\"https:\\\/\\\/hub.ortopedie.md\\\/shop\\\/orteza-pe-glezna-am-oss-03\\\/\",\"url\":\"https:\\\/\\\/hub.ortopedie.md\\\/shop\\\/orteza-pe-glezna-am-oss-03\\\/\",\"name\":\"Ortez\u0103 pentru glezna AM-OSS-03 Or - HUB Ortopedie\",\"isPartOf\":{\"@id\":\"https:\\\/\\\/hub.ortopedie.md\\\/#website\"},\"primaryImageOfPage\":{\"@id\":\"https:\\\/\\\/hub.ortopedie.md\\\/shop\\\/orteza-pe-glezna-am-oss-03\\\/#primaryimage\"},\"image\":{\"@id\":\"https:\\\/\\\/hub.ortopedie.md\\\/shop\\\/orteza-pe-glezna-am-oss-03\\\/#primaryimage\"},\"thumbnailUrl\":\"https:\\\/\\\/hub.ortopedie.md\\\/wp-content\\\/uploads\\\/2018\\\/08\\\/AM-OSS-03-tlo1.jpg\",\"datePublished\":\"2018-08-07T11:49:37+00:00\",\"dateModified\":\"2018-11-12T10:50:48+00:00\",\"description\":\"Ortez\u0103 pentru glezna AM-OSS-03 se folose\u0219te dac\u0103 piciorul a suferit luxa\u021bie, dupa opera\u021bie sau fractur\u0103. Vezi mai multe modele pe site sau viziteaz\u0103 Str. M. Varlaam 69, Chi\u0219in\u0103u\",\"breadcrumb\":{\"@id\":\"https:\\\/\\\/hub.ortopedie.md\\\/shop\\\/orteza-pe-glezna-am-oss-03\\\/#breadcrumb\"},\"inLanguage\":\"en-US\",\"potentialAction\":[{\"@type\":\"ReadAction\",\"target\":[\"https:\\\/\\\/hub.ortopedie.md\\\/shop\\\/orteza-pe-glezna-am-oss-03\\\/\"]}]},{\"@type\":\"ImageObject\",\"inLanguage\":\"en-US\",\"@id\":\"https:\\\/\\\/hub.ortopedie.md\\\/shop\\\/orteza-pe-glezna-am-oss-03\\\/#primaryimage\",\"url\":\"https:\\\/\\\/hub.ortopedie.md\\\/wp-content\\\/uploads\\\/2018\\\/08\\\/AM-OSS-03-tlo1.jpg\",\"contentUrl\":\"https:\\\/\\\/hub.ortopedie.md\\\/wp-content\\\/uploads\\\/2018\\\/08\\\/AM-OSS-03-tlo1.jpg\",\"width\":645,\"height\":430},{\"@type\":\"BreadcrumbList\",\"@id\":\"https:\\\/\\\/hub.ortopedie.md\\\/shop\\\/orteza-pe-glezna-am-oss-03\\\/#breadcrumb\",\"itemListElement\":[{\"@type\":\"ListItem\",\"position\":1,\"name\":\"Prima pagin\u0103\",\"item\":\"https:\\\/\\\/hub.ortopedie.md\\\/en\\\/\"},{\"@type\":\"ListItem\",\"position\":2,\"name\":\"Produse\",\"item\":\"https:\\\/\\\/hub.ortopedie.md\\\/shop\\\/\"},{\"@type\":\"ListItem\",\"position\":3,\"name\":\"Ortez\u0103 pentru glezna AM-OSS-03\"}]},{\"@type\":\"WebSite\",\"@id\":\"https:\\\/\\\/hub.ortopedie.md\\\/#website\",\"url\":\"https:\\\/\\\/hub.ortopedie.md\\\/\",\"name\":\"Hub Ortopedie - Magazin ortopedic. \u041e\u0440\u0442\u043e\u043f\u0435\u0434\u0438\u0447\u0435\u0441\u043a\u0438\u0439 \u043c\u0430\u0433\u0430\u0437\u0438\u043d\",\"description\":\"S\u0103n\u0103tate, confort, calitate\",\"publisher\":{\"@id\":\"https:\\\/\\\/hub.ortopedie.md\\\/#organization\"},\"potentialAction\":[{\"@type\":\"SearchAction\",\"target\":{\"@type\":\"EntryPoint\",\"urlTemplate\":\"https:\\\/\\\/hub.ortopedie.md\\\/?s={search_term_string}\"},\"query-input\":{\"@type\":\"PropertyValueSpecification\",\"valueRequired\":true,\"valueName\":\"search_term_string\"}}],\"inLanguage\":\"en-US\"},{\"@type\":\"Organization\",\"@id\":\"https:\\\/\\\/hub.ortopedie.md\\\/#organization\",\"name\":\"HUB ORTOPEDIE\",\"url\":\"https:\\\/\\\/hub.ortopedie.md\\\/\",\"logo\":{\"@type\":\"ImageObject\",\"inLanguage\":\"en-US\",\"@id\":\"https:\\\/\\\/hub.ortopedie.md\\\/#\\\/schema\\\/logo\\\/image\\\/\",\"url\":\"https:\\\/\\\/hub.ortopedie.md\\\/wp-content\\\/uploads\\\/2018\\\/01\\\/hub-logo.png\",\"contentUrl\":\"https:\\\/\\\/hub.ortopedie.md\\\/wp-content\\\/uploads\\\/2018\\\/01\\\/hub-logo.png\",\"width\":124,\"height\":90,\"caption\":\"HUB ORTOPEDIE\"},\"image\":{\"@id\":\"https:\\\/\\\/hub.ortopedie.md\\\/#\\\/schema\\\/logo\\\/image\\\/\"},\"sameAs\":[\"https:\\\/\\\/www.facebook.com\\\/ORTOPEDIE.MD\\\/\",\"https:\\\/\\\/www.instagram.com\\\/hub_ortopedie\\\/\"]}]}<\/script>\n<meta property=\"product:price:amount\" content=\"680.00\" \/>\n<meta property=\"product:price:currency\" content=\"MDL\" \/>\n<meta property=\"og:availability\" content=\"instock\" \/>\n<meta property=\"product:availability\" content=\"instock\" \/>\n<meta property=\"product:condition\" content=\"new\" \/>\n<!-- \/ Yoast SEO Premium plugin. -->","yoast_head_json":{"title":"Ortez\u0103 pentru glezna AM-OSS-03 Or - HUB Ortopedie","description":"Ortez\u0103 pentru glezna AM-OSS-03 se folose\u0219te dac\u0103 piciorul a suferit luxa\u021bie, dupa opera\u021bie sau fractur\u0103. Vezi mai multe modele pe site sau viziteaz\u0103 Str. M. Varlaam 69, Chi\u0219in\u0103u","robots":{"index":"index","follow":"follow","max-snippet":"max-snippet:-1","max-image-preview":"max-image-preview:large","max-video-preview":"max-video-preview:-1"},"canonical":"https:\/\/hub.ortopedie.md\/en\/shop\/orteza-pe-glezna-am-oss-03\/","og_locale":"en_US","og_type":"article","og_title":"Ortez\u0103 pentru glezna AM-OSS-03","og_description":"Ortez\u0103 pentru glezna AM-OSS-03 se folose\u0219te dac\u0103 piciorul a suferit luxa\u021bie, dupa opera\u021bie sau fractur\u0103. Vezi mai multe modele pe site sau viziteaz\u0103 Str. M. Varlaam 69, Chi\u0219in\u0103u","og_url":"https:\/\/hub.ortopedie.md\/shop\/orteza-pe-glezna-am-oss-03\/","og_site_name":"Hub Ortopedie - Magazin ortopedic. \u041e\u0440\u0442\u043e\u043f\u0435\u0434\u0438\u0447\u0435\u0441\u043a\u0438\u0439 \u043c\u0430\u0433\u0430\u0437\u0438\u043d","article_publisher":"https:\/\/www.facebook.com\/ORTOPEDIE.MD\/","article_modified_time":"2018-11-12T10:50:48+00:00","og_image":[{"width":645,"height":430,"url":"https:\/\/hub.ortopedie.md\/wp-content\/uploads\/2018\/08\/AM-OSS-03-tlo1.jpg","type":"image\/jpeg"}],"twitter_misc":{"Price":"680.00&nbsp;MDL","Availability":"In stock"},"schema":{"@context":"https:\/\/schema.org","@graph":[{"@type":"WebPage","@id":"https:\/\/hub.ortopedie.md\/shop\/orteza-pe-glezna-am-oss-03\/","url":"https:\/\/hub.ortopedie.md\/shop\/orteza-pe-glezna-am-oss-03\/","name":"Ortez\u0103 pentru glezna AM-OSS-03 Or - HUB Ortopedie","isPartOf":{"@id":"https:\/\/hub.ortopedie.md\/#website"},"primaryImageOfPage":{"@id":"https:\/\/hub.ortopedie.md\/shop\/orteza-pe-glezna-am-oss-03\/#primaryimage"},"image":{"@id":"https:\/\/hub.ortopedie.md\/shop\/orteza-pe-glezna-am-oss-03\/#primaryimage"},"thumbnailUrl":"https:\/\/hub.ortopedie.md\/wp-content\/uploads\/2018\/08\/AM-OSS-03-tlo1.jpg","datePublished":"2018-08-07T11:49:37+00:00","dateModified":"2018-11-12T10:50:48+00:00","description":"Ortez\u0103 pentru glezna AM-OSS-03 se folose\u0219te dac\u0103 piciorul a suferit luxa\u021bie, dupa opera\u021bie sau fractur\u0103. Vezi mai multe modele pe site sau viziteaz\u0103 Str. M. Varlaam 69, Chi\u0219in\u0103u","breadcrumb":{"@id":"https:\/\/hub.ortopedie.md\/shop\/orteza-pe-glezna-am-oss-03\/#breadcrumb"},"inLanguage":"en-US","potentialAction":[{"@type":"ReadAction","target":["https:\/\/hub.ortopedie.md\/shop\/orteza-pe-glezna-am-oss-03\/"]}]},{"@type":"ImageObject","inLanguage":"en-US","@id":"https:\/\/hub.ortopedie.md\/shop\/orteza-pe-glezna-am-oss-03\/#primaryimage","url":"https:\/\/hub.ortopedie.md\/wp-content\/uploads\/2018\/08\/AM-OSS-03-tlo1.jpg","contentUrl":"https:\/\/hub.ortopedie.md\/wp-content\/uploads\/2018\/08\/AM-OSS-03-tlo1.jpg","width":645,"height":430},{"@type":"BreadcrumbList","@id":"https:\/\/hub.ortopedie.md\/shop\/orteza-pe-glezna-am-oss-03\/#breadcrumb","itemListElement":[{"@type":"ListItem","position":1,"name":"Prima pagin\u0103","item":"https:\/\/hub.ortopedie.md\/en\/"},{"@type":"ListItem","position":2,"name":"Produse","item":"https:\/\/hub.ortopedie.md\/shop\/"},{"@type":"ListItem","position":3,"name":"Ortez\u0103 pentru glezna AM-OSS-03"}]},{"@type":"WebSite","@id":"https:\/\/hub.ortopedie.md\/#website","url":"https:\/\/hub.ortopedie.md\/","name":"Hub Ortopedie - Magazin ortopedic. \u041e\u0440\u0442\u043e\u043f\u0435\u0434\u0438\u0447\u0435\u0441\u043a\u0438\u0439 \u043c\u0430\u0433\u0430\u0437\u0438\u043d","description":"S\u0103n\u0103tate, confort, calitate","publisher":{"@id":"https:\/\/hub.ortopedie.md\/#organization"},"potentialAction":[{"@type":"SearchAction","target":{"@type":"EntryPoint","urlTemplate":"https:\/\/hub.ortopedie.md\/?s={search_term_string}"},"query-input":{"@type":"PropertyValueSpecification","valueRequired":true,"valueName":"search_term_string"}}],"inLanguage":"en-US"},{"@type":"Organization","@id":"https:\/\/hub.ortopedie.md\/#organization","name":"HUB ORTOPEDIE","url":"https:\/\/hub.ortopedie.md\/","logo":{"@type":"ImageObject","inLanguage":"en-US","@id":"https:\/\/hub.ortopedie.md\/#\/schema\/logo\/image\/","url":"https:\/\/hub.ortopedie.md\/wp-content\/uploads\/2018\/01\/hub-logo.png","contentUrl":"https:\/\/hub.ortopedie.md\/wp-content\/uploads\/2018\/01\/hub-logo.png","width":124,"height":90,"caption":"HUB ORTOPEDIE"},"image":{"@id":"https:\/\/hub.ortopedie.md\/#\/schema\/logo\/image\/"},"sameAs":["https:\/\/www.facebook.com\/ORTOPEDIE.MD\/","https:\/\/www.instagram.com\/hub_ortopedie\/"]}]},"product_price_amount":"680.00","product_price_currency":"MDL","og_availability":"instock","product_availability":"instock","product_condition":"new"},"jetpack_sharing_enabled":true,"brands":[{"id":273,"name":"REH4MAT","slug":"reh4mat"}],"_links":{"self":[{"href":"https:\/\/hub.ortopedie.md\/en\/wp-json\/wp\/v2\/product\/3547","targetHints":{"allow":["GET"]}}],"collection":[{"href":"https:\/\/hub.ortopedie.md\/en\/wp-json\/wp\/v2\/product"}],"about":[{"href":"https:\/\/hub.ortopedie.md\/en\/wp-json\/wp\/v2\/types\/product"}],"wp:featuredmedia":[{"embeddable":true,"href":"https:\/\/hub.ortopedie.md\/en\/wp-json\/wp\/v2\/media\/3550"}],"wp:attachment":[{"href":"https:\/\/hub.ortopedie.md\/en\/wp-json\/wp\/v2\/media?parent=3547"}],"wp:term":[{"taxonomy":"pwb-brand","embeddable":true,"href":"https:\/\/hub.ortopedie.md\/en\/wp-json\/wp\/v2\/pwb-brand?post=3547"},{"taxonomy":"product_brand","embeddable":true,"href":"https:\/\/hub.ortopedie.md\/en\/wp-json\/wp\/v2\/product_brand?post=3547"},{"taxonomy":"product_cat","embeddable":true,"href":"https:\/\/hub.ortopedie.md\/en\/wp-json\/wp\/v2\/product_cat?post=3547"},{"taxonomy":"product_tag","embeddable":true,"href":"https:\/\/hub.ortopedie.md\/en\/wp-json\/wp\/v2\/product_tag?post=3547"}],"curies":[{"name":"wp","href":"https:\/\/api.w.org\/{rel}","templated":true}]}}