{"id":3573,"date":"2018-08-08T08:06:12","date_gmt":"2018-08-08T08:06:12","guid":{"rendered":"https:\/\/hub.ortopedie.md\/?post_type=product&#038;p=3573"},"modified":"2023-08-03T11:27:45","modified_gmt":"2023-08-03T11:27:45","slug":"orteza-pentru-genunchi-as-sk-02","status":"publish","type":"product","link":"https:\/\/hub.ortopedie.md\/en\/shop\/orteza-pentru-genunchi-as-sk-02\/","title":{"rendered":"Ortez\u0103 pentru genunchi AS-SK-02"},"content":{"rendered":"<div class=\"clear\">\n<p>Ortez\u0103 pentru genunchi AS-SK-02 fabricat din material CottonPren.<\/p>\n<\/div>\n<p>&nbsp;<\/p>\n<div class=\"clear\">\n<p><img decoding=\"async\" class=\"wp-image-3577 size-600 aligncenter\" src=\"https:\/\/hub.ortopedie.md\/wp-content\/uploads\/2018\/08\/cotton-pren-ru-600x311.jpg\" alt=\"\" width=\"600\" height=\"311\" srcset=\"https:\/\/hub.ortopedie.md\/wp-content\/uploads\/2018\/08\/cotton-pren-ru-200x104.jpg 200w, https:\/\/hub.ortopedie.md\/wp-content\/uploads\/2018\/08\/cotton-pren-ru-300x155.jpg 300w, https:\/\/hub.ortopedie.md\/wp-content\/uploads\/2018\/08\/cotton-pren-ru-400x207.jpg 400w, https:\/\/hub.ortopedie.md\/wp-content\/uploads\/2018\/08\/cotton-pren-ru-500x259.jpg 500w, https:\/\/hub.ortopedie.md\/wp-content\/uploads\/2018\/08\/cotton-pren-ru-600x311.jpg 600w, https:\/\/hub.ortopedie.md\/wp-content\/uploads\/2018\/08\/cotton-pren-ru.jpg 645w\" sizes=\"(max-width: 600px) 100vw, 600px\" \/><\/p>\n<p>Orteza are o construc\u021bie special care stabilizeaz\u0103 patella \u0219i amelioreaz\u0103 articula\u021bia genunchiului.<\/p>\n<h2>Tabel cu dimensiuni<\/h2>\n<table border=\"0\" cellspacing=\"0\">\n<thead>\n<tr>\n<td>Marime<\/td>\n<td>Circumferinta genunchiului<\/td>\n<td>Metoda de m\u0103surare<\/td>\n<\/tr>\n<\/thead>\n<tbody>\n<tr>\n<td>S<\/td>\n<td>30-34 cm<\/td>\n<td rowspan=\"6\"><img decoding=\"async\" class=\"aligncenter wp-image-3572 size-thumbnail\" src=\"https:\/\/hub.ortopedie.md\/wp-content\/uploads\/2018\/08\/kolano--150x150.png\" alt=\"\" width=\"150\" height=\"150\" srcset=\"https:\/\/hub.ortopedie.md\/wp-content\/uploads\/2018\/08\/kolano--66x66.png 66w, https:\/\/hub.ortopedie.md\/wp-content\/uploads\/2018\/08\/kolano--100x100.png 100w, https:\/\/hub.ortopedie.md\/wp-content\/uploads\/2018\/08\/kolano--150x150.png 150w, https:\/\/hub.ortopedie.md\/wp-content\/uploads\/2018\/08\/kolano--200x200.png 200w, https:\/\/hub.ortopedie.md\/wp-content\/uploads\/2018\/08\/kolano-.png 250w\" sizes=\"(max-width: 150px) 100vw, 150px\" \/><\/td>\n<\/tr>\n<tr>\n<td>M<\/td>\n<td>34,5-38 cm<\/td>\n<\/tr>\n<tr>\n<td>L<\/td>\n<td>38,5-42 cm<\/td>\n<\/tr>\n<tr>\n<td>XL<\/td>\n<td>42,5-46 cm<\/td>\n<\/tr>\n<tr>\n<td>XXL<\/td>\n<td>46,5-50 cm<\/td>\n<\/tr>\n<tr>\n<td>XXXL<\/td>\n<td>50,5-54 cm<\/td>\n<\/tr>\n<\/tbody>\n<\/table>\n<h2>Caracteristici speciale<\/h2>\n<p>Orteza stabilizeaz\u0103 patella, amelioreaz\u0103 articula\u021bia genunchiului \u0219i ligamentele, elibereaz\u0103 legamentele de fixare a mu\u0219chilor articula\u021biei genunchiului; prin men\u021binerea unei temperaturi stabile \u0219i a unei compresii elastice, are un efect analgezic, reduc\u00e2nd umflarea; contribuie la resorb\u021bia hematoamelor cauzate de leziuni.\u00a0Acest lucru v\u0103 permite s\u0103 reveni\u021bi rapid la antrenament. Efectueaz\u0103 o func\u021bie protectoare \u00een sporturile de contact. Indica\u021biile pentru utilizare \u0219i regulile de utilizare a ortei sunt determinate de medicul curant.<\/p>\n<h2>Precau\u021bii de utilizare<\/h2>\n<p>&#8211; dup\u0103 leziuni ale articula\u021biei, care sunt tratate prin metode tradi\u021bionale \u0219i chirurgicale (dup\u0103 fracturi ale patellei, tulpini ale mu\u0219chiului cvadriceps, dup\u0103 leziuni ale ligamentului patellar)<br \/>\n&#8211; cu modific\u0103ri degenerative \u00een articula\u021bie<br \/>\n&#8211; cu dureri post-traumatice complexe ale articula\u021biei genunchiului, cu modific\u0103ri inflamatorii \u0219i degenerative<br \/>\n&#8211; dup\u0103 tratamentul cu metode conservative \u0219i chirurgicale de fracturi ale patellei<br \/>\n&#8211; cu modific\u0103ri degenerative moderat severe \u0219i \/ sau instabilitate ale articula\u021biei<\/p>\n<\/div>\n","protected":false},"excerpt":{"rendered":"<p>Ortez\u0103 pentru genunchi AS-SK-02 fabricat din material CottonPren. &nbsp; Orteza  [&#8230;]<\/p>\n","protected":false},"featured_media":3575,"template":"","meta":[],"pwb-brand":[273],"product_brand":[],"product_cat":[18],"product_tag":[],"class_list":{"0":"post-3573","1":"product","2":"type-product","3":"status-publish","4":"has-post-thumbnail","6":"pwb-brand-reh4mat","7":"product_cat-orteze","9":"first","10":"instock","11":"shipping-taxable","12":"purchasable","13":"product-type-simple"},"yoast_head":"<!-- This site is optimized with the Yoast SEO Premium plugin v18.3 (Yoast SEO v27.4) - https:\/\/yoast.com\/product\/yoast-seo-premium-wordpress\/ -->\n<title>Ortez\u0103 pentru genunchi AS-SK-02 - HUB Ortopedie<\/title>\n<meta name=\"description\" content=\"Ortez\u0103 pentru genunchi AS-SK-02 fabricat din material CottonPren orteza stabilizeaz\u0103 patella, amelioreaz\u0103 articula\u021bia genunchiului \u0219i ligamentele\" \/>\n<meta name=\"robots\" content=\"index, follow, max-snippet:-1, max-image-preview:large, max-video-preview:-1\" \/>\n<link rel=\"canonical\" href=\"https:\/\/hub.ortopedie.md\/en\/shop\/orteza-pentru-genunchi-as-sk-02\/\" \/>\n<meta property=\"og:locale\" content=\"en_US\" \/>\n<meta property=\"og:type\" content=\"article\" \/>\n<meta property=\"og:title\" content=\"Ortez\u0103 pentru genunchi AS-SK-02\" \/>\n<meta property=\"og:description\" content=\"Ortez\u0103 pentru genunchi AS-SK-02 fabricat din material CottonPren orteza stabilizeaz\u0103 patella, amelioreaz\u0103 articula\u021bia genunchiului \u0219i ligamentele\" \/>\n<meta property=\"og:url\" content=\"https:\/\/hub.ortopedie.md\/shop\/orteza-pentru-genunchi-as-sk-02\/\" \/>\n<meta property=\"og:site_name\" content=\"Hub Ortopedie - Magazin ortopedic. \u041e\u0440\u0442\u043e\u043f\u0435\u0434\u0438\u0447\u0435\u0441\u043a\u0438\u0439 \u043c\u0430\u0433\u0430\u0437\u0438\u043d\" \/>\n<meta property=\"article:publisher\" content=\"https:\/\/www.facebook.com\/ORTOPEDIE.MD\/\" \/>\n<meta property=\"article:modified_time\" content=\"2023-08-03T11:27:45+00:00\" \/>\n<meta property=\"og:image\" content=\"https:\/\/hub.ortopedie.md\/wp-content\/uploads\/2018\/08\/AS-SK-02-tlo3.jpg\" \/>\n\t<meta property=\"og:image:width\" content=\"645\" \/>\n\t<meta property=\"og:image:height\" content=\"430\" \/>\n\t<meta property=\"og:image:type\" content=\"image\/jpeg\" \/>\n<meta name=\"twitter:label1\" content=\"Price\" \/>\n\t<meta name=\"twitter:data1\" content=\"500.00&nbsp;MDL\" \/>\n\t<meta name=\"twitter:label2\" content=\"Availability\" \/>\n\t<meta name=\"twitter:data2\" content=\"In stock\" \/>\n<script type=\"application\/ld+json\" class=\"yoast-schema-graph\">{\"@context\":\"https:\\\/\\\/schema.org\",\"@graph\":[{\"@type\":\"WebPage\",\"@id\":\"https:\\\/\\\/hub.ortopedie.md\\\/shop\\\/orteza-pentru-genunchi-as-sk-02\\\/\",\"url\":\"https:\\\/\\\/hub.ortopedie.md\\\/shop\\\/orteza-pentru-genunchi-as-sk-02\\\/\",\"name\":\"Ortez\u0103 pentru genunchi AS-SK-02 - HUB Ortopedie\",\"isPartOf\":{\"@id\":\"https:\\\/\\\/hub.ortopedie.md\\\/#website\"},\"primaryImageOfPage\":{\"@id\":\"https:\\\/\\\/hub.ortopedie.md\\\/shop\\\/orteza-pentru-genunchi-as-sk-02\\\/#primaryimage\"},\"image\":{\"@id\":\"https:\\\/\\\/hub.ortopedie.md\\\/shop\\\/orteza-pentru-genunchi-as-sk-02\\\/#primaryimage\"},\"thumbnailUrl\":\"https:\\\/\\\/hub.ortopedie.md\\\/wp-content\\\/uploads\\\/2018\\\/08\\\/AS-SK-02-tlo3.jpg\",\"datePublished\":\"2018-08-08T08:06:12+00:00\",\"dateModified\":\"2023-08-03T11:27:45+00:00\",\"description\":\"Ortez\u0103 pentru genunchi AS-SK-02 fabricat din material CottonPren orteza stabilizeaz\u0103 patella, amelioreaz\u0103 articula\u021bia genunchiului \u0219i ligamentele\",\"breadcrumb\":{\"@id\":\"https:\\\/\\\/hub.ortopedie.md\\\/shop\\\/orteza-pentru-genunchi-as-sk-02\\\/#breadcrumb\"},\"inLanguage\":\"en-US\",\"potentialAction\":[{\"@type\":\"ReadAction\",\"target\":[\"https:\\\/\\\/hub.ortopedie.md\\\/shop\\\/orteza-pentru-genunchi-as-sk-02\\\/\"]}]},{\"@type\":\"ImageObject\",\"inLanguage\":\"en-US\",\"@id\":\"https:\\\/\\\/hub.ortopedie.md\\\/shop\\\/orteza-pentru-genunchi-as-sk-02\\\/#primaryimage\",\"url\":\"https:\\\/\\\/hub.ortopedie.md\\\/wp-content\\\/uploads\\\/2018\\\/08\\\/AS-SK-02-tlo3.jpg\",\"contentUrl\":\"https:\\\/\\\/hub.ortopedie.md\\\/wp-content\\\/uploads\\\/2018\\\/08\\\/AS-SK-02-tlo3.jpg\",\"width\":645,\"height\":430},{\"@type\":\"BreadcrumbList\",\"@id\":\"https:\\\/\\\/hub.ortopedie.md\\\/shop\\\/orteza-pentru-genunchi-as-sk-02\\\/#breadcrumb\",\"itemListElement\":[{\"@type\":\"ListItem\",\"position\":1,\"name\":\"Prima pagin\u0103\",\"item\":\"https:\\\/\\\/hub.ortopedie.md\\\/en\\\/\"},{\"@type\":\"ListItem\",\"position\":2,\"name\":\"Produse\",\"item\":\"https:\\\/\\\/hub.ortopedie.md\\\/shop\\\/\"},{\"@type\":\"ListItem\",\"position\":3,\"name\":\"Ortez\u0103 pentru genunchi AS-SK-02\"}]},{\"@type\":\"WebSite\",\"@id\":\"https:\\\/\\\/hub.ortopedie.md\\\/#website\",\"url\":\"https:\\\/\\\/hub.ortopedie.md\\\/\",\"name\":\"Hub Ortopedie - Magazin ortopedic. \u041e\u0440\u0442\u043e\u043f\u0435\u0434\u0438\u0447\u0435\u0441\u043a\u0438\u0439 \u043c\u0430\u0433\u0430\u0437\u0438\u043d\",\"description\":\"S\u0103n\u0103tate, confort, calitate\",\"publisher\":{\"@id\":\"https:\\\/\\\/hub.ortopedie.md\\\/#organization\"},\"potentialAction\":[{\"@type\":\"SearchAction\",\"target\":{\"@type\":\"EntryPoint\",\"urlTemplate\":\"https:\\\/\\\/hub.ortopedie.md\\\/?s={search_term_string}\"},\"query-input\":{\"@type\":\"PropertyValueSpecification\",\"valueRequired\":true,\"valueName\":\"search_term_string\"}}],\"inLanguage\":\"en-US\"},{\"@type\":\"Organization\",\"@id\":\"https:\\\/\\\/hub.ortopedie.md\\\/#organization\",\"name\":\"HUB ORTOPEDIE\",\"url\":\"https:\\\/\\\/hub.ortopedie.md\\\/\",\"logo\":{\"@type\":\"ImageObject\",\"inLanguage\":\"en-US\",\"@id\":\"https:\\\/\\\/hub.ortopedie.md\\\/#\\\/schema\\\/logo\\\/image\\\/\",\"url\":\"https:\\\/\\\/hub.ortopedie.md\\\/wp-content\\\/uploads\\\/2018\\\/01\\\/hub-logo.png\",\"contentUrl\":\"https:\\\/\\\/hub.ortopedie.md\\\/wp-content\\\/uploads\\\/2018\\\/01\\\/hub-logo.png\",\"width\":124,\"height\":90,\"caption\":\"HUB ORTOPEDIE\"},\"image\":{\"@id\":\"https:\\\/\\\/hub.ortopedie.md\\\/#\\\/schema\\\/logo\\\/image\\\/\"},\"sameAs\":[\"https:\\\/\\\/www.facebook.com\\\/ORTOPEDIE.MD\\\/\",\"https:\\\/\\\/www.instagram.com\\\/hub_ortopedie\\\/\"]}]}<\/script>\n<meta property=\"product:price:amount\" content=\"500.00\" \/>\n<meta property=\"product:price:currency\" content=\"MDL\" \/>\n<meta property=\"og:availability\" content=\"instock\" \/>\n<meta property=\"product:availability\" content=\"instock\" \/>\n<meta property=\"product:condition\" content=\"new\" \/>\n<!-- \/ Yoast SEO Premium plugin. -->","yoast_head_json":{"title":"Ortez\u0103 pentru genunchi AS-SK-02 - HUB Ortopedie","description":"Ortez\u0103 pentru genunchi AS-SK-02 fabricat din material CottonPren orteza stabilizeaz\u0103 patella, amelioreaz\u0103 articula\u021bia genunchiului \u0219i ligamentele","robots":{"index":"index","follow":"follow","max-snippet":"max-snippet:-1","max-image-preview":"max-image-preview:large","max-video-preview":"max-video-preview:-1"},"canonical":"https:\/\/hub.ortopedie.md\/en\/shop\/orteza-pentru-genunchi-as-sk-02\/","og_locale":"en_US","og_type":"article","og_title":"Ortez\u0103 pentru genunchi AS-SK-02","og_description":"Ortez\u0103 pentru genunchi AS-SK-02 fabricat din material CottonPren orteza stabilizeaz\u0103 patella, amelioreaz\u0103 articula\u021bia genunchiului \u0219i ligamentele","og_url":"https:\/\/hub.ortopedie.md\/shop\/orteza-pentru-genunchi-as-sk-02\/","og_site_name":"Hub Ortopedie - Magazin ortopedic. \u041e\u0440\u0442\u043e\u043f\u0435\u0434\u0438\u0447\u0435\u0441\u043a\u0438\u0439 \u043c\u0430\u0433\u0430\u0437\u0438\u043d","article_publisher":"https:\/\/www.facebook.com\/ORTOPEDIE.MD\/","article_modified_time":"2023-08-03T11:27:45+00:00","og_image":[{"width":645,"height":430,"url":"https:\/\/hub.ortopedie.md\/wp-content\/uploads\/2018\/08\/AS-SK-02-tlo3.jpg","type":"image\/jpeg"}],"twitter_misc":{"Price":"500.00&nbsp;MDL","Availability":"In stock"},"schema":{"@context":"https:\/\/schema.org","@graph":[{"@type":"WebPage","@id":"https:\/\/hub.ortopedie.md\/shop\/orteza-pentru-genunchi-as-sk-02\/","url":"https:\/\/hub.ortopedie.md\/shop\/orteza-pentru-genunchi-as-sk-02\/","name":"Ortez\u0103 pentru genunchi AS-SK-02 - HUB Ortopedie","isPartOf":{"@id":"https:\/\/hub.ortopedie.md\/#website"},"primaryImageOfPage":{"@id":"https:\/\/hub.ortopedie.md\/shop\/orteza-pentru-genunchi-as-sk-02\/#primaryimage"},"image":{"@id":"https:\/\/hub.ortopedie.md\/shop\/orteza-pentru-genunchi-as-sk-02\/#primaryimage"},"thumbnailUrl":"https:\/\/hub.ortopedie.md\/wp-content\/uploads\/2018\/08\/AS-SK-02-tlo3.jpg","datePublished":"2018-08-08T08:06:12+00:00","dateModified":"2023-08-03T11:27:45+00:00","description":"Ortez\u0103 pentru genunchi AS-SK-02 fabricat din material CottonPren orteza stabilizeaz\u0103 patella, amelioreaz\u0103 articula\u021bia genunchiului \u0219i ligamentele","breadcrumb":{"@id":"https:\/\/hub.ortopedie.md\/shop\/orteza-pentru-genunchi-as-sk-02\/#breadcrumb"},"inLanguage":"en-US","potentialAction":[{"@type":"ReadAction","target":["https:\/\/hub.ortopedie.md\/shop\/orteza-pentru-genunchi-as-sk-02\/"]}]},{"@type":"ImageObject","inLanguage":"en-US","@id":"https:\/\/hub.ortopedie.md\/shop\/orteza-pentru-genunchi-as-sk-02\/#primaryimage","url":"https:\/\/hub.ortopedie.md\/wp-content\/uploads\/2018\/08\/AS-SK-02-tlo3.jpg","contentUrl":"https:\/\/hub.ortopedie.md\/wp-content\/uploads\/2018\/08\/AS-SK-02-tlo3.jpg","width":645,"height":430},{"@type":"BreadcrumbList","@id":"https:\/\/hub.ortopedie.md\/shop\/orteza-pentru-genunchi-as-sk-02\/#breadcrumb","itemListElement":[{"@type":"ListItem","position":1,"name":"Prima pagin\u0103","item":"https:\/\/hub.ortopedie.md\/en\/"},{"@type":"ListItem","position":2,"name":"Produse","item":"https:\/\/hub.ortopedie.md\/shop\/"},{"@type":"ListItem","position":3,"name":"Ortez\u0103 pentru genunchi AS-SK-02"}]},{"@type":"WebSite","@id":"https:\/\/hub.ortopedie.md\/#website","url":"https:\/\/hub.ortopedie.md\/","name":"Hub Ortopedie - Magazin ortopedic. \u041e\u0440\u0442\u043e\u043f\u0435\u0434\u0438\u0447\u0435\u0441\u043a\u0438\u0439 \u043c\u0430\u0433\u0430\u0437\u0438\u043d","description":"S\u0103n\u0103tate, confort, calitate","publisher":{"@id":"https:\/\/hub.ortopedie.md\/#organization"},"potentialAction":[{"@type":"SearchAction","target":{"@type":"EntryPoint","urlTemplate":"https:\/\/hub.ortopedie.md\/?s={search_term_string}"},"query-input":{"@type":"PropertyValueSpecification","valueRequired":true,"valueName":"search_term_string"}}],"inLanguage":"en-US"},{"@type":"Organization","@id":"https:\/\/hub.ortopedie.md\/#organization","name":"HUB ORTOPEDIE","url":"https:\/\/hub.ortopedie.md\/","logo":{"@type":"ImageObject","inLanguage":"en-US","@id":"https:\/\/hub.ortopedie.md\/#\/schema\/logo\/image\/","url":"https:\/\/hub.ortopedie.md\/wp-content\/uploads\/2018\/01\/hub-logo.png","contentUrl":"https:\/\/hub.ortopedie.md\/wp-content\/uploads\/2018\/01\/hub-logo.png","width":124,"height":90,"caption":"HUB ORTOPEDIE"},"image":{"@id":"https:\/\/hub.ortopedie.md\/#\/schema\/logo\/image\/"},"sameAs":["https:\/\/www.facebook.com\/ORTOPEDIE.MD\/","https:\/\/www.instagram.com\/hub_ortopedie\/"]}]},"product_price_amount":"500.00","product_price_currency":"MDL","og_availability":"instock","product_availability":"instock","product_condition":"new"},"jetpack_sharing_enabled":true,"brands":[{"id":273,"name":"REH4MAT","slug":"reh4mat"}],"_links":{"self":[{"href":"https:\/\/hub.ortopedie.md\/en\/wp-json\/wp\/v2\/product\/3573","targetHints":{"allow":["GET"]}}],"collection":[{"href":"https:\/\/hub.ortopedie.md\/en\/wp-json\/wp\/v2\/product"}],"about":[{"href":"https:\/\/hub.ortopedie.md\/en\/wp-json\/wp\/v2\/types\/product"}],"wp:featuredmedia":[{"embeddable":true,"href":"https:\/\/hub.ortopedie.md\/en\/wp-json\/wp\/v2\/media\/3575"}],"wp:attachment":[{"href":"https:\/\/hub.ortopedie.md\/en\/wp-json\/wp\/v2\/media?parent=3573"}],"wp:term":[{"taxonomy":"pwb-brand","embeddable":true,"href":"https:\/\/hub.ortopedie.md\/en\/wp-json\/wp\/v2\/pwb-brand?post=3573"},{"taxonomy":"product_brand","embeddable":true,"href":"https:\/\/hub.ortopedie.md\/en\/wp-json\/wp\/v2\/product_brand?post=3573"},{"taxonomy":"product_cat","embeddable":true,"href":"https:\/\/hub.ortopedie.md\/en\/wp-json\/wp\/v2\/product_cat?post=3573"},{"taxonomy":"product_tag","embeddable":true,"href":"https:\/\/hub.ortopedie.md\/en\/wp-json\/wp\/v2\/product_tag?post=3573"}],"curies":[{"name":"wp","href":"https:\/\/api.w.org\/{rel}","templated":true}]}}