{"id":3604,"date":"2018-08-08T14:05:18","date_gmt":"2018-08-08T14:05:18","guid":{"rendered":"https:\/\/hub.ortopedie.md\/?post_type=product&#038;p=3604"},"modified":"2018-11-16T11:48:43","modified_gmt":"2018-11-16T11:48:43","slug":"orteza-pentru-clavicula-pentru-copii-eb-n-01","status":"publish","type":"product","link":"https:\/\/hub.ortopedie.md\/en\/shop\/orteza-pentru-clavicula-pentru-copii-eb-n-01\/","title":{"rendered":"Ortez\u0103 articula\u0163ia m\u00e2inii pentru copii EB-N-01"},"content":{"rendered":"<div class=\"clear\">\n<h2>Precau\u021bii de utilizare<\/h2>\n<p>&#8211; dup\u0103 r\u0103nirea articula\u021biei \u00eencheieturii m\u00e2inii; dup\u0103 ce a suferit fracturi ale osului antebra\u021bului (v\u0103 permite s\u0103 v\u0103 \u00eentoarce\u021bi repede la locul de munc\u0103 sau la formare).<br \/>\n&#8211; \u00een cazul sindroamelor de durere cronic\u0103 datorate suprasolicit\u0103rii \u0219i modific\u0103rilor inflamatorii \u00een zona \u00eencheieturii m\u00e2inii<br \/>\n&#8211; cu modific\u0103ri degenerative progresive ale articula\u021biei \u00eencheieturii m\u00e2inii \u0219i \u00eencheieturii m\u00e2inii din cauza modific\u0103rilor post-traumatice, re\u00eenc\u0103rc\u0103ri \u0219i inflamatorii &#8211; \u00eembun\u0103t\u0103\u021be\u0219te semnificativ func\u021bia m\u00e2inii \u0219i v\u0103 permite s\u0103 efectua\u021bi activit\u0103\u021bile zilnice acas\u0103 \u0219i la locul de munc\u0103<br \/>\n&#8211; cu pareza membrelor superioare &#8211; stabilizarea \u00eencheieturii m\u00e2inii \u00eentr-o pozi\u021bie func\u021bional\u0103, m\u0103re\u0219te eficien\u021ba m\u00e2inii<\/p>\n<h2>Tabel cu dimensiuni<\/h2>\n<table border=\"0\" cellspacing=\"0\">\n<thead>\n<tr>\n<td>Marime<\/td>\n<td>Circumferin\u021ba \u00eencheieturii m\u00eeinii<\/td>\n<td>Metoda de m\u0103surare<\/td>\n<\/tr>\n<\/thead>\n<colgroup width=\"135\"><\/colgroup>\n<colgroup width=\"238\"><\/colgroup>\n<tbody>\n<tr>\n<td>1<\/td>\n<td>9-11 cm<\/td>\n<td rowspan=\"2\"><img decoding=\"async\" class=\"alignnone wp-image-3606 size-thumbnail\" src=\"https:\/\/hub.ortopedie.md\/wp-content\/uploads\/2018\/08\/nadgarstek-150x150.png\" alt=\"\" width=\"150\" height=\"150\" srcset=\"https:\/\/hub.ortopedie.md\/wp-content\/uploads\/2018\/08\/nadgarstek-66x66.png 66w, https:\/\/hub.ortopedie.md\/wp-content\/uploads\/2018\/08\/nadgarstek-100x100.png 100w, https:\/\/hub.ortopedie.md\/wp-content\/uploads\/2018\/08\/nadgarstek-150x150.png 150w, https:\/\/hub.ortopedie.md\/wp-content\/uploads\/2018\/08\/nadgarstek-200x200.png 200w, https:\/\/hub.ortopedie.md\/wp-content\/uploads\/2018\/08\/nadgarstek.png 250w\" sizes=\"(max-width: 150px) 100vw, 150px\" \/><\/td>\n<\/tr>\n<tr>\n<td>2<\/td>\n<td>11-13 cm<\/td>\n<\/tr>\n<\/tbody>\n<\/table>\n<p>&nbsp;<\/p>\n<\/div>\n","protected":false},"excerpt":{"rendered":"<p>Precau\u021bii de utilizare &#8211; dup\u0103 r\u0103nirea articula\u021biei \u00eencheieturii m\u00e2inii; dup\u0103  [&#8230;]<\/p>\n","protected":false},"featured_media":3609,"template":"","meta":[],"pwb-brand":[273],"product_brand":[],"product_cat":[18],"product_tag":[],"class_list":{"0":"post-3604","1":"product","2":"type-product","3":"status-publish","4":"has-post-thumbnail","6":"pwb-brand-reh4mat","7":"product_cat-orteze","9":"first","10":"instock","11":"shipping-taxable","12":"purchasable","13":"product-type-simple"},"yoast_head":"<!-- This site is optimized with the Yoast SEO Premium plugin v18.3 (Yoast SEO v27.4) - https:\/\/yoast.com\/product\/yoast-seo-premium-wordpress\/ -->\n<title>Ortez\u0103 articula\u0163ia m\u00e2inii pentru copii EB-N-01 - HUB Ortopedie<\/title>\n<meta name=\"description\" content=\"Ortez\u0103 articula\u0163ia m\u00e2inii pentru copii EB-N-01 se folose\u0219te \u00een cazul sindroamelor de durere cronice, pareza membrelor superioare. Str. M. Varlaam 69, Chi\u0219in\u0103u\" \/>\n<meta name=\"robots\" content=\"index, follow, max-snippet:-1, max-image-preview:large, max-video-preview:-1\" \/>\n<link rel=\"canonical\" href=\"https:\/\/hub.ortopedie.md\/en\/shop\/orteza-pentru-clavicula-pentru-copii-eb-n-01\/\" \/>\n<meta property=\"og:locale\" content=\"en_US\" \/>\n<meta property=\"og:type\" content=\"article\" \/>\n<meta property=\"og:title\" content=\"Ortez\u0103 articula\u0163ia m\u00e2inii pentru copii EB-N-01\" \/>\n<meta property=\"og:description\" content=\"Ortez\u0103 articula\u0163ia m\u00e2inii pentru copii EB-N-01 se folose\u0219te \u00een cazul sindroamelor de durere cronice, pareza membrelor superioare. Str. M. Varlaam 69, Chi\u0219in\u0103u\" \/>\n<meta property=\"og:url\" content=\"https:\/\/hub.ortopedie.md\/shop\/orteza-pentru-clavicula-pentru-copii-eb-n-01\/\" \/>\n<meta property=\"og:site_name\" content=\"Hub Ortopedie - Magazin ortopedic. \u041e\u0440\u0442\u043e\u043f\u0435\u0434\u0438\u0447\u0435\u0441\u043a\u0438\u0439 \u043c\u0430\u0433\u0430\u0437\u0438\u043d\" \/>\n<meta property=\"article:publisher\" content=\"https:\/\/www.facebook.com\/ORTOPEDIE.MD\/\" \/>\n<meta property=\"article:modified_time\" content=\"2018-11-16T11:48:43+00:00\" \/>\n<meta property=\"og:image\" content=\"https:\/\/hub.ortopedie.md\/wp-content\/uploads\/2018\/08\/EB-N-01-tlo.jpg\" \/>\n\t<meta property=\"og:image:width\" content=\"645\" \/>\n\t<meta property=\"og:image:height\" content=\"430\" \/>\n\t<meta property=\"og:image:type\" content=\"image\/jpeg\" \/>\n<meta name=\"twitter:label1\" content=\"Price\" \/>\n\t<meta name=\"twitter:data1\" content=\"540.00&nbsp;MDL\" \/>\n\t<meta name=\"twitter:label2\" content=\"Availability\" \/>\n\t<meta name=\"twitter:data2\" content=\"In stock\" \/>\n<script type=\"application\/ld+json\" class=\"yoast-schema-graph\">{\"@context\":\"https:\\\/\\\/schema.org\",\"@graph\":[{\"@type\":\"WebPage\",\"@id\":\"https:\\\/\\\/hub.ortopedie.md\\\/shop\\\/orteza-pentru-clavicula-pentru-copii-eb-n-01\\\/\",\"url\":\"https:\\\/\\\/hub.ortopedie.md\\\/shop\\\/orteza-pentru-clavicula-pentru-copii-eb-n-01\\\/\",\"name\":\"Ortez\u0103 articula\u0163ia m\u00e2inii pentru copii EB-N-01 - HUB Ortopedie\",\"isPartOf\":{\"@id\":\"https:\\\/\\\/hub.ortopedie.md\\\/#website\"},\"primaryImageOfPage\":{\"@id\":\"https:\\\/\\\/hub.ortopedie.md\\\/shop\\\/orteza-pentru-clavicula-pentru-copii-eb-n-01\\\/#primaryimage\"},\"image\":{\"@id\":\"https:\\\/\\\/hub.ortopedie.md\\\/shop\\\/orteza-pentru-clavicula-pentru-copii-eb-n-01\\\/#primaryimage\"},\"thumbnailUrl\":\"https:\\\/\\\/hub.ortopedie.md\\\/wp-content\\\/uploads\\\/2018\\\/08\\\/EB-N-01-tlo.jpg\",\"datePublished\":\"2018-08-08T14:05:18+00:00\",\"dateModified\":\"2018-11-16T11:48:43+00:00\",\"description\":\"Ortez\u0103 articula\u0163ia m\u00e2inii pentru copii EB-N-01 se folose\u0219te \u00een cazul sindroamelor de durere cronice, pareza membrelor superioare. Str. M. Varlaam 69, Chi\u0219in\u0103u\",\"breadcrumb\":{\"@id\":\"https:\\\/\\\/hub.ortopedie.md\\\/shop\\\/orteza-pentru-clavicula-pentru-copii-eb-n-01\\\/#breadcrumb\"},\"inLanguage\":\"en-US\",\"potentialAction\":[{\"@type\":\"ReadAction\",\"target\":[\"https:\\\/\\\/hub.ortopedie.md\\\/shop\\\/orteza-pentru-clavicula-pentru-copii-eb-n-01\\\/\"]}]},{\"@type\":\"ImageObject\",\"inLanguage\":\"en-US\",\"@id\":\"https:\\\/\\\/hub.ortopedie.md\\\/shop\\\/orteza-pentru-clavicula-pentru-copii-eb-n-01\\\/#primaryimage\",\"url\":\"https:\\\/\\\/hub.ortopedie.md\\\/wp-content\\\/uploads\\\/2018\\\/08\\\/EB-N-01-tlo.jpg\",\"contentUrl\":\"https:\\\/\\\/hub.ortopedie.md\\\/wp-content\\\/uploads\\\/2018\\\/08\\\/EB-N-01-tlo.jpg\",\"width\":645,\"height\":430},{\"@type\":\"BreadcrumbList\",\"@id\":\"https:\\\/\\\/hub.ortopedie.md\\\/shop\\\/orteza-pentru-clavicula-pentru-copii-eb-n-01\\\/#breadcrumb\",\"itemListElement\":[{\"@type\":\"ListItem\",\"position\":1,\"name\":\"Prima pagin\u0103\",\"item\":\"https:\\\/\\\/hub.ortopedie.md\\\/en\\\/\"},{\"@type\":\"ListItem\",\"position\":2,\"name\":\"Produse\",\"item\":\"https:\\\/\\\/hub.ortopedie.md\\\/shop\\\/\"},{\"@type\":\"ListItem\",\"position\":3,\"name\":\"Ortez\u0103 articula\u0163ia m\u00e2inii pentru copii EB-N-01\"}]},{\"@type\":\"WebSite\",\"@id\":\"https:\\\/\\\/hub.ortopedie.md\\\/#website\",\"url\":\"https:\\\/\\\/hub.ortopedie.md\\\/\",\"name\":\"Hub Ortopedie - Magazin ortopedic. \u041e\u0440\u0442\u043e\u043f\u0435\u0434\u0438\u0447\u0435\u0441\u043a\u0438\u0439 \u043c\u0430\u0433\u0430\u0437\u0438\u043d\",\"description\":\"S\u0103n\u0103tate, confort, calitate\",\"publisher\":{\"@id\":\"https:\\\/\\\/hub.ortopedie.md\\\/#organization\"},\"potentialAction\":[{\"@type\":\"SearchAction\",\"target\":{\"@type\":\"EntryPoint\",\"urlTemplate\":\"https:\\\/\\\/hub.ortopedie.md\\\/?s={search_term_string}\"},\"query-input\":{\"@type\":\"PropertyValueSpecification\",\"valueRequired\":true,\"valueName\":\"search_term_string\"}}],\"inLanguage\":\"en-US\"},{\"@type\":\"Organization\",\"@id\":\"https:\\\/\\\/hub.ortopedie.md\\\/#organization\",\"name\":\"HUB ORTOPEDIE\",\"url\":\"https:\\\/\\\/hub.ortopedie.md\\\/\",\"logo\":{\"@type\":\"ImageObject\",\"inLanguage\":\"en-US\",\"@id\":\"https:\\\/\\\/hub.ortopedie.md\\\/#\\\/schema\\\/logo\\\/image\\\/\",\"url\":\"https:\\\/\\\/hub.ortopedie.md\\\/wp-content\\\/uploads\\\/2018\\\/01\\\/hub-logo.png\",\"contentUrl\":\"https:\\\/\\\/hub.ortopedie.md\\\/wp-content\\\/uploads\\\/2018\\\/01\\\/hub-logo.png\",\"width\":124,\"height\":90,\"caption\":\"HUB ORTOPEDIE\"},\"image\":{\"@id\":\"https:\\\/\\\/hub.ortopedie.md\\\/#\\\/schema\\\/logo\\\/image\\\/\"},\"sameAs\":[\"https:\\\/\\\/www.facebook.com\\\/ORTOPEDIE.MD\\\/\",\"https:\\\/\\\/www.instagram.com\\\/hub_ortopedie\\\/\"]}]}<\/script>\n<meta property=\"product:price:amount\" content=\"540.00\" \/>\n<meta property=\"product:price:currency\" content=\"MDL\" \/>\n<meta property=\"og:availability\" content=\"instock\" \/>\n<meta property=\"product:availability\" content=\"instock\" \/>\n<meta property=\"product:condition\" content=\"new\" \/>\n<!-- \/ Yoast SEO Premium plugin. -->","yoast_head_json":{"title":"Ortez\u0103 articula\u0163ia m\u00e2inii pentru copii EB-N-01 - HUB Ortopedie","description":"Ortez\u0103 articula\u0163ia m\u00e2inii pentru copii EB-N-01 se folose\u0219te \u00een cazul sindroamelor de durere cronice, pareza membrelor superioare. Str. M. Varlaam 69, Chi\u0219in\u0103u","robots":{"index":"index","follow":"follow","max-snippet":"max-snippet:-1","max-image-preview":"max-image-preview:large","max-video-preview":"max-video-preview:-1"},"canonical":"https:\/\/hub.ortopedie.md\/en\/shop\/orteza-pentru-clavicula-pentru-copii-eb-n-01\/","og_locale":"en_US","og_type":"article","og_title":"Ortez\u0103 articula\u0163ia m\u00e2inii pentru copii EB-N-01","og_description":"Ortez\u0103 articula\u0163ia m\u00e2inii pentru copii EB-N-01 se folose\u0219te \u00een cazul sindroamelor de durere cronice, pareza membrelor superioare. Str. M. Varlaam 69, Chi\u0219in\u0103u","og_url":"https:\/\/hub.ortopedie.md\/shop\/orteza-pentru-clavicula-pentru-copii-eb-n-01\/","og_site_name":"Hub Ortopedie - Magazin ortopedic. \u041e\u0440\u0442\u043e\u043f\u0435\u0434\u0438\u0447\u0435\u0441\u043a\u0438\u0439 \u043c\u0430\u0433\u0430\u0437\u0438\u043d","article_publisher":"https:\/\/www.facebook.com\/ORTOPEDIE.MD\/","article_modified_time":"2018-11-16T11:48:43+00:00","og_image":[{"width":645,"height":430,"url":"https:\/\/hub.ortopedie.md\/wp-content\/uploads\/2018\/08\/EB-N-01-tlo.jpg","type":"image\/jpeg"}],"twitter_misc":{"Price":"540.00&nbsp;MDL","Availability":"In stock"},"schema":{"@context":"https:\/\/schema.org","@graph":[{"@type":"WebPage","@id":"https:\/\/hub.ortopedie.md\/shop\/orteza-pentru-clavicula-pentru-copii-eb-n-01\/","url":"https:\/\/hub.ortopedie.md\/shop\/orteza-pentru-clavicula-pentru-copii-eb-n-01\/","name":"Ortez\u0103 articula\u0163ia m\u00e2inii pentru copii EB-N-01 - HUB Ortopedie","isPartOf":{"@id":"https:\/\/hub.ortopedie.md\/#website"},"primaryImageOfPage":{"@id":"https:\/\/hub.ortopedie.md\/shop\/orteza-pentru-clavicula-pentru-copii-eb-n-01\/#primaryimage"},"image":{"@id":"https:\/\/hub.ortopedie.md\/shop\/orteza-pentru-clavicula-pentru-copii-eb-n-01\/#primaryimage"},"thumbnailUrl":"https:\/\/hub.ortopedie.md\/wp-content\/uploads\/2018\/08\/EB-N-01-tlo.jpg","datePublished":"2018-08-08T14:05:18+00:00","dateModified":"2018-11-16T11:48:43+00:00","description":"Ortez\u0103 articula\u0163ia m\u00e2inii pentru copii EB-N-01 se folose\u0219te \u00een cazul sindroamelor de durere cronice, pareza membrelor superioare. Str. M. Varlaam 69, Chi\u0219in\u0103u","breadcrumb":{"@id":"https:\/\/hub.ortopedie.md\/shop\/orteza-pentru-clavicula-pentru-copii-eb-n-01\/#breadcrumb"},"inLanguage":"en-US","potentialAction":[{"@type":"ReadAction","target":["https:\/\/hub.ortopedie.md\/shop\/orteza-pentru-clavicula-pentru-copii-eb-n-01\/"]}]},{"@type":"ImageObject","inLanguage":"en-US","@id":"https:\/\/hub.ortopedie.md\/shop\/orteza-pentru-clavicula-pentru-copii-eb-n-01\/#primaryimage","url":"https:\/\/hub.ortopedie.md\/wp-content\/uploads\/2018\/08\/EB-N-01-tlo.jpg","contentUrl":"https:\/\/hub.ortopedie.md\/wp-content\/uploads\/2018\/08\/EB-N-01-tlo.jpg","width":645,"height":430},{"@type":"BreadcrumbList","@id":"https:\/\/hub.ortopedie.md\/shop\/orteza-pentru-clavicula-pentru-copii-eb-n-01\/#breadcrumb","itemListElement":[{"@type":"ListItem","position":1,"name":"Prima pagin\u0103","item":"https:\/\/hub.ortopedie.md\/en\/"},{"@type":"ListItem","position":2,"name":"Produse","item":"https:\/\/hub.ortopedie.md\/shop\/"},{"@type":"ListItem","position":3,"name":"Ortez\u0103 articula\u0163ia m\u00e2inii pentru copii EB-N-01"}]},{"@type":"WebSite","@id":"https:\/\/hub.ortopedie.md\/#website","url":"https:\/\/hub.ortopedie.md\/","name":"Hub Ortopedie - Magazin ortopedic. \u041e\u0440\u0442\u043e\u043f\u0435\u0434\u0438\u0447\u0435\u0441\u043a\u0438\u0439 \u043c\u0430\u0433\u0430\u0437\u0438\u043d","description":"S\u0103n\u0103tate, confort, calitate","publisher":{"@id":"https:\/\/hub.ortopedie.md\/#organization"},"potentialAction":[{"@type":"SearchAction","target":{"@type":"EntryPoint","urlTemplate":"https:\/\/hub.ortopedie.md\/?s={search_term_string}"},"query-input":{"@type":"PropertyValueSpecification","valueRequired":true,"valueName":"search_term_string"}}],"inLanguage":"en-US"},{"@type":"Organization","@id":"https:\/\/hub.ortopedie.md\/#organization","name":"HUB ORTOPEDIE","url":"https:\/\/hub.ortopedie.md\/","logo":{"@type":"ImageObject","inLanguage":"en-US","@id":"https:\/\/hub.ortopedie.md\/#\/schema\/logo\/image\/","url":"https:\/\/hub.ortopedie.md\/wp-content\/uploads\/2018\/01\/hub-logo.png","contentUrl":"https:\/\/hub.ortopedie.md\/wp-content\/uploads\/2018\/01\/hub-logo.png","width":124,"height":90,"caption":"HUB ORTOPEDIE"},"image":{"@id":"https:\/\/hub.ortopedie.md\/#\/schema\/logo\/image\/"},"sameAs":["https:\/\/www.facebook.com\/ORTOPEDIE.MD\/","https:\/\/www.instagram.com\/hub_ortopedie\/"]}]},"product_price_amount":"540.00","product_price_currency":"MDL","og_availability":"instock","product_availability":"instock","product_condition":"new"},"jetpack_sharing_enabled":true,"brands":[{"id":273,"name":"REH4MAT","slug":"reh4mat"}],"_links":{"self":[{"href":"https:\/\/hub.ortopedie.md\/en\/wp-json\/wp\/v2\/product\/3604","targetHints":{"allow":["GET"]}}],"collection":[{"href":"https:\/\/hub.ortopedie.md\/en\/wp-json\/wp\/v2\/product"}],"about":[{"href":"https:\/\/hub.ortopedie.md\/en\/wp-json\/wp\/v2\/types\/product"}],"wp:featuredmedia":[{"embeddable":true,"href":"https:\/\/hub.ortopedie.md\/en\/wp-json\/wp\/v2\/media\/3609"}],"wp:attachment":[{"href":"https:\/\/hub.ortopedie.md\/en\/wp-json\/wp\/v2\/media?parent=3604"}],"wp:term":[{"taxonomy":"pwb-brand","embeddable":true,"href":"https:\/\/hub.ortopedie.md\/en\/wp-json\/wp\/v2\/pwb-brand?post=3604"},{"taxonomy":"product_brand","embeddable":true,"href":"https:\/\/hub.ortopedie.md\/en\/wp-json\/wp\/v2\/product_brand?post=3604"},{"taxonomy":"product_cat","embeddable":true,"href":"https:\/\/hub.ortopedie.md\/en\/wp-json\/wp\/v2\/product_cat?post=3604"},{"taxonomy":"product_tag","embeddable":true,"href":"https:\/\/hub.ortopedie.md\/en\/wp-json\/wp\/v2\/product_tag?post=3604"}],"curies":[{"name":"wp","href":"https:\/\/api.w.org\/{rel}","templated":true}]}}