{"id":3637,"date":"2018-08-09T09:07:17","date_gmt":"2018-08-09T09:07:17","guid":{"rendered":"https:\/\/hub.ortopedie.md\/?post_type=product&#038;p=3637"},"modified":"2023-08-03T11:26:00","modified_gmt":"2023-08-03T11:26:00","slug":"orteza-cervicala-am-km","status":"publish","type":"product","link":"https:\/\/hub.ortopedie.md\/en\/shop\/orteza-cervicala-am-km\/","title":{"rendered":"Orteza moale cervical\u0103 AM-KM"},"content":{"rendered":"<div class=\"clear\">\n<p>Gulerul ortopedic tip Schanza AM-KM este fabricat din spum\u0103 poliuretanic\u0103 \u0219i acoperit\u0103 cu tricotaje din bumbac ortopedice. Este fixat cu ajutorul benzii VELCRO, care ajut\u0103 la reglarea circumferin\u021bei g\u00e2tului.<\/p>\n<h2>Tabel cu dimensiuni<\/h2>\n<table border=\"0\" cellspacing=\"0\">\n<thead>\n<tr>\n<td>M\u0103rime<\/td>\n<td>Circumferinta gitului<\/td>\n<td>\u00cen\u0103l\u021bimea<\/td>\n<td>Metoda de m\u0103surare<\/td>\n<\/tr>\n<\/thead>\n<colgroup width=\"135\"><\/colgroup>\n<colgroup width=\"135\"><\/colgroup>\n<colgroup width=\"135\"><\/colgroup>\n<tbody>\n<tr>\n<td>S<\/td>\n<td>31-36 cm<\/td>\n<td rowspan=\"3\">8,10,12 cm<\/td>\n<td rowspan=\"3\"><img decoding=\"async\" class=\"alignnone wp-image-3638 size-thumbnail\" src=\"https:\/\/hub.ortopedie.md\/wp-content\/uploads\/2018\/08\/szyja-1-150x150.png\" alt=\"\" width=\"150\" height=\"150\" srcset=\"https:\/\/hub.ortopedie.md\/wp-content\/uploads\/2018\/08\/szyja-1-66x66.png 66w, https:\/\/hub.ortopedie.md\/wp-content\/uploads\/2018\/08\/szyja-1-100x100.png 100w, https:\/\/hub.ortopedie.md\/wp-content\/uploads\/2018\/08\/szyja-1-150x150.png 150w, https:\/\/hub.ortopedie.md\/wp-content\/uploads\/2018\/08\/szyja-1-200x200.png 200w, https:\/\/hub.ortopedie.md\/wp-content\/uploads\/2018\/08\/szyja-1.png 250w\" sizes=\"(max-width: 150px) 100vw, 150px\" \/><\/td>\n<\/tr>\n<tr>\n<td>M<\/td>\n<td>36,5-42 cm<\/td>\n<\/tr>\n<tr>\n<td>L<\/td>\n<td>42,5-48 cm<\/td>\n<\/tr>\n<\/tbody>\n<\/table>\n<h2><img decoding=\"async\" class=\"alignnone wp-image-3641 size-600\" src=\"https:\/\/hub.ortopedie.md\/wp-content\/uploads\/2018\/08\/AM-KM_wysokosc-600x342.jpg\" alt=\"\" width=\"600\" height=\"342\" srcset=\"https:\/\/hub.ortopedie.md\/wp-content\/uploads\/2018\/08\/AM-KM_wysokosc-200x114.jpg 200w, https:\/\/hub.ortopedie.md\/wp-content\/uploads\/2018\/08\/AM-KM_wysokosc-300x171.jpg 300w, https:\/\/hub.ortopedie.md\/wp-content\/uploads\/2018\/08\/AM-KM_wysokosc-400x228.jpg 400w, https:\/\/hub.ortopedie.md\/wp-content\/uploads\/2018\/08\/AM-KM_wysokosc-500x285.jpg 500w, https:\/\/hub.ortopedie.md\/wp-content\/uploads\/2018\/08\/AM-KM_wysokosc-600x342.jpg 600w, https:\/\/hub.ortopedie.md\/wp-content\/uploads\/2018\/08\/AM-KM_wysokosc.jpg 637w\" sizes=\"(max-width: 600px) 100vw, 600px\" \/><\/h2>\n<h2>Caracteristici speciale<\/h2>\n<p>Stabilizeaz\u0103 \u0219i amelioreaz\u0103 coloana vertebral\u0103 \u00een regiunea cervical\u0103, amelioreaz\u0103 mu\u0219chii g\u00e2tului. Indicatii si perioada de utilizare, cu consulta\u021bia medicului.<\/p>\n<h2>Precau\u021bii de utilizare<\/h2>\n<p>&#8211; Dup\u0103 leziuni ale coloanei vertebrale cervicale (dislocare, contuzie).<br \/>\n&#8211; \u00cen perioada de reabilitare dup\u0103 fracturile coloanei vertebrale cervicale, opera\u021bie, deplasarea vertebrelor cervicale<br \/>\n&#8211; cu dureri acute \u0219i prelungite \u00een zona g\u00e2tului \u0219i um\u0103rului cauzate de traume, suprasolicitare sau modific\u0103ri degenerative<br \/>\n\u2013cu modific\u0103ri degenerative ale coloanei vertebrale cervicale asociate simptomelor neurologice (radiculit\u0103 cervical\u0103, parestezii membrelor superioare, como\u021bie de cap \u0219i dezechilibru)<br \/>\n&#8211; pentru dureri de cap \u0219i tinitus<br \/>\n&#8211; cu torticollis cauzate de diferite motive<\/p>\n<h2>Metoda de suprapunere<\/h2>\n<h2><img decoding=\"async\" class=\"alignnone size-full wp-image-3643\" src=\"https:\/\/hub.ortopedie.md\/wp-content\/uploads\/2018\/08\/AM-KM_zap2.jpg\" alt=\"\" width=\"180\" height=\"250\" \/><img decoding=\"async\" class=\"alignnone size-full wp-image-3642\" src=\"https:\/\/hub.ortopedie.md\/wp-content\/uploads\/2018\/08\/AM-KM_zap1.jpg\" alt=\"\" width=\"180\" height=\"250\" \/><\/h2>\n<h2>\u00cengrijire<\/h2>\n<p>&#8211; Se spal\u0103 cu m\u00e2na \u00een ap\u0103 cald\u0103 cu s\u0103pun ad\u0103ugat la 30 de grade<br \/>\n&#8211; Nu se calc\u0103 fier.<br \/>\n&#8211; Nu utiliza\u021bi \u00een\u0103lbitor de color<br \/>\n&#8211; Usca\u021bi departe de c\u0103ldur\u0103.<\/p>\n<\/div>\n","protected":false},"excerpt":{"rendered":"<p>Gulerul ortopedic tip Schanza AM-KM este fabricat din spum\u0103 poliuretanic\u0103  [&#8230;]<\/p>\n","protected":false},"featured_media":3644,"template":"","meta":[],"pwb-brand":[273],"product_brand":[],"product_cat":[18],"product_tag":[],"class_list":{"0":"post-3637","1":"product","2":"type-product","3":"status-publish","4":"has-post-thumbnail","6":"pwb-brand-reh4mat","7":"product_cat-orteze","9":"first","10":"instock","11":"shipping-taxable","12":"purchasable","13":"product-type-simple"},"yoast_head":"<!-- This site is optimized with the Yoast SEO Premium plugin v18.3 (Yoast SEO v27.4) - https:\/\/yoast.com\/product\/yoast-seo-premium-wordpress\/ -->\n<title>Orteza moale cervical\u0103 AM-KM \u00een Moldova - HUB Ortopedie<\/title>\n<meta name=\"description\" content=\"Orteza cervical\u0103 AM-KM stabilizeaz\u0103 \u0219i amelioreaz\u0103 coloana vertebral\u0103 \u00een regiunea cervical\u0103, amelioreaz\u0103 mu\u0219chii g\u00e2tului. Str. M. Varlaam 69, Chi\u0219in\u0103u\" \/>\n<meta name=\"robots\" content=\"index, follow, max-snippet:-1, max-image-preview:large, max-video-preview:-1\" \/>\n<link rel=\"canonical\" href=\"https:\/\/hub.ortopedie.md\/en\/shop\/orteza-cervicala-am-km\/\" \/>\n<meta property=\"og:locale\" content=\"en_US\" \/>\n<meta property=\"og:type\" content=\"article\" \/>\n<meta property=\"og:title\" content=\"Orteza moale cervical\u0103 AM-KM\" \/>\n<meta property=\"og:description\" content=\"Orteza cervical\u0103 AM-KM stabilizeaz\u0103 \u0219i amelioreaz\u0103 coloana vertebral\u0103 \u00een regiunea cervical\u0103, amelioreaz\u0103 mu\u0219chii g\u00e2tului. Str. M. Varlaam 69, Chi\u0219in\u0103u\" \/>\n<meta property=\"og:url\" content=\"https:\/\/hub.ortopedie.md\/shop\/orteza-cervicala-am-km\/\" \/>\n<meta property=\"og:site_name\" content=\"Hub Ortopedie - Magazin ortopedic. \u041e\u0440\u0442\u043e\u043f\u0435\u0434\u0438\u0447\u0435\u0441\u043a\u0438\u0439 \u043c\u0430\u0433\u0430\u0437\u0438\u043d\" \/>\n<meta property=\"article:publisher\" content=\"https:\/\/www.facebook.com\/ORTOPEDIE.MD\/\" \/>\n<meta property=\"article:modified_time\" content=\"2023-08-03T11:26:00+00:00\" \/>\n<meta property=\"og:image\" content=\"https:\/\/hub.ortopedie.md\/wp-content\/uploads\/2018\/08\/AM-KM1.jpg\" \/>\n\t<meta property=\"og:image:width\" content=\"641\" \/>\n\t<meta property=\"og:image:height\" content=\"505\" \/>\n\t<meta property=\"og:image:type\" content=\"image\/jpeg\" \/>\n<meta name=\"twitter:label1\" content=\"Price\" \/>\n\t<meta name=\"twitter:data1\" content=\"600.00&nbsp;MDL\" \/>\n\t<meta name=\"twitter:label2\" content=\"Availability\" \/>\n\t<meta name=\"twitter:data2\" content=\"In stock\" \/>\n<script type=\"application\/ld+json\" class=\"yoast-schema-graph\">{\"@context\":\"https:\\\/\\\/schema.org\",\"@graph\":[{\"@type\":\"WebPage\",\"@id\":\"https:\\\/\\\/hub.ortopedie.md\\\/shop\\\/orteza-cervicala-am-km\\\/\",\"url\":\"https:\\\/\\\/hub.ortopedie.md\\\/shop\\\/orteza-cervicala-am-km\\\/\",\"name\":\"Orteza moale cervical\u0103 AM-KM \u00een Moldova - HUB Ortopedie\",\"isPartOf\":{\"@id\":\"https:\\\/\\\/hub.ortopedie.md\\\/#website\"},\"primaryImageOfPage\":{\"@id\":\"https:\\\/\\\/hub.ortopedie.md\\\/shop\\\/orteza-cervicala-am-km\\\/#primaryimage\"},\"image\":{\"@id\":\"https:\\\/\\\/hub.ortopedie.md\\\/shop\\\/orteza-cervicala-am-km\\\/#primaryimage\"},\"thumbnailUrl\":\"https:\\\/\\\/hub.ortopedie.md\\\/wp-content\\\/uploads\\\/2018\\\/08\\\/AM-KM1.jpg\",\"datePublished\":\"2018-08-09T09:07:17+00:00\",\"dateModified\":\"2023-08-03T11:26:00+00:00\",\"description\":\"Orteza cervical\u0103 AM-KM stabilizeaz\u0103 \u0219i amelioreaz\u0103 coloana vertebral\u0103 \u00een regiunea cervical\u0103, amelioreaz\u0103 mu\u0219chii g\u00e2tului. Str. M. Varlaam 69, Chi\u0219in\u0103u\",\"breadcrumb\":{\"@id\":\"https:\\\/\\\/hub.ortopedie.md\\\/shop\\\/orteza-cervicala-am-km\\\/#breadcrumb\"},\"inLanguage\":\"en-US\",\"potentialAction\":[{\"@type\":\"ReadAction\",\"target\":[\"https:\\\/\\\/hub.ortopedie.md\\\/shop\\\/orteza-cervicala-am-km\\\/\"]}]},{\"@type\":\"ImageObject\",\"inLanguage\":\"en-US\",\"@id\":\"https:\\\/\\\/hub.ortopedie.md\\\/shop\\\/orteza-cervicala-am-km\\\/#primaryimage\",\"url\":\"https:\\\/\\\/hub.ortopedie.md\\\/wp-content\\\/uploads\\\/2018\\\/08\\\/AM-KM1.jpg\",\"contentUrl\":\"https:\\\/\\\/hub.ortopedie.md\\\/wp-content\\\/uploads\\\/2018\\\/08\\\/AM-KM1.jpg\",\"width\":641,\"height\":505},{\"@type\":\"BreadcrumbList\",\"@id\":\"https:\\\/\\\/hub.ortopedie.md\\\/shop\\\/orteza-cervicala-am-km\\\/#breadcrumb\",\"itemListElement\":[{\"@type\":\"ListItem\",\"position\":1,\"name\":\"Prima pagin\u0103\",\"item\":\"https:\\\/\\\/hub.ortopedie.md\\\/en\\\/\"},{\"@type\":\"ListItem\",\"position\":2,\"name\":\"Produse\",\"item\":\"https:\\\/\\\/hub.ortopedie.md\\\/shop\\\/\"},{\"@type\":\"ListItem\",\"position\":3,\"name\":\"Orteza moale cervical\u0103 AM-KM\"}]},{\"@type\":\"WebSite\",\"@id\":\"https:\\\/\\\/hub.ortopedie.md\\\/#website\",\"url\":\"https:\\\/\\\/hub.ortopedie.md\\\/\",\"name\":\"Hub Ortopedie - Magazin ortopedic. \u041e\u0440\u0442\u043e\u043f\u0435\u0434\u0438\u0447\u0435\u0441\u043a\u0438\u0439 \u043c\u0430\u0433\u0430\u0437\u0438\u043d\",\"description\":\"S\u0103n\u0103tate, confort, calitate\",\"publisher\":{\"@id\":\"https:\\\/\\\/hub.ortopedie.md\\\/#organization\"},\"potentialAction\":[{\"@type\":\"SearchAction\",\"target\":{\"@type\":\"EntryPoint\",\"urlTemplate\":\"https:\\\/\\\/hub.ortopedie.md\\\/?s={search_term_string}\"},\"query-input\":{\"@type\":\"PropertyValueSpecification\",\"valueRequired\":true,\"valueName\":\"search_term_string\"}}],\"inLanguage\":\"en-US\"},{\"@type\":\"Organization\",\"@id\":\"https:\\\/\\\/hub.ortopedie.md\\\/#organization\",\"name\":\"HUB ORTOPEDIE\",\"url\":\"https:\\\/\\\/hub.ortopedie.md\\\/\",\"logo\":{\"@type\":\"ImageObject\",\"inLanguage\":\"en-US\",\"@id\":\"https:\\\/\\\/hub.ortopedie.md\\\/#\\\/schema\\\/logo\\\/image\\\/\",\"url\":\"https:\\\/\\\/hub.ortopedie.md\\\/wp-content\\\/uploads\\\/2018\\\/01\\\/hub-logo.png\",\"contentUrl\":\"https:\\\/\\\/hub.ortopedie.md\\\/wp-content\\\/uploads\\\/2018\\\/01\\\/hub-logo.png\",\"width\":124,\"height\":90,\"caption\":\"HUB ORTOPEDIE\"},\"image\":{\"@id\":\"https:\\\/\\\/hub.ortopedie.md\\\/#\\\/schema\\\/logo\\\/image\\\/\"},\"sameAs\":[\"https:\\\/\\\/www.facebook.com\\\/ORTOPEDIE.MD\\\/\",\"https:\\\/\\\/www.instagram.com\\\/hub_ortopedie\\\/\"]}]}<\/script>\n<meta property=\"product:price:amount\" content=\"600.00\" \/>\n<meta property=\"product:price:currency\" content=\"MDL\" \/>\n<meta property=\"og:availability\" content=\"instock\" \/>\n<meta property=\"product:availability\" content=\"instock\" \/>\n<meta property=\"product:condition\" content=\"new\" \/>\n<!-- \/ Yoast SEO Premium plugin. -->","yoast_head_json":{"title":"Orteza moale cervical\u0103 AM-KM \u00een Moldova - HUB Ortopedie","description":"Orteza cervical\u0103 AM-KM stabilizeaz\u0103 \u0219i amelioreaz\u0103 coloana vertebral\u0103 \u00een regiunea cervical\u0103, amelioreaz\u0103 mu\u0219chii g\u00e2tului. Str. M. Varlaam 69, Chi\u0219in\u0103u","robots":{"index":"index","follow":"follow","max-snippet":"max-snippet:-1","max-image-preview":"max-image-preview:large","max-video-preview":"max-video-preview:-1"},"canonical":"https:\/\/hub.ortopedie.md\/en\/shop\/orteza-cervicala-am-km\/","og_locale":"en_US","og_type":"article","og_title":"Orteza moale cervical\u0103 AM-KM","og_description":"Orteza cervical\u0103 AM-KM stabilizeaz\u0103 \u0219i amelioreaz\u0103 coloana vertebral\u0103 \u00een regiunea cervical\u0103, amelioreaz\u0103 mu\u0219chii g\u00e2tului. Str. M. Varlaam 69, Chi\u0219in\u0103u","og_url":"https:\/\/hub.ortopedie.md\/shop\/orteza-cervicala-am-km\/","og_site_name":"Hub Ortopedie - Magazin ortopedic. \u041e\u0440\u0442\u043e\u043f\u0435\u0434\u0438\u0447\u0435\u0441\u043a\u0438\u0439 \u043c\u0430\u0433\u0430\u0437\u0438\u043d","article_publisher":"https:\/\/www.facebook.com\/ORTOPEDIE.MD\/","article_modified_time":"2023-08-03T11:26:00+00:00","og_image":[{"width":641,"height":505,"url":"https:\/\/hub.ortopedie.md\/wp-content\/uploads\/2018\/08\/AM-KM1.jpg","type":"image\/jpeg"}],"twitter_misc":{"Price":"600.00&nbsp;MDL","Availability":"In stock"},"schema":{"@context":"https:\/\/schema.org","@graph":[{"@type":"WebPage","@id":"https:\/\/hub.ortopedie.md\/shop\/orteza-cervicala-am-km\/","url":"https:\/\/hub.ortopedie.md\/shop\/orteza-cervicala-am-km\/","name":"Orteza moale cervical\u0103 AM-KM \u00een Moldova - HUB Ortopedie","isPartOf":{"@id":"https:\/\/hub.ortopedie.md\/#website"},"primaryImageOfPage":{"@id":"https:\/\/hub.ortopedie.md\/shop\/orteza-cervicala-am-km\/#primaryimage"},"image":{"@id":"https:\/\/hub.ortopedie.md\/shop\/orteza-cervicala-am-km\/#primaryimage"},"thumbnailUrl":"https:\/\/hub.ortopedie.md\/wp-content\/uploads\/2018\/08\/AM-KM1.jpg","datePublished":"2018-08-09T09:07:17+00:00","dateModified":"2023-08-03T11:26:00+00:00","description":"Orteza cervical\u0103 AM-KM stabilizeaz\u0103 \u0219i amelioreaz\u0103 coloana vertebral\u0103 \u00een regiunea cervical\u0103, amelioreaz\u0103 mu\u0219chii g\u00e2tului. Str. M. Varlaam 69, Chi\u0219in\u0103u","breadcrumb":{"@id":"https:\/\/hub.ortopedie.md\/shop\/orteza-cervicala-am-km\/#breadcrumb"},"inLanguage":"en-US","potentialAction":[{"@type":"ReadAction","target":["https:\/\/hub.ortopedie.md\/shop\/orteza-cervicala-am-km\/"]}]},{"@type":"ImageObject","inLanguage":"en-US","@id":"https:\/\/hub.ortopedie.md\/shop\/orteza-cervicala-am-km\/#primaryimage","url":"https:\/\/hub.ortopedie.md\/wp-content\/uploads\/2018\/08\/AM-KM1.jpg","contentUrl":"https:\/\/hub.ortopedie.md\/wp-content\/uploads\/2018\/08\/AM-KM1.jpg","width":641,"height":505},{"@type":"BreadcrumbList","@id":"https:\/\/hub.ortopedie.md\/shop\/orteza-cervicala-am-km\/#breadcrumb","itemListElement":[{"@type":"ListItem","position":1,"name":"Prima pagin\u0103","item":"https:\/\/hub.ortopedie.md\/en\/"},{"@type":"ListItem","position":2,"name":"Produse","item":"https:\/\/hub.ortopedie.md\/shop\/"},{"@type":"ListItem","position":3,"name":"Orteza moale cervical\u0103 AM-KM"}]},{"@type":"WebSite","@id":"https:\/\/hub.ortopedie.md\/#website","url":"https:\/\/hub.ortopedie.md\/","name":"Hub Ortopedie - Magazin ortopedic. \u041e\u0440\u0442\u043e\u043f\u0435\u0434\u0438\u0447\u0435\u0441\u043a\u0438\u0439 \u043c\u0430\u0433\u0430\u0437\u0438\u043d","description":"S\u0103n\u0103tate, confort, calitate","publisher":{"@id":"https:\/\/hub.ortopedie.md\/#organization"},"potentialAction":[{"@type":"SearchAction","target":{"@type":"EntryPoint","urlTemplate":"https:\/\/hub.ortopedie.md\/?s={search_term_string}"},"query-input":{"@type":"PropertyValueSpecification","valueRequired":true,"valueName":"search_term_string"}}],"inLanguage":"en-US"},{"@type":"Organization","@id":"https:\/\/hub.ortopedie.md\/#organization","name":"HUB ORTOPEDIE","url":"https:\/\/hub.ortopedie.md\/","logo":{"@type":"ImageObject","inLanguage":"en-US","@id":"https:\/\/hub.ortopedie.md\/#\/schema\/logo\/image\/","url":"https:\/\/hub.ortopedie.md\/wp-content\/uploads\/2018\/01\/hub-logo.png","contentUrl":"https:\/\/hub.ortopedie.md\/wp-content\/uploads\/2018\/01\/hub-logo.png","width":124,"height":90,"caption":"HUB ORTOPEDIE"},"image":{"@id":"https:\/\/hub.ortopedie.md\/#\/schema\/logo\/image\/"},"sameAs":["https:\/\/www.facebook.com\/ORTOPEDIE.MD\/","https:\/\/www.instagram.com\/hub_ortopedie\/"]}]},"product_price_amount":"600.00","product_price_currency":"MDL","og_availability":"instock","product_availability":"instock","product_condition":"new"},"jetpack_sharing_enabled":true,"brands":[{"id":273,"name":"REH4MAT","slug":"reh4mat"}],"_links":{"self":[{"href":"https:\/\/hub.ortopedie.md\/en\/wp-json\/wp\/v2\/product\/3637","targetHints":{"allow":["GET"]}}],"collection":[{"href":"https:\/\/hub.ortopedie.md\/en\/wp-json\/wp\/v2\/product"}],"about":[{"href":"https:\/\/hub.ortopedie.md\/en\/wp-json\/wp\/v2\/types\/product"}],"wp:featuredmedia":[{"embeddable":true,"href":"https:\/\/hub.ortopedie.md\/en\/wp-json\/wp\/v2\/media\/3644"}],"wp:attachment":[{"href":"https:\/\/hub.ortopedie.md\/en\/wp-json\/wp\/v2\/media?parent=3637"}],"wp:term":[{"taxonomy":"pwb-brand","embeddable":true,"href":"https:\/\/hub.ortopedie.md\/en\/wp-json\/wp\/v2\/pwb-brand?post=3637"},{"taxonomy":"product_brand","embeddable":true,"href":"https:\/\/hub.ortopedie.md\/en\/wp-json\/wp\/v2\/product_brand?post=3637"},{"taxonomy":"product_cat","embeddable":true,"href":"https:\/\/hub.ortopedie.md\/en\/wp-json\/wp\/v2\/product_cat?post=3637"},{"taxonomy":"product_tag","embeddable":true,"href":"https:\/\/hub.ortopedie.md\/en\/wp-json\/wp\/v2\/product_tag?post=3637"}],"curies":[{"name":"wp","href":"https:\/\/api.w.org\/{rel}","templated":true}]}}