{"id":3654,"date":"2018-08-09T13:24:52","date_gmt":"2018-08-09T13:24:52","guid":{"rendered":"https:\/\/hub.ortopedie.md\/?post_type=product&#038;p=3654"},"modified":"2018-11-13T12:48:02","modified_gmt":"2018-11-13T12:48:02","slug":"orteza-cervicala-pentru-copii-eb-km","status":"publish","type":"product","link":"https:\/\/hub.ortopedie.md\/en\/shop\/orteza-cervicala-pentru-copii-eb-km\/","title":{"rendered":"Orteza cervical\u0103 pentru copii EB-KM"},"content":{"rendered":"<div class=\"clear\">\n<p>Orteza cervical\u0103 pentru copii EB-KM fabricat din spum\u0103 poliuretanic\u0103 potrivit\u0103 \u0219i tricotaje ProFit.\u00a0Acest tricotaj cu dou\u0103 straturi, care perfect se adaptwaz\u0103 la corpul pacientului, acesta se \u00eentinde \u00een toate direc\u021biile care simuleaz\u0103 perfect forma \u0219i creeaz\u0103 efectul de \u201eal doilea \u00ee piele.\u201c\u00a0Stratul exterior al spandexului este responsabil pentru comprimarea \u0219i potrivirea adecvat\u0103 a produsului, reduce oscila\u021bia muscular\u0103 care apare in timpul efortului fizic.\u00a0Membrana interioar\u0103 cu microfibr\u0103, bumbac \u0219i elastan este responsabil\u0103 pentru men\u021binerea pielii \u00een clim\u0103 adecvat\u0103 \u0219i umiditate trec\u0103toare, structura acesteia asigur\u0103 o u\u0219oar\u0103 catifelare la atingere.<\/p>\n<h2><img decoding=\"async\" class=\"alignnone wp-image-3655 size-600\" src=\"https:\/\/hub.ortopedie.md\/wp-content\/uploads\/2018\/08\/profit_sch_ru-2-600x285.png\" alt=\"\" width=\"600\" height=\"285\" srcset=\"https:\/\/hub.ortopedie.md\/wp-content\/uploads\/2018\/08\/profit_sch_ru-2-200x95.png 200w, https:\/\/hub.ortopedie.md\/wp-content\/uploads\/2018\/08\/profit_sch_ru-2-300x143.png 300w, https:\/\/hub.ortopedie.md\/wp-content\/uploads\/2018\/08\/profit_sch_ru-2-400x190.png 400w, https:\/\/hub.ortopedie.md\/wp-content\/uploads\/2018\/08\/profit_sch_ru-2-500x238.png 500w, https:\/\/hub.ortopedie.md\/wp-content\/uploads\/2018\/08\/profit_sch_ru-2-600x285.png 600w, https:\/\/hub.ortopedie.md\/wp-content\/uploads\/2018\/08\/profit_sch_ru-2.png 631w\" sizes=\"(max-width: 600px) 100vw, 600px\" \/><\/h2>\n<h2>Precau\u021bii de utilizare<\/h2>\n<p>&#8211; \u00een caz de durere acut\u0103 \u0219i prelungit\u0103 \u00een zona g\u00e2tului \u0219i um\u0103rului cauzat\u0103 de leziuni, suprasolicitare sau modific\u0103ri degenerative<br \/>\n&#8211; \u00een cazul modific\u0103rilor degenerative ale coloanei vertebrale cervicale asociate cu simptomele neurologice (radiculit\u0103 cervical\u0103, parestezii ale membrelor superioare, como\u021bie de cap \u0219i dezechilibru)<br \/>\n&#8211; pentru dureri de cap \u0219i tinitus<br \/>\n&#8211; pentru torticollis cauzate de diferite motive<\/p>\n<h2>Tabel cu dimensiuni<\/h2>\n<table border=\"0\" cellspacing=\"0\">\n<thead>\n<tr>\n<td>Marime<\/td>\n<td>Circumferinta gitului<\/td>\n<td>\u00cen\u0103l\u021bimea posibil\u0103 a produsului<\/td>\n<td>Metoda de m\u0103surare<\/td>\n<\/tr>\n<\/thead>\n<colgroup width=\"135\"><\/colgroup>\n<colgroup width=\"135\"><\/colgroup>\n<colgroup width=\"135\"><\/colgroup>\n<tbody>\n<tr>\n<td>1<\/td>\n<td>24-27 \u0441\u043c<\/td>\n<td>6 cm<\/td>\n<td rowspan=\"2\"><img decoding=\"async\" class=\"alignnone wp-image-3656 size-thumbnail\" src=\"https:\/\/hub.ortopedie.md\/wp-content\/uploads\/2018\/08\/szyja-3-150x150.png\" alt=\"\" width=\"150\" height=\"150\" srcset=\"https:\/\/hub.ortopedie.md\/wp-content\/uploads\/2018\/08\/szyja-3-66x66.png 66w, https:\/\/hub.ortopedie.md\/wp-content\/uploads\/2018\/08\/szyja-3-100x100.png 100w, https:\/\/hub.ortopedie.md\/wp-content\/uploads\/2018\/08\/szyja-3-150x150.png 150w, https:\/\/hub.ortopedie.md\/wp-content\/uploads\/2018\/08\/szyja-3-200x200.png 200w, https:\/\/hub.ortopedie.md\/wp-content\/uploads\/2018\/08\/szyja-3.png 250w\" sizes=\"(max-width: 150px) 100vw, 150px\" \/><\/td>\n<\/tr>\n<tr>\n<td>2<\/td>\n<td>28-31 \u0441\u043c<\/td>\n<td>7 cm<\/td>\n<\/tr>\n<\/tbody>\n<\/table>\n<div class=\"clear\"><\/div>\n<div class=\"clear\"><\/div>\n<div class=\"clear\"><\/div>\n<\/div>\n","protected":false},"excerpt":{"rendered":"<p>Orteza cervical\u0103 pentru copii EB-KM fabricat din spum\u0103 poliuretanic\u0103 potrivit\u0103  [&#8230;]<\/p>\n","protected":false},"featured_media":3659,"template":"","meta":[],"pwb-brand":[273],"product_brand":[],"product_cat":[18],"product_tag":[],"class_list":{"0":"post-3654","1":"product","2":"type-product","3":"status-publish","4":"has-post-thumbnail","6":"pwb-brand-reh4mat","7":"product_cat-orteze","9":"first","10":"instock","11":"shipping-taxable","12":"purchasable","13":"product-type-simple"},"yoast_head":"<!-- This site is optimized with the Yoast SEO Premium plugin v18.3 (Yoast SEO v27.4) - https:\/\/yoast.com\/product\/yoast-seo-premium-wordpress\/ -->\n<title>Orteza cervical\u0103 pentru copii EB-KM - HUB Ortopedie<\/title>\n<meta name=\"description\" content=\"Orteza cervical\u0103 pentru copii EB-KM se folose\u0219te in cazul durerilor acute a g\u00eetului. Mai multe modele cu pre\u021buri le pote\u021bi vedea pe site sau in magazinul nostru.\" \/>\n<meta name=\"robots\" content=\"index, follow, max-snippet:-1, max-image-preview:large, max-video-preview:-1\" \/>\n<link rel=\"canonical\" href=\"https:\/\/hub.ortopedie.md\/en\/shop\/orteza-cervicala-pentru-copii-eb-km\/\" \/>\n<meta property=\"og:locale\" content=\"en_US\" \/>\n<meta property=\"og:type\" content=\"article\" \/>\n<meta property=\"og:title\" content=\"Orteza cervical\u0103 pentru copii EB-KM\" \/>\n<meta property=\"og:description\" content=\"Orteza cervical\u0103 pentru copii EB-KM se folose\u0219te in cazul durerilor acute a g\u00eetului. Mai multe modele cu pre\u021buri le pote\u021bi vedea pe site sau in magazinul nostru.\" \/>\n<meta property=\"og:url\" content=\"https:\/\/hub.ortopedie.md\/shop\/orteza-cervicala-pentru-copii-eb-km\/\" \/>\n<meta property=\"og:site_name\" content=\"Hub Ortopedie - Magazin ortopedic. \u041e\u0440\u0442\u043e\u043f\u0435\u0434\u0438\u0447\u0435\u0441\u043a\u0438\u0439 \u043c\u0430\u0433\u0430\u0437\u0438\u043d\" \/>\n<meta property=\"article:publisher\" content=\"https:\/\/www.facebook.com\/ORTOPEDIE.MD\/\" \/>\n<meta property=\"article:modified_time\" content=\"2018-11-13T12:48:02+00:00\" \/>\n<meta property=\"og:image\" content=\"https:\/\/hub.ortopedie.md\/wp-content\/uploads\/2018\/08\/EB-KM-tlo2.jpg\" \/>\n\t<meta property=\"og:image:width\" content=\"645\" \/>\n\t<meta property=\"og:image:height\" content=\"430\" \/>\n\t<meta property=\"og:image:type\" content=\"image\/jpeg\" \/>\n<meta name=\"twitter:label1\" content=\"Price\" \/>\n\t<meta name=\"twitter:data1\" content=\"430.00&nbsp;MDL\" \/>\n\t<meta name=\"twitter:label2\" content=\"Availability\" \/>\n\t<meta name=\"twitter:data2\" content=\"In stock\" \/>\n<script type=\"application\/ld+json\" class=\"yoast-schema-graph\">{\"@context\":\"https:\\\/\\\/schema.org\",\"@graph\":[{\"@type\":\"WebPage\",\"@id\":\"https:\\\/\\\/hub.ortopedie.md\\\/shop\\\/orteza-cervicala-pentru-copii-eb-km\\\/\",\"url\":\"https:\\\/\\\/hub.ortopedie.md\\\/shop\\\/orteza-cervicala-pentru-copii-eb-km\\\/\",\"name\":\"Orteza cervical\u0103 pentru copii EB-KM - HUB Ortopedie\",\"isPartOf\":{\"@id\":\"https:\\\/\\\/hub.ortopedie.md\\\/#website\"},\"primaryImageOfPage\":{\"@id\":\"https:\\\/\\\/hub.ortopedie.md\\\/shop\\\/orteza-cervicala-pentru-copii-eb-km\\\/#primaryimage\"},\"image\":{\"@id\":\"https:\\\/\\\/hub.ortopedie.md\\\/shop\\\/orteza-cervicala-pentru-copii-eb-km\\\/#primaryimage\"},\"thumbnailUrl\":\"https:\\\/\\\/hub.ortopedie.md\\\/wp-content\\\/uploads\\\/2018\\\/08\\\/EB-KM-tlo2.jpg\",\"datePublished\":\"2018-08-09T13:24:52+00:00\",\"dateModified\":\"2018-11-13T12:48:02+00:00\",\"description\":\"Orteza cervical\u0103 pentru copii EB-KM se folose\u0219te in cazul durerilor acute a g\u00eetului. Mai multe modele cu pre\u021buri le pote\u021bi vedea pe site sau in magazinul nostru.\",\"breadcrumb\":{\"@id\":\"https:\\\/\\\/hub.ortopedie.md\\\/shop\\\/orteza-cervicala-pentru-copii-eb-km\\\/#breadcrumb\"},\"inLanguage\":\"en-US\",\"potentialAction\":[{\"@type\":\"ReadAction\",\"target\":[\"https:\\\/\\\/hub.ortopedie.md\\\/shop\\\/orteza-cervicala-pentru-copii-eb-km\\\/\"]}]},{\"@type\":\"ImageObject\",\"inLanguage\":\"en-US\",\"@id\":\"https:\\\/\\\/hub.ortopedie.md\\\/shop\\\/orteza-cervicala-pentru-copii-eb-km\\\/#primaryimage\",\"url\":\"https:\\\/\\\/hub.ortopedie.md\\\/wp-content\\\/uploads\\\/2018\\\/08\\\/EB-KM-tlo2.jpg\",\"contentUrl\":\"https:\\\/\\\/hub.ortopedie.md\\\/wp-content\\\/uploads\\\/2018\\\/08\\\/EB-KM-tlo2.jpg\",\"width\":645,\"height\":430},{\"@type\":\"BreadcrumbList\",\"@id\":\"https:\\\/\\\/hub.ortopedie.md\\\/shop\\\/orteza-cervicala-pentru-copii-eb-km\\\/#breadcrumb\",\"itemListElement\":[{\"@type\":\"ListItem\",\"position\":1,\"name\":\"Prima pagin\u0103\",\"item\":\"https:\\\/\\\/hub.ortopedie.md\\\/en\\\/\"},{\"@type\":\"ListItem\",\"position\":2,\"name\":\"Produse\",\"item\":\"https:\\\/\\\/hub.ortopedie.md\\\/shop\\\/\"},{\"@type\":\"ListItem\",\"position\":3,\"name\":\"Orteza cervical\u0103 pentru copii EB-KM\"}]},{\"@type\":\"WebSite\",\"@id\":\"https:\\\/\\\/hub.ortopedie.md\\\/#website\",\"url\":\"https:\\\/\\\/hub.ortopedie.md\\\/\",\"name\":\"Hub Ortopedie - Magazin ortopedic. \u041e\u0440\u0442\u043e\u043f\u0435\u0434\u0438\u0447\u0435\u0441\u043a\u0438\u0439 \u043c\u0430\u0433\u0430\u0437\u0438\u043d\",\"description\":\"S\u0103n\u0103tate, confort, calitate\",\"publisher\":{\"@id\":\"https:\\\/\\\/hub.ortopedie.md\\\/#organization\"},\"potentialAction\":[{\"@type\":\"SearchAction\",\"target\":{\"@type\":\"EntryPoint\",\"urlTemplate\":\"https:\\\/\\\/hub.ortopedie.md\\\/?s={search_term_string}\"},\"query-input\":{\"@type\":\"PropertyValueSpecification\",\"valueRequired\":true,\"valueName\":\"search_term_string\"}}],\"inLanguage\":\"en-US\"},{\"@type\":\"Organization\",\"@id\":\"https:\\\/\\\/hub.ortopedie.md\\\/#organization\",\"name\":\"HUB ORTOPEDIE\",\"url\":\"https:\\\/\\\/hub.ortopedie.md\\\/\",\"logo\":{\"@type\":\"ImageObject\",\"inLanguage\":\"en-US\",\"@id\":\"https:\\\/\\\/hub.ortopedie.md\\\/#\\\/schema\\\/logo\\\/image\\\/\",\"url\":\"https:\\\/\\\/hub.ortopedie.md\\\/wp-content\\\/uploads\\\/2018\\\/01\\\/hub-logo.png\",\"contentUrl\":\"https:\\\/\\\/hub.ortopedie.md\\\/wp-content\\\/uploads\\\/2018\\\/01\\\/hub-logo.png\",\"width\":124,\"height\":90,\"caption\":\"HUB ORTOPEDIE\"},\"image\":{\"@id\":\"https:\\\/\\\/hub.ortopedie.md\\\/#\\\/schema\\\/logo\\\/image\\\/\"},\"sameAs\":[\"https:\\\/\\\/www.facebook.com\\\/ORTOPEDIE.MD\\\/\",\"https:\\\/\\\/www.instagram.com\\\/hub_ortopedie\\\/\"]}]}<\/script>\n<meta property=\"product:price:amount\" content=\"430.00\" \/>\n<meta property=\"product:price:currency\" content=\"MDL\" \/>\n<meta property=\"og:availability\" content=\"instock\" \/>\n<meta property=\"product:availability\" content=\"instock\" \/>\n<meta property=\"product:condition\" content=\"new\" \/>\n<!-- \/ Yoast SEO Premium plugin. -->","yoast_head_json":{"title":"Orteza cervical\u0103 pentru copii EB-KM - HUB Ortopedie","description":"Orteza cervical\u0103 pentru copii EB-KM se folose\u0219te in cazul durerilor acute a g\u00eetului. Mai multe modele cu pre\u021buri le pote\u021bi vedea pe site sau in magazinul nostru.","robots":{"index":"index","follow":"follow","max-snippet":"max-snippet:-1","max-image-preview":"max-image-preview:large","max-video-preview":"max-video-preview:-1"},"canonical":"https:\/\/hub.ortopedie.md\/en\/shop\/orteza-cervicala-pentru-copii-eb-km\/","og_locale":"en_US","og_type":"article","og_title":"Orteza cervical\u0103 pentru copii EB-KM","og_description":"Orteza cervical\u0103 pentru copii EB-KM se folose\u0219te in cazul durerilor acute a g\u00eetului. Mai multe modele cu pre\u021buri le pote\u021bi vedea pe site sau in magazinul nostru.","og_url":"https:\/\/hub.ortopedie.md\/shop\/orteza-cervicala-pentru-copii-eb-km\/","og_site_name":"Hub Ortopedie - Magazin ortopedic. \u041e\u0440\u0442\u043e\u043f\u0435\u0434\u0438\u0447\u0435\u0441\u043a\u0438\u0439 \u043c\u0430\u0433\u0430\u0437\u0438\u043d","article_publisher":"https:\/\/www.facebook.com\/ORTOPEDIE.MD\/","article_modified_time":"2018-11-13T12:48:02+00:00","og_image":[{"width":645,"height":430,"url":"https:\/\/hub.ortopedie.md\/wp-content\/uploads\/2018\/08\/EB-KM-tlo2.jpg","type":"image\/jpeg"}],"twitter_misc":{"Price":"430.00&nbsp;MDL","Availability":"In stock"},"schema":{"@context":"https:\/\/schema.org","@graph":[{"@type":"WebPage","@id":"https:\/\/hub.ortopedie.md\/shop\/orteza-cervicala-pentru-copii-eb-km\/","url":"https:\/\/hub.ortopedie.md\/shop\/orteza-cervicala-pentru-copii-eb-km\/","name":"Orteza cervical\u0103 pentru copii EB-KM - HUB Ortopedie","isPartOf":{"@id":"https:\/\/hub.ortopedie.md\/#website"},"primaryImageOfPage":{"@id":"https:\/\/hub.ortopedie.md\/shop\/orteza-cervicala-pentru-copii-eb-km\/#primaryimage"},"image":{"@id":"https:\/\/hub.ortopedie.md\/shop\/orteza-cervicala-pentru-copii-eb-km\/#primaryimage"},"thumbnailUrl":"https:\/\/hub.ortopedie.md\/wp-content\/uploads\/2018\/08\/EB-KM-tlo2.jpg","datePublished":"2018-08-09T13:24:52+00:00","dateModified":"2018-11-13T12:48:02+00:00","description":"Orteza cervical\u0103 pentru copii EB-KM se folose\u0219te in cazul durerilor acute a g\u00eetului. Mai multe modele cu pre\u021buri le pote\u021bi vedea pe site sau in magazinul nostru.","breadcrumb":{"@id":"https:\/\/hub.ortopedie.md\/shop\/orteza-cervicala-pentru-copii-eb-km\/#breadcrumb"},"inLanguage":"en-US","potentialAction":[{"@type":"ReadAction","target":["https:\/\/hub.ortopedie.md\/shop\/orteza-cervicala-pentru-copii-eb-km\/"]}]},{"@type":"ImageObject","inLanguage":"en-US","@id":"https:\/\/hub.ortopedie.md\/shop\/orteza-cervicala-pentru-copii-eb-km\/#primaryimage","url":"https:\/\/hub.ortopedie.md\/wp-content\/uploads\/2018\/08\/EB-KM-tlo2.jpg","contentUrl":"https:\/\/hub.ortopedie.md\/wp-content\/uploads\/2018\/08\/EB-KM-tlo2.jpg","width":645,"height":430},{"@type":"BreadcrumbList","@id":"https:\/\/hub.ortopedie.md\/shop\/orteza-cervicala-pentru-copii-eb-km\/#breadcrumb","itemListElement":[{"@type":"ListItem","position":1,"name":"Prima pagin\u0103","item":"https:\/\/hub.ortopedie.md\/en\/"},{"@type":"ListItem","position":2,"name":"Produse","item":"https:\/\/hub.ortopedie.md\/shop\/"},{"@type":"ListItem","position":3,"name":"Orteza cervical\u0103 pentru copii EB-KM"}]},{"@type":"WebSite","@id":"https:\/\/hub.ortopedie.md\/#website","url":"https:\/\/hub.ortopedie.md\/","name":"Hub Ortopedie - Magazin ortopedic. \u041e\u0440\u0442\u043e\u043f\u0435\u0434\u0438\u0447\u0435\u0441\u043a\u0438\u0439 \u043c\u0430\u0433\u0430\u0437\u0438\u043d","description":"S\u0103n\u0103tate, confort, calitate","publisher":{"@id":"https:\/\/hub.ortopedie.md\/#organization"},"potentialAction":[{"@type":"SearchAction","target":{"@type":"EntryPoint","urlTemplate":"https:\/\/hub.ortopedie.md\/?s={search_term_string}"},"query-input":{"@type":"PropertyValueSpecification","valueRequired":true,"valueName":"search_term_string"}}],"inLanguage":"en-US"},{"@type":"Organization","@id":"https:\/\/hub.ortopedie.md\/#organization","name":"HUB ORTOPEDIE","url":"https:\/\/hub.ortopedie.md\/","logo":{"@type":"ImageObject","inLanguage":"en-US","@id":"https:\/\/hub.ortopedie.md\/#\/schema\/logo\/image\/","url":"https:\/\/hub.ortopedie.md\/wp-content\/uploads\/2018\/01\/hub-logo.png","contentUrl":"https:\/\/hub.ortopedie.md\/wp-content\/uploads\/2018\/01\/hub-logo.png","width":124,"height":90,"caption":"HUB ORTOPEDIE"},"image":{"@id":"https:\/\/hub.ortopedie.md\/#\/schema\/logo\/image\/"},"sameAs":["https:\/\/www.facebook.com\/ORTOPEDIE.MD\/","https:\/\/www.instagram.com\/hub_ortopedie\/"]}]},"product_price_amount":"430.00","product_price_currency":"MDL","og_availability":"instock","product_availability":"instock","product_condition":"new"},"jetpack_sharing_enabled":true,"brands":[{"id":273,"name":"REH4MAT","slug":"reh4mat"}],"_links":{"self":[{"href":"https:\/\/hub.ortopedie.md\/en\/wp-json\/wp\/v2\/product\/3654","targetHints":{"allow":["GET"]}}],"collection":[{"href":"https:\/\/hub.ortopedie.md\/en\/wp-json\/wp\/v2\/product"}],"about":[{"href":"https:\/\/hub.ortopedie.md\/en\/wp-json\/wp\/v2\/types\/product"}],"wp:featuredmedia":[{"embeddable":true,"href":"https:\/\/hub.ortopedie.md\/en\/wp-json\/wp\/v2\/media\/3659"}],"wp:attachment":[{"href":"https:\/\/hub.ortopedie.md\/en\/wp-json\/wp\/v2\/media?parent=3654"}],"wp:term":[{"taxonomy":"pwb-brand","embeddable":true,"href":"https:\/\/hub.ortopedie.md\/en\/wp-json\/wp\/v2\/pwb-brand?post=3654"},{"taxonomy":"product_brand","embeddable":true,"href":"https:\/\/hub.ortopedie.md\/en\/wp-json\/wp\/v2\/product_brand?post=3654"},{"taxonomy":"product_cat","embeddable":true,"href":"https:\/\/hub.ortopedie.md\/en\/wp-json\/wp\/v2\/product_cat?post=3654"},{"taxonomy":"product_tag","embeddable":true,"href":"https:\/\/hub.ortopedie.md\/en\/wp-json\/wp\/v2\/product_tag?post=3654"}],"curies":[{"name":"wp","href":"https:\/\/api.w.org\/{rel}","templated":true}]}}