{"id":3660,"date":"2018-08-09T14:12:49","date_gmt":"2018-08-09T14:12:49","guid":{"rendered":"https:\/\/hub.ortopedie.md\/?post_type=product&#038;p=3660"},"modified":"2018-11-12T15:55:33","modified_gmt":"2018-11-12T15:55:33","slug":"corset-pediatric-toraco-lombar-pentru-copii-am-wsp-06","status":"publish","type":"product","link":"https:\/\/hub.ortopedie.md\/en\/shop\/corset-pediatric-toraco-lombar-pentru-copii-am-wsp-06\/","title":{"rendered":"Corset pediatric toraco lombar pentru copii AM-WSP-06"},"content":{"rendered":"<p>Corset pediatric toraco lombar pentru copii AM-WSP-06 este cu banda de dou\u0103 p\u0103r\u021bi a sec\u021biunii lombosacrale-toracice cu suprapunere pe regiunea clavicular\u0103 este format\u0103 din ActivDistance II, echipat\u0103 cu inser\u021bii ortopedice profilate \u00een tabletele lombosacrale \u0219i toracice, precum \u0219i benzi care stabilizeaz\u0103 regiunea clavicular\u0103.\u00a0Este compus\u0103 din dou\u0103 p\u0103r\u021bi, ceea ce permite modificarea acesteia \u00een func\u021bie de evolu\u021bia procesului de tratare.\u00a0Dac\u0103 este necesar, pute\u021bi utiliza doar partea lombosacral\u0103 a bandajului.\u00a0Se recomand\u0103 \u00een special pentru durerile de spate.\u00a0Cu acordul pacientului este cea mai bun\u0103 op\u021biune pentru fracturile coloanei vertebrale, \u00een caz de osteoporoz\u0103 \u0219i \u00een boala lui Scheuermann.\u00a0Se caracterizeaz\u0103 printr-un grad ridicat de stabilizare \u0219i siguran\u021b\u0103 \u00een utilizare \u0219ii confort.<\/p>\n<p>Ea are o nou\u0103 form\u0103 anatomic\u0103, mai bine adaptat\u0103 la figura.\u00a0Fixat \u00eentr-un mod asimetric.\u00a0Aceast\u0103 solu\u021bie v\u0103 permite s\u0103 adapta\u021bi mai bine produsele la corp.\u00a0\u00cen clapele din interior se afl\u0103 o c\u0103ptu\u0219ire semi-rigid\u0103 \u0219i o garnitur\u0103 din plastic.\u00a0Grosimea spumei este aleas\u0103 astfel \u00eenc\u00e2t pacientul s\u0103 nu se simt\u0103 nepl\u0103cut din suportul de aluminiu.<\/p>\n<p>&nbsp;<\/p>\n<p><strong><img decoding=\"async\" class=\"alignnone wp-image-3664 size-600\" src=\"https:\/\/hub.ortopedie.md\/wp-content\/uploads\/2018\/08\/activ_distance_ii_sch_ru-1-600x285.png\" alt=\"\" width=\"600\" height=\"285\" srcset=\"https:\/\/hub.ortopedie.md\/wp-content\/uploads\/2018\/08\/activ_distance_ii_sch_ru-1-200x95.png 200w, https:\/\/hub.ortopedie.md\/wp-content\/uploads\/2018\/08\/activ_distance_ii_sch_ru-1-300x143.png 300w, https:\/\/hub.ortopedie.md\/wp-content\/uploads\/2018\/08\/activ_distance_ii_sch_ru-1-400x190.png 400w, https:\/\/hub.ortopedie.md\/wp-content\/uploads\/2018\/08\/activ_distance_ii_sch_ru-1-500x238.png 500w, https:\/\/hub.ortopedie.md\/wp-content\/uploads\/2018\/08\/activ_distance_ii_sch_ru-1-600x285.png 600w, https:\/\/hub.ortopedie.md\/wp-content\/uploads\/2018\/08\/activ_distance_ii_sch_ru-1.png 631w\" sizes=\"(max-width: 600px) 100vw, 600px\" \/><\/strong><\/p>\n<p>Partea lateral\u0103 \u0219i spatele sunt realizate din cauciuc ortopedic AirRubber.<\/p>\n<p><strong><img decoding=\"async\" class=\"alignnone wp-image-3665 size-600\" src=\"https:\/\/hub.ortopedie.md\/wp-content\/uploads\/2018\/08\/AIR-rubber-ru-600x319.png\" alt=\"\" width=\"600\" height=\"319\" srcset=\"https:\/\/hub.ortopedie.md\/wp-content\/uploads\/2018\/08\/AIR-rubber-ru-200x106.png 200w, https:\/\/hub.ortopedie.md\/wp-content\/uploads\/2018\/08\/AIR-rubber-ru-300x159.png 300w, https:\/\/hub.ortopedie.md\/wp-content\/uploads\/2018\/08\/AIR-rubber-ru-400x213.png 400w, https:\/\/hub.ortopedie.md\/wp-content\/uploads\/2018\/08\/AIR-rubber-ru-500x266.png 500w, https:\/\/hub.ortopedie.md\/wp-content\/uploads\/2018\/08\/AIR-rubber-ru-600x319.png 600w, https:\/\/hub.ortopedie.md\/wp-content\/uploads\/2018\/08\/AIR-rubber-ru.png 640w\" sizes=\"(max-width: 600px) 100vw, 600px\" \/><\/strong><\/p>\n<p>&nbsp;<\/p>\n<h2>Precau\u021bii de utilizare<\/h2>\n<p>Orteza poate fi utilizat\u0103 \u00een cazuri:<br \/>\n&#8211; Cu dureri acute \u00een regiunile lombosacrale \u0219i toracice<br \/>\n&#8211; instabilitatea spin\u0103rii<br \/>\n&#8211; dup\u0103 fracturile spinoase \u00eempotriva osteoporozei (cu consultarea prealabil\u0103 a medicului)<br \/>\n&#8211; discopatie lombar\u0103<br \/>\n&#8211; dup\u0103 opera\u021bia lombar\u0103 a coloanei vertebrale<br \/>\n&#8211; dup\u0103 \u00eendep\u0103rtarea gipsului \u00een regiunea lombosacral\u0103 ca stabilizator<br \/>\n&#8211; pe fundalul sciaticii<br \/>\n&#8211; cu modific\u0103ri degenerative \u00een coloana lombosacral\u0103<br \/>\n&#8211; cu osteoporoz\u0103<\/p>\n<h2>Tabel<\/h2>\n<p>Tabel 1<\/p>\n<table border=\"0\" cellspacing=\"0\">\n<thead>\n<tr>\n<th>Marime<\/th>\n<th>Circumferin\u021ba taliei<\/th>\n<th>Metoda de m\u0103surare<\/th>\n<\/tr>\n<\/thead>\n<colgroup width=\"100\"><\/colgroup>\n<colgroup width=\"100\"><\/colgroup>\n<colgroup width=\"100\"><\/colgroup>\n<colgroup width=\"238\"><\/colgroup>\n<tbody>\n<tr>\n<td>1<\/td>\n<td>50-60 \u0441\u043c<\/td>\n<td rowspan=\"2\"><img decoding=\"async\" class=\"alignnone wp-image-3662 size-thumbnail\" src=\"https:\/\/hub.ortopedie.md\/wp-content\/uploads\/2018\/08\/biodrowo-lendzwiowy-150x150.png\" alt=\"\" width=\"150\" height=\"150\" srcset=\"https:\/\/hub.ortopedie.md\/wp-content\/uploads\/2018\/08\/biodrowo-lendzwiowy-66x66.png 66w, https:\/\/hub.ortopedie.md\/wp-content\/uploads\/2018\/08\/biodrowo-lendzwiowy-100x100.png 100w, https:\/\/hub.ortopedie.md\/wp-content\/uploads\/2018\/08\/biodrowo-lendzwiowy-150x150.png 150w, https:\/\/hub.ortopedie.md\/wp-content\/uploads\/2018\/08\/biodrowo-lendzwiowy-200x200.png 200w, https:\/\/hub.ortopedie.md\/wp-content\/uploads\/2018\/08\/biodrowo-lendzwiowy.png 250w\" sizes=\"(max-width: 150px) 100vw, 150px\" \/><\/td>\n<\/tr>\n<tr>\n<td>2<\/td>\n<td>60,5-70 \u0441\u043c<\/td>\n<\/tr>\n<\/tbody>\n<\/table>\n<p>Tabel 2<\/p>\n<table border=\"0\" cellspacing=\"0\">\n<thead>\n<tr>\n<th align=\"center\" valign=\"middle\">Marime<\/th>\n<th align=\"center\" valign=\"middle\">Distan\u021b\u0103<\/th>\n<th align=\"center\" valign=\"middle\">Metoda de m\u0103surare<\/th>\n<\/tr>\n<\/thead>\n<tbody>\n<tr>\n<td>1<\/td>\n<td>35-38 \u0441\u043c<\/td>\n<td rowspan=\"2\"><img decoding=\"async\" class=\"alignnone wp-image-3663 size-thumbnail\" src=\"https:\/\/hub.ortopedie.md\/wp-content\/uploads\/2018\/08\/tlso-plus-208x208-150x150.png\" alt=\"\" width=\"150\" height=\"150\" srcset=\"https:\/\/hub.ortopedie.md\/wp-content\/uploads\/2018\/08\/tlso-plus-208x208-66x66.png 66w, https:\/\/hub.ortopedie.md\/wp-content\/uploads\/2018\/08\/tlso-plus-208x208-100x100.png 100w, https:\/\/hub.ortopedie.md\/wp-content\/uploads\/2018\/08\/tlso-plus-208x208-150x150.png 150w, https:\/\/hub.ortopedie.md\/wp-content\/uploads\/2018\/08\/tlso-plus-208x208-200x200.png 200w, https:\/\/hub.ortopedie.md\/wp-content\/uploads\/2018\/08\/tlso-plus-208x208.png 208w\" sizes=\"(max-width: 150px) 100vw, 150px\" \/><\/td>\n<\/tr>\n<tr>\n<td>2<\/td>\n<td>38,5-42 \u0441\u043c<\/td>\n<\/tr>\n<\/tbody>\n<\/table>\n<p>&nbsp;<\/p>\n","protected":false},"excerpt":{"rendered":"<p>Corset pediatric toraco lombar pentru copii AM-WSP-06 este cu banda  [&#8230;]<\/p>\n","protected":false},"featured_media":3661,"template":"","meta":[],"pwb-brand":[273],"product_brand":[],"product_cat":[18],"product_tag":[],"class_list":{"0":"post-3660","1":"product","2":"type-product","3":"status-publish","4":"has-post-thumbnail","6":"pwb-brand-reh4mat","7":"product_cat-orteze","9":"first","10":"instock","11":"shipping-taxable","12":"purchasable","13":"product-type-simple"},"yoast_head":"<!-- This site is optimized with the Yoast SEO Premium plugin v18.3 (Yoast SEO v27.4) - https:\/\/yoast.com\/product\/yoast-seo-premium-wordpress\/ -->\n<title>Corset pediatric toraco lombar pentru copii AM-WSP-06 - HUB Ortopedie<\/title>\n<meta name=\"description\" content=\"Corset pediatric toraco lombar pentru copii AM-WSP-06 orteza poate fi utilizat\u0103 \u00een cazuri Cu dureri acute \u00een regiunile lombosacrale \u0219i toracice, instabilitatea spin\u0103rii, dup\u0103 fracturile spinoase \u00eempotriva osteoporozei\" \/>\n<meta name=\"robots\" content=\"index, follow, max-snippet:-1, max-image-preview:large, max-video-preview:-1\" \/>\n<link rel=\"canonical\" href=\"https:\/\/hub.ortopedie.md\/en\/shop\/corset-pediatric-toraco-lombar-pentru-copii-am-wsp-06\/\" \/>\n<meta property=\"og:locale\" content=\"en_US\" \/>\n<meta property=\"og:type\" content=\"article\" \/>\n<meta property=\"og:title\" content=\"Corset pediatric toraco lombar pentru copii AM-WSP-06\" \/>\n<meta property=\"og:description\" content=\"Corset pediatric toraco lombar pentru copii AM-WSP-06 orteza poate fi utilizat\u0103 \u00een cazuri Cu dureri acute \u00een regiunile lombosacrale \u0219i toracice, instabilitatea spin\u0103rii, dup\u0103 fracturile spinoase \u00eempotriva osteoporozei\" \/>\n<meta property=\"og:url\" content=\"https:\/\/hub.ortopedie.md\/shop\/corset-pediatric-toraco-lombar-pentru-copii-am-wsp-06\/\" \/>\n<meta property=\"og:site_name\" content=\"Hub Ortopedie - Magazin ortopedic. \u041e\u0440\u0442\u043e\u043f\u0435\u0434\u0438\u0447\u0435\u0441\u043a\u0438\u0439 \u043c\u0430\u0433\u0430\u0437\u0438\u043d\" \/>\n<meta property=\"article:publisher\" content=\"https:\/\/www.facebook.com\/ORTOPEDIE.MD\/\" \/>\n<meta property=\"article:modified_time\" content=\"2018-11-12T15:55:33+00:00\" \/>\n<meta property=\"og:image\" content=\"https:\/\/hub.ortopedie.md\/wp-content\/uploads\/2018\/08\/AM-WSP-06.jpg\" \/>\n\t<meta property=\"og:image:width\" content=\"645\" \/>\n\t<meta property=\"og:image:height\" content=\"505\" \/>\n\t<meta property=\"og:image:type\" content=\"image\/jpeg\" \/>\n<meta name=\"twitter:label1\" content=\"Price\" \/>\n\t<meta name=\"twitter:data1\" content=\"1,600.00&nbsp;MDL\" \/>\n\t<meta name=\"twitter:label2\" content=\"Availability\" \/>\n\t<meta name=\"twitter:data2\" content=\"In stock\" \/>\n<script type=\"application\/ld+json\" class=\"yoast-schema-graph\">{\"@context\":\"https:\\\/\\\/schema.org\",\"@graph\":[{\"@type\":\"WebPage\",\"@id\":\"https:\\\/\\\/hub.ortopedie.md\\\/shop\\\/corset-pediatric-toraco-lombar-pentru-copii-am-wsp-06\\\/\",\"url\":\"https:\\\/\\\/hub.ortopedie.md\\\/shop\\\/corset-pediatric-toraco-lombar-pentru-copii-am-wsp-06\\\/\",\"name\":\"Corset pediatric toraco lombar pentru copii AM-WSP-06 - HUB Ortopedie\",\"isPartOf\":{\"@id\":\"https:\\\/\\\/hub.ortopedie.md\\\/#website\"},\"primaryImageOfPage\":{\"@id\":\"https:\\\/\\\/hub.ortopedie.md\\\/shop\\\/corset-pediatric-toraco-lombar-pentru-copii-am-wsp-06\\\/#primaryimage\"},\"image\":{\"@id\":\"https:\\\/\\\/hub.ortopedie.md\\\/shop\\\/corset-pediatric-toraco-lombar-pentru-copii-am-wsp-06\\\/#primaryimage\"},\"thumbnailUrl\":\"https:\\\/\\\/hub.ortopedie.md\\\/wp-content\\\/uploads\\\/2018\\\/08\\\/AM-WSP-06.jpg\",\"datePublished\":\"2018-08-09T14:12:49+00:00\",\"dateModified\":\"2018-11-12T15:55:33+00:00\",\"description\":\"Corset pediatric toraco lombar pentru copii AM-WSP-06 orteza poate fi utilizat\u0103 \u00een cazuri Cu dureri acute \u00een regiunile lombosacrale \u0219i toracice, instabilitatea spin\u0103rii, dup\u0103 fracturile spinoase \u00eempotriva osteoporozei\",\"breadcrumb\":{\"@id\":\"https:\\\/\\\/hub.ortopedie.md\\\/shop\\\/corset-pediatric-toraco-lombar-pentru-copii-am-wsp-06\\\/#breadcrumb\"},\"inLanguage\":\"en-US\",\"potentialAction\":[{\"@type\":\"ReadAction\",\"target\":[\"https:\\\/\\\/hub.ortopedie.md\\\/shop\\\/corset-pediatric-toraco-lombar-pentru-copii-am-wsp-06\\\/\"]}]},{\"@type\":\"ImageObject\",\"inLanguage\":\"en-US\",\"@id\":\"https:\\\/\\\/hub.ortopedie.md\\\/shop\\\/corset-pediatric-toraco-lombar-pentru-copii-am-wsp-06\\\/#primaryimage\",\"url\":\"https:\\\/\\\/hub.ortopedie.md\\\/wp-content\\\/uploads\\\/2018\\\/08\\\/AM-WSP-06.jpg\",\"contentUrl\":\"https:\\\/\\\/hub.ortopedie.md\\\/wp-content\\\/uploads\\\/2018\\\/08\\\/AM-WSP-06.jpg\",\"width\":645,\"height\":505},{\"@type\":\"BreadcrumbList\",\"@id\":\"https:\\\/\\\/hub.ortopedie.md\\\/shop\\\/corset-pediatric-toraco-lombar-pentru-copii-am-wsp-06\\\/#breadcrumb\",\"itemListElement\":[{\"@type\":\"ListItem\",\"position\":1,\"name\":\"Prima pagin\u0103\",\"item\":\"https:\\\/\\\/hub.ortopedie.md\\\/en\\\/\"},{\"@type\":\"ListItem\",\"position\":2,\"name\":\"Produse\",\"item\":\"https:\\\/\\\/hub.ortopedie.md\\\/shop\\\/\"},{\"@type\":\"ListItem\",\"position\":3,\"name\":\"Corset pediatric toraco lombar pentru copii AM-WSP-06\"}]},{\"@type\":\"WebSite\",\"@id\":\"https:\\\/\\\/hub.ortopedie.md\\\/#website\",\"url\":\"https:\\\/\\\/hub.ortopedie.md\\\/\",\"name\":\"Hub Ortopedie - Magazin ortopedic. \u041e\u0440\u0442\u043e\u043f\u0435\u0434\u0438\u0447\u0435\u0441\u043a\u0438\u0439 \u043c\u0430\u0433\u0430\u0437\u0438\u043d\",\"description\":\"S\u0103n\u0103tate, confort, calitate\",\"publisher\":{\"@id\":\"https:\\\/\\\/hub.ortopedie.md\\\/#organization\"},\"potentialAction\":[{\"@type\":\"SearchAction\",\"target\":{\"@type\":\"EntryPoint\",\"urlTemplate\":\"https:\\\/\\\/hub.ortopedie.md\\\/?s={search_term_string}\"},\"query-input\":{\"@type\":\"PropertyValueSpecification\",\"valueRequired\":true,\"valueName\":\"search_term_string\"}}],\"inLanguage\":\"en-US\"},{\"@type\":\"Organization\",\"@id\":\"https:\\\/\\\/hub.ortopedie.md\\\/#organization\",\"name\":\"HUB ORTOPEDIE\",\"url\":\"https:\\\/\\\/hub.ortopedie.md\\\/\",\"logo\":{\"@type\":\"ImageObject\",\"inLanguage\":\"en-US\",\"@id\":\"https:\\\/\\\/hub.ortopedie.md\\\/#\\\/schema\\\/logo\\\/image\\\/\",\"url\":\"https:\\\/\\\/hub.ortopedie.md\\\/wp-content\\\/uploads\\\/2018\\\/01\\\/hub-logo.png\",\"contentUrl\":\"https:\\\/\\\/hub.ortopedie.md\\\/wp-content\\\/uploads\\\/2018\\\/01\\\/hub-logo.png\",\"width\":124,\"height\":90,\"caption\":\"HUB ORTOPEDIE\"},\"image\":{\"@id\":\"https:\\\/\\\/hub.ortopedie.md\\\/#\\\/schema\\\/logo\\\/image\\\/\"},\"sameAs\":[\"https:\\\/\\\/www.facebook.com\\\/ORTOPEDIE.MD\\\/\",\"https:\\\/\\\/www.instagram.com\\\/hub_ortopedie\\\/\"]}]}<\/script>\n<meta property=\"product:price:amount\" content=\"1600.00\" \/>\n<meta property=\"product:price:currency\" content=\"MDL\" \/>\n<meta property=\"og:availability\" content=\"instock\" \/>\n<meta property=\"product:availability\" content=\"instock\" \/>\n<meta property=\"product:condition\" content=\"new\" \/>\n<!-- \/ Yoast SEO Premium plugin. -->","yoast_head_json":{"title":"Corset pediatric toraco lombar pentru copii AM-WSP-06 - HUB Ortopedie","description":"Corset pediatric toraco lombar pentru copii AM-WSP-06 orteza poate fi utilizat\u0103 \u00een cazuri Cu dureri acute \u00een regiunile lombosacrale \u0219i toracice, instabilitatea spin\u0103rii, dup\u0103 fracturile spinoase \u00eempotriva osteoporozei","robots":{"index":"index","follow":"follow","max-snippet":"max-snippet:-1","max-image-preview":"max-image-preview:large","max-video-preview":"max-video-preview:-1"},"canonical":"https:\/\/hub.ortopedie.md\/en\/shop\/corset-pediatric-toraco-lombar-pentru-copii-am-wsp-06\/","og_locale":"en_US","og_type":"article","og_title":"Corset pediatric toraco lombar pentru copii AM-WSP-06","og_description":"Corset pediatric toraco lombar pentru copii AM-WSP-06 orteza poate fi utilizat\u0103 \u00een cazuri Cu dureri acute \u00een regiunile lombosacrale \u0219i toracice, instabilitatea spin\u0103rii, dup\u0103 fracturile spinoase \u00eempotriva osteoporozei","og_url":"https:\/\/hub.ortopedie.md\/shop\/corset-pediatric-toraco-lombar-pentru-copii-am-wsp-06\/","og_site_name":"Hub Ortopedie - Magazin ortopedic. \u041e\u0440\u0442\u043e\u043f\u0435\u0434\u0438\u0447\u0435\u0441\u043a\u0438\u0439 \u043c\u0430\u0433\u0430\u0437\u0438\u043d","article_publisher":"https:\/\/www.facebook.com\/ORTOPEDIE.MD\/","article_modified_time":"2018-11-12T15:55:33+00:00","og_image":[{"width":645,"height":505,"url":"https:\/\/hub.ortopedie.md\/wp-content\/uploads\/2018\/08\/AM-WSP-06.jpg","type":"image\/jpeg"}],"twitter_misc":{"Price":"1,600.00&nbsp;MDL","Availability":"In stock"},"schema":{"@context":"https:\/\/schema.org","@graph":[{"@type":"WebPage","@id":"https:\/\/hub.ortopedie.md\/shop\/corset-pediatric-toraco-lombar-pentru-copii-am-wsp-06\/","url":"https:\/\/hub.ortopedie.md\/shop\/corset-pediatric-toraco-lombar-pentru-copii-am-wsp-06\/","name":"Corset pediatric toraco lombar pentru copii AM-WSP-06 - HUB Ortopedie","isPartOf":{"@id":"https:\/\/hub.ortopedie.md\/#website"},"primaryImageOfPage":{"@id":"https:\/\/hub.ortopedie.md\/shop\/corset-pediatric-toraco-lombar-pentru-copii-am-wsp-06\/#primaryimage"},"image":{"@id":"https:\/\/hub.ortopedie.md\/shop\/corset-pediatric-toraco-lombar-pentru-copii-am-wsp-06\/#primaryimage"},"thumbnailUrl":"https:\/\/hub.ortopedie.md\/wp-content\/uploads\/2018\/08\/AM-WSP-06.jpg","datePublished":"2018-08-09T14:12:49+00:00","dateModified":"2018-11-12T15:55:33+00:00","description":"Corset pediatric toraco lombar pentru copii AM-WSP-06 orteza poate fi utilizat\u0103 \u00een cazuri Cu dureri acute \u00een regiunile lombosacrale \u0219i toracice, instabilitatea spin\u0103rii, dup\u0103 fracturile spinoase \u00eempotriva osteoporozei","breadcrumb":{"@id":"https:\/\/hub.ortopedie.md\/shop\/corset-pediatric-toraco-lombar-pentru-copii-am-wsp-06\/#breadcrumb"},"inLanguage":"en-US","potentialAction":[{"@type":"ReadAction","target":["https:\/\/hub.ortopedie.md\/shop\/corset-pediatric-toraco-lombar-pentru-copii-am-wsp-06\/"]}]},{"@type":"ImageObject","inLanguage":"en-US","@id":"https:\/\/hub.ortopedie.md\/shop\/corset-pediatric-toraco-lombar-pentru-copii-am-wsp-06\/#primaryimage","url":"https:\/\/hub.ortopedie.md\/wp-content\/uploads\/2018\/08\/AM-WSP-06.jpg","contentUrl":"https:\/\/hub.ortopedie.md\/wp-content\/uploads\/2018\/08\/AM-WSP-06.jpg","width":645,"height":505},{"@type":"BreadcrumbList","@id":"https:\/\/hub.ortopedie.md\/shop\/corset-pediatric-toraco-lombar-pentru-copii-am-wsp-06\/#breadcrumb","itemListElement":[{"@type":"ListItem","position":1,"name":"Prima pagin\u0103","item":"https:\/\/hub.ortopedie.md\/en\/"},{"@type":"ListItem","position":2,"name":"Produse","item":"https:\/\/hub.ortopedie.md\/shop\/"},{"@type":"ListItem","position":3,"name":"Corset pediatric toraco lombar pentru copii AM-WSP-06"}]},{"@type":"WebSite","@id":"https:\/\/hub.ortopedie.md\/#website","url":"https:\/\/hub.ortopedie.md\/","name":"Hub Ortopedie - Magazin ortopedic. \u041e\u0440\u0442\u043e\u043f\u0435\u0434\u0438\u0447\u0435\u0441\u043a\u0438\u0439 \u043c\u0430\u0433\u0430\u0437\u0438\u043d","description":"S\u0103n\u0103tate, confort, calitate","publisher":{"@id":"https:\/\/hub.ortopedie.md\/#organization"},"potentialAction":[{"@type":"SearchAction","target":{"@type":"EntryPoint","urlTemplate":"https:\/\/hub.ortopedie.md\/?s={search_term_string}"},"query-input":{"@type":"PropertyValueSpecification","valueRequired":true,"valueName":"search_term_string"}}],"inLanguage":"en-US"},{"@type":"Organization","@id":"https:\/\/hub.ortopedie.md\/#organization","name":"HUB ORTOPEDIE","url":"https:\/\/hub.ortopedie.md\/","logo":{"@type":"ImageObject","inLanguage":"en-US","@id":"https:\/\/hub.ortopedie.md\/#\/schema\/logo\/image\/","url":"https:\/\/hub.ortopedie.md\/wp-content\/uploads\/2018\/01\/hub-logo.png","contentUrl":"https:\/\/hub.ortopedie.md\/wp-content\/uploads\/2018\/01\/hub-logo.png","width":124,"height":90,"caption":"HUB ORTOPEDIE"},"image":{"@id":"https:\/\/hub.ortopedie.md\/#\/schema\/logo\/image\/"},"sameAs":["https:\/\/www.facebook.com\/ORTOPEDIE.MD\/","https:\/\/www.instagram.com\/hub_ortopedie\/"]}]},"product_price_amount":"1600.00","product_price_currency":"MDL","og_availability":"instock","product_availability":"instock","product_condition":"new"},"jetpack_sharing_enabled":true,"brands":[{"id":273,"name":"REH4MAT","slug":"reh4mat"}],"_links":{"self":[{"href":"https:\/\/hub.ortopedie.md\/en\/wp-json\/wp\/v2\/product\/3660","targetHints":{"allow":["GET"]}}],"collection":[{"href":"https:\/\/hub.ortopedie.md\/en\/wp-json\/wp\/v2\/product"}],"about":[{"href":"https:\/\/hub.ortopedie.md\/en\/wp-json\/wp\/v2\/types\/product"}],"wp:featuredmedia":[{"embeddable":true,"href":"https:\/\/hub.ortopedie.md\/en\/wp-json\/wp\/v2\/media\/3661"}],"wp:attachment":[{"href":"https:\/\/hub.ortopedie.md\/en\/wp-json\/wp\/v2\/media?parent=3660"}],"wp:term":[{"taxonomy":"pwb-brand","embeddable":true,"href":"https:\/\/hub.ortopedie.md\/en\/wp-json\/wp\/v2\/pwb-brand?post=3660"},{"taxonomy":"product_brand","embeddable":true,"href":"https:\/\/hub.ortopedie.md\/en\/wp-json\/wp\/v2\/product_brand?post=3660"},{"taxonomy":"product_cat","embeddable":true,"href":"https:\/\/hub.ortopedie.md\/en\/wp-json\/wp\/v2\/product_cat?post=3660"},{"taxonomy":"product_tag","embeddable":true,"href":"https:\/\/hub.ortopedie.md\/en\/wp-json\/wp\/v2\/product_tag?post=3660"}],"curies":[{"name":"wp","href":"https:\/\/api.w.org\/{rel}","templated":true}]}}