{"id":3668,"date":"2018-08-09T14:46:40","date_gmt":"2018-08-09T14:46:40","guid":{"rendered":"https:\/\/hub.ortopedie.md\/?post_type=product&#038;p=3668"},"modified":"2018-11-08T10:23:16","modified_gmt":"2018-11-08T10:23:16","slug":"corset-pediatric-toraco-lombar-pentru-maturi-am-pzm-02d","status":"publish","type":"product","link":"https:\/\/hub.ortopedie.md\/en\/shop\/corset-pediatric-toraco-lombar-pentru-maturi-am-pzm-02d\/","title":{"rendered":"Corset toracic AM-PZM-02\/D"},"content":{"rendered":"<p>Corset toracic AM-PZM-02\/D stabilizeaz\u0103 \u00een mod efectiv coastele datorit\u0103 comprim\u0103rii toracelui \u0219i limiteaz\u0103 &#8220;\u00eendreptarea&#8221; coastelor, reduce durerea \u00een timpul inflama\u021biei (\u00een timpul respira\u021biilor profunde).\u00a0Datorit\u0103 designului ventilat, pielea r\u0103m\u00e2ne uscat\u0103, ceea ce are un efect pozitiv asupra vindec\u0103rii \u0219i reduce durerea.<\/p>\n<p>Se recomand\u0103 \u00een special pentru fracturi ale coastelor, sternului, contuzii toracice, pleurezie.<\/p>\n<p>Bandajul este fabricat din ActivRubber II.<\/p>\n<p><strong><img decoding=\"async\" class=\"alignnone wp-image-3669 size-600\" src=\"https:\/\/hub.ortopedie.md\/wp-content\/uploads\/2018\/08\/activ_rubber_ii_sch_ru-600x285.png\" alt=\"\" width=\"600\" height=\"285\" srcset=\"https:\/\/hub.ortopedie.md\/wp-content\/uploads\/2018\/08\/activ_rubber_ii_sch_ru-200x95.png 200w, https:\/\/hub.ortopedie.md\/wp-content\/uploads\/2018\/08\/activ_rubber_ii_sch_ru-300x143.png 300w, https:\/\/hub.ortopedie.md\/wp-content\/uploads\/2018\/08\/activ_rubber_ii_sch_ru-400x190.png 400w, https:\/\/hub.ortopedie.md\/wp-content\/uploads\/2018\/08\/activ_rubber_ii_sch_ru-500x238.png 500w, https:\/\/hub.ortopedie.md\/wp-content\/uploads\/2018\/08\/activ_rubber_ii_sch_ru-600x285.png 600w, https:\/\/hub.ortopedie.md\/wp-content\/uploads\/2018\/08\/activ_rubber_ii_sch_ru.png 631w\" sizes=\"(max-width: 600px) 100vw, 600px\" \/><\/strong><\/p>\n<h2>Precau\u0163ii\u00a0la\u00a0utilizare<\/h2>\n<ul>\n<li>fracturi sau contuzie a coastelor cutiei toratice,<\/li>\n<li>dup\u0103 o interven\u021bie chirurgical\u0103 cardiac\u0103,<\/li>\n<li>pentru a stabiliza \u0219i consolida mu\u0219chii pieptului.<\/li>\n<\/ul>\n<h2>Tabel de dimensiuni<\/h2>\n<table border=\"0\" cellspacing=\"0\">\n<thead>\n<tr>\n<td>Marime<\/td>\n<td>Circumferinta pieptului<\/td>\n<td>Metoda de m\u0103surare<\/td>\n<\/tr>\n<\/thead>\n<colgroup width=\"135\"><\/colgroup>\n<colgroup width=\"238\"><\/colgroup>\n<tbody>\n<tr>\n<td>M<\/td>\n<td>70-90 cm<\/td>\n<td rowspan=\"2\"><img decoding=\"async\" class=\"alignnone wp-image-3671 size-thumbnail\" src=\"https:\/\/hub.ortopedie.md\/wp-content\/uploads\/2018\/08\/piersiowy-3-150x150.png\" alt=\"\" width=\"150\" height=\"150\" srcset=\"https:\/\/hub.ortopedie.md\/wp-content\/uploads\/2018\/08\/piersiowy-3-66x66.png 66w, https:\/\/hub.ortopedie.md\/wp-content\/uploads\/2018\/08\/piersiowy-3-100x100.png 100w, https:\/\/hub.ortopedie.md\/wp-content\/uploads\/2018\/08\/piersiowy-3-150x150.png 150w, https:\/\/hub.ortopedie.md\/wp-content\/uploads\/2018\/08\/piersiowy-3-200x200.png 200w, https:\/\/hub.ortopedie.md\/wp-content\/uploads\/2018\/08\/piersiowy-3.png 250w\" sizes=\"(max-width: 150px) 100vw, 150px\" \/><\/td>\n<\/tr>\n<tr>\n<td>L<\/td>\n<td>90-120 cm<\/td>\n<\/tr>\n<\/tbody>\n<\/table>\n<h2>Metoda de folosire<\/h2>\n<p><img decoding=\"async\" class=\"alignnone wp-image-3672 size-600\" src=\"https:\/\/hub.ortopedie.md\/wp-content\/uploads\/2018\/08\/pzd-spos-630x595-600x567.jpg\" alt=\"\" width=\"600\" height=\"567\" srcset=\"https:\/\/hub.ortopedie.md\/wp-content\/uploads\/2018\/08\/pzd-spos-630x595-200x189.jpg 200w, https:\/\/hub.ortopedie.md\/wp-content\/uploads\/2018\/08\/pzd-spos-630x595-300x283.jpg 300w, https:\/\/hub.ortopedie.md\/wp-content\/uploads\/2018\/08\/pzd-spos-630x595-400x378.jpg 400w, https:\/\/hub.ortopedie.md\/wp-content\/uploads\/2018\/08\/pzd-spos-630x595-500x472.jpg 500w, https:\/\/hub.ortopedie.md\/wp-content\/uploads\/2018\/08\/pzd-spos-630x595-600x567.jpg 600w, https:\/\/hub.ortopedie.md\/wp-content\/uploads\/2018\/08\/pzd-spos-630x595.jpg 630w\" sizes=\"(max-width: 600px) 100vw, 600px\" \/><\/p>\n","protected":false},"excerpt":{"rendered":"<p>Corset toracic AM-PZM-02\/D stabilizeaz\u0103 \u00een mod efectiv coastele datorit\u0103 comprim\u0103rii  [&#8230;]<\/p>\n","protected":false},"featured_media":3670,"template":"","meta":[],"pwb-brand":[273],"product_brand":[],"product_cat":[18],"product_tag":[],"class_list":{"0":"post-3668","1":"product","2":"type-product","3":"status-publish","4":"has-post-thumbnail","6":"pwb-brand-reh4mat","7":"product_cat-orteze","9":"first","10":"instock","11":"shipping-taxable","12":"purchasable","13":"product-type-simple"},"yoast_head":"<!-- This site is optimized with the Yoast SEO Premium plugin v18.3 (Yoast SEO v27.4) - https:\/\/yoast.com\/product\/yoast-seo-premium-wordpress\/ -->\n<title>Corset toracic AM-PZM-02\/D \u00een Moldova or. Chi\u0219inau - HUB Ortopedie<\/title>\n<meta name=\"description\" content=\"Corset toracic AM-PZM-02\/D stabilizeaz\u0103 \u00een mod efectiv coastele datorit\u0103 comprim\u0103rii toracelui \u0219i limiteaz\u0103 &quot;\u00eendreptarea&quot; coastelor, reduce durerea \u00een timpul inflama\u021biei (\u00een timpul respira\u021biilor profunde).\" \/>\n<meta name=\"robots\" content=\"index, follow, max-snippet:-1, max-image-preview:large, max-video-preview:-1\" \/>\n<link rel=\"canonical\" href=\"https:\/\/hub.ortopedie.md\/en\/shop\/corset-pediatric-toraco-lombar-pentru-maturi-am-pzm-02d\/\" \/>\n<meta property=\"og:locale\" content=\"en_US\" \/>\n<meta property=\"og:type\" content=\"article\" \/>\n<meta property=\"og:title\" content=\"Corset toracic AM-PZM-02\/D\" \/>\n<meta property=\"og:description\" content=\"Corset toracic AM-PZM-02\/D stabilizeaz\u0103 \u00een mod efectiv coastele datorit\u0103 comprim\u0103rii toracelui \u0219i limiteaz\u0103 &quot;\u00eendreptarea&quot; coastelor, reduce durerea \u00een timpul inflama\u021biei (\u00een timpul respira\u021biilor profunde).\" \/>\n<meta property=\"og:url\" content=\"https:\/\/hub.ortopedie.md\/shop\/corset-pediatric-toraco-lombar-pentru-maturi-am-pzm-02d\/\" \/>\n<meta property=\"og:site_name\" content=\"Hub Ortopedie - Magazin ortopedic. \u041e\u0440\u0442\u043e\u043f\u0435\u0434\u0438\u0447\u0435\u0441\u043a\u0438\u0439 \u043c\u0430\u0433\u0430\u0437\u0438\u043d\" \/>\n<meta property=\"article:publisher\" content=\"https:\/\/www.facebook.com\/ORTOPEDIE.MD\/\" \/>\n<meta property=\"article:modified_time\" content=\"2018-11-08T10:23:16+00:00\" \/>\n<meta property=\"og:image\" content=\"https:\/\/hub.ortopedie.md\/wp-content\/uploads\/2018\/08\/am-pzm-02-d-tlo.jpg\" \/>\n\t<meta property=\"og:image:width\" content=\"645\" \/>\n\t<meta property=\"og:image:height\" content=\"430\" \/>\n\t<meta property=\"og:image:type\" content=\"image\/jpeg\" \/>\n<meta name=\"twitter:label1\" content=\"Price\" \/>\n\t<meta name=\"twitter:data1\" content=\"400.00&nbsp;MDL\" \/>\n\t<meta name=\"twitter:label2\" content=\"Availability\" \/>\n\t<meta name=\"twitter:data2\" content=\"In stock\" \/>\n<script type=\"application\/ld+json\" class=\"yoast-schema-graph\">{\"@context\":\"https:\\\/\\\/schema.org\",\"@graph\":[{\"@type\":\"WebPage\",\"@id\":\"https:\\\/\\\/hub.ortopedie.md\\\/shop\\\/corset-pediatric-toraco-lombar-pentru-maturi-am-pzm-02d\\\/\",\"url\":\"https:\\\/\\\/hub.ortopedie.md\\\/shop\\\/corset-pediatric-toraco-lombar-pentru-maturi-am-pzm-02d\\\/\",\"name\":\"Corset toracic AM-PZM-02\\\/D \u00een Moldova or. Chi\u0219inau - HUB Ortopedie\",\"isPartOf\":{\"@id\":\"https:\\\/\\\/hub.ortopedie.md\\\/#website\"},\"primaryImageOfPage\":{\"@id\":\"https:\\\/\\\/hub.ortopedie.md\\\/shop\\\/corset-pediatric-toraco-lombar-pentru-maturi-am-pzm-02d\\\/#primaryimage\"},\"image\":{\"@id\":\"https:\\\/\\\/hub.ortopedie.md\\\/shop\\\/corset-pediatric-toraco-lombar-pentru-maturi-am-pzm-02d\\\/#primaryimage\"},\"thumbnailUrl\":\"https:\\\/\\\/hub.ortopedie.md\\\/wp-content\\\/uploads\\\/2018\\\/08\\\/am-pzm-02-d-tlo.jpg\",\"datePublished\":\"2018-08-09T14:46:40+00:00\",\"dateModified\":\"2018-11-08T10:23:16+00:00\",\"description\":\"Corset toracic AM-PZM-02\\\/D stabilizeaz\u0103 \u00een mod efectiv coastele datorit\u0103 comprim\u0103rii toracelui \u0219i limiteaz\u0103 \\\"\u00eendreptarea\\\" coastelor, reduce durerea \u00een timpul inflama\u021biei (\u00een timpul respira\u021biilor profunde).\",\"breadcrumb\":{\"@id\":\"https:\\\/\\\/hub.ortopedie.md\\\/shop\\\/corset-pediatric-toraco-lombar-pentru-maturi-am-pzm-02d\\\/#breadcrumb\"},\"inLanguage\":\"en-US\",\"potentialAction\":[{\"@type\":\"ReadAction\",\"target\":[\"https:\\\/\\\/hub.ortopedie.md\\\/shop\\\/corset-pediatric-toraco-lombar-pentru-maturi-am-pzm-02d\\\/\"]}]},{\"@type\":\"ImageObject\",\"inLanguage\":\"en-US\",\"@id\":\"https:\\\/\\\/hub.ortopedie.md\\\/shop\\\/corset-pediatric-toraco-lombar-pentru-maturi-am-pzm-02d\\\/#primaryimage\",\"url\":\"https:\\\/\\\/hub.ortopedie.md\\\/wp-content\\\/uploads\\\/2018\\\/08\\\/am-pzm-02-d-tlo.jpg\",\"contentUrl\":\"https:\\\/\\\/hub.ortopedie.md\\\/wp-content\\\/uploads\\\/2018\\\/08\\\/am-pzm-02-d-tlo.jpg\",\"width\":645,\"height\":430},{\"@type\":\"BreadcrumbList\",\"@id\":\"https:\\\/\\\/hub.ortopedie.md\\\/shop\\\/corset-pediatric-toraco-lombar-pentru-maturi-am-pzm-02d\\\/#breadcrumb\",\"itemListElement\":[{\"@type\":\"ListItem\",\"position\":1,\"name\":\"Prima pagin\u0103\",\"item\":\"https:\\\/\\\/hub.ortopedie.md\\\/en\\\/\"},{\"@type\":\"ListItem\",\"position\":2,\"name\":\"Produse\",\"item\":\"https:\\\/\\\/hub.ortopedie.md\\\/shop\\\/\"},{\"@type\":\"ListItem\",\"position\":3,\"name\":\"Corset toracic AM-PZM-02\\\/D\"}]},{\"@type\":\"WebSite\",\"@id\":\"https:\\\/\\\/hub.ortopedie.md\\\/#website\",\"url\":\"https:\\\/\\\/hub.ortopedie.md\\\/\",\"name\":\"Hub Ortopedie - Magazin ortopedic. \u041e\u0440\u0442\u043e\u043f\u0435\u0434\u0438\u0447\u0435\u0441\u043a\u0438\u0439 \u043c\u0430\u0433\u0430\u0437\u0438\u043d\",\"description\":\"S\u0103n\u0103tate, confort, calitate\",\"publisher\":{\"@id\":\"https:\\\/\\\/hub.ortopedie.md\\\/#organization\"},\"potentialAction\":[{\"@type\":\"SearchAction\",\"target\":{\"@type\":\"EntryPoint\",\"urlTemplate\":\"https:\\\/\\\/hub.ortopedie.md\\\/?s={search_term_string}\"},\"query-input\":{\"@type\":\"PropertyValueSpecification\",\"valueRequired\":true,\"valueName\":\"search_term_string\"}}],\"inLanguage\":\"en-US\"},{\"@type\":\"Organization\",\"@id\":\"https:\\\/\\\/hub.ortopedie.md\\\/#organization\",\"name\":\"HUB ORTOPEDIE\",\"url\":\"https:\\\/\\\/hub.ortopedie.md\\\/\",\"logo\":{\"@type\":\"ImageObject\",\"inLanguage\":\"en-US\",\"@id\":\"https:\\\/\\\/hub.ortopedie.md\\\/#\\\/schema\\\/logo\\\/image\\\/\",\"url\":\"https:\\\/\\\/hub.ortopedie.md\\\/wp-content\\\/uploads\\\/2018\\\/01\\\/hub-logo.png\",\"contentUrl\":\"https:\\\/\\\/hub.ortopedie.md\\\/wp-content\\\/uploads\\\/2018\\\/01\\\/hub-logo.png\",\"width\":124,\"height\":90,\"caption\":\"HUB ORTOPEDIE\"},\"image\":{\"@id\":\"https:\\\/\\\/hub.ortopedie.md\\\/#\\\/schema\\\/logo\\\/image\\\/\"},\"sameAs\":[\"https:\\\/\\\/www.facebook.com\\\/ORTOPEDIE.MD\\\/\",\"https:\\\/\\\/www.instagram.com\\\/hub_ortopedie\\\/\"]}]}<\/script>\n<meta property=\"product:price:amount\" content=\"400.00\" \/>\n<meta property=\"product:price:currency\" content=\"MDL\" \/>\n<meta property=\"og:availability\" content=\"instock\" \/>\n<meta property=\"product:availability\" content=\"instock\" \/>\n<meta property=\"product:condition\" content=\"new\" \/>\n<!-- \/ Yoast SEO Premium plugin. -->","yoast_head_json":{"title":"Corset toracic AM-PZM-02\/D \u00een Moldova or. Chi\u0219inau - HUB Ortopedie","description":"Corset toracic AM-PZM-02\/D stabilizeaz\u0103 \u00een mod efectiv coastele datorit\u0103 comprim\u0103rii toracelui \u0219i limiteaz\u0103 \"\u00eendreptarea\" coastelor, reduce durerea \u00een timpul inflama\u021biei (\u00een timpul respira\u021biilor profunde).","robots":{"index":"index","follow":"follow","max-snippet":"max-snippet:-1","max-image-preview":"max-image-preview:large","max-video-preview":"max-video-preview:-1"},"canonical":"https:\/\/hub.ortopedie.md\/en\/shop\/corset-pediatric-toraco-lombar-pentru-maturi-am-pzm-02d\/","og_locale":"en_US","og_type":"article","og_title":"Corset toracic AM-PZM-02\/D","og_description":"Corset toracic AM-PZM-02\/D stabilizeaz\u0103 \u00een mod efectiv coastele datorit\u0103 comprim\u0103rii toracelui \u0219i limiteaz\u0103 \"\u00eendreptarea\" coastelor, reduce durerea \u00een timpul inflama\u021biei (\u00een timpul respira\u021biilor profunde).","og_url":"https:\/\/hub.ortopedie.md\/shop\/corset-pediatric-toraco-lombar-pentru-maturi-am-pzm-02d\/","og_site_name":"Hub Ortopedie - Magazin ortopedic. \u041e\u0440\u0442\u043e\u043f\u0435\u0434\u0438\u0447\u0435\u0441\u043a\u0438\u0439 \u043c\u0430\u0433\u0430\u0437\u0438\u043d","article_publisher":"https:\/\/www.facebook.com\/ORTOPEDIE.MD\/","article_modified_time":"2018-11-08T10:23:16+00:00","og_image":[{"width":645,"height":430,"url":"https:\/\/hub.ortopedie.md\/wp-content\/uploads\/2018\/08\/am-pzm-02-d-tlo.jpg","type":"image\/jpeg"}],"twitter_misc":{"Price":"400.00&nbsp;MDL","Availability":"In stock"},"schema":{"@context":"https:\/\/schema.org","@graph":[{"@type":"WebPage","@id":"https:\/\/hub.ortopedie.md\/shop\/corset-pediatric-toraco-lombar-pentru-maturi-am-pzm-02d\/","url":"https:\/\/hub.ortopedie.md\/shop\/corset-pediatric-toraco-lombar-pentru-maturi-am-pzm-02d\/","name":"Corset toracic AM-PZM-02\/D \u00een Moldova or. Chi\u0219inau - HUB Ortopedie","isPartOf":{"@id":"https:\/\/hub.ortopedie.md\/#website"},"primaryImageOfPage":{"@id":"https:\/\/hub.ortopedie.md\/shop\/corset-pediatric-toraco-lombar-pentru-maturi-am-pzm-02d\/#primaryimage"},"image":{"@id":"https:\/\/hub.ortopedie.md\/shop\/corset-pediatric-toraco-lombar-pentru-maturi-am-pzm-02d\/#primaryimage"},"thumbnailUrl":"https:\/\/hub.ortopedie.md\/wp-content\/uploads\/2018\/08\/am-pzm-02-d-tlo.jpg","datePublished":"2018-08-09T14:46:40+00:00","dateModified":"2018-11-08T10:23:16+00:00","description":"Corset toracic AM-PZM-02\/D stabilizeaz\u0103 \u00een mod efectiv coastele datorit\u0103 comprim\u0103rii toracelui \u0219i limiteaz\u0103 \"\u00eendreptarea\" coastelor, reduce durerea \u00een timpul inflama\u021biei (\u00een timpul respira\u021biilor profunde).","breadcrumb":{"@id":"https:\/\/hub.ortopedie.md\/shop\/corset-pediatric-toraco-lombar-pentru-maturi-am-pzm-02d\/#breadcrumb"},"inLanguage":"en-US","potentialAction":[{"@type":"ReadAction","target":["https:\/\/hub.ortopedie.md\/shop\/corset-pediatric-toraco-lombar-pentru-maturi-am-pzm-02d\/"]}]},{"@type":"ImageObject","inLanguage":"en-US","@id":"https:\/\/hub.ortopedie.md\/shop\/corset-pediatric-toraco-lombar-pentru-maturi-am-pzm-02d\/#primaryimage","url":"https:\/\/hub.ortopedie.md\/wp-content\/uploads\/2018\/08\/am-pzm-02-d-tlo.jpg","contentUrl":"https:\/\/hub.ortopedie.md\/wp-content\/uploads\/2018\/08\/am-pzm-02-d-tlo.jpg","width":645,"height":430},{"@type":"BreadcrumbList","@id":"https:\/\/hub.ortopedie.md\/shop\/corset-pediatric-toraco-lombar-pentru-maturi-am-pzm-02d\/#breadcrumb","itemListElement":[{"@type":"ListItem","position":1,"name":"Prima pagin\u0103","item":"https:\/\/hub.ortopedie.md\/en\/"},{"@type":"ListItem","position":2,"name":"Produse","item":"https:\/\/hub.ortopedie.md\/shop\/"},{"@type":"ListItem","position":3,"name":"Corset toracic AM-PZM-02\/D"}]},{"@type":"WebSite","@id":"https:\/\/hub.ortopedie.md\/#website","url":"https:\/\/hub.ortopedie.md\/","name":"Hub Ortopedie - Magazin ortopedic. \u041e\u0440\u0442\u043e\u043f\u0435\u0434\u0438\u0447\u0435\u0441\u043a\u0438\u0439 \u043c\u0430\u0433\u0430\u0437\u0438\u043d","description":"S\u0103n\u0103tate, confort, calitate","publisher":{"@id":"https:\/\/hub.ortopedie.md\/#organization"},"potentialAction":[{"@type":"SearchAction","target":{"@type":"EntryPoint","urlTemplate":"https:\/\/hub.ortopedie.md\/?s={search_term_string}"},"query-input":{"@type":"PropertyValueSpecification","valueRequired":true,"valueName":"search_term_string"}}],"inLanguage":"en-US"},{"@type":"Organization","@id":"https:\/\/hub.ortopedie.md\/#organization","name":"HUB ORTOPEDIE","url":"https:\/\/hub.ortopedie.md\/","logo":{"@type":"ImageObject","inLanguage":"en-US","@id":"https:\/\/hub.ortopedie.md\/#\/schema\/logo\/image\/","url":"https:\/\/hub.ortopedie.md\/wp-content\/uploads\/2018\/01\/hub-logo.png","contentUrl":"https:\/\/hub.ortopedie.md\/wp-content\/uploads\/2018\/01\/hub-logo.png","width":124,"height":90,"caption":"HUB ORTOPEDIE"},"image":{"@id":"https:\/\/hub.ortopedie.md\/#\/schema\/logo\/image\/"},"sameAs":["https:\/\/www.facebook.com\/ORTOPEDIE.MD\/","https:\/\/www.instagram.com\/hub_ortopedie\/"]}]},"product_price_amount":"400.00","product_price_currency":"MDL","og_availability":"instock","product_availability":"instock","product_condition":"new"},"jetpack_sharing_enabled":true,"brands":[{"id":273,"name":"REH4MAT","slug":"reh4mat"}],"_links":{"self":[{"href":"https:\/\/hub.ortopedie.md\/en\/wp-json\/wp\/v2\/product\/3668","targetHints":{"allow":["GET"]}}],"collection":[{"href":"https:\/\/hub.ortopedie.md\/en\/wp-json\/wp\/v2\/product"}],"about":[{"href":"https:\/\/hub.ortopedie.md\/en\/wp-json\/wp\/v2\/types\/product"}],"wp:featuredmedia":[{"embeddable":true,"href":"https:\/\/hub.ortopedie.md\/en\/wp-json\/wp\/v2\/media\/3670"}],"wp:attachment":[{"href":"https:\/\/hub.ortopedie.md\/en\/wp-json\/wp\/v2\/media?parent=3668"}],"wp:term":[{"taxonomy":"pwb-brand","embeddable":true,"href":"https:\/\/hub.ortopedie.md\/en\/wp-json\/wp\/v2\/pwb-brand?post=3668"},{"taxonomy":"product_brand","embeddable":true,"href":"https:\/\/hub.ortopedie.md\/en\/wp-json\/wp\/v2\/product_brand?post=3668"},{"taxonomy":"product_cat","embeddable":true,"href":"https:\/\/hub.ortopedie.md\/en\/wp-json\/wp\/v2\/product_cat?post=3668"},{"taxonomy":"product_tag","embeddable":true,"href":"https:\/\/hub.ortopedie.md\/en\/wp-json\/wp\/v2\/product_tag?post=3668"}],"curies":[{"name":"wp","href":"https:\/\/api.w.org\/{rel}","templated":true}]}}