{"id":3740,"date":"2018-08-15T12:52:51","date_gmt":"2018-08-15T12:52:51","guid":{"rendered":"https:\/\/hub.ortopedie.md\/?post_type=product&#038;p=3740"},"modified":"2023-08-03T11:24:14","modified_gmt":"2023-08-03T11:24:14","slug":"corector-de-tinuta-pentru-copii-am-pes-01","status":"publish","type":"product","link":"https:\/\/hub.ortopedie.md\/en\/shop\/corector-de-tinuta-pentru-copii-am-pes-01\/","title":{"rendered":"Corector de \u021binut\u0103 pentru copii AM-PES-01"},"content":{"rendered":"<div class=\"clear\">\n<p>Corector de \u021binut\u0103 pentru copii AM-PES-01 este realizat din benzi elastice \u0219i garnitura dorsal\u0103 de deasupra creastei, echipat\u0103 cu patru pl\u0103ci elastice ortopedice.\u00a0Tamponul din spate este conectat cu benzi elastice de um\u0103r care se deplaseaz\u0103 peste um\u0103r \u0219i se intersecteaz\u0103 \u00een regiunea lombar\u0103 \u0219i se fixeaz\u0103 pe abdomen.\u00a0Construc\u021bia produsului garanteaz\u0103 o corec\u021bie perfect\u0103 a posturii pentru copii.<\/p>\n<h2><img decoding=\"async\" class=\"alignnone wp-image-3741 size-600\" src=\"https:\/\/hub.ortopedie.md\/wp-content\/uploads\/2018\/08\/activ_rubber_ii_sch_ru-3-600x285.png\" alt=\"\" width=\"600\" height=\"285\" srcset=\"https:\/\/hub.ortopedie.md\/wp-content\/uploads\/2018\/08\/activ_rubber_ii_sch_ru-3-200x95.png 200w, https:\/\/hub.ortopedie.md\/wp-content\/uploads\/2018\/08\/activ_rubber_ii_sch_ru-3-300x143.png 300w, https:\/\/hub.ortopedie.md\/wp-content\/uploads\/2018\/08\/activ_rubber_ii_sch_ru-3-400x190.png 400w, https:\/\/hub.ortopedie.md\/wp-content\/uploads\/2018\/08\/activ_rubber_ii_sch_ru-3-500x238.png 500w, https:\/\/hub.ortopedie.md\/wp-content\/uploads\/2018\/08\/activ_rubber_ii_sch_ru-3-600x285.png 600w, https:\/\/hub.ortopedie.md\/wp-content\/uploads\/2018\/08\/activ_rubber_ii_sch_ru-3.png 631w\" sizes=\"(max-width: 600px) 100vw, 600px\" \/><\/h2>\n<h2>Tabel cu dimensiuni<\/h2>\n<table border=\"0\" cellspacing=\"0\">\n<thead>\n<tr>\n<td>Marimea<\/td>\n<td>Circumferinta pieptului<\/td>\n<td>Metoda de m\u0103surare<\/td>\n<\/tr>\n<\/thead>\n<colgroup width=\"135\"><\/colgroup>\n<colgroup width=\"238\"><\/colgroup>\n<tbody>\n<tr>\n<td>1<\/td>\n<td>45-50 cm<\/td>\n<td rowspan=\"2\"><img decoding=\"async\" class=\"alignnone wp-image-3743 size-thumbnail\" src=\"https:\/\/hub.ortopedie.md\/wp-content\/uploads\/2018\/08\/piersiowy-4-150x150.png\" alt=\"\" width=\"150\" height=\"150\" srcset=\"https:\/\/hub.ortopedie.md\/wp-content\/uploads\/2018\/08\/piersiowy-4-66x66.png 66w, https:\/\/hub.ortopedie.md\/wp-content\/uploads\/2018\/08\/piersiowy-4-100x100.png 100w, https:\/\/hub.ortopedie.md\/wp-content\/uploads\/2018\/08\/piersiowy-4-150x150.png 150w, https:\/\/hub.ortopedie.md\/wp-content\/uploads\/2018\/08\/piersiowy-4-200x200.png 200w, https:\/\/hub.ortopedie.md\/wp-content\/uploads\/2018\/08\/piersiowy-4.png 250w\" sizes=\"(max-width: 150px) 100vw, 150px\" \/><\/td>\n<\/tr>\n<tr>\n<td>2<\/td>\n<td>50-60 cm<\/td>\n<\/tr>\n<\/tbody>\n<\/table>\n<h2>Specificul<\/h2>\n<p>&#8211; Produsul este pl\u0103cut pentru corpul pacientului &#8211; corectorul de pozi\u021bie este alc\u0103tuit din cauciuc ortopedic special care con\u021bine \u00een principal bumbac, care este neutru pentru pielea pacientului.<br \/>\n&#8211; O mai mare eficien\u021b\u0103 de stabilizare &#8211; datorit\u0103 utiliz\u0103rii a patru inser\u021bii ortopedice elastice, a fost posibil\u0103 ob\u021binerea unei fix\u0103ri excep\u021bionale.<br \/>\n&#8211; Confortul utiliz\u0103rii &#8211; av\u00e2nd \u00een vedere culoarea pielii a produsului, purtarea corectorului este extrem de confortabil\u0103 \u0219i este invizibil\u0103 pe corpul pacientului.<\/p>\n<h2>Indica\u021bii<\/h2>\n<p>Postura Corector pot fi folosite \u00een cazuri:<br \/>\n&#8211; Traumatismul clavicular care nu necesit\u0103 interven\u021bii chirurgicale \u0219i ortopedice,<br \/>\n&#8211; afec\u021biuni dureroase ale coloanei vertebrale toracice,<br \/>\n&#8211; cifoza toracic\u0103 m\u0103rit\u0103,<br \/>\n&#8211; nevoia de corec\u021bie care nu necesit\u0103 interven\u021bie chirurgical\u0103.<\/p>\n<h2>Contra indica\u021bii<\/h2>\n<p>Nu se aplic\u0103 atunci c\u00eend:<br \/>\n&#8211; R\u0103ni proaspete<br \/>\n&#8211; deteriorarea epidermei<br \/>\n&#8211; eczeme de piele<br \/>\n&#8211; alergii ale pielii<br \/>\n&#8211; ulcere stomacale<br \/>\n&#8211; tensiunea arterial\u0103 3 grade<\/p>\n<h2>\u00cengrijire<\/h2>\n<p>&#8211; Se spal\u0103 cu m\u00e2na \u00een ap\u0103 cald\u0103 cu s\u0103pun ad\u0103ugat la 30 de grade<br \/>\n&#8211; Nu c\u0103lca\u021bi.<br \/>\n&#8211; Nu utiliza\u021bi \u00een\u0103lbitor de clor.<br \/>\n&#8211; Se usuc\u0103 departe de surse de c\u0103ldur\u0103.<\/p>\n<p>ATEN\u021aIE: NU \u00eendep\u0103rta\u021bi inser\u021biile ortopedice \u00eenainte de sp\u0103larea produsului.<\/p>\n<\/div>\n","protected":false},"excerpt":{"rendered":"<p>Corector de \u021binut\u0103 pentru copii AM-PES-01 este realizat din benzi  [&#8230;]<\/p>\n","protected":false},"featured_media":3742,"template":"","meta":[],"pwb-brand":[273],"product_brand":[],"product_cat":[18],"product_tag":[],"class_list":{"0":"post-3740","1":"product","2":"type-product","3":"status-publish","4":"has-post-thumbnail","6":"pwb-brand-reh4mat","7":"product_cat-orteze","9":"first","10":"instock","11":"shipping-taxable","12":"purchasable","13":"product-type-simple"},"yoast_head":"<!-- This site is optimized with the Yoast SEO Premium plugin v18.3 (Yoast SEO v27.4) - https:\/\/yoast.com\/product\/yoast-seo-premium-wordpress\/ -->\n<title>Corector de \u021binut\u0103 pentru copii AM-PES-01 - HUB Ortopedie<\/title>\n<meta name=\"description\" content=\"Corector de \u021binut\u0103 pentru copii AM-PES-01 este realizat din benzi elastice \u0219i garnitura dorsal\u0103 de deasupra creastei, echipat\u0103 cu patru pl\u0103ci elastice ortopedice.\" \/>\n<meta name=\"robots\" content=\"index, follow, max-snippet:-1, max-image-preview:large, max-video-preview:-1\" \/>\n<link rel=\"canonical\" href=\"https:\/\/hub.ortopedie.md\/en\/shop\/corector-de-tinuta-pentru-copii-am-pes-01\/\" \/>\n<meta property=\"og:locale\" content=\"en_US\" \/>\n<meta property=\"og:type\" content=\"article\" \/>\n<meta property=\"og:title\" content=\"Corector de \u021binut\u0103 pentru copii AM-PES-01\" \/>\n<meta property=\"og:description\" content=\"Corector de \u021binut\u0103 pentru copii AM-PES-01 este realizat din benzi elastice \u0219i garnitura dorsal\u0103 de deasupra creastei, echipat\u0103 cu patru pl\u0103ci elastice ortopedice.\" \/>\n<meta property=\"og:url\" content=\"https:\/\/hub.ortopedie.md\/shop\/corector-de-tinuta-pentru-copii-am-pes-01\/\" \/>\n<meta property=\"og:site_name\" content=\"Hub Ortopedie - Magazin ortopedic. \u041e\u0440\u0442\u043e\u043f\u0435\u0434\u0438\u0447\u0435\u0441\u043a\u0438\u0439 \u043c\u0430\u0433\u0430\u0437\u0438\u043d\" \/>\n<meta property=\"article:publisher\" content=\"https:\/\/www.facebook.com\/ORTOPEDIE.MD\/\" \/>\n<meta property=\"article:modified_time\" content=\"2023-08-03T11:24:14+00:00\" \/>\n<meta property=\"og:image\" content=\"https:\/\/hub.ortopedie.md\/wp-content\/uploads\/2018\/08\/AM-PES-01.jpg\" \/>\n\t<meta property=\"og:image:width\" content=\"645\" \/>\n\t<meta property=\"og:image:height\" content=\"505\" \/>\n\t<meta property=\"og:image:type\" content=\"image\/jpeg\" \/>\n<meta name=\"twitter:label1\" content=\"Price\" \/>\n\t<meta name=\"twitter:data1\" content=\"850.00&nbsp;MDL\" \/>\n\t<meta name=\"twitter:label2\" content=\"Availability\" \/>\n\t<meta name=\"twitter:data2\" content=\"In stock\" \/>\n<script type=\"application\/ld+json\" class=\"yoast-schema-graph\">{\"@context\":\"https:\\\/\\\/schema.org\",\"@graph\":[{\"@type\":\"WebPage\",\"@id\":\"https:\\\/\\\/hub.ortopedie.md\\\/shop\\\/corector-de-tinuta-pentru-copii-am-pes-01\\\/\",\"url\":\"https:\\\/\\\/hub.ortopedie.md\\\/shop\\\/corector-de-tinuta-pentru-copii-am-pes-01\\\/\",\"name\":\"Corector de \u021binut\u0103 pentru copii AM-PES-01 - HUB Ortopedie\",\"isPartOf\":{\"@id\":\"https:\\\/\\\/hub.ortopedie.md\\\/#website\"},\"primaryImageOfPage\":{\"@id\":\"https:\\\/\\\/hub.ortopedie.md\\\/shop\\\/corector-de-tinuta-pentru-copii-am-pes-01\\\/#primaryimage\"},\"image\":{\"@id\":\"https:\\\/\\\/hub.ortopedie.md\\\/shop\\\/corector-de-tinuta-pentru-copii-am-pes-01\\\/#primaryimage\"},\"thumbnailUrl\":\"https:\\\/\\\/hub.ortopedie.md\\\/wp-content\\\/uploads\\\/2018\\\/08\\\/AM-PES-01.jpg\",\"datePublished\":\"2018-08-15T12:52:51+00:00\",\"dateModified\":\"2023-08-03T11:24:14+00:00\",\"description\":\"Corector de \u021binut\u0103 pentru copii AM-PES-01 este realizat din benzi elastice \u0219i garnitura dorsal\u0103 de deasupra creastei, echipat\u0103 cu patru pl\u0103ci elastice ortopedice.\",\"breadcrumb\":{\"@id\":\"https:\\\/\\\/hub.ortopedie.md\\\/shop\\\/corector-de-tinuta-pentru-copii-am-pes-01\\\/#breadcrumb\"},\"inLanguage\":\"en-US\",\"potentialAction\":[{\"@type\":\"ReadAction\",\"target\":[\"https:\\\/\\\/hub.ortopedie.md\\\/shop\\\/corector-de-tinuta-pentru-copii-am-pes-01\\\/\"]}]},{\"@type\":\"ImageObject\",\"inLanguage\":\"en-US\",\"@id\":\"https:\\\/\\\/hub.ortopedie.md\\\/shop\\\/corector-de-tinuta-pentru-copii-am-pes-01\\\/#primaryimage\",\"url\":\"https:\\\/\\\/hub.ortopedie.md\\\/wp-content\\\/uploads\\\/2018\\\/08\\\/AM-PES-01.jpg\",\"contentUrl\":\"https:\\\/\\\/hub.ortopedie.md\\\/wp-content\\\/uploads\\\/2018\\\/08\\\/AM-PES-01.jpg\",\"width\":645,\"height\":505},{\"@type\":\"BreadcrumbList\",\"@id\":\"https:\\\/\\\/hub.ortopedie.md\\\/shop\\\/corector-de-tinuta-pentru-copii-am-pes-01\\\/#breadcrumb\",\"itemListElement\":[{\"@type\":\"ListItem\",\"position\":1,\"name\":\"Prima pagin\u0103\",\"item\":\"https:\\\/\\\/hub.ortopedie.md\\\/en\\\/\"},{\"@type\":\"ListItem\",\"position\":2,\"name\":\"Produse\",\"item\":\"https:\\\/\\\/hub.ortopedie.md\\\/shop\\\/\"},{\"@type\":\"ListItem\",\"position\":3,\"name\":\"Corector de \u021binut\u0103 pentru copii AM-PES-01\"}]},{\"@type\":\"WebSite\",\"@id\":\"https:\\\/\\\/hub.ortopedie.md\\\/#website\",\"url\":\"https:\\\/\\\/hub.ortopedie.md\\\/\",\"name\":\"Hub Ortopedie - Magazin ortopedic. \u041e\u0440\u0442\u043e\u043f\u0435\u0434\u0438\u0447\u0435\u0441\u043a\u0438\u0439 \u043c\u0430\u0433\u0430\u0437\u0438\u043d\",\"description\":\"S\u0103n\u0103tate, confort, calitate\",\"publisher\":{\"@id\":\"https:\\\/\\\/hub.ortopedie.md\\\/#organization\"},\"potentialAction\":[{\"@type\":\"SearchAction\",\"target\":{\"@type\":\"EntryPoint\",\"urlTemplate\":\"https:\\\/\\\/hub.ortopedie.md\\\/?s={search_term_string}\"},\"query-input\":{\"@type\":\"PropertyValueSpecification\",\"valueRequired\":true,\"valueName\":\"search_term_string\"}}],\"inLanguage\":\"en-US\"},{\"@type\":\"Organization\",\"@id\":\"https:\\\/\\\/hub.ortopedie.md\\\/#organization\",\"name\":\"HUB ORTOPEDIE\",\"url\":\"https:\\\/\\\/hub.ortopedie.md\\\/\",\"logo\":{\"@type\":\"ImageObject\",\"inLanguage\":\"en-US\",\"@id\":\"https:\\\/\\\/hub.ortopedie.md\\\/#\\\/schema\\\/logo\\\/image\\\/\",\"url\":\"https:\\\/\\\/hub.ortopedie.md\\\/wp-content\\\/uploads\\\/2018\\\/01\\\/hub-logo.png\",\"contentUrl\":\"https:\\\/\\\/hub.ortopedie.md\\\/wp-content\\\/uploads\\\/2018\\\/01\\\/hub-logo.png\",\"width\":124,\"height\":90,\"caption\":\"HUB ORTOPEDIE\"},\"image\":{\"@id\":\"https:\\\/\\\/hub.ortopedie.md\\\/#\\\/schema\\\/logo\\\/image\\\/\"},\"sameAs\":[\"https:\\\/\\\/www.facebook.com\\\/ORTOPEDIE.MD\\\/\",\"https:\\\/\\\/www.instagram.com\\\/hub_ortopedie\\\/\"]}]}<\/script>\n<meta property=\"product:price:amount\" content=\"850.00\" \/>\n<meta property=\"product:price:currency\" content=\"MDL\" \/>\n<meta property=\"og:availability\" content=\"instock\" \/>\n<meta property=\"product:availability\" content=\"instock\" \/>\n<meta property=\"product:condition\" content=\"new\" \/>\n<!-- \/ Yoast SEO Premium plugin. -->","yoast_head_json":{"title":"Corector de \u021binut\u0103 pentru copii AM-PES-01 - HUB Ortopedie","description":"Corector de \u021binut\u0103 pentru copii AM-PES-01 este realizat din benzi elastice \u0219i garnitura dorsal\u0103 de deasupra creastei, echipat\u0103 cu patru pl\u0103ci elastice ortopedice.","robots":{"index":"index","follow":"follow","max-snippet":"max-snippet:-1","max-image-preview":"max-image-preview:large","max-video-preview":"max-video-preview:-1"},"canonical":"https:\/\/hub.ortopedie.md\/en\/shop\/corector-de-tinuta-pentru-copii-am-pes-01\/","og_locale":"en_US","og_type":"article","og_title":"Corector de \u021binut\u0103 pentru copii AM-PES-01","og_description":"Corector de \u021binut\u0103 pentru copii AM-PES-01 este realizat din benzi elastice \u0219i garnitura dorsal\u0103 de deasupra creastei, echipat\u0103 cu patru pl\u0103ci elastice ortopedice.","og_url":"https:\/\/hub.ortopedie.md\/shop\/corector-de-tinuta-pentru-copii-am-pes-01\/","og_site_name":"Hub Ortopedie - Magazin ortopedic. \u041e\u0440\u0442\u043e\u043f\u0435\u0434\u0438\u0447\u0435\u0441\u043a\u0438\u0439 \u043c\u0430\u0433\u0430\u0437\u0438\u043d","article_publisher":"https:\/\/www.facebook.com\/ORTOPEDIE.MD\/","article_modified_time":"2023-08-03T11:24:14+00:00","og_image":[{"width":645,"height":505,"url":"https:\/\/hub.ortopedie.md\/wp-content\/uploads\/2018\/08\/AM-PES-01.jpg","type":"image\/jpeg"}],"twitter_misc":{"Price":"850.00&nbsp;MDL","Availability":"In stock"},"schema":{"@context":"https:\/\/schema.org","@graph":[{"@type":"WebPage","@id":"https:\/\/hub.ortopedie.md\/shop\/corector-de-tinuta-pentru-copii-am-pes-01\/","url":"https:\/\/hub.ortopedie.md\/shop\/corector-de-tinuta-pentru-copii-am-pes-01\/","name":"Corector de \u021binut\u0103 pentru copii AM-PES-01 - HUB Ortopedie","isPartOf":{"@id":"https:\/\/hub.ortopedie.md\/#website"},"primaryImageOfPage":{"@id":"https:\/\/hub.ortopedie.md\/shop\/corector-de-tinuta-pentru-copii-am-pes-01\/#primaryimage"},"image":{"@id":"https:\/\/hub.ortopedie.md\/shop\/corector-de-tinuta-pentru-copii-am-pes-01\/#primaryimage"},"thumbnailUrl":"https:\/\/hub.ortopedie.md\/wp-content\/uploads\/2018\/08\/AM-PES-01.jpg","datePublished":"2018-08-15T12:52:51+00:00","dateModified":"2023-08-03T11:24:14+00:00","description":"Corector de \u021binut\u0103 pentru copii AM-PES-01 este realizat din benzi elastice \u0219i garnitura dorsal\u0103 de deasupra creastei, echipat\u0103 cu patru pl\u0103ci elastice ortopedice.","breadcrumb":{"@id":"https:\/\/hub.ortopedie.md\/shop\/corector-de-tinuta-pentru-copii-am-pes-01\/#breadcrumb"},"inLanguage":"en-US","potentialAction":[{"@type":"ReadAction","target":["https:\/\/hub.ortopedie.md\/shop\/corector-de-tinuta-pentru-copii-am-pes-01\/"]}]},{"@type":"ImageObject","inLanguage":"en-US","@id":"https:\/\/hub.ortopedie.md\/shop\/corector-de-tinuta-pentru-copii-am-pes-01\/#primaryimage","url":"https:\/\/hub.ortopedie.md\/wp-content\/uploads\/2018\/08\/AM-PES-01.jpg","contentUrl":"https:\/\/hub.ortopedie.md\/wp-content\/uploads\/2018\/08\/AM-PES-01.jpg","width":645,"height":505},{"@type":"BreadcrumbList","@id":"https:\/\/hub.ortopedie.md\/shop\/corector-de-tinuta-pentru-copii-am-pes-01\/#breadcrumb","itemListElement":[{"@type":"ListItem","position":1,"name":"Prima pagin\u0103","item":"https:\/\/hub.ortopedie.md\/en\/"},{"@type":"ListItem","position":2,"name":"Produse","item":"https:\/\/hub.ortopedie.md\/shop\/"},{"@type":"ListItem","position":3,"name":"Corector de \u021binut\u0103 pentru copii AM-PES-01"}]},{"@type":"WebSite","@id":"https:\/\/hub.ortopedie.md\/#website","url":"https:\/\/hub.ortopedie.md\/","name":"Hub Ortopedie - Magazin ortopedic. \u041e\u0440\u0442\u043e\u043f\u0435\u0434\u0438\u0447\u0435\u0441\u043a\u0438\u0439 \u043c\u0430\u0433\u0430\u0437\u0438\u043d","description":"S\u0103n\u0103tate, confort, calitate","publisher":{"@id":"https:\/\/hub.ortopedie.md\/#organization"},"potentialAction":[{"@type":"SearchAction","target":{"@type":"EntryPoint","urlTemplate":"https:\/\/hub.ortopedie.md\/?s={search_term_string}"},"query-input":{"@type":"PropertyValueSpecification","valueRequired":true,"valueName":"search_term_string"}}],"inLanguage":"en-US"},{"@type":"Organization","@id":"https:\/\/hub.ortopedie.md\/#organization","name":"HUB ORTOPEDIE","url":"https:\/\/hub.ortopedie.md\/","logo":{"@type":"ImageObject","inLanguage":"en-US","@id":"https:\/\/hub.ortopedie.md\/#\/schema\/logo\/image\/","url":"https:\/\/hub.ortopedie.md\/wp-content\/uploads\/2018\/01\/hub-logo.png","contentUrl":"https:\/\/hub.ortopedie.md\/wp-content\/uploads\/2018\/01\/hub-logo.png","width":124,"height":90,"caption":"HUB ORTOPEDIE"},"image":{"@id":"https:\/\/hub.ortopedie.md\/#\/schema\/logo\/image\/"},"sameAs":["https:\/\/www.facebook.com\/ORTOPEDIE.MD\/","https:\/\/www.instagram.com\/hub_ortopedie\/"]}]},"product_price_amount":"850.00","product_price_currency":"MDL","og_availability":"instock","product_availability":"instock","product_condition":"new"},"jetpack_sharing_enabled":true,"brands":[{"id":273,"name":"REH4MAT","slug":"reh4mat"}],"_links":{"self":[{"href":"https:\/\/hub.ortopedie.md\/en\/wp-json\/wp\/v2\/product\/3740","targetHints":{"allow":["GET"]}}],"collection":[{"href":"https:\/\/hub.ortopedie.md\/en\/wp-json\/wp\/v2\/product"}],"about":[{"href":"https:\/\/hub.ortopedie.md\/en\/wp-json\/wp\/v2\/types\/product"}],"wp:featuredmedia":[{"embeddable":true,"href":"https:\/\/hub.ortopedie.md\/en\/wp-json\/wp\/v2\/media\/3742"}],"wp:attachment":[{"href":"https:\/\/hub.ortopedie.md\/en\/wp-json\/wp\/v2\/media?parent=3740"}],"wp:term":[{"taxonomy":"pwb-brand","embeddable":true,"href":"https:\/\/hub.ortopedie.md\/en\/wp-json\/wp\/v2\/pwb-brand?post=3740"},{"taxonomy":"product_brand","embeddable":true,"href":"https:\/\/hub.ortopedie.md\/en\/wp-json\/wp\/v2\/product_brand?post=3740"},{"taxonomy":"product_cat","embeddable":true,"href":"https:\/\/hub.ortopedie.md\/en\/wp-json\/wp\/v2\/product_cat?post=3740"},{"taxonomy":"product_tag","embeddable":true,"href":"https:\/\/hub.ortopedie.md\/en\/wp-json\/wp\/v2\/product_tag?post=3740"}],"curies":[{"name":"wp","href":"https:\/\/api.w.org\/{rel}","templated":true}]}}