{"id":3778,"date":"2018-08-16T12:09:31","date_gmt":"2018-08-16T12:09:31","guid":{"rendered":"https:\/\/hub.ortopedie.md\/?post_type=product&#038;p=3778"},"modified":"2019-02-25T15:29:11","modified_gmt":"2019-02-25T15:29:11","slug":"pandaj-elastic-pentru-femei-gravide-am-pc-01","status":"publish","type":"product","link":"https:\/\/hub.ortopedie.md\/en\/shop\/pandaj-elastic-pentru-femei-gravide-am-pc-01\/","title":{"rendered":"Corset lombar pentru \u00eens\u0103rcinate AM-PC-01"},"content":{"rendered":"<div class=\"clear\">\n<p>Corset lombar \u0219i Bandaj elastic pentru \u00eens\u0103rcinate AM-PC-01 stabilizeaz\u0103 coloan\u0103 vertebral\u0103 lombar\u0103 prin sus\u021binerea mu\u0219chilor abdominali.\u00a0Prin men\u021binerea unei temperaturi stabile \u0219i compresiei elastice reduce durerea \u0219i scade tonusul muscular al mu\u0219chilor abdomenului inferior.\u00a0Fabricat din material de \u00eenalt\u0103 calitate, respirabil, care se adapteaz\u0103 bine corpului gravidei.<\/p>\n<p><strong><img decoding=\"async\" class=\"alignnone wp-image-3783 size-600\" src=\"https:\/\/hub.ortopedie.md\/wp-content\/uploads\/2018\/08\/EKO-RUBBER-RU-630x312-600x297.jpg\" alt=\"\" width=\"600\" height=\"297\" srcset=\"https:\/\/hub.ortopedie.md\/wp-content\/uploads\/2018\/08\/EKO-RUBBER-RU-630x312-200x99.jpg 200w, https:\/\/hub.ortopedie.md\/wp-content\/uploads\/2018\/08\/EKO-RUBBER-RU-630x312-300x149.jpg 300w, https:\/\/hub.ortopedie.md\/wp-content\/uploads\/2018\/08\/EKO-RUBBER-RU-630x312-400x198.jpg 400w, https:\/\/hub.ortopedie.md\/wp-content\/uploads\/2018\/08\/EKO-RUBBER-RU-630x312-500x248.jpg 500w, https:\/\/hub.ortopedie.md\/wp-content\/uploads\/2018\/08\/EKO-RUBBER-RU-630x312-600x297.jpg 600w, https:\/\/hub.ortopedie.md\/wp-content\/uploads\/2018\/08\/EKO-RUBBER-RU-630x312.jpg 630w\" sizes=\"(max-width: 600px) 100vw, 600px\" \/><\/strong><\/p>\n<p>EkoRubber este un material ortopedic ecologic, foarte moale, cu o elasticitate sporit\u0103. Bandajul\u00a0permite s\u0103 se extind\u0103 liber \u0219i u\u0219or de adaptat la corpul \u00eens\u0103rcinatei.\u00a0G\u0103urile dintre \u021bes\u0103turi permit pielii s\u0103 respire, ceea ce m\u0103re\u0219te confortul \u0219i \u00eembun\u0103t\u0103\u021be\u0219te \u00eendep\u0103rtarea transpira\u021biei. \u00cen plus, \u021beserea firelor cu o compresie mai mare are un rol de micro masaj fin.<\/p>\n<h2>Precau\u0163ii\u00a0la\u00a0utilizare<\/h2>\n<ul>\n<li>\u00cen caz de\u00a0 pl\u0103gi deschise sau suprasolicitarea mu\u0219chilor abdomenului \u0219i ai spatelui<\/li>\n<\/ul>\n<h2>Tabel dimensiuni<\/h2>\n<table border=\"0\" cellspacing=\"0\">\n<thead>\n<tr>\n<th>Dimensiune<\/th>\n<th>Circumferin\u021ba taliei<\/th>\n<th>Metoda de m\u0103surare<\/th>\n<\/tr>\n<\/thead>\n<tbody>\n<tr>\n<td>S<\/td>\n<td>65-75 cm<\/td>\n<td rowspan=\"6\"><img decoding=\"async\" class=\"alignnone wp-image-3782 size-thumbnail\" src=\"https:\/\/hub.ortopedie.md\/wp-content\/uploads\/2018\/08\/biodrowo-lendzwiowy-3-150x150.png\" alt=\"\" width=\"150\" height=\"150\" srcset=\"https:\/\/hub.ortopedie.md\/wp-content\/uploads\/2018\/08\/biodrowo-lendzwiowy-3-66x66.png 66w, https:\/\/hub.ortopedie.md\/wp-content\/uploads\/2018\/08\/biodrowo-lendzwiowy-3-100x100.png 100w, https:\/\/hub.ortopedie.md\/wp-content\/uploads\/2018\/08\/biodrowo-lendzwiowy-3-150x150.png 150w, https:\/\/hub.ortopedie.md\/wp-content\/uploads\/2018\/08\/biodrowo-lendzwiowy-3-200x200.png 200w, https:\/\/hub.ortopedie.md\/wp-content\/uploads\/2018\/08\/biodrowo-lendzwiowy-3.png 250w\" sizes=\"(max-width: 150px) 100vw, 150px\" \/><\/td>\n<\/tr>\n<tr>\n<td>M<\/td>\n<td>75-85 cm<\/td>\n<\/tr>\n<tr>\n<td>L<\/td>\n<td>85-97 cm<\/td>\n<\/tr>\n<tr>\n<td>XL<\/td>\n<td>97-110 cm<\/td>\n<\/tr>\n<tr>\n<td>XXL<\/td>\n<td>110-125 cm<\/td>\n<\/tr>\n<tr>\n<td>XXXL<\/td>\n<td>125-145 cm<\/td>\n<\/tr>\n<\/tbody>\n<\/table>\n<p>\u00cen\u0103l\u021bimea produsului: 22 cm<\/p>\n<h2>Metoda de utilazare<\/h2>\n<div class=\"clear\"><img decoding=\"async\" class=\"alignnone wp-image-3771 size-medium\" src=\"https:\/\/hub.ortopedie.md\/wp-content\/uploads\/2018\/08\/am-pc-01-630x595-300x283.jpg\" alt=\"\" width=\"300\" height=\"283\" srcset=\"https:\/\/hub.ortopedie.md\/wp-content\/uploads\/2018\/08\/am-pc-01-630x595-200x189.jpg 200w, https:\/\/hub.ortopedie.md\/wp-content\/uploads\/2018\/08\/am-pc-01-630x595-300x283.jpg 300w, https:\/\/hub.ortopedie.md\/wp-content\/uploads\/2018\/08\/am-pc-01-630x595-400x378.jpg 400w, https:\/\/hub.ortopedie.md\/wp-content\/uploads\/2018\/08\/am-pc-01-630x595-500x472.jpg 500w, https:\/\/hub.ortopedie.md\/wp-content\/uploads\/2018\/08\/am-pc-01-630x595-600x567.jpg 600w, https:\/\/hub.ortopedie.md\/wp-content\/uploads\/2018\/08\/am-pc-01-630x595.jpg 630w\" sizes=\"(max-width: 300px) 100vw, 300px\" \/><\/div>\n<\/div>\n","protected":false},"excerpt":{"rendered":"<p>Corset lombar \u0219i Bandaj elastic pentru \u00eens\u0103rcinate AM-PC-01 stabilizeaz\u0103 coloan\u0103  [&#8230;]<\/p>\n","protected":false},"featured_media":3784,"template":"","meta":[],"pwb-brand":[273],"product_brand":[],"product_cat":[18],"product_tag":[],"class_list":{"0":"post-3778","1":"product","2":"type-product","3":"status-publish","4":"has-post-thumbnail","6":"pwb-brand-reh4mat","7":"product_cat-orteze","9":"first","10":"instock","11":"shipping-taxable","12":"purchasable","13":"product-type-simple"},"yoast_head":"<!-- This site is optimized with the Yoast SEO Premium plugin v18.3 (Yoast SEO v27.4) - https:\/\/yoast.com\/product\/yoast-seo-premium-wordpress\/ -->\n<title>Corset lombar pentru \u00eens\u0103rcinate AM-PC-01 \u00een Moldova - HUB Ortopedie<\/title>\n<meta name=\"description\" content=\"Bandaj elastic pentru \u00eens\u0103rcinate AM-PC-01 stabilizeaz\u0103 coloan\u0103 vertebral\u0103 lombar\u0103 prin \u00eent\u0103rirea mu\u0219chilor abdominali. Mai multe modele le pute\u021bi vedea in magazin sau pe site.\" \/>\n<meta name=\"robots\" content=\"index, follow, max-snippet:-1, max-image-preview:large, max-video-preview:-1\" \/>\n<link rel=\"canonical\" href=\"https:\/\/hub.ortopedie.md\/en\/shop\/pandaj-elastic-pentru-femei-gravide-am-pc-01\/\" \/>\n<meta property=\"og:locale\" content=\"en_US\" \/>\n<meta property=\"og:type\" content=\"article\" \/>\n<meta property=\"og:title\" content=\"Corset lombar pentru \u00eens\u0103rcinate AM-PC-01\" \/>\n<meta property=\"og:description\" content=\"Bandaj elastic pentru \u00eens\u0103rcinate AM-PC-01 stabilizeaz\u0103 coloan\u0103 vertebral\u0103 lombar\u0103 prin \u00eent\u0103rirea mu\u0219chilor abdominali. Mai multe modele le pute\u021bi vedea in magazin sau pe site.\" \/>\n<meta property=\"og:url\" content=\"https:\/\/hub.ortopedie.md\/shop\/pandaj-elastic-pentru-femei-gravide-am-pc-01\/\" \/>\n<meta property=\"og:site_name\" content=\"Hub Ortopedie - Magazin ortopedic. \u041e\u0440\u0442\u043e\u043f\u0435\u0434\u0438\u0447\u0435\u0441\u043a\u0438\u0439 \u043c\u0430\u0433\u0430\u0437\u0438\u043d\" \/>\n<meta property=\"article:publisher\" content=\"https:\/\/www.facebook.com\/ORTOPEDIE.MD\/\" \/>\n<meta property=\"article:modified_time\" content=\"2019-02-25T15:29:11+00:00\" \/>\n<meta property=\"og:image\" content=\"https:\/\/hub.ortopedie.md\/wp-content\/uploads\/2018\/08\/AM-PC-01-pl-kopia.jpg\" \/>\n\t<meta property=\"og:image:width\" content=\"645\" \/>\n\t<meta property=\"og:image:height\" content=\"505\" \/>\n\t<meta property=\"og:image:type\" content=\"image\/jpeg\" \/>\n<meta name=\"twitter:label1\" content=\"Price\" \/>\n\t<meta name=\"twitter:data1\" content=\"650.00&nbsp;MDL\" \/>\n\t<meta name=\"twitter:label2\" content=\"Availability\" \/>\n\t<meta name=\"twitter:data2\" content=\"In stock\" \/>\n<script type=\"application\/ld+json\" class=\"yoast-schema-graph\">{\"@context\":\"https:\\\/\\\/schema.org\",\"@graph\":[{\"@type\":\"WebPage\",\"@id\":\"https:\\\/\\\/hub.ortopedie.md\\\/shop\\\/pandaj-elastic-pentru-femei-gravide-am-pc-01\\\/\",\"url\":\"https:\\\/\\\/hub.ortopedie.md\\\/shop\\\/pandaj-elastic-pentru-femei-gravide-am-pc-01\\\/\",\"name\":\"Corset lombar pentru \u00eens\u0103rcinate AM-PC-01 \u00een Moldova - HUB Ortopedie\",\"isPartOf\":{\"@id\":\"https:\\\/\\\/hub.ortopedie.md\\\/#website\"},\"primaryImageOfPage\":{\"@id\":\"https:\\\/\\\/hub.ortopedie.md\\\/shop\\\/pandaj-elastic-pentru-femei-gravide-am-pc-01\\\/#primaryimage\"},\"image\":{\"@id\":\"https:\\\/\\\/hub.ortopedie.md\\\/shop\\\/pandaj-elastic-pentru-femei-gravide-am-pc-01\\\/#primaryimage\"},\"thumbnailUrl\":\"https:\\\/\\\/hub.ortopedie.md\\\/wp-content\\\/uploads\\\/2018\\\/08\\\/AM-PC-01-pl-kopia.jpg\",\"datePublished\":\"2018-08-16T12:09:31+00:00\",\"dateModified\":\"2019-02-25T15:29:11+00:00\",\"description\":\"Bandaj elastic pentru \u00eens\u0103rcinate AM-PC-01 stabilizeaz\u0103 coloan\u0103 vertebral\u0103 lombar\u0103 prin \u00eent\u0103rirea mu\u0219chilor abdominali. Mai multe modele le pute\u021bi vedea in magazin sau pe site.\",\"breadcrumb\":{\"@id\":\"https:\\\/\\\/hub.ortopedie.md\\\/shop\\\/pandaj-elastic-pentru-femei-gravide-am-pc-01\\\/#breadcrumb\"},\"inLanguage\":\"en-US\",\"potentialAction\":[{\"@type\":\"ReadAction\",\"target\":[\"https:\\\/\\\/hub.ortopedie.md\\\/shop\\\/pandaj-elastic-pentru-femei-gravide-am-pc-01\\\/\"]}]},{\"@type\":\"ImageObject\",\"inLanguage\":\"en-US\",\"@id\":\"https:\\\/\\\/hub.ortopedie.md\\\/shop\\\/pandaj-elastic-pentru-femei-gravide-am-pc-01\\\/#primaryimage\",\"url\":\"https:\\\/\\\/hub.ortopedie.md\\\/wp-content\\\/uploads\\\/2018\\\/08\\\/AM-PC-01-pl-kopia.jpg\",\"contentUrl\":\"https:\\\/\\\/hub.ortopedie.md\\\/wp-content\\\/uploads\\\/2018\\\/08\\\/AM-PC-01-pl-kopia.jpg\",\"width\":645,\"height\":505},{\"@type\":\"BreadcrumbList\",\"@id\":\"https:\\\/\\\/hub.ortopedie.md\\\/shop\\\/pandaj-elastic-pentru-femei-gravide-am-pc-01\\\/#breadcrumb\",\"itemListElement\":[{\"@type\":\"ListItem\",\"position\":1,\"name\":\"Prima pagin\u0103\",\"item\":\"https:\\\/\\\/hub.ortopedie.md\\\/en\\\/\"},{\"@type\":\"ListItem\",\"position\":2,\"name\":\"Produse\",\"item\":\"https:\\\/\\\/hub.ortopedie.md\\\/shop\\\/\"},{\"@type\":\"ListItem\",\"position\":3,\"name\":\"Corset lombar pentru \u00eens\u0103rcinate AM-PC-01\"}]},{\"@type\":\"WebSite\",\"@id\":\"https:\\\/\\\/hub.ortopedie.md\\\/#website\",\"url\":\"https:\\\/\\\/hub.ortopedie.md\\\/\",\"name\":\"Hub Ortopedie - Magazin ortopedic. \u041e\u0440\u0442\u043e\u043f\u0435\u0434\u0438\u0447\u0435\u0441\u043a\u0438\u0439 \u043c\u0430\u0433\u0430\u0437\u0438\u043d\",\"description\":\"S\u0103n\u0103tate, confort, calitate\",\"publisher\":{\"@id\":\"https:\\\/\\\/hub.ortopedie.md\\\/#organization\"},\"potentialAction\":[{\"@type\":\"SearchAction\",\"target\":{\"@type\":\"EntryPoint\",\"urlTemplate\":\"https:\\\/\\\/hub.ortopedie.md\\\/?s={search_term_string}\"},\"query-input\":{\"@type\":\"PropertyValueSpecification\",\"valueRequired\":true,\"valueName\":\"search_term_string\"}}],\"inLanguage\":\"en-US\"},{\"@type\":\"Organization\",\"@id\":\"https:\\\/\\\/hub.ortopedie.md\\\/#organization\",\"name\":\"HUB ORTOPEDIE\",\"url\":\"https:\\\/\\\/hub.ortopedie.md\\\/\",\"logo\":{\"@type\":\"ImageObject\",\"inLanguage\":\"en-US\",\"@id\":\"https:\\\/\\\/hub.ortopedie.md\\\/#\\\/schema\\\/logo\\\/image\\\/\",\"url\":\"https:\\\/\\\/hub.ortopedie.md\\\/wp-content\\\/uploads\\\/2018\\\/01\\\/hub-logo.png\",\"contentUrl\":\"https:\\\/\\\/hub.ortopedie.md\\\/wp-content\\\/uploads\\\/2018\\\/01\\\/hub-logo.png\",\"width\":124,\"height\":90,\"caption\":\"HUB ORTOPEDIE\"},\"image\":{\"@id\":\"https:\\\/\\\/hub.ortopedie.md\\\/#\\\/schema\\\/logo\\\/image\\\/\"},\"sameAs\":[\"https:\\\/\\\/www.facebook.com\\\/ORTOPEDIE.MD\\\/\",\"https:\\\/\\\/www.instagram.com\\\/hub_ortopedie\\\/\"]}]}<\/script>\n<meta property=\"product:price:amount\" content=\"650.00\" \/>\n<meta property=\"product:price:currency\" content=\"MDL\" \/>\n<meta property=\"og:availability\" content=\"instock\" \/>\n<meta property=\"product:availability\" content=\"instock\" \/>\n<meta property=\"product:condition\" content=\"new\" \/>\n<!-- \/ Yoast SEO Premium plugin. -->","yoast_head_json":{"title":"Corset lombar pentru \u00eens\u0103rcinate AM-PC-01 \u00een Moldova - HUB Ortopedie","description":"Bandaj elastic pentru \u00eens\u0103rcinate AM-PC-01 stabilizeaz\u0103 coloan\u0103 vertebral\u0103 lombar\u0103 prin \u00eent\u0103rirea mu\u0219chilor abdominali. Mai multe modele le pute\u021bi vedea in magazin sau pe site.","robots":{"index":"index","follow":"follow","max-snippet":"max-snippet:-1","max-image-preview":"max-image-preview:large","max-video-preview":"max-video-preview:-1"},"canonical":"https:\/\/hub.ortopedie.md\/en\/shop\/pandaj-elastic-pentru-femei-gravide-am-pc-01\/","og_locale":"en_US","og_type":"article","og_title":"Corset lombar pentru \u00eens\u0103rcinate AM-PC-01","og_description":"Bandaj elastic pentru \u00eens\u0103rcinate AM-PC-01 stabilizeaz\u0103 coloan\u0103 vertebral\u0103 lombar\u0103 prin \u00eent\u0103rirea mu\u0219chilor abdominali. Mai multe modele le pute\u021bi vedea in magazin sau pe site.","og_url":"https:\/\/hub.ortopedie.md\/shop\/pandaj-elastic-pentru-femei-gravide-am-pc-01\/","og_site_name":"Hub Ortopedie - Magazin ortopedic. \u041e\u0440\u0442\u043e\u043f\u0435\u0434\u0438\u0447\u0435\u0441\u043a\u0438\u0439 \u043c\u0430\u0433\u0430\u0437\u0438\u043d","article_publisher":"https:\/\/www.facebook.com\/ORTOPEDIE.MD\/","article_modified_time":"2019-02-25T15:29:11+00:00","og_image":[{"width":645,"height":505,"url":"https:\/\/hub.ortopedie.md\/wp-content\/uploads\/2018\/08\/AM-PC-01-pl-kopia.jpg","type":"image\/jpeg"}],"twitter_misc":{"Price":"650.00&nbsp;MDL","Availability":"In stock"},"schema":{"@context":"https:\/\/schema.org","@graph":[{"@type":"WebPage","@id":"https:\/\/hub.ortopedie.md\/shop\/pandaj-elastic-pentru-femei-gravide-am-pc-01\/","url":"https:\/\/hub.ortopedie.md\/shop\/pandaj-elastic-pentru-femei-gravide-am-pc-01\/","name":"Corset lombar pentru \u00eens\u0103rcinate AM-PC-01 \u00een Moldova - HUB Ortopedie","isPartOf":{"@id":"https:\/\/hub.ortopedie.md\/#website"},"primaryImageOfPage":{"@id":"https:\/\/hub.ortopedie.md\/shop\/pandaj-elastic-pentru-femei-gravide-am-pc-01\/#primaryimage"},"image":{"@id":"https:\/\/hub.ortopedie.md\/shop\/pandaj-elastic-pentru-femei-gravide-am-pc-01\/#primaryimage"},"thumbnailUrl":"https:\/\/hub.ortopedie.md\/wp-content\/uploads\/2018\/08\/AM-PC-01-pl-kopia.jpg","datePublished":"2018-08-16T12:09:31+00:00","dateModified":"2019-02-25T15:29:11+00:00","description":"Bandaj elastic pentru \u00eens\u0103rcinate AM-PC-01 stabilizeaz\u0103 coloan\u0103 vertebral\u0103 lombar\u0103 prin \u00eent\u0103rirea mu\u0219chilor abdominali. Mai multe modele le pute\u021bi vedea in magazin sau pe site.","breadcrumb":{"@id":"https:\/\/hub.ortopedie.md\/shop\/pandaj-elastic-pentru-femei-gravide-am-pc-01\/#breadcrumb"},"inLanguage":"en-US","potentialAction":[{"@type":"ReadAction","target":["https:\/\/hub.ortopedie.md\/shop\/pandaj-elastic-pentru-femei-gravide-am-pc-01\/"]}]},{"@type":"ImageObject","inLanguage":"en-US","@id":"https:\/\/hub.ortopedie.md\/shop\/pandaj-elastic-pentru-femei-gravide-am-pc-01\/#primaryimage","url":"https:\/\/hub.ortopedie.md\/wp-content\/uploads\/2018\/08\/AM-PC-01-pl-kopia.jpg","contentUrl":"https:\/\/hub.ortopedie.md\/wp-content\/uploads\/2018\/08\/AM-PC-01-pl-kopia.jpg","width":645,"height":505},{"@type":"BreadcrumbList","@id":"https:\/\/hub.ortopedie.md\/shop\/pandaj-elastic-pentru-femei-gravide-am-pc-01\/#breadcrumb","itemListElement":[{"@type":"ListItem","position":1,"name":"Prima pagin\u0103","item":"https:\/\/hub.ortopedie.md\/en\/"},{"@type":"ListItem","position":2,"name":"Produse","item":"https:\/\/hub.ortopedie.md\/shop\/"},{"@type":"ListItem","position":3,"name":"Corset lombar pentru \u00eens\u0103rcinate AM-PC-01"}]},{"@type":"WebSite","@id":"https:\/\/hub.ortopedie.md\/#website","url":"https:\/\/hub.ortopedie.md\/","name":"Hub Ortopedie - Magazin ortopedic. \u041e\u0440\u0442\u043e\u043f\u0435\u0434\u0438\u0447\u0435\u0441\u043a\u0438\u0439 \u043c\u0430\u0433\u0430\u0437\u0438\u043d","description":"S\u0103n\u0103tate, confort, calitate","publisher":{"@id":"https:\/\/hub.ortopedie.md\/#organization"},"potentialAction":[{"@type":"SearchAction","target":{"@type":"EntryPoint","urlTemplate":"https:\/\/hub.ortopedie.md\/?s={search_term_string}"},"query-input":{"@type":"PropertyValueSpecification","valueRequired":true,"valueName":"search_term_string"}}],"inLanguage":"en-US"},{"@type":"Organization","@id":"https:\/\/hub.ortopedie.md\/#organization","name":"HUB ORTOPEDIE","url":"https:\/\/hub.ortopedie.md\/","logo":{"@type":"ImageObject","inLanguage":"en-US","@id":"https:\/\/hub.ortopedie.md\/#\/schema\/logo\/image\/","url":"https:\/\/hub.ortopedie.md\/wp-content\/uploads\/2018\/01\/hub-logo.png","contentUrl":"https:\/\/hub.ortopedie.md\/wp-content\/uploads\/2018\/01\/hub-logo.png","width":124,"height":90,"caption":"HUB ORTOPEDIE"},"image":{"@id":"https:\/\/hub.ortopedie.md\/#\/schema\/logo\/image\/"},"sameAs":["https:\/\/www.facebook.com\/ORTOPEDIE.MD\/","https:\/\/www.instagram.com\/hub_ortopedie\/"]}]},"product_price_amount":"650.00","product_price_currency":"MDL","og_availability":"instock","product_availability":"instock","product_condition":"new"},"jetpack_sharing_enabled":true,"brands":[{"id":273,"name":"REH4MAT","slug":"reh4mat"}],"_links":{"self":[{"href":"https:\/\/hub.ortopedie.md\/en\/wp-json\/wp\/v2\/product\/3778","targetHints":{"allow":["GET"]}}],"collection":[{"href":"https:\/\/hub.ortopedie.md\/en\/wp-json\/wp\/v2\/product"}],"about":[{"href":"https:\/\/hub.ortopedie.md\/en\/wp-json\/wp\/v2\/types\/product"}],"wp:featuredmedia":[{"embeddable":true,"href":"https:\/\/hub.ortopedie.md\/en\/wp-json\/wp\/v2\/media\/3784"}],"wp:attachment":[{"href":"https:\/\/hub.ortopedie.md\/en\/wp-json\/wp\/v2\/media?parent=3778"}],"wp:term":[{"taxonomy":"pwb-brand","embeddable":true,"href":"https:\/\/hub.ortopedie.md\/en\/wp-json\/wp\/v2\/pwb-brand?post=3778"},{"taxonomy":"product_brand","embeddable":true,"href":"https:\/\/hub.ortopedie.md\/en\/wp-json\/wp\/v2\/product_brand?post=3778"},{"taxonomy":"product_cat","embeddable":true,"href":"https:\/\/hub.ortopedie.md\/en\/wp-json\/wp\/v2\/product_cat?post=3778"},{"taxonomy":"product_tag","embeddable":true,"href":"https:\/\/hub.ortopedie.md\/en\/wp-json\/wp\/v2\/product_tag?post=3778"}],"curies":[{"name":"wp","href":"https:\/\/api.w.org\/{rel}","templated":true}]}}