{"id":4071,"date":"2018-08-28T14:29:53","date_gmt":"2018-08-28T14:29:53","guid":{"rendered":"https:\/\/hub.ortopedie.md\/?post_type=product&#038;p=4071"},"modified":"2026-03-12T17:29:18","modified_gmt":"2026-03-12T15:29:18","slug":"botine-antivarus-pentru-copii-din-piele-t-002","status":"publish","type":"product","link":"https:\/\/hub.ortopedie.md\/en\/shop\/botine-antivarus-pentru-copii-din-piele-t-002\/","title":{"rendered":"Botine antivarus pentru copii din piele T-002"},"content":{"rendered":"<p>Pantofi ortopedici medicali pentru b\u0103ie\u021bi \u0219i fete cu deformitate varus a piciorului. Pantofii sunt cu o form\u0103 special\u0103 a t\u0103lpii,\u00a0 cu c\u0103lc\u00e2i \u00eent\u0103rit. Au inclus supinator care la necesitate poate fi deta\u0219at.<\/p>\n<p>Acum nu mai este nevoie s\u0103 c\u0103uta\u021bi \u00eenc\u0103l\u021b\u0103minte \u0219i s\u0103 o purta\u021bi inversat- solu\u021bia este \u00een \u00eenc\u0103l\u021b\u0103minte specializat\u0103<\/p>\n<p>Culori disponibile: albastru, bej, ro\u0219u, roz<\/p>\n<p>M\u0103rimi disponibile: 20-30<\/p>\n","protected":false},"excerpt":{"rendered":"<p>Pantofi ortopedici medicali pentru b\u0103ie\u021bi \u0219i fete cu deformitate varus  [&#8230;]<\/p>\n","protected":false},"featured_media":3908,"template":"","meta":[],"pwb-brand":[210],"product_brand":[],"product_cat":[17,263],"product_tag":[],"class_list":{"0":"post-4071","1":"product","2":"type-product","3":"status-publish","4":"has-post-thumbnail","6":"pwb-brand-protetika","7":"product_cat-incaltaminte-ortopedica","8":"product_cat-incaltaminte-pentru-copii","9":"pa_culoare-albastru","10":"pa_culoare-maro-deschis","11":"pa_culoare-negru","12":"pa_culoare-ros","13":"pa_culoare-roz","15":"first","16":"instock","17":"shipping-taxable","18":"purchasable","19":"product-type-variable","20":"has-default-attributes"},"yoast_head":"<!-- This site is optimized with the Yoast SEO Premium plugin v18.3 (Yoast SEO v27.4) - https:\/\/yoast.com\/product\/yoast-seo-premium-wordpress\/ -->\n<title>Botine antivarus pentru copii din piele T-002 - HUB Ortopedie<\/title>\n<meta name=\"description\" content=\"Pantofi ortopedici medicali pentru b\u0103ie\u021bi \u0219i fete cu deformare varus a t\u0103lpei\u00a0cu o form\u0103 special\u0103 a t\u0103lpii, este echipat\u0103 cu c\u0103lc\u00e2i \u00eent\u0103rit.\" \/>\n<meta name=\"robots\" content=\"index, follow, max-snippet:-1, max-image-preview:large, max-video-preview:-1\" \/>\n<link rel=\"canonical\" href=\"https:\/\/hub.ortopedie.md\/en\/shop\/botine-antivarus-pentru-copii-din-piele-t-002\/\" \/>\n<meta property=\"og:locale\" content=\"en_US\" \/>\n<meta property=\"og:type\" content=\"article\" \/>\n<meta property=\"og:title\" content=\"Botine antivarus pentru copii din piele T-002\" \/>\n<meta property=\"og:description\" content=\"Pantofi ortopedici medicali pentru b\u0103ie\u021bi \u0219i fete cu deformare varus a t\u0103lpei\u00a0cu o form\u0103 special\u0103 a t\u0103lpii, este echipat\u0103 cu c\u0103lc\u00e2i \u00eent\u0103rit.\" \/>\n<meta property=\"og:url\" content=\"https:\/\/hub.ortopedie.md\/shop\/botine-antivarus-pentru-copii-din-piele-t-002\/\" \/>\n<meta property=\"og:site_name\" content=\"Hub Ortopedie - Magazin ortopedic. \u041e\u0440\u0442\u043e\u043f\u0435\u0434\u0438\u0447\u0435\u0441\u043a\u0438\u0439 \u043c\u0430\u0433\u0430\u0437\u0438\u043d\" \/>\n<meta property=\"article:publisher\" content=\"https:\/\/www.facebook.com\/ORTOPEDIE.MD\/\" \/>\n<meta property=\"article:modified_time\" content=\"2026-03-12T15:29:18+00:00\" \/>\n<meta property=\"og:image\" content=\"https:\/\/hub.ortopedie.md\/wp-content\/uploads\/2018\/08\/IMG_0022-\u043a\u043e\u043f\u0438\u044f.jpg\" \/>\n\t<meta property=\"og:image:width\" content=\"1000\" \/>\n\t<meta property=\"og:image:height\" content=\"729\" \/>\n\t<meta property=\"og:image:type\" content=\"image\/jpeg\" \/>\n<meta name=\"twitter:label1\" content=\"Availability\" \/>\n\t<meta name=\"twitter:data1\" content=\"In stock\" \/>\n<script type=\"application\/ld+json\" class=\"yoast-schema-graph\">{\"@context\":\"https:\\\/\\\/schema.org\",\"@graph\":[{\"@type\":\"WebPage\",\"@id\":\"https:\\\/\\\/hub.ortopedie.md\\\/shop\\\/botine-antivarus-pentru-copii-din-piele-t-002\\\/\",\"url\":\"https:\\\/\\\/hub.ortopedie.md\\\/shop\\\/botine-antivarus-pentru-copii-din-piele-t-002\\\/\",\"name\":\"Botine antivarus pentru copii din piele T-002 - HUB Ortopedie\",\"isPartOf\":{\"@id\":\"https:\\\/\\\/hub.ortopedie.md\\\/#website\"},\"primaryImageOfPage\":{\"@id\":\"https:\\\/\\\/hub.ortopedie.md\\\/shop\\\/botine-antivarus-pentru-copii-din-piele-t-002\\\/#primaryimage\"},\"image\":{\"@id\":\"https:\\\/\\\/hub.ortopedie.md\\\/shop\\\/botine-antivarus-pentru-copii-din-piele-t-002\\\/#primaryimage\"},\"thumbnailUrl\":\"https:\\\/\\\/hub.ortopedie.md\\\/wp-content\\\/uploads\\\/2018\\\/08\\\/IMG_0022-\u043a\u043e\u043f\u0438\u044f.jpg\",\"datePublished\":\"2018-08-28T14:29:53+00:00\",\"dateModified\":\"2026-03-12T15:29:18+00:00\",\"description\":\"Pantofi ortopedici medicali pentru b\u0103ie\u021bi \u0219i fete cu deformare varus a t\u0103lpei\u00a0cu o form\u0103 special\u0103 a t\u0103lpii, este echipat\u0103 cu c\u0103lc\u00e2i \u00eent\u0103rit.\",\"breadcrumb\":{\"@id\":\"https:\\\/\\\/hub.ortopedie.md\\\/shop\\\/botine-antivarus-pentru-copii-din-piele-t-002\\\/#breadcrumb\"},\"inLanguage\":\"en-US\",\"potentialAction\":[{\"@type\":\"ReadAction\",\"target\":[\"https:\\\/\\\/hub.ortopedie.md\\\/shop\\\/botine-antivarus-pentru-copii-din-piele-t-002\\\/\"]}]},{\"@type\":\"ImageObject\",\"inLanguage\":\"en-US\",\"@id\":\"https:\\\/\\\/hub.ortopedie.md\\\/shop\\\/botine-antivarus-pentru-copii-din-piele-t-002\\\/#primaryimage\",\"url\":\"https:\\\/\\\/hub.ortopedie.md\\\/wp-content\\\/uploads\\\/2018\\\/08\\\/IMG_0022-\u043a\u043e\u043f\u0438\u044f.jpg\",\"contentUrl\":\"https:\\\/\\\/hub.ortopedie.md\\\/wp-content\\\/uploads\\\/2018\\\/08\\\/IMG_0022-\u043a\u043e\u043f\u0438\u044f.jpg\",\"width\":1000,\"height\":729,\"caption\":\"\u00cenc\u0103l\u021b\u0103minte ortopedic\u0103 pentru copii\"},{\"@type\":\"BreadcrumbList\",\"@id\":\"https:\\\/\\\/hub.ortopedie.md\\\/shop\\\/botine-antivarus-pentru-copii-din-piele-t-002\\\/#breadcrumb\",\"itemListElement\":[{\"@type\":\"ListItem\",\"position\":1,\"name\":\"Prima pagin\u0103\",\"item\":\"https:\\\/\\\/hub.ortopedie.md\\\/en\\\/\"},{\"@type\":\"ListItem\",\"position\":2,\"name\":\"Produse\",\"item\":\"https:\\\/\\\/hub.ortopedie.md\\\/shop\\\/\"},{\"@type\":\"ListItem\",\"position\":3,\"name\":\"Botine antivarus pentru copii din piele T-002\"}]},{\"@type\":\"WebSite\",\"@id\":\"https:\\\/\\\/hub.ortopedie.md\\\/#website\",\"url\":\"https:\\\/\\\/hub.ortopedie.md\\\/\",\"name\":\"Hub Ortopedie - Magazin ortopedic. \u041e\u0440\u0442\u043e\u043f\u0435\u0434\u0438\u0447\u0435\u0441\u043a\u0438\u0439 \u043c\u0430\u0433\u0430\u0437\u0438\u043d\",\"description\":\"S\u0103n\u0103tate, confort, calitate\",\"publisher\":{\"@id\":\"https:\\\/\\\/hub.ortopedie.md\\\/#organization\"},\"potentialAction\":[{\"@type\":\"SearchAction\",\"target\":{\"@type\":\"EntryPoint\",\"urlTemplate\":\"https:\\\/\\\/hub.ortopedie.md\\\/?s={search_term_string}\"},\"query-input\":{\"@type\":\"PropertyValueSpecification\",\"valueRequired\":true,\"valueName\":\"search_term_string\"}}],\"inLanguage\":\"en-US\"},{\"@type\":\"Organization\",\"@id\":\"https:\\\/\\\/hub.ortopedie.md\\\/#organization\",\"name\":\"HUB ORTOPEDIE\",\"url\":\"https:\\\/\\\/hub.ortopedie.md\\\/\",\"logo\":{\"@type\":\"ImageObject\",\"inLanguage\":\"en-US\",\"@id\":\"https:\\\/\\\/hub.ortopedie.md\\\/#\\\/schema\\\/logo\\\/image\\\/\",\"url\":\"https:\\\/\\\/hub.ortopedie.md\\\/wp-content\\\/uploads\\\/2018\\\/01\\\/hub-logo.png\",\"contentUrl\":\"https:\\\/\\\/hub.ortopedie.md\\\/wp-content\\\/uploads\\\/2018\\\/01\\\/hub-logo.png\",\"width\":124,\"height\":90,\"caption\":\"HUB ORTOPEDIE\"},\"image\":{\"@id\":\"https:\\\/\\\/hub.ortopedie.md\\\/#\\\/schema\\\/logo\\\/image\\\/\"},\"sameAs\":[\"https:\\\/\\\/www.facebook.com\\\/ORTOPEDIE.MD\\\/\",\"https:\\\/\\\/www.instagram.com\\\/hub_ortopedie\\\/\"]}]}<\/script>\n<meta property=\"og:availability\" content=\"instock\" \/>\n<meta property=\"product:availability\" content=\"instock\" \/>\n<meta property=\"product:condition\" content=\"new\" \/>\n<!-- \/ Yoast SEO Premium plugin. -->","yoast_head_json":{"title":"Botine antivarus pentru copii din piele T-002 - HUB Ortopedie","description":"Pantofi ortopedici medicali pentru b\u0103ie\u021bi \u0219i fete cu deformare varus a t\u0103lpei\u00a0cu o form\u0103 special\u0103 a t\u0103lpii, este echipat\u0103 cu c\u0103lc\u00e2i \u00eent\u0103rit.","robots":{"index":"index","follow":"follow","max-snippet":"max-snippet:-1","max-image-preview":"max-image-preview:large","max-video-preview":"max-video-preview:-1"},"canonical":"https:\/\/hub.ortopedie.md\/en\/shop\/botine-antivarus-pentru-copii-din-piele-t-002\/","og_locale":"en_US","og_type":"article","og_title":"Botine antivarus pentru copii din piele T-002","og_description":"Pantofi ortopedici medicali pentru b\u0103ie\u021bi \u0219i fete cu deformare varus a t\u0103lpei\u00a0cu o form\u0103 special\u0103 a t\u0103lpii, este echipat\u0103 cu c\u0103lc\u00e2i \u00eent\u0103rit.","og_url":"https:\/\/hub.ortopedie.md\/shop\/botine-antivarus-pentru-copii-din-piele-t-002\/","og_site_name":"Hub Ortopedie - Magazin ortopedic. \u041e\u0440\u0442\u043e\u043f\u0435\u0434\u0438\u0447\u0435\u0441\u043a\u0438\u0439 \u043c\u0430\u0433\u0430\u0437\u0438\u043d","article_publisher":"https:\/\/www.facebook.com\/ORTOPEDIE.MD\/","article_modified_time":"2026-03-12T15:29:18+00:00","og_image":[{"width":1000,"height":729,"url":"https:\/\/hub.ortopedie.md\/wp-content\/uploads\/2018\/08\/IMG_0022-\u043a\u043e\u043f\u0438\u044f.jpg","type":"image\/jpeg"}],"twitter_misc":{"Availability":"In stock"},"schema":{"@context":"https:\/\/schema.org","@graph":[{"@type":"WebPage","@id":"https:\/\/hub.ortopedie.md\/shop\/botine-antivarus-pentru-copii-din-piele-t-002\/","url":"https:\/\/hub.ortopedie.md\/shop\/botine-antivarus-pentru-copii-din-piele-t-002\/","name":"Botine antivarus pentru copii din piele T-002 - HUB Ortopedie","isPartOf":{"@id":"https:\/\/hub.ortopedie.md\/#website"},"primaryImageOfPage":{"@id":"https:\/\/hub.ortopedie.md\/shop\/botine-antivarus-pentru-copii-din-piele-t-002\/#primaryimage"},"image":{"@id":"https:\/\/hub.ortopedie.md\/shop\/botine-antivarus-pentru-copii-din-piele-t-002\/#primaryimage"},"thumbnailUrl":"https:\/\/hub.ortopedie.md\/wp-content\/uploads\/2018\/08\/IMG_0022-\u043a\u043e\u043f\u0438\u044f.jpg","datePublished":"2018-08-28T14:29:53+00:00","dateModified":"2026-03-12T15:29:18+00:00","description":"Pantofi ortopedici medicali pentru b\u0103ie\u021bi \u0219i fete cu deformare varus a t\u0103lpei\u00a0cu o form\u0103 special\u0103 a t\u0103lpii, este echipat\u0103 cu c\u0103lc\u00e2i \u00eent\u0103rit.","breadcrumb":{"@id":"https:\/\/hub.ortopedie.md\/shop\/botine-antivarus-pentru-copii-din-piele-t-002\/#breadcrumb"},"inLanguage":"en-US","potentialAction":[{"@type":"ReadAction","target":["https:\/\/hub.ortopedie.md\/shop\/botine-antivarus-pentru-copii-din-piele-t-002\/"]}]},{"@type":"ImageObject","inLanguage":"en-US","@id":"https:\/\/hub.ortopedie.md\/shop\/botine-antivarus-pentru-copii-din-piele-t-002\/#primaryimage","url":"https:\/\/hub.ortopedie.md\/wp-content\/uploads\/2018\/08\/IMG_0022-\u043a\u043e\u043f\u0438\u044f.jpg","contentUrl":"https:\/\/hub.ortopedie.md\/wp-content\/uploads\/2018\/08\/IMG_0022-\u043a\u043e\u043f\u0438\u044f.jpg","width":1000,"height":729,"caption":"\u00cenc\u0103l\u021b\u0103minte ortopedic\u0103 pentru copii"},{"@type":"BreadcrumbList","@id":"https:\/\/hub.ortopedie.md\/shop\/botine-antivarus-pentru-copii-din-piele-t-002\/#breadcrumb","itemListElement":[{"@type":"ListItem","position":1,"name":"Prima pagin\u0103","item":"https:\/\/hub.ortopedie.md\/en\/"},{"@type":"ListItem","position":2,"name":"Produse","item":"https:\/\/hub.ortopedie.md\/shop\/"},{"@type":"ListItem","position":3,"name":"Botine antivarus pentru copii din piele T-002"}]},{"@type":"WebSite","@id":"https:\/\/hub.ortopedie.md\/#website","url":"https:\/\/hub.ortopedie.md\/","name":"Hub Ortopedie - Magazin ortopedic. \u041e\u0440\u0442\u043e\u043f\u0435\u0434\u0438\u0447\u0435\u0441\u043a\u0438\u0439 \u043c\u0430\u0433\u0430\u0437\u0438\u043d","description":"S\u0103n\u0103tate, confort, calitate","publisher":{"@id":"https:\/\/hub.ortopedie.md\/#organization"},"potentialAction":[{"@type":"SearchAction","target":{"@type":"EntryPoint","urlTemplate":"https:\/\/hub.ortopedie.md\/?s={search_term_string}"},"query-input":{"@type":"PropertyValueSpecification","valueRequired":true,"valueName":"search_term_string"}}],"inLanguage":"en-US"},{"@type":"Organization","@id":"https:\/\/hub.ortopedie.md\/#organization","name":"HUB ORTOPEDIE","url":"https:\/\/hub.ortopedie.md\/","logo":{"@type":"ImageObject","inLanguage":"en-US","@id":"https:\/\/hub.ortopedie.md\/#\/schema\/logo\/image\/","url":"https:\/\/hub.ortopedie.md\/wp-content\/uploads\/2018\/01\/hub-logo.png","contentUrl":"https:\/\/hub.ortopedie.md\/wp-content\/uploads\/2018\/01\/hub-logo.png","width":124,"height":90,"caption":"HUB ORTOPEDIE"},"image":{"@id":"https:\/\/hub.ortopedie.md\/#\/schema\/logo\/image\/"},"sameAs":["https:\/\/www.facebook.com\/ORTOPEDIE.MD\/","https:\/\/www.instagram.com\/hub_ortopedie\/"]}]},"og_availability":"instock","product_availability":"instock","product_condition":"new"},"jetpack_sharing_enabled":true,"brands":[{"id":210,"name":"Protetika","slug":"protetika"}],"_links":{"self":[{"href":"https:\/\/hub.ortopedie.md\/en\/wp-json\/wp\/v2\/product\/4071","targetHints":{"allow":["GET"]}}],"collection":[{"href":"https:\/\/hub.ortopedie.md\/en\/wp-json\/wp\/v2\/product"}],"about":[{"href":"https:\/\/hub.ortopedie.md\/en\/wp-json\/wp\/v2\/types\/product"}],"wp:featuredmedia":[{"embeddable":true,"href":"https:\/\/hub.ortopedie.md\/en\/wp-json\/wp\/v2\/media\/3908"}],"wp:attachment":[{"href":"https:\/\/hub.ortopedie.md\/en\/wp-json\/wp\/v2\/media?parent=4071"}],"wp:term":[{"taxonomy":"pwb-brand","embeddable":true,"href":"https:\/\/hub.ortopedie.md\/en\/wp-json\/wp\/v2\/pwb-brand?post=4071"},{"taxonomy":"product_brand","embeddable":true,"href":"https:\/\/hub.ortopedie.md\/en\/wp-json\/wp\/v2\/product_brand?post=4071"},{"taxonomy":"product_cat","embeddable":true,"href":"https:\/\/hub.ortopedie.md\/en\/wp-json\/wp\/v2\/product_cat?post=4071"},{"taxonomy":"product_tag","embeddable":true,"href":"https:\/\/hub.ortopedie.md\/en\/wp-json\/wp\/v2\/product_tag?post=4071"}],"curies":[{"name":"wp","href":"https:\/\/api.w.org\/{rel}","templated":true}]}}