{"id":6240,"date":"2018-11-11T12:17:32","date_gmt":"2018-11-11T12:17:32","guid":{"rendered":"https:\/\/hub.ortopedie.md\/?post_type=product&#038;p=6240"},"modified":"2026-03-12T17:30:18","modified_gmt":"2026-03-12T15:30:18","slug":"botine-de-toamna-pentru-copii-din-piele","status":"publish","type":"product","link":"https:\/\/hub.ortopedie.md\/en\/shop\/botine-de-toamna-pentru-copii-din-piele\/","title":{"rendered":"Botine ortopedice de toamn\u0103 pentru copii din piele"},"content":{"rendered":"<p>Botine de toamn\u0103 pentru copii din piele. Papuceii sunt realiza\u021bi din piele at\u00e2t \u00een interior c\u00e2t \u0219i \u00een exterior, \u00eenal\u021bi cu fixarea gleznei. Este inclus supinator fiziologic corect. Partea din spate (car\u00eembul) \u0219i bilateral sunt \u00eent\u0103ri\u021bi pentru a men\u021bine piciorul (s\u0103 nu devieze \u00een interior) . Cu ace\u0219ti papucei nu este nevoie de produse suplimentare (t\u0103lpi\u021be de corec\u021bie)- ei au totul inclus. Durabilitatea produsului este mare, practic nu se deformeaz\u0103.<\/p>\n<p>Potrivi\u021bi pentru picior plat sau plato-valg<\/p>\n<p>Culori disponibile: Albastru, Maro, Ro\u0219u<\/p>\n<p>M\u0103rimi disponibile: 20-35<\/p>\n","protected":false},"excerpt":{"rendered":"<p>Botine de toamn\u0103 pentru copii din piele. Papuceii sunt realiza\u021bi  [&#8230;]<\/p>\n","protected":false},"featured_media":6245,"template":"","meta":[],"pwb-brand":[210],"product_brand":[],"product_cat":[263],"product_tag":[],"class_list":{"0":"post-6240","1":"product","2":"type-product","3":"status-publish","4":"has-post-thumbnail","6":"pwb-brand-protetika","7":"product_cat-incaltaminte-pentru-copii","8":"pa_culoare-albastru","9":"pa_culoare-maro-deschis","10":"pa_culoare-ros","12":"first","13":"instock","14":"shipping-taxable","15":"purchasable","16":"product-type-variable"},"yoast_head":"<!-- This site is optimized with the Yoast SEO Premium plugin v18.3 (Yoast SEO v27.4) - https:\/\/yoast.com\/product\/yoast-seo-premium-wordpress\/ -->\n<title>Botine ortopedice de toamn\u0103 pentru copii din piele \u00een Moldova - HUB Ortopedie<\/title>\n<meta name=\"description\" content=\"Botine de toamn\u0103 pentru copii din piele natural\u0103 vezi pre\u021bul la noi pe site sau suna 068 225 522 mai multe modele le vede\u021bi \u00een magazin Str. M. Varlaam 69, Chi\u0219in\u0103u\" \/>\n<meta name=\"robots\" content=\"index, follow, max-snippet:-1, max-image-preview:large, max-video-preview:-1\" \/>\n<link rel=\"canonical\" href=\"https:\/\/hub.ortopedie.md\/en\/shop\/botine-de-toamna-pentru-copii-din-piele\/\" \/>\n<meta property=\"og:locale\" content=\"en_US\" \/>\n<meta property=\"og:type\" content=\"article\" \/>\n<meta property=\"og:title\" content=\"Botine ortopedice de toamn\u0103 pentru copii din piele\" \/>\n<meta property=\"og:description\" content=\"Botine de toamn\u0103 pentru copii din piele natural\u0103 vezi pre\u021bul la noi pe site sau suna 068 225 522 mai multe modele le vede\u021bi \u00een magazin Str. M. Varlaam 69, Chi\u0219in\u0103u\" \/>\n<meta property=\"og:url\" content=\"https:\/\/hub.ortopedie.md\/shop\/botine-de-toamna-pentru-copii-din-piele\/\" \/>\n<meta property=\"og:site_name\" content=\"Hub Ortopedie - Magazin ortopedic. \u041e\u0440\u0442\u043e\u043f\u0435\u0434\u0438\u0447\u0435\u0441\u043a\u0438\u0439 \u043c\u0430\u0433\u0430\u0437\u0438\u043d\" \/>\n<meta property=\"article:publisher\" content=\"https:\/\/www.facebook.com\/ORTOPEDIE.MD\/\" \/>\n<meta property=\"article:modified_time\" content=\"2026-03-12T15:30:18+00:00\" \/>\n<meta property=\"og:image\" content=\"https:\/\/hub.ortopedie.md\/wp-content\/uploads\/2018\/11\/IMG_0101-kopija.jpg\" \/>\n\t<meta property=\"og:image:width\" content=\"1000\" \/>\n\t<meta property=\"og:image:height\" content=\"834\" \/>\n\t<meta property=\"og:image:type\" content=\"image\/jpeg\" \/>\n<meta name=\"twitter:label1\" content=\"Availability\" \/>\n\t<meta name=\"twitter:data1\" content=\"In stock\" \/>\n<script type=\"application\/ld+json\" class=\"yoast-schema-graph\">{\"@context\":\"https:\\\/\\\/schema.org\",\"@graph\":[{\"@type\":\"WebPage\",\"@id\":\"https:\\\/\\\/hub.ortopedie.md\\\/shop\\\/botine-de-toamna-pentru-copii-din-piele\\\/\",\"url\":\"https:\\\/\\\/hub.ortopedie.md\\\/shop\\\/botine-de-toamna-pentru-copii-din-piele\\\/\",\"name\":\"Botine ortopedice de toamn\u0103 pentru copii din piele \u00een Moldova - HUB Ortopedie\",\"isPartOf\":{\"@id\":\"https:\\\/\\\/hub.ortopedie.md\\\/#website\"},\"primaryImageOfPage\":{\"@id\":\"https:\\\/\\\/hub.ortopedie.md\\\/shop\\\/botine-de-toamna-pentru-copii-din-piele\\\/#primaryimage\"},\"image\":{\"@id\":\"https:\\\/\\\/hub.ortopedie.md\\\/shop\\\/botine-de-toamna-pentru-copii-din-piele\\\/#primaryimage\"},\"thumbnailUrl\":\"https:\\\/\\\/hub.ortopedie.md\\\/wp-content\\\/uploads\\\/2018\\\/11\\\/IMG_0101-kopija.jpg\",\"datePublished\":\"2018-11-11T12:17:32+00:00\",\"dateModified\":\"2026-03-12T15:30:18+00:00\",\"description\":\"Botine de toamn\u0103 pentru copii din piele natural\u0103 vezi pre\u021bul la noi pe site sau suna 068 225 522 mai multe modele le vede\u021bi \u00een magazin Str. M. Varlaam 69, Chi\u0219in\u0103u\",\"breadcrumb\":{\"@id\":\"https:\\\/\\\/hub.ortopedie.md\\\/shop\\\/botine-de-toamna-pentru-copii-din-piele\\\/#breadcrumb\"},\"inLanguage\":\"en-US\",\"potentialAction\":[{\"@type\":\"ReadAction\",\"target\":[\"https:\\\/\\\/hub.ortopedie.md\\\/shop\\\/botine-de-toamna-pentru-copii-din-piele\\\/\"]}]},{\"@type\":\"ImageObject\",\"inLanguage\":\"en-US\",\"@id\":\"https:\\\/\\\/hub.ortopedie.md\\\/shop\\\/botine-de-toamna-pentru-copii-din-piele\\\/#primaryimage\",\"url\":\"https:\\\/\\\/hub.ortopedie.md\\\/wp-content\\\/uploads\\\/2018\\\/11\\\/IMG_0101-kopija.jpg\",\"contentUrl\":\"https:\\\/\\\/hub.ortopedie.md\\\/wp-content\\\/uploads\\\/2018\\\/11\\\/IMG_0101-kopija.jpg\",\"width\":1000,\"height\":834},{\"@type\":\"BreadcrumbList\",\"@id\":\"https:\\\/\\\/hub.ortopedie.md\\\/shop\\\/botine-de-toamna-pentru-copii-din-piele\\\/#breadcrumb\",\"itemListElement\":[{\"@type\":\"ListItem\",\"position\":1,\"name\":\"Prima pagin\u0103\",\"item\":\"https:\\\/\\\/hub.ortopedie.md\\\/en\\\/\"},{\"@type\":\"ListItem\",\"position\":2,\"name\":\"Produse\",\"item\":\"https:\\\/\\\/hub.ortopedie.md\\\/shop\\\/\"},{\"@type\":\"ListItem\",\"position\":3,\"name\":\"Botine ortopedice de toamn\u0103 pentru copii din piele\"}]},{\"@type\":\"WebSite\",\"@id\":\"https:\\\/\\\/hub.ortopedie.md\\\/#website\",\"url\":\"https:\\\/\\\/hub.ortopedie.md\\\/\",\"name\":\"Hub Ortopedie - Magazin ortopedic. \u041e\u0440\u0442\u043e\u043f\u0435\u0434\u0438\u0447\u0435\u0441\u043a\u0438\u0439 \u043c\u0430\u0433\u0430\u0437\u0438\u043d\",\"description\":\"S\u0103n\u0103tate, confort, calitate\",\"publisher\":{\"@id\":\"https:\\\/\\\/hub.ortopedie.md\\\/#organization\"},\"potentialAction\":[{\"@type\":\"SearchAction\",\"target\":{\"@type\":\"EntryPoint\",\"urlTemplate\":\"https:\\\/\\\/hub.ortopedie.md\\\/?s={search_term_string}\"},\"query-input\":{\"@type\":\"PropertyValueSpecification\",\"valueRequired\":true,\"valueName\":\"search_term_string\"}}],\"inLanguage\":\"en-US\"},{\"@type\":\"Organization\",\"@id\":\"https:\\\/\\\/hub.ortopedie.md\\\/#organization\",\"name\":\"HUB ORTOPEDIE\",\"url\":\"https:\\\/\\\/hub.ortopedie.md\\\/\",\"logo\":{\"@type\":\"ImageObject\",\"inLanguage\":\"en-US\",\"@id\":\"https:\\\/\\\/hub.ortopedie.md\\\/#\\\/schema\\\/logo\\\/image\\\/\",\"url\":\"https:\\\/\\\/hub.ortopedie.md\\\/wp-content\\\/uploads\\\/2018\\\/01\\\/hub-logo.png\",\"contentUrl\":\"https:\\\/\\\/hub.ortopedie.md\\\/wp-content\\\/uploads\\\/2018\\\/01\\\/hub-logo.png\",\"width\":124,\"height\":90,\"caption\":\"HUB ORTOPEDIE\"},\"image\":{\"@id\":\"https:\\\/\\\/hub.ortopedie.md\\\/#\\\/schema\\\/logo\\\/image\\\/\"},\"sameAs\":[\"https:\\\/\\\/www.facebook.com\\\/ORTOPEDIE.MD\\\/\",\"https:\\\/\\\/www.instagram.com\\\/hub_ortopedie\\\/\"]}]}<\/script>\n<meta property=\"og:availability\" content=\"instock\" \/>\n<meta property=\"product:availability\" content=\"instock\" \/>\n<meta property=\"product:condition\" content=\"new\" \/>\n<!-- \/ Yoast SEO Premium plugin. -->","yoast_head_json":{"title":"Botine ortopedice de toamn\u0103 pentru copii din piele \u00een Moldova - HUB Ortopedie","description":"Botine de toamn\u0103 pentru copii din piele natural\u0103 vezi pre\u021bul la noi pe site sau suna 068 225 522 mai multe modele le vede\u021bi \u00een magazin Str. M. Varlaam 69, Chi\u0219in\u0103u","robots":{"index":"index","follow":"follow","max-snippet":"max-snippet:-1","max-image-preview":"max-image-preview:large","max-video-preview":"max-video-preview:-1"},"canonical":"https:\/\/hub.ortopedie.md\/en\/shop\/botine-de-toamna-pentru-copii-din-piele\/","og_locale":"en_US","og_type":"article","og_title":"Botine ortopedice de toamn\u0103 pentru copii din piele","og_description":"Botine de toamn\u0103 pentru copii din piele natural\u0103 vezi pre\u021bul la noi pe site sau suna 068 225 522 mai multe modele le vede\u021bi \u00een magazin Str. M. Varlaam 69, Chi\u0219in\u0103u","og_url":"https:\/\/hub.ortopedie.md\/shop\/botine-de-toamna-pentru-copii-din-piele\/","og_site_name":"Hub Ortopedie - Magazin ortopedic. \u041e\u0440\u0442\u043e\u043f\u0435\u0434\u0438\u0447\u0435\u0441\u043a\u0438\u0439 \u043c\u0430\u0433\u0430\u0437\u0438\u043d","article_publisher":"https:\/\/www.facebook.com\/ORTOPEDIE.MD\/","article_modified_time":"2026-03-12T15:30:18+00:00","og_image":[{"width":1000,"height":834,"url":"https:\/\/hub.ortopedie.md\/wp-content\/uploads\/2018\/11\/IMG_0101-kopija.jpg","type":"image\/jpeg"}],"twitter_misc":{"Availability":"In stock"},"schema":{"@context":"https:\/\/schema.org","@graph":[{"@type":"WebPage","@id":"https:\/\/hub.ortopedie.md\/shop\/botine-de-toamna-pentru-copii-din-piele\/","url":"https:\/\/hub.ortopedie.md\/shop\/botine-de-toamna-pentru-copii-din-piele\/","name":"Botine ortopedice de toamn\u0103 pentru copii din piele \u00een Moldova - HUB Ortopedie","isPartOf":{"@id":"https:\/\/hub.ortopedie.md\/#website"},"primaryImageOfPage":{"@id":"https:\/\/hub.ortopedie.md\/shop\/botine-de-toamna-pentru-copii-din-piele\/#primaryimage"},"image":{"@id":"https:\/\/hub.ortopedie.md\/shop\/botine-de-toamna-pentru-copii-din-piele\/#primaryimage"},"thumbnailUrl":"https:\/\/hub.ortopedie.md\/wp-content\/uploads\/2018\/11\/IMG_0101-kopija.jpg","datePublished":"2018-11-11T12:17:32+00:00","dateModified":"2026-03-12T15:30:18+00:00","description":"Botine de toamn\u0103 pentru copii din piele natural\u0103 vezi pre\u021bul la noi pe site sau suna 068 225 522 mai multe modele le vede\u021bi \u00een magazin Str. M. Varlaam 69, Chi\u0219in\u0103u","breadcrumb":{"@id":"https:\/\/hub.ortopedie.md\/shop\/botine-de-toamna-pentru-copii-din-piele\/#breadcrumb"},"inLanguage":"en-US","potentialAction":[{"@type":"ReadAction","target":["https:\/\/hub.ortopedie.md\/shop\/botine-de-toamna-pentru-copii-din-piele\/"]}]},{"@type":"ImageObject","inLanguage":"en-US","@id":"https:\/\/hub.ortopedie.md\/shop\/botine-de-toamna-pentru-copii-din-piele\/#primaryimage","url":"https:\/\/hub.ortopedie.md\/wp-content\/uploads\/2018\/11\/IMG_0101-kopija.jpg","contentUrl":"https:\/\/hub.ortopedie.md\/wp-content\/uploads\/2018\/11\/IMG_0101-kopija.jpg","width":1000,"height":834},{"@type":"BreadcrumbList","@id":"https:\/\/hub.ortopedie.md\/shop\/botine-de-toamna-pentru-copii-din-piele\/#breadcrumb","itemListElement":[{"@type":"ListItem","position":1,"name":"Prima pagin\u0103","item":"https:\/\/hub.ortopedie.md\/en\/"},{"@type":"ListItem","position":2,"name":"Produse","item":"https:\/\/hub.ortopedie.md\/shop\/"},{"@type":"ListItem","position":3,"name":"Botine ortopedice de toamn\u0103 pentru copii din piele"}]},{"@type":"WebSite","@id":"https:\/\/hub.ortopedie.md\/#website","url":"https:\/\/hub.ortopedie.md\/","name":"Hub Ortopedie - Magazin ortopedic. \u041e\u0440\u0442\u043e\u043f\u0435\u0434\u0438\u0447\u0435\u0441\u043a\u0438\u0439 \u043c\u0430\u0433\u0430\u0437\u0438\u043d","description":"S\u0103n\u0103tate, confort, calitate","publisher":{"@id":"https:\/\/hub.ortopedie.md\/#organization"},"potentialAction":[{"@type":"SearchAction","target":{"@type":"EntryPoint","urlTemplate":"https:\/\/hub.ortopedie.md\/?s={search_term_string}"},"query-input":{"@type":"PropertyValueSpecification","valueRequired":true,"valueName":"search_term_string"}}],"inLanguage":"en-US"},{"@type":"Organization","@id":"https:\/\/hub.ortopedie.md\/#organization","name":"HUB ORTOPEDIE","url":"https:\/\/hub.ortopedie.md\/","logo":{"@type":"ImageObject","inLanguage":"en-US","@id":"https:\/\/hub.ortopedie.md\/#\/schema\/logo\/image\/","url":"https:\/\/hub.ortopedie.md\/wp-content\/uploads\/2018\/01\/hub-logo.png","contentUrl":"https:\/\/hub.ortopedie.md\/wp-content\/uploads\/2018\/01\/hub-logo.png","width":124,"height":90,"caption":"HUB ORTOPEDIE"},"image":{"@id":"https:\/\/hub.ortopedie.md\/#\/schema\/logo\/image\/"},"sameAs":["https:\/\/www.facebook.com\/ORTOPEDIE.MD\/","https:\/\/www.instagram.com\/hub_ortopedie\/"]}]},"og_availability":"instock","product_availability":"instock","product_condition":"new"},"jetpack_sharing_enabled":true,"brands":[{"id":210,"name":"Protetika","slug":"protetika"}],"_links":{"self":[{"href":"https:\/\/hub.ortopedie.md\/en\/wp-json\/wp\/v2\/product\/6240","targetHints":{"allow":["GET"]}}],"collection":[{"href":"https:\/\/hub.ortopedie.md\/en\/wp-json\/wp\/v2\/product"}],"about":[{"href":"https:\/\/hub.ortopedie.md\/en\/wp-json\/wp\/v2\/types\/product"}],"wp:featuredmedia":[{"embeddable":true,"href":"https:\/\/hub.ortopedie.md\/en\/wp-json\/wp\/v2\/media\/6245"}],"wp:attachment":[{"href":"https:\/\/hub.ortopedie.md\/en\/wp-json\/wp\/v2\/media?parent=6240"}],"wp:term":[{"taxonomy":"pwb-brand","embeddable":true,"href":"https:\/\/hub.ortopedie.md\/en\/wp-json\/wp\/v2\/pwb-brand?post=6240"},{"taxonomy":"product_brand","embeddable":true,"href":"https:\/\/hub.ortopedie.md\/en\/wp-json\/wp\/v2\/product_brand?post=6240"},{"taxonomy":"product_cat","embeddable":true,"href":"https:\/\/hub.ortopedie.md\/en\/wp-json\/wp\/v2\/product_cat?post=6240"},{"taxonomy":"product_tag","embeddable":true,"href":"https:\/\/hub.ortopedie.md\/en\/wp-json\/wp\/v2\/product_tag?post=6240"}],"curies":[{"name":"wp","href":"https:\/\/api.w.org\/{rel}","templated":true}]}}